{"id":7117,"date":"2024-02-03T23:46:25","date_gmt":"2024-02-03T22:46:25","guid":{"rendered":"https:\/\/genetika-plzen.nullable.group\/?page_id=7117"},"modified":"2024-04-24T00:14:36","modified_gmt":"2024-04-23T22:14:36","slug":"screening-v-tehotenstvi","status":"publish","type":"page","link":"https:\/\/genetika-plzen.nullable.group\/de\/geneticka-ambulance\/screening-v-tehotenstvi\/","title":{"rendered":"Screeninguntersuchungen"},"content":{"rendered":"<div data-elementor-type=\"wp-page\" data-elementor-id=\"7117\" class=\"elementor elementor-7117\">\n\t\t\t\t<div class=\"elementor-element elementor-element-d967653 e-flex e-con-boxed e-con e-parent\" data-id=\"d967653\" data-element_type=\"container\" data-e-type=\"container\">\n\t\t\t\t\t<div class=\"e-con-inner\">\n\t\t\t\t<div class=\"elementor-element elementor-element-b75b219 elementor-widget elementor-widget-heading\" data-id=\"b75b219\" data-element_type=\"widget\" data-e-type=\"widget\" data-widget_type=\"heading.default\">\n\t\t\t\t<div class=\"elementor-widget-container\">\n\t\t\t\t\t<h2 class=\"elementor-heading-title elementor-size-default\"><main><div class=\"limited\"><section><h2><h2>I. Trimester<\/h2><\/h2><\/section><\/div><\/main><\/h2>\t\t\t\t<\/div>\n\t\t\t\t<\/div>\n\t\t\t\t\t<\/div>\n\t\t\t\t<\/div>\n\t\t<div class=\"elementor-element elementor-element-f1fe853 e-flex e-con-boxed e-con e-parent\" data-id=\"f1fe853\" data-element_type=\"container\" data-e-type=\"container\">\n\t\t\t\t\t<div class=\"e-con-inner\">\n\t\t\t\t<div class=\"elementor-element elementor-element-058d29b elementor-widget elementor-widget-text-editor\" data-id=\"058d29b\" data-element_type=\"widget\" data-e-type=\"widget\" data-widget_type=\"text-editor.default\">\n\t\t\t\t<div class=\"elementor-widget-container\">\n\t\t\t\t\t\t\t\t\tDas Screening im ersten Trimester wird im Alter des F\u00f6tus von 11 Wochen + 3 Tage bis 13 Wochen + 6 Tage durchgef\u00fchrt, wenn die Gr\u00f6\u00dfe des F\u00f6tus vom Scheitel bis zum Stei\u00dfbein (CRL) 45-84 mm betr\u00e4gt. In dieser Phase der Schwangerschaft k\u00f6nnen wir bereits einige angeborene Organfehlbildungen diagnostizieren und die sogenannten Ultraschallmarker f\u00fcr fetale Erkrankungen bewerten. Ein wichtiges Merkmal ist die Fl\u00fcssigkeitsansammlung im Nackenbereich (Nackentransparenz \u2013 NT). Eine deutliche Vergr\u00f6\u00dferung der NT kann auf das Risiko einer angeborenen Fehlbildung hinweisen. Es ist wichtig, auch andere Anzeichen zu bewerten, wie das Vorhandensein des Nasenbeins (NB), Trikuspidalregurgitation, Ductus venosus. Teil dieser Untersuchung ist auch die Blutabnahme der Mutter, bei der der Spiegel von Plazentahormonen und Proteinen, PAPP-A und freies \u03b2hCG, bestimmt wird. Auf der Grundlage dieser Untersuchungen wird das kombinierte Risiko einer chromosomalen Fehlbildung f\u00fcr den F\u00f6tus, insbesondere des Down-, Edwards- und Patau-Syndroms, ermittelt.\t\t\t\t\t\t\t\t<\/div>\n\t\t\t\t<\/div>\n\t\t\t\t<div class=\"elementor-element elementor-element-f368657 elementor-widget elementor-widget-text-editor\" data-id=\"f368657\" data-element_type=\"widget\" data-e-type=\"widget\" data-widget_type=\"text-editor.default\">\n\t\t\t\t<div class=\"elementor-widget-container\">\n\t\t\t\t\t\t\t\t\tDAS ERGEBNIS DES SCREENINGS BEKOMMEN SIE BEI UNS NOCH AM SELBEN TAG.\t\t\t\t\t\t\t\t<\/div>\n\t\t\t\t<\/div>\n\t\t\t\t<div class=\"elementor-element elementor-element-6fd0592 elementor-widget elementor-widget-text-editor\" data-id=\"6fd0592\" data-element_type=\"widget\" data-e-type=\"widget\" data-widget_type=\"text-editor.default\">\n\t\t\t\t<div class=\"elementor-widget-container\">\n\t\t\t\t\t\t\t\t\t<table><tbody><tr><td>Kombiniertes Screening im ersten Trimester einschlie\u00dflich Pr\u00e4eklampsie \u2013 genetische Risikobewertung \u2013 Einlingsschwangerschaft<\/td>\n\t\t\t\t\t\t<td style=\"text-align:right\">2&nbsp;000&nbsp;K\u010d<\/td>\n\t\t\t\t\t<\/tr>\n\t\t\t\t\t<tr>\n\t\t\t\t\t\t<td>Kombiniertes Screening im ersten Trimester einschlie\u00dflich Pr\u00e4eklampsie \u2013 genetische Risikobewertung \u2013 Zwillinge<\/td>\n\t\t\t\t\t\t<td style=\"text-align:right\">3&nbsp;000&nbsp;K\u010d<\/td><\/tr><\/tbody><\/table>\t\t\t\t\t\t\t\t<\/div>\n\t\t\t\t<\/div>\n\t\t\t\t<div class=\"elementor-element elementor-element-6f56c81 elementor-widget elementor-widget-image\" data-id=\"6f56c81\" data-element_type=\"widget\" data-e-type=\"widget\" data-widget_type=\"image.default\">\n\t\t\t\t<div class=\"elementor-widget-container\">\n\t\t\t\t\t\t\t\t\t\t\t\t\t\t\t<img fetchpriority=\"high\" decoding=\"async\" width=\"500\" height=\"500\" src=\"https:\/\/genetika-plzen.nullable.group\/wp-content\/uploads\/2024\/02\/thumb_3000x3000_screening-v-tehotenstvi.jpg\" class=\"attachment-large size-large wp-image-7053\" alt=\"\" srcset=\"https:\/\/genetika-plzen.nullable.group\/wp-content\/uploads\/2024\/02\/thumb_3000x3000_screening-v-tehotenstvi.jpg 500w, https:\/\/genetika-plzen.nullable.group\/wp-content\/uploads\/2024\/02\/thumb_3000x3000_screening-v-tehotenstvi-300x300.jpg 300w, https:\/\/genetika-plzen.nullable.group\/wp-content\/uploads\/2024\/02\/thumb_3000x3000_screening-v-tehotenstvi-150x150.jpg 150w\" sizes=\"(max-width: 500px) 100vw, 500px\" \/>\t\t\t\t\t\t\t\t\t\t\t\t\t\t\t<\/div>\n\t\t\t\t<\/div>\n\t\t\t\t\t<\/div>\n\t\t\t\t<\/div>\n\t\t<div class=\"elementor-element elementor-element-32aae05 e-flex e-con-boxed e-con e-parent\" data-id=\"32aae05\" data-element_type=\"container\" data-e-type=\"container\">\n\t\t\t\t\t<div class=\"e-con-inner\">\n\t\t\t\t<div class=\"elementor-element elementor-element-cde9722 elementor-widget elementor-widget-heading\" data-id=\"cde9722\" data-element_type=\"widget\" data-e-type=\"widget\" data-widget_type=\"heading.default\">\n\t\t\t\t<div class=\"elementor-widget-container\">\n\t\t\t\t\t<h4 class=\"elementor-heading-title elementor-size-default\">Screening auf Pr\u00e4eklampsie<\/h4>\t\t\t\t<\/div>\n\t\t\t\t<\/div>\n\t\t\t\t\t<\/div>\n\t\t\t\t<\/div>\n\t\t<div class=\"elementor-element elementor-element-22eb971 e-flex e-con-boxed e-con e-parent\" data-id=\"22eb971\" data-element_type=\"container\" data-e-type=\"container\">\n\t\t\t\t\t<div class=\"e-con-inner\">\n\t\t\t\t<div class=\"elementor-element elementor-element-4e15e5a elementor-widget elementor-widget-text-editor\" data-id=\"4e15e5a\" data-element_type=\"widget\" data-e-type=\"widget\" data-widget_type=\"text-editor.default\">\n\t\t\t\t<div class=\"elementor-widget-container\">\n\t\t\t\t\t\t\t\t\tPr\u00e4eklampsie ist eine Erkrankung, die nur w\u00e4hrend der Schwangerschaft auftritt und sich durch drei Symptome \u00e4u\u00dfert: einen Anstieg des Blutdrucks, gro\u00dfe Proteinverluste im Urin und allgemeine Schwellungen. Diese Krankheit manifestiert sich nach der 20. Schwangerschaftswoche und kann in schwersten F\u00e4llen sogar zur Einleitung einer Fr\u00fchgeburt oder zur Beendigung der Schwangerschaft durch einen Kaiserschnitt f\u00fchren, was f\u00fcr Neugeborene mit schwerwiegenden Komplikationen verbunden sein kann. Leider k\u00f6nnen auch die Gesundheit und das Leben der werdenden Mutter gef\u00e4hrdet sein. Der Test zur Bestimmung des Pr\u00e4eklampsierisikos wird parallel zum kombinierten Screening im I. Trimester durchgef\u00fchrt und hat eine Aufdeckungsquote von bis zu 90 %. Die Durchf\u00fchrung dieses Tests ist f\u00fcr alle Schwangeren geeignet.\n\n<p>Der Test besteht aus 3 Teilen:<\/p>\n\n<ul><li>Ultraschalluntersuchung des Blutflusses in den Geb\u00e4rmutterarterien durch einen zertifizierten Ultraschalldiagnostiker (Zertifikat der FETAL MEDICINE FOUNDATION London)<\/li><li>Wiederholte Messung des Blutdrucks an beiden oberen Gliedma\u00dfen nach einem genau festgelegten Verfahren<\/li><li>Blutentnahme bei der Schwangeren \u2013 Bestimmung des Spiegels des Plazenta-Wachstumsfaktors (PLGF)<\/li><\/ul>\n\n<p>Bei einem erh\u00f6hten Pr\u00e4eklampsierisiko wird der Schwangeren eine vorbeugende Behandlung empfohlen, die sowohl die Eintrittswahrscheinlichkeit als auch die Schwere der m\u00f6glichen Erkrankung deutlich verringert.<\/p>\t\t\t\t\t\t\t\t<\/div>\n\t\t\t\t<\/div>\n\t\t\t\t<div class=\"elementor-element elementor-element-dfc3ccd elementor-widget elementor-widget-image\" data-id=\"dfc3ccd\" data-element_type=\"widget\" data-e-type=\"widget\" data-widget_type=\"image.default\">\n\t\t\t\t<div class=\"elementor-widget-container\">\n\t\t\t\t\t\t\t\t\t\t\t\t\t\t\t<img decoding=\"async\" width=\"327\" height=\"238\" src=\"https:\/\/genetika-plzen.nullable.group\/wp-content\/uploads\/2024\/02\/obr.jpg\" class=\"attachment-large size-large wp-image-7119\" alt=\"\" srcset=\"https:\/\/genetika-plzen.nullable.group\/wp-content\/uploads\/2024\/02\/obr.jpg 327w, https:\/\/genetika-plzen.nullable.group\/wp-content\/uploads\/2024\/02\/obr-300x218.jpg 300w\" sizes=\"(max-width: 327px) 100vw, 327px\" \/>\t\t\t\t\t\t\t\t\t\t\t\t\t\t\t<\/div>\n\t\t\t\t<\/div>\n\t\t\t\t<div class=\"elementor-element elementor-element-4cd49ed elementor-button-info elementor-widget elementor-widget-button\" data-id=\"4cd49ed\" data-element_type=\"widget\" data-e-type=\"widget\" data-widget_type=\"button.default\">\n\t\t\t\t<div class=\"elementor-widget-container\">\n\t\t\t\t\t\t\t\t\t<div class=\"elementor-button-wrapper\">\n\t\t\t\t\t<a class=\"elementor-button elementor-button-link elementor-size-sm\" href=\"\/wp-content\/uploads\/2024\/02\/screening_vrozenych_vyvojovych_vad.pdf\">\n\t\t\t\t\t\t<span class=\"elementor-button-content-wrapper\">\n\t\t\t\t\t\t\t\t\t<span class=\"elementor-button-text\">Bestellformular<\/span>\n\t\t\t\t\t<\/span>\n\t\t\t\t\t<\/a>\n\t\t\t\t<\/div>\n\t\t\t\t\t\t\t\t<\/div>\n\t\t\t\t<\/div>\n\t\t\t\t\t<\/div>\n\t\t\t\t<\/div>\n\t\t<div class=\"elementor-element elementor-element-1495981 e-flex e-con-boxed e-con e-parent\" data-id=\"1495981\" data-element_type=\"container\" data-e-type=\"container\">\n\t\t\t\t\t<div class=\"e-con-inner\">\n\t\t\t\t<div class=\"elementor-element elementor-element-624fa03 elementor-widget elementor-widget-heading\" data-id=\"624fa03\" data-element_type=\"widget\" data-e-type=\"widget\" data-widget_type=\"heading.default\">\n\t\t\t\t<div class=\"elementor-widget-container\">\n\t\t\t\t\t<h2 class=\"elementor-heading-title elementor-size-default\"><main><div class=\"limited\"><section><h2><h2>II. Trimester<\/h2><\/h2><\/section><\/div><\/main><\/h2>\t\t\t\t<\/div>\n\t\t\t\t<\/div>\n\t\t\t\t\t<\/div>\n\t\t\t\t<\/div>\n\t\t<div class=\"elementor-element elementor-element-fc6acb7 e-flex e-con-boxed e-con e-parent\" data-id=\"fc6acb7\" data-element_type=\"container\" data-e-type=\"container\">\n\t\t\t\t\t<div class=\"e-con-inner\">\n\t\t\t\t<div class=\"elementor-element elementor-element-e5f760a elementor-widget elementor-widget-text-editor\" data-id=\"e5f760a\" data-element_type=\"widget\" data-e-type=\"widget\" data-widget_type=\"text-editor.default\">\n\t\t\t\t<div class=\"elementor-widget-container\">\n\t\t\t\t\t\t\t\t\tEine Ultraschalluntersuchung zwischen der 19. und 22. Schwangerschaftswoche. Hierbei handelt es sich um die wichtigste Ultraschalluntersuchung zum Ausschluss von angeborenen Organfehlbildungen des F\u00f6tus. Neben der Beurteilung des gesamten F\u00f6tus und der einzelnen Organe wird das Gewicht und damit auch das richtige Wachstum Ihres Babys ermittelt. Au\u00dferdem werden die Lage und das Aussehen der Plazenta sowie die Fruchtwassermenge untersucht.\t\t\t\t\t\t\t\t<\/div>\n\t\t\t\t<\/div>\n\t\t\t\t\t<\/div>\n\t\t\t\t<\/div>\n\t\t<div class=\"elementor-element elementor-element-277eb1b e-flex e-con-boxed e-con e-parent\" data-id=\"277eb1b\" data-element_type=\"container\" data-e-type=\"container\">\n\t\t\t\t\t<div class=\"e-con-inner\">\n\t\t\t\t<div class=\"elementor-element elementor-element-b6d8eb0 elementor-widget elementor-widget-heading\" data-id=\"b6d8eb0\" data-element_type=\"widget\" data-e-type=\"widget\" data-widget_type=\"heading.default\">\n\t\t\t\t<div class=\"elementor-widget-container\">\n\t\t\t\t\t<h2 class=\"elementor-heading-title elementor-size-default\"><main><div class=\"limited\"><section><h2><h2>III. Trimester<\/h2><\/h2><\/section><\/div><\/main><\/h2>\t\t\t\t<\/div>\n\t\t\t\t<\/div>\n\t\t\t\t\t<\/div>\n\t\t\t\t<\/div>\n\t\t<div class=\"elementor-element elementor-element-88b50fa e-flex e-con-boxed e-con e-parent\" data-id=\"88b50fa\" data-element_type=\"container\" data-e-type=\"container\">\n\t\t\t\t\t<div class=\"e-con-inner\">\n\t\t\t\t<div class=\"elementor-element elementor-element-81098c8 elementor-widget elementor-widget-text-editor\" data-id=\"81098c8\" data-element_type=\"widget\" data-e-type=\"widget\" data-widget_type=\"text-editor.default\">\n\t\t\t\t<div class=\"elementor-widget-container\">\n\t\t\t\t\t\t\t\t\t<p class=\" translation-block\">Eine Untersuchung in der 30. \u2013 32. Schwangerschaftswoche. In dieser Phase ist die Untersuchung vor allem auf die Gr\u00f6\u00dfe und Lage des F\u00f6tus ausgerichtet. Au\u00dferdem werden erneut die einzelnen Organe, der Zustand und die Lage der Plazenta sowie die Fruchtwassermenge untersucht. In manchen F\u00e4llen wird der Blutdurchfluss durch die Nabelschnur und weitere Gef\u00e4\u00dfe des F\u00f6tus gemessen.<\/p>\t\t\t\t\t\t\t\t<\/div>\n\t\t\t\t<\/div>\n\t\t\t\t<div class=\"elementor-element elementor-element-b7657b7 elementor-button-info elementor-widget elementor-widget-button\" data-id=\"b7657b7\" data-element_type=\"widget\" data-e-type=\"widget\" data-widget_type=\"button.default\">\n\t\t\t\t<div class=\"elementor-widget-container\">\n\t\t\t\t\t\t\t\t\t<div class=\"elementor-button-wrapper\">\n\t\t\t\t\t<a class=\"elementor-button elementor-button-link elementor-size-sm\" href=\"\/wp-content\/uploads\/2024\/02\/20230405_letak_ultrazvukova_vyse.pdf\">\n\t\t\t\t\t\t<span class=\"elementor-button-content-wrapper\">\n\t\t\t\t\t\t\t\t\t<span class=\"elementor-button-text\">Flugschrift<\/span>\n\t\t\t\t\t<\/span>\n\t\t\t\t\t<\/a>\n\t\t\t\t<\/div>\n\t\t\t\t\t\t\t\t<\/div>\n\t\t\t\t<\/div>\n\t\t\t\t<div class=\"elementor-element elementor-element-3c059e7 elementor-button-info elementor-widget elementor-widget-button\" data-id=\"3c059e7\" data-element_type=\"widget\" data-e-type=\"widget\" data-widget_type=\"button.default\">\n\t\t\t\t<div class=\"elementor-widget-container\">\n\t\t\t\t\t\t\t\t\t<div class=\"elementor-button-wrapper\">\n\t\t\t\t\t<a class=\"elementor-button elementor-button-link elementor-size-sm\" href=\"https:\/\/genetika-plzen.nullable.group\/de\/cenik\/#screeningy-v-tehotenstvi\">\n\t\t\t\t\t\t<span class=\"elementor-button-content-wrapper\">\n\t\t\t\t\t\t\t\t\t<span class=\"elementor-button-text\">Preisliste<\/span>\n\t\t\t\t\t<\/span>\n\t\t\t\t\t<\/a>\n\t\t\t\t<\/div>\n\t\t\t\t\t\t\t\t<\/div>\n\t\t\t\t<\/div>\n\t\t\t\t<div class=\"elementor-element elementor-element-ff69dd0 elementor-widget elementor-widget-spacer\" data-id=\"ff69dd0\" data-element_type=\"widget\" data-e-type=\"widget\" data-widget_type=\"spacer.default\">\n\t\t\t\t<div class=\"elementor-widget-container\">\n\t\t\t\t\t\t\t<div class=\"elementor-spacer\">\n\t\t\t<div class=\"elementor-spacer-inner\"><\/div>\n\t\t<\/div>\n\t\t\t\t\t\t<\/div>\n\t\t\t\t<\/div>\n\t\t\t\t\t<\/div>\n\t\t\t\t<\/div>\n\t\t\t\t<\/div>","protected":false},"excerpt":{"rendered":"<p>Kombinovan\u00fd screening I.&nbsp;trimestru Screeningov\u00e9 vy\u0161et\u0159en\u00ed v&nbsp;I.&nbsp;trimestru se&nbsp;prov\u00e1d\u00ed ve&nbsp;st\u00e1\u0159\u00ed plodu 11&nbsp;t\u00fddn\u016f + 3&nbsp;dny a\u017e 13&nbsp;t\u00fddn\u016f + 6&nbsp;dn\u00ed kdy je velikost plodu od&nbsp;temene ke kostr\u010di (CRL) 45-84&nbsp;mm . V&nbsp;t\u00e9to f\u00e1zi t\u011bhotenstv\u00ed m\u016f\u017eeme diagnostikovat ji\u017e n\u011bkter\u00e9 vrozen\u00e9 org\u00e1nov\u00e9 vady a&nbsp;hodnotit tzv. ultrazvukov\u00e9 markery pro&nbsp;onemocn\u011bn\u00ed plodu. D\u016fle\u017eit\u00fdm znakem je pros\u00e1knut\u00ed podko\u017e\u00ed v&nbsp;\u0161\u00edjov\u00e9 oblasti (\u0161\u00edjov\u00e9 projasn\u011bn\u00ed &#8211; NT). V\u00fdrazn\u00e9 zv\u011bt\u0161en\u00ed [&hellip;]<\/p>","protected":false},"author":9,"featured_media":0,"parent":7072,"menu_order":0,"comment_status":"closed","ping_status":"closed","template":"","meta":{"footnotes":""},"service-area":[27],"class_list":["post-7117","page","type-page","status-publish","hentry","service-area-geneticka-ambulance"],"yoast_head":"<!-- This site is optimized with the Yoast SEO plugin v20.2 - https:\/\/yoast.com\/wordpress\/plugins\/seo\/ -->\n<title>Screening v t\u011bhotenstv\u00ed | Genetika Plze\u0148<\/title>\n<meta name=\"robots\" content=\"index, follow, max-snippet:-1, max-image-preview:large, max-video-preview:-1\" \/>\n<link rel=\"canonical\" href=\"https:\/\/genetika-plzen.nullable.group\/de\/geneticka-ambulance\/screening-v-tehotenstvi\/\" \/>\n<meta property=\"og:locale\" content=\"de_DE\" \/>\n<meta property=\"og:type\" content=\"article\" \/>\n<meta property=\"og:title\" content=\"Screening v t\u011bhotenstv\u00ed | Genetika Plze\u0148\" \/>\n<meta property=\"og:description\" content=\"Kombinovan\u00fd screening I.&nbsp;trimestru Screeningov\u00e9 vy\u0161et\u0159en\u00ed v&nbsp;I.&nbsp;trimestru se&nbsp;prov\u00e1d\u00ed ve&nbsp;st\u00e1\u0159\u00ed plodu 11&nbsp;t\u00fddn\u016f + 3&nbsp;dny a\u017e 13&nbsp;t\u00fddn\u016f + 6&nbsp;dn\u00ed kdy je velikost plodu od&nbsp;temene ke kostr\u010di (CRL) 45-84&nbsp;mm . V&nbsp;t\u00e9to f\u00e1zi t\u011bhotenstv\u00ed m\u016f\u017eeme diagnostikovat ji\u017e n\u011bkter\u00e9 vrozen\u00e9 org\u00e1nov\u00e9 vady a&nbsp;hodnotit tzv. ultrazvukov\u00e9 markery pro&nbsp;onemocn\u011bn\u00ed plodu. D\u016fle\u017eit\u00fdm znakem je pros\u00e1knut\u00ed podko\u017e\u00ed v&nbsp;\u0161\u00edjov\u00e9 oblasti (\u0161\u00edjov\u00e9 projasn\u011bn\u00ed &#8211; NT). V\u00fdrazn\u00e9 zv\u011bt\u0161en\u00ed [&hellip;]\" \/>\n<meta property=\"og:url\" content=\"https:\/\/genetika-plzen.nullable.group\/de\/geneticka-ambulance\/screening-v-tehotenstvi\/\" \/>\n<meta property=\"og:site_name\" content=\"Genetika Plze\u0148\" \/>\n<meta property=\"article:modified_time\" content=\"2024-04-23T22:14:36+00:00\" \/>\n<meta property=\"og:image\" content=\"https:\/\/genetika-plzen.nullable.group\/wp-content\/uploads\/2024\/02\/thumb_3000x3000_screening-v-tehotenstvi.jpg\" \/>\n<meta name=\"twitter:card\" content=\"summary_large_image\" \/>\n<meta name=\"twitter:label1\" content=\"Est. reading time\" \/>\n\t<meta name=\"twitter:data1\" content=\"3 minutes\" \/>\n<script type=\"application\/ld+json\" class=\"yoast-schema-graph\">{\"@context\":\"https:\/\/schema.org\",\"@graph\":[{\"@type\":\"WebPage\",\"@id\":\"https:\/\/genetika-plzen.nullable.group\/geneticka-ambulance\/screening-v-tehotenstvi\/\",\"url\":\"https:\/\/genetika-plzen.nullable.group\/geneticka-ambulance\/screening-v-tehotenstvi\/\",\"name\":\"Screening v t\u011bhotenstv\u00ed | Genetika Plze\u0148\",\"isPartOf\":{\"@id\":\"https:\/\/genetika-plzen.nullable.group\/#website\"},\"datePublished\":\"2024-02-03T22:46:25+00:00\",\"dateModified\":\"2024-04-23T22:14:36+00:00\",\"breadcrumb\":{\"@id\":\"https:\/\/genetika-plzen.nullable.group\/geneticka-ambulance\/screening-v-tehotenstvi\/#breadcrumb\"},\"inLanguage\":\"de-DE-formal\",\"potentialAction\":[{\"@type\":\"ReadAction\",\"target\":[\"https:\/\/genetika-plzen.nullable.group\/geneticka-ambulance\/screening-v-tehotenstvi\/\"]}]},{\"@type\":\"BreadcrumbList\",\"@id\":\"https:\/\/genetika-plzen.nullable.group\/geneticka-ambulance\/screening-v-tehotenstvi\/#breadcrumb\",\"itemListElement\":[{\"@type\":\"ListItem\",\"position\":1,\"name\":\"Home\",\"item\":\"https:\/\/genetika-plzen.nullable.group\/\"},{\"@type\":\"ListItem\",\"position\":2,\"name\":\"Genetick\u00e1 ambulance\",\"item\":\"https:\/\/genetika-plzen.nullable.group\/de\/geneticka-ambulance\/\"},{\"@type\":\"ListItem\",\"position\":3,\"name\":\"Screening v t\u011bhotenstv\u00ed\"}]},{\"@type\":\"WebSite\",\"@id\":\"https:\/\/genetika-plzen.nullable.group\/#website\",\"url\":\"https:\/\/genetika-plzen.nullable.group\/\",\"name\":\"Genetika Plze\u0148\",\"description\":\"Genetika Plze\u0148\",\"publisher\":{\"@id\":\"https:\/\/genetika-plzen.nullable.group\/#organization\"},\"potentialAction\":[{\"@type\":\"SearchAction\",\"target\":{\"@type\":\"EntryPoint\",\"urlTemplate\":\"https:\/\/genetika-plzen.nullable.group\/?s={search_term_string}\"},\"query-input\":\"required name=search_term_string\"}],\"inLanguage\":\"de-DE-formal\"},{\"@type\":\"Organization\",\"@id\":\"https:\/\/genetika-plzen.nullable.group\/#organization\",\"name\":\"Genetika Plze\u0148\",\"url\":\"https:\/\/genetika-plzen.nullable.group\/\",\"logo\":{\"@type\":\"ImageObject\",\"inLanguage\":\"de-DE-formal\",\"@id\":\"https:\/\/genetika-plzen.nullable.group\/#\/schema\/logo\/image\/\",\"url\":\"https:\/\/genetika-plzen.nullable.group\/wp-content\/uploads\/2022\/07\/logo2.svg\",\"contentUrl\":\"https:\/\/genetika-plzen.nullable.group\/wp-content\/uploads\/2022\/07\/logo2.svg\",\"width\":286,\"height\":95,\"caption\":\"Genetika Plze\u0148\"},\"image\":{\"@id\":\"https:\/\/genetika-plzen.nullable.group\/#\/schema\/logo\/image\/\"}}]}<\/script>\n<!-- \/ Yoast SEO plugin. -->","yoast_head_json":{"title":"Screening v t\u011bhotenstv\u00ed | Genetika Plze\u0148","robots":{"index":"index","follow":"follow","max-snippet":"max-snippet:-1","max-image-preview":"max-image-preview:large","max-video-preview":"max-video-preview:-1"},"canonical":"https:\/\/genetika-plzen.nullable.group\/de\/geneticka-ambulance\/screening-v-tehotenstvi\/","og_locale":"de_DE","og_type":"article","og_title":"Screening v t\u011bhotenstv\u00ed | Genetika Plze\u0148","og_description":"Kombinovan\u00fd screening I.&nbsp;trimestru Screeningov\u00e9 vy\u0161et\u0159en\u00ed v&nbsp;I.&nbsp;trimestru se&nbsp;prov\u00e1d\u00ed ve&nbsp;st\u00e1\u0159\u00ed plodu 11&nbsp;t\u00fddn\u016f + 3&nbsp;dny a\u017e 13&nbsp;t\u00fddn\u016f + 6&nbsp;dn\u00ed kdy je velikost plodu od&nbsp;temene ke kostr\u010di (CRL) 45-84&nbsp;mm . V&nbsp;t\u00e9to f\u00e1zi t\u011bhotenstv\u00ed m\u016f\u017eeme diagnostikovat ji\u017e n\u011bkter\u00e9 vrozen\u00e9 org\u00e1nov\u00e9 vady a&nbsp;hodnotit tzv. ultrazvukov\u00e9 markery pro&nbsp;onemocn\u011bn\u00ed plodu. D\u016fle\u017eit\u00fdm znakem je pros\u00e1knut\u00ed podko\u017e\u00ed v&nbsp;\u0161\u00edjov\u00e9 oblasti (\u0161\u00edjov\u00e9 projasn\u011bn\u00ed &#8211; NT). V\u00fdrazn\u00e9 zv\u011bt\u0161en\u00ed [&hellip;]","og_url":"https:\/\/genetika-plzen.nullable.group\/de\/geneticka-ambulance\/screening-v-tehotenstvi\/","og_site_name":"Genetika Plze\u0148","article_modified_time":"2024-04-23T22:14:36+00:00","og_image":[{"url":"https:\/\/genetika-plzen.nullable.group\/wp-content\/uploads\/2024\/02\/thumb_3000x3000_screening-v-tehotenstvi.jpg"}],"twitter_card":"summary_large_image","twitter_misc":{"Est. reading time":"3 minutes"},"schema":{"@context":"https:\/\/schema.org","@graph":[{"@type":"WebPage","@id":"https:\/\/genetika-plzen.nullable.group\/geneticka-ambulance\/screening-v-tehotenstvi\/","url":"https:\/\/genetika-plzen.nullable.group\/geneticka-ambulance\/screening-v-tehotenstvi\/","name":"Screening v t\u011bhotenstv\u00ed | Genetika Plze\u0148","isPartOf":{"@id":"https:\/\/genetika-plzen.nullable.group\/#website"},"datePublished":"2024-02-03T22:46:25+00:00","dateModified":"2024-04-23T22:14:36+00:00","breadcrumb":{"@id":"https:\/\/genetika-plzen.nullable.group\/geneticka-ambulance\/screening-v-tehotenstvi\/#breadcrumb"},"inLanguage":"de-DE-formal","potentialAction":[{"@type":"ReadAction","target":["https:\/\/genetika-plzen.nullable.group\/geneticka-ambulance\/screening-v-tehotenstvi\/"]}]},{"@type":"BreadcrumbList","@id":"https:\/\/genetika-plzen.nullable.group\/geneticka-ambulance\/screening-v-tehotenstvi\/#breadcrumb","itemListElement":[{"@type":"ListItem","position":1,"name":"Home","item":"https:\/\/genetika-plzen.nullable.group\/"},{"@type":"ListItem","position":2,"name":"Genetick\u00e1 ambulance","item":"https:\/\/genetika-plzen.nullable.group\/de\/geneticka-ambulance\/"},{"@type":"ListItem","position":3,"name":"Screening v t\u011bhotenstv\u00ed"}]},{"@type":"WebSite","@id":"https:\/\/genetika-plzen.nullable.group\/#website","url":"https:\/\/genetika-plzen.nullable.group\/","name":"Genetika Plze\u0148","description":"Genetika Plze\u0148","publisher":{"@id":"https:\/\/genetika-plzen.nullable.group\/#organization"},"potentialAction":[{"@type":"SearchAction","target":{"@type":"EntryPoint","urlTemplate":"https:\/\/genetika-plzen.nullable.group\/?s={search_term_string}"},"query-input":"required name=search_term_string"}],"inLanguage":"de-DE-formal"},{"@type":"Organization","@id":"https:\/\/genetika-plzen.nullable.group\/#organization","name":"Genetika Plze\u0148","url":"https:\/\/genetika-plzen.nullable.group\/","logo":{"@type":"ImageObject","inLanguage":"de-DE-formal","@id":"https:\/\/genetika-plzen.nullable.group\/#\/schema\/logo\/image\/","url":"https:\/\/genetika-plzen.nullable.group\/wp-content\/uploads\/2022\/07\/logo2.svg","contentUrl":"https:\/\/genetika-plzen.nullable.group\/wp-content\/uploads\/2022\/07\/logo2.svg","width":286,"height":95,"caption":"Genetika Plze\u0148"},"image":{"@id":"https:\/\/genetika-plzen.nullable.group\/#\/schema\/logo\/image\/"}}]}},"_links":{"self":[{"href":"https:\/\/genetika-plzen.nullable.group\/de\/wp-json\/wp\/v2\/pages\/7117","targetHints":{"allow":["GET"]}}],"collection":[{"href":"https:\/\/genetika-plzen.nullable.group\/de\/wp-json\/wp\/v2\/pages"}],"about":[{"href":"https:\/\/genetika-plzen.nullable.group\/de\/wp-json\/wp\/v2\/types\/page"}],"author":[{"embeddable":true,"href":"https:\/\/genetika-plzen.nullable.group\/de\/wp-json\/wp\/v2\/users\/9"}],"replies":[{"embeddable":true,"href":"https:\/\/genetika-plzen.nullable.group\/de\/wp-json\/wp\/v2\/comments?post=7117"}],"version-history":[{"count":54,"href":"https:\/\/genetika-plzen.nullable.group\/de\/wp-json\/wp\/v2\/pages\/7117\/revisions"}],"predecessor-version":[{"id":8579,"href":"https:\/\/genetika-plzen.nullable.group\/de\/wp-json\/wp\/v2\/pages\/7117\/revisions\/8579"}],"up":[{"embeddable":true,"href":"https:\/\/genetika-plzen.nullable.group\/de\/wp-json\/wp\/v2\/pages\/7072"}],"wp:attachment":[{"href":"https:\/\/genetika-plzen.nullable.group\/de\/wp-json\/wp\/v2\/media?parent=7117"}],"wp:term":[{"taxonomy":"service-area","embeddable":true,"href":"https:\/\/genetika-plzen.nullable.group\/de\/wp-json\/wp\/v2\/service-area?post=7117"}],"curies":[{"name":"wp","href":"https:\/\/api.w.org\/{rel}","templated":true}]}}