{"id":7131,"date":"2024-02-03T23:54:37","date_gmt":"2024-02-03T22:54:37","guid":{"rendered":"https:\/\/genetika-plzen.nullable.group\/?page_id=7131"},"modified":"2024-02-16T21:17:50","modified_gmt":"2024-02-16T20:17:50","slug":"konziliarni-ultrazvukova-vysetreni","status":"publish","type":"page","link":"https:\/\/genetika-plzen.nullable.group\/de\/geneticka-ambulance\/konziliarni-ultrazvukova-vysetreni\/","title":{"rendered":"Konsiliar-Ultraschalluntersuchungen"},"content":{"rendered":"<div data-elementor-type=\"wp-page\" data-elementor-id=\"7131\" class=\"elementor elementor-7131\">\n\t\t\t\t<div class=\"elementor-element elementor-element-19d9049 e-flex e-con-boxed e-con e-parent\" data-id=\"19d9049\" data-element_type=\"container\" data-e-type=\"container\">\n\t\t\t\t\t<div class=\"e-con-inner\">\n\t\t\t\t<div class=\"elementor-element elementor-element-3c3fe1c elementor-widget elementor-widget-text-editor\" data-id=\"3c3fe1c\" data-element_type=\"widget\" data-e-type=\"widget\" data-widget_type=\"text-editor.default\">\n\t\t\t\t<div class=\"elementor-widget-container\">\n\t\t\t\t\t\t\t\t\t<p>Bei unklaren Ultraschallbefunden, schlechter \u00dcbersichtlichkeit oder Verdacht auf angeborene Fehlerbildungen werden zus\u00e4tzliche Ultraschalluntersuchungen zur Best\u00e4tigung bzw. zum Ausschluss des Befundes durchgef\u00fchrt. Bei Bedarf wird die Schwangere anschlie\u00dfend zu einem klinischen Genetiker \u00fcberwiesen, der die genetischen Risiken f\u00fcr das F\u00f6tus bestimmt .&nbsp;<\/p>\n\n<p>Die Untersuchung erfolgt durch einen zertifizierten Sonografie-Spezialisten.<\/p>\t\t\t\t\t\t\t\t<\/div>\n\t\t\t\t<\/div>\n\t\t\t\t\t<\/div>\n\t\t\t\t<\/div>\n\t\t<div class=\"elementor-element elementor-element-b4125fd e-flex e-con-boxed e-con e-parent\" data-id=\"b4125fd\" data-element_type=\"container\" data-e-type=\"container\">\n\t\t\t\t\t<div class=\"e-con-inner\">\n\t\t\t\t<div class=\"elementor-element elementor-element-f2e9f5c elementor-widget elementor-widget-image\" data-id=\"f2e9f5c\" data-element_type=\"widget\" data-e-type=\"widget\" data-widget_type=\"image.default\">\n\t\t\t\t<div class=\"elementor-widget-container\">\n\t\t\t\t\t\t\t\t\t\t\t\t\t\t\t<img fetchpriority=\"high\" decoding=\"async\" width=\"500\" height=\"500\" src=\"https:\/\/genetika-plzen.nullable.group\/wp-content\/uploads\/2024\/02\/thumb_3000x3000_konziliarni-ultrazvukova-vysetreni.jpg\" class=\"attachment-large size-large wp-image-7133\" alt=\"\" srcset=\"https:\/\/genetika-plzen.nullable.group\/wp-content\/uploads\/2024\/02\/thumb_3000x3000_konziliarni-ultrazvukova-vysetreni.jpg 500w, https:\/\/genetika-plzen.nullable.group\/wp-content\/uploads\/2024\/02\/thumb_3000x3000_konziliarni-ultrazvukova-vysetreni-300x300.jpg 300w, https:\/\/genetika-plzen.nullable.group\/wp-content\/uploads\/2024\/02\/thumb_3000x3000_konziliarni-ultrazvukova-vysetreni-150x150.jpg 150w\" sizes=\"(max-width: 500px) 100vw, 500px\" \/>\t\t\t\t\t\t\t\t\t\t\t\t\t\t\t<\/div>\n\t\t\t\t<\/div>\n\t\t\t\t\t<\/div>\n\t\t\t\t<\/div>\n\t\t<div class=\"elementor-element elementor-element-e861272 e-flex e-con-boxed e-con e-parent\" data-id=\"e861272\" data-element_type=\"container\" data-e-type=\"container\">\n\t\t\t\t\t<div class=\"e-con-inner\">\n\t\t\t\t<div class=\"elementor-element elementor-element-090e63c elementor-widget elementor-widget-spacer\" data-id=\"090e63c\" data-element_type=\"widget\" data-e-type=\"widget\" data-widget_type=\"spacer.default\">\n\t\t\t\t<div class=\"elementor-widget-container\">\n\t\t\t\t\t\t\t<div class=\"elementor-spacer\">\n\t\t\t<div class=\"elementor-spacer-inner\"><\/div>\n\t\t<\/div>\n\t\t\t\t\t\t<\/div>\n\t\t\t\t<\/div>\n\t\t\t\t\t<\/div>\n\t\t\t\t<\/div>\n\t\t\t\t<\/div>","protected":false},"excerpt":{"rendered":"<p>V&nbsp;p\u0159\u00edpad\u011b nejasn\u00e9ho ultrazvukov\u00e9ho n\u00e1lezu, \u0161patn\u00e9 p\u0159ehlednosti \u010di&nbsp;podez\u0159en\u00ed na&nbsp;vrozen\u00e9 vady prov\u00e1d\u00edme nadstavbov\u00e9 ultrazvukov\u00e9 vy\u0161et\u0159en\u00ed k&nbsp;potvrzen\u00ed \u010di&nbsp;vylou\u010den\u00ed n\u00e1lezu. V&nbsp;p\u0159\u00edpad\u011b pot\u0159eby je t\u011bhotn\u00e1 n\u00e1sledn\u011b konzultov\u00e1na s&nbsp;klinick\u00fdm genetikem, kter\u00fd stanov\u00ed genetick\u00e1 rizika pro&nbsp;plod.&nbsp; Vy\u0161et\u0159en\u00ed prov\u00e1d\u00ed certifikovan\u00fd sonografista.<\/p>","protected":false},"author":9,"featured_media":0,"parent":7072,"menu_order":0,"comment_status":"closed","ping_status":"closed","template":"","meta":{"footnotes":""},"service-area":[27],"class_list":["post-7131","page","type-page","status-publish","hentry","service-area-geneticka-ambulance"],"yoast_head":"<!-- This site is optimized with the Yoast SEO plugin v20.2 - https:\/\/yoast.com\/wordpress\/plugins\/seo\/ -->\n<title>Konzili\u00e1rn\u00ed ultrazvukov\u00e1 vy\u0161et\u0159en\u00ed | Genetika Plze\u0148<\/title>\n<meta name=\"robots\" content=\"index, follow, max-snippet:-1, max-image-preview:large, max-video-preview:-1\" \/>\n<link rel=\"canonical\" href=\"https:\/\/genetika-plzen.nullable.group\/de\/geneticka-ambulance\/konziliarni-ultrazvukova-vysetreni\/\" \/>\n<meta property=\"og:locale\" content=\"de_DE\" \/>\n<meta property=\"og:type\" content=\"article\" \/>\n<meta property=\"og:title\" content=\"Konzili\u00e1rn\u00ed ultrazvukov\u00e1 vy\u0161et\u0159en\u00ed | Genetika Plze\u0148\" \/>\n<meta property=\"og:description\" content=\"V&nbsp;p\u0159\u00edpad\u011b nejasn\u00e9ho ultrazvukov\u00e9ho n\u00e1lezu, \u0161patn\u00e9 p\u0159ehlednosti \u010di&nbsp;podez\u0159en\u00ed na&nbsp;vrozen\u00e9 vady prov\u00e1d\u00edme nadstavbov\u00e9 ultrazvukov\u00e9 vy\u0161et\u0159en\u00ed k&nbsp;potvrzen\u00ed \u010di&nbsp;vylou\u010den\u00ed n\u00e1lezu. V&nbsp;p\u0159\u00edpad\u011b pot\u0159eby je t\u011bhotn\u00e1 n\u00e1sledn\u011b konzultov\u00e1na s&nbsp;klinick\u00fdm genetikem, kter\u00fd stanov\u00ed genetick\u00e1 rizika pro&nbsp;plod.&nbsp; Vy\u0161et\u0159en\u00ed prov\u00e1d\u00ed certifikovan\u00fd sonografista.\" \/>\n<meta property=\"og:url\" content=\"https:\/\/genetika-plzen.nullable.group\/de\/geneticka-ambulance\/konziliarni-ultrazvukova-vysetreni\/\" \/>\n<meta property=\"og:site_name\" content=\"Genetika Plze\u0148\" \/>\n<meta property=\"article:modified_time\" content=\"2024-02-16T20:17:50+00:00\" \/>\n<meta property=\"og:image\" content=\"https:\/\/genetika-plzen.nullable.group\/wp-content\/uploads\/2024\/02\/thumb_3000x3000_konziliarni-ultrazvukova-vysetreni.jpg\" \/>\n<meta name=\"twitter:card\" content=\"summary_large_image\" \/>\n<meta name=\"twitter:label1\" content=\"Est. reading time\" \/>\n\t<meta name=\"twitter:data1\" content=\"1 minute\" \/>\n<script type=\"application\/ld+json\" class=\"yoast-schema-graph\">{\"@context\":\"https:\/\/schema.org\",\"@graph\":[{\"@type\":\"WebPage\",\"@id\":\"https:\/\/genetika-plzen.nullable.group\/geneticka-ambulance\/konziliarni-ultrazvukova-vysetreni\/\",\"url\":\"https:\/\/genetika-plzen.nullable.group\/geneticka-ambulance\/konziliarni-ultrazvukova-vysetreni\/\",\"name\":\"Konzili\u00e1rn\u00ed ultrazvukov\u00e1 vy\u0161et\u0159en\u00ed | Genetika Plze\u0148\",\"isPartOf\":{\"@id\":\"https:\/\/genetika-plzen.nullable.group\/#website\"},\"datePublished\":\"2024-02-03T22:54:37+00:00\",\"dateModified\":\"2024-02-16T20:17:50+00:00\",\"breadcrumb\":{\"@id\":\"https:\/\/genetika-plzen.nullable.group\/geneticka-ambulance\/konziliarni-ultrazvukova-vysetreni\/#breadcrumb\"},\"inLanguage\":\"de-DE-formal\",\"potentialAction\":[{\"@type\":\"ReadAction\",\"target\":[\"https:\/\/genetika-plzen.nullable.group\/geneticka-ambulance\/konziliarni-ultrazvukova-vysetreni\/\"]}]},{\"@type\":\"BreadcrumbList\",\"@id\":\"https:\/\/genetika-plzen.nullable.group\/geneticka-ambulance\/konziliarni-ultrazvukova-vysetreni\/#breadcrumb\",\"itemListElement\":[{\"@type\":\"ListItem\",\"position\":1,\"name\":\"Home\",\"item\":\"https:\/\/genetika-plzen.nullable.group\/\"},{\"@type\":\"ListItem\",\"position\":2,\"name\":\"Genetick\u00e1 ambulance\",\"item\":\"https:\/\/genetika-plzen.nullable.group\/de\/geneticka-ambulance\/\"},{\"@type\":\"ListItem\",\"position\":3,\"name\":\"Konzili\u00e1rn\u00ed ultrazvukov\u00e1 vy\u0161et\u0159en\u00ed\"}]},{\"@type\":\"WebSite\",\"@id\":\"https:\/\/genetika-plzen.nullable.group\/#website\",\"url\":\"https:\/\/genetika-plzen.nullable.group\/\",\"name\":\"Genetika Plze\u0148\",\"description\":\"Genetika Plze\u0148\",\"publisher\":{\"@id\":\"https:\/\/genetika-plzen.nullable.group\/#organization\"},\"potentialAction\":[{\"@type\":\"SearchAction\",\"target\":{\"@type\":\"EntryPoint\",\"urlTemplate\":\"https:\/\/genetika-plzen.nullable.group\/?s={search_term_string}\"},\"query-input\":\"required name=search_term_string\"}],\"inLanguage\":\"de-DE-formal\"},{\"@type\":\"Organization\",\"@id\":\"https:\/\/genetika-plzen.nullable.group\/#organization\",\"name\":\"Genetika Plze\u0148\",\"url\":\"https:\/\/genetika-plzen.nullable.group\/\",\"logo\":{\"@type\":\"ImageObject\",\"inLanguage\":\"de-DE-formal\",\"@id\":\"https:\/\/genetika-plzen.nullable.group\/#\/schema\/logo\/image\/\",\"url\":\"https:\/\/genetika-plzen.nullable.group\/wp-content\/uploads\/2022\/07\/logo2.svg\",\"contentUrl\":\"https:\/\/genetika-plzen.nullable.group\/wp-content\/uploads\/2022\/07\/logo2.svg\",\"width\":286,\"height\":95,\"caption\":\"Genetika Plze\u0148\"},\"image\":{\"@id\":\"https:\/\/genetika-plzen.nullable.group\/#\/schema\/logo\/image\/\"}}]}<\/script>\n<!-- \/ Yoast SEO plugin. -->","yoast_head_json":{"title":"Konzili\u00e1rn\u00ed ultrazvukov\u00e1 vy\u0161et\u0159en\u00ed | Genetika Plze\u0148","robots":{"index":"index","follow":"follow","max-snippet":"max-snippet:-1","max-image-preview":"max-image-preview:large","max-video-preview":"max-video-preview:-1"},"canonical":"https:\/\/genetika-plzen.nullable.group\/de\/geneticka-ambulance\/konziliarni-ultrazvukova-vysetreni\/","og_locale":"de_DE","og_type":"article","og_title":"Konzili\u00e1rn\u00ed ultrazvukov\u00e1 vy\u0161et\u0159en\u00ed | Genetika Plze\u0148","og_description":"V&nbsp;p\u0159\u00edpad\u011b nejasn\u00e9ho ultrazvukov\u00e9ho n\u00e1lezu, \u0161patn\u00e9 p\u0159ehlednosti \u010di&nbsp;podez\u0159en\u00ed na&nbsp;vrozen\u00e9 vady prov\u00e1d\u00edme nadstavbov\u00e9 ultrazvukov\u00e9 vy\u0161et\u0159en\u00ed k&nbsp;potvrzen\u00ed \u010di&nbsp;vylou\u010den\u00ed n\u00e1lezu. V&nbsp;p\u0159\u00edpad\u011b pot\u0159eby je t\u011bhotn\u00e1 n\u00e1sledn\u011b konzultov\u00e1na s&nbsp;klinick\u00fdm genetikem, kter\u00fd stanov\u00ed genetick\u00e1 rizika pro&nbsp;plod.&nbsp; Vy\u0161et\u0159en\u00ed prov\u00e1d\u00ed certifikovan\u00fd sonografista.","og_url":"https:\/\/genetika-plzen.nullable.group\/de\/geneticka-ambulance\/konziliarni-ultrazvukova-vysetreni\/","og_site_name":"Genetika Plze\u0148","article_modified_time":"2024-02-16T20:17:50+00:00","og_image":[{"url":"https:\/\/genetika-plzen.nullable.group\/wp-content\/uploads\/2024\/02\/thumb_3000x3000_konziliarni-ultrazvukova-vysetreni.jpg"}],"twitter_card":"summary_large_image","twitter_misc":{"Est. reading time":"1 minute"},"schema":{"@context":"https:\/\/schema.org","@graph":[{"@type":"WebPage","@id":"https:\/\/genetika-plzen.nullable.group\/geneticka-ambulance\/konziliarni-ultrazvukova-vysetreni\/","url":"https:\/\/genetika-plzen.nullable.group\/geneticka-ambulance\/konziliarni-ultrazvukova-vysetreni\/","name":"Konzili\u00e1rn\u00ed ultrazvukov\u00e1 vy\u0161et\u0159en\u00ed | Genetika Plze\u0148","isPartOf":{"@id":"https:\/\/genetika-plzen.nullable.group\/#website"},"datePublished":"2024-02-03T22:54:37+00:00","dateModified":"2024-02-16T20:17:50+00:00","breadcrumb":{"@id":"https:\/\/genetika-plzen.nullable.group\/geneticka-ambulance\/konziliarni-ultrazvukova-vysetreni\/#breadcrumb"},"inLanguage":"de-DE-formal","potentialAction":[{"@type":"ReadAction","target":["https:\/\/genetika-plzen.nullable.group\/geneticka-ambulance\/konziliarni-ultrazvukova-vysetreni\/"]}]},{"@type":"BreadcrumbList","@id":"https:\/\/genetika-plzen.nullable.group\/geneticka-ambulance\/konziliarni-ultrazvukova-vysetreni\/#breadcrumb","itemListElement":[{"@type":"ListItem","position":1,"name":"Home","item":"https:\/\/genetika-plzen.nullable.group\/"},{"@type":"ListItem","position":2,"name":"Genetick\u00e1 ambulance","item":"https:\/\/genetika-plzen.nullable.group\/de\/geneticka-ambulance\/"},{"@type":"ListItem","position":3,"name":"Konzili\u00e1rn\u00ed ultrazvukov\u00e1 vy\u0161et\u0159en\u00ed"}]},{"@type":"WebSite","@id":"https:\/\/genetika-plzen.nullable.group\/#website","url":"https:\/\/genetika-plzen.nullable.group\/","name":"Genetika Plze\u0148","description":"Genetika Plze\u0148","publisher":{"@id":"https:\/\/genetika-plzen.nullable.group\/#organization"},"potentialAction":[{"@type":"SearchAction","target":{"@type":"EntryPoint","urlTemplate":"https:\/\/genetika-plzen.nullable.group\/?s={search_term_string}"},"query-input":"required name=search_term_string"}],"inLanguage":"de-DE-formal"},{"@type":"Organization","@id":"https:\/\/genetika-plzen.nullable.group\/#organization","name":"Genetika Plze\u0148","url":"https:\/\/genetika-plzen.nullable.group\/","logo":{"@type":"ImageObject","inLanguage":"de-DE-formal","@id":"https:\/\/genetika-plzen.nullable.group\/#\/schema\/logo\/image\/","url":"https:\/\/genetika-plzen.nullable.group\/wp-content\/uploads\/2022\/07\/logo2.svg","contentUrl":"https:\/\/genetika-plzen.nullable.group\/wp-content\/uploads\/2022\/07\/logo2.svg","width":286,"height":95,"caption":"Genetika Plze\u0148"},"image":{"@id":"https:\/\/genetika-plzen.nullable.group\/#\/schema\/logo\/image\/"}}]}},"_links":{"self":[{"href":"https:\/\/genetika-plzen.nullable.group\/de\/wp-json\/wp\/v2\/pages\/7131","targetHints":{"allow":["GET"]}}],"collection":[{"href":"https:\/\/genetika-plzen.nullable.group\/de\/wp-json\/wp\/v2\/pages"}],"about":[{"href":"https:\/\/genetika-plzen.nullable.group\/de\/wp-json\/wp\/v2\/types\/page"}],"author":[{"embeddable":true,"href":"https:\/\/genetika-plzen.nullable.group\/de\/wp-json\/wp\/v2\/users\/9"}],"replies":[{"embeddable":true,"href":"https:\/\/genetika-plzen.nullable.group\/de\/wp-json\/wp\/v2\/comments?post=7131"}],"version-history":[{"count":7,"href":"https:\/\/genetika-plzen.nullable.group\/de\/wp-json\/wp\/v2\/pages\/7131\/revisions"}],"predecessor-version":[{"id":8141,"href":"https:\/\/genetika-plzen.nullable.group\/de\/wp-json\/wp\/v2\/pages\/7131\/revisions\/8141"}],"up":[{"embeddable":true,"href":"https:\/\/genetika-plzen.nullable.group\/de\/wp-json\/wp\/v2\/pages\/7072"}],"wp:attachment":[{"href":"https:\/\/genetika-plzen.nullable.group\/de\/wp-json\/wp\/v2\/media?parent=7131"}],"wp:term":[{"taxonomy":"service-area","embeddable":true,"href":"https:\/\/genetika-plzen.nullable.group\/de\/wp-json\/wp\/v2\/service-area?post=7131"}],"curies":[{"name":"wp","href":"https:\/\/api.w.org\/{rel}","templated":true}]}}