{"id":7157,"date":"2024-02-04T00:01:24","date_gmt":"2024-02-03T23:01:24","guid":{"rendered":"https:\/\/genetika-plzen.nullable.group\/?page_id=7157"},"modified":"2024-04-23T23:58:42","modified_gmt":"2024-04-23T21:58:42","slug":"invazivni-vykony","status":"publish","type":"page","link":"https:\/\/genetika-plzen.nullable.group\/de\/geneticka-ambulance\/invazivni-vykony\/","title":{"rendered":"Invasive Eingriffe"},"content":{"rendered":"<div data-elementor-type=\"wp-page\" data-elementor-id=\"7157\" class=\"elementor elementor-7157\">\n\t\t\t\t<div class=\"elementor-element elementor-element-71f9855 e-flex e-con-boxed e-con e-parent\" data-id=\"71f9855\" data-element_type=\"container\" data-e-type=\"container\">\n\t\t\t\t\t<div class=\"e-con-inner\">\n\t\t\t\t<div class=\"elementor-element elementor-element-3482a3f elementor-widget elementor-widget-spacer\" data-id=\"3482a3f\" data-element_type=\"widget\" data-e-type=\"widget\" data-widget_type=\"spacer.default\">\n\t\t\t\t<div class=\"elementor-widget-container\">\n\t\t\t\t\t\t\t<div class=\"elementor-spacer\">\n\t\t\t<div class=\"elementor-spacer-inner\"><\/div>\n\t\t<\/div>\n\t\t\t\t\t\t<\/div>\n\t\t\t\t<\/div>\n\t\t\t\t<div class=\"elementor-element elementor-element-25c90fc elementor-widget elementor-widget-text-editor\" data-id=\"25c90fc\" data-element_type=\"widget\" data-e-type=\"widget\" data-widget_type=\"text-editor.default\">\n\t\t\t\t<div class=\"elementor-widget-container\">\n\t\t\t\t\t\t\t\t\tZu den h\u00e4ufigsten invasiven Eingriffen w\u00e4hrend der Schwangerschaft geh\u00f6ren: <br>\t\t\t\t\t\t\t\t<\/div>\n\t\t\t\t<\/div>\n\t\t\t\t\t<\/div>\n\t\t\t\t<\/div>\n\t\t<div class=\"elementor-element elementor-element-d83c83a e-flex e-con-boxed e-con e-parent\" data-id=\"d83c83a\" data-element_type=\"container\" data-e-type=\"container\">\n\t\t\t\t\t<div class=\"e-con-inner\">\n\t\t\t\t<div class=\"elementor-element elementor-element-d5dd1dd elementor-widget elementor-widget-heading\" data-id=\"d5dd1dd\" data-element_type=\"widget\" data-e-type=\"widget\" data-widget_type=\"heading.default\">\n\t\t\t\t<div class=\"elementor-widget-container\">\n\t\t\t\t\t<h2 class=\"elementor-heading-title elementor-size-default\"><main><div class=\"limited\"><section><h2><h2>Chorionzottenbiopsie (Plazentapunktion)<\/h2><\/h2><\/section><\/div><\/main><\/h2>\t\t\t\t<\/div>\n\t\t\t\t<\/div>\n\t\t\t\t\t<\/div>\n\t\t\t\t<\/div>\n\t\t<div class=\"elementor-element elementor-element-bb4b5fc e-flex e-con-boxed e-con e-parent\" data-id=\"bb4b5fc\" data-element_type=\"container\" data-e-type=\"container\">\n\t\t\t\t\t<div class=\"e-con-inner\">\n\t\t<div class=\"elementor-element elementor-element-523606b e-flex e-con-boxed e-con e-parent\" data-id=\"523606b\" data-element_type=\"container\" data-e-type=\"container\">\n\t\t\t\t\t<div class=\"e-con-inner\">\n\t\t\t\t<div class=\"elementor-element elementor-element-c12938b elementor-widget elementor-widget-text-editor\" data-id=\"c12938b\" data-element_type=\"widget\" data-e-type=\"widget\" data-widget_type=\"text-editor.default\">\n\t\t\t\t<div class=\"elementor-widget-container\">\n\t\t\t\t\t\t\t\t\t<p>Sie wird zwischen der <strong>10. und 14. Woche<\/strong> der Schwangerschaft durchgef\u00fchrt. In diesem Fall erfolgt der Eingriff immer unter Ultraschallkontrolle und immer vollst\u00e4ndig au\u00dferhalb des F\u00f6tus. Das Ergebnis der h\u00e4ufigsten Syndrome nach der QFPCR-Methode ist innerhalb von <strong>24 Stunden<\/strong> nach der Probenahme bekannt. Das Ergebnis einer vollst\u00e4ndigen Chromosomenuntersuchung (Karyotyp) liegt innerhalb von 3 Wochen vor. Das Risiko von Komplikationen im Zusammenhang mit dem Eingriff liegt bei 0,1 bis 0,5 %.<\/p>\t\t\t\t\t\t\t\t<\/div>\n\t\t\t\t<\/div>\n\t\t\t\t<div class=\"elementor-element elementor-element-0613210 elementor-widget elementor-widget-image\" data-id=\"0613210\" data-element_type=\"widget\" data-e-type=\"widget\" data-widget_type=\"image.default\">\n\t\t\t\t<div class=\"elementor-widget-container\">\n\t\t\t\t\t\t\t\t\t\t\t\t\t\t\t<img fetchpriority=\"high\" decoding=\"async\" width=\"500\" height=\"500\" src=\"https:\/\/genetika-plzen.nullable.group\/wp-content\/uploads\/2024\/02\/thumb_3000x3000_invazivni-vykony.jpg\" class=\"attachment-large size-large wp-image-7159\" alt=\"\" srcset=\"https:\/\/genetika-plzen.nullable.group\/wp-content\/uploads\/2024\/02\/thumb_3000x3000_invazivni-vykony.jpg 500w, https:\/\/genetika-plzen.nullable.group\/wp-content\/uploads\/2024\/02\/thumb_3000x3000_invazivni-vykony-300x300.jpg 300w, https:\/\/genetika-plzen.nullable.group\/wp-content\/uploads\/2024\/02\/thumb_3000x3000_invazivni-vykony-150x150.jpg 150w\" sizes=\"(max-width: 500px) 100vw, 500px\" \/>\t\t\t\t\t\t\t\t\t\t\t\t\t\t\t<\/div>\n\t\t\t\t<\/div>\n\t\t\t\t\t<\/div>\n\t\t\t\t<\/div>\n\t\t\t\t<div class=\"elementor-element elementor-element-4f5017b elementor-button-info elementor-widget elementor-widget-button\" data-id=\"4f5017b\" data-element_type=\"widget\" data-e-type=\"widget\" data-widget_type=\"button.default\">\n\t\t\t\t<div class=\"elementor-widget-container\">\n\t\t\t\t\t\t\t\t\t<div class=\"elementor-button-wrapper\">\n\t\t\t\t\t<a class=\"elementor-button elementor-button-link elementor-size-sm\" href=\"\/wp-content\/uploads\/2024\/06\/F.GP-901-v002-DE-Zustimmung-mit-der-genetischen__-Laboruntersuchung_interaktiv.pdf\">\n\t\t\t\t\t\t<span class=\"elementor-button-content-wrapper\">\n\t\t\t\t\t\t\t\t\t<span class=\"elementor-button-text\">Zustimmung des Untersuchten<\/span>\n\t\t\t\t\t<\/span>\n\t\t\t\t\t<\/a>\n\t\t\t\t<\/div>\n\t\t\t\t\t\t\t\t<\/div>\n\t\t\t\t<\/div>\n\t\t\t\t<div class=\"elementor-element elementor-element-7621ed9 elementor-button-info elementor-widget elementor-widget-button\" data-id=\"7621ed9\" data-element_type=\"widget\" data-e-type=\"widget\" data-widget_type=\"button.default\">\n\t\t\t\t<div class=\"elementor-widget-container\">\n\t\t\t\t\t\t\t\t\t<div class=\"elementor-button-wrapper\">\n\t\t\t\t\t<a class=\"elementor-button elementor-button-link elementor-size-sm\" href=\"\/wp-content\/uploads\/2024\/06\/F.GP-917-v002-DE-Informierte-Zustimmung-zur-Invasiven-Pranatalen__-Untersuchung_interaktiv.pdf\">\n\t\t\t\t\t\t<span class=\"elementor-button-content-wrapper\">\n\t\t\t\t\t\t\t\t\t<span class=\"elementor-button-text\">Zustimmung zu einem invasiven Eingriff<\/span>\n\t\t\t\t\t<\/span>\n\t\t\t\t\t<\/a>\n\t\t\t\t<\/div>\n\t\t\t\t\t\t\t\t<\/div>\n\t\t\t\t<\/div>\n\t\t\t\t\t<\/div>\n\t\t\t\t<\/div>\n\t\t<div class=\"elementor-element elementor-element-70ee4cc e-flex e-con-boxed e-con e-parent\" data-id=\"70ee4cc\" data-element_type=\"container\" data-e-type=\"container\">\n\t\t\t\t\t<div class=\"e-con-inner\">\n\t\t\t\t<div class=\"elementor-element elementor-element-9269de5 elementor-widget elementor-widget-heading\" data-id=\"9269de5\" data-element_type=\"widget\" data-e-type=\"widget\" data-widget_type=\"heading.default\">\n\t\t\t\t<div class=\"elementor-widget-container\">\n\t\t\t\t\t<h2 class=\"elementor-heading-title elementor-size-default\"><main><div class=\"limited\"><section><h2><h2>AMC \u2013 Fruchtwasserentnahme<\/h2><\/h2><\/section><\/div><\/main><\/h2>\t\t\t\t<\/div>\n\t\t\t\t<\/div>\n\t\t\t\t\t<\/div>\n\t\t\t\t<\/div>\n\t\t<div class=\"elementor-element elementor-element-bbb7b2d e-flex e-con-boxed e-con e-parent\" data-id=\"bbb7b2d\" data-element_type=\"container\" data-e-type=\"container\">\n\t\t\t\t\t<div class=\"e-con-inner\">\n\t\t\t\t<div class=\"elementor-element elementor-element-0ed8ac0 elementor-widget elementor-widget-text-editor\" data-id=\"0ed8ac0\" data-element_type=\"widget\" data-e-type=\"widget\" data-widget_type=\"text-editor.default\">\n\t\t\t\t<div class=\"elementor-widget-container\">\n\t\t\t\t\t\t\t\t\tProv\u00e1d\u00ed se&nbsp;<strong>od&nbsp;16.&nbsp;t\u00fddne<\/strong> t\u011bhotenstv\u00ed. Odb\u011br se&nbsp;prov\u00e1d\u00ed v\u017edy pod&nbsp;kontrolou ultrazvuku p\u0159es st\u011bnu b\u0159i\u0161n\u00ed velmi tenkou jehlou (0,5&nbsp;mm v&nbsp;pr\u016fm\u011bru). <strong>Odeb\u00edr\u00e1 p\u0159ibli\u017en\u011b 20&nbsp;ml plodov\u00e9 vody.<\/strong> Toto mal\u00e9 mno\u017estv\u00ed se&nbsp;b\u011bhem n\u011bkolika n\u00e1sleduj\u00edc\u00edch hodin po&nbsp;odb\u011bru dopln\u00ed. Riziko komplikac\u00ed spojen\u00fdch s&nbsp;v\u00fdkonem je 0,1&nbsp;a\u017e 0,5%.\t\t\t\t\t\t\t\t<\/div>\n\t\t\t\t<\/div>\n\t\t\t\t<div class=\"elementor-element elementor-element-f3a9ca0 elementor-button-info elementor-widget elementor-widget-button\" data-id=\"f3a9ca0\" data-element_type=\"widget\" data-e-type=\"widget\" data-widget_type=\"button.default\">\n\t\t\t\t<div class=\"elementor-widget-container\">\n\t\t\t\t\t\t\t\t\t<div class=\"elementor-button-wrapper\">\n\t\t\t\t\t<a class=\"elementor-button elementor-button-link elementor-size-sm\" href=\"\/wp-content\/uploads\/2024\/06\/F.GP-901-v002-DE-Zustimmung-mit-der-genetischen__-Laboruntersuchung_interaktiv.pdf\">\n\t\t\t\t\t\t<span class=\"elementor-button-content-wrapper\">\n\t\t\t\t\t\t\t\t\t<span class=\"elementor-button-text\">Zustimmung des Untersuchten<\/span>\n\t\t\t\t\t<\/span>\n\t\t\t\t\t<\/a>\n\t\t\t\t<\/div>\n\t\t\t\t\t\t\t\t<\/div>\n\t\t\t\t<\/div>\n\t\t\t\t<div class=\"elementor-element elementor-element-288da59 elementor-button-info elementor-widget elementor-widget-button\" data-id=\"288da59\" data-element_type=\"widget\" data-e-type=\"widget\" data-widget_type=\"button.default\">\n\t\t\t\t<div class=\"elementor-widget-container\">\n\t\t\t\t\t\t\t\t\t<div class=\"elementor-button-wrapper\">\n\t\t\t\t\t<a class=\"elementor-button elementor-button-link elementor-size-sm\" href=\"\/wp-content\/uploads\/2024\/06\/F.GP-917-v002-DE-Informierte-Zustimmung-zur-Invasiven-Pranatalen__-Untersuchung_interaktiv.pdf\">\n\t\t\t\t\t\t<span class=\"elementor-button-content-wrapper\">\n\t\t\t\t\t\t\t\t\t<span class=\"elementor-button-text\">Zustimmung zu einem invasiven Eingriff<\/span>\n\t\t\t\t\t<\/span>\n\t\t\t\t\t<\/a>\n\t\t\t\t<\/div>\n\t\t\t\t\t\t\t\t<\/div>\n\t\t\t\t<\/div>\n\t\t\t\t\t<\/div>\n\t\t\t\t<\/div>\n\t\t<div class=\"elementor-element elementor-element-caa8d59 e-flex e-con-boxed e-con e-parent\" data-id=\"caa8d59\" data-element_type=\"container\" data-e-type=\"container\">\n\t\t\t\t\t<div class=\"e-con-inner\">\n\t\t\t\t<div class=\"elementor-element elementor-element-c7fc06c elementor-widget elementor-widget-heading\" data-id=\"c7fc06c\" data-element_type=\"widget\" data-e-type=\"widget\" data-widget_type=\"heading.default\">\n\t\t\t\t<div class=\"elementor-widget-container\">\n\t\t\t\t\t<h2 class=\"elementor-heading-title elementor-size-default\"><main><div class=\"limited\"><section><h2><h2>Selektiver Fetozid \/ fetale Reduktion<\/h2><\/h2><\/section><\/div><\/main><\/h2>\t\t\t\t<\/div>\n\t\t\t\t<\/div>\n\t\t\t\t\t<\/div>\n\t\t\t\t<\/div>\n\t\t<div class=\"elementor-element elementor-element-8e28939 e-flex e-con-boxed e-con e-parent\" data-id=\"8e28939\" data-element_type=\"container\" data-e-type=\"container\">\n\t\t\t\t\t<div class=\"e-con-inner\">\n\t\t\t\t<div class=\"elementor-element elementor-element-d353ac0 elementor-widget elementor-widget-text-editor\" data-id=\"d353ac0\" data-element_type=\"widget\" data-e-type=\"widget\" data-widget_type=\"text-editor.default\">\n\t\t\t\t<div class=\"elementor-widget-container\">\n\t\t\t\t\t\t\t\t\t<p class=\" translation-block\">Bei Zwillings- oder Mehrlingsschwangerschaften kann es vorkommen, dass eines der F\u00f6ten eine Fehlbildung hat und der andere gesund ist. Der behinderte F\u00f6tus kann dann die gesamte Schwangerschaft beeintr\u00e4chtigen. In diesen F\u00e4llen kann manchmal die Entwicklung des behinderten F\u00f6tus gestoppt werden, um eine normale Weiterentwicklung des gesunden F\u00f6tus zu erm\u00f6glichen.\n<br><br>\n\nDie Reduktion kann bis zur 12. Schwangerschaftswoche auch auf Wunsch der Schwangeren durchgef\u00fchrt werden, wenn diese aus gesundheitlichen oder sozialen Gr\u00fcnden eine Einlingsgravidit\u00e4t vorzieht.\n<br><br>\nDer Eingriff verl\u00e4uft sehr \u00e4hnlich wie bei der CVS ( Plazentapunktion ) und das Risiko f\u00fcr eine Besch\u00e4digung des \u00fcbrigen F\u00f6tus liegt bei ca. 5-10%.<\/p>\t\t\t\t\t\t\t\t<\/div>\n\t\t\t\t<\/div>\n\t\t\t\t<div class=\"elementor-element elementor-element-d382ae2 elementor-button-info elementor-widget elementor-widget-button\" data-id=\"d382ae2\" data-element_type=\"widget\" data-e-type=\"widget\" data-widget_type=\"button.default\">\n\t\t\t\t<div class=\"elementor-widget-container\">\n\t\t\t\t\t\t\t\t\t<div class=\"elementor-button-wrapper\">\n\t\t\t\t\t<a class=\"elementor-button elementor-button-link elementor-size-sm\" href=\"\/wp-content\/uploads\/2024\/02\/fgp_919_v001_informierte_zustimmung_fetale_reduktion.pdf\">\n\t\t\t\t\t\t<span class=\"elementor-button-content-wrapper\">\n\t\t\t\t\t\t\t\t\t<span class=\"elementor-button-text\">Informierte Zustimmung<\/span>\n\t\t\t\t\t<\/span>\n\t\t\t\t\t<\/a>\n\t\t\t\t<\/div>\n\t\t\t\t\t\t\t\t<\/div>\n\t\t\t\t<\/div>\n\t\t\t\t<div class=\"elementor-element elementor-element-829cfe8 elementor-widget elementor-widget-spacer\" data-id=\"829cfe8\" data-element_type=\"widget\" data-e-type=\"widget\" data-widget_type=\"spacer.default\">\n\t\t\t\t<div class=\"elementor-widget-container\">\n\t\t\t\t\t\t\t<div class=\"elementor-spacer\">\n\t\t\t<div class=\"elementor-spacer-inner\"><\/div>\n\t\t<\/div>\n\t\t\t\t\t\t<\/div>\n\t\t\t\t<\/div>\n\t\t\t\t\t<\/div>\n\t\t\t\t<\/div>\n\t\t\t\t<\/div>","protected":false},"excerpt":{"rendered":"<p>K&nbsp;nej\u010dast\u011bj\u0161\u00edm invazivn\u00edm v\u00fdkon\u016fm v&nbsp;dob\u011b t\u011bhotenstv\u00ed pat\u0159\u00ed: CVS&nbsp;&#8211;&nbsp;odb\u011br choriov\u00fdch klk\u016f (placenty) Prov\u00e1d\u00ed se mezi 10.-14. t\u00fddnem t\u011bhotenstv\u00ed. V\u00fdkon se v tomto p\u0159\u00edpad\u011b prov\u00e1d\u00ed v\u017edy pod ultrazvukovou kontrolou a v\u017edy zcela mimo plod. V\u00fdsledek nej\u010dast\u011bj\u0161\u00edch syndrom\u016f metodou QFPCR je zn\u00e1m do 24 hodin po odb\u011bru. V\u00fdsledek kompletn\u00edho chromozom\u00e1ln\u00edho vy\u0161et\u0159en\u00ed (karyotyp) je do 3 t\u00fddn\u016f. Riziko komplikac\u00ed spojen\u00fdch [&hellip;]<\/p>","protected":false},"author":9,"featured_media":0,"parent":7072,"menu_order":0,"comment_status":"closed","ping_status":"closed","template":"","meta":{"footnotes":""},"service-area":[27],"class_list":["post-7157","page","type-page","status-publish","hentry","service-area-geneticka-ambulance"],"yoast_head":"<!-- This site is optimized with the Yoast SEO plugin v20.2 - https:\/\/yoast.com\/wordpress\/plugins\/seo\/ -->\n<title>Invazivn\u00ed v\u00fdkony | Genetika Plze\u0148<\/title>\n<meta name=\"robots\" content=\"index, follow, max-snippet:-1, max-image-preview:large, max-video-preview:-1\" \/>\n<link rel=\"canonical\" href=\"https:\/\/genetika-plzen.nullable.group\/de\/geneticka-ambulance\/invazivni-vykony\/\" \/>\n<meta property=\"og:locale\" content=\"de_DE\" \/>\n<meta property=\"og:type\" content=\"article\" \/>\n<meta property=\"og:title\" content=\"Invazivn\u00ed v\u00fdkony | Genetika Plze\u0148\" \/>\n<meta property=\"og:description\" content=\"K&nbsp;nej\u010dast\u011bj\u0161\u00edm invazivn\u00edm v\u00fdkon\u016fm v&nbsp;dob\u011b t\u011bhotenstv\u00ed pat\u0159\u00ed: CVS&nbsp;&#8211;&nbsp;odb\u011br choriov\u00fdch klk\u016f (placenty) Prov\u00e1d\u00ed se mezi 10.-14. t\u00fddnem t\u011bhotenstv\u00ed. V\u00fdkon se v tomto p\u0159\u00edpad\u011b prov\u00e1d\u00ed v\u017edy pod ultrazvukovou kontrolou a v\u017edy zcela mimo plod. V\u00fdsledek nej\u010dast\u011bj\u0161\u00edch syndrom\u016f metodou QFPCR je zn\u00e1m do 24 hodin po odb\u011bru. V\u00fdsledek kompletn\u00edho chromozom\u00e1ln\u00edho vy\u0161et\u0159en\u00ed (karyotyp) je do 3 t\u00fddn\u016f. Riziko komplikac\u00ed spojen\u00fdch [&hellip;]\" \/>\n<meta property=\"og:url\" content=\"https:\/\/genetika-plzen.nullable.group\/de\/geneticka-ambulance\/invazivni-vykony\/\" \/>\n<meta property=\"og:site_name\" content=\"Genetika Plze\u0148\" \/>\n<meta property=\"article:modified_time\" content=\"2024-04-23T21:58:42+00:00\" \/>\n<meta property=\"og:image\" content=\"https:\/\/genetika-plzen.nullable.group\/wp-content\/uploads\/2024\/02\/thumb_3000x3000_invazivni-vykony.jpg\" \/>\n<meta name=\"twitter:card\" content=\"summary_large_image\" \/>\n<meta name=\"twitter:label1\" content=\"Est. reading time\" \/>\n\t<meta name=\"twitter:data1\" content=\"2 minutes\" \/>\n<script type=\"application\/ld+json\" class=\"yoast-schema-graph\">{\"@context\":\"https:\/\/schema.org\",\"@graph\":[{\"@type\":\"WebPage\",\"@id\":\"https:\/\/genetika-plzen.nullable.group\/geneticka-ambulance\/invazivni-vykony\/\",\"url\":\"https:\/\/genetika-plzen.nullable.group\/geneticka-ambulance\/invazivni-vykony\/\",\"name\":\"Invazivn\u00ed v\u00fdkony | Genetika Plze\u0148\",\"isPartOf\":{\"@id\":\"https:\/\/genetika-plzen.nullable.group\/#website\"},\"datePublished\":\"2024-02-03T23:01:24+00:00\",\"dateModified\":\"2024-04-23T21:58:42+00:00\",\"breadcrumb\":{\"@id\":\"https:\/\/genetika-plzen.nullable.group\/geneticka-ambulance\/invazivni-vykony\/#breadcrumb\"},\"inLanguage\":\"de-DE-formal\",\"potentialAction\":[{\"@type\":\"ReadAction\",\"target\":[\"https:\/\/genetika-plzen.nullable.group\/geneticka-ambulance\/invazivni-vykony\/\"]}]},{\"@type\":\"BreadcrumbList\",\"@id\":\"https:\/\/genetika-plzen.nullable.group\/geneticka-ambulance\/invazivni-vykony\/#breadcrumb\",\"itemListElement\":[{\"@type\":\"ListItem\",\"position\":1,\"name\":\"Home\",\"item\":\"https:\/\/genetika-plzen.nullable.group\/\"},{\"@type\":\"ListItem\",\"position\":2,\"name\":\"Genetick\u00e1 ambulance\",\"item\":\"https:\/\/genetika-plzen.nullable.group\/de\/geneticka-ambulance\/\"},{\"@type\":\"ListItem\",\"position\":3,\"name\":\"Invazivn\u00ed v\u00fdkony\"}]},{\"@type\":\"WebSite\",\"@id\":\"https:\/\/genetika-plzen.nullable.group\/#website\",\"url\":\"https:\/\/genetika-plzen.nullable.group\/\",\"name\":\"Genetika Plze\u0148\",\"description\":\"Genetika Plze\u0148\",\"publisher\":{\"@id\":\"https:\/\/genetika-plzen.nullable.group\/#organization\"},\"potentialAction\":[{\"@type\":\"SearchAction\",\"target\":{\"@type\":\"EntryPoint\",\"urlTemplate\":\"https:\/\/genetika-plzen.nullable.group\/?s={search_term_string}\"},\"query-input\":\"required name=search_term_string\"}],\"inLanguage\":\"de-DE-formal\"},{\"@type\":\"Organization\",\"@id\":\"https:\/\/genetika-plzen.nullable.group\/#organization\",\"name\":\"Genetika Plze\u0148\",\"url\":\"https:\/\/genetika-plzen.nullable.group\/\",\"logo\":{\"@type\":\"ImageObject\",\"inLanguage\":\"de-DE-formal\",\"@id\":\"https:\/\/genetika-plzen.nullable.group\/#\/schema\/logo\/image\/\",\"url\":\"https:\/\/genetika-plzen.nullable.group\/wp-content\/uploads\/2022\/07\/logo2.svg\",\"contentUrl\":\"https:\/\/genetika-plzen.nullable.group\/wp-content\/uploads\/2022\/07\/logo2.svg\",\"width\":286,\"height\":95,\"caption\":\"Genetika Plze\u0148\"},\"image\":{\"@id\":\"https:\/\/genetika-plzen.nullable.group\/#\/schema\/logo\/image\/\"}}]}<\/script>\n<!-- \/ Yoast SEO plugin. -->","yoast_head_json":{"title":"Invazivn\u00ed v\u00fdkony | Genetika Plze\u0148","robots":{"index":"index","follow":"follow","max-snippet":"max-snippet:-1","max-image-preview":"max-image-preview:large","max-video-preview":"max-video-preview:-1"},"canonical":"https:\/\/genetika-plzen.nullable.group\/de\/geneticka-ambulance\/invazivni-vykony\/","og_locale":"de_DE","og_type":"article","og_title":"Invazivn\u00ed v\u00fdkony | Genetika Plze\u0148","og_description":"K&nbsp;nej\u010dast\u011bj\u0161\u00edm invazivn\u00edm v\u00fdkon\u016fm v&nbsp;dob\u011b t\u011bhotenstv\u00ed pat\u0159\u00ed: CVS&nbsp;&#8211;&nbsp;odb\u011br choriov\u00fdch klk\u016f (placenty) Prov\u00e1d\u00ed se mezi 10.-14. t\u00fddnem t\u011bhotenstv\u00ed. V\u00fdkon se v tomto p\u0159\u00edpad\u011b prov\u00e1d\u00ed v\u017edy pod ultrazvukovou kontrolou a v\u017edy zcela mimo plod. V\u00fdsledek nej\u010dast\u011bj\u0161\u00edch syndrom\u016f metodou QFPCR je zn\u00e1m do 24 hodin po odb\u011bru. V\u00fdsledek kompletn\u00edho chromozom\u00e1ln\u00edho vy\u0161et\u0159en\u00ed (karyotyp) je do 3 t\u00fddn\u016f. Riziko komplikac\u00ed spojen\u00fdch [&hellip;]","og_url":"https:\/\/genetika-plzen.nullable.group\/de\/geneticka-ambulance\/invazivni-vykony\/","og_site_name":"Genetika Plze\u0148","article_modified_time":"2024-04-23T21:58:42+00:00","og_image":[{"url":"https:\/\/genetika-plzen.nullable.group\/wp-content\/uploads\/2024\/02\/thumb_3000x3000_invazivni-vykony.jpg"}],"twitter_card":"summary_large_image","twitter_misc":{"Est. reading time":"2 minutes"},"schema":{"@context":"https:\/\/schema.org","@graph":[{"@type":"WebPage","@id":"https:\/\/genetika-plzen.nullable.group\/geneticka-ambulance\/invazivni-vykony\/","url":"https:\/\/genetika-plzen.nullable.group\/geneticka-ambulance\/invazivni-vykony\/","name":"Invazivn\u00ed v\u00fdkony | Genetika Plze\u0148","isPartOf":{"@id":"https:\/\/genetika-plzen.nullable.group\/#website"},"datePublished":"2024-02-03T23:01:24+00:00","dateModified":"2024-04-23T21:58:42+00:00","breadcrumb":{"@id":"https:\/\/genetika-plzen.nullable.group\/geneticka-ambulance\/invazivni-vykony\/#breadcrumb"},"inLanguage":"de-DE-formal","potentialAction":[{"@type":"ReadAction","target":["https:\/\/genetika-plzen.nullable.group\/geneticka-ambulance\/invazivni-vykony\/"]}]},{"@type":"BreadcrumbList","@id":"https:\/\/genetika-plzen.nullable.group\/geneticka-ambulance\/invazivni-vykony\/#breadcrumb","itemListElement":[{"@type":"ListItem","position":1,"name":"Home","item":"https:\/\/genetika-plzen.nullable.group\/"},{"@type":"ListItem","position":2,"name":"Genetick\u00e1 ambulance","item":"https:\/\/genetika-plzen.nullable.group\/de\/geneticka-ambulance\/"},{"@type":"ListItem","position":3,"name":"Invazivn\u00ed v\u00fdkony"}]},{"@type":"WebSite","@id":"https:\/\/genetika-plzen.nullable.group\/#website","url":"https:\/\/genetika-plzen.nullable.group\/","name":"Genetika Plze\u0148","description":"Genetika Plze\u0148","publisher":{"@id":"https:\/\/genetika-plzen.nullable.group\/#organization"},"potentialAction":[{"@type":"SearchAction","target":{"@type":"EntryPoint","urlTemplate":"https:\/\/genetika-plzen.nullable.group\/?s={search_term_string}"},"query-input":"required name=search_term_string"}],"inLanguage":"de-DE-formal"},{"@type":"Organization","@id":"https:\/\/genetika-plzen.nullable.group\/#organization","name":"Genetika Plze\u0148","url":"https:\/\/genetika-plzen.nullable.group\/","logo":{"@type":"ImageObject","inLanguage":"de-DE-formal","@id":"https:\/\/genetika-plzen.nullable.group\/#\/schema\/logo\/image\/","url":"https:\/\/genetika-plzen.nullable.group\/wp-content\/uploads\/2022\/07\/logo2.svg","contentUrl":"https:\/\/genetika-plzen.nullable.group\/wp-content\/uploads\/2022\/07\/logo2.svg","width":286,"height":95,"caption":"Genetika Plze\u0148"},"image":{"@id":"https:\/\/genetika-plzen.nullable.group\/#\/schema\/logo\/image\/"}}]}},"_links":{"self":[{"href":"https:\/\/genetika-plzen.nullable.group\/de\/wp-json\/wp\/v2\/pages\/7157","targetHints":{"allow":["GET"]}}],"collection":[{"href":"https:\/\/genetika-plzen.nullable.group\/de\/wp-json\/wp\/v2\/pages"}],"about":[{"href":"https:\/\/genetika-plzen.nullable.group\/de\/wp-json\/wp\/v2\/types\/page"}],"author":[{"embeddable":true,"href":"https:\/\/genetika-plzen.nullable.group\/de\/wp-json\/wp\/v2\/users\/9"}],"replies":[{"embeddable":true,"href":"https:\/\/genetika-plzen.nullable.group\/de\/wp-json\/wp\/v2\/comments?post=7157"}],"version-history":[{"count":43,"href":"https:\/\/genetika-plzen.nullable.group\/de\/wp-json\/wp\/v2\/pages\/7157\/revisions"}],"predecessor-version":[{"id":8545,"href":"https:\/\/genetika-plzen.nullable.group\/de\/wp-json\/wp\/v2\/pages\/7157\/revisions\/8545"}],"up":[{"embeddable":true,"href":"https:\/\/genetika-plzen.nullable.group\/de\/wp-json\/wp\/v2\/pages\/7072"}],"wp:attachment":[{"href":"https:\/\/genetika-plzen.nullable.group\/de\/wp-json\/wp\/v2\/media?parent=7157"}],"wp:term":[{"taxonomy":"service-area","embeddable":true,"href":"https:\/\/genetika-plzen.nullable.group\/de\/wp-json\/wp\/v2\/service-area?post=7157"}],"curies":[{"name":"wp","href":"https:\/\/api.w.org\/{rel}","templated":true}]}}