{"id":7169,"date":"2024-02-04T00:07:25","date_gmt":"2024-02-03T23:07:25","guid":{"rendered":"https:\/\/genetika-plzen.nullable.group\/?page_id=7169"},"modified":"2025-09-24T05:50:19","modified_gmt":"2025-09-24T03:50:19","slug":"onkogynekologicke-vysetreni","status":"publish","type":"page","link":"https:\/\/genetika-plzen.nullable.group\/de\/geneticka-ambulance\/onkogynekologicke-vysetreni\/","title":{"rendered":"Onkogyn\u00e4kologische Untersuchung"},"content":{"rendered":"<div data-elementor-type=\"wp-page\" data-elementor-id=\"7169\" class=\"elementor elementor-7169\">\n\t\t\t\t<div class=\"elementor-element elementor-element-c1534e9 e-flex e-con-boxed e-con e-parent\" data-id=\"c1534e9\" data-element_type=\"container\" data-e-type=\"container\">\n\t\t\t\t\t<div class=\"e-con-inner\">\n\t\t\t\t<div class=\"elementor-element elementor-element-01be8a2 elementor-widget elementor-widget-spacer\" data-id=\"01be8a2\" data-element_type=\"widget\" data-e-type=\"widget\" data-widget_type=\"spacer.default\">\n\t\t\t\t<div class=\"elementor-widget-container\">\n\t\t\t\t\t\t\t<div class=\"elementor-spacer\">\n\t\t\t<div class=\"elementor-spacer-inner\"><\/div>\n\t\t<\/div>\n\t\t\t\t\t\t<\/div>\n\t\t\t\t<\/div>\n\t\t\t\t<div class=\"elementor-element elementor-element-207a2d0 elementor-widget elementor-widget-heading\" data-id=\"207a2d0\" data-element_type=\"widget\" data-e-type=\"widget\" data-widget_type=\"heading.default\">\n\t\t\t\t<div class=\"elementor-widget-container\">\n\t\t\t\t\t<h2 class=\"elementor-heading-title elementor-size-default\"><main><div class=\"limited\"><section><h2><h2>Beratung mit einem Spezialisten bei erh\u00f6htem Risiko f\u00fcr Krebserkrankungen<\/h2><\/h2><\/section><\/div><\/main><\/h2>\t\t\t\t<\/div>\n\t\t\t\t<\/div>\n\t\t\t\t\t<\/div>\n\t\t\t\t<\/div>\n\t\t<div class=\"elementor-element elementor-element-6d0fd54 e-flex e-con-boxed e-con e-parent\" data-id=\"6d0fd54\" data-element_type=\"container\" data-e-type=\"container\">\n\t\t\t\t\t<div class=\"e-con-inner\">\n\t\t\t\t<div class=\"elementor-element elementor-element-db46553 elementor-widget elementor-widget-text-editor\" data-id=\"db46553\" data-element_type=\"widget\" data-e-type=\"widget\" data-widget_type=\"text-editor.default\">\n\t\t\t\t<div class=\"elementor-widget-container\">\n\t\t\t\t\t\t\t\t\t<p><strong>Sichern Sie Ihren Patientinnen die beste Betreuung <\/strong><\/p><p>In Zusammenarbeit mit dem erfahrenen Onkogyn\u00e4kologen MUDr. Pavel Vlas\u00e1k bieten wir eine onkogyn\u00e4kologische Beratung f\u00fcr Patientinnen mit einem erh\u00f6hten Risiko f\u00fcr gyn\u00e4kologische Krebserkrankungen an.<\/p><p><strong>F\u00fcr wen ist die Untersuchung geeignet:<\/strong><\/p><ul><li>Verd\u00e4chtiger Ultraschallbefund \u2013 zystische Formationen an den Eierst\u00f6cken, verd\u00e4chtiger Befund der Geb\u00e4rmutterschleimhaut, \u201eschlechter\u201c Befund aus der Zytologie<\/li><li>Patientinnen mit Indikation f\u00fcr einen invasiven Eingriff (Operation), die vor dem Eingriff eine Beratung durch einen zweiten Spezialisten (\u201esecond opinion\u201c) w\u00fcnschen<\/li><li>Erkl\u00e4rung der M\u00f6glichkeiten und Beratung \u00fcber m\u00f6gliche Behandlungsmethoden f\u00fcr onkogyn\u00e4kologische Patientinnen<\/li><li>Vorsorgeuntersuchung f\u00fcr Patientinnen mit Krebserkrankungen der Brust oder Fortpflanzungsorgane in der Familie (BRCA positiv)<\/li><\/ul><p>Die Untersuchung wird von dem <strong>erfahrenen, zertifizierten Onkogyn\u00e4kologen as. MUDr. Pavel Vlas\u00e1k durchgef\u00fchrt<\/strong>, Leiter des Ultraschallzentrums der gyn\u00e4kologisch-geburtshilflichen Klinik des Universit\u00e4tsklinikums Pilsen, Mitglied des umfassenden onkogyn\u00e4kologischen Zentrums des Universit\u00e4tsklinikums Pilsen und Arzt, der an der Sprechstunde f\u00fcr erbliche Erkrankungen in der Onkologie (ADO) beteiligt ist.<\/p><p><strong>USG-Ger\u00e4t:<\/strong> GE Voluson E 10 \u2013 das beste USG-Ger\u00e4t. Die Untersuchung besteht aus einem USG nicht nur des kleinen Beckens, sondern in indizierten F\u00e4llen auch der gesamten Bauchh\u00f6hle (Leber, Nieren, Ausschluss von Aszites), Bewertung der Befunde und Beratung des weiteren Vorgehens.<\/p><p><strong>Empfehlung f\u00fcr einen operativen \/ konservativen Ansatz.<\/strong><br \/>Beurteilung, ob eine operative Behandlung notwendig ist. Bei Bedarf kann in Absprache mit der Patientin eine umfassende onkogyn\u00e4kologische Betreuung an der GPK FN Pilsen organisiert werden, wo MUDr. Pavel Vlas\u00e1k weiterhin in Vollzeit t\u00e4tig ist. Oder nach Vereinbarung auch an einem anderen Standort. Dies ist ein \u00fcberdurchschnittlicher Service, der nicht von der Krankenversicherung abgedeckt ist.<\/p><h3>Der Preis f\u00fcr die Untersuchung betr\u00e4gt 1 000 K\u010d.\u00a0<\/h3><p><u>Wenn Sie an diesen Untersuchungen interessiert sind, vereinbaren Sie bitte einen Termin \u00fcber unsere Rezeption.<\/u><\/p><p>tel.:\u00a0<a href=\"tel: 420377241529\">+420\u00a0377\u00a0241\u00a0529<\/a><br \/>tel.:\u00a0<a href=\"tel: 420603174793\">+420\u00a0603\u00a0174\u00a0793<\/a><br \/>tel.:\u00a0<a href=\"tel: 420603174793\">+420\u00a0702\u00a0270\u00a0911<\/a><\/p>\t\t\t\t\t\t\t\t<\/div>\n\t\t\t\t<\/div>\n\t\t\t\t<div class=\"elementor-element elementor-element-62405c0 elementor-button-info elementor-widget elementor-widget-button\" data-id=\"62405c0\" data-element_type=\"widget\" data-e-type=\"widget\" data-widget_type=\"button.default\">\n\t\t\t\t<div class=\"elementor-widget-container\">\n\t\t\t\t\t\t\t\t\t<div class=\"elementor-button-wrapper\">\n\t\t\t\t\t<a class=\"elementor-button elementor-button-link elementor-size-sm\" href=\"\/wp-content\/uploads\/2024\/03\/A5-ONKOGYNEKOLOGIE_28-04-2022.pdf\">\n\t\t\t\t\t\t<span class=\"elementor-button-content-wrapper\">\n\t\t\t\t\t\t\t\t\t<span class=\"elementor-button-text\">Flugschrift<\/span>\n\t\t\t\t\t<\/span>\n\t\t\t\t\t<\/a>\n\t\t\t\t<\/div>\n\t\t\t\t\t\t\t\t<\/div>\n\t\t\t\t<\/div>\n\t\t\t\t<div class=\"elementor-element elementor-element-4aca610 elementor-widget elementor-widget-image\" data-id=\"4aca610\" data-element_type=\"widget\" data-e-type=\"widget\" data-widget_type=\"image.default\">\n\t\t\t\t<div class=\"elementor-widget-container\">\n\t\t\t\t\t\t\t\t\t\t\t\t\t\t\t<img fetchpriority=\"high\" decoding=\"async\" width=\"800\" height=\"534\" src=\"https:\/\/genetika-plzen.nullable.group\/wp-content\/uploads\/2024\/02\/thumb_3000x3000_onkogynekologicke-vysetreni-1024x683.jpg\" class=\"attachment-large size-large wp-image-7171\" alt=\"\" srcset=\"https:\/\/genetika-plzen.nullable.group\/wp-content\/uploads\/2024\/02\/thumb_3000x3000_onkogynekologicke-vysetreni-1024x683.jpg 1024w, https:\/\/genetika-plzen.nullable.group\/wp-content\/uploads\/2024\/02\/thumb_3000x3000_onkogynekologicke-vysetreni-300x200.jpg 300w, https:\/\/genetika-plzen.nullable.group\/wp-content\/uploads\/2024\/02\/thumb_3000x3000_onkogynekologicke-vysetreni-768x512.jpg 768w, https:\/\/genetika-plzen.nullable.group\/wp-content\/uploads\/2024\/02\/thumb_3000x3000_onkogynekologicke-vysetreni-1536x1024.jpg 1536w, https:\/\/genetika-plzen.nullable.group\/wp-content\/uploads\/2024\/02\/thumb_3000x3000_onkogynekologicke-vysetreni.jpg 1920w\" sizes=\"(max-width: 800px) 100vw, 800px\" \/>\t\t\t\t\t\t\t\t\t\t\t\t\t\t\t<\/div>\n\t\t\t\t<\/div>\n\t\t\t\t<div class=\"elementor-element elementor-element-19f96fe elementor-widget elementor-widget-spacer\" data-id=\"19f96fe\" data-element_type=\"widget\" data-e-type=\"widget\" data-widget_type=\"spacer.default\">\n\t\t\t\t<div class=\"elementor-widget-container\">\n\t\t\t\t\t\t\t<div class=\"elementor-spacer\">\n\t\t\t<div class=\"elementor-spacer-inner\"><\/div>\n\t\t<\/div>\n\t\t\t\t\t\t<\/div>\n\t\t\t\t<\/div>\n\t\t\t\t\t<\/div>\n\t\t\t\t<\/div>\n\t\t\t\t<\/div>","protected":false},"excerpt":{"rendered":"<p>Konzultace s&nbsp;odborn\u00edkem p\u0159i&nbsp;zvy\u0301\u0161en\u00e9m riziku n\u00e1dorov\u00e9ho onemocn\u011bn\u00ed Zajist\u011bte svy\u0301m pacientk\u00e1m nejlep\u0161\u00ed p\u00e9\u010di Ve spolupr\u00e1ci se zku\u0161eny\u0301m onkogynekologem, MUDr. Pavlem Vlas\u00e1kem nab\u00edz\u00edme onkogynekologickou konzultaci pro pacientky se zvy\u0301\u0161eny\u0301m rizikem gynekologick\u00e9ho n\u00e1dorov\u00e9ho onemocn\u011bn\u00ed. Pro\u00a0koho je vy\u0161et\u0159en\u00ed vhodn\u00e9: podez\u0159ely\u0301 ultrazvukovy\u0301 n\u00e1lez \u2013 cystick\u00e9 \u00fatvary na\u00a0vaje\u010dn\u00edc\u00edch, podez\u0159ely\u0301 n\u00e1lez d\u011blo\u017en\u00ed sliznice , \u201e\u0161patny\u0301\u201c n\u00e1lez z\u00a0cytologie pacientky s\u00a0indikac\u00ed k\u00a0invazivn\u00edmu z\u00e1kroku (operace), kter\u00e9 [&hellip;]<\/p>","protected":false},"author":9,"featured_media":0,"parent":7072,"menu_order":0,"comment_status":"closed","ping_status":"closed","template":"","meta":{"footnotes":""},"service-area":[27],"class_list":["post-7169","page","type-page","status-publish","hentry","service-area-geneticka-ambulance"],"yoast_head":"<!-- This site is optimized with the Yoast SEO plugin v20.2 - https:\/\/yoast.com\/wordpress\/plugins\/seo\/ -->\n<title>Onkogynekologick\u00e9 vy\u0161et\u0159en\u00ed | Genetika Plze\u0148<\/title>\n<meta name=\"robots\" content=\"index, follow, max-snippet:-1, max-image-preview:large, max-video-preview:-1\" \/>\n<link rel=\"canonical\" href=\"https:\/\/genetika-plzen.nullable.group\/de\/geneticka-ambulance\/onkogynekologicke-vysetreni\/\" \/>\n<meta property=\"og:locale\" content=\"de_DE\" \/>\n<meta property=\"og:type\" content=\"article\" \/>\n<meta property=\"og:title\" content=\"Onkogynekologick\u00e9 vy\u0161et\u0159en\u00ed | Genetika Plze\u0148\" \/>\n<meta property=\"og:description\" content=\"Konzultace s&nbsp;odborn\u00edkem p\u0159i&nbsp;zvy\u0301\u0161en\u00e9m riziku n\u00e1dorov\u00e9ho onemocn\u011bn\u00ed Zajist\u011bte svy\u0301m pacientk\u00e1m nejlep\u0161\u00ed p\u00e9\u010di Ve spolupr\u00e1ci se zku\u0161eny\u0301m onkogynekologem, MUDr. Pavlem Vlas\u00e1kem nab\u00edz\u00edme onkogynekologickou konzultaci pro pacientky se zvy\u0301\u0161eny\u0301m rizikem gynekologick\u00e9ho n\u00e1dorov\u00e9ho onemocn\u011bn\u00ed. Pro\u00a0koho je vy\u0161et\u0159en\u00ed vhodn\u00e9: podez\u0159ely\u0301 ultrazvukovy\u0301 n\u00e1lez \u2013 cystick\u00e9 \u00fatvary na\u00a0vaje\u010dn\u00edc\u00edch, podez\u0159ely\u0301 n\u00e1lez d\u011blo\u017en\u00ed sliznice , \u201e\u0161patny\u0301\u201c n\u00e1lez z\u00a0cytologie pacientky s\u00a0indikac\u00ed k\u00a0invazivn\u00edmu z\u00e1kroku (operace), kter\u00e9 [&hellip;]\" \/>\n<meta property=\"og:url\" content=\"https:\/\/genetika-plzen.nullable.group\/de\/geneticka-ambulance\/onkogynekologicke-vysetreni\/\" \/>\n<meta property=\"og:site_name\" content=\"Genetika Plze\u0148\" \/>\n<meta property=\"article:modified_time\" content=\"2025-09-24T03:50:19+00:00\" \/>\n<meta property=\"og:image\" content=\"https:\/\/www.genetika-plzen.cz\/wp-content\/uploads\/2024\/02\/thumb_3000x3000_onkogynekologicke-vysetreni-1024x683.jpg\" \/>\n<meta name=\"twitter:card\" content=\"summary_large_image\" \/>\n<meta name=\"twitter:label1\" content=\"Est. reading time\" \/>\n\t<meta name=\"twitter:data1\" content=\"2 minutes\" \/>\n<script type=\"application\/ld+json\" class=\"yoast-schema-graph\">{\"@context\":\"https:\/\/schema.org\",\"@graph\":[{\"@type\":\"WebPage\",\"@id\":\"https:\/\/genetika-plzen.nullable.group\/geneticka-ambulance\/onkogynekologicke-vysetreni\/\",\"url\":\"https:\/\/genetika-plzen.nullable.group\/geneticka-ambulance\/onkogynekologicke-vysetreni\/\",\"name\":\"Onkogynekologick\u00e9 vy\u0161et\u0159en\u00ed | Genetika Plze\u0148\",\"isPartOf\":{\"@id\":\"https:\/\/genetika-plzen.nullable.group\/#website\"},\"datePublished\":\"2024-02-03T23:07:25+00:00\",\"dateModified\":\"2025-09-24T03:50:19+00:00\",\"breadcrumb\":{\"@id\":\"https:\/\/genetika-plzen.nullable.group\/geneticka-ambulance\/onkogynekologicke-vysetreni\/#breadcrumb\"},\"inLanguage\":\"de-DE-formal\",\"potentialAction\":[{\"@type\":\"ReadAction\",\"target\":[\"https:\/\/genetika-plzen.nullable.group\/geneticka-ambulance\/onkogynekologicke-vysetreni\/\"]}]},{\"@type\":\"BreadcrumbList\",\"@id\":\"https:\/\/genetika-plzen.nullable.group\/geneticka-ambulance\/onkogynekologicke-vysetreni\/#breadcrumb\",\"itemListElement\":[{\"@type\":\"ListItem\",\"position\":1,\"name\":\"Home\",\"item\":\"https:\/\/genetika-plzen.nullable.group\/\"},{\"@type\":\"ListItem\",\"position\":2,\"name\":\"Genetick\u00e1 ambulance\",\"item\":\"https:\/\/genetika-plzen.nullable.group\/de\/geneticka-ambulance\/\"},{\"@type\":\"ListItem\",\"position\":3,\"name\":\"Onkogynekologick\u00e9 vy\u0161et\u0159en\u00ed\"}]},{\"@type\":\"WebSite\",\"@id\":\"https:\/\/genetika-plzen.nullable.group\/#website\",\"url\":\"https:\/\/genetika-plzen.nullable.group\/\",\"name\":\"Genetika Plze\u0148\",\"description\":\"Genetika Plze\u0148\",\"publisher\":{\"@id\":\"https:\/\/genetika-plzen.nullable.group\/#organization\"},\"potentialAction\":[{\"@type\":\"SearchAction\",\"target\":{\"@type\":\"EntryPoint\",\"urlTemplate\":\"https:\/\/genetika-plzen.nullable.group\/?s={search_term_string}\"},\"query-input\":\"required name=search_term_string\"}],\"inLanguage\":\"de-DE-formal\"},{\"@type\":\"Organization\",\"@id\":\"https:\/\/genetika-plzen.nullable.group\/#organization\",\"name\":\"Genetika Plze\u0148\",\"url\":\"https:\/\/genetika-plzen.nullable.group\/\",\"logo\":{\"@type\":\"ImageObject\",\"inLanguage\":\"de-DE-formal\",\"@id\":\"https:\/\/genetika-plzen.nullable.group\/#\/schema\/logo\/image\/\",\"url\":\"https:\/\/genetika-plzen.nullable.group\/wp-content\/uploads\/2022\/07\/logo2.svg\",\"contentUrl\":\"https:\/\/genetika-plzen.nullable.group\/wp-content\/uploads\/2022\/07\/logo2.svg\",\"width\":286,\"height\":95,\"caption\":\"Genetika Plze\u0148\"},\"image\":{\"@id\":\"https:\/\/genetika-plzen.nullable.group\/#\/schema\/logo\/image\/\"}}]}<\/script>\n<!-- \/ Yoast SEO plugin. -->","yoast_head_json":{"title":"Onkogynekologick\u00e9 vy\u0161et\u0159en\u00ed | Genetika Plze\u0148","robots":{"index":"index","follow":"follow","max-snippet":"max-snippet:-1","max-image-preview":"max-image-preview:large","max-video-preview":"max-video-preview:-1"},"canonical":"https:\/\/genetika-plzen.nullable.group\/de\/geneticka-ambulance\/onkogynekologicke-vysetreni\/","og_locale":"de_DE","og_type":"article","og_title":"Onkogynekologick\u00e9 vy\u0161et\u0159en\u00ed | Genetika Plze\u0148","og_description":"Konzultace s&nbsp;odborn\u00edkem p\u0159i&nbsp;zvy\u0301\u0161en\u00e9m riziku n\u00e1dorov\u00e9ho onemocn\u011bn\u00ed Zajist\u011bte svy\u0301m pacientk\u00e1m nejlep\u0161\u00ed p\u00e9\u010di Ve spolupr\u00e1ci se zku\u0161eny\u0301m onkogynekologem, MUDr. Pavlem Vlas\u00e1kem nab\u00edz\u00edme onkogynekologickou konzultaci pro pacientky se zvy\u0301\u0161eny\u0301m rizikem gynekologick\u00e9ho n\u00e1dorov\u00e9ho onemocn\u011bn\u00ed. Pro\u00a0koho je vy\u0161et\u0159en\u00ed vhodn\u00e9: podez\u0159ely\u0301 ultrazvukovy\u0301 n\u00e1lez \u2013 cystick\u00e9 \u00fatvary na\u00a0vaje\u010dn\u00edc\u00edch, podez\u0159ely\u0301 n\u00e1lez d\u011blo\u017en\u00ed sliznice , \u201e\u0161patny\u0301\u201c n\u00e1lez z\u00a0cytologie pacientky s\u00a0indikac\u00ed k\u00a0invazivn\u00edmu z\u00e1kroku (operace), kter\u00e9 [&hellip;]","og_url":"https:\/\/genetika-plzen.nullable.group\/de\/geneticka-ambulance\/onkogynekologicke-vysetreni\/","og_site_name":"Genetika Plze\u0148","article_modified_time":"2025-09-24T03:50:19+00:00","og_image":[{"url":"https:\/\/www.genetika-plzen.cz\/wp-content\/uploads\/2024\/02\/thumb_3000x3000_onkogynekologicke-vysetreni-1024x683.jpg"}],"twitter_card":"summary_large_image","twitter_misc":{"Est. reading time":"2 minutes"},"schema":{"@context":"https:\/\/schema.org","@graph":[{"@type":"WebPage","@id":"https:\/\/genetika-plzen.nullable.group\/geneticka-ambulance\/onkogynekologicke-vysetreni\/","url":"https:\/\/genetika-plzen.nullable.group\/geneticka-ambulance\/onkogynekologicke-vysetreni\/","name":"Onkogynekologick\u00e9 vy\u0161et\u0159en\u00ed | Genetika Plze\u0148","isPartOf":{"@id":"https:\/\/genetika-plzen.nullable.group\/#website"},"datePublished":"2024-02-03T23:07:25+00:00","dateModified":"2025-09-24T03:50:19+00:00","breadcrumb":{"@id":"https:\/\/genetika-plzen.nullable.group\/geneticka-ambulance\/onkogynekologicke-vysetreni\/#breadcrumb"},"inLanguage":"de-DE-formal","potentialAction":[{"@type":"ReadAction","target":["https:\/\/genetika-plzen.nullable.group\/geneticka-ambulance\/onkogynekologicke-vysetreni\/"]}]},{"@type":"BreadcrumbList","@id":"https:\/\/genetika-plzen.nullable.group\/geneticka-ambulance\/onkogynekologicke-vysetreni\/#breadcrumb","itemListElement":[{"@type":"ListItem","position":1,"name":"Home","item":"https:\/\/genetika-plzen.nullable.group\/"},{"@type":"ListItem","position":2,"name":"Genetick\u00e1 ambulance","item":"https:\/\/genetika-plzen.nullable.group\/de\/geneticka-ambulance\/"},{"@type":"ListItem","position":3,"name":"Onkogynekologick\u00e9 vy\u0161et\u0159en\u00ed"}]},{"@type":"WebSite","@id":"https:\/\/genetika-plzen.nullable.group\/#website","url":"https:\/\/genetika-plzen.nullable.group\/","name":"Genetika Plze\u0148","description":"Genetika Plze\u0148","publisher":{"@id":"https:\/\/genetika-plzen.nullable.group\/#organization"},"potentialAction":[{"@type":"SearchAction","target":{"@type":"EntryPoint","urlTemplate":"https:\/\/genetika-plzen.nullable.group\/?s={search_term_string}"},"query-input":"required name=search_term_string"}],"inLanguage":"de-DE-formal"},{"@type":"Organization","@id":"https:\/\/genetika-plzen.nullable.group\/#organization","name":"Genetika Plze\u0148","url":"https:\/\/genetika-plzen.nullable.group\/","logo":{"@type":"ImageObject","inLanguage":"de-DE-formal","@id":"https:\/\/genetika-plzen.nullable.group\/#\/schema\/logo\/image\/","url":"https:\/\/genetika-plzen.nullable.group\/wp-content\/uploads\/2022\/07\/logo2.svg","contentUrl":"https:\/\/genetika-plzen.nullable.group\/wp-content\/uploads\/2022\/07\/logo2.svg","width":286,"height":95,"caption":"Genetika Plze\u0148"},"image":{"@id":"https:\/\/genetika-plzen.nullable.group\/#\/schema\/logo\/image\/"}}]}},"_links":{"self":[{"href":"https:\/\/genetika-plzen.nullable.group\/de\/wp-json\/wp\/v2\/pages\/7169","targetHints":{"allow":["GET"]}}],"collection":[{"href":"https:\/\/genetika-plzen.nullable.group\/de\/wp-json\/wp\/v2\/pages"}],"about":[{"href":"https:\/\/genetika-plzen.nullable.group\/de\/wp-json\/wp\/v2\/types\/page"}],"author":[{"embeddable":true,"href":"https:\/\/genetika-plzen.nullable.group\/de\/wp-json\/wp\/v2\/users\/9"}],"replies":[{"embeddable":true,"href":"https:\/\/genetika-plzen.nullable.group\/de\/wp-json\/wp\/v2\/comments?post=7169"}],"version-history":[{"count":25,"href":"https:\/\/genetika-plzen.nullable.group\/de\/wp-json\/wp\/v2\/pages\/7169\/revisions"}],"predecessor-version":[{"id":9503,"href":"https:\/\/genetika-plzen.nullable.group\/de\/wp-json\/wp\/v2\/pages\/7169\/revisions\/9503"}],"up":[{"embeddable":true,"href":"https:\/\/genetika-plzen.nullable.group\/de\/wp-json\/wp\/v2\/pages\/7072"}],"wp:attachment":[{"href":"https:\/\/genetika-plzen.nullable.group\/de\/wp-json\/wp\/v2\/media?parent=7169"}],"wp:term":[{"taxonomy":"service-area","embeddable":true,"href":"https:\/\/genetika-plzen.nullable.group\/de\/wp-json\/wp\/v2\/service-area?post=7169"}],"curies":[{"name":"wp","href":"https:\/\/api.w.org\/{rel}","templated":true}]}}