{"id":7181,"date":"2024-02-04T00:21:43","date_gmt":"2024-02-03T23:21:43","guid":{"rendered":"https:\/\/genetika-plzen.nullable.group\/?page_id=7181"},"modified":"2025-09-16T03:41:40","modified_gmt":"2025-09-16T01:41:40","slug":"laborator-reprodukcni-imunologie","status":"publish","type":"page","link":"https:\/\/genetika-plzen.nullable.group\/de\/laborator-reprodukcni-imunologie\/","title":{"rendered":"Labor f\u00fcr Reproduktionsimmunologie"},"content":{"rendered":"<div data-elementor-type=\"wp-page\" data-elementor-id=\"7181\" class=\"elementor elementor-7181\">\n\t\t\t\t<div class=\"elementor-element elementor-element-2a2b335 e-flex e-con-boxed e-con e-parent\" data-id=\"2a2b335\" data-element_type=\"container\" data-e-type=\"container\">\n\t\t\t\t\t<div class=\"e-con-inner\">\n\t\t\t\t<div class=\"elementor-element elementor-element-b0d5dc4 elementor-widget elementor-widget-spacer\" data-id=\"b0d5dc4\" data-element_type=\"widget\" data-e-type=\"widget\" data-widget_type=\"spacer.default\">\n\t\t\t\t<div class=\"elementor-widget-container\">\n\t\t\t\t\t\t\t<div class=\"elementor-spacer\">\n\t\t\t<div class=\"elementor-spacer-inner\"><\/div>\n\t\t<\/div>\n\t\t\t\t\t\t<\/div>\n\t\t\t\t<\/div>\n\t\t\t\t\t<\/div>\n\t\t\t\t<\/div>\n\t\t<div class=\"elementor-element elementor-element-cdcc1a7 e-flex e-con-boxed e-con e-parent\" data-id=\"cdcc1a7\" data-element_type=\"container\" data-e-type=\"container\">\n\t\t\t\t\t<div class=\"e-con-inner\">\n\t\t\t\t<div class=\"elementor-element elementor-element-03a4109 elementor-widget elementor-widget-text-editor\" data-id=\"03a4109\" data-element_type=\"widget\" data-e-type=\"widget\" data-widget_type=\"text-editor.default\">\n\t\t\t\t<div class=\"elementor-widget-container\">\n\t\t\t\t\t\t\t\t\t<p>Poradna\u00a0pro\u00a0imunologii reprodukce byla\u00a0zalo\u017eena prof.\u00a0<a href=\"http:\/\/www.ulcovagallova.cz\/\" target=\"_blank\" rel=\"noopener\">Ul\u010dov\u00e1-Gallov\u00e1<\/a>\u00a0v\u00a0roce 1985.\u00a0Spolu s\u00a0<a href=\"\/de\/geneticka-ambulance\/reprodukcni-imunologie\/laborator-reprodukcni-imunologie\/\">laborato\u0159emi pro\u00a0reproduk\u010dn\u00ed imunologii<\/a>\u00a0pracuje pln\u011b\u00a0na\u00a0nov\u00e9m pracovi\u0161ti\u00a0<strong>Genetik Pilsen<\/strong>\u00a0od\u00a0listopadu 2012.\u00a0Erudice gynekologie a\u00a0porodnictv\u00ed s\u00a0imunologi\u00ed pln\u011b respektuje slo\u017eit\u00e9 neuroendokrinn\u011b imunitn\u00ed vztahy u\u00a0p\u00e1r\u016f se\u00a0sn\u00ed\u017eenou plodnost\u00ed a\u00a0 poskytuje v\u011bt\u0161\u00ed mo\u017enosti komplexn\u00edho pohledu na\u00a0diagn\u00f3zu a\u00a0p\u0159edev\u0161\u00edm na\u00a0\u00fapravu a\u00a0na\u00a0zp\u016fsob st\u00e1vaj\u00edc\u00ed\u00a0 l\u00e9\u010dby.<\/p><p><a href=\"http:\/\/www.ulcovagallova.cz\/\" target=\"_blank\" rel=\"noopener\">www.ulcovagallova.cz<\/a><\/p><h2>\u00dcberwacht weden<\/h2><ul><li>P\u00e1ry, kter\u00e9 neot\u011bhotn\u011bly po\u00a0 1\u00a0\u2013 2,\u00a0 a\u00a0v\u00edce IVF<\/li><li>Pacientky po\u00a0dvou a\u00a0v\u00edce potratech<\/li><li>P\u00e1ry s autoimunitn\u00edm onemocn\u011bn\u00edm nebo z\u00e1kladn\u00ed diagn\u00f3zou (nap\u0159. diabetes mellitus, a jin\u00e9)\u00a0<\/li><li>P\u00e1ry p\u0159ed\u00a0 kryokonzervac\u00ed spermi\u00ed nebo vaj\u00ed\u010dek z d\u016fvodu z\u00e1va\u017en\u00e9\u00a0 onkologick\u00e9 diagn\u00f3zy a p\u0159ed l\u00e9\u010debn\u00fdmi z\u00e1kroky (operace, chemoterapie)<\/li><li>P\u00e1ry od\u00a030\u00a0let v\u00fd\u0161e, kter\u00e9 po\u00a0roce pravideln\u00e9ho nechr\u00e1n\u011bn\u00e9ho pohlavn\u00edho styku neot\u011bhotn\u011bly\u00a0<\/li><\/ul><h2>Podm\u00ednky pro\u00a0vy\u0161et\u0159en\u00ed<\/h2><p>Vy\u0161et\u0159en\u00ed v\u00a0reproduk\u010dn\u00ed imunologii podstupuje i\u00a0partner. Vy\u0161et\u0159ujeme s\u00e9rum (odb\u011br krve s\u00a0podm\u00ednkou na\u00a024\u00a0hodin vylou\u010den\u00ed nadm\u011brn\u00e9ho p\u0159\u00edjmu\u00a0 tuk\u016f), d\u00e1le ovula\u010dn\u00ed hlen (\u010dasovan\u00fd nebolestiv\u00fd odb\u011br\u00a0 sekretu z\u00a0hrdla d\u011blo\u017en\u00edho s\u00a0podm\u00ednkou:\u00a0 styk s\u00a0prezervativem od\u00a0skon\u010den\u00ed menstruace do\u00a0odb\u011bru biologick\u00e9ho materi\u00e1lu) a\u00a0ejakul\u00e1t (po \u010dty\u0159denn\u00ed pohlavn\u00ed abstinenci). Nedoporu\u010dujeme p\u0159ed vy\u0161et\u0159en\u00edm kou\u0159en\u00ed, nadm\u011brn\u00fd p\u0159\u00edjem alkoholu, u\u017e\u00edv\u00e1n\u00ed drog, vy\u017eadujeme\u00a0 odstup alespo\u0148 dvou m\u011bs\u00edc\u016f od\u00a0posledn\u00edho potratu \u010di\u00a0hormon\u00e1ln\u00ed stimulace. Vy\u0161et\u0159ujeme i\u00a0folikul\u00e1rn\u00ed a\u00a0peritone\u00e1ln\u00ed tekutinu. Je vhodn\u00e9 doporu\u010den\u00ed gynekologem nebo\u00a0jin\u00fdm odborn\u00edkem se\u00a0stru\u010dn\u00fdm v\u00fdpisem ud\u00e1lost\u00ed.<\/p><h2>Untersucht werden<\/h2><ul><li>p\u0159edev\u0161\u00edm isoimunitn\u00ed a autoimunitn\u00ed vztahy rozplozovac\u00edch bun\u011bk (vaj\u00ed\u010dek, spermi\u00ed) a\u00a0 \u010dasn\u00e9ho embrya, zam\u011b\u0159ujeme se na enzymatick\u00e1 vybaven\u00ed hlavi\u010dek spermi\u00ed<\/li><li>Spermaantik\u00f6rper, Antik\u00f6rper gegen Zona pellucida (Eizelle)<\/li><li>Antik\u00f6rper gegen Ovarialgewebe (Eierstock)<\/li><li>panel r\u016fzn\u00fdch antifosfolipidov\u00fdch protil\u00e1tek<\/li><li>dal\u0161\u00ed vy\u0161et\u0159en\u00ed autoimunitn\u00edch parametr\u016f ordinujeme dle\u00a0st\u00e1vaj\u00edc\u00edch v\u00fdsledk\u016f\u00a0<\/li><li>Protil\u00e1tky v\u00a0ovula\u010dn\u00edm sekretu hrdla d\u011blo\u017en\u00edho<\/li><li>Bun\u011b\u010dnou imunitu (NK\u00a0bu\u0148ky) ve\u00a0sliznici d\u011blo\u017en\u00ed<\/li><li><a href=\"\/wp-content\/uploads\/2024\/04\/genetika_2024_letak_neplodnost_A4_cz_04_nahled.pdf\">Oxida\u010dn\u00ed stres spermi\u00ed<\/a><\/li><\/ul><h2>Methoden<\/h2><ul><li>Aglutina\u010dn\u00ed<\/li><li>ELISA<\/li><li>Imunofluorescence<\/li><li>Imunohistologie<\/li><\/ul><h2>Eigentliche Untersuchung des Paares<\/h2><p>Na\u010dasov\u00e1n\u00ed\u00a0 vy\u0161et\u0159en\u00ed (podle menstrua\u010dn\u00edho cyklu) p\u00e1ru\u00a0 a n\u00e1b\u011br\u016f na jednu konzultaci podle podm\u00ednek v\u00fd\u0161e uveden\u00fdch. Druh\u00e1 konzultace se t\u00fdk\u00e1 detailn\u00edho rozboru v\u00fdsledk\u016f a rozhodnut\u00ed o zp\u016fsobu dal\u0161\u00ed terapie.<\/p>\t\t\t\t\t\t\t\t<\/div>\n\t\t\t\t<\/div>\n\t\t\t\t<div class=\"elementor-element elementor-element-c2e6448 elementor-widget elementor-widget-text-editor\" data-id=\"c2e6448\" data-element_type=\"widget\" data-e-type=\"widget\" data-widget_type=\"text-editor.default\">\n\t\t\t\t<div class=\"elementor-widget-container\">\n\t\t\t\t\t\t\t\t\t<h2>Eigentliche Untersuchung des Paares<\/h2>\t\t\t\t\t\t\t\t<\/div>\n\t\t\t\t<\/div>\n\t\t\t\t<div class=\"elementor-element elementor-element-386fb07 elementor-button-info elementor-widget elementor-widget-button\" data-id=\"386fb07\" data-element_type=\"widget\" data-e-type=\"widget\" data-widget_type=\"button.default\">\n\t\t\t\t<div class=\"elementor-widget-container\">\n\t\t\t\t\t\t\t\t\t<div class=\"elementor-button-wrapper\">\n\t\t\t\t\t<a class=\"elementor-button elementor-button-link elementor-size-sm\" href=\"\/wp-content\/uploads\/2024\/04\/genetika_2024_letak_neplodnost_A4_cz_04_nahled.pdf\">\n\t\t\t\t\t\t<span class=\"elementor-button-content-wrapper\">\n\t\t\t\t\t\t\t\t\t<span class=\"elementor-button-text\">Flugschrift<\/span>\n\t\t\t\t\t<\/span>\n\t\t\t\t\t<\/a>\n\t\t\t\t<\/div>\n\t\t\t\t\t\t\t\t<\/div>\n\t\t\t\t<\/div>\n\t\t\t\t<div class=\"elementor-element elementor-element-0e99ed4 elementor-button-info elementor-widget elementor-widget-button\" data-id=\"0e99ed4\" data-element_type=\"widget\" data-e-type=\"widget\" data-widget_type=\"button.default\">\n\t\t\t\t<div class=\"elementor-widget-container\">\n\t\t\t\t\t\t\t\t\t<div class=\"elementor-button-wrapper\">\n\t\t\t\t\t<a class=\"elementor-button elementor-button-link elementor-size-sm\" href=\"\/wp-content\/uploads\/2024\/05\/F.GP-912-v004-EN-Requisition-for-immunogy-test_WEB.pdf\">\n\t\t\t\t\t\t<span class=\"elementor-button-content-wrapper\">\n\t\t\t\t\t\t\t\t\t<span class=\"elementor-button-text\">Bestellformular<\/span>\n\t\t\t\t\t<\/span>\n\t\t\t\t\t<\/a>\n\t\t\t\t<\/div>\n\t\t\t\t\t\t\t\t<\/div>\n\t\t\t\t<\/div>\n\t\t\t\t<div class=\"elementor-element elementor-element-f4bd398 elementor-button-info elementor-widget elementor-widget-button\" data-id=\"f4bd398\" data-element_type=\"widget\" data-e-type=\"widget\" data-widget_type=\"button.default\">\n\t\t\t\t<div class=\"elementor-widget-container\">\n\t\t\t\t\t\t\t\t\t<div class=\"elementor-button-wrapper\">\n\t\t\t\t\t<a class=\"elementor-button elementor-button-link elementor-size-sm\" href=\"\/wp-content\/uploads\/2024\/06\/F.GP-901-v002-DE-Zustimmung-mit-der-genetischen__-Laboruntersuchung_interaktiv.pdf\">\n\t\t\t\t\t\t<span class=\"elementor-button-content-wrapper\">\n\t\t\t\t\t\t\t\t\t<span class=\"elementor-button-text\">Vereinbarung<\/span>\n\t\t\t\t\t<\/span>\n\t\t\t\t\t<\/a>\n\t\t\t\t<\/div>\n\t\t\t\t\t\t\t\t<\/div>\n\t\t\t\t<\/div>\n\t\t\t\t\t<\/div>\n\t\t\t\t<\/div>\n\t\t<div class=\"elementor-element elementor-element-801c5e9 e-flex e-con-boxed e-con e-parent\" data-id=\"801c5e9\" data-element_type=\"container\" data-e-type=\"container\">\n\t\t\t\t\t<div class=\"e-con-inner\">\n\t\t\t\t<div class=\"elementor-element elementor-element-a1cf7f6 elementor-widget elementor-widget-button\" data-id=\"a1cf7f6\" data-element_type=\"widget\" data-e-type=\"widget\" data-widget_type=\"button.default\">\n\t\t\t\t<div class=\"elementor-widget-container\">\n\t\t\t\t\t\t\t\t\t<div class=\"elementor-button-wrapper\">\n\t\t\t\t\t<a class=\"elementor-button elementor-button-link elementor-size-sm\" href=\"https:\/\/www.genetika-plzen.cz\/wp-content\/uploads\/2025\/08\/imunologie_Genetika_2024_cenik_samoplatce_cz.pdf\">\n\t\t\t\t\t\t<span class=\"elementor-button-content-wrapper\">\n\t\t\t\t\t\t\t\t\t<span class=\"elementor-button-text\">Preisliste<\/span>\n\t\t\t\t\t<\/span>\n\t\t\t\t\t<\/a>\n\t\t\t\t<\/div>\n\t\t\t\t\t\t\t\t<\/div>\n\t\t\t\t<\/div>\n\t\t\t\t\t<\/div>\n\t\t\t\t<\/div>\n\t\t<div class=\"elementor-element elementor-element-69bd1c0 e-flex e-con-boxed e-con e-parent\" data-id=\"69bd1c0\" data-element_type=\"container\" data-e-type=\"container\">\n\t\t\t\t\t<div class=\"e-con-inner\">\n\t\t\t\t<div class=\"elementor-element elementor-element-40b6686 elementor-widget elementor-widget-image\" data-id=\"40b6686\" data-element_type=\"widget\" data-e-type=\"widget\" data-widget_type=\"image.default\">\n\t\t\t\t<div class=\"elementor-widget-container\">\n\t\t\t\t\t\t\t\t\t\t\t\t\t\t\t<img fetchpriority=\"high\" decoding=\"async\" width=\"500\" height=\"500\" src=\"https:\/\/genetika-plzen.nullable.group\/wp-content\/uploads\/2024\/02\/thumb_3000x3000_reprodukcni-imunologie.jpg\" class=\"attachment-large size-large wp-image-7185\" alt=\"\" srcset=\"https:\/\/genetika-plzen.nullable.group\/wp-content\/uploads\/2024\/02\/thumb_3000x3000_reprodukcni-imunologie.jpg 500w, https:\/\/genetika-plzen.nullable.group\/wp-content\/uploads\/2024\/02\/thumb_3000x3000_reprodukcni-imunologie-300x300.jpg 300w, https:\/\/genetika-plzen.nullable.group\/wp-content\/uploads\/2024\/02\/thumb_3000x3000_reprodukcni-imunologie-150x150.jpg 150w\" sizes=\"(max-width: 500px) 100vw, 500px\" \/>\t\t\t\t\t\t\t\t\t\t\t\t\t\t\t<\/div>\n\t\t\t\t<\/div>\n\t\t\t\t\t<\/div>\n\t\t\t\t<\/div>\n\t\t<div class=\"elementor-element elementor-element-08f8a83 e-flex e-con-boxed e-con e-parent\" data-id=\"08f8a83\" data-element_type=\"container\" data-e-type=\"container\">\n\t\t\t\t\t<div class=\"e-con-inner\">\n\t\t\t\t<div class=\"elementor-element elementor-element-063a469 elementor-widget elementor-widget-spacer\" data-id=\"063a469\" data-element_type=\"widget\" data-e-type=\"widget\" data-widget_type=\"spacer.default\">\n\t\t\t\t<div class=\"elementor-widget-container\">\n\t\t\t\t\t\t\t<div class=\"elementor-spacer\">\n\t\t\t<div class=\"elementor-spacer-inner\"><\/div>\n\t\t<\/div>\n\t\t\t\t\t\t<\/div>\n\t\t\t\t<\/div>\n\t\t\t\t\t<\/div>\n\t\t\t\t<\/div>\n\t\t\t\t<\/div>","protected":false},"excerpt":{"rendered":"<p>Poradna\u00a0pro\u00a0imunologii reprodukce byla\u00a0zalo\u017eena prof.\u00a0Ul\u010dovou-Gallovou\u00a0v\u00a0roce 1985.\u00a0Spolu s\u00a0laborato\u0159emi pro\u00a0reproduk\u010dn\u00ed imunologii\u00a0pracuje pln\u011b\u00a0na\u00a0nov\u00e9m pracovi\u0161ti\u00a0Genetika-Plze\u0148 s.r.o.\u00a0od\u00a0listopadu 2012.\u00a0Erudice gynekologie a\u00a0porodnictv\u00ed s\u00a0imunologi\u00ed pln\u011b respektuje slo\u017eit\u00e9 neuroendokrinn\u011b imunitn\u00ed vztahy u\u00a0p\u00e1r\u016f se\u00a0sn\u00ed\u017eenou plodnost\u00ed a\u00a0 poskytuje v\u011bt\u0161\u00ed mo\u017enosti komplexn\u00edho pohledu na\u00a0diagn\u00f3zu a\u00a0p\u0159edev\u0161\u00edm na\u00a0\u00fapravu a\u00a0na\u00a0zp\u016fsob st\u00e1vaj\u00edc\u00ed\u00a0 l\u00e9\u010dby. www.ulcovagallova.cz Sledujeme P\u00e1ry, kter\u00e9 neot\u011bhotn\u011bly po\u00a0 1\u00a0\u2013 2,\u00a0 a\u00a0v\u00edce IVF Pacientky po\u00a0dvou a\u00a0v\u00edce potratech P\u00e1ry s autoimunitn\u00edm onemocn\u011bn\u00edm nebo [&hellip;]<\/p>","protected":false},"author":9,"featured_media":0,"parent":0,"menu_order":0,"comment_status":"closed","ping_status":"closed","template":"","meta":{"footnotes":""},"service-area":[33],"class_list":["post-7181","page","type-page","status-publish","hentry","service-area-reprodukcni-imunologie"],"yoast_head":"<!-- This site is optimized with the Yoast SEO plugin v20.2 - https:\/\/yoast.com\/wordpress\/plugins\/seo\/ -->\n<title>Laborato\u0159 reproduk\u010dn\u00ed imunologie | Genetika Plze\u0148<\/title>\n<meta name=\"robots\" content=\"index, follow, max-snippet:-1, max-image-preview:large, max-video-preview:-1\" \/>\n<link rel=\"canonical\" href=\"https:\/\/genetika-plzen.nullable.group\/de\/laborator-reprodukcni-imunologie\/\" \/>\n<meta property=\"og:locale\" content=\"de_DE\" \/>\n<meta property=\"og:type\" content=\"article\" \/>\n<meta property=\"og:title\" content=\"Laborato\u0159 reproduk\u010dn\u00ed imunologie | Genetika Plze\u0148\" \/>\n<meta property=\"og:description\" content=\"Poradna\u00a0pro\u00a0imunologii reprodukce byla\u00a0zalo\u017eena prof.\u00a0Ul\u010dovou-Gallovou\u00a0v\u00a0roce 1985.\u00a0Spolu s\u00a0laborato\u0159emi pro\u00a0reproduk\u010dn\u00ed imunologii\u00a0pracuje pln\u011b\u00a0na\u00a0nov\u00e9m pracovi\u0161ti\u00a0Genetika-Plze\u0148 s.r.o.\u00a0od\u00a0listopadu 2012.\u00a0Erudice gynekologie a\u00a0porodnictv\u00ed s\u00a0imunologi\u00ed pln\u011b respektuje slo\u017eit\u00e9 neuroendokrinn\u011b imunitn\u00ed vztahy u\u00a0p\u00e1r\u016f se\u00a0sn\u00ed\u017eenou plodnost\u00ed a\u00a0 poskytuje v\u011bt\u0161\u00ed mo\u017enosti komplexn\u00edho pohledu na\u00a0diagn\u00f3zu a\u00a0p\u0159edev\u0161\u00edm na\u00a0\u00fapravu a\u00a0na\u00a0zp\u016fsob st\u00e1vaj\u00edc\u00ed\u00a0 l\u00e9\u010dby. www.ulcovagallova.cz Sledujeme P\u00e1ry, kter\u00e9 neot\u011bhotn\u011bly po\u00a0 1\u00a0\u2013 2,\u00a0 a\u00a0v\u00edce IVF Pacientky po\u00a0dvou a\u00a0v\u00edce potratech P\u00e1ry s autoimunitn\u00edm onemocn\u011bn\u00edm nebo [&hellip;]\" \/>\n<meta property=\"og:url\" content=\"https:\/\/genetika-plzen.nullable.group\/de\/laborator-reprodukcni-imunologie\/\" \/>\n<meta property=\"og:site_name\" content=\"Genetika Plze\u0148\" \/>\n<meta property=\"article:modified_time\" content=\"2025-09-16T01:41:40+00:00\" \/>\n<meta property=\"og:image\" content=\"https:\/\/www.genetika-plzen.cz\/wp-content\/uploads\/2024\/02\/thumb_3000x3000_reprodukcni-imunologie.jpg\" \/>\n<meta name=\"twitter:card\" content=\"summary_large_image\" \/>\n<meta name=\"twitter:label1\" content=\"Est. reading time\" \/>\n\t<meta name=\"twitter:data1\" content=\"2 minutes\" \/>\n<script type=\"application\/ld+json\" class=\"yoast-schema-graph\">{\"@context\":\"https:\/\/schema.org\",\"@graph\":[{\"@type\":\"WebPage\",\"@id\":\"https:\/\/genetika-plzen.nullable.group\/laborator-reprodukcni-imunologie\/\",\"url\":\"https:\/\/genetika-plzen.nullable.group\/laborator-reprodukcni-imunologie\/\",\"name\":\"Laborato\u0159 reproduk\u010dn\u00ed imunologie | Genetika Plze\u0148\",\"isPartOf\":{\"@id\":\"https:\/\/genetika-plzen.nullable.group\/#website\"},\"datePublished\":\"2024-02-03T23:21:43+00:00\",\"dateModified\":\"2025-09-16T01:41:40+00:00\",\"breadcrumb\":{\"@id\":\"https:\/\/genetika-plzen.nullable.group\/laborator-reprodukcni-imunologie\/#breadcrumb\"},\"inLanguage\":\"de-DE-formal\",\"potentialAction\":[{\"@type\":\"ReadAction\",\"target\":[\"https:\/\/genetika-plzen.nullable.group\/laborator-reprodukcni-imunologie\/\"]}]},{\"@type\":\"BreadcrumbList\",\"@id\":\"https:\/\/genetika-plzen.nullable.group\/laborator-reprodukcni-imunologie\/#breadcrumb\",\"itemListElement\":[{\"@type\":\"ListItem\",\"position\":1,\"name\":\"Home\",\"item\":\"https:\/\/genetika-plzen.nullable.group\/\"},{\"@type\":\"ListItem\",\"position\":2,\"name\":\"Laborato\u0159 reproduk\u010dn\u00ed imunologie\"}]},{\"@type\":\"WebSite\",\"@id\":\"https:\/\/genetika-plzen.nullable.group\/#website\",\"url\":\"https:\/\/genetika-plzen.nullable.group\/\",\"name\":\"Genetika Plze\u0148\",\"description\":\"Genetika Plze\u0148\",\"publisher\":{\"@id\":\"https:\/\/genetika-plzen.nullable.group\/#organization\"},\"potentialAction\":[{\"@type\":\"SearchAction\",\"target\":{\"@type\":\"EntryPoint\",\"urlTemplate\":\"https:\/\/genetika-plzen.nullable.group\/?s={search_term_string}\"},\"query-input\":\"required name=search_term_string\"}],\"inLanguage\":\"de-DE-formal\"},{\"@type\":\"Organization\",\"@id\":\"https:\/\/genetika-plzen.nullable.group\/#organization\",\"name\":\"Genetika Plze\u0148\",\"url\":\"https:\/\/genetika-plzen.nullable.group\/\",\"logo\":{\"@type\":\"ImageObject\",\"inLanguage\":\"de-DE-formal\",\"@id\":\"https:\/\/genetika-plzen.nullable.group\/#\/schema\/logo\/image\/\",\"url\":\"https:\/\/genetika-plzen.nullable.group\/wp-content\/uploads\/2022\/07\/logo2.svg\",\"contentUrl\":\"https:\/\/genetika-plzen.nullable.group\/wp-content\/uploads\/2022\/07\/logo2.svg\",\"width\":286,\"height\":95,\"caption\":\"Genetika Plze\u0148\"},\"image\":{\"@id\":\"https:\/\/genetika-plzen.nullable.group\/#\/schema\/logo\/image\/\"}}]}<\/script>\n<!-- \/ Yoast SEO plugin. -->","yoast_head_json":{"title":"Laborato\u0159 reproduk\u010dn\u00ed imunologie | Genetika Plze\u0148","robots":{"index":"index","follow":"follow","max-snippet":"max-snippet:-1","max-image-preview":"max-image-preview:large","max-video-preview":"max-video-preview:-1"},"canonical":"https:\/\/genetika-plzen.nullable.group\/de\/laborator-reprodukcni-imunologie\/","og_locale":"de_DE","og_type":"article","og_title":"Laborato\u0159 reproduk\u010dn\u00ed imunologie | Genetika Plze\u0148","og_description":"Poradna\u00a0pro\u00a0imunologii reprodukce byla\u00a0zalo\u017eena prof.\u00a0Ul\u010dovou-Gallovou\u00a0v\u00a0roce 1985.\u00a0Spolu s\u00a0laborato\u0159emi pro\u00a0reproduk\u010dn\u00ed imunologii\u00a0pracuje pln\u011b\u00a0na\u00a0nov\u00e9m pracovi\u0161ti\u00a0Genetika-Plze\u0148 s.r.o.\u00a0od\u00a0listopadu 2012.\u00a0Erudice gynekologie a\u00a0porodnictv\u00ed s\u00a0imunologi\u00ed pln\u011b respektuje slo\u017eit\u00e9 neuroendokrinn\u011b imunitn\u00ed vztahy u\u00a0p\u00e1r\u016f se\u00a0sn\u00ed\u017eenou plodnost\u00ed a\u00a0 poskytuje v\u011bt\u0161\u00ed mo\u017enosti komplexn\u00edho pohledu na\u00a0diagn\u00f3zu a\u00a0p\u0159edev\u0161\u00edm na\u00a0\u00fapravu a\u00a0na\u00a0zp\u016fsob st\u00e1vaj\u00edc\u00ed\u00a0 l\u00e9\u010dby. www.ulcovagallova.cz Sledujeme P\u00e1ry, kter\u00e9 neot\u011bhotn\u011bly po\u00a0 1\u00a0\u2013 2,\u00a0 a\u00a0v\u00edce IVF Pacientky po\u00a0dvou a\u00a0v\u00edce potratech P\u00e1ry s autoimunitn\u00edm onemocn\u011bn\u00edm nebo [&hellip;]","og_url":"https:\/\/genetika-plzen.nullable.group\/de\/laborator-reprodukcni-imunologie\/","og_site_name":"Genetika Plze\u0148","article_modified_time":"2025-09-16T01:41:40+00:00","og_image":[{"url":"https:\/\/www.genetika-plzen.cz\/wp-content\/uploads\/2024\/02\/thumb_3000x3000_reprodukcni-imunologie.jpg"}],"twitter_card":"summary_large_image","twitter_misc":{"Est. reading time":"2 minutes"},"schema":{"@context":"https:\/\/schema.org","@graph":[{"@type":"WebPage","@id":"https:\/\/genetika-plzen.nullable.group\/laborator-reprodukcni-imunologie\/","url":"https:\/\/genetika-plzen.nullable.group\/laborator-reprodukcni-imunologie\/","name":"Laborato\u0159 reproduk\u010dn\u00ed imunologie | Genetika Plze\u0148","isPartOf":{"@id":"https:\/\/genetika-plzen.nullable.group\/#website"},"datePublished":"2024-02-03T23:21:43+00:00","dateModified":"2025-09-16T01:41:40+00:00","breadcrumb":{"@id":"https:\/\/genetika-plzen.nullable.group\/laborator-reprodukcni-imunologie\/#breadcrumb"},"inLanguage":"de-DE-formal","potentialAction":[{"@type":"ReadAction","target":["https:\/\/genetika-plzen.nullable.group\/laborator-reprodukcni-imunologie\/"]}]},{"@type":"BreadcrumbList","@id":"https:\/\/genetika-plzen.nullable.group\/laborator-reprodukcni-imunologie\/#breadcrumb","itemListElement":[{"@type":"ListItem","position":1,"name":"Home","item":"https:\/\/genetika-plzen.nullable.group\/"},{"@type":"ListItem","position":2,"name":"Laborato\u0159 reproduk\u010dn\u00ed imunologie"}]},{"@type":"WebSite","@id":"https:\/\/genetika-plzen.nullable.group\/#website","url":"https:\/\/genetika-plzen.nullable.group\/","name":"Genetika Plze\u0148","description":"Genetika Plze\u0148","publisher":{"@id":"https:\/\/genetika-plzen.nullable.group\/#organization"},"potentialAction":[{"@type":"SearchAction","target":{"@type":"EntryPoint","urlTemplate":"https:\/\/genetika-plzen.nullable.group\/?s={search_term_string}"},"query-input":"required name=search_term_string"}],"inLanguage":"de-DE-formal"},{"@type":"Organization","@id":"https:\/\/genetika-plzen.nullable.group\/#organization","name":"Genetika Plze\u0148","url":"https:\/\/genetika-plzen.nullable.group\/","logo":{"@type":"ImageObject","inLanguage":"de-DE-formal","@id":"https:\/\/genetika-plzen.nullable.group\/#\/schema\/logo\/image\/","url":"https:\/\/genetika-plzen.nullable.group\/wp-content\/uploads\/2022\/07\/logo2.svg","contentUrl":"https:\/\/genetika-plzen.nullable.group\/wp-content\/uploads\/2022\/07\/logo2.svg","width":286,"height":95,"caption":"Genetika Plze\u0148"},"image":{"@id":"https:\/\/genetika-plzen.nullable.group\/#\/schema\/logo\/image\/"}}]}},"_links":{"self":[{"href":"https:\/\/genetika-plzen.nullable.group\/de\/wp-json\/wp\/v2\/pages\/7181","targetHints":{"allow":["GET"]}}],"collection":[{"href":"https:\/\/genetika-plzen.nullable.group\/de\/wp-json\/wp\/v2\/pages"}],"about":[{"href":"https:\/\/genetika-plzen.nullable.group\/de\/wp-json\/wp\/v2\/types\/page"}],"author":[{"embeddable":true,"href":"https:\/\/genetika-plzen.nullable.group\/de\/wp-json\/wp\/v2\/users\/9"}],"replies":[{"embeddable":true,"href":"https:\/\/genetika-plzen.nullable.group\/de\/wp-json\/wp\/v2\/comments?post=7181"}],"version-history":[{"count":52,"href":"https:\/\/genetika-plzen.nullable.group\/de\/wp-json\/wp\/v2\/pages\/7181\/revisions"}],"predecessor-version":[{"id":9442,"href":"https:\/\/genetika-plzen.nullable.group\/de\/wp-json\/wp\/v2\/pages\/7181\/revisions\/9442"}],"wp:attachment":[{"href":"https:\/\/genetika-plzen.nullable.group\/de\/wp-json\/wp\/v2\/media?parent=7181"}],"wp:term":[{"taxonomy":"service-area","embeddable":true,"href":"https:\/\/genetika-plzen.nullable.group\/de\/wp-json\/wp\/v2\/service-area?post=7181"}],"curies":[{"name":"wp","href":"https:\/\/api.w.org\/{rel}","templated":true}]}}