{"id":7189,"date":"2024-02-04T00:26:16","date_gmt":"2024-02-03T23:26:16","guid":{"rendered":"https:\/\/genetika-plzen.nullable.group\/?page_id=7189"},"modified":"2024-07-02T19:13:36","modified_gmt":"2024-07-02T17:13:36","slug":"cytogeneticka-laborator","status":"publish","type":"page","link":"https:\/\/genetika-plzen.nullable.group\/de\/cytogeneticka-laborator\/","title":{"rendered":"Zytogenetisches Labor"},"content":{"rendered":"<div data-elementor-type=\"wp-page\" data-elementor-id=\"7189\" class=\"elementor elementor-7189\">\n\t\t\t\t<div class=\"elementor-element elementor-element-9135b26 e-flex e-con-boxed e-con e-parent\" data-id=\"9135b26\" data-element_type=\"container\" data-e-type=\"container\">\n\t\t\t\t\t<div class=\"e-con-inner\">\n\t\t\t\t<div class=\"elementor-element elementor-element-21ddb59 elementor-widget elementor-widget-spacer\" data-id=\"21ddb59\" data-element_type=\"widget\" data-e-type=\"widget\" data-widget_type=\"spacer.default\">\n\t\t\t\t<div class=\"elementor-widget-container\">\n\t\t\t\t\t\t\t<div class=\"elementor-spacer\">\n\t\t\t<div class=\"elementor-spacer-inner\"><\/div>\n\t\t<\/div>\n\t\t\t\t\t\t<\/div>\n\t\t\t\t<\/div>\n\t\t\t\t\t<\/div>\n\t\t\t\t<\/div>\n\t\t<div class=\"elementor-element elementor-element-b837067 e-flex e-con-boxed e-con e-parent\" data-id=\"b837067\" data-element_type=\"container\" data-e-type=\"container\">\n\t\t\t\t\t<div class=\"e-con-inner\">\n\t\t\t\t<div class=\"elementor-element elementor-element-870f097 elementor-widget elementor-widget-text-editor\" data-id=\"870f097\" data-element_type=\"widget\" data-e-type=\"widget\" data-widget_type=\"text-editor.default\">\n\t\t\t\t<div class=\"elementor-widget-container\">\n\t\t\t\t\t\t\t\t\t<p>Cytogenetick\u00e1 laborato\u0159 je pracovi\u0161t\u011b prov\u00e1d\u011bj\u00edc\u00ed <a href=\"https:\/\/genetika-plzen.nullable.group\/de\/geneticka-ambulance\/lekarska-genetika-geneticke-vysetreni\/\">cytogenetick\u00e1 a molekul\u00e1rn\u011b-cytogenetick\u00e1 vy\u0161et\u0159en\u00ed<\/a> zpravidla indikovan\u00e1 klinick\u00fdm genetikem. Za\u00a0pou\u017eit\u00ed klasick\u00fdch cytogenetick\u00fdch technik prov\u00e1d\u00edme\u00a0<a href=\"https:\/\/genetika-plzen.nullable.group\/de\/cytogeneticka-laborator\/stanoveni-karyotypu\/\">stanoven\u00ed karyotypu<\/a>, d\u00edky kter\u00e9mu m\u016f\u017eeme v\u00fdznamn\u011b sn\u00ed\u017eit riziko narozen\u00ed d\u00edt\u011bte s\u00a0chromosom\u00e1ln\u00ed vadou nebo objasnit p\u0159\u00ed\u010dinu infertility.<\/p>\n<br \/>\n<p>Dal\u0161\u00ed vy\u0161et\u0159en\u00ed, kter\u00e9 nab\u00edz\u00edme, je vy\u0161et\u0159en\u00ed molekul\u00e1rn\u011b-cytogenetickou metodou <a href=\"https:\/\/genetika-plzen.nullable.group\/de\/cytogeneticka-laborator\/fish-analyza-chromosovych-aberaci\/\">fluorescen\u010dn\u00ed in situ hybridizace (FISH)<\/a>. Je zejm\u00e9na dopl\u0148uj\u00edc\u00edm vy\u0161et\u0159en\u00edm, kter\u00e9 up\u0159es\u0148uje a\/nebo potvrzuje karyotyp jedince.<\/p>\n<br \/>\n<p>Nejnov\u011bj\u0161\u00ed molekul\u00e1rn\u011b-cytogenetickou metodou je metoda <a href=\"https:\/\/genetika-plzen.nullable.group\/de\/cytogeneticka-laborator\/celogenomova-analyza-variant-cnv\/\">komparativn\u00ed genomov\u00e9 hybridizace na \u010dipu (array-CGH)<\/a>. Metoda umo\u017e\u0148uje odhalit delece nebo duplikace DNA s \u0159\u00e1dov\u011b v\u011bt\u0161\u00edm rozli\u0161en\u00edm ne\u017e karyotyp. Je metodou prvn\u00ed volby pro <a href=\"https:\/\/genetika-plzen.nullable.group\/de\/geneticka-ambulance\/prekoncepcni-geneticke-vysetreni-carrier-screening\/\">prenat\u00e1ln\u00ed vy\u0161et\u0159en\u00ed<\/a>.<\/p>\t\t\t\t\t\t\t\t<\/div>\n\t\t\t\t<\/div>\n\t\t\t\t\t<\/div>\n\t\t\t\t<\/div>\n\t\t<div class=\"elementor-element elementor-element-17d16f0 e-flex e-con-boxed e-con e-parent\" data-id=\"17d16f0\" data-element_type=\"container\" data-e-type=\"container\">\n\t\t\t\t\t<div class=\"e-con-inner\">\n\t\t\t\t<div class=\"elementor-element elementor-element-ddb4bb7 elementor-widget elementor-widget-heading\" data-id=\"ddb4bb7\" data-element_type=\"widget\" data-e-type=\"widget\" data-widget_type=\"heading.default\">\n\t\t\t\t<div class=\"elementor-widget-container\">\n\t\t\t\t\t<h2 class=\"elementor-heading-title elementor-size-default\">VY\u0160ET\u0158EN\u00cd:<\/h2>\t\t\t\t<\/div>\n\t\t\t\t<\/div>\n\t\t\t\t<div class=\"elementor-element elementor-element-65bb50b elementor-widget elementor-widget-text-editor\" data-id=\"65bb50b\" data-element_type=\"widget\" data-e-type=\"widget\" data-widget_type=\"text-editor.default\">\n\t\t\t\t<div class=\"elementor-widget-container\">\n\t\t\t\t\t\t\t\t\t<div><a href=\"https:\/\/genetika-plzen.nullable.group\/de\/cytogeneticka-laborator\/stanoveni-karyotypu\/\">Bestimmung des Karyotyps<\/a><\/div>\n<div><a href=\"https:\/\/genetika-plzen.nullable.group\/de\/cytogeneticka-laborator\/fish-analyza-chromosovych-aberaci\/\">FISH anal\u00fdza chromosov\u00fdch aberac\u00ed<\/a><\/div>\n<div><a href=\"https:\/\/genetika-plzen.nullable.group\/de\/cytogeneticka-laborator\/celogenomova-analyza-variant-cnv\/\">Genomweite Analyse von CNV-Varianten<\/a><\/div>\t\t\t\t\t\t\t\t<\/div>\n\t\t\t\t<\/div>\n\t\t\t\t<div class=\"elementor-element elementor-element-d559b8f elementor-widget elementor-widget-heading\" data-id=\"d559b8f\" data-element_type=\"widget\" data-e-type=\"widget\" data-widget_type=\"heading.default\">\n\t\t\t\t<div class=\"elementor-widget-container\">\n\t\t\t\t\t<h2 class=\"elementor-heading-title elementor-size-default\">DOKUMENTY:<\/h2>\t\t\t\t<\/div>\n\t\t\t\t<\/div>\n\t\t\t\t<div class=\"elementor-element elementor-element-e2b7958 elementor-button-info elementor-widget elementor-widget-button\" data-id=\"e2b7958\" data-element_type=\"widget\" data-e-type=\"widget\" data-widget_type=\"button.default\">\n\t\t\t\t<div class=\"elementor-widget-container\">\n\t\t\t\t\t\t\t\t\t<div class=\"elementor-button-wrapper\">\n\t\t\t\t\t<a class=\"elementor-button elementor-button-link elementor-size-sm\" href=\"\/wp-content\/uploads\/2024\/06\/F.GP-901-v002-DE-Zustimmung-mit-der-genetischen__-Laboruntersuchung_interaktiv.pdf\">\n\t\t\t\t\t\t<span class=\"elementor-button-content-wrapper\">\n\t\t\t\t\t\t\t\t\t<span class=\"elementor-button-text\">Vereinbarung<\/span>\n\t\t\t\t\t<\/span>\n\t\t\t\t\t<\/a>\n\t\t\t\t<\/div>\n\t\t\t\t\t\t\t\t<\/div>\n\t\t\t\t<\/div>\n\t\t\t\t<div class=\"elementor-element elementor-element-9853d4f elementor-button-info elementor-widget elementor-widget-button\" data-id=\"9853d4f\" data-element_type=\"widget\" data-e-type=\"widget\" data-widget_type=\"button.default\">\n\t\t\t\t<div class=\"elementor-widget-container\">\n\t\t\t\t\t\t\t\t\t<div class=\"elementor-button-wrapper\">\n\t\t\t\t\t<a class=\"elementor-button elementor-button-link elementor-size-sm\" href=\"\/wp-content\/uploads\/2024\/06\/F.GP-910-v003-EN-Requisition-for-cytogenetic-test_interactive.pdf\">\n\t\t\t\t\t\t<span class=\"elementor-button-content-wrapper\">\n\t\t\t\t\t\t\t\t\t<span class=\"elementor-button-text\">Bestellformular<\/span>\n\t\t\t\t\t<\/span>\n\t\t\t\t\t<\/a>\n\t\t\t\t<\/div>\n\t\t\t\t\t\t\t\t<\/div>\n\t\t\t\t<\/div>\n\t\t\t\t<div class=\"elementor-element elementor-element-ba24a6f elementor-button-info elementor-widget elementor-widget-button\" data-id=\"ba24a6f\" data-element_type=\"widget\" data-e-type=\"widget\" data-widget_type=\"button.default\">\n\t\t\t\t<div class=\"elementor-widget-container\">\n\t\t\t\t\t\t\t\t\t<div class=\"elementor-button-wrapper\">\n\t\t\t\t\t<a class=\"elementor-button elementor-button-link elementor-size-sm\" href=\"\/wp-content\/uploads\/2024\/06\/F.GP-917-v002-DE-Informierte-Zustimmung-zur-Invasiven-Pranatalen__-Untersuchung_interaktiv.pdf\">\n\t\t\t\t\t\t<span class=\"elementor-button-content-wrapper\">\n\t\t\t\t\t\t\t\t\t<span class=\"elementor-button-text\">Einwilligung in einen invasiven Eingriff<\/span>\n\t\t\t\t\t<\/span>\n\t\t\t\t\t<\/a>\n\t\t\t\t<\/div>\n\t\t\t\t\t\t\t\t<\/div>\n\t\t\t\t<\/div>\n\t\t\t\t<div class=\"elementor-element elementor-element-aeb5587 elementor-widget elementor-widget-spacer\" data-id=\"aeb5587\" data-element_type=\"widget\" data-e-type=\"widget\" data-widget_type=\"spacer.default\">\n\t\t\t\t<div class=\"elementor-widget-container\">\n\t\t\t\t\t\t\t<div class=\"elementor-spacer\">\n\t\t\t<div class=\"elementor-spacer-inner\"><\/div>\n\t\t<\/div>\n\t\t\t\t\t\t<\/div>\n\t\t\t\t<\/div>\n\t\t\t\t\t<\/div>\n\t\t\t\t<\/div>\n\t\t\t\t<\/div>","protected":false},"excerpt":{"rendered":"<p>Cytogenetick\u00e1 laborato\u0159 je pracovi\u0161t\u011b prov\u00e1d\u011bj\u00edc\u00ed cytogenetick\u00e1 a molekul\u00e1rn\u011b-cytogenetick\u00e1 vy\u0161et\u0159en\u00ed zpravidla indikovan\u00e1 klinick\u00fdm genetikem. Za\u00a0pou\u017eit\u00ed klasick\u00fdch cytogenetick\u00fdch technik prov\u00e1d\u00edme\u00a0stanoven\u00ed karyotypu, d\u00edky kter\u00e9mu m\u016f\u017eeme v\u00fdznamn\u011b sn\u00ed\u017eit riziko narozen\u00ed d\u00edt\u011bte s\u00a0chromosom\u00e1ln\u00ed vadou nebo objasnit p\u0159\u00ed\u010dinu infertility. Dal\u0161\u00ed vy\u0161et\u0159en\u00ed, kter\u00e9 nab\u00edz\u00edme, je vy\u0161et\u0159en\u00ed molekul\u00e1rn\u011b-cytogenetickou metodou fluorescen\u010dn\u00ed in situ hybridizace (FISH). Je zejm\u00e9na dopl\u0148uj\u00edc\u00edm vy\u0161et\u0159en\u00edm, kter\u00e9 up\u0159es\u0148uje a\/nebo potvrzuje karyotyp [&hellip;]<\/p>","protected":false},"author":9,"featured_media":0,"parent":0,"menu_order":0,"comment_status":"closed","ping_status":"closed","template":"","meta":{"footnotes":""},"service-area":[28],"class_list":["post-7189","page","type-page","status-publish","hentry","service-area-cytogeneticka-laborator"],"yoast_head":"<!-- This site is optimized with the Yoast SEO plugin v20.2 - https:\/\/yoast.com\/wordpress\/plugins\/seo\/ -->\n<title>Cytogenetick\u00e1 laborato\u0159 | Genetika Plze\u0148<\/title>\n<meta name=\"robots\" content=\"index, follow, max-snippet:-1, max-image-preview:large, max-video-preview:-1\" \/>\n<link rel=\"canonical\" href=\"https:\/\/genetika-plzen.nullable.group\/de\/cytogeneticka-laborator\/\" \/>\n<meta property=\"og:locale\" content=\"de_DE\" \/>\n<meta property=\"og:type\" content=\"article\" \/>\n<meta property=\"og:title\" content=\"Cytogenetick\u00e1 laborato\u0159 | Genetika Plze\u0148\" \/>\n<meta property=\"og:description\" content=\"Cytogenetick\u00e1 laborato\u0159 je pracovi\u0161t\u011b prov\u00e1d\u011bj\u00edc\u00ed cytogenetick\u00e1 a molekul\u00e1rn\u011b-cytogenetick\u00e1 vy\u0161et\u0159en\u00ed zpravidla indikovan\u00e1 klinick\u00fdm genetikem. Za\u00a0pou\u017eit\u00ed klasick\u00fdch cytogenetick\u00fdch technik prov\u00e1d\u00edme\u00a0stanoven\u00ed karyotypu, d\u00edky kter\u00e9mu m\u016f\u017eeme v\u00fdznamn\u011b sn\u00ed\u017eit riziko narozen\u00ed d\u00edt\u011bte s\u00a0chromosom\u00e1ln\u00ed vadou nebo objasnit p\u0159\u00ed\u010dinu infertility. Dal\u0161\u00ed vy\u0161et\u0159en\u00ed, kter\u00e9 nab\u00edz\u00edme, je vy\u0161et\u0159en\u00ed molekul\u00e1rn\u011b-cytogenetickou metodou fluorescen\u010dn\u00ed in situ hybridizace (FISH). Je zejm\u00e9na dopl\u0148uj\u00edc\u00edm vy\u0161et\u0159en\u00edm, kter\u00e9 up\u0159es\u0148uje a\/nebo potvrzuje karyotyp [&hellip;]\" \/>\n<meta property=\"og:url\" content=\"https:\/\/genetika-plzen.nullable.group\/de\/cytogeneticka-laborator\/\" \/>\n<meta property=\"og:site_name\" content=\"Genetika Plze\u0148\" \/>\n<meta property=\"article:modified_time\" content=\"2024-07-02T17:13:36+00:00\" \/>\n<meta name=\"twitter:card\" content=\"summary_large_image\" \/>\n<meta name=\"twitter:label1\" content=\"Est. reading time\" \/>\n\t<meta name=\"twitter:data1\" content=\"1 minute\" \/>\n<script type=\"application\/ld+json\" class=\"yoast-schema-graph\">{\"@context\":\"https:\/\/schema.org\",\"@graph\":[{\"@type\":\"WebPage\",\"@id\":\"https:\/\/genetika-plzen.nullable.group\/cytogeneticka-laborator\/\",\"url\":\"https:\/\/genetika-plzen.nullable.group\/cytogeneticka-laborator\/\",\"name\":\"Cytogenetick\u00e1 laborato\u0159 | Genetika Plze\u0148\",\"isPartOf\":{\"@id\":\"https:\/\/genetika-plzen.nullable.group\/#website\"},\"datePublished\":\"2024-02-03T23:26:16+00:00\",\"dateModified\":\"2024-07-02T17:13:36+00:00\",\"breadcrumb\":{\"@id\":\"https:\/\/genetika-plzen.nullable.group\/cytogeneticka-laborator\/#breadcrumb\"},\"inLanguage\":\"de-DE-formal\",\"potentialAction\":[{\"@type\":\"ReadAction\",\"target\":[\"https:\/\/genetika-plzen.nullable.group\/cytogeneticka-laborator\/\"]}]},{\"@type\":\"BreadcrumbList\",\"@id\":\"https:\/\/genetika-plzen.nullable.group\/cytogeneticka-laborator\/#breadcrumb\",\"itemListElement\":[{\"@type\":\"ListItem\",\"position\":1,\"name\":\"Home\",\"item\":\"https:\/\/genetika-plzen.nullable.group\/\"},{\"@type\":\"ListItem\",\"position\":2,\"name\":\"Cytogenetick\u00e1 laborato\u0159\"}]},{\"@type\":\"WebSite\",\"@id\":\"https:\/\/genetika-plzen.nullable.group\/#website\",\"url\":\"https:\/\/genetika-plzen.nullable.group\/\",\"name\":\"Genetika Plze\u0148\",\"description\":\"Genetika Plze\u0148\",\"publisher\":{\"@id\":\"https:\/\/genetika-plzen.nullable.group\/#organization\"},\"potentialAction\":[{\"@type\":\"SearchAction\",\"target\":{\"@type\":\"EntryPoint\",\"urlTemplate\":\"https:\/\/genetika-plzen.nullable.group\/?s={search_term_string}\"},\"query-input\":\"required name=search_term_string\"}],\"inLanguage\":\"de-DE-formal\"},{\"@type\":\"Organization\",\"@id\":\"https:\/\/genetika-plzen.nullable.group\/#organization\",\"name\":\"Genetika Plze\u0148\",\"url\":\"https:\/\/genetika-plzen.nullable.group\/\",\"logo\":{\"@type\":\"ImageObject\",\"inLanguage\":\"de-DE-formal\",\"@id\":\"https:\/\/genetika-plzen.nullable.group\/#\/schema\/logo\/image\/\",\"url\":\"https:\/\/genetika-plzen.nullable.group\/wp-content\/uploads\/2022\/07\/logo2.svg\",\"contentUrl\":\"https:\/\/genetika-plzen.nullable.group\/wp-content\/uploads\/2022\/07\/logo2.svg\",\"width\":286,\"height\":95,\"caption\":\"Genetika Plze\u0148\"},\"image\":{\"@id\":\"https:\/\/genetika-plzen.nullable.group\/#\/schema\/logo\/image\/\"}}]}<\/script>\n<!-- \/ Yoast SEO plugin. -->","yoast_head_json":{"title":"Cytogenetick\u00e1 laborato\u0159 | Genetika Plze\u0148","robots":{"index":"index","follow":"follow","max-snippet":"max-snippet:-1","max-image-preview":"max-image-preview:large","max-video-preview":"max-video-preview:-1"},"canonical":"https:\/\/genetika-plzen.nullable.group\/de\/cytogeneticka-laborator\/","og_locale":"de_DE","og_type":"article","og_title":"Cytogenetick\u00e1 laborato\u0159 | Genetika Plze\u0148","og_description":"Cytogenetick\u00e1 laborato\u0159 je pracovi\u0161t\u011b prov\u00e1d\u011bj\u00edc\u00ed cytogenetick\u00e1 a molekul\u00e1rn\u011b-cytogenetick\u00e1 vy\u0161et\u0159en\u00ed zpravidla indikovan\u00e1 klinick\u00fdm genetikem. Za\u00a0pou\u017eit\u00ed klasick\u00fdch cytogenetick\u00fdch technik prov\u00e1d\u00edme\u00a0stanoven\u00ed karyotypu, d\u00edky kter\u00e9mu m\u016f\u017eeme v\u00fdznamn\u011b sn\u00ed\u017eit riziko narozen\u00ed d\u00edt\u011bte s\u00a0chromosom\u00e1ln\u00ed vadou nebo objasnit p\u0159\u00ed\u010dinu infertility. Dal\u0161\u00ed vy\u0161et\u0159en\u00ed, kter\u00e9 nab\u00edz\u00edme, je vy\u0161et\u0159en\u00ed molekul\u00e1rn\u011b-cytogenetickou metodou fluorescen\u010dn\u00ed in situ hybridizace (FISH). Je zejm\u00e9na dopl\u0148uj\u00edc\u00edm vy\u0161et\u0159en\u00edm, kter\u00e9 up\u0159es\u0148uje a\/nebo potvrzuje karyotyp [&hellip;]","og_url":"https:\/\/genetika-plzen.nullable.group\/de\/cytogeneticka-laborator\/","og_site_name":"Genetika Plze\u0148","article_modified_time":"2024-07-02T17:13:36+00:00","twitter_card":"summary_large_image","twitter_misc":{"Est. reading time":"1 minute"},"schema":{"@context":"https:\/\/schema.org","@graph":[{"@type":"WebPage","@id":"https:\/\/genetika-plzen.nullable.group\/cytogeneticka-laborator\/","url":"https:\/\/genetika-plzen.nullable.group\/cytogeneticka-laborator\/","name":"Cytogenetick\u00e1 laborato\u0159 | Genetika Plze\u0148","isPartOf":{"@id":"https:\/\/genetika-plzen.nullable.group\/#website"},"datePublished":"2024-02-03T23:26:16+00:00","dateModified":"2024-07-02T17:13:36+00:00","breadcrumb":{"@id":"https:\/\/genetika-plzen.nullable.group\/cytogeneticka-laborator\/#breadcrumb"},"inLanguage":"de-DE-formal","potentialAction":[{"@type":"ReadAction","target":["https:\/\/genetika-plzen.nullable.group\/cytogeneticka-laborator\/"]}]},{"@type":"BreadcrumbList","@id":"https:\/\/genetika-plzen.nullable.group\/cytogeneticka-laborator\/#breadcrumb","itemListElement":[{"@type":"ListItem","position":1,"name":"Home","item":"https:\/\/genetika-plzen.nullable.group\/"},{"@type":"ListItem","position":2,"name":"Cytogenetick\u00e1 laborato\u0159"}]},{"@type":"WebSite","@id":"https:\/\/genetika-plzen.nullable.group\/#website","url":"https:\/\/genetika-plzen.nullable.group\/","name":"Genetika Plze\u0148","description":"Genetika Plze\u0148","publisher":{"@id":"https:\/\/genetika-plzen.nullable.group\/#organization"},"potentialAction":[{"@type":"SearchAction","target":{"@type":"EntryPoint","urlTemplate":"https:\/\/genetika-plzen.nullable.group\/?s={search_term_string}"},"query-input":"required name=search_term_string"}],"inLanguage":"de-DE-formal"},{"@type":"Organization","@id":"https:\/\/genetika-plzen.nullable.group\/#organization","name":"Genetika Plze\u0148","url":"https:\/\/genetika-plzen.nullable.group\/","logo":{"@type":"ImageObject","inLanguage":"de-DE-formal","@id":"https:\/\/genetika-plzen.nullable.group\/#\/schema\/logo\/image\/","url":"https:\/\/genetika-plzen.nullable.group\/wp-content\/uploads\/2022\/07\/logo2.svg","contentUrl":"https:\/\/genetika-plzen.nullable.group\/wp-content\/uploads\/2022\/07\/logo2.svg","width":286,"height":95,"caption":"Genetika Plze\u0148"},"image":{"@id":"https:\/\/genetika-plzen.nullable.group\/#\/schema\/logo\/image\/"}}]}},"_links":{"self":[{"href":"https:\/\/genetika-plzen.nullable.group\/de\/wp-json\/wp\/v2\/pages\/7189","targetHints":{"allow":["GET"]}}],"collection":[{"href":"https:\/\/genetika-plzen.nullable.group\/de\/wp-json\/wp\/v2\/pages"}],"about":[{"href":"https:\/\/genetika-plzen.nullable.group\/de\/wp-json\/wp\/v2\/types\/page"}],"author":[{"embeddable":true,"href":"https:\/\/genetika-plzen.nullable.group\/de\/wp-json\/wp\/v2\/users\/9"}],"replies":[{"embeddable":true,"href":"https:\/\/genetika-plzen.nullable.group\/de\/wp-json\/wp\/v2\/comments?post=7189"}],"version-history":[{"count":28,"href":"https:\/\/genetika-plzen.nullable.group\/de\/wp-json\/wp\/v2\/pages\/7189\/revisions"}],"predecessor-version":[{"id":8833,"href":"https:\/\/genetika-plzen.nullable.group\/de\/wp-json\/wp\/v2\/pages\/7189\/revisions\/8833"}],"wp:attachment":[{"href":"https:\/\/genetika-plzen.nullable.group\/de\/wp-json\/wp\/v2\/media?parent=7189"}],"wp:term":[{"taxonomy":"service-area","embeddable":true,"href":"https:\/\/genetika-plzen.nullable.group\/de\/wp-json\/wp\/v2\/service-area?post=7189"}],"curies":[{"name":"wp","href":"https:\/\/api.w.org\/{rel}","templated":true}]}}