{"id":7373,"date":"2024-02-05T20:24:55","date_gmt":"2024-02-05T19:24:55","guid":{"rendered":"https:\/\/genetika-plzen.nullable.group\/?page_id=7373"},"modified":"2024-03-18T22:25:28","modified_gmt":"2024-03-18T21:25:28","slug":"prekoncepcni-geneticke-vysetreni-carrier-screening","status":"publish","type":"page","link":"https:\/\/genetika-plzen.nullable.group\/de\/geneticka-ambulance\/prekoncepcni-geneticke-vysetreni-carrier-screening\/","title":{"rendered":"Genetische Untersuchung vor der Empf\u00e4ngnis\/Tr\u00e4gerscreening"},"content":{"rendered":"<div data-elementor-type=\"wp-page\" data-elementor-id=\"7373\" class=\"elementor elementor-7373\">\n\t\t\t\t<div class=\"elementor-element elementor-element-bac0736 e-flex e-con-boxed e-con e-parent\" data-id=\"bac0736\" data-element_type=\"container\" data-e-type=\"container\">\n\t\t\t\t\t<div class=\"e-con-inner\">\n\t\t\t\t<div class=\"elementor-element elementor-element-5c62441 elementor-widget elementor-widget-spacer\" data-id=\"5c62441\" data-element_type=\"widget\" data-e-type=\"widget\" data-widget_type=\"spacer.default\">\n\t\t\t\t<div class=\"elementor-widget-container\">\n\t\t\t\t\t\t\t<div class=\"elementor-spacer\">\n\t\t\t<div class=\"elementor-spacer-inner\"><\/div>\n\t\t<\/div>\n\t\t\t\t\t\t<\/div>\n\t\t\t\t<\/div>\n\t\t\t\t\t<\/div>\n\t\t\t\t<\/div>\n\t\t<div class=\"elementor-element elementor-element-48cc8e8 e-flex e-con-boxed e-con e-parent\" data-id=\"48cc8e8\" data-element_type=\"container\" data-e-type=\"container\">\n\t\t\t\t\t<div class=\"e-con-inner\">\n\t\t\t\t<div class=\"elementor-element elementor-element-17b4ead elementor-widget elementor-widget-text-editor\" data-id=\"17b4ead\" data-element_type=\"widget\" data-e-type=\"widget\" data-widget_type=\"text-editor.default\">\n\t\t\t\t<div class=\"elementor-widget-container\">\n\t\t\t\t\t\t\t\t\t<h2><strong>Moderner und verantwortungsvoller Ansatz f\u00fcr die geplante Elternschaft<\/strong><\/h2>\n\n<h3>Was ist eine genetische Untersuchung vor der Empf\u00e4ngnis?<\/h3>\n\n<p>Die genetische Untersuchung vor der Empf\u00e4ngnis ist eine Reihe genetischer Tests, die f\u00fcr Paare zum Zeitpunkt der Planung einer Schwangerschaft, d.h. vor der Zeugung eines Kindes (Empf\u00e4ngnis), geeignet sind. Ziel dieser Tests ist es, das Risiko zu verringern, ein Kind mit einer schweren genetischen Krankheit zur Welt zu bringen.<\/p>\n\n<h3>Ist die genetische Untersuchung vor der Empf\u00e4ngnis f\u00fcr ein Paar geeignet, das keine Verwandten mit einer genetischen Krankheit hat?<\/h3>\n\n<p>Ja, diese Art der Untersuchung ist speziell f\u00fcr Paare ohne bekannte genetische Belastung in der Familie gedacht. Die Analysen zielen darauf ab, diejenigen genetischen Veranlagungen aufzudecken, die bei ihren Tr\u00e4gern keine Symptome verursachen. Ein Kind, das diese \"versteckten\" Veranlagungen von beiden Eltern erbt (oder ein Sohn, der die Mutation von der Mutter im Falle einer X-chromosomalen Erkrankung erbt), wird schwer betroffen sein.<\/p>\n\n<h3>Ist eine genetische Untersuchung vor der Empf\u00e4ngnis auch f\u00fcr Paare ratsam, in deren Familie eine genetische Erkrankung vorliegt?<\/h3>\n\n<p>Bei Paaren, in deren Familie eine genetische Erkrankung mit bekannter molekularer Ursache vorliegt, ist die genetische Voruntersuchung ein Test, der auf diese Erkrankung ausgerichtet ist. Zur Aufdeckung von Veranlagungen f\u00fcr andere genetische St\u00f6rungen kann jedoch auch ein Tr\u00e4gerscreening durchgef\u00fchrt werden, das uneingeschr\u00e4nkt empfohlen wird.<\/p>\n\n<h3>Welche Art von genetischen Tests umfasst die genetische Untersuchung vor der Empf\u00e4ngnis?<\/h3>\n\n<p class=\" translation-block\">Hauptbestandteil der genetischen Untersuchung vor der Empf\u00e4ngnis ist der Test \"Tr\u00e4gerscreening\". Mit diesem Test wird untersucht, ob eine Person genetische Pr\u00e4dispositionen (Mutationen) f\u00fcr die h\u00e4ufigsten monogenen Krankheiten tr\u00e4gt, d.h. Krankheiten, die durch eine Mutation in einem einzigen Gen verursacht werden. Zu den untersuchten genetischen Krankheiten geh\u00f6ren 1) autosomal rezessive (AR) Krankheiten, bei denen die Behinderung des Kindes durch Mutationen in demselben Gen verursacht wird, das von beiden Elternteilen (gesunden Tr\u00e4gern) vererbt wird, und 2) X-chromosomale Krankheiten, bei denen der betroffene Sohn das mutierte Gen auf dem X-Geschlechtschromosom von der Mutter (einem gesunden Tr\u00e4ger) erbt.<\/p>\n\n<p class=\" translation-block\">Zur Vervollst\u00e4ndigung der Untersuchung vor der Empf\u00e4ngnis kann auch das Chromosomenkomplement (Karyotyp) analysiert werden.<\/p>\n\n<h3>GENETIKA PLZE\u0147 bietet ein neues Tr\u00e4gerscreening f\u00fcr monogene Erkrankungen an<\/h3>\n\n<p class=\" translation-block\">Der Test ist als \"erweitertes\" Tr\u00e4gerscreening konzipiert und umfasst die Untersuchung von 128 autosomal-rezessiv vererbten und 23 X-gebundenen monogenen Krankheiten. Er zielt auf die h\u00e4ufigsten rezessiv vererbten Krankheiten in allen ethnischen Gruppen ab, darunter: zystische Fibrose, spinale Muskelatrophie, nicht-syndromale Taubheit (Mutation im GJB2-Gen), \u03b1- und \u03b2-Thallas\u00e4mie, Sichelzellkrankheit, Phenylketonurie, Typ-1-Albinismus und andere (vollst\u00e4ndige Liste der Krankheiten und Gene siehe https:\/\/www.genetika-plzen.cz\/). Das Design des Tests respektiert alle aktuellen internationalen fachlichen Richtlinien.<\/p>\n\n<p class=\" translation-block\">Die Analyse wird mit der modernsten verf\u00fcgbaren Labormethode durchgef\u00fchrt - New Generation Sequencing (NGS), der ersten Technologie, die die gleichzeitige Analyse vieler Gene erm\u00f6glicht. Da die gesamten kodierenden Sequenzen und Verluste\/Gewinne der Zielgene (Copy Number Variations, CNVs) vollst\u00e4ndig analysiert werden, liegt die Nachweisrate bei 99 %, wodurch das Restrisiko, Tr\u00e4ger zu sein, deutlich minimiert wird.<\/p>\n\n<p class=\" translation-block\">Bei Frauen wird ein zus\u00e4tzlicher Test durchgef\u00fchrt, um genetische Pr\u00e4dispositionen f\u00fcr das fragile X-Syndrom (und andere mit dem FMR1-Gen verbundene Erkrankungen) festzustellen.\nWenn beide Partner getestet werden, wird das Fortpflanzungsrisiko f\u00fcr das Paar bewertet und in einem separaten Bericht festgehalten.\nGenvarianten, die mit Fortpflanzungsst\u00f6rungen in Verbindung gebracht werden k\u00f6nnen, einschlie\u00dflich vererbter Thrombophilie, sind ebenfalls Bestandteil des Tests. Die Ergebnisse dieser Analyse sind nicht nur von diagnostischer Bedeutung, sondern tragen auch zur Individualisierung einer m\u00f6glichen Unfruchtbarkeitsbehandlung durch assistierte Reproduktionsmethoden bei.<\/p>\t\t\t\t\t\t\t\t<\/div>\n\t\t\t\t<\/div>\n\t\t\t\t\t<\/div>\n\t\t\t\t<\/div>\n\t\t<div class=\"elementor-element elementor-element-f414f87 e-flex e-con-boxed e-con e-parent\" data-id=\"f414f87\" data-element_type=\"container\" data-e-type=\"container\">\n\t\t\t\t\t<div class=\"e-con-inner\">\n\t\t\t\t<div class=\"elementor-element elementor-element-ec52930 elementor-widget elementor-widget-button\" data-id=\"ec52930\" data-element_type=\"widget\" data-e-type=\"widget\" data-widget_type=\"button.default\">\n\t\t\t\t<div class=\"elementor-widget-container\">\n\t\t\t\t\t\t\t\t\t<div class=\"elementor-button-wrapper\">\n\t\t\t\t\t<a class=\"elementor-button elementor-button-link elementor-size-sm\" href=\"https:\/\/genetika-plzen.nullable.group\/de\/geneticka-ambulance\/carrier-screening\/\">\n\t\t\t\t\t\t<span class=\"elementor-button-content-wrapper\">\n\t\t\t\t\t\t\t\t\t<span class=\"elementor-button-text\">Ausf\u00fchrlichere Informationen<\/span>\n\t\t\t\t\t<\/span>\n\t\t\t\t\t<\/a>\n\t\t\t\t<\/div>\n\t\t\t\t\t\t\t\t<\/div>\n\t\t\t\t<\/div>\n\t\t\t\t\t<\/div>\n\t\t\t\t<\/div>\n\t\t<div class=\"elementor-element elementor-element-ae489b0 e-flex e-con-boxed e-con e-parent\" data-id=\"ae489b0\" data-element_type=\"container\" data-e-type=\"container\">\n\t\t\t\t\t<div class=\"e-con-inner\">\n\t\t\t\t<div class=\"elementor-element elementor-element-de57c12 elementor-widget elementor-widget-text-editor\" data-id=\"de57c12\" data-element_type=\"widget\" data-e-type=\"widget\" data-widget_type=\"text-editor.default\">\n\t\t\t\t<div class=\"elementor-widget-container\">\n\t\t\t\t\t\t\t\t\t<p>Die Untersuchung wird teilweise von der Krankenkasse \u00fcbernommen, mit einer Zuzahlung von 3 500 CZK pro Person.<\/p>\n\n<p><strong>Pr\u00e4konzeptioneller Test = moderner und verantwortungsvoller Umgang mit der Elternschaft<\/strong><\/p>\t\t\t\t\t\t\t\t<\/div>\n\t\t\t\t<\/div>\n\t\t\t\t\t<\/div>\n\t\t\t\t<\/div>\n\t\t<div class=\"elementor-element elementor-element-d088d5c e-flex e-con-boxed e-con e-parent\" data-id=\"d088d5c\" data-element_type=\"container\" data-e-type=\"container\">\n\t\t\t\t\t<div class=\"e-con-inner\">\n\t\t\t\t<div class=\"elementor-element elementor-element-f4f1d9a elementor-widget elementor-widget-image\" data-id=\"f4f1d9a\" data-element_type=\"widget\" data-e-type=\"widget\" data-widget_type=\"image.default\">\n\t\t\t\t<div class=\"elementor-widget-container\">\n\t\t\t\t\t\t\t\t\t\t\t\t\t\t\t<img fetchpriority=\"high\" decoding=\"async\" width=\"300\" height=\"300\" src=\"https:\/\/genetika-plzen.nullable.group\/wp-content\/uploads\/2024\/02\/thumb_3000x3000_prekoncepcni-geneticke-vysetreni-carrier-screening-300x300.jpg\" class=\"attachment-medium size-medium wp-image-7375\" alt=\"\" srcset=\"https:\/\/genetika-plzen.nullable.group\/wp-content\/uploads\/2024\/02\/thumb_3000x3000_prekoncepcni-geneticke-vysetreni-carrier-screening-300x300.jpg 300w, https:\/\/genetika-plzen.nullable.group\/wp-content\/uploads\/2024\/02\/thumb_3000x3000_prekoncepcni-geneticke-vysetreni-carrier-screening-1024x1024.jpg 1024w, https:\/\/genetika-plzen.nullable.group\/wp-content\/uploads\/2024\/02\/thumb_3000x3000_prekoncepcni-geneticke-vysetreni-carrier-screening-150x150.jpg 150w, https:\/\/genetika-plzen.nullable.group\/wp-content\/uploads\/2024\/02\/thumb_3000x3000_prekoncepcni-geneticke-vysetreni-carrier-screening-768x768.jpg 768w, https:\/\/genetika-plzen.nullable.group\/wp-content\/uploads\/2024\/02\/thumb_3000x3000_prekoncepcni-geneticke-vysetreni-carrier-screening-1536x1536.jpg 1536w, https:\/\/genetika-plzen.nullable.group\/wp-content\/uploads\/2024\/02\/thumb_3000x3000_prekoncepcni-geneticke-vysetreni-carrier-screening-12x12.jpg 12w, https:\/\/genetika-plzen.nullable.group\/wp-content\/uploads\/2024\/02\/thumb_3000x3000_prekoncepcni-geneticke-vysetreni-carrier-screening.jpg 1920w\" sizes=\"(max-width: 300px) 100vw, 300px\" \/>\t\t\t\t\t\t\t\t\t\t\t\t\t\t\t<\/div>\n\t\t\t\t<\/div>\n\t\t\t\t\t<\/div>\n\t\t\t\t<\/div>\n\t\t<div class=\"elementor-element elementor-element-b74c383 e-flex e-con-boxed e-con e-parent\" data-id=\"b74c383\" data-element_type=\"container\" data-e-type=\"container\">\n\t\t\t\t\t<div class=\"e-con-inner\">\n\t\t\t\t<div class=\"elementor-element elementor-element-52e7157 elementor-widget elementor-widget-spacer\" data-id=\"52e7157\" data-element_type=\"widget\" data-e-type=\"widget\" data-widget_type=\"spacer.default\">\n\t\t\t\t<div class=\"elementor-widget-container\">\n\t\t\t\t\t\t\t<div class=\"elementor-spacer\">\n\t\t\t<div class=\"elementor-spacer-inner\"><\/div>\n\t\t<\/div>\n\t\t\t\t\t\t<\/div>\n\t\t\t\t<\/div>\n\t\t\t\t\t<\/div>\n\t\t\t\t<\/div>\n\t\t\t\t<\/div>","protected":false},"excerpt":{"rendered":"<p>Modern\u00ed a&nbsp;zodpov\u011bdn\u00fd p\u0159\u00edstup k&nbsp;pl\u00e1novan\u00e9mu rodi\u010dovstv\u00ed Co je prekoncep\u010dn\u00ed genetick\u00e9 vy\u0161et\u0159en\u00ed? Prekoncep\u010dn\u00ed vy\u0161et\u0159en\u00ed je soubor genetick\u00fdch test\u016f, kter\u00e9 jsou provedeny u&nbsp;budouc\u00edch rodi\u010d\u016f v&nbsp;dob\u011b pl\u00e1nov\u00e1n\u00ed gravidity, tedy p\u0159ed po\u010det\u00edm d\u00edt\u011bte (koncepc\u00ed). C\u00edlem t\u011bchto vy\u0161et\u0159en\u00ed je sn\u00ed\u017eit riziko narozen\u00ed d\u00edt\u011bte posti\u017een\u00e9ho v\u00e1\u017enou genetickou chorobou. Je prekoncep\u010dn\u00ed vy\u0161et\u0159en\u00ed vhodn\u00e9 pro&nbsp;p\u00e1r, kter\u00fd nem\u00e1 \u017e\u00e1dn\u00e9ho p\u0159\u00edbuzn\u00e9ho s&nbsp;genetick\u00fdm onemocn\u011bn\u00edm? Ano, tento typ [&hellip;]<\/p>","protected":false},"author":9,"featured_media":0,"parent":7072,"menu_order":0,"comment_status":"closed","ping_status":"closed","template":"","meta":{"footnotes":""},"service-area":[27],"class_list":["post-7373","page","type-page","status-publish","hentry","service-area-geneticka-ambulance"],"yoast_head":"<!-- This site is optimized with the Yoast SEO plugin v20.2 - https:\/\/yoast.com\/wordpress\/plugins\/seo\/ -->\n<title>Prekoncep\u010dn\u00ed genetick\u00e9 vy\u0161et\u0159en\u00ed\/Carrier screening | Genetika Plze\u0148<\/title>\n<meta name=\"robots\" content=\"index, follow, max-snippet:-1, max-image-preview:large, max-video-preview:-1\" \/>\n<link rel=\"canonical\" href=\"https:\/\/genetika-plzen.nullable.group\/de\/geneticka-ambulance\/prekoncepcni-geneticke-vysetreni-carrier-screening\/\" \/>\n<meta property=\"og:locale\" content=\"de_DE\" \/>\n<meta property=\"og:type\" content=\"article\" \/>\n<meta property=\"og:title\" content=\"Prekoncep\u010dn\u00ed genetick\u00e9 vy\u0161et\u0159en\u00ed\/Carrier screening | Genetika Plze\u0148\" \/>\n<meta property=\"og:description\" content=\"Modern\u00ed a&nbsp;zodpov\u011bdn\u00fd p\u0159\u00edstup k&nbsp;pl\u00e1novan\u00e9mu rodi\u010dovstv\u00ed Co je prekoncep\u010dn\u00ed genetick\u00e9 vy\u0161et\u0159en\u00ed? Prekoncep\u010dn\u00ed vy\u0161et\u0159en\u00ed je soubor genetick\u00fdch test\u016f, kter\u00e9 jsou provedeny u&nbsp;budouc\u00edch rodi\u010d\u016f v&nbsp;dob\u011b pl\u00e1nov\u00e1n\u00ed gravidity, tedy p\u0159ed po\u010det\u00edm d\u00edt\u011bte (koncepc\u00ed). C\u00edlem t\u011bchto vy\u0161et\u0159en\u00ed je sn\u00ed\u017eit riziko narozen\u00ed d\u00edt\u011bte posti\u017een\u00e9ho v\u00e1\u017enou genetickou chorobou. Je prekoncep\u010dn\u00ed vy\u0161et\u0159en\u00ed vhodn\u00e9 pro&nbsp;p\u00e1r, kter\u00fd nem\u00e1 \u017e\u00e1dn\u00e9ho p\u0159\u00edbuzn\u00e9ho s&nbsp;genetick\u00fdm onemocn\u011bn\u00edm? Ano, tento typ [&hellip;]\" \/>\n<meta property=\"og:url\" content=\"https:\/\/genetika-plzen.nullable.group\/de\/geneticka-ambulance\/prekoncepcni-geneticke-vysetreni-carrier-screening\/\" \/>\n<meta property=\"og:site_name\" content=\"Genetika Plze\u0148\" \/>\n<meta property=\"article:modified_time\" content=\"2024-03-18T21:25:28+00:00\" \/>\n<meta property=\"og:image\" content=\"https:\/\/genetika-plzen.nullable.group\/wp-content\/uploads\/2024\/02\/thumb_3000x3000_prekoncepcni-geneticke-vysetreni-carrier-screening-300x300.jpg\" \/>\n<meta name=\"twitter:card\" content=\"summary_large_image\" \/>\n<meta name=\"twitter:label1\" content=\"Est. reading time\" \/>\n\t<meta name=\"twitter:data1\" content=\"3 minutes\" \/>\n<script type=\"application\/ld+json\" class=\"yoast-schema-graph\">{\"@context\":\"https:\/\/schema.org\",\"@graph\":[{\"@type\":\"WebPage\",\"@id\":\"https:\/\/genetika-plzen.nullable.group\/geneticka-ambulance\/prekoncepcni-geneticke-vysetreni-carrier-screening\/\",\"url\":\"https:\/\/genetika-plzen.nullable.group\/geneticka-ambulance\/prekoncepcni-geneticke-vysetreni-carrier-screening\/\",\"name\":\"Prekoncep\u010dn\u00ed genetick\u00e9 vy\u0161et\u0159en\u00ed\/Carrier screening | Genetika Plze\u0148\",\"isPartOf\":{\"@id\":\"https:\/\/genetika-plzen.nullable.group\/#website\"},\"datePublished\":\"2024-02-05T19:24:55+00:00\",\"dateModified\":\"2024-03-18T21:25:28+00:00\",\"breadcrumb\":{\"@id\":\"https:\/\/genetika-plzen.nullable.group\/geneticka-ambulance\/prekoncepcni-geneticke-vysetreni-carrier-screening\/#breadcrumb\"},\"inLanguage\":\"de-DE-formal\",\"potentialAction\":[{\"@type\":\"ReadAction\",\"target\":[\"https:\/\/genetika-plzen.nullable.group\/geneticka-ambulance\/prekoncepcni-geneticke-vysetreni-carrier-screening\/\"]}]},{\"@type\":\"BreadcrumbList\",\"@id\":\"https:\/\/genetika-plzen.nullable.group\/geneticka-ambulance\/prekoncepcni-geneticke-vysetreni-carrier-screening\/#breadcrumb\",\"itemListElement\":[{\"@type\":\"ListItem\",\"position\":1,\"name\":\"Home\",\"item\":\"https:\/\/genetika-plzen.nullable.group\/\"},{\"@type\":\"ListItem\",\"position\":2,\"name\":\"Genetick\u00e1 ambulance\",\"item\":\"https:\/\/genetika-plzen.nullable.group\/de\/geneticka-ambulance\/\"},{\"@type\":\"ListItem\",\"position\":3,\"name\":\"Prekoncep\u010dn\u00ed genetick\u00e9 vy\u0161et\u0159en\u00ed\/Carrier screening\"}]},{\"@type\":\"WebSite\",\"@id\":\"https:\/\/genetika-plzen.nullable.group\/#website\",\"url\":\"https:\/\/genetika-plzen.nullable.group\/\",\"name\":\"Genetika Plze\u0148\",\"description\":\"Genetika Plze\u0148\",\"publisher\":{\"@id\":\"https:\/\/genetika-plzen.nullable.group\/#organization\"},\"potentialAction\":[{\"@type\":\"SearchAction\",\"target\":{\"@type\":\"EntryPoint\",\"urlTemplate\":\"https:\/\/genetika-plzen.nullable.group\/?s={search_term_string}\"},\"query-input\":\"required name=search_term_string\"}],\"inLanguage\":\"de-DE-formal\"},{\"@type\":\"Organization\",\"@id\":\"https:\/\/genetika-plzen.nullable.group\/#organization\",\"name\":\"Genetika Plze\u0148\",\"url\":\"https:\/\/genetika-plzen.nullable.group\/\",\"logo\":{\"@type\":\"ImageObject\",\"inLanguage\":\"de-DE-formal\",\"@id\":\"https:\/\/genetika-plzen.nullable.group\/#\/schema\/logo\/image\/\",\"url\":\"https:\/\/genetika-plzen.nullable.group\/wp-content\/uploads\/2022\/07\/logo2.svg\",\"contentUrl\":\"https:\/\/genetika-plzen.nullable.group\/wp-content\/uploads\/2022\/07\/logo2.svg\",\"width\":286,\"height\":95,\"caption\":\"Genetika Plze\u0148\"},\"image\":{\"@id\":\"https:\/\/genetika-plzen.nullable.group\/#\/schema\/logo\/image\/\"}}]}<\/script>\n<!-- \/ Yoast SEO plugin. -->","yoast_head_json":{"title":"Prekoncep\u010dn\u00ed genetick\u00e9 vy\u0161et\u0159en\u00ed\/Carrier screening | Genetika Plze\u0148","robots":{"index":"index","follow":"follow","max-snippet":"max-snippet:-1","max-image-preview":"max-image-preview:large","max-video-preview":"max-video-preview:-1"},"canonical":"https:\/\/genetika-plzen.nullable.group\/de\/geneticka-ambulance\/prekoncepcni-geneticke-vysetreni-carrier-screening\/","og_locale":"de_DE","og_type":"article","og_title":"Prekoncep\u010dn\u00ed genetick\u00e9 vy\u0161et\u0159en\u00ed\/Carrier screening | Genetika Plze\u0148","og_description":"Modern\u00ed a&nbsp;zodpov\u011bdn\u00fd p\u0159\u00edstup k&nbsp;pl\u00e1novan\u00e9mu rodi\u010dovstv\u00ed Co je prekoncep\u010dn\u00ed genetick\u00e9 vy\u0161et\u0159en\u00ed? Prekoncep\u010dn\u00ed vy\u0161et\u0159en\u00ed je soubor genetick\u00fdch test\u016f, kter\u00e9 jsou provedeny u&nbsp;budouc\u00edch rodi\u010d\u016f v&nbsp;dob\u011b pl\u00e1nov\u00e1n\u00ed gravidity, tedy p\u0159ed po\u010det\u00edm d\u00edt\u011bte (koncepc\u00ed). C\u00edlem t\u011bchto vy\u0161et\u0159en\u00ed je sn\u00ed\u017eit riziko narozen\u00ed d\u00edt\u011bte posti\u017een\u00e9ho v\u00e1\u017enou genetickou chorobou. Je prekoncep\u010dn\u00ed vy\u0161et\u0159en\u00ed vhodn\u00e9 pro&nbsp;p\u00e1r, kter\u00fd nem\u00e1 \u017e\u00e1dn\u00e9ho p\u0159\u00edbuzn\u00e9ho s&nbsp;genetick\u00fdm onemocn\u011bn\u00edm? Ano, tento typ [&hellip;]","og_url":"https:\/\/genetika-plzen.nullable.group\/de\/geneticka-ambulance\/prekoncepcni-geneticke-vysetreni-carrier-screening\/","og_site_name":"Genetika Plze\u0148","article_modified_time":"2024-03-18T21:25:28+00:00","og_image":[{"url":"https:\/\/genetika-plzen.nullable.group\/wp-content\/uploads\/2024\/02\/thumb_3000x3000_prekoncepcni-geneticke-vysetreni-carrier-screening-300x300.jpg"}],"twitter_card":"summary_large_image","twitter_misc":{"Est. reading time":"3 minutes"},"schema":{"@context":"https:\/\/schema.org","@graph":[{"@type":"WebPage","@id":"https:\/\/genetika-plzen.nullable.group\/geneticka-ambulance\/prekoncepcni-geneticke-vysetreni-carrier-screening\/","url":"https:\/\/genetika-plzen.nullable.group\/geneticka-ambulance\/prekoncepcni-geneticke-vysetreni-carrier-screening\/","name":"Prekoncep\u010dn\u00ed genetick\u00e9 vy\u0161et\u0159en\u00ed\/Carrier screening | Genetika Plze\u0148","isPartOf":{"@id":"https:\/\/genetika-plzen.nullable.group\/#website"},"datePublished":"2024-02-05T19:24:55+00:00","dateModified":"2024-03-18T21:25:28+00:00","breadcrumb":{"@id":"https:\/\/genetika-plzen.nullable.group\/geneticka-ambulance\/prekoncepcni-geneticke-vysetreni-carrier-screening\/#breadcrumb"},"inLanguage":"de-DE-formal","potentialAction":[{"@type":"ReadAction","target":["https:\/\/genetika-plzen.nullable.group\/geneticka-ambulance\/prekoncepcni-geneticke-vysetreni-carrier-screening\/"]}]},{"@type":"BreadcrumbList","@id":"https:\/\/genetika-plzen.nullable.group\/geneticka-ambulance\/prekoncepcni-geneticke-vysetreni-carrier-screening\/#breadcrumb","itemListElement":[{"@type":"ListItem","position":1,"name":"Home","item":"https:\/\/genetika-plzen.nullable.group\/"},{"@type":"ListItem","position":2,"name":"Genetick\u00e1 ambulance","item":"https:\/\/genetika-plzen.nullable.group\/de\/geneticka-ambulance\/"},{"@type":"ListItem","position":3,"name":"Prekoncep\u010dn\u00ed genetick\u00e9 vy\u0161et\u0159en\u00ed\/Carrier screening"}]},{"@type":"WebSite","@id":"https:\/\/genetika-plzen.nullable.group\/#website","url":"https:\/\/genetika-plzen.nullable.group\/","name":"Genetika Plze\u0148","description":"Genetika Plze\u0148","publisher":{"@id":"https:\/\/genetika-plzen.nullable.group\/#organization"},"potentialAction":[{"@type":"SearchAction","target":{"@type":"EntryPoint","urlTemplate":"https:\/\/genetika-plzen.nullable.group\/?s={search_term_string}"},"query-input":"required name=search_term_string"}],"inLanguage":"de-DE-formal"},{"@type":"Organization","@id":"https:\/\/genetika-plzen.nullable.group\/#organization","name":"Genetika Plze\u0148","url":"https:\/\/genetika-plzen.nullable.group\/","logo":{"@type":"ImageObject","inLanguage":"de-DE-formal","@id":"https:\/\/genetika-plzen.nullable.group\/#\/schema\/logo\/image\/","url":"https:\/\/genetika-plzen.nullable.group\/wp-content\/uploads\/2022\/07\/logo2.svg","contentUrl":"https:\/\/genetika-plzen.nullable.group\/wp-content\/uploads\/2022\/07\/logo2.svg","width":286,"height":95,"caption":"Genetika Plze\u0148"},"image":{"@id":"https:\/\/genetika-plzen.nullable.group\/#\/schema\/logo\/image\/"}}]}},"_links":{"self":[{"href":"https:\/\/genetika-plzen.nullable.group\/de\/wp-json\/wp\/v2\/pages\/7373","targetHints":{"allow":["GET"]}}],"collection":[{"href":"https:\/\/genetika-plzen.nullable.group\/de\/wp-json\/wp\/v2\/pages"}],"about":[{"href":"https:\/\/genetika-plzen.nullable.group\/de\/wp-json\/wp\/v2\/types\/page"}],"author":[{"embeddable":true,"href":"https:\/\/genetika-plzen.nullable.group\/de\/wp-json\/wp\/v2\/users\/9"}],"replies":[{"embeddable":true,"href":"https:\/\/genetika-plzen.nullable.group\/de\/wp-json\/wp\/v2\/comments?post=7373"}],"version-history":[{"count":21,"href":"https:\/\/genetika-plzen.nullable.group\/de\/wp-json\/wp\/v2\/pages\/7373\/revisions"}],"predecessor-version":[{"id":8507,"href":"https:\/\/genetika-plzen.nullable.group\/de\/wp-json\/wp\/v2\/pages\/7373\/revisions\/8507"}],"up":[{"embeddable":true,"href":"https:\/\/genetika-plzen.nullable.group\/de\/wp-json\/wp\/v2\/pages\/7072"}],"wp:attachment":[{"href":"https:\/\/genetika-plzen.nullable.group\/de\/wp-json\/wp\/v2\/media?parent=7373"}],"wp:term":[{"taxonomy":"service-area","embeddable":true,"href":"https:\/\/genetika-plzen.nullable.group\/de\/wp-json\/wp\/v2\/service-area?post=7373"}],"curies":[{"name":"wp","href":"https:\/\/api.w.org\/{rel}","templated":true}]}}