{"id":7396,"date":"2024-02-05T20:39:18","date_gmt":"2024-02-05T19:39:18","guid":{"rendered":"https:\/\/genetika-plzen.nullable.group\/?page_id=7396"},"modified":"2024-02-05T20:42:27","modified_gmt":"2024-02-05T19:42:27","slug":"specializovane-vysetreni-pro-dospele","status":"publish","type":"page","link":"https:\/\/genetika-plzen.nullable.group\/de\/geneticka-ambulance\/specializovane-vysetreni-pro-dospele\/","title":{"rendered":"Spezialisierte Untersuchung f\u00fcr Erwachsene"},"content":{"rendered":"<div data-elementor-type=\"wp-page\" data-elementor-id=\"7396\" class=\"elementor elementor-7396\">\n\t\t\t\t<div class=\"elementor-element elementor-element-742fa1a e-flex e-con-boxed e-con e-parent\" data-id=\"742fa1a\" data-element_type=\"container\" data-e-type=\"container\">\n\t\t\t\t\t<div class=\"e-con-inner\">\n\t\t\t\t<div class=\"elementor-element elementor-element-ef930bd elementor-widget elementor-widget-spacer\" data-id=\"ef930bd\" data-element_type=\"widget\" data-e-type=\"widget\" data-widget_type=\"spacer.default\">\n\t\t\t\t<div class=\"elementor-widget-container\">\n\t\t\t\t\t\t\t<div class=\"elementor-spacer\">\n\t\t\t<div class=\"elementor-spacer-inner\"><\/div>\n\t\t<\/div>\n\t\t\t\t\t\t<\/div>\n\t\t\t\t<\/div>\n\t\t\t\t\t<\/div>\n\t\t\t\t<\/div>\n\t\t<div class=\"elementor-element elementor-element-665cf25 e-flex e-con-boxed e-con e-parent\" data-id=\"665cf25\" data-element_type=\"container\" data-e-type=\"container\">\n\t\t\t\t\t<div class=\"e-con-inner\">\n\t\t\t\t<div class=\"elementor-element elementor-element-e046cc9 elementor-widget elementor-widget-text-editor\" data-id=\"e046cc9\" data-element_type=\"widget\" data-e-type=\"widget\" data-widget_type=\"text-editor.default\">\n\t\t\t\t<div class=\"elementor-widget-container\">\n\t\t\t\t\t\t\t\t\t<h2>Sorgen Sie f\u00fcr eine umfassende Untersuchung Ihrer Patienten&nbsp;<\/h2>\n\n<p>Wir bieten Untersuchungen an, deren Kosten Genetika Plze\u0148 tr\u00e4gt.<\/p>\n\n<p>Untersuchungsarten:<\/p>\n\n<ul><li><strong>Mutationen angeborener thrombotischer Erkrankungen<\/strong> \u2013 Leiden- und Prothrombinmutation. Diese Untersuchung sollte bei Personen, die eine Thrombose oder Embolie erlitten haben, erg\u00e4nzend durchgef\u00fchrt werden.<\/li><li><strong>Gilbert-Syndrom<\/strong> \u2013 Dies ist eine molekulargenetische Best\u00e4tigung einer gutartigen Hyperbilirubin\u00e4mie.<\/li><li><strong>H\u00e4mochromatose<\/strong> \u2013 die h\u00e4ufigste monogen vererbte Erkrankung, die zu einer \u00fcberm\u00e4\u00dfigen Eisenspeicherung in den Hepatozyten und insbesondere der Bauchspeicheldr\u00fcse f\u00fchrt. Geeignet zur Erg\u00e4nzung bei Personen mit erh\u00f6hten Fe-, ALT- und AST-Werten mit Verl\u00e4ngerung der Prothrombinzeit.<\/li><li><strong>Pr\u00e4disponierende Allele f\u00fcr Z\u00f6liakie<\/strong> \u2013 bei Menschen mit vermindertem Appetit, Bl\u00e4hungen, Verstopfung, An\u00e4mie, Osteoporose, vermehrter Karies, Gelenkschmerzen, M\u00fcdigkeit und Unfruchtbarkeit, Spontanaborten. Wenn der Patient einige dieser Beschwerden und gleichzeitig eine Veranlagung f\u00fcr Z\u00f6liakie hat, ist es ratsam, mit der Einhaltung einer glutenfreien Di\u00e4t zu beginnen.<\/li><li><strong>Laktoseintoleranz<\/strong> \u2014 an Laktoseintoleranz leiden etwa 10 % der Bev\u00f6lkerung der Tschechischen Republik \u2013 sie \u00e4u\u00dfert sich am h\u00e4ufigsten durch verst\u00e4rkte Bl\u00e4hungen, Bauchschmerzen oder weichen Stuhl nach dem Verzehr von Milch oder Milchprodukten, die Laktose (Milchzucker) enthalten.<\/li><li><strong>Oncopanel aus 22 Genen nach der NGS-Methode<\/strong> \u2013 es handelt sich um Gene, die vor allem mit dem erblichen Auftreten von Brust-, Eierstock- und Dickdarmtumoren in Zusammenhang stehen. Diese Untersuchung eignet sich f\u00fcr Personen, die vor dem 50. Lebensjahr eine dieser Krankheiten durchgemacht haben, bzw. in deren Familie eine dieser Krankheiten in mindestens 2 Generationen bei Personen vor dem 50. Lebensjahr vorkommt.<\/li><li>Es ist bei uns auch m\u00f6glich einen Termin f\u00fcr ein&nbsp;<strong>Beratungsgespr\u00e4ch mit Patienten zu vereinbaren<\/strong>, in deren Familien andere monogene Krankheiten vorgekommen sind. Es handelt sich vor allem um neurologische Erkrankungen (heredit\u00e4re motorisch-sensorische Neuropathie, Morbus Huntington, spinozerebell\u00e4re Ataxie...), Nierenerkrankungen (polyzystische Nierenerkrankung, Alport-Syndrom...), Herzerkrankungen (Marfan-Syndrom und andere Bindegewebserkrankungen, heredit\u00e4re Kardiomyopathie) oder H\u00f6rst\u00f6rungen. In diesen F\u00e4llen f\u00fchren wir eine genetische Beratung durch, kl\u00e4ren den Patienten \u00fcber das Risiko und die Bedeutung der Untersuchung f\u00fcr ihn auf und senden die isolierte DNA zur Untersuchung an spezialisierte Labore in der Tschechischen Republik oder im Ausland.<\/li><li class=\" translation-block\"><strong>Untersuchung von Paaren<\/strong>, die eine Familiengr\u00fcndung planen und an einer angeborenen Entwicklungsst\u00f6rung oder einer schweren Erbkrankheit leiden. Das Ziel besteht darin, die Partner nach der genetischen Untersuchung \u00fcber das Risiko f\u00fcr ihre Nachkommen aufzukl\u00e4ren und eventuell m\u00f6gliche vorbeugende Ma\u00dfnahmen vorzuschlagen (genetische Pr\u00e4implantationsdiagnostik von Embryonen w\u00e4hrend der IVF und \u00dcbertragung nur von dem Embryo, der die betreffende Krankheit nicht geerbt hat).<\/li><\/ul>\n\n<p><strong>Alle genannten Untersuchungen werden von einem klinischen Genetiker indiziert und von unserer Arbeitsst\u00e4tte angefordert. Sie gehen also zu Lasten von Genetika Plze\u0148.<\/strong><\/p>\n\n<p class=\" translation-block\">Od\u00a0Der Patient ben\u00f6tigt von Ihnen eine \u00dcberweisung zu einer genetischen Untersuchung, die dann unter den Telefonnummern:\u00a0<strong><a href=\"tel:+420377241529\" target=\"_self\">377\u00a0241\u00a0529<\/a><\/strong> oder\u00a0<strong><a href=\"tel:+420603174793\" target=\"_self\">603\u00a0174\u00a0793<\/a><\/strong> vereinbart werden kann. Folglich weisen wir zu Lasten Ihrer Arbeitsst\u00e4tte eine genetische Beratung f\u00fcr 1522 Punkte auf.<\/p>\n\n<p class=\" translation-block\">Bei Selbstzahlern kostet die genetische Beratung bei uns 1.500 CZK, f\u00fcr zus\u00e4tzliche Laboruntersuchungen berechnen wir den Preis, den Sie auf unserer Website www.genetika-plzen.cz finden.<\/p>\t\t\t\t\t\t\t\t<\/div>\n\t\t\t\t<\/div>\n\t\t\t\t\t<\/div>\n\t\t\t\t<\/div>\n\t\t<div class=\"elementor-element elementor-element-780ef4a e-flex e-con-boxed e-con e-parent\" data-id=\"780ef4a\" data-element_type=\"container\" data-e-type=\"container\">\n\t\t\t\t\t<div class=\"e-con-inner\">\n\t\t\t\t<div class=\"elementor-element elementor-element-2dbdec7 elementor-widget elementor-widget-image\" data-id=\"2dbdec7\" data-element_type=\"widget\" data-e-type=\"widget\" data-widget_type=\"image.default\">\n\t\t\t\t<div class=\"elementor-widget-container\">\n\t\t\t\t\t\t\t\t\t\t\t\t\t\t\t<img fetchpriority=\"high\" decoding=\"async\" width=\"300\" height=\"284\" src=\"https:\/\/genetika-plzen.nullable.group\/wp-content\/uploads\/2024\/02\/thumb_3000x3000_specializovane-vysetreni-pro-dospele-300x284.jpg\" class=\"attachment-medium size-medium wp-image-7398\" alt=\"\" srcset=\"https:\/\/genetika-plzen.nullable.group\/wp-content\/uploads\/2024\/02\/thumb_3000x3000_specializovane-vysetreni-pro-dospele-300x284.jpg 300w, https:\/\/genetika-plzen.nullable.group\/wp-content\/uploads\/2024\/02\/thumb_3000x3000_specializovane-vysetreni-pro-dospele-768x727.jpg 768w, https:\/\/genetika-plzen.nullable.group\/wp-content\/uploads\/2024\/02\/thumb_3000x3000_specializovane-vysetreni-pro-dospele-13x12.jpg 13w, https:\/\/genetika-plzen.nullable.group\/wp-content\/uploads\/2024\/02\/thumb_3000x3000_specializovane-vysetreni-pro-dospele.jpg 837w\" sizes=\"(max-width: 300px) 100vw, 300px\" \/>\t\t\t\t\t\t\t\t\t\t\t\t\t\t\t<\/div>\n\t\t\t\t<\/div>\n\t\t\t\t\t<\/div>\n\t\t\t\t<\/div>\n\t\t\t\t<\/div>","protected":false},"excerpt":{"rendered":"<p>Zajist\u011bte sv\u00fdm pacient\u016fm plnohodnotn\u00e9 vy\u0161et\u0159en\u00ed&nbsp; Nab\u00edz\u00edme v\u00e1m vy\u0161et\u0159en\u00ed, kter\u00e1 jdou do&nbsp;n\u00e1klad\u016f Genetiky Plze\u0148. Druhy vy\u0161et\u0159en\u00ed: Mutace vrozeny\u0301ch tromboticky\u0301ch stav\u016f \u2013 Leidensk\u00e1 a&nbsp;protrombinov\u00e1 mutace. Toto vy\u0161et\u0159en\u00ed je vhodn\u00e9 doplnit u&nbsp;osob, kter\u00e9 prod\u011blaly tromb\u00f3zu \u010di&nbsp;embolii. Gilbert\u016fv syndrom \u2013 jedn\u00e1 se&nbsp;o&nbsp;molekul\u00e1rn\u011b genetick\u00e9 potvrzen\u00ed benign\u00ed hyperbilirubinemie. Hemochromatoza \u2013 nej\u010dast\u011bj\u0161\u00ed monogenn\u011b d\u011bdi\u010dn\u00e9 onemocn\u011bn\u00ed, kter\u00e9 vede k&nbsp;nadm\u011brn\u00e9mu st\u0159\u00e1d\u00e1n\u00ed \u017eeleza v&nbsp;hepatocytech a&nbsp;p\u0159edev\u0161\u00edm [&hellip;]<\/p>","protected":false},"author":9,"featured_media":0,"parent":7072,"menu_order":0,"comment_status":"closed","ping_status":"closed","template":"","meta":{"footnotes":""},"service-area":[27],"class_list":["post-7396","page","type-page","status-publish","hentry","service-area-geneticka-ambulance"],"yoast_head":"<!-- This site is optimized with the Yoast SEO plugin v20.2 - https:\/\/yoast.com\/wordpress\/plugins\/seo\/ -->\n<title>Specializovan\u00e9 vy\u0161et\u0159en\u00ed pro dosp\u011bl\u00e9 | Genetika Plze\u0148<\/title>\n<meta name=\"robots\" content=\"index, follow, max-snippet:-1, max-image-preview:large, max-video-preview:-1\" \/>\n<link rel=\"canonical\" href=\"https:\/\/genetika-plzen.nullable.group\/de\/geneticka-ambulance\/specializovane-vysetreni-pro-dospele\/\" \/>\n<meta property=\"og:locale\" content=\"de_DE\" \/>\n<meta property=\"og:type\" content=\"article\" \/>\n<meta property=\"og:title\" content=\"Specializovan\u00e9 vy\u0161et\u0159en\u00ed pro dosp\u011bl\u00e9 | Genetika Plze\u0148\" \/>\n<meta property=\"og:description\" content=\"Zajist\u011bte sv\u00fdm pacient\u016fm plnohodnotn\u00e9 vy\u0161et\u0159en\u00ed&nbsp; Nab\u00edz\u00edme v\u00e1m vy\u0161et\u0159en\u00ed, kter\u00e1 jdou do&nbsp;n\u00e1klad\u016f Genetiky Plze\u0148. Druhy vy\u0161et\u0159en\u00ed: Mutace vrozeny\u0301ch tromboticky\u0301ch stav\u016f \u2013 Leidensk\u00e1 a&nbsp;protrombinov\u00e1 mutace. Toto vy\u0161et\u0159en\u00ed je vhodn\u00e9 doplnit u&nbsp;osob, kter\u00e9 prod\u011blaly tromb\u00f3zu \u010di&nbsp;embolii. Gilbert\u016fv syndrom \u2013 jedn\u00e1 se&nbsp;o&nbsp;molekul\u00e1rn\u011b genetick\u00e9 potvrzen\u00ed benign\u00ed hyperbilirubinemie. Hemochromatoza \u2013 nej\u010dast\u011bj\u0161\u00ed monogenn\u011b d\u011bdi\u010dn\u00e9 onemocn\u011bn\u00ed, kter\u00e9 vede k&nbsp;nadm\u011brn\u00e9mu st\u0159\u00e1d\u00e1n\u00ed \u017eeleza v&nbsp;hepatocytech a&nbsp;p\u0159edev\u0161\u00edm [&hellip;]\" \/>\n<meta property=\"og:url\" content=\"https:\/\/genetika-plzen.nullable.group\/de\/geneticka-ambulance\/specializovane-vysetreni-pro-dospele\/\" \/>\n<meta property=\"og:site_name\" content=\"Genetika Plze\u0148\" \/>\n<meta property=\"article:modified_time\" content=\"2024-02-05T19:42:27+00:00\" \/>\n<meta property=\"og:image\" content=\"https:\/\/genetika-plzen.nullable.group\/wp-content\/uploads\/2024\/02\/thumb_3000x3000_specializovane-vysetreni-pro-dospele-300x284.jpg\" \/>\n<meta name=\"twitter:card\" content=\"summary_large_image\" \/>\n<meta name=\"twitter:label1\" content=\"Est. reading time\" \/>\n\t<meta name=\"twitter:data1\" content=\"3 minutes\" \/>\n<script type=\"application\/ld+json\" class=\"yoast-schema-graph\">{\"@context\":\"https:\/\/schema.org\",\"@graph\":[{\"@type\":\"WebPage\",\"@id\":\"https:\/\/genetika-plzen.nullable.group\/de\/geneticka-ambulance\/specializovane-vysetreni-pro-dospele\/\",\"url\":\"https:\/\/genetika-plzen.nullable.group\/de\/geneticka-ambulance\/specializovane-vysetreni-pro-dospele\/\",\"name\":\"Specializovan\u00e9 vy\u0161et\u0159en\u00ed pro dosp\u011bl\u00e9 | Genetika Plze\u0148\",\"isPartOf\":{\"@id\":\"https:\/\/genetika-plzen.nullable.group\/#website\"},\"datePublished\":\"2024-02-05T19:39:18+00:00\",\"dateModified\":\"2024-02-05T19:42:27+00:00\",\"breadcrumb\":{\"@id\":\"https:\/\/genetika-plzen.nullable.group\/de\/geneticka-ambulance\/specializovane-vysetreni-pro-dospele\/#breadcrumb\"},\"inLanguage\":\"de-DE-formal\",\"potentialAction\":[{\"@type\":\"ReadAction\",\"target\":[\"https:\/\/genetika-plzen.nullable.group\/de\/geneticka-ambulance\/specializovane-vysetreni-pro-dospele\/\"]}]},{\"@type\":\"BreadcrumbList\",\"@id\":\"https:\/\/genetika-plzen.nullable.group\/de\/geneticka-ambulance\/specializovane-vysetreni-pro-dospele\/#breadcrumb\",\"itemListElement\":[{\"@type\":\"ListItem\",\"position\":1,\"name\":\"Home\",\"item\":\"https:\/\/genetika-plzen.nullable.group\/\"},{\"@type\":\"ListItem\",\"position\":2,\"name\":\"Genetick\u00e1 ambulance\",\"item\":\"https:\/\/genetika-plzen.nullable.group\/de\/geneticka-ambulance\/\"},{\"@type\":\"ListItem\",\"position\":3,\"name\":\"Specializovan\u00e9 vy\u0161et\u0159en\u00ed pro dosp\u011bl\u00e9\"}]},{\"@type\":\"WebSite\",\"@id\":\"https:\/\/genetika-plzen.nullable.group\/#website\",\"url\":\"https:\/\/genetika-plzen.nullable.group\/\",\"name\":\"Genetika Plze\u0148\",\"description\":\"Genetika Plze\u0148\",\"publisher\":{\"@id\":\"https:\/\/genetika-plzen.nullable.group\/#organization\"},\"potentialAction\":[{\"@type\":\"SearchAction\",\"target\":{\"@type\":\"EntryPoint\",\"urlTemplate\":\"https:\/\/genetika-plzen.nullable.group\/?s={search_term_string}\"},\"query-input\":\"required name=search_term_string\"}],\"inLanguage\":\"de-DE-formal\"},{\"@type\":\"Organization\",\"@id\":\"https:\/\/genetika-plzen.nullable.group\/#organization\",\"name\":\"Genetika Plze\u0148\",\"url\":\"https:\/\/genetika-plzen.nullable.group\/\",\"logo\":{\"@type\":\"ImageObject\",\"inLanguage\":\"de-DE-formal\",\"@id\":\"https:\/\/genetika-plzen.nullable.group\/#\/schema\/logo\/image\/\",\"url\":\"https:\/\/genetika-plzen.nullable.group\/wp-content\/uploads\/2022\/07\/logo2.svg\",\"contentUrl\":\"https:\/\/genetika-plzen.nullable.group\/wp-content\/uploads\/2022\/07\/logo2.svg\",\"width\":286,\"height\":95,\"caption\":\"Genetika Plze\u0148\"},\"image\":{\"@id\":\"https:\/\/genetika-plzen.nullable.group\/#\/schema\/logo\/image\/\"}}]}<\/script>\n<!-- \/ Yoast SEO plugin. -->","yoast_head_json":{"title":"Specializovan\u00e9 vy\u0161et\u0159en\u00ed pro dosp\u011bl\u00e9 | Genetika Plze\u0148","robots":{"index":"index","follow":"follow","max-snippet":"max-snippet:-1","max-image-preview":"max-image-preview:large","max-video-preview":"max-video-preview:-1"},"canonical":"https:\/\/genetika-plzen.nullable.group\/de\/geneticka-ambulance\/specializovane-vysetreni-pro-dospele\/","og_locale":"de_DE","og_type":"article","og_title":"Specializovan\u00e9 vy\u0161et\u0159en\u00ed pro dosp\u011bl\u00e9 | Genetika Plze\u0148","og_description":"Zajist\u011bte sv\u00fdm pacient\u016fm plnohodnotn\u00e9 vy\u0161et\u0159en\u00ed&nbsp; Nab\u00edz\u00edme v\u00e1m vy\u0161et\u0159en\u00ed, kter\u00e1 jdou do&nbsp;n\u00e1klad\u016f Genetiky Plze\u0148. Druhy vy\u0161et\u0159en\u00ed: Mutace vrozeny\u0301ch tromboticky\u0301ch stav\u016f \u2013 Leidensk\u00e1 a&nbsp;protrombinov\u00e1 mutace. Toto vy\u0161et\u0159en\u00ed je vhodn\u00e9 doplnit u&nbsp;osob, kter\u00e9 prod\u011blaly tromb\u00f3zu \u010di&nbsp;embolii. Gilbert\u016fv syndrom \u2013 jedn\u00e1 se&nbsp;o&nbsp;molekul\u00e1rn\u011b genetick\u00e9 potvrzen\u00ed benign\u00ed hyperbilirubinemie. Hemochromatoza \u2013 nej\u010dast\u011bj\u0161\u00ed monogenn\u011b d\u011bdi\u010dn\u00e9 onemocn\u011bn\u00ed, kter\u00e9 vede k&nbsp;nadm\u011brn\u00e9mu st\u0159\u00e1d\u00e1n\u00ed \u017eeleza v&nbsp;hepatocytech a&nbsp;p\u0159edev\u0161\u00edm [&hellip;]","og_url":"https:\/\/genetika-plzen.nullable.group\/de\/geneticka-ambulance\/specializovane-vysetreni-pro-dospele\/","og_site_name":"Genetika Plze\u0148","article_modified_time":"2024-02-05T19:42:27+00:00","og_image":[{"url":"https:\/\/genetika-plzen.nullable.group\/wp-content\/uploads\/2024\/02\/thumb_3000x3000_specializovane-vysetreni-pro-dospele-300x284.jpg"}],"twitter_card":"summary_large_image","twitter_misc":{"Est. reading time":"3 minutes"},"schema":{"@context":"https:\/\/schema.org","@graph":[{"@type":"WebPage","@id":"https:\/\/genetika-plzen.nullable.group\/de\/geneticka-ambulance\/specializovane-vysetreni-pro-dospele\/","url":"https:\/\/genetika-plzen.nullable.group\/de\/geneticka-ambulance\/specializovane-vysetreni-pro-dospele\/","name":"Specializovan\u00e9 vy\u0161et\u0159en\u00ed pro dosp\u011bl\u00e9 | Genetika Plze\u0148","isPartOf":{"@id":"https:\/\/genetika-plzen.nullable.group\/#website"},"datePublished":"2024-02-05T19:39:18+00:00","dateModified":"2024-02-05T19:42:27+00:00","breadcrumb":{"@id":"https:\/\/genetika-plzen.nullable.group\/de\/geneticka-ambulance\/specializovane-vysetreni-pro-dospele\/#breadcrumb"},"inLanguage":"de-DE-formal","potentialAction":[{"@type":"ReadAction","target":["https:\/\/genetika-plzen.nullable.group\/de\/geneticka-ambulance\/specializovane-vysetreni-pro-dospele\/"]}]},{"@type":"BreadcrumbList","@id":"https:\/\/genetika-plzen.nullable.group\/de\/geneticka-ambulance\/specializovane-vysetreni-pro-dospele\/#breadcrumb","itemListElement":[{"@type":"ListItem","position":1,"name":"Home","item":"https:\/\/genetika-plzen.nullable.group\/"},{"@type":"ListItem","position":2,"name":"Genetick\u00e1 ambulance","item":"https:\/\/genetika-plzen.nullable.group\/de\/geneticka-ambulance\/"},{"@type":"ListItem","position":3,"name":"Specializovan\u00e9 vy\u0161et\u0159en\u00ed pro dosp\u011bl\u00e9"}]},{"@type":"WebSite","@id":"https:\/\/genetika-plzen.nullable.group\/#website","url":"https:\/\/genetika-plzen.nullable.group\/","name":"Genetika Plze\u0148","description":"Genetika Plze\u0148","publisher":{"@id":"https:\/\/genetika-plzen.nullable.group\/#organization"},"potentialAction":[{"@type":"SearchAction","target":{"@type":"EntryPoint","urlTemplate":"https:\/\/genetika-plzen.nullable.group\/?s={search_term_string}"},"query-input":"required name=search_term_string"}],"inLanguage":"de-DE-formal"},{"@type":"Organization","@id":"https:\/\/genetika-plzen.nullable.group\/#organization","name":"Genetika Plze\u0148","url":"https:\/\/genetika-plzen.nullable.group\/","logo":{"@type":"ImageObject","inLanguage":"de-DE-formal","@id":"https:\/\/genetika-plzen.nullable.group\/#\/schema\/logo\/image\/","url":"https:\/\/genetika-plzen.nullable.group\/wp-content\/uploads\/2022\/07\/logo2.svg","contentUrl":"https:\/\/genetika-plzen.nullable.group\/wp-content\/uploads\/2022\/07\/logo2.svg","width":286,"height":95,"caption":"Genetika Plze\u0148"},"image":{"@id":"https:\/\/genetika-plzen.nullable.group\/#\/schema\/logo\/image\/"}}]}},"_links":{"self":[{"href":"https:\/\/genetika-plzen.nullable.group\/de\/wp-json\/wp\/v2\/pages\/7396","targetHints":{"allow":["GET"]}}],"collection":[{"href":"https:\/\/genetika-plzen.nullable.group\/de\/wp-json\/wp\/v2\/pages"}],"about":[{"href":"https:\/\/genetika-plzen.nullable.group\/de\/wp-json\/wp\/v2\/types\/page"}],"author":[{"embeddable":true,"href":"https:\/\/genetika-plzen.nullable.group\/de\/wp-json\/wp\/v2\/users\/9"}],"replies":[{"embeddable":true,"href":"https:\/\/genetika-plzen.nullable.group\/de\/wp-json\/wp\/v2\/comments?post=7396"}],"version-history":[{"count":5,"href":"https:\/\/genetika-plzen.nullable.group\/de\/wp-json\/wp\/v2\/pages\/7396\/revisions"}],"predecessor-version":[{"id":7411,"href":"https:\/\/genetika-plzen.nullable.group\/de\/wp-json\/wp\/v2\/pages\/7396\/revisions\/7411"}],"up":[{"embeddable":true,"href":"https:\/\/genetika-plzen.nullable.group\/de\/wp-json\/wp\/v2\/pages\/7072"}],"wp:attachment":[{"href":"https:\/\/genetika-plzen.nullable.group\/de\/wp-json\/wp\/v2\/media?parent=7396"}],"wp:term":[{"taxonomy":"service-area","embeddable":true,"href":"https:\/\/genetika-plzen.nullable.group\/de\/wp-json\/wp\/v2\/service-area?post=7396"}],"curies":[{"name":"wp","href":"https:\/\/api.w.org\/{rel}","templated":true}]}}