{"id":7433,"date":"2024-02-05T20:50:49","date_gmt":"2024-02-05T19:50:49","guid":{"rendered":"https:\/\/genetika-plzen.nullable.group\/?page_id=7433"},"modified":"2024-02-05T20:51:46","modified_gmt":"2024-02-05T19:51:46","slug":"detska-kardiologie","status":"publish","type":"page","link":"https:\/\/genetika-plzen.nullable.group\/de\/detska-kardiologie\/","title":{"rendered":"Kinder Kardiologie"},"content":{"rendered":"<div data-elementor-type=\"wp-page\" data-elementor-id=\"7433\" class=\"elementor elementor-7433\">\n\t\t\t\t<div class=\"elementor-element elementor-element-9478aee e-flex e-con-boxed e-con e-parent\" data-id=\"9478aee\" data-element_type=\"container\" data-e-type=\"container\">\n\t\t\t\t\t<div class=\"e-con-inner\">\n\t\t\t\t<div class=\"elementor-element elementor-element-1d32de9 elementor-widget elementor-widget-spacer\" data-id=\"1d32de9\" data-element_type=\"widget\" data-e-type=\"widget\" data-widget_type=\"spacer.default\">\n\t\t\t\t<div class=\"elementor-widget-container\">\n\t\t\t\t\t\t\t<div class=\"elementor-spacer\">\n\t\t\t<div class=\"elementor-spacer-inner\"><\/div>\n\t\t<\/div>\n\t\t\t\t\t\t<\/div>\n\t\t\t\t<\/div>\n\t\t\t\t\t<\/div>\n\t\t\t\t<\/div>\n\t\t<div class=\"elementor-element elementor-element-3f8caac e-flex e-con-boxed e-con e-parent\" data-id=\"3f8caac\" data-element_type=\"container\" data-e-type=\"container\">\n\t\t\t\t\t<div class=\"e-con-inner\">\n\t\t<div class=\"elementor-element elementor-element-6a2ef0c e-flex e-con-boxed e-con e-parent\" data-id=\"6a2ef0c\" data-element_type=\"container\" data-e-type=\"container\">\n\t\t\t\t\t<div class=\"e-con-inner\">\n\t\t\t\t<div class=\"elementor-element elementor-element-7cdade5 elementor-widget elementor-widget-text-editor\" data-id=\"7cdade5\" data-element_type=\"widget\" data-e-type=\"widget\" data-widget_type=\"text-editor.default\">\n\t\t\t\t<div class=\"elementor-widget-container\">\n\t\t\t\t\t\t\t\t\t<p>Die kinderkardiologische Praxis bietet<\/p>\n\n<ul><li>Herzuntersuchung des F\u00f6tus in der 20 - 24. Schwangerschaftswoche zum Ausschluss von ernsthaften angeborenen Herzfehlern und Herzrhythmusst\u00f6rungen<\/li><li>Untersuchung von Kindern mit Verdacht auf einen angeborenen oder erworbenen Herzfehler, eine entz\u00fcndliche Herzerkrankung oder eine Rhythmusst\u00f6rung von Neugeborenen bis zum Alter von 18 Jahren<\/li><li>Pr\u00e4ventive Untersuchungen Leistungssport treibender Kinder mit Fokus auf versteckte Herzfehler unter Einsatz von EKG und Echokardiografie<\/li><\/ul>\t\t\t\t\t\t\t\t<\/div>\n\t\t\t\t<\/div>\n\t\t\t\t<div class=\"elementor-element elementor-element-3d04399 elementor-widget elementor-widget-image\" data-id=\"3d04399\" data-element_type=\"widget\" data-e-type=\"widget\" data-widget_type=\"image.default\">\n\t\t\t\t<div class=\"elementor-widget-container\">\n\t\t\t\t\t\t\t\t\t\t\t\t\t\t\t<img fetchpriority=\"high\" decoding=\"async\" width=\"500\" height=\"500\" src=\"https:\/\/genetika-plzen.nullable.group\/wp-content\/uploads\/2024\/02\/thumb_3000x3000_detska-kardiologie.jpg\" class=\"attachment-large size-large wp-image-7435\" alt=\"\" srcset=\"https:\/\/genetika-plzen.nullable.group\/wp-content\/uploads\/2024\/02\/thumb_3000x3000_detska-kardiologie.jpg 500w, https:\/\/genetika-plzen.nullable.group\/wp-content\/uploads\/2024\/02\/thumb_3000x3000_detska-kardiologie-300x300.jpg 300w, https:\/\/genetika-plzen.nullable.group\/wp-content\/uploads\/2024\/02\/thumb_3000x3000_detska-kardiologie-150x150.jpg 150w, https:\/\/genetika-plzen.nullable.group\/wp-content\/uploads\/2024\/02\/thumb_3000x3000_detska-kardiologie-12x12.jpg 12w\" sizes=\"(max-width: 500px) 100vw, 500px\" \/>\t\t\t\t\t\t\t\t\t\t\t\t\t\t\t<\/div>\n\t\t\t\t<\/div>\n\t\t\t\t\t<\/div>\n\t\t\t\t<\/div>\n\t\t\t\t\t<\/div>\n\t\t\t\t<\/div>\n\t\t<div class=\"elementor-element elementor-element-47f9201 e-flex e-con-boxed e-con e-parent\" data-id=\"47f9201\" data-element_type=\"container\" data-e-type=\"container\">\n\t\t\t\t\t<div class=\"e-con-inner\">\n\t\t\t\t<div class=\"elementor-element elementor-element-8b64545 elementor-widget elementor-widget-text-editor\" data-id=\"8b64545\" data-element_type=\"widget\" data-e-type=\"widget\" data-widget_type=\"text-editor.default\">\n\t\t\t\t<div class=\"elementor-widget-container\">\n\t\t\t\t\t\t\t\t\t<strong>Kinderkardiologische Praxis<\/strong><br>\n<strong>MUDr.Petr Jehli\u010dka, Ph.D.<\/strong><br>\n<strong>Id. Nr.:<\/strong>&nbsp;69419159<br>\n<strong>Tel.:&nbsp;<\/strong><a href=\"tel:377452040\">377&nbsp;452&nbsp;040<\/a><br>\n<strong>E-mail:<\/strong>&nbsp;<a href=\"mailto:jehlickap@tiscali.cz\">jehlickap@tiscali.cz<\/a>\n\n<p><a href=\"http:\/\/www.kardiologieplzen.cz\">www.kardiologieplzen.cz<\/a><\/p>\n\n<p>Parkov\u00e1 11\/a, Pilsen, das Geb\u00e4ude Genetik Pilsen<\/p>\n\n<p>&nbsp;<\/p>\n\n<p><strong>Praxiszeiten<\/strong><\/p>\n\n<table>\n\t<tbody>\n\t\t<tr>\n\t\t\t<td><strong>Po<\/strong><\/td>\n\t\t\t<td>7:30&nbsp;&#8211; 15:30<\/td>\n\t\t<\/tr>\n\t\t<tr>\n\t\t\t<td><strong>\u00dat<\/strong><\/td>\n\t\t\t<td>7:30&nbsp;&#8211; 15:30<\/td>\n\t\t<\/tr>\n\t\t<tr>\n\t\t\t<td><strong>St<\/strong><\/td>\n\t\t\t<td>7:30&nbsp;&#8211; 16:00<\/td>\n\t\t<\/tr>\n\t\t<tr>\n\t\t\t<td><strong>\u010ct<\/strong><\/td>\n\t\t\t<td>7:30&nbsp;&#8211; 15:30<\/td>\n\t\t<\/tr>\n\t\t<tr>\n\t\t\t<td><strong>P\u00e1<\/strong><\/td>\n\t\t\t<td>7:30&nbsp;&#8211; 14:00<\/td>\n\t\t<\/tr>\n\t<\/tbody>\n<\/table>\n\n<p><strong>Telefonische Terminvereinbarung:<\/strong>&nbsp;jeweils freitags unter der Tel. Nr. <a href=\"tel:377452040\">377&nbsp;452&nbsp;040<\/a><\/p>\t\t\t\t\t\t\t\t<\/div>\n\t\t\t\t<\/div>\n\t\t\t\t\t<\/div>\n\t\t\t\t<\/div>\n\t\t\t\t<\/div>","protected":false},"excerpt":{"rendered":"<p>D\u011btsk\u00e1 kardiologick\u00e1 ordinace nab\u00edz\u00ed Vy\u0161et\u0159en\u00ed srdce plodu ve&nbsp;20&nbsp;-24.&nbsp;t\u00fddnu k&nbsp;vylou\u010den\u00ed z\u00e1va\u017en\u00fdch vrozen\u00fdch srde\u010dn\u00edch vad a&nbsp;poruch srde\u010dn\u00edho rytmu Vy\u0161et\u0159en\u00ed d\u011bt\u00ed od&nbsp;novorozeneck\u00e9ho obdob\u00ed do&nbsp;18.&nbsp;roku v\u011bku s&nbsp;podez\u0159en\u00edm na&nbsp;vrozenou nebo&nbsp;z\u00edskanou srde\u010dn\u00ed vadu, z\u00e1n\u011btliv\u00e9 srde\u010dn\u00ed onemocn\u011bn\u00ed nebo&nbsp;poruchu rytmu Preventivn\u00ed vy\u0161et\u0159en\u00ed v\u00fdkonnostn\u011b sportuj\u00edc\u00edch d\u011bt\u00ed se&nbsp;zam\u011b\u0159en\u00edm na&nbsp;skryt\u00e9 srde\u010dn\u00ed vady zahrnuj\u00edc\u00ed&nbsp; EKG a&nbsp;echokardiografick\u00e9 vy\u0161et\u0159en\u00ed D\u011btsk\u00e1 kardiologick\u00e1 ordinace MUDr.Petr Jehli\u010dka, Ph.D. I\u010c:&nbsp;69419159 Tel.:&nbsp;377&nbsp;452&nbsp;040 E-mail:&nbsp;jehlickap@tiscali.cz www.kardiologieplzen.cz [&hellip;]<\/p>","protected":false},"author":9,"featured_media":0,"parent":0,"menu_order":0,"comment_status":"closed","ping_status":"closed","template":"","meta":{"footnotes":""},"service-area":[36],"class_list":["post-7433","page","type-page","status-publish","hentry","service-area-detska-kardiologie"],"yoast_head":"<!-- This site is optimized with the Yoast SEO plugin v20.2 - https:\/\/yoast.com\/wordpress\/plugins\/seo\/ -->\n<title>D\u011btsk\u00e1 kardiologie | Genetika Plze\u0148<\/title>\n<meta name=\"robots\" content=\"index, follow, max-snippet:-1, max-image-preview:large, max-video-preview:-1\" \/>\n<link rel=\"canonical\" href=\"https:\/\/genetika-plzen.nullable.group\/de\/detska-kardiologie\/\" \/>\n<meta property=\"og:locale\" content=\"de_DE\" \/>\n<meta property=\"og:type\" content=\"article\" \/>\n<meta property=\"og:title\" content=\"D\u011btsk\u00e1 kardiologie | Genetika Plze\u0148\" \/>\n<meta property=\"og:description\" content=\"D\u011btsk\u00e1 kardiologick\u00e1 ordinace nab\u00edz\u00ed Vy\u0161et\u0159en\u00ed srdce plodu ve&nbsp;20&nbsp;-24.&nbsp;t\u00fddnu k&nbsp;vylou\u010den\u00ed z\u00e1va\u017en\u00fdch vrozen\u00fdch srde\u010dn\u00edch vad a&nbsp;poruch srde\u010dn\u00edho rytmu Vy\u0161et\u0159en\u00ed d\u011bt\u00ed od&nbsp;novorozeneck\u00e9ho obdob\u00ed do&nbsp;18.&nbsp;roku v\u011bku s&nbsp;podez\u0159en\u00edm na&nbsp;vrozenou nebo&nbsp;z\u00edskanou srde\u010dn\u00ed vadu, z\u00e1n\u011btliv\u00e9 srde\u010dn\u00ed onemocn\u011bn\u00ed nebo&nbsp;poruchu rytmu Preventivn\u00ed vy\u0161et\u0159en\u00ed v\u00fdkonnostn\u011b sportuj\u00edc\u00edch d\u011bt\u00ed se&nbsp;zam\u011b\u0159en\u00edm na&nbsp;skryt\u00e9 srde\u010dn\u00ed vady zahrnuj\u00edc\u00ed&nbsp; EKG a&nbsp;echokardiografick\u00e9 vy\u0161et\u0159en\u00ed D\u011btsk\u00e1 kardiologick\u00e1 ordinace MUDr.Petr Jehli\u010dka, Ph.D. I\u010c:&nbsp;69419159 Tel.:&nbsp;377&nbsp;452&nbsp;040 E-mail:&nbsp;jehlickap@tiscali.cz www.kardiologieplzen.cz [&hellip;]\" \/>\n<meta property=\"og:url\" content=\"https:\/\/genetika-plzen.nullable.group\/de\/detska-kardiologie\/\" \/>\n<meta property=\"og:site_name\" content=\"Genetika Plze\u0148\" \/>\n<meta property=\"article:modified_time\" content=\"2024-02-05T19:51:46+00:00\" \/>\n<meta property=\"og:image\" content=\"https:\/\/genetika-plzen.nullable.group\/wp-content\/uploads\/2024\/02\/thumb_3000x3000_detska-kardiologie.jpg\" \/>\n<meta name=\"twitter:card\" content=\"summary_large_image\" \/>\n<meta name=\"twitter:label1\" content=\"Est. reading time\" \/>\n\t<meta name=\"twitter:data1\" content=\"1 minute\" \/>\n<script type=\"application\/ld+json\" class=\"yoast-schema-graph\">{\"@context\":\"https:\/\/schema.org\",\"@graph\":[{\"@type\":\"WebPage\",\"@id\":\"https:\/\/genetika-plzen.nullable.group\/detska-kardiologie\/\",\"url\":\"https:\/\/genetika-plzen.nullable.group\/detska-kardiologie\/\",\"name\":\"D\u011btsk\u00e1 kardiologie | Genetika Plze\u0148\",\"isPartOf\":{\"@id\":\"https:\/\/genetika-plzen.nullable.group\/#website\"},\"datePublished\":\"2024-02-05T19:50:49+00:00\",\"dateModified\":\"2024-02-05T19:51:46+00:00\",\"breadcrumb\":{\"@id\":\"https:\/\/genetika-plzen.nullable.group\/detska-kardiologie\/#breadcrumb\"},\"inLanguage\":\"de-DE-formal\",\"potentialAction\":[{\"@type\":\"ReadAction\",\"target\":[\"https:\/\/genetika-plzen.nullable.group\/detska-kardiologie\/\"]}]},{\"@type\":\"BreadcrumbList\",\"@id\":\"https:\/\/genetika-plzen.nullable.group\/detska-kardiologie\/#breadcrumb\",\"itemListElement\":[{\"@type\":\"ListItem\",\"position\":1,\"name\":\"Home\",\"item\":\"https:\/\/genetika-plzen.nullable.group\/\"},{\"@type\":\"ListItem\",\"position\":2,\"name\":\"D\u011btsk\u00e1 kardiologie\"}]},{\"@type\":\"WebSite\",\"@id\":\"https:\/\/genetika-plzen.nullable.group\/#website\",\"url\":\"https:\/\/genetika-plzen.nullable.group\/\",\"name\":\"Genetika Plze\u0148\",\"description\":\"Genetika Plze\u0148\",\"publisher\":{\"@id\":\"https:\/\/genetika-plzen.nullable.group\/#organization\"},\"potentialAction\":[{\"@type\":\"SearchAction\",\"target\":{\"@type\":\"EntryPoint\",\"urlTemplate\":\"https:\/\/genetika-plzen.nullable.group\/?s={search_term_string}\"},\"query-input\":\"required name=search_term_string\"}],\"inLanguage\":\"de-DE-formal\"},{\"@type\":\"Organization\",\"@id\":\"https:\/\/genetika-plzen.nullable.group\/#organization\",\"name\":\"Genetika Plze\u0148\",\"url\":\"https:\/\/genetika-plzen.nullable.group\/\",\"logo\":{\"@type\":\"ImageObject\",\"inLanguage\":\"de-DE-formal\",\"@id\":\"https:\/\/genetika-plzen.nullable.group\/#\/schema\/logo\/image\/\",\"url\":\"https:\/\/genetika-plzen.nullable.group\/wp-content\/uploads\/2022\/07\/logo2.svg\",\"contentUrl\":\"https:\/\/genetika-plzen.nullable.group\/wp-content\/uploads\/2022\/07\/logo2.svg\",\"width\":286,\"height\":95,\"caption\":\"Genetika Plze\u0148\"},\"image\":{\"@id\":\"https:\/\/genetika-plzen.nullable.group\/#\/schema\/logo\/image\/\"}}]}<\/script>\n<!-- \/ Yoast SEO plugin. -->","yoast_head_json":{"title":"D\u011btsk\u00e1 kardiologie | Genetika Plze\u0148","robots":{"index":"index","follow":"follow","max-snippet":"max-snippet:-1","max-image-preview":"max-image-preview:large","max-video-preview":"max-video-preview:-1"},"canonical":"https:\/\/genetika-plzen.nullable.group\/de\/detska-kardiologie\/","og_locale":"de_DE","og_type":"article","og_title":"D\u011btsk\u00e1 kardiologie | Genetika Plze\u0148","og_description":"D\u011btsk\u00e1 kardiologick\u00e1 ordinace nab\u00edz\u00ed Vy\u0161et\u0159en\u00ed srdce plodu ve&nbsp;20&nbsp;-24.&nbsp;t\u00fddnu k&nbsp;vylou\u010den\u00ed z\u00e1va\u017en\u00fdch vrozen\u00fdch srde\u010dn\u00edch vad a&nbsp;poruch srde\u010dn\u00edho rytmu Vy\u0161et\u0159en\u00ed d\u011bt\u00ed od&nbsp;novorozeneck\u00e9ho obdob\u00ed do&nbsp;18.&nbsp;roku v\u011bku s&nbsp;podez\u0159en\u00edm na&nbsp;vrozenou nebo&nbsp;z\u00edskanou srde\u010dn\u00ed vadu, z\u00e1n\u011btliv\u00e9 srde\u010dn\u00ed onemocn\u011bn\u00ed nebo&nbsp;poruchu rytmu Preventivn\u00ed vy\u0161et\u0159en\u00ed v\u00fdkonnostn\u011b sportuj\u00edc\u00edch d\u011bt\u00ed se&nbsp;zam\u011b\u0159en\u00edm na&nbsp;skryt\u00e9 srde\u010dn\u00ed vady zahrnuj\u00edc\u00ed&nbsp; EKG a&nbsp;echokardiografick\u00e9 vy\u0161et\u0159en\u00ed D\u011btsk\u00e1 kardiologick\u00e1 ordinace MUDr.Petr Jehli\u010dka, Ph.D. I\u010c:&nbsp;69419159 Tel.:&nbsp;377&nbsp;452&nbsp;040 E-mail:&nbsp;jehlickap@tiscali.cz www.kardiologieplzen.cz [&hellip;]","og_url":"https:\/\/genetika-plzen.nullable.group\/de\/detska-kardiologie\/","og_site_name":"Genetika Plze\u0148","article_modified_time":"2024-02-05T19:51:46+00:00","og_image":[{"url":"https:\/\/genetika-plzen.nullable.group\/wp-content\/uploads\/2024\/02\/thumb_3000x3000_detska-kardiologie.jpg"}],"twitter_card":"summary_large_image","twitter_misc":{"Est. reading time":"1 minute"},"schema":{"@context":"https:\/\/schema.org","@graph":[{"@type":"WebPage","@id":"https:\/\/genetika-plzen.nullable.group\/detska-kardiologie\/","url":"https:\/\/genetika-plzen.nullable.group\/detska-kardiologie\/","name":"D\u011btsk\u00e1 kardiologie | Genetika Plze\u0148","isPartOf":{"@id":"https:\/\/genetika-plzen.nullable.group\/#website"},"datePublished":"2024-02-05T19:50:49+00:00","dateModified":"2024-02-05T19:51:46+00:00","breadcrumb":{"@id":"https:\/\/genetika-plzen.nullable.group\/detska-kardiologie\/#breadcrumb"},"inLanguage":"de-DE-formal","potentialAction":[{"@type":"ReadAction","target":["https:\/\/genetika-plzen.nullable.group\/detska-kardiologie\/"]}]},{"@type":"BreadcrumbList","@id":"https:\/\/genetika-plzen.nullable.group\/detska-kardiologie\/#breadcrumb","itemListElement":[{"@type":"ListItem","position":1,"name":"Home","item":"https:\/\/genetika-plzen.nullable.group\/"},{"@type":"ListItem","position":2,"name":"D\u011btsk\u00e1 kardiologie"}]},{"@type":"WebSite","@id":"https:\/\/genetika-plzen.nullable.group\/#website","url":"https:\/\/genetika-plzen.nullable.group\/","name":"Genetika Plze\u0148","description":"Genetika Plze\u0148","publisher":{"@id":"https:\/\/genetika-plzen.nullable.group\/#organization"},"potentialAction":[{"@type":"SearchAction","target":{"@type":"EntryPoint","urlTemplate":"https:\/\/genetika-plzen.nullable.group\/?s={search_term_string}"},"query-input":"required name=search_term_string"}],"inLanguage":"de-DE-formal"},{"@type":"Organization","@id":"https:\/\/genetika-plzen.nullable.group\/#organization","name":"Genetika Plze\u0148","url":"https:\/\/genetika-plzen.nullable.group\/","logo":{"@type":"ImageObject","inLanguage":"de-DE-formal","@id":"https:\/\/genetika-plzen.nullable.group\/#\/schema\/logo\/image\/","url":"https:\/\/genetika-plzen.nullable.group\/wp-content\/uploads\/2022\/07\/logo2.svg","contentUrl":"https:\/\/genetika-plzen.nullable.group\/wp-content\/uploads\/2022\/07\/logo2.svg","width":286,"height":95,"caption":"Genetika Plze\u0148"},"image":{"@id":"https:\/\/genetika-plzen.nullable.group\/#\/schema\/logo\/image\/"}}]}},"_links":{"self":[{"href":"https:\/\/genetika-plzen.nullable.group\/de\/wp-json\/wp\/v2\/pages\/7433","targetHints":{"allow":["GET"]}}],"collection":[{"href":"https:\/\/genetika-plzen.nullable.group\/de\/wp-json\/wp\/v2\/pages"}],"about":[{"href":"https:\/\/genetika-plzen.nullable.group\/de\/wp-json\/wp\/v2\/types\/page"}],"author":[{"embeddable":true,"href":"https:\/\/genetika-plzen.nullable.group\/de\/wp-json\/wp\/v2\/users\/9"}],"replies":[{"embeddable":true,"href":"https:\/\/genetika-plzen.nullable.group\/de\/wp-json\/wp\/v2\/comments?post=7433"}],"version-history":[{"count":4,"href":"https:\/\/genetika-plzen.nullable.group\/de\/wp-json\/wp\/v2\/pages\/7433\/revisions"}],"predecessor-version":[{"id":7438,"href":"https:\/\/genetika-plzen.nullable.group\/de\/wp-json\/wp\/v2\/pages\/7433\/revisions\/7438"}],"wp:attachment":[{"href":"https:\/\/genetika-plzen.nullable.group\/de\/wp-json\/wp\/v2\/media?parent=7433"}],"wp:term":[{"taxonomy":"service-area","embeddable":true,"href":"https:\/\/genetika-plzen.nullable.group\/de\/wp-json\/wp\/v2\/service-area?post=7433"}],"curies":[{"name":"wp","href":"https:\/\/api.w.org\/{rel}","templated":true}]}}