{"id":7451,"date":"2024-02-05T21:01:47","date_gmt":"2024-02-05T20:01:47","guid":{"rendered":"https:\/\/genetika-plzen.nullable.group\/?page_id=7451"},"modified":"2025-09-09T16:21:54","modified_gmt":"2025-09-09T14:21:54","slug":"mudr-petr-losan","status":"publish","type":"page","link":"https:\/\/genetika-plzen.nullable.group\/de\/nas-tym\/mudr-petr-losan\/","title":{"rendered":"Dr. med. Petr Lo\u0161an"},"content":{"rendered":"<div data-elementor-type=\"wp-page\" data-elementor-id=\"7451\" class=\"elementor elementor-7451\">\n\t\t\t\t<div class=\"elementor-element elementor-element-e1525ff e-flex e-con-boxed e-con e-parent\" data-id=\"e1525ff\" data-element_type=\"container\" data-e-type=\"container\">\n\t\t\t\t\t<div class=\"e-con-inner\">\n\t\t\t\t<div class=\"elementor-element elementor-element-a53a02a elementor-widget elementor-widget-spacer\" data-id=\"a53a02a\" data-element_type=\"widget\" data-e-type=\"widget\" data-widget_type=\"spacer.default\">\n\t\t\t\t<div class=\"elementor-widget-container\">\n\t\t\t\t\t\t\t<div class=\"elementor-spacer\">\n\t\t\t<div class=\"elementor-spacer-inner\"><\/div>\n\t\t<\/div>\n\t\t\t\t\t\t<\/div>\n\t\t\t\t<\/div>\n\t\t\t\t\t<\/div>\n\t\t\t\t<\/div>\n\t\t<div class=\"elementor-element elementor-element-b29764c e-flex e-con-boxed e-con e-parent\" data-id=\"b29764c\" data-element_type=\"container\" data-e-type=\"container\">\n\t\t\t\t\t<div class=\"e-con-inner\">\n\t\t<div class=\"elementor-element elementor-element-c4eef4f e-con-full e-flex e-con e-parent\" data-id=\"c4eef4f\" data-element_type=\"container\" data-e-type=\"container\">\n\t\t\t\t<div class=\"elementor-element elementor-element-441040d elementor-widget__width-initial elementor-widget elementor-widget-text-editor\" data-id=\"441040d\" data-element_type=\"widget\" data-e-type=\"widget\" data-widget_type=\"text-editor.default\">\n\t\t\t\t<div class=\"elementor-widget-container\">\n\t\t\t\t\t\t\t\t\t<p>Uzn\u00e1van\u00fd a\u00a0vyhled\u00e1van\u00fd genetik a\u00a0gynekolog, jeho\u017e progresivn\u00ed p\u0159\u00edstup<br \/>k\u00a0oboru je zdrojem cel\u00e9 \u0159ady inovac\u00ed v\u00a0diagnostice i\u00a0l\u00e9\u010den\u00ed. Spolu<br \/>se\u00a0sv\u00fdm otcem Franti\u0161kem Lo\u0161anem zalo\u017eil spole\u010dnost Genetika Plze\u0148,<br \/>s.r.o. V\u00a0sou\u010dasnosti se\u00a0v\u011bnuje nejen l\u00e9ka\u0159sk\u00e9 profesi, ale stoj\u00ed v\u00a0\u010dele<br \/>cel\u00e9 kliniky &#8211; a\u00a0to nejen v\u00a0Plzni, ale \u0159\u00edd\u00ed i\u00a0genetickou sekci institutu<br \/>v\u00a0Karlov\u00fdch Varech a\u00a0pobo\u010dku spole\u010dnosti v\u00a0Sokolov\u011b. D\u00edky jeho aktivn\u00ed<br \/>p\u0159\u00edtomnosti v\u00a0t\u011bchto za\u0159\u00edzen\u00edch mohou jeho p\u00e9\u010di a\u00a0odbornost vyu\u017e\u00edvat<br \/>klienti v\u00a0t\u00e9m\u011b\u0159 cel\u00e9m Plze\u0148sk\u00e9m kraji.<\/p><p>Po\u00a0absolutoriu L\u00e9ka\u0159sk\u00e9 fakulty Univerzity Karlovy v\u00a0Plzni z\u00edskal<br \/>atestace z\u00a0oboru gynekologie a\u00a0porodnictv\u00ed a\u00a0klinick\u00e9 genetiky. Za\u00a0dobu<br \/>sv\u00e9ho p\u016fsoben\u00ed v\u00a0oboru z\u00edskal \u0159adu zku\u0161enost\u00ed, diplom\u016f, certifik\u00e1t\u016f, je<br \/>organiz\u00e1torem odborn\u00fdch konferenc\u00ed, semin\u00e1\u0159\u016f a\u00a0p\u0159edn\u00e1\u0161ek.<\/p><p>Je \u0159editelem spole\u010dnosti a\u00a0vedouc\u00edm genetick\u00e9ho pracovi\u0161t\u011b.<\/p><p>Kontakt: <a href=\"mailto:petr.losan@next-clinics.com\">petr.losan@next-clinics.com<\/a><\/p>\t\t\t\t\t\t\t\t<\/div>\n\t\t\t\t<\/div>\n\t\t\t\t<div class=\"elementor-element elementor-element-230c1ed elementor-widget__width-initial elementor-widget elementor-widget-image\" data-id=\"230c1ed\" data-element_type=\"widget\" data-e-type=\"widget\" data-widget_type=\"image.default\">\n\t\t\t\t<div class=\"elementor-widget-container\">\n\t\t\t\t\t\t\t\t\t\t\t\t\t\t\t<img fetchpriority=\"high\" decoding=\"async\" width=\"1920\" height=\"1329\" src=\"https:\/\/genetika-plzen.nullable.group\/wp-content\/uploads\/2025\/08\/Losan.jpg\" class=\"attachment-2048x2048 size-2048x2048 wp-image-9148\" alt=\"\" srcset=\"https:\/\/genetika-plzen.nullable.group\/wp-content\/uploads\/2025\/08\/Losan.jpg 1920w, https:\/\/genetika-plzen.nullable.group\/wp-content\/uploads\/2025\/08\/Losan-300x208.jpg 300w, https:\/\/genetika-plzen.nullable.group\/wp-content\/uploads\/2025\/08\/Losan-1024x709.jpg 1024w, https:\/\/genetika-plzen.nullable.group\/wp-content\/uploads\/2025\/08\/Losan-768x532.jpg 768w, https:\/\/genetika-plzen.nullable.group\/wp-content\/uploads\/2025\/08\/Losan-1536x1063.jpg 1536w, https:\/\/genetika-plzen.nullable.group\/wp-content\/uploads\/2025\/08\/Losan-18x12.jpg 18w\" sizes=\"(max-width: 1920px) 100vw, 1920px\" \/>\t\t\t\t\t\t\t\t\t\t\t\t\t\t\t<\/div>\n\t\t\t\t<\/div>\n\t\t\t\t<\/div>\n\t\t\t\t\t<\/div>\n\t\t\t\t<\/div>\n\t\t<div class=\"elementor-element elementor-element-ef5a3c0 e-flex e-con-boxed e-con e-parent\" data-id=\"ef5a3c0\" data-element_type=\"container\" data-e-type=\"container\">\n\t\t\t\t\t<div class=\"e-con-inner\">\n\t\t\t\t<div class=\"elementor-element elementor-element-8a29445 elementor-widget elementor-widget-spacer\" data-id=\"8a29445\" data-element_type=\"widget\" data-e-type=\"widget\" data-widget_type=\"spacer.default\">\n\t\t\t\t<div class=\"elementor-widget-container\">\n\t\t\t\t\t\t\t<div class=\"elementor-spacer\">\n\t\t\t<div class=\"elementor-spacer-inner\"><\/div>\n\t\t<\/div>\n\t\t\t\t\t\t<\/div>\n\t\t\t\t<\/div>\n\t\t\t\t\t<\/div>\n\t\t\t\t<\/div>\n\t\t\t\t<\/div>","protected":false},"excerpt":{"rendered":"<p>Uzn\u00e1van\u00fd a\u00a0vyhled\u00e1van\u00fd genetik a\u00a0gynekolog, jeho\u017e progresivn\u00ed p\u0159\u00edstupk\u00a0oboru je zdrojem cel\u00e9 \u0159ady inovac\u00ed v\u00a0diagnostice i\u00a0l\u00e9\u010den\u00ed. Spoluse\u00a0sv\u00fdm otcem Franti\u0161kem Lo\u0161anem zalo\u017eil spole\u010dnost Genetika Plze\u0148,s.r.o. V\u00a0sou\u010dasnosti se\u00a0v\u011bnuje nejen l\u00e9ka\u0159sk\u00e9 profesi, ale stoj\u00ed v\u00a0\u010delecel\u00e9 kliniky &#8211; a\u00a0to nejen v\u00a0Plzni, ale \u0159\u00edd\u00ed i\u00a0genetickou sekci institutuv\u00a0Karlov\u00fdch Varech a\u00a0pobo\u010dku spole\u010dnosti v\u00a0Sokolov\u011b. D\u00edky jeho aktivn\u00edp\u0159\u00edtomnosti v\u00a0t\u011bchto za\u0159\u00edzen\u00edch mohou jeho p\u00e9\u010di a\u00a0odbornost vyu\u017e\u00edvatklienti v\u00a0t\u00e9m\u011b\u0159 [&hellip;]<\/p>","protected":false},"author":9,"featured_media":0,"parent":7225,"menu_order":0,"comment_status":"closed","ping_status":"closed","template":"","meta":{"footnotes":""},"service-area":[29],"class_list":["post-7451","page","type-page","status-publish","hentry","service-area-nas-tym"],"yoast_head":"<!-- This site is optimized with the Yoast SEO plugin v20.2 - https:\/\/yoast.com\/wordpress\/plugins\/seo\/ -->\n<title>MUDr. Petr Lo\u0161an | Genetika Plze\u0148<\/title>\n<meta name=\"robots\" content=\"index, follow, max-snippet:-1, max-image-preview:large, max-video-preview:-1\" \/>\n<link rel=\"canonical\" href=\"https:\/\/genetika-plzen.nullable.group\/de\/nas-tym\/mudr-petr-losan\/\" \/>\n<meta property=\"og:locale\" content=\"de_DE\" \/>\n<meta property=\"og:type\" content=\"article\" \/>\n<meta property=\"og:title\" content=\"MUDr. Petr Lo\u0161an | Genetika Plze\u0148\" \/>\n<meta property=\"og:description\" content=\"Uzn\u00e1van\u00fd a\u00a0vyhled\u00e1van\u00fd genetik a\u00a0gynekolog, jeho\u017e progresivn\u00ed p\u0159\u00edstupk\u00a0oboru je zdrojem cel\u00e9 \u0159ady inovac\u00ed v\u00a0diagnostice i\u00a0l\u00e9\u010den\u00ed. Spoluse\u00a0sv\u00fdm otcem Franti\u0161kem Lo\u0161anem zalo\u017eil spole\u010dnost Genetika Plze\u0148,s.r.o. V\u00a0sou\u010dasnosti se\u00a0v\u011bnuje nejen l\u00e9ka\u0159sk\u00e9 profesi, ale stoj\u00ed v\u00a0\u010delecel\u00e9 kliniky &#8211; a\u00a0to nejen v\u00a0Plzni, ale \u0159\u00edd\u00ed i\u00a0genetickou sekci institutuv\u00a0Karlov\u00fdch Varech a\u00a0pobo\u010dku spole\u010dnosti v\u00a0Sokolov\u011b. D\u00edky jeho aktivn\u00edp\u0159\u00edtomnosti v\u00a0t\u011bchto za\u0159\u00edzen\u00edch mohou jeho p\u00e9\u010di a\u00a0odbornost vyu\u017e\u00edvatklienti v\u00a0t\u00e9m\u011b\u0159 [&hellip;]\" \/>\n<meta property=\"og:url\" content=\"https:\/\/genetika-plzen.nullable.group\/de\/nas-tym\/mudr-petr-losan\/\" \/>\n<meta property=\"og:site_name\" content=\"Genetika Plze\u0148\" \/>\n<meta property=\"article:modified_time\" content=\"2025-09-09T14:21:54+00:00\" \/>\n<meta property=\"og:image\" content=\"https:\/\/www.genetika-plzen.cz\/wp-content\/uploads\/2025\/08\/Losan.jpg\" \/>\n<meta name=\"twitter:card\" content=\"summary_large_image\" \/>\n<meta name=\"twitter:label1\" content=\"Est. reading time\" \/>\n\t<meta name=\"twitter:data1\" content=\"1 minute\" \/>\n<script type=\"application\/ld+json\" class=\"yoast-schema-graph\">{\"@context\":\"https:\/\/schema.org\",\"@graph\":[{\"@type\":\"WebPage\",\"@id\":\"https:\/\/genetika-plzen.nullable.group\/de\/nas-tym\/mudr-petr-losan\/\",\"url\":\"https:\/\/genetika-plzen.nullable.group\/de\/nas-tym\/mudr-petr-losan\/\",\"name\":\"MUDr. Petr Lo\u0161an | Genetika Plze\u0148\",\"isPartOf\":{\"@id\":\"https:\/\/genetika-plzen.nullable.group\/#website\"},\"datePublished\":\"2024-02-05T20:01:47+00:00\",\"dateModified\":\"2025-09-09T14:21:54+00:00\",\"breadcrumb\":{\"@id\":\"https:\/\/genetika-plzen.nullable.group\/de\/nas-tym\/mudr-petr-losan\/#breadcrumb\"},\"inLanguage\":\"de-DE-formal\",\"potentialAction\":[{\"@type\":\"ReadAction\",\"target\":[\"https:\/\/genetika-plzen.nullable.group\/de\/nas-tym\/mudr-petr-losan\/\"]}]},{\"@type\":\"BreadcrumbList\",\"@id\":\"https:\/\/genetika-plzen.nullable.group\/de\/nas-tym\/mudr-petr-losan\/#breadcrumb\",\"itemListElement\":[{\"@type\":\"ListItem\",\"position\":1,\"name\":\"Home\",\"item\":\"https:\/\/genetika-plzen.nullable.group\/\"},{\"@type\":\"ListItem\",\"position\":2,\"name\":\"N\u00e1\u0161 t\u00fdm\",\"item\":\"https:\/\/genetika-plzen.nullable.group\/de\/nas-tym\/\"},{\"@type\":\"ListItem\",\"position\":3,\"name\":\"MUDr. Petr Lo\u0161an\"}]},{\"@type\":\"WebSite\",\"@id\":\"https:\/\/genetika-plzen.nullable.group\/#website\",\"url\":\"https:\/\/genetika-plzen.nullable.group\/\",\"name\":\"Genetika Plze\u0148\",\"description\":\"Genetika Plze\u0148\",\"publisher\":{\"@id\":\"https:\/\/genetika-plzen.nullable.group\/#organization\"},\"potentialAction\":[{\"@type\":\"SearchAction\",\"target\":{\"@type\":\"EntryPoint\",\"urlTemplate\":\"https:\/\/genetika-plzen.nullable.group\/?s={search_term_string}\"},\"query-input\":\"required name=search_term_string\"}],\"inLanguage\":\"de-DE-formal\"},{\"@type\":\"Organization\",\"@id\":\"https:\/\/genetika-plzen.nullable.group\/#organization\",\"name\":\"Genetika Plze\u0148\",\"url\":\"https:\/\/genetika-plzen.nullable.group\/\",\"logo\":{\"@type\":\"ImageObject\",\"inLanguage\":\"de-DE-formal\",\"@id\":\"https:\/\/genetika-plzen.nullable.group\/#\/schema\/logo\/image\/\",\"url\":\"https:\/\/genetika-plzen.nullable.group\/wp-content\/uploads\/2022\/07\/logo2.svg\",\"contentUrl\":\"https:\/\/genetika-plzen.nullable.group\/wp-content\/uploads\/2022\/07\/logo2.svg\",\"width\":286,\"height\":95,\"caption\":\"Genetika Plze\u0148\"},\"image\":{\"@id\":\"https:\/\/genetika-plzen.nullable.group\/#\/schema\/logo\/image\/\"}}]}<\/script>\n<!-- \/ Yoast SEO plugin. -->","yoast_head_json":{"title":"MUDr. Petr Lo\u0161an | Genetika Plze\u0148","robots":{"index":"index","follow":"follow","max-snippet":"max-snippet:-1","max-image-preview":"max-image-preview:large","max-video-preview":"max-video-preview:-1"},"canonical":"https:\/\/genetika-plzen.nullable.group\/de\/nas-tym\/mudr-petr-losan\/","og_locale":"de_DE","og_type":"article","og_title":"MUDr. Petr Lo\u0161an | Genetika Plze\u0148","og_description":"Uzn\u00e1van\u00fd a\u00a0vyhled\u00e1van\u00fd genetik a\u00a0gynekolog, jeho\u017e progresivn\u00ed p\u0159\u00edstupk\u00a0oboru je zdrojem cel\u00e9 \u0159ady inovac\u00ed v\u00a0diagnostice i\u00a0l\u00e9\u010den\u00ed. Spoluse\u00a0sv\u00fdm otcem Franti\u0161kem Lo\u0161anem zalo\u017eil spole\u010dnost Genetika Plze\u0148,s.r.o. V\u00a0sou\u010dasnosti se\u00a0v\u011bnuje nejen l\u00e9ka\u0159sk\u00e9 profesi, ale stoj\u00ed v\u00a0\u010delecel\u00e9 kliniky &#8211; a\u00a0to nejen v\u00a0Plzni, ale \u0159\u00edd\u00ed i\u00a0genetickou sekci institutuv\u00a0Karlov\u00fdch Varech a\u00a0pobo\u010dku spole\u010dnosti v\u00a0Sokolov\u011b. D\u00edky jeho aktivn\u00edp\u0159\u00edtomnosti v\u00a0t\u011bchto za\u0159\u00edzen\u00edch mohou jeho p\u00e9\u010di a\u00a0odbornost vyu\u017e\u00edvatklienti v\u00a0t\u00e9m\u011b\u0159 [&hellip;]","og_url":"https:\/\/genetika-plzen.nullable.group\/de\/nas-tym\/mudr-petr-losan\/","og_site_name":"Genetika Plze\u0148","article_modified_time":"2025-09-09T14:21:54+00:00","og_image":[{"url":"https:\/\/www.genetika-plzen.cz\/wp-content\/uploads\/2025\/08\/Losan.jpg"}],"twitter_card":"summary_large_image","twitter_misc":{"Est. reading time":"1 minute"},"schema":{"@context":"https:\/\/schema.org","@graph":[{"@type":"WebPage","@id":"https:\/\/genetika-plzen.nullable.group\/de\/nas-tym\/mudr-petr-losan\/","url":"https:\/\/genetika-plzen.nullable.group\/de\/nas-tym\/mudr-petr-losan\/","name":"MUDr. Petr Lo\u0161an | Genetika Plze\u0148","isPartOf":{"@id":"https:\/\/genetika-plzen.nullable.group\/#website"},"datePublished":"2024-02-05T20:01:47+00:00","dateModified":"2025-09-09T14:21:54+00:00","breadcrumb":{"@id":"https:\/\/genetika-plzen.nullable.group\/de\/nas-tym\/mudr-petr-losan\/#breadcrumb"},"inLanguage":"de-DE-formal","potentialAction":[{"@type":"ReadAction","target":["https:\/\/genetika-plzen.nullable.group\/de\/nas-tym\/mudr-petr-losan\/"]}]},{"@type":"BreadcrumbList","@id":"https:\/\/genetika-plzen.nullable.group\/de\/nas-tym\/mudr-petr-losan\/#breadcrumb","itemListElement":[{"@type":"ListItem","position":1,"name":"Home","item":"https:\/\/genetika-plzen.nullable.group\/"},{"@type":"ListItem","position":2,"name":"N\u00e1\u0161 t\u00fdm","item":"https:\/\/genetika-plzen.nullable.group\/de\/nas-tym\/"},{"@type":"ListItem","position":3,"name":"MUDr. Petr Lo\u0161an"}]},{"@type":"WebSite","@id":"https:\/\/genetika-plzen.nullable.group\/#website","url":"https:\/\/genetika-plzen.nullable.group\/","name":"Genetika Plze\u0148","description":"Genetika Plze\u0148","publisher":{"@id":"https:\/\/genetika-plzen.nullable.group\/#organization"},"potentialAction":[{"@type":"SearchAction","target":{"@type":"EntryPoint","urlTemplate":"https:\/\/genetika-plzen.nullable.group\/?s={search_term_string}"},"query-input":"required name=search_term_string"}],"inLanguage":"de-DE-formal"},{"@type":"Organization","@id":"https:\/\/genetika-plzen.nullable.group\/#organization","name":"Genetika Plze\u0148","url":"https:\/\/genetika-plzen.nullable.group\/","logo":{"@type":"ImageObject","inLanguage":"de-DE-formal","@id":"https:\/\/genetika-plzen.nullable.group\/#\/schema\/logo\/image\/","url":"https:\/\/genetika-plzen.nullable.group\/wp-content\/uploads\/2022\/07\/logo2.svg","contentUrl":"https:\/\/genetika-plzen.nullable.group\/wp-content\/uploads\/2022\/07\/logo2.svg","width":286,"height":95,"caption":"Genetika Plze\u0148"},"image":{"@id":"https:\/\/genetika-plzen.nullable.group\/#\/schema\/logo\/image\/"}}]}},"_links":{"self":[{"href":"https:\/\/genetika-plzen.nullable.group\/de\/wp-json\/wp\/v2\/pages\/7451","targetHints":{"allow":["GET"]}}],"collection":[{"href":"https:\/\/genetika-plzen.nullable.group\/de\/wp-json\/wp\/v2\/pages"}],"about":[{"href":"https:\/\/genetika-plzen.nullable.group\/de\/wp-json\/wp\/v2\/types\/page"}],"author":[{"embeddable":true,"href":"https:\/\/genetika-plzen.nullable.group\/de\/wp-json\/wp\/v2\/users\/9"}],"replies":[{"embeddable":true,"href":"https:\/\/genetika-plzen.nullable.group\/de\/wp-json\/wp\/v2\/comments?post=7451"}],"version-history":[{"count":27,"href":"https:\/\/genetika-plzen.nullable.group\/de\/wp-json\/wp\/v2\/pages\/7451\/revisions"}],"predecessor-version":[{"id":9351,"href":"https:\/\/genetika-plzen.nullable.group\/de\/wp-json\/wp\/v2\/pages\/7451\/revisions\/9351"}],"up":[{"embeddable":true,"href":"https:\/\/genetika-plzen.nullable.group\/de\/wp-json\/wp\/v2\/pages\/7225"}],"wp:attachment":[{"href":"https:\/\/genetika-plzen.nullable.group\/de\/wp-json\/wp\/v2\/media?parent=7451"}],"wp:term":[{"taxonomy":"service-area","embeddable":true,"href":"https:\/\/genetika-plzen.nullable.group\/de\/wp-json\/wp\/v2\/service-area?post=7451"}],"curies":[{"name":"wp","href":"https:\/\/api.w.org\/{rel}","templated":true}]}}