{"id":7512,"date":"2024-02-05T21:18:09","date_gmt":"2024-02-05T20:18:09","guid":{"rendered":"https:\/\/genetika-plzen.nullable.group\/?page_id=7512"},"modified":"2025-08-18T09:00:41","modified_gmt":"2025-08-18T07:00:41","slug":"mgr-pavla-kovarikova-phd","status":"publish","type":"page","link":"https:\/\/genetika-plzen.nullable.group\/de\/nas-tym\/mgr-pavla-kovarikova-phd\/","title":{"rendered":"Mag. Pavla Kova\u0159\u00edkov\u00e1, Ph.D."},"content":{"rendered":"<div data-elementor-type=\"wp-page\" data-elementor-id=\"7512\" class=\"elementor elementor-7512\">\n\t\t\t\t<div class=\"elementor-element elementor-element-e1525ff e-flex e-con-boxed e-con e-parent\" data-id=\"e1525ff\" data-element_type=\"container\" data-e-type=\"container\">\n\t\t\t\t\t<div class=\"e-con-inner\">\n\t\t\t\t<div class=\"elementor-element elementor-element-a53a02a elementor-widget elementor-widget-spacer\" data-id=\"a53a02a\" data-element_type=\"widget\" data-e-type=\"widget\" data-widget_type=\"spacer.default\">\n\t\t\t\t<div class=\"elementor-widget-container\">\n\t\t\t\t\t\t\t<div class=\"elementor-spacer\">\n\t\t\t<div class=\"elementor-spacer-inner\"><\/div>\n\t\t<\/div>\n\t\t\t\t\t\t<\/div>\n\t\t\t\t<\/div>\n\t\t\t\t\t<\/div>\n\t\t\t\t<\/div>\n\t\t<div class=\"elementor-element elementor-element-b29764c e-flex e-con-boxed e-con e-parent\" data-id=\"b29764c\" data-element_type=\"container\" data-e-type=\"container\">\n\t\t\t\t\t<div class=\"e-con-inner\">\n\t\t<div class=\"elementor-element elementor-element-c4eef4f e-con-full e-flex e-con e-parent\" data-id=\"c4eef4f\" data-element_type=\"container\" data-e-type=\"container\">\n\t\t\t\t<div class=\"elementor-element elementor-element-441040d elementor-widget__width-initial elementor-widget elementor-widget-text-editor\" data-id=\"441040d\" data-element_type=\"widget\" data-e-type=\"widget\" data-widget_type=\"text-editor.default\">\n\t\t\t\t<div class=\"elementor-widget-container\">\n\t\t\t\t\t\t\t\t\tMlad\u00e1 a&nbsp;chytr\u00e1 odbornice v&nbsp;oblasti cytogenetiky s&nbsp;lidsk\u00fdm a&nbsp;p\u0159\u00edjemn\u00fdm \nvystupov\u00e1n\u00edm, jej\u00ed\u017e ambici\u00f3znost zaru\u010duje klient\u016fm spole\u010dnosti Genetika \nPlze\u0148, s.r.o p\u0159\u00edstup obohacen\u00fd o&nbsp;opravdov\u00fd z\u00e1jem o&nbsp;novinky z&nbsp;oboru. Jej\u00ed ochota d\u00e1l se vzd\u011bl\u00e1vat je nejen z\u00e1rukou odborn\u011b kvalifikovan\u00e9ho p\u0159\u00edstupu, ale dovedla ji v roce 2022 a\u017e k atestaci v oboru Klinick\u00e1 genetika, d\u00edky n\u00ed\u017e se z n\u00ed stal \u201especialista bioanalitik pro klinickou genetiku\u201c.<br>\t\t\t\t\t\t\t\t<\/div>\n\t\t\t\t<\/div>\n\t\t\t\t<div class=\"elementor-element elementor-element-230c1ed elementor-widget__width-initial elementor-widget elementor-widget-image\" data-id=\"230c1ed\" data-element_type=\"widget\" data-e-type=\"widget\" data-widget_type=\"image.default\">\n\t\t\t\t<div class=\"elementor-widget-container\">\n\t\t\t\t\t\t\t\t\t\t\t\t\t\t\t<img fetchpriority=\"high\" decoding=\"async\" width=\"1920\" height=\"1329\" src=\"https:\/\/genetika-plzen.nullable.group\/wp-content\/uploads\/2025\/08\/Kovarikova.jpg\" class=\"attachment-2048x2048 size-2048x2048 wp-image-9144\" alt=\"\" srcset=\"https:\/\/genetika-plzen.nullable.group\/wp-content\/uploads\/2025\/08\/Kovarikova.jpg 1920w, https:\/\/genetika-plzen.nullable.group\/wp-content\/uploads\/2025\/08\/Kovarikova-300x208.jpg 300w, https:\/\/genetika-plzen.nullable.group\/wp-content\/uploads\/2025\/08\/Kovarikova-1024x709.jpg 1024w, https:\/\/genetika-plzen.nullable.group\/wp-content\/uploads\/2025\/08\/Kovarikova-768x532.jpg 768w, https:\/\/genetika-plzen.nullable.group\/wp-content\/uploads\/2025\/08\/Kovarikova-1536x1063.jpg 1536w, https:\/\/genetika-plzen.nullable.group\/wp-content\/uploads\/2025\/08\/Kovarikova-18x12.jpg 18w\" sizes=\"(max-width: 1920px) 100vw, 1920px\" \/>\t\t\t\t\t\t\t\t\t\t\t\t\t\t\t<\/div>\n\t\t\t\t<\/div>\n\t\t\t\t<\/div>\n\t\t\t\t\t<\/div>\n\t\t\t\t<\/div>\n\t\t<div class=\"elementor-element elementor-element-ef5a3c0 e-flex e-con-boxed e-con e-parent\" data-id=\"ef5a3c0\" data-element_type=\"container\" data-e-type=\"container\">\n\t\t\t\t\t<div class=\"e-con-inner\">\n\t\t\t\t<div class=\"elementor-element elementor-element-8a29445 elementor-widget elementor-widget-spacer\" data-id=\"8a29445\" data-element_type=\"widget\" data-e-type=\"widget\" data-widget_type=\"spacer.default\">\n\t\t\t\t<div class=\"elementor-widget-container\">\n\t\t\t\t\t\t\t<div class=\"elementor-spacer\">\n\t\t\t<div class=\"elementor-spacer-inner\"><\/div>\n\t\t<\/div>\n\t\t\t\t\t\t<\/div>\n\t\t\t\t<\/div>\n\t\t\t\t\t<\/div>\n\t\t\t\t<\/div>\n\t\t\t\t<\/div>","protected":false},"excerpt":{"rendered":"<p>Mlad\u00e1 a&nbsp;chytr\u00e1 odbornice v&nbsp;oblasti cytogenetiky s&nbsp;lidsk\u00fdm a&nbsp;p\u0159\u00edjemn\u00fdm vystupov\u00e1n\u00edm, jej\u00ed\u017e ambici\u00f3znost zaru\u010duje klient\u016fm spole\u010dnosti Genetika Plze\u0148, s.r.o p\u0159\u00edstup obohacen\u00fd o&nbsp;opravdov\u00fd z\u00e1jem o&nbsp;novinky z&nbsp;oboru. Jej\u00ed ochota d\u00e1l se vzd\u011bl\u00e1vat je nejen z\u00e1rukou odborn\u011b kvalifikovan\u00e9ho p\u0159\u00edstupu, ale dovedla ji v roce 2022 a\u017e k atestaci v oboru Klinick\u00e1 genetika, d\u00edky n\u00ed\u017e se z n\u00ed stal \u201especialista bioanalitik pro [&hellip;]<\/p>","protected":false},"author":9,"featured_media":0,"parent":7225,"menu_order":0,"comment_status":"closed","ping_status":"closed","template":"","meta":{"footnotes":""},"service-area":[29],"class_list":["post-7512","page","type-page","status-publish","hentry","service-area-nas-tym"],"yoast_head":"<!-- This site is optimized with the Yoast SEO plugin v20.2 - https:\/\/yoast.com\/wordpress\/plugins\/seo\/ -->\n<title>Mgr. Pavla Kova\u0159\u00edkov\u00e1, Ph.D. | Genetika Plze\u0148<\/title>\n<meta name=\"robots\" content=\"index, follow, max-snippet:-1, max-image-preview:large, max-video-preview:-1\" \/>\n<link rel=\"canonical\" href=\"https:\/\/genetika-plzen.nullable.group\/de\/nas-tym\/mgr-pavla-kovarikova-phd\/\" \/>\n<meta property=\"og:locale\" content=\"de_DE\" \/>\n<meta property=\"og:type\" content=\"article\" \/>\n<meta property=\"og:title\" content=\"Mgr. Pavla Kova\u0159\u00edkov\u00e1, Ph.D. | Genetika Plze\u0148\" \/>\n<meta property=\"og:description\" content=\"Mlad\u00e1 a&nbsp;chytr\u00e1 odbornice v&nbsp;oblasti cytogenetiky s&nbsp;lidsk\u00fdm a&nbsp;p\u0159\u00edjemn\u00fdm vystupov\u00e1n\u00edm, jej\u00ed\u017e ambici\u00f3znost zaru\u010duje klient\u016fm spole\u010dnosti Genetika Plze\u0148, s.r.o p\u0159\u00edstup obohacen\u00fd o&nbsp;opravdov\u00fd z\u00e1jem o&nbsp;novinky z&nbsp;oboru. Jej\u00ed ochota d\u00e1l se vzd\u011bl\u00e1vat je nejen z\u00e1rukou odborn\u011b kvalifikovan\u00e9ho p\u0159\u00edstupu, ale dovedla ji v roce 2022 a\u017e k atestaci v oboru Klinick\u00e1 genetika, d\u00edky n\u00ed\u017e se z n\u00ed stal \u201especialista bioanalitik pro [&hellip;]\" \/>\n<meta property=\"og:url\" content=\"https:\/\/genetika-plzen.nullable.group\/de\/nas-tym\/mgr-pavla-kovarikova-phd\/\" \/>\n<meta property=\"og:site_name\" content=\"Genetika Plze\u0148\" \/>\n<meta property=\"article:modified_time\" content=\"2025-08-18T07:00:41+00:00\" \/>\n<meta property=\"og:image\" content=\"https:\/\/www.genetika-plzen.cz\/wp-content\/uploads\/2025\/08\/Kovarikova.jpg\" \/>\n<meta name=\"twitter:card\" content=\"summary_large_image\" \/>\n<meta name=\"twitter:label1\" content=\"Est. reading time\" \/>\n\t<meta name=\"twitter:data1\" content=\"1 minute\" \/>\n<script type=\"application\/ld+json\" class=\"yoast-schema-graph\">{\"@context\":\"https:\/\/schema.org\",\"@graph\":[{\"@type\":\"WebPage\",\"@id\":\"https:\/\/genetika-plzen.nullable.group\/nas-tym\/mgr-pavla-kovarikova-phd\/\",\"url\":\"https:\/\/genetika-plzen.nullable.group\/nas-tym\/mgr-pavla-kovarikova-phd\/\",\"name\":\"Mgr. Pavla Kova\u0159\u00edkov\u00e1, Ph.D. | Genetika Plze\u0148\",\"isPartOf\":{\"@id\":\"https:\/\/genetika-plzen.nullable.group\/#website\"},\"datePublished\":\"2024-02-05T20:18:09+00:00\",\"dateModified\":\"2025-08-18T07:00:41+00:00\",\"breadcrumb\":{\"@id\":\"https:\/\/genetika-plzen.nullable.group\/nas-tym\/mgr-pavla-kovarikova-phd\/#breadcrumb\"},\"inLanguage\":\"de-DE-formal\",\"potentialAction\":[{\"@type\":\"ReadAction\",\"target\":[\"https:\/\/genetika-plzen.nullable.group\/nas-tym\/mgr-pavla-kovarikova-phd\/\"]}]},{\"@type\":\"BreadcrumbList\",\"@id\":\"https:\/\/genetika-plzen.nullable.group\/nas-tym\/mgr-pavla-kovarikova-phd\/#breadcrumb\",\"itemListElement\":[{\"@type\":\"ListItem\",\"position\":1,\"name\":\"Home\",\"item\":\"https:\/\/genetika-plzen.nullable.group\/\"},{\"@type\":\"ListItem\",\"position\":2,\"name\":\"N\u00e1\u0161 t\u00fdm\",\"item\":\"https:\/\/genetika-plzen.nullable.group\/de\/nas-tym\/\"},{\"@type\":\"ListItem\",\"position\":3,\"name\":\"Mgr. Pavla Kova\u0159\u00edkov\u00e1, Ph.D.\"}]},{\"@type\":\"WebSite\",\"@id\":\"https:\/\/genetika-plzen.nullable.group\/#website\",\"url\":\"https:\/\/genetika-plzen.nullable.group\/\",\"name\":\"Genetika Plze\u0148\",\"description\":\"Genetika Plze\u0148\",\"publisher\":{\"@id\":\"https:\/\/genetika-plzen.nullable.group\/#organization\"},\"potentialAction\":[{\"@type\":\"SearchAction\",\"target\":{\"@type\":\"EntryPoint\",\"urlTemplate\":\"https:\/\/genetika-plzen.nullable.group\/?s={search_term_string}\"},\"query-input\":\"required name=search_term_string\"}],\"inLanguage\":\"de-DE-formal\"},{\"@type\":\"Organization\",\"@id\":\"https:\/\/genetika-plzen.nullable.group\/#organization\",\"name\":\"Genetika Plze\u0148\",\"url\":\"https:\/\/genetika-plzen.nullable.group\/\",\"logo\":{\"@type\":\"ImageObject\",\"inLanguage\":\"de-DE-formal\",\"@id\":\"https:\/\/genetika-plzen.nullable.group\/#\/schema\/logo\/image\/\",\"url\":\"https:\/\/genetika-plzen.nullable.group\/wp-content\/uploads\/2022\/07\/logo2.svg\",\"contentUrl\":\"https:\/\/genetika-plzen.nullable.group\/wp-content\/uploads\/2022\/07\/logo2.svg\",\"width\":286,\"height\":95,\"caption\":\"Genetika Plze\u0148\"},\"image\":{\"@id\":\"https:\/\/genetika-plzen.nullable.group\/#\/schema\/logo\/image\/\"}}]}<\/script>\n<!-- \/ Yoast SEO plugin. -->","yoast_head_json":{"title":"Mgr. Pavla Kova\u0159\u00edkov\u00e1, Ph.D. | Genetika Plze\u0148","robots":{"index":"index","follow":"follow","max-snippet":"max-snippet:-1","max-image-preview":"max-image-preview:large","max-video-preview":"max-video-preview:-1"},"canonical":"https:\/\/genetika-plzen.nullable.group\/de\/nas-tym\/mgr-pavla-kovarikova-phd\/","og_locale":"de_DE","og_type":"article","og_title":"Mgr. Pavla Kova\u0159\u00edkov\u00e1, Ph.D. | Genetika Plze\u0148","og_description":"Mlad\u00e1 a&nbsp;chytr\u00e1 odbornice v&nbsp;oblasti cytogenetiky s&nbsp;lidsk\u00fdm a&nbsp;p\u0159\u00edjemn\u00fdm vystupov\u00e1n\u00edm, jej\u00ed\u017e ambici\u00f3znost zaru\u010duje klient\u016fm spole\u010dnosti Genetika Plze\u0148, s.r.o p\u0159\u00edstup obohacen\u00fd o&nbsp;opravdov\u00fd z\u00e1jem o&nbsp;novinky z&nbsp;oboru. Jej\u00ed ochota d\u00e1l se vzd\u011bl\u00e1vat je nejen z\u00e1rukou odborn\u011b kvalifikovan\u00e9ho p\u0159\u00edstupu, ale dovedla ji v roce 2022 a\u017e k atestaci v oboru Klinick\u00e1 genetika, d\u00edky n\u00ed\u017e se z n\u00ed stal \u201especialista bioanalitik pro [&hellip;]","og_url":"https:\/\/genetika-plzen.nullable.group\/de\/nas-tym\/mgr-pavla-kovarikova-phd\/","og_site_name":"Genetika Plze\u0148","article_modified_time":"2025-08-18T07:00:41+00:00","og_image":[{"url":"https:\/\/www.genetika-plzen.cz\/wp-content\/uploads\/2025\/08\/Kovarikova.jpg"}],"twitter_card":"summary_large_image","twitter_misc":{"Est. reading time":"1 minute"},"schema":{"@context":"https:\/\/schema.org","@graph":[{"@type":"WebPage","@id":"https:\/\/genetika-plzen.nullable.group\/nas-tym\/mgr-pavla-kovarikova-phd\/","url":"https:\/\/genetika-plzen.nullable.group\/nas-tym\/mgr-pavla-kovarikova-phd\/","name":"Mgr. Pavla Kova\u0159\u00edkov\u00e1, Ph.D. | Genetika Plze\u0148","isPartOf":{"@id":"https:\/\/genetika-plzen.nullable.group\/#website"},"datePublished":"2024-02-05T20:18:09+00:00","dateModified":"2025-08-18T07:00:41+00:00","breadcrumb":{"@id":"https:\/\/genetika-plzen.nullable.group\/nas-tym\/mgr-pavla-kovarikova-phd\/#breadcrumb"},"inLanguage":"de-DE-formal","potentialAction":[{"@type":"ReadAction","target":["https:\/\/genetika-plzen.nullable.group\/nas-tym\/mgr-pavla-kovarikova-phd\/"]}]},{"@type":"BreadcrumbList","@id":"https:\/\/genetika-plzen.nullable.group\/nas-tym\/mgr-pavla-kovarikova-phd\/#breadcrumb","itemListElement":[{"@type":"ListItem","position":1,"name":"Home","item":"https:\/\/genetika-plzen.nullable.group\/"},{"@type":"ListItem","position":2,"name":"N\u00e1\u0161 t\u00fdm","item":"https:\/\/genetika-plzen.nullable.group\/de\/nas-tym\/"},{"@type":"ListItem","position":3,"name":"Mgr. Pavla Kova\u0159\u00edkov\u00e1, Ph.D."}]},{"@type":"WebSite","@id":"https:\/\/genetika-plzen.nullable.group\/#website","url":"https:\/\/genetika-plzen.nullable.group\/","name":"Genetika Plze\u0148","description":"Genetika Plze\u0148","publisher":{"@id":"https:\/\/genetika-plzen.nullable.group\/#organization"},"potentialAction":[{"@type":"SearchAction","target":{"@type":"EntryPoint","urlTemplate":"https:\/\/genetika-plzen.nullable.group\/?s={search_term_string}"},"query-input":"required name=search_term_string"}],"inLanguage":"de-DE-formal"},{"@type":"Organization","@id":"https:\/\/genetika-plzen.nullable.group\/#organization","name":"Genetika Plze\u0148","url":"https:\/\/genetika-plzen.nullable.group\/","logo":{"@type":"ImageObject","inLanguage":"de-DE-formal","@id":"https:\/\/genetika-plzen.nullable.group\/#\/schema\/logo\/image\/","url":"https:\/\/genetika-plzen.nullable.group\/wp-content\/uploads\/2022\/07\/logo2.svg","contentUrl":"https:\/\/genetika-plzen.nullable.group\/wp-content\/uploads\/2022\/07\/logo2.svg","width":286,"height":95,"caption":"Genetika Plze\u0148"},"image":{"@id":"https:\/\/genetika-plzen.nullable.group\/#\/schema\/logo\/image\/"}}]}},"_links":{"self":[{"href":"https:\/\/genetika-plzen.nullable.group\/de\/wp-json\/wp\/v2\/pages\/7512","targetHints":{"allow":["GET"]}}],"collection":[{"href":"https:\/\/genetika-plzen.nullable.group\/de\/wp-json\/wp\/v2\/pages"}],"about":[{"href":"https:\/\/genetika-plzen.nullable.group\/de\/wp-json\/wp\/v2\/types\/page"}],"author":[{"embeddable":true,"href":"https:\/\/genetika-plzen.nullable.group\/de\/wp-json\/wp\/v2\/users\/9"}],"replies":[{"embeddable":true,"href":"https:\/\/genetika-plzen.nullable.group\/de\/wp-json\/wp\/v2\/comments?post=7512"}],"version-history":[{"count":10,"href":"https:\/\/genetika-plzen.nullable.group\/de\/wp-json\/wp\/v2\/pages\/7512\/revisions"}],"predecessor-version":[{"id":9232,"href":"https:\/\/genetika-plzen.nullable.group\/de\/wp-json\/wp\/v2\/pages\/7512\/revisions\/9232"}],"up":[{"embeddable":true,"href":"https:\/\/genetika-plzen.nullable.group\/de\/wp-json\/wp\/v2\/pages\/7225"}],"wp:attachment":[{"href":"https:\/\/genetika-plzen.nullable.group\/de\/wp-json\/wp\/v2\/media?parent=7512"}],"wp:term":[{"taxonomy":"service-area","embeddable":true,"href":"https:\/\/genetika-plzen.nullable.group\/de\/wp-json\/wp\/v2\/service-area?post=7512"}],"curies":[{"name":"wp","href":"https:\/\/api.w.org\/{rel}","templated":true}]}}