{"id":7683,"date":"2024-02-15T17:52:52","date_gmt":"2024-02-15T16:52:52","guid":{"rendered":"https:\/\/genetika-plzen.nullable.group\/?page_id=7683"},"modified":"2024-07-31T06:34:24","modified_gmt":"2024-07-31T04:34:24","slug":"vysetreni-reprodukcni-imunologie","status":"publish","type":"page","link":"https:\/\/genetika-plzen.nullable.group\/de\/laborator-reprodukcni-imunologie\/vysetreni-reprodukcni-imunologie\/","title":{"rendered":"Untersuchung der reproduktiven Immunologie"},"content":{"rendered":"<div data-elementor-type=\"wp-page\" data-elementor-id=\"7683\" class=\"elementor elementor-7683\">\n\t\t\t\t<div class=\"elementor-element elementor-element-2a2b335 e-flex e-con-boxed e-con e-parent\" data-id=\"2a2b335\" data-element_type=\"container\" data-e-type=\"container\">\n\t\t\t\t\t<div class=\"e-con-inner\">\n\t\t\t\t<div class=\"elementor-element elementor-element-b0d5dc4 elementor-widget elementor-widget-spacer\" data-id=\"b0d5dc4\" data-element_type=\"widget\" data-e-type=\"widget\" data-widget_type=\"spacer.default\">\n\t\t\t\t<div class=\"elementor-widget-container\">\n\t\t\t\t\t\t\t<div class=\"elementor-spacer\">\n\t\t\t<div class=\"elementor-spacer-inner\"><\/div>\n\t\t<\/div>\n\t\t\t\t\t\t<\/div>\n\t\t\t\t<\/div>\n\t\t\t\t\t<\/div>\n\t\t\t\t<\/div>\n\t\t<div class=\"elementor-element elementor-element-cdcc1a7 e-flex e-con-boxed e-con e-parent\" data-id=\"cdcc1a7\" data-element_type=\"container\" data-e-type=\"container\">\n\t\t\t\t\t<div class=\"e-con-inner\">\n\t\t\t\t<div class=\"elementor-element elementor-element-03a4109 elementor-widget elementor-widget-text-editor\" data-id=\"03a4109\" data-element_type=\"widget\" data-e-type=\"widget\" data-widget_type=\"text-editor.default\">\n\t\t\t\t<div class=\"elementor-widget-container\">\n\t\t\t\t\t\t\t\t\t<p>Die Labore f\u00fcr Reproduktionsimmunologie untersuchen Spermaantik\u00f6rper, Antik\u00f6rper gegen Zona pellucida, Antiphospholipid-Antik\u00f6rper-Profil, intraakrosomale Enzyme.<\/p>\n\n<h2>Biologische Fl\u00fcssigkeiten<\/h2>\n\n<ul><li>Serum, Ovulationssekret aus dem Muttermund<\/li><li>Peritoneale Fl\u00fcssigkeit<\/li><li>Follikul\u00e4re Fl\u00fcssigkeit<\/li><li>Ejakulat<\/li><\/ul>\n\n<h2>Methoden<\/h2>\n\n<ul><li>Friberg-Methode (Tray Agglutination Test)<\/li><li>Kremer-Test<\/li><li>MAR Test (Mixed-Antiglobulin-Reaction-Test, direkt,t indirekt)<\/li><li>Passive haemmagglutiantion test  (antizonale Antik\u00f6rper)<\/li><li>ELISA Tests in IgG, A, M in Doublets (gegen acht verschiedene Phospholipide)<\/li><li>Spermiogramme<\/li><li>Intraakrosomale Enzyme mittels monoklonaler Antik\u00f6rper<\/li><\/ul>\n\n<p>(Weitere Tests je nach Anforderungen der Beratungsstelle f\u00fcr Reproduktionsimmunologie)<\/p>\t\t\t\t\t\t\t\t<\/div>\n\t\t\t\t<\/div>\n\t\t\t\t\t<\/div>\n\t\t\t\t<\/div>\n\t\t<div class=\"elementor-element elementor-element-69bd1c0 e-flex e-con-boxed e-con e-parent\" data-id=\"69bd1c0\" data-element_type=\"container\" data-e-type=\"container\">\n\t\t\t\t\t<div class=\"e-con-inner\">\n\t\t\t\t<div class=\"elementor-element elementor-element-40b6686 elementor-widget elementor-widget-image\" data-id=\"40b6686\" data-element_type=\"widget\" data-e-type=\"widget\" data-widget_type=\"image.default\">\n\t\t\t\t<div class=\"elementor-widget-container\">\n\t\t\t\t\t\t\t\t\t\t\t\t\t\t\t<img fetchpriority=\"high\" decoding=\"async\" width=\"500\" height=\"500\" src=\"https:\/\/genetika-plzen.nullable.group\/wp-content\/uploads\/2024\/02\/thumb_3000x3000_laborator-reprodukcni-imunologie.jpg\" class=\"attachment-large size-large wp-image-7690\" alt=\"\" srcset=\"https:\/\/genetika-plzen.nullable.group\/wp-content\/uploads\/2024\/02\/thumb_3000x3000_laborator-reprodukcni-imunologie.jpg 500w, https:\/\/genetika-plzen.nullable.group\/wp-content\/uploads\/2024\/02\/thumb_3000x3000_laborator-reprodukcni-imunologie-300x300.jpg 300w, https:\/\/genetika-plzen.nullable.group\/wp-content\/uploads\/2024\/02\/thumb_3000x3000_laborator-reprodukcni-imunologie-150x150.jpg 150w, https:\/\/genetika-plzen.nullable.group\/wp-content\/uploads\/2024\/02\/thumb_3000x3000_laborator-reprodukcni-imunologie-12x12.jpg 12w\" sizes=\"(max-width: 500px) 100vw, 500px\" \/>\t\t\t\t\t\t\t\t\t\t\t\t\t\t\t<\/div>\n\t\t\t\t<\/div>\n\t\t\t\t\t<\/div>\n\t\t\t\t<\/div>\n\t\t<div class=\"elementor-element elementor-element-43a0384 e-flex e-con-boxed e-con e-parent\" data-id=\"43a0384\" data-element_type=\"container\" data-e-type=\"container\">\n\t\t\t\t\t<div class=\"e-con-inner\">\n\t\t\t\t<div class=\"elementor-element elementor-element-ed4d874 elementor-button-info elementor-widget elementor-widget-button\" data-id=\"ed4d874\" data-element_type=\"widget\" data-e-type=\"widget\" data-widget_type=\"button.default\">\n\t\t\t\t<div class=\"elementor-widget-container\">\n\t\t\t\t\t\t\t\t\t<div class=\"elementor-button-wrapper\">\n\t\t\t\t\t<a class=\"elementor-button elementor-button-link elementor-size-sm\" href=\"https:\/\/genetika-plzen.nullable.group\/de\/laborator-reprodukcni-imunologie\/\">\n\t\t\t\t\t\t<span class=\"elementor-button-content-wrapper\">\n\t\t\t\t\t\t\t\t\t<span class=\"elementor-button-text\">Mehr Informationen<\/span>\n\t\t\t\t\t<\/span>\n\t\t\t\t\t<\/a>\n\t\t\t\t<\/div>\n\t\t\t\t\t\t\t\t<\/div>\n\t\t\t\t<\/div>\n\t\t\t\t\t<\/div>\n\t\t\t\t<\/div>\n\t\t<div class=\"elementor-element elementor-element-2f9aa67 e-flex e-con-boxed e-con e-parent\" data-id=\"2f9aa67\" data-element_type=\"container\" data-e-type=\"container\">\n\t\t\t\t\t<div class=\"e-con-inner\">\n\t\t\t\t<div class=\"elementor-element elementor-element-d13d215 elementor-widget elementor-widget-spacer\" data-id=\"d13d215\" data-element_type=\"widget\" data-e-type=\"widget\" data-widget_type=\"spacer.default\">\n\t\t\t\t<div class=\"elementor-widget-container\">\n\t\t\t\t\t\t\t<div class=\"elementor-spacer\">\n\t\t\t<div class=\"elementor-spacer-inner\"><\/div>\n\t\t<\/div>\n\t\t\t\t\t\t<\/div>\n\t\t\t\t<\/div>\n\t\t\t\t\t<\/div>\n\t\t\t\t<\/div>\n\t\t\t\t<\/div>","protected":false},"excerpt":{"rendered":"<p>Laborato\u0159e&nbsp; reproduk\u010dn\u00ed imunologie vy\u0161et\u0159uj\u00ed spermaglutina\u010dn\u00ed protil\u00e1tky&nbsp;&nbsp; proti spermi\u00edm, protil\u00e1tky proti zona pellucida, profil antifosfolipidov\u00fdch protil\u00e1tek, intraakrozom\u00e1ln\u00ed enzymy. Biologick\u00e9 tekutiny Serum, ovula\u010dn\u00ed sekret z&nbsp;hrdla d\u011blo\u017en\u00edho Peritone\u00e1ln\u00ed&nbsp; tekutina Folikul\u00e1rn\u00ed tekutina Ejakul\u00e1t Metody Friberg metoda (Tray agglutination test) Kremer test MAR test (mixed anti-immunoglobulin reaction test, p\u0159\u00edm\u00fd, nep\u0159\u00edm\u00fd) Passive haemmagglutiantion test&nbsp; (antizon\u00e1ln\u00ed protil\u00e1tky) ELISA&nbsp;testy v&nbsp;IgG, A, M v&nbsp;doubletech [&hellip;]<\/p>","protected":false},"author":9,"featured_media":0,"parent":7181,"menu_order":0,"comment_status":"closed","ping_status":"closed","template":"","meta":{"footnotes":""},"service-area":[33],"class_list":["post-7683","page","type-page","status-publish","hentry","service-area-reprodukcni-imunologie"],"yoast_head":"<!-- This site is optimized with the Yoast SEO plugin v20.2 - https:\/\/yoast.com\/wordpress\/plugins\/seo\/ -->\n<title>Vy\u0161et\u0159en\u00ed reproduk\u010dn\u00ed imunologie | Genetika Plze\u0148<\/title>\n<meta name=\"robots\" content=\"index, follow, max-snippet:-1, max-image-preview:large, max-video-preview:-1\" \/>\n<link rel=\"canonical\" href=\"https:\/\/genetika-plzen.nullable.group\/de\/laborator-reprodukcni-imunologie\/vysetreni-reprodukcni-imunologie\/\" \/>\n<meta property=\"og:locale\" content=\"de_DE\" \/>\n<meta property=\"og:type\" content=\"article\" \/>\n<meta property=\"og:title\" content=\"Vy\u0161et\u0159en\u00ed reproduk\u010dn\u00ed imunologie | Genetika Plze\u0148\" \/>\n<meta property=\"og:description\" content=\"Laborato\u0159e&nbsp; reproduk\u010dn\u00ed imunologie vy\u0161et\u0159uj\u00ed spermaglutina\u010dn\u00ed protil\u00e1tky&nbsp;&nbsp; proti spermi\u00edm, protil\u00e1tky proti zona pellucida, profil antifosfolipidov\u00fdch protil\u00e1tek, intraakrozom\u00e1ln\u00ed enzymy. Biologick\u00e9 tekutiny Serum, ovula\u010dn\u00ed sekret z&nbsp;hrdla d\u011blo\u017en\u00edho Peritone\u00e1ln\u00ed&nbsp; tekutina Folikul\u00e1rn\u00ed tekutina Ejakul\u00e1t Metody Friberg metoda (Tray agglutination test) Kremer test MAR test (mixed anti-immunoglobulin reaction test, p\u0159\u00edm\u00fd, nep\u0159\u00edm\u00fd) Passive haemmagglutiantion test&nbsp; (antizon\u00e1ln\u00ed protil\u00e1tky) ELISA&nbsp;testy v&nbsp;IgG, A, M v&nbsp;doubletech [&hellip;]\" \/>\n<meta property=\"og:url\" content=\"https:\/\/genetika-plzen.nullable.group\/de\/laborator-reprodukcni-imunologie\/vysetreni-reprodukcni-imunologie\/\" \/>\n<meta property=\"og:site_name\" content=\"Genetika Plze\u0148\" \/>\n<meta property=\"article:modified_time\" content=\"2024-07-31T04:34:24+00:00\" \/>\n<meta property=\"og:image\" content=\"https:\/\/www.genetika-plzen.cz\/wp-content\/uploads\/2024\/02\/thumb_3000x3000_laborator-reprodukcni-imunologie.jpg\" \/>\n<meta name=\"twitter:card\" content=\"summary_large_image\" \/>\n<meta name=\"twitter:label1\" content=\"Est. reading time\" \/>\n\t<meta name=\"twitter:data1\" content=\"1 minute\" \/>\n<script type=\"application\/ld+json\" class=\"yoast-schema-graph\">{\"@context\":\"https:\/\/schema.org\",\"@graph\":[{\"@type\":\"WebPage\",\"@id\":\"https:\/\/genetika-plzen.nullable.group\/laborator-reprodukcni-imunologie\/vysetreni-reprodukcni-imunologie\/\",\"url\":\"https:\/\/genetika-plzen.nullable.group\/laborator-reprodukcni-imunologie\/vysetreni-reprodukcni-imunologie\/\",\"name\":\"Vy\u0161et\u0159en\u00ed reproduk\u010dn\u00ed imunologie | Genetika Plze\u0148\",\"isPartOf\":{\"@id\":\"https:\/\/genetika-plzen.nullable.group\/#website\"},\"datePublished\":\"2024-02-15T16:52:52+00:00\",\"dateModified\":\"2024-07-31T04:34:24+00:00\",\"breadcrumb\":{\"@id\":\"https:\/\/genetika-plzen.nullable.group\/laborator-reprodukcni-imunologie\/vysetreni-reprodukcni-imunologie\/#breadcrumb\"},\"inLanguage\":\"de-DE-formal\",\"potentialAction\":[{\"@type\":\"ReadAction\",\"target\":[\"https:\/\/genetika-plzen.nullable.group\/laborator-reprodukcni-imunologie\/vysetreni-reprodukcni-imunologie\/\"]}]},{\"@type\":\"BreadcrumbList\",\"@id\":\"https:\/\/genetika-plzen.nullable.group\/laborator-reprodukcni-imunologie\/vysetreni-reprodukcni-imunologie\/#breadcrumb\",\"itemListElement\":[{\"@type\":\"ListItem\",\"position\":1,\"name\":\"Home\",\"item\":\"https:\/\/genetika-plzen.nullable.group\/\"},{\"@type\":\"ListItem\",\"position\":2,\"name\":\"Laborato\u0159 reproduk\u010dn\u00ed imunologie\",\"item\":\"https:\/\/genetika-plzen.nullable.group\/laborator-reprodukcni-imunologie\/\"},{\"@type\":\"ListItem\",\"position\":3,\"name\":\"Vy\u0161et\u0159en\u00ed reproduk\u010dn\u00ed imunologie\"}]},{\"@type\":\"WebSite\",\"@id\":\"https:\/\/genetika-plzen.nullable.group\/#website\",\"url\":\"https:\/\/genetika-plzen.nullable.group\/\",\"name\":\"Genetika Plze\u0148\",\"description\":\"Genetika Plze\u0148\",\"publisher\":{\"@id\":\"https:\/\/genetika-plzen.nullable.group\/#organization\"},\"potentialAction\":[{\"@type\":\"SearchAction\",\"target\":{\"@type\":\"EntryPoint\",\"urlTemplate\":\"https:\/\/genetika-plzen.nullable.group\/?s={search_term_string}\"},\"query-input\":\"required name=search_term_string\"}],\"inLanguage\":\"de-DE-formal\"},{\"@type\":\"Organization\",\"@id\":\"https:\/\/genetika-plzen.nullable.group\/#organization\",\"name\":\"Genetika Plze\u0148\",\"url\":\"https:\/\/genetika-plzen.nullable.group\/\",\"logo\":{\"@type\":\"ImageObject\",\"inLanguage\":\"de-DE-formal\",\"@id\":\"https:\/\/genetika-plzen.nullable.group\/#\/schema\/logo\/image\/\",\"url\":\"https:\/\/genetika-plzen.nullable.group\/wp-content\/uploads\/2022\/07\/logo2.svg\",\"contentUrl\":\"https:\/\/genetika-plzen.nullable.group\/wp-content\/uploads\/2022\/07\/logo2.svg\",\"width\":286,\"height\":95,\"caption\":\"Genetika Plze\u0148\"},\"image\":{\"@id\":\"https:\/\/genetika-plzen.nullable.group\/#\/schema\/logo\/image\/\"}}]}<\/script>\n<!-- \/ Yoast SEO plugin. -->","yoast_head_json":{"title":"Vy\u0161et\u0159en\u00ed reproduk\u010dn\u00ed imunologie | Genetika Plze\u0148","robots":{"index":"index","follow":"follow","max-snippet":"max-snippet:-1","max-image-preview":"max-image-preview:large","max-video-preview":"max-video-preview:-1"},"canonical":"https:\/\/genetika-plzen.nullable.group\/de\/laborator-reprodukcni-imunologie\/vysetreni-reprodukcni-imunologie\/","og_locale":"de_DE","og_type":"article","og_title":"Vy\u0161et\u0159en\u00ed reproduk\u010dn\u00ed imunologie | Genetika Plze\u0148","og_description":"Laborato\u0159e&nbsp; reproduk\u010dn\u00ed imunologie vy\u0161et\u0159uj\u00ed spermaglutina\u010dn\u00ed protil\u00e1tky&nbsp;&nbsp; proti spermi\u00edm, protil\u00e1tky proti zona pellucida, profil antifosfolipidov\u00fdch protil\u00e1tek, intraakrozom\u00e1ln\u00ed enzymy. Biologick\u00e9 tekutiny Serum, ovula\u010dn\u00ed sekret z&nbsp;hrdla d\u011blo\u017en\u00edho Peritone\u00e1ln\u00ed&nbsp; tekutina Folikul\u00e1rn\u00ed tekutina Ejakul\u00e1t Metody Friberg metoda (Tray agglutination test) Kremer test MAR test (mixed anti-immunoglobulin reaction test, p\u0159\u00edm\u00fd, nep\u0159\u00edm\u00fd) Passive haemmagglutiantion test&nbsp; (antizon\u00e1ln\u00ed protil\u00e1tky) ELISA&nbsp;testy v&nbsp;IgG, A, M v&nbsp;doubletech [&hellip;]","og_url":"https:\/\/genetika-plzen.nullable.group\/de\/laborator-reprodukcni-imunologie\/vysetreni-reprodukcni-imunologie\/","og_site_name":"Genetika Plze\u0148","article_modified_time":"2024-07-31T04:34:24+00:00","og_image":[{"url":"https:\/\/www.genetika-plzen.cz\/wp-content\/uploads\/2024\/02\/thumb_3000x3000_laborator-reprodukcni-imunologie.jpg"}],"twitter_card":"summary_large_image","twitter_misc":{"Est. reading time":"1 minute"},"schema":{"@context":"https:\/\/schema.org","@graph":[{"@type":"WebPage","@id":"https:\/\/genetika-plzen.nullable.group\/laborator-reprodukcni-imunologie\/vysetreni-reprodukcni-imunologie\/","url":"https:\/\/genetika-plzen.nullable.group\/laborator-reprodukcni-imunologie\/vysetreni-reprodukcni-imunologie\/","name":"Vy\u0161et\u0159en\u00ed reproduk\u010dn\u00ed imunologie | Genetika Plze\u0148","isPartOf":{"@id":"https:\/\/genetika-plzen.nullable.group\/#website"},"datePublished":"2024-02-15T16:52:52+00:00","dateModified":"2024-07-31T04:34:24+00:00","breadcrumb":{"@id":"https:\/\/genetika-plzen.nullable.group\/laborator-reprodukcni-imunologie\/vysetreni-reprodukcni-imunologie\/#breadcrumb"},"inLanguage":"de-DE-formal","potentialAction":[{"@type":"ReadAction","target":["https:\/\/genetika-plzen.nullable.group\/laborator-reprodukcni-imunologie\/vysetreni-reprodukcni-imunologie\/"]}]},{"@type":"BreadcrumbList","@id":"https:\/\/genetika-plzen.nullable.group\/laborator-reprodukcni-imunologie\/vysetreni-reprodukcni-imunologie\/#breadcrumb","itemListElement":[{"@type":"ListItem","position":1,"name":"Home","item":"https:\/\/genetika-plzen.nullable.group\/"},{"@type":"ListItem","position":2,"name":"Laborato\u0159 reproduk\u010dn\u00ed imunologie","item":"https:\/\/genetika-plzen.nullable.group\/laborator-reprodukcni-imunologie\/"},{"@type":"ListItem","position":3,"name":"Vy\u0161et\u0159en\u00ed reproduk\u010dn\u00ed imunologie"}]},{"@type":"WebSite","@id":"https:\/\/genetika-plzen.nullable.group\/#website","url":"https:\/\/genetika-plzen.nullable.group\/","name":"Genetika Plze\u0148","description":"Genetika Plze\u0148","publisher":{"@id":"https:\/\/genetika-plzen.nullable.group\/#organization"},"potentialAction":[{"@type":"SearchAction","target":{"@type":"EntryPoint","urlTemplate":"https:\/\/genetika-plzen.nullable.group\/?s={search_term_string}"},"query-input":"required name=search_term_string"}],"inLanguage":"de-DE-formal"},{"@type":"Organization","@id":"https:\/\/genetika-plzen.nullable.group\/#organization","name":"Genetika Plze\u0148","url":"https:\/\/genetika-plzen.nullable.group\/","logo":{"@type":"ImageObject","inLanguage":"de-DE-formal","@id":"https:\/\/genetika-plzen.nullable.group\/#\/schema\/logo\/image\/","url":"https:\/\/genetika-plzen.nullable.group\/wp-content\/uploads\/2022\/07\/logo2.svg","contentUrl":"https:\/\/genetika-plzen.nullable.group\/wp-content\/uploads\/2022\/07\/logo2.svg","width":286,"height":95,"caption":"Genetika Plze\u0148"},"image":{"@id":"https:\/\/genetika-plzen.nullable.group\/#\/schema\/logo\/image\/"}}]}},"_links":{"self":[{"href":"https:\/\/genetika-plzen.nullable.group\/de\/wp-json\/wp\/v2\/pages\/7683","targetHints":{"allow":["GET"]}}],"collection":[{"href":"https:\/\/genetika-plzen.nullable.group\/de\/wp-json\/wp\/v2\/pages"}],"about":[{"href":"https:\/\/genetika-plzen.nullable.group\/de\/wp-json\/wp\/v2\/types\/page"}],"author":[{"embeddable":true,"href":"https:\/\/genetika-plzen.nullable.group\/de\/wp-json\/wp\/v2\/users\/9"}],"replies":[{"embeddable":true,"href":"https:\/\/genetika-plzen.nullable.group\/de\/wp-json\/wp\/v2\/comments?post=7683"}],"version-history":[{"count":15,"href":"https:\/\/genetika-plzen.nullable.group\/de\/wp-json\/wp\/v2\/pages\/7683\/revisions"}],"predecessor-version":[{"id":8857,"href":"https:\/\/genetika-plzen.nullable.group\/de\/wp-json\/wp\/v2\/pages\/7683\/revisions\/8857"}],"up":[{"embeddable":true,"href":"https:\/\/genetika-plzen.nullable.group\/de\/wp-json\/wp\/v2\/pages\/7181"}],"wp:attachment":[{"href":"https:\/\/genetika-plzen.nullable.group\/de\/wp-json\/wp\/v2\/media?parent=7683"}],"wp:term":[{"taxonomy":"service-area","embeddable":true,"href":"https:\/\/genetika-plzen.nullable.group\/de\/wp-json\/wp\/v2\/service-area?post=7683"}],"curies":[{"name":"wp","href":"https:\/\/api.w.org\/{rel}","templated":true}]}}