{"id":7702,"date":"2024-02-15T18:11:40","date_gmt":"2024-02-15T17:11:40","guid":{"rendered":"https:\/\/genetika-plzen.nullable.group\/?page_id=7702"},"modified":"2024-02-15T18:54:03","modified_gmt":"2024-02-15T17:54:03","slug":"preimplantacni-geneticke-testovani","status":"publish","type":"page","link":"https:\/\/genetika-plzen.nullable.group\/de\/vysetreni-reprodukcni-genetiky\/preimplantacni-geneticke-testovani\/","title":{"rendered":"Genetische Pr\u00e4implantationstests (PGT)"},"content":{"rendered":"<div data-elementor-type=\"wp-page\" data-elementor-id=\"7702\" class=\"elementor elementor-7702\">\n\t\t\t\t<div class=\"elementor-element elementor-element-9eac584 e-flex e-con-boxed e-con e-parent\" data-id=\"9eac584\" data-element_type=\"container\" data-e-type=\"container\">\n\t\t\t\t\t<div class=\"e-con-inner\">\n\t\t\t\t<div class=\"elementor-element elementor-element-1efe23f elementor-widget elementor-widget-spacer\" data-id=\"1efe23f\" data-element_type=\"widget\" data-e-type=\"widget\" data-widget_type=\"spacer.default\">\n\t\t\t\t<div class=\"elementor-widget-container\">\n\t\t\t\t\t\t\t<div class=\"elementor-spacer\">\n\t\t\t<div class=\"elementor-spacer-inner\"><\/div>\n\t\t<\/div>\n\t\t\t\t\t\t<\/div>\n\t\t\t\t<\/div>\n\t\t\t\t\t<\/div>\n\t\t\t\t<\/div>\n\t\t<div class=\"elementor-element elementor-element-7a16eb6 e-flex e-con-boxed e-con e-parent\" data-id=\"7a16eb6\" data-element_type=\"container\" data-e-type=\"container\">\n\t\t\t\t\t<div class=\"e-con-inner\">\n\t\t\t\t<div class=\"elementor-element elementor-element-74befbb elementor-widget elementor-widget-text-editor\" data-id=\"74befbb\" data-element_type=\"widget\" data-e-type=\"widget\" data-widget_type=\"text-editor.default\">\n\t\t\t\t<div class=\"elementor-widget-container\">\n\t\t\t\t\t\t\t\t\t<p>Die pr\u00e4implantationsgenetische Untersuchung ist eine Reihe von Labormethoden, die es erm\u00f6glichen, das genetische Material von Embryonen zu untersuchen, die durch In-vitro-Fertilisation (<em>in vitro<\/em> ; IVF) entstanden sind, noch bevor sie in die Geb\u00e4rmutter eingesetzt (transferiert) werden. Die Untersuchung wird nach der Entnahme (Biopsie) einer oder mehrerer Zellen in den fr\u00fchen Entwicklungsstadien des Embryos durchgef\u00fchrt.<\/p>\n\n<p>Die pr\u00e4implantationsuntersuchung konzentriert sich am h\u00e4ufigsten auf zuf\u00e4llig <strong>neu entstandene genetische Ver\u00e4nderungen<\/strong>, die den Erfolg der IVF-Behandlung negativ beeinflussen oder die Geburt eines Kindes mit geistiger und\/oder k\u00f6rperlicher Behinderung verursachen k\u00f6nnen. Gleichzeitig kann sie auch auf&nbsp;<strong>genetische Krankheiten abzielen, die bereits in der Familie vorkommen.<\/strong>.<\/p>\t\t\t\t\t\t\t\t<\/div>\n\t\t\t\t<\/div>\n\t\t\t\t\t<\/div>\n\t\t\t\t<\/div>\n\t\t<div class=\"elementor-element elementor-element-1e23452 e-flex e-con-boxed e-con e-parent\" data-id=\"1e23452\" data-element_type=\"container\" data-e-type=\"container\">\n\t\t\t\t\t<div class=\"e-con-inner\">\n\t\t\t\t<div class=\"elementor-element elementor-element-ba7d96d elementor-widget elementor-widget-image\" data-id=\"ba7d96d\" data-element_type=\"widget\" data-e-type=\"widget\" data-widget_type=\"image.default\">\n\t\t\t\t<div class=\"elementor-widget-container\">\n\t\t\t\t\t\t\t\t\t\t\t\t\t\t\t<img fetchpriority=\"high\" decoding=\"async\" width=\"800\" height=\"449\" src=\"https:\/\/genetika-plzen.nullable.group\/wp-content\/uploads\/2024\/02\/preimplantacni_testovani_PGT.png\" class=\"attachment-large size-large wp-image-7708\" alt=\"\" srcset=\"https:\/\/genetika-plzen.nullable.group\/wp-content\/uploads\/2024\/02\/preimplantacni_testovani_PGT.png 901w, https:\/\/genetika-plzen.nullable.group\/wp-content\/uploads\/2024\/02\/preimplantacni_testovani_PGT-300x168.png 300w, https:\/\/genetika-plzen.nullable.group\/wp-content\/uploads\/2024\/02\/preimplantacni_testovani_PGT-768x431.png 768w, https:\/\/genetika-plzen.nullable.group\/wp-content\/uploads\/2024\/02\/preimplantacni_testovani_PGT-18x10.png 18w\" sizes=\"(max-width: 800px) 100vw, 800px\" \/>\t\t\t\t\t\t\t\t\t\t\t\t\t\t\t<\/div>\n\t\t\t\t<\/div>\n\t\t\t\t\t<\/div>\n\t\t\t\t<\/div>\n\t\t<div class=\"elementor-element elementor-element-1ce277d e-flex e-con-boxed e-con e-parent\" data-id=\"1ce277d\" data-element_type=\"container\" data-e-type=\"container\">\n\t\t\t\t\t<div class=\"e-con-inner\">\n\t\t\t\t<div class=\"elementor-element elementor-element-7afb554 elementor-widget elementor-widget-text-editor\" data-id=\"7afb554\" data-element_type=\"widget\" data-e-type=\"widget\" data-widget_type=\"text-editor.default\">\n\t\t\t\t<div class=\"elementor-widget-container\">\n\t\t\t\t\t\t\t\t\t<h4><a href=\"https:\/\/genetika-plzen.nullable.group\/de\/vysetreni-reprodukcni-genetiky\/typy-preimplantacnich-genetickych-vysetreni\/\">Typen der pr\u00e4implantationsgenetischen Untersuchungen<\/a><\/h4>\n\n<h4><a href=\"https:\/\/genetika-plzen.nullable.group\/de\/vysetreni-reprodukcni-genetiky\/indikace-k-preimplantacnimu-genetickemu-vysetreni\/\">Indikationen f\u00fcr die pr\u00e4implantationsgenetische Untersuchung<\/a><\/h4>\n\n<h4><a href=\"https:\/\/genetika-plzen.nullable.group\/de\/vysetreni-reprodukcni-genetiky\/metody-vysetreni\/\">Untersuchungsmethoden<\/a><\/h4>\n\n<h4><a href=\"https:\/\/genetika-plzen.nullable.group\/de\/vysetreni-reprodukcni-genetiky\/vysetrovane-tkane\/\">Untersuchte Gewebe<\/a><\/h4>\n\n<h4><a href=\"https:\/\/genetika-plzen.nullable.group\/de\/vysetreni-reprodukcni-genetiky\/prubeh-terapie-s-preimplantacnim-genetickym-vysetrenim\/\">Verlauf der Therapie mit pr\u00e4implantationsgenetischer Untersuchung<\/a><\/h4>\t\t\t\t\t\t\t\t<\/div>\n\t\t\t\t<\/div>\n\t\t\t\t\t<\/div>\n\t\t\t\t<\/div>\n\t\t<div class=\"elementor-element elementor-element-4c59015 e-flex e-con-boxed e-con e-parent\" data-id=\"4c59015\" data-element_type=\"container\" data-e-type=\"container\">\n\t\t\t\t\t<div class=\"e-con-inner\">\n\t\t\t\t<div class=\"elementor-element elementor-element-c5f9242 elementor-widget elementor-widget-spacer\" data-id=\"c5f9242\" data-element_type=\"widget\" data-e-type=\"widget\" data-widget_type=\"spacer.default\">\n\t\t\t\t<div class=\"elementor-widget-container\">\n\t\t\t\t\t\t\t<div class=\"elementor-spacer\">\n\t\t\t<div class=\"elementor-spacer-inner\"><\/div>\n\t\t<\/div>\n\t\t\t\t\t\t<\/div>\n\t\t\t\t<\/div>\n\t\t\t\t\t<\/div>\n\t\t\t\t<\/div>\n\t\t\t\t<\/div>","protected":false},"excerpt":{"rendered":"<p>Preimplanta\u010dn\u00ed genetick\u00e9 vy\u0161et\u0159en\u00ed je soubor laboratorn\u00edch metod, kter\u00e9 umo\u017e\u0148uj\u00ed vy\u0161et\u0159it genetickou v\u00fdbavu embry\u00ed vznikl\u00fdch mimot\u011bln\u00edm oplodn\u011bn\u00edm (in vitro fertilizac\u00ed; IVF) je\u0161t\u011b p\u0159ed jejich zaveden\u00edm (transferem) do&nbsp;d\u011blohy. Vy\u0161et\u0159en\u00ed je prov\u00e1d\u011bno po&nbsp;odb\u011bru (biopsii) jedn\u00e9 nebo&nbsp;v\u00edce bun\u011bk v&nbsp;ran\u00fdch f\u00e1z\u00edch v\u00fdvoje embrya. Preimplanta\u010dn\u00ed vy\u0161et\u0159en\u00ed je nej\u010dast\u011bji zam\u011b\u0159eno na&nbsp;n\u00e1hodn\u00e9 nov\u011b vznikl\u00e9 genetick\u00e9 zm\u011bny, kter\u00e9 mohou negativn\u011b ovlivnit \u00fasp\u011b\u0161nost IVF l\u00e9\u010dby [&hellip;]<\/p>","protected":false},"author":9,"featured_media":0,"parent":7368,"menu_order":0,"comment_status":"closed","ping_status":"closed","template":"","meta":{"footnotes":""},"service-area":[32],"class_list":["post-7702","page","type-page","status-publish","hentry","service-area-vysetreni-reprodukcni-genetiky"],"yoast_head":"<!-- This site is optimized with the Yoast SEO plugin v20.2 - https:\/\/yoast.com\/wordpress\/plugins\/seo\/ -->\n<title>Preimplanta\u010dn\u00ed genetick\u00e9 testov\u00e1n\u00ed (PGT) | Genetika Plze\u0148<\/title>\n<meta name=\"robots\" content=\"index, follow, max-snippet:-1, max-image-preview:large, max-video-preview:-1\" \/>\n<link rel=\"canonical\" href=\"https:\/\/genetika-plzen.nullable.group\/de\/vysetreni-reprodukcni-genetiky\/preimplantacni-geneticke-testovani\/\" \/>\n<meta property=\"og:locale\" content=\"de_DE\" \/>\n<meta property=\"og:type\" content=\"article\" \/>\n<meta property=\"og:title\" content=\"Preimplanta\u010dn\u00ed genetick\u00e9 testov\u00e1n\u00ed (PGT) | Genetika Plze\u0148\" \/>\n<meta property=\"og:description\" content=\"Preimplanta\u010dn\u00ed genetick\u00e9 vy\u0161et\u0159en\u00ed je soubor laboratorn\u00edch metod, kter\u00e9 umo\u017e\u0148uj\u00ed vy\u0161et\u0159it genetickou v\u00fdbavu embry\u00ed vznikl\u00fdch mimot\u011bln\u00edm oplodn\u011bn\u00edm (in vitro fertilizac\u00ed; IVF) je\u0161t\u011b p\u0159ed jejich zaveden\u00edm (transferem) do&nbsp;d\u011blohy. Vy\u0161et\u0159en\u00ed je prov\u00e1d\u011bno po&nbsp;odb\u011bru (biopsii) jedn\u00e9 nebo&nbsp;v\u00edce bun\u011bk v&nbsp;ran\u00fdch f\u00e1z\u00edch v\u00fdvoje embrya. Preimplanta\u010dn\u00ed vy\u0161et\u0159en\u00ed je nej\u010dast\u011bji zam\u011b\u0159eno na&nbsp;n\u00e1hodn\u00e9 nov\u011b vznikl\u00e9 genetick\u00e9 zm\u011bny, kter\u00e9 mohou negativn\u011b ovlivnit \u00fasp\u011b\u0161nost IVF l\u00e9\u010dby [&hellip;]\" \/>\n<meta property=\"og:url\" content=\"https:\/\/genetika-plzen.nullable.group\/de\/vysetreni-reprodukcni-genetiky\/preimplantacni-geneticke-testovani\/\" \/>\n<meta property=\"og:site_name\" content=\"Genetika Plze\u0148\" \/>\n<meta property=\"article:modified_time\" content=\"2024-02-15T17:54:03+00:00\" \/>\n<meta property=\"og:image\" content=\"https:\/\/genetika-plzen.nullable.group\/wp-content\/uploads\/2024\/02\/preimplantacni_testovani_PGT.png\" \/>\n<meta name=\"twitter:card\" content=\"summary_large_image\" \/>\n<meta name=\"twitter:label1\" content=\"Est. reading time\" \/>\n\t<meta name=\"twitter:data1\" content=\"1 minute\" \/>\n<script type=\"application\/ld+json\" class=\"yoast-schema-graph\">{\"@context\":\"https:\/\/schema.org\",\"@graph\":[{\"@type\":\"WebPage\",\"@id\":\"https:\/\/genetika-plzen.nullable.group\/de\/vysetreni-reprodukcni-genetiky\/preimplantacni-geneticke-testovani\/\",\"url\":\"https:\/\/genetika-plzen.nullable.group\/de\/vysetreni-reprodukcni-genetiky\/preimplantacni-geneticke-testovani\/\",\"name\":\"Preimplanta\u010dn\u00ed genetick\u00e9 testov\u00e1n\u00ed (PGT) | Genetika Plze\u0148\",\"isPartOf\":{\"@id\":\"https:\/\/genetika-plzen.nullable.group\/#website\"},\"datePublished\":\"2024-02-15T17:11:40+00:00\",\"dateModified\":\"2024-02-15T17:54:03+00:00\",\"breadcrumb\":{\"@id\":\"https:\/\/genetika-plzen.nullable.group\/de\/vysetreni-reprodukcni-genetiky\/preimplantacni-geneticke-testovani\/#breadcrumb\"},\"inLanguage\":\"de-DE-formal\",\"potentialAction\":[{\"@type\":\"ReadAction\",\"target\":[\"https:\/\/genetika-plzen.nullable.group\/de\/vysetreni-reprodukcni-genetiky\/preimplantacni-geneticke-testovani\/\"]}]},{\"@type\":\"BreadcrumbList\",\"@id\":\"https:\/\/genetika-plzen.nullable.group\/de\/vysetreni-reprodukcni-genetiky\/preimplantacni-geneticke-testovani\/#breadcrumb\",\"itemListElement\":[{\"@type\":\"ListItem\",\"position\":1,\"name\":\"Home\",\"item\":\"https:\/\/genetika-plzen.nullable.group\/\"},{\"@type\":\"ListItem\",\"position\":2,\"name\":\"Vy\u0161et\u0159en\u00ed reproduk\u010dn\u00ed genetiky\",\"item\":\"https:\/\/genetika-plzen.nullable.group\/vysetreni-reprodukcni-genetiky\/\"},{\"@type\":\"ListItem\",\"position\":3,\"name\":\"Preimplanta\u010dn\u00ed genetick\u00e9 testov\u00e1n\u00ed (PGT)\"}]},{\"@type\":\"WebSite\",\"@id\":\"https:\/\/genetika-plzen.nullable.group\/#website\",\"url\":\"https:\/\/genetika-plzen.nullable.group\/\",\"name\":\"Genetika Plze\u0148\",\"description\":\"Genetika Plze\u0148\",\"publisher\":{\"@id\":\"https:\/\/genetika-plzen.nullable.group\/#organization\"},\"potentialAction\":[{\"@type\":\"SearchAction\",\"target\":{\"@type\":\"EntryPoint\",\"urlTemplate\":\"https:\/\/genetika-plzen.nullable.group\/?s={search_term_string}\"},\"query-input\":\"required name=search_term_string\"}],\"inLanguage\":\"de-DE-formal\"},{\"@type\":\"Organization\",\"@id\":\"https:\/\/genetika-plzen.nullable.group\/#organization\",\"name\":\"Genetika Plze\u0148\",\"url\":\"https:\/\/genetika-plzen.nullable.group\/\",\"logo\":{\"@type\":\"ImageObject\",\"inLanguage\":\"de-DE-formal\",\"@id\":\"https:\/\/genetika-plzen.nullable.group\/#\/schema\/logo\/image\/\",\"url\":\"https:\/\/genetika-plzen.nullable.group\/wp-content\/uploads\/2022\/07\/logo2.svg\",\"contentUrl\":\"https:\/\/genetika-plzen.nullable.group\/wp-content\/uploads\/2022\/07\/logo2.svg\",\"width\":286,\"height\":95,\"caption\":\"Genetika Plze\u0148\"},\"image\":{\"@id\":\"https:\/\/genetika-plzen.nullable.group\/#\/schema\/logo\/image\/\"}}]}<\/script>\n<!-- \/ Yoast SEO plugin. -->","yoast_head_json":{"title":"Preimplanta\u010dn\u00ed genetick\u00e9 testov\u00e1n\u00ed (PGT) | Genetika Plze\u0148","robots":{"index":"index","follow":"follow","max-snippet":"max-snippet:-1","max-image-preview":"max-image-preview:large","max-video-preview":"max-video-preview:-1"},"canonical":"https:\/\/genetika-plzen.nullable.group\/de\/vysetreni-reprodukcni-genetiky\/preimplantacni-geneticke-testovani\/","og_locale":"de_DE","og_type":"article","og_title":"Preimplanta\u010dn\u00ed genetick\u00e9 testov\u00e1n\u00ed (PGT) | Genetika Plze\u0148","og_description":"Preimplanta\u010dn\u00ed genetick\u00e9 vy\u0161et\u0159en\u00ed je soubor laboratorn\u00edch metod, kter\u00e9 umo\u017e\u0148uj\u00ed vy\u0161et\u0159it genetickou v\u00fdbavu embry\u00ed vznikl\u00fdch mimot\u011bln\u00edm oplodn\u011bn\u00edm (in vitro fertilizac\u00ed; IVF) je\u0161t\u011b p\u0159ed jejich zaveden\u00edm (transferem) do&nbsp;d\u011blohy. Vy\u0161et\u0159en\u00ed je prov\u00e1d\u011bno po&nbsp;odb\u011bru (biopsii) jedn\u00e9 nebo&nbsp;v\u00edce bun\u011bk v&nbsp;ran\u00fdch f\u00e1z\u00edch v\u00fdvoje embrya. Preimplanta\u010dn\u00ed vy\u0161et\u0159en\u00ed je nej\u010dast\u011bji zam\u011b\u0159eno na&nbsp;n\u00e1hodn\u00e9 nov\u011b vznikl\u00e9 genetick\u00e9 zm\u011bny, kter\u00e9 mohou negativn\u011b ovlivnit \u00fasp\u011b\u0161nost IVF l\u00e9\u010dby [&hellip;]","og_url":"https:\/\/genetika-plzen.nullable.group\/de\/vysetreni-reprodukcni-genetiky\/preimplantacni-geneticke-testovani\/","og_site_name":"Genetika Plze\u0148","article_modified_time":"2024-02-15T17:54:03+00:00","og_image":[{"url":"https:\/\/genetika-plzen.nullable.group\/wp-content\/uploads\/2024\/02\/preimplantacni_testovani_PGT.png"}],"twitter_card":"summary_large_image","twitter_misc":{"Est. reading time":"1 minute"},"schema":{"@context":"https:\/\/schema.org","@graph":[{"@type":"WebPage","@id":"https:\/\/genetika-plzen.nullable.group\/de\/vysetreni-reprodukcni-genetiky\/preimplantacni-geneticke-testovani\/","url":"https:\/\/genetika-plzen.nullable.group\/de\/vysetreni-reprodukcni-genetiky\/preimplantacni-geneticke-testovani\/","name":"Preimplanta\u010dn\u00ed genetick\u00e9 testov\u00e1n\u00ed (PGT) | Genetika Plze\u0148","isPartOf":{"@id":"https:\/\/genetika-plzen.nullable.group\/#website"},"datePublished":"2024-02-15T17:11:40+00:00","dateModified":"2024-02-15T17:54:03+00:00","breadcrumb":{"@id":"https:\/\/genetika-plzen.nullable.group\/de\/vysetreni-reprodukcni-genetiky\/preimplantacni-geneticke-testovani\/#breadcrumb"},"inLanguage":"de-DE-formal","potentialAction":[{"@type":"ReadAction","target":["https:\/\/genetika-plzen.nullable.group\/de\/vysetreni-reprodukcni-genetiky\/preimplantacni-geneticke-testovani\/"]}]},{"@type":"BreadcrumbList","@id":"https:\/\/genetika-plzen.nullable.group\/de\/vysetreni-reprodukcni-genetiky\/preimplantacni-geneticke-testovani\/#breadcrumb","itemListElement":[{"@type":"ListItem","position":1,"name":"Home","item":"https:\/\/genetika-plzen.nullable.group\/"},{"@type":"ListItem","position":2,"name":"Vy\u0161et\u0159en\u00ed reproduk\u010dn\u00ed genetiky","item":"https:\/\/genetika-plzen.nullable.group\/vysetreni-reprodukcni-genetiky\/"},{"@type":"ListItem","position":3,"name":"Preimplanta\u010dn\u00ed genetick\u00e9 testov\u00e1n\u00ed (PGT)"}]},{"@type":"WebSite","@id":"https:\/\/genetika-plzen.nullable.group\/#website","url":"https:\/\/genetika-plzen.nullable.group\/","name":"Genetika Plze\u0148","description":"Genetika Plze\u0148","publisher":{"@id":"https:\/\/genetika-plzen.nullable.group\/#organization"},"potentialAction":[{"@type":"SearchAction","target":{"@type":"EntryPoint","urlTemplate":"https:\/\/genetika-plzen.nullable.group\/?s={search_term_string}"},"query-input":"required name=search_term_string"}],"inLanguage":"de-DE-formal"},{"@type":"Organization","@id":"https:\/\/genetika-plzen.nullable.group\/#organization","name":"Genetika Plze\u0148","url":"https:\/\/genetika-plzen.nullable.group\/","logo":{"@type":"ImageObject","inLanguage":"de-DE-formal","@id":"https:\/\/genetika-plzen.nullable.group\/#\/schema\/logo\/image\/","url":"https:\/\/genetika-plzen.nullable.group\/wp-content\/uploads\/2022\/07\/logo2.svg","contentUrl":"https:\/\/genetika-plzen.nullable.group\/wp-content\/uploads\/2022\/07\/logo2.svg","width":286,"height":95,"caption":"Genetika Plze\u0148"},"image":{"@id":"https:\/\/genetika-plzen.nullable.group\/#\/schema\/logo\/image\/"}}]}},"_links":{"self":[{"href":"https:\/\/genetika-plzen.nullable.group\/de\/wp-json\/wp\/v2\/pages\/7702","targetHints":{"allow":["GET"]}}],"collection":[{"href":"https:\/\/genetika-plzen.nullable.group\/de\/wp-json\/wp\/v2\/pages"}],"about":[{"href":"https:\/\/genetika-plzen.nullable.group\/de\/wp-json\/wp\/v2\/types\/page"}],"author":[{"embeddable":true,"href":"https:\/\/genetika-plzen.nullable.group\/de\/wp-json\/wp\/v2\/users\/9"}],"replies":[{"embeddable":true,"href":"https:\/\/genetika-plzen.nullable.group\/de\/wp-json\/wp\/v2\/comments?post=7702"}],"version-history":[{"count":11,"href":"https:\/\/genetika-plzen.nullable.group\/de\/wp-json\/wp\/v2\/pages\/7702\/revisions"}],"predecessor-version":[{"id":7860,"href":"https:\/\/genetika-plzen.nullable.group\/de\/wp-json\/wp\/v2\/pages\/7702\/revisions\/7860"}],"up":[{"embeddable":true,"href":"https:\/\/genetika-plzen.nullable.group\/de\/wp-json\/wp\/v2\/pages\/7368"}],"wp:attachment":[{"href":"https:\/\/genetika-plzen.nullable.group\/de\/wp-json\/wp\/v2\/media?parent=7702"}],"wp:term":[{"taxonomy":"service-area","embeddable":true,"href":"https:\/\/genetika-plzen.nullable.group\/de\/wp-json\/wp\/v2\/service-area?post=7702"}],"curies":[{"name":"wp","href":"https:\/\/api.w.org\/{rel}","templated":true}]}}