{"id":7722,"date":"2024-02-15T18:18:28","date_gmt":"2024-02-15T17:18:28","guid":{"rendered":"https:\/\/genetika-plzen.nullable.group\/?page_id=7722"},"modified":"2024-02-15T18:37:31","modified_gmt":"2024-02-15T17:37:31","slug":"pgt-a-preimplantacni-geneticke-testovani-aneuploidii","status":"publish","type":"page","link":"https:\/\/genetika-plzen.nullable.group\/de\/vysetreni-reprodukcni-genetiky\/pgt-a-preimplantacni-geneticke-testovani-aneuploidii\/","title":{"rendered":"PGT-A: Pr\u00e4implantationsgenetisches Testen von Aneuploidien"},"content":{"rendered":"<div data-elementor-type=\"wp-page\" data-elementor-id=\"7722\" class=\"elementor elementor-7722\">\n\t\t\t\t<div class=\"elementor-element elementor-element-67fed84 e-flex e-con-boxed e-con e-parent\" data-id=\"67fed84\" data-element_type=\"container\" data-e-type=\"container\">\n\t\t\t\t\t<div class=\"e-con-inner\">\n\t\t\t\t<div class=\"elementor-element elementor-element-8bea70a elementor-widget elementor-widget-spacer\" data-id=\"8bea70a\" data-element_type=\"widget\" data-e-type=\"widget\" data-widget_type=\"spacer.default\">\n\t\t\t\t<div class=\"elementor-widget-container\">\n\t\t\t\t\t\t\t<div class=\"elementor-spacer\">\n\t\t\t<div class=\"elementor-spacer-inner\"><\/div>\n\t\t<\/div>\n\t\t\t\t\t\t<\/div>\n\t\t\t\t<\/div>\n\t\t\t\t\t<\/div>\n\t\t\t\t<\/div>\n\t\t<div class=\"elementor-element elementor-element-2ed6f34 e-flex e-con-boxed e-con e-parent\" data-id=\"2ed6f34\" data-element_type=\"container\" data-e-type=\"container\">\n\t\t\t\t\t<div class=\"e-con-inner\">\n\t\t\t\t<div class=\"elementor-element elementor-element-9b9f515 elementor-widget elementor-widget-text-editor\" data-id=\"9b9f515\" data-element_type=\"widget\" data-e-type=\"widget\" data-widget_type=\"text-editor.default\">\n\t\t\t\t<div class=\"elementor-widget-container\">\n\t\t\t\t\t\t\t\t\t<h2>fr\u00fcherer Name PGS: Pr\u00e4implantationsgenetisches Screening<\/h2>\n\n<p>Das Pr\u00e4implantationsgenetische Screening (PGS (PGT-A)) ist eine Untersuchung, die sich auf die chromosomale Ausstattung des Embryos konzentriert. Es ist bekannt, dass eine der Hauptursachen f\u00fcr Fruchtbarkeitsst\u00f6rungen beim Menschen die Entstehung von Embryonen mit einer abnormalen Chromosomenausstattung ist. Solche Embryonen f\u00fchren entweder \u00fcberhaupt nicht zu einer Schwangerschaft (implantieren sich nicht in die Geb\u00e4rmutterschleimhaut) oder f\u00fchren zu Fehlgeburten oder im Extremfall zur Geburt eines beeintr\u00e4chtigten Kindes.<\/p>\n\n<p>Mit Hilfe von PGS (PGT-A) k\u00f6nnen Embryonen mit normalem Chromosomenbefund von Embryonen mit sporadischen (d. h. de novo, nicht vererbten) Abweichungen in der Anzahl ganzer Chromosomen oder deren Teilen (sog. Aneuploidien) unterschieden werden. In die Geb\u00e4rmutter der Mutter werden dann \u201echromosomal gesunde\u201c Embryonen transferiert, wodurch die Chance auf eine Schwangerschaft und die Geburt eines gesunden Kindes erheblich erh\u00f6ht wird.<\/p>\n\n<h3>INDIKATIONEN F\u00dcR DIE UNTERSUCHUNG:<\/h3>\n\n<p><br>\n\u2022 Wiederholte Fehlgeburten (2x und mehr).<br>\n\u2022 Geburt oder Fehlgeburt eines F\u00f6tus mit chromosomaler Anomalie.<br>\n\u2022 Wiederholtes Implantationsversagen nach vorherigen IVF-Zyklen\/Embryotransfers (2x und mehr).<br>\n\u2022 Deutlich verschlechterte Spermienparameter beim Partner.<br>\n\u2022 Verwendung von Spermien nach TESE (Entnahme von Spermien direkt aus dem Hoden) oder MESA (Entnahme von Spermien aus dem Nebenhoden) f\u00fcr IVF.<br>\n\u2022 Zustand nach Behandlung einer Krebserkrankung mit Chemotherapie oder Bestrahlung bei einem oder beiden Partnern.<\/p>\n\n<p>Neben den oben genannten Hauptindikationen kann PGT-A jedoch auch als Teil eines jeden IVF-ICSI-Zyklus durchgef\u00fchrt werden, um die Chancen auf eine Schwangerschaft und die Geburt eines gesunden Kindes zu erh\u00f6hen (im Selbstzahlermodus).<\/p>\n\n<h3>UNTERSUCHUNGSMETHODEN:<\/h3>\n\n<p>Derzeit f\u00fchren wir PGS (PGT-A) mit der <strong><a href=\"https:\/\/genetika-plzen.nullable.group\/de\/vysetreni-reprodukcni-genetiky\/ngs-sekvenovani-nove-generace\/\">Methode der Next-Generation-Sequenzierung (NGS)<\/a><\/strong> oderoder der&nbsp;<strong><a href=\"https:\/\/genetika-plzen.nullable.group\/de\/vysetreni-reprodukcni-genetiky\/fish-fluorescencni-in-situ-hybridizace\/\">Methode der Fluoreszenz-in-situ-Hybridisierung (FISH) durch.<\/a><\/strong>.<\/p>\n\n<p>PGS (PGT-A) mit der Methode der Next-Generation-Sequenzierung (NGS) erm\u00f6glicht die Untersuchung umfangreicher quantitativer Ver\u00e4nderungen (Gewinne oder Verluste) des genetischen Materials im gesamten Genom, d. h. bei allen 24 Chromosomen.<\/p>\n\n<p>PGS (PGT-A) mit der Methode der Fluoreszenz-in-situ-Hybridisierung (FISH) wird in der Regel nur f\u00fcr 5 Chromosomen durchgef\u00fchrt und wird ausnahmsweise nach Indikation des behandelnden Arztes verwendet.<\/p>\n\n<h3>UNTERSUCHTE GEWEBE:<\/h3>\n\n<p>Standardm\u00e4\u00dfig wird die Untersuchung <strong>an Zellen des Trophoektoderms<\/strong> durchgef\u00fchrt, die am 5.-6. Tag der Embryonalentwicklung entnommen werden, kann aber ausnahmsweise auch&nbsp;<strong>an Blastomeren<\/strong> oder&nbsp;<strong>Polk\u00f6rperchen durchgef\u00fchrt werden <\/strong>(detailliertere Informationen unter&nbsp;<a href=\"https:\/\/genetika-plzen.nullable.group\/de\/vysetreni-reprodukcni-genetiky\/vysetrovane-tkane\/\">diesem Link<\/a>).<\/p>\n\n<h3>THERAPIEVERLAUF:<\/h3>\n\n<p>Wenn Sie sich entscheiden, eine Therapie mit pr\u00e4implantationsgenetischer Untersuchung zu absolvieren, wird ihr Verlauf \u00e4hnlich wie bei einer \u201e\u00fcblichen\u201c Therapie mit IVF-ICSI sein. Der einzige Unterschied besteht darin, dass am Embryo am 5.-6. Tag der Entwicklung eine Biopsie durchgef\u00fchrt wird \u2013 also die <strong><a href=\"https:\/\/genetika-plzen.nullable.group\/de\/vysetreni-reprodukcni-genetiky\/vysetrovane-tkane\/\">Entnahme mehrerer Zellen des Trophoektoderms<\/a><\/strong>. Diese entnommene Probe wird dann im genetischen Labor getestet und die biopsierten Embryonen werden eingefroren. Sobald die Testergebnisse vorliegen, wird der IVF-ICSI-Zyklus mit dem Transfer eines gesunden Embryos fortgesetzt.<\/p>\n\n<p>siehe <strong><a href=\"https:\/\/genetika-plzen.nullable.group\/de\/vysetreni-reprodukcni-genetiky\/prubeh-terapie-s-preimplantacnim-genetickym-vysetrenim\/\">Verlauf der Therapie mit pr\u00e4implantationsgenetischer Untersuchung<\/a><\/strong><\/p>\n\n<h3>Beispiele f\u00fcr das Ergebnis von PGT-A mit der Methode NGS<\/h3>\t\t\t\t\t\t\t\t<\/div>\n\t\t\t\t<\/div>\n\t\t\t\t\t<\/div>\n\t\t\t\t<\/div>\n\t\t<div class=\"elementor-element elementor-element-254c3f9 e-flex e-con-boxed e-con e-parent\" data-id=\"254c3f9\" data-element_type=\"container\" data-e-type=\"container\">\n\t\t\t\t\t<div class=\"e-con-inner\">\n\t\t\t\t<div class=\"elementor-element elementor-element-a1da037 elementor-widget elementor-widget-image\" data-id=\"a1da037\" data-element_type=\"widget\" data-e-type=\"widget\" data-widget_type=\"image.default\">\n\t\t\t\t<div class=\"elementor-widget-container\">\n\t\t\t\t\t\t\t\t\t\t\t\t\t\t\t<img fetchpriority=\"high\" decoding=\"async\" width=\"451\" height=\"426\" src=\"https:\/\/genetika-plzen.nullable.group\/wp-content\/uploads\/2024\/02\/priklad_vysledku_NGS.png\" class=\"attachment-large size-large wp-image-7727\" alt=\"\" srcset=\"https:\/\/genetika-plzen.nullable.group\/wp-content\/uploads\/2024\/02\/priklad_vysledku_NGS.png 451w, https:\/\/genetika-plzen.nullable.group\/wp-content\/uploads\/2024\/02\/priklad_vysledku_NGS-300x283.png 300w, https:\/\/genetika-plzen.nullable.group\/wp-content\/uploads\/2024\/02\/priklad_vysledku_NGS-13x12.png 13w\" sizes=\"(max-width: 451px) 100vw, 451px\" \/>\t\t\t\t\t\t\t\t\t\t\t\t\t\t\t<\/div>\n\t\t\t\t<\/div>\n\t\t\t\t<div class=\"elementor-element elementor-element-f886cac elementor-widget elementor-widget-spacer\" data-id=\"f886cac\" data-element_type=\"widget\" data-e-type=\"widget\" data-widget_type=\"spacer.default\">\n\t\t\t\t<div class=\"elementor-widget-container\">\n\t\t\t\t\t\t\t<div class=\"elementor-spacer\">\n\t\t\t<div class=\"elementor-spacer-inner\"><\/div>\n\t\t<\/div>\n\t\t\t\t\t\t<\/div>\n\t\t\t\t<\/div>\n\t\t\t\t\t<\/div>\n\t\t\t\t<\/div>\n\t\t\t\t<\/div>","protected":false},"excerpt":{"rendered":"<p>star\u0161\u00ed n\u00e1zev PGS:&nbsp;Preimplanta\u010dn\u00ed Genetick\u00fd Screening Preimplanta\u010dn\u00ed genetick\u00fd screening (PGS&nbsp;(PGT-A)) je vy\u0161et\u0159en\u00ed zam\u011b\u0159en\u00e9 na&nbsp;chromosomovou v\u00fdbavu embrya. Je toti\u017e zn\u00e1mo, \u017ee jednou z&nbsp;hlavn\u00edch p\u0159\u00ed\u010din poruch plodnosti u&nbsp;lid\u00ed je vznik embry\u00ed s&nbsp;abnorm\u00e1ln\u00ed chromosomovou sadou. Takov\u00e1 embrya bu\u010f v\u016fbec nevedou k&nbsp;t\u011bhotenstv\u00ed (neimplantuj\u00ed do&nbsp;d\u011blo\u017en\u00ed sliznice) nebo&nbsp;vedou k&nbsp;potrat\u016fm \u010di, v&nbsp;krajn\u00edm p\u0159\u00edpad\u011b, k&nbsp;narozen\u00ed posti\u017een\u00e9ho d\u00edt\u011bte. Pomoc\u00ed PGS&nbsp;(PGT-A) lze odli\u0161it embrya s&nbsp;norm\u00e1ln\u00edm chromosomov\u00fdm [&hellip;]<\/p>","protected":false},"author":9,"featured_media":0,"parent":7368,"menu_order":0,"comment_status":"closed","ping_status":"closed","template":"","meta":{"footnotes":""},"service-area":[32],"class_list":["post-7722","page","type-page","status-publish","hentry","service-area-vysetreni-reprodukcni-genetiky"],"yoast_head":"<!-- This site is optimized with the Yoast SEO plugin v20.2 - https:\/\/yoast.com\/wordpress\/plugins\/seo\/ -->\n<title>PGT-A: Preimplanta\u010dn\u00ed Genetick\u00e9 testov\u00e1n\u00ed Aneuploidi\u00ed | Genetika Plze\u0148<\/title>\n<meta name=\"robots\" content=\"index, follow, max-snippet:-1, max-image-preview:large, max-video-preview:-1\" \/>\n<link rel=\"canonical\" href=\"https:\/\/genetika-plzen.nullable.group\/de\/vysetreni-reprodukcni-genetiky\/pgt-a-preimplantacni-geneticke-testovani-aneuploidii\/\" \/>\n<meta property=\"og:locale\" content=\"de_DE\" \/>\n<meta property=\"og:type\" content=\"article\" \/>\n<meta property=\"og:title\" content=\"PGT-A: Preimplanta\u010dn\u00ed Genetick\u00e9 testov\u00e1n\u00ed Aneuploidi\u00ed | Genetika Plze\u0148\" \/>\n<meta property=\"og:description\" content=\"star\u0161\u00ed n\u00e1zev PGS:&nbsp;Preimplanta\u010dn\u00ed Genetick\u00fd Screening Preimplanta\u010dn\u00ed genetick\u00fd screening (PGS&nbsp;(PGT-A)) je vy\u0161et\u0159en\u00ed zam\u011b\u0159en\u00e9 na&nbsp;chromosomovou v\u00fdbavu embrya. Je toti\u017e zn\u00e1mo, \u017ee jednou z&nbsp;hlavn\u00edch p\u0159\u00ed\u010din poruch plodnosti u&nbsp;lid\u00ed je vznik embry\u00ed s&nbsp;abnorm\u00e1ln\u00ed chromosomovou sadou. Takov\u00e1 embrya bu\u010f v\u016fbec nevedou k&nbsp;t\u011bhotenstv\u00ed (neimplantuj\u00ed do&nbsp;d\u011blo\u017en\u00ed sliznice) nebo&nbsp;vedou k&nbsp;potrat\u016fm \u010di, v&nbsp;krajn\u00edm p\u0159\u00edpad\u011b, k&nbsp;narozen\u00ed posti\u017een\u00e9ho d\u00edt\u011bte. Pomoc\u00ed PGS&nbsp;(PGT-A) lze odli\u0161it embrya s&nbsp;norm\u00e1ln\u00edm chromosomov\u00fdm [&hellip;]\" \/>\n<meta property=\"og:url\" content=\"https:\/\/genetika-plzen.nullable.group\/de\/vysetreni-reprodukcni-genetiky\/pgt-a-preimplantacni-geneticke-testovani-aneuploidii\/\" \/>\n<meta property=\"og:site_name\" content=\"Genetika Plze\u0148\" \/>\n<meta property=\"article:modified_time\" content=\"2024-02-15T17:37:31+00:00\" \/>\n<meta property=\"og:image\" content=\"https:\/\/genetika-plzen.nullable.group\/wp-content\/uploads\/2024\/02\/priklad_vysledku_NGS.png\" \/>\n<meta name=\"twitter:card\" content=\"summary_large_image\" \/>\n<script type=\"application\/ld+json\" class=\"yoast-schema-graph\">{\"@context\":\"https:\/\/schema.org\",\"@graph\":[{\"@type\":\"WebPage\",\"@id\":\"https:\/\/genetika-plzen.nullable.group\/de\/vysetreni-reprodukcni-genetiky\/pgt-a-preimplantacni-geneticke-testovani-aneuploidii\/\",\"url\":\"https:\/\/genetika-plzen.nullable.group\/de\/vysetreni-reprodukcni-genetiky\/pgt-a-preimplantacni-geneticke-testovani-aneuploidii\/\",\"name\":\"PGT-A: Preimplanta\u010dn\u00ed Genetick\u00e9 testov\u00e1n\u00ed Aneuploidi\u00ed | Genetika Plze\u0148\",\"isPartOf\":{\"@id\":\"https:\/\/genetika-plzen.nullable.group\/#website\"},\"datePublished\":\"2024-02-15T17:18:28+00:00\",\"dateModified\":\"2024-02-15T17:37:31+00:00\",\"breadcrumb\":{\"@id\":\"https:\/\/genetika-plzen.nullable.group\/de\/vysetreni-reprodukcni-genetiky\/pgt-a-preimplantacni-geneticke-testovani-aneuploidii\/#breadcrumb\"},\"inLanguage\":\"de-DE-formal\",\"potentialAction\":[{\"@type\":\"ReadAction\",\"target\":[\"https:\/\/genetika-plzen.nullable.group\/de\/vysetreni-reprodukcni-genetiky\/pgt-a-preimplantacni-geneticke-testovani-aneuploidii\/\"]}]},{\"@type\":\"BreadcrumbList\",\"@id\":\"https:\/\/genetika-plzen.nullable.group\/de\/vysetreni-reprodukcni-genetiky\/pgt-a-preimplantacni-geneticke-testovani-aneuploidii\/#breadcrumb\",\"itemListElement\":[{\"@type\":\"ListItem\",\"position\":1,\"name\":\"Home\",\"item\":\"https:\/\/genetika-plzen.nullable.group\/\"},{\"@type\":\"ListItem\",\"position\":2,\"name\":\"Vy\u0161et\u0159en\u00ed reproduk\u010dn\u00ed genetiky\",\"item\":\"https:\/\/genetika-plzen.nullable.group\/vysetreni-reprodukcni-genetiky\/\"},{\"@type\":\"ListItem\",\"position\":3,\"name\":\"PGT-A: Preimplanta\u010dn\u00ed Genetick\u00e9 testov\u00e1n\u00ed Aneuploidi\u00ed\"}]},{\"@type\":\"WebSite\",\"@id\":\"https:\/\/genetika-plzen.nullable.group\/#website\",\"url\":\"https:\/\/genetika-plzen.nullable.group\/\",\"name\":\"Genetika Plze\u0148\",\"description\":\"Genetika Plze\u0148\",\"publisher\":{\"@id\":\"https:\/\/genetika-plzen.nullable.group\/#organization\"},\"potentialAction\":[{\"@type\":\"SearchAction\",\"target\":{\"@type\":\"EntryPoint\",\"urlTemplate\":\"https:\/\/genetika-plzen.nullable.group\/?s={search_term_string}\"},\"query-input\":\"required name=search_term_string\"}],\"inLanguage\":\"de-DE-formal\"},{\"@type\":\"Organization\",\"@id\":\"https:\/\/genetika-plzen.nullable.group\/#organization\",\"name\":\"Genetika Plze\u0148\",\"url\":\"https:\/\/genetika-plzen.nullable.group\/\",\"logo\":{\"@type\":\"ImageObject\",\"inLanguage\":\"de-DE-formal\",\"@id\":\"https:\/\/genetika-plzen.nullable.group\/#\/schema\/logo\/image\/\",\"url\":\"https:\/\/genetika-plzen.nullable.group\/wp-content\/uploads\/2022\/07\/logo2.svg\",\"contentUrl\":\"https:\/\/genetika-plzen.nullable.group\/wp-content\/uploads\/2022\/07\/logo2.svg\",\"width\":286,\"height\":95,\"caption\":\"Genetika Plze\u0148\"},\"image\":{\"@id\":\"https:\/\/genetika-plzen.nullable.group\/#\/schema\/logo\/image\/\"}}]}<\/script>\n<!-- \/ Yoast SEO plugin. -->","yoast_head_json":{"title":"PGT-A: Preimplanta\u010dn\u00ed Genetick\u00e9 testov\u00e1n\u00ed Aneuploidi\u00ed | Genetika Plze\u0148","robots":{"index":"index","follow":"follow","max-snippet":"max-snippet:-1","max-image-preview":"max-image-preview:large","max-video-preview":"max-video-preview:-1"},"canonical":"https:\/\/genetika-plzen.nullable.group\/de\/vysetreni-reprodukcni-genetiky\/pgt-a-preimplantacni-geneticke-testovani-aneuploidii\/","og_locale":"de_DE","og_type":"article","og_title":"PGT-A: Preimplanta\u010dn\u00ed Genetick\u00e9 testov\u00e1n\u00ed Aneuploidi\u00ed | Genetika Plze\u0148","og_description":"star\u0161\u00ed n\u00e1zev PGS:&nbsp;Preimplanta\u010dn\u00ed Genetick\u00fd Screening Preimplanta\u010dn\u00ed genetick\u00fd screening (PGS&nbsp;(PGT-A)) je vy\u0161et\u0159en\u00ed zam\u011b\u0159en\u00e9 na&nbsp;chromosomovou v\u00fdbavu embrya. Je toti\u017e zn\u00e1mo, \u017ee jednou z&nbsp;hlavn\u00edch p\u0159\u00ed\u010din poruch plodnosti u&nbsp;lid\u00ed je vznik embry\u00ed s&nbsp;abnorm\u00e1ln\u00ed chromosomovou sadou. Takov\u00e1 embrya bu\u010f v\u016fbec nevedou k&nbsp;t\u011bhotenstv\u00ed (neimplantuj\u00ed do&nbsp;d\u011blo\u017en\u00ed sliznice) nebo&nbsp;vedou k&nbsp;potrat\u016fm \u010di, v&nbsp;krajn\u00edm p\u0159\u00edpad\u011b, k&nbsp;narozen\u00ed posti\u017een\u00e9ho d\u00edt\u011bte. Pomoc\u00ed PGS&nbsp;(PGT-A) lze odli\u0161it embrya s&nbsp;norm\u00e1ln\u00edm chromosomov\u00fdm [&hellip;]","og_url":"https:\/\/genetika-plzen.nullable.group\/de\/vysetreni-reprodukcni-genetiky\/pgt-a-preimplantacni-geneticke-testovani-aneuploidii\/","og_site_name":"Genetika Plze\u0148","article_modified_time":"2024-02-15T17:37:31+00:00","og_image":[{"url":"https:\/\/genetika-plzen.nullable.group\/wp-content\/uploads\/2024\/02\/priklad_vysledku_NGS.png"}],"twitter_card":"summary_large_image","schema":{"@context":"https:\/\/schema.org","@graph":[{"@type":"WebPage","@id":"https:\/\/genetika-plzen.nullable.group\/de\/vysetreni-reprodukcni-genetiky\/pgt-a-preimplantacni-geneticke-testovani-aneuploidii\/","url":"https:\/\/genetika-plzen.nullable.group\/de\/vysetreni-reprodukcni-genetiky\/pgt-a-preimplantacni-geneticke-testovani-aneuploidii\/","name":"PGT-A: Preimplanta\u010dn\u00ed Genetick\u00e9 testov\u00e1n\u00ed Aneuploidi\u00ed | Genetika Plze\u0148","isPartOf":{"@id":"https:\/\/genetika-plzen.nullable.group\/#website"},"datePublished":"2024-02-15T17:18:28+00:00","dateModified":"2024-02-15T17:37:31+00:00","breadcrumb":{"@id":"https:\/\/genetika-plzen.nullable.group\/de\/vysetreni-reprodukcni-genetiky\/pgt-a-preimplantacni-geneticke-testovani-aneuploidii\/#breadcrumb"},"inLanguage":"de-DE-formal","potentialAction":[{"@type":"ReadAction","target":["https:\/\/genetika-plzen.nullable.group\/de\/vysetreni-reprodukcni-genetiky\/pgt-a-preimplantacni-geneticke-testovani-aneuploidii\/"]}]},{"@type":"BreadcrumbList","@id":"https:\/\/genetika-plzen.nullable.group\/de\/vysetreni-reprodukcni-genetiky\/pgt-a-preimplantacni-geneticke-testovani-aneuploidii\/#breadcrumb","itemListElement":[{"@type":"ListItem","position":1,"name":"Home","item":"https:\/\/genetika-plzen.nullable.group\/"},{"@type":"ListItem","position":2,"name":"Vy\u0161et\u0159en\u00ed reproduk\u010dn\u00ed genetiky","item":"https:\/\/genetika-plzen.nullable.group\/vysetreni-reprodukcni-genetiky\/"},{"@type":"ListItem","position":3,"name":"PGT-A: Preimplanta\u010dn\u00ed Genetick\u00e9 testov\u00e1n\u00ed Aneuploidi\u00ed"}]},{"@type":"WebSite","@id":"https:\/\/genetika-plzen.nullable.group\/#website","url":"https:\/\/genetika-plzen.nullable.group\/","name":"Genetika Plze\u0148","description":"Genetika Plze\u0148","publisher":{"@id":"https:\/\/genetika-plzen.nullable.group\/#organization"},"potentialAction":[{"@type":"SearchAction","target":{"@type":"EntryPoint","urlTemplate":"https:\/\/genetika-plzen.nullable.group\/?s={search_term_string}"},"query-input":"required name=search_term_string"}],"inLanguage":"de-DE-formal"},{"@type":"Organization","@id":"https:\/\/genetika-plzen.nullable.group\/#organization","name":"Genetika Plze\u0148","url":"https:\/\/genetika-plzen.nullable.group\/","logo":{"@type":"ImageObject","inLanguage":"de-DE-formal","@id":"https:\/\/genetika-plzen.nullable.group\/#\/schema\/logo\/image\/","url":"https:\/\/genetika-plzen.nullable.group\/wp-content\/uploads\/2022\/07\/logo2.svg","contentUrl":"https:\/\/genetika-plzen.nullable.group\/wp-content\/uploads\/2022\/07\/logo2.svg","width":286,"height":95,"caption":"Genetika Plze\u0148"},"image":{"@id":"https:\/\/genetika-plzen.nullable.group\/#\/schema\/logo\/image\/"}}]}},"_links":{"self":[{"href":"https:\/\/genetika-plzen.nullable.group\/de\/wp-json\/wp\/v2\/pages\/7722","targetHints":{"allow":["GET"]}}],"collection":[{"href":"https:\/\/genetika-plzen.nullable.group\/de\/wp-json\/wp\/v2\/pages"}],"about":[{"href":"https:\/\/genetika-plzen.nullable.group\/de\/wp-json\/wp\/v2\/types\/page"}],"author":[{"embeddable":true,"href":"https:\/\/genetika-plzen.nullable.group\/de\/wp-json\/wp\/v2\/users\/9"}],"replies":[{"embeddable":true,"href":"https:\/\/genetika-plzen.nullable.group\/de\/wp-json\/wp\/v2\/comments?post=7722"}],"version-history":[{"count":13,"href":"https:\/\/genetika-plzen.nullable.group\/de\/wp-json\/wp\/v2\/pages\/7722\/revisions"}],"predecessor-version":[{"id":7805,"href":"https:\/\/genetika-plzen.nullable.group\/de\/wp-json\/wp\/v2\/pages\/7722\/revisions\/7805"}],"up":[{"embeddable":true,"href":"https:\/\/genetika-plzen.nullable.group\/de\/wp-json\/wp\/v2\/pages\/7368"}],"wp:attachment":[{"href":"https:\/\/genetika-plzen.nullable.group\/de\/wp-json\/wp\/v2\/media?parent=7722"}],"wp:term":[{"taxonomy":"service-area","embeddable":true,"href":"https:\/\/genetika-plzen.nullable.group\/de\/wp-json\/wp\/v2\/service-area?post=7722"}],"curies":[{"name":"wp","href":"https:\/\/api.w.org\/{rel}","templated":true}]}}