{"id":7763,"date":"2024-02-15T18:30:00","date_gmt":"2024-02-15T17:30:00","guid":{"rendered":"https:\/\/genetika-plzen.nullable.group\/?page_id=7763"},"modified":"2024-02-16T00:05:07","modified_gmt":"2024-02-15T23:05:07","slug":"polarni-telisko-teliska","status":"publish","type":"page","link":"https:\/\/genetika-plzen.nullable.group\/de\/vysetreni-reprodukcni-genetiky\/polarni-telisko-teliska\/","title":{"rendered":"Polk\u00f6rper \/ Polk\u00f6rperchen"},"content":{"rendered":"<div data-elementor-type=\"wp-page\" data-elementor-id=\"7763\" class=\"elementor elementor-7763\">\n\t\t\t\t<div class=\"elementor-element elementor-element-d6e7207 e-flex e-con-boxed e-con e-parent\" data-id=\"d6e7207\" data-element_type=\"container\" data-e-type=\"container\">\n\t\t\t\t\t<div class=\"e-con-inner\">\n\t\t\t\t<div class=\"elementor-element elementor-element-f6e94c7 elementor-widget elementor-widget-spacer\" data-id=\"f6e94c7\" data-element_type=\"widget\" data-e-type=\"widget\" data-widget_type=\"spacer.default\">\n\t\t\t\t<div class=\"elementor-widget-container\">\n\t\t\t\t\t\t\t<div class=\"elementor-spacer\">\n\t\t\t<div class=\"elementor-spacer-inner\"><\/div>\n\t\t<\/div>\n\t\t\t\t\t\t<\/div>\n\t\t\t\t<\/div>\n\t\t\t\t\t<\/div>\n\t\t\t\t<\/div>\n\t\t<div class=\"elementor-element elementor-element-79d4d6b e-flex e-con-boxed e-con e-parent\" data-id=\"79d4d6b\" data-element_type=\"container\" data-e-type=\"container\">\n\t\t\t\t\t<div class=\"e-con-inner\">\n\t\t\t\t<div class=\"elementor-element elementor-element-4e6eb4a elementor-widget elementor-widget-text-editor\" data-id=\"4e6eb4a\" data-element_type=\"widget\" data-e-type=\"widget\" data-widget_type=\"text-editor.default\">\n\t\t\t\t<div class=\"elementor-widget-container\">\n\t\t\t\t\t\t\t\t\t<p>Polk\u00f6rper sind das Produkt der meiotischen Teilung weiblicher Keimzellen und enthalten 23 m\u00fctterliche Chromosomen (1. Polk\u00f6rper) oder 23 m\u00fctterliche Chromatiden (2. Polk\u00f6rper). Bei der Untersuchung der Polk\u00f6rper wird somit ausschlie\u00dflich die m\u00fctterliche Chromosomenaustattung des zuk\u00fcnftigen Embryos getestet.<\/p>\n\n<p>Der 1. Polk\u00f6rper kann aus der reifen Eizelle (am Tag 0 der embryonalen Entwicklung) und der 2. Polk\u00f6rper aus der erfolgreich befruchteten Eizelle\/Zygote (am Tag 1 der embryonalen Entwicklung) entnommen werden.<\/p>\n\nBei der PGT m\u00fcssen beide Polk\u00f6rper unabh\u00e4ngig untersucht werden, und basierend auf den Ergebnissen ihrer Untersuchung wird der genetische Befund im entsprechenden Oozyt bestimmt (\u201evorhergesagt\u201c).\t\t\t\t\t\t\t\t<\/div>\n\t\t\t\t<\/div>\n\t\t\t\t\t<\/div>\n\t\t\t\t<\/div>\n\t\t<div class=\"elementor-element elementor-element-ee7b607 e-flex e-con-boxed e-con e-parent\" data-id=\"ee7b607\" data-element_type=\"container\" data-e-type=\"container\">\n\t\t\t\t\t<div class=\"e-con-inner\">\n\t\t\t\t<div class=\"elementor-element elementor-element-c75515b elementor-widget elementor-widget-image-gallery\" data-id=\"c75515b\" data-element_type=\"widget\" data-e-type=\"widget\" data-widget_type=\"image-gallery.default\">\n\t\t\t\t<div class=\"elementor-widget-container\">\n\t\t\t\t\t\t\t<div class=\"elementor-image-gallery\">\n\t\t\t<div id='gallery-1' class='gallery galleryid-7763 gallery-columns-4 gallery-size-thumbnail'><figure class='gallery-item'>\n\t\t\t<div class='gallery-icon landscape'>\n\t\t\t\t<a data-elementor-open-lightbox=\"yes\" data-elementor-lightbox-slideshow=\"c75515b\" data-elementor-lightbox-title=\"telisko2\" data-e-action-hash=\"#elementor-action%3Aaction%3Dlightbox%26settings%3DeyJpZCI6Nzc2NSwidXJsIjoiaHR0cHM6XC9cL2dlbmV0aWthLXBsemVuLm51bGxhYmxlLmdyb3VwXC93cC1jb250ZW50XC91cGxvYWRzXC8yMDI0XC8wMlwvdGVsaXNrbzIucG5nIiwic2xpZGVzaG93IjoiYzc1NTE1YiJ9\" href='https:\/\/genetika-plzen.nullable.group\/wp-content\/uploads\/2024\/02\/telisko2.png'><img decoding=\"async\" width=\"150\" height=\"150\" src=\"https:\/\/genetika-plzen.nullable.group\/wp-content\/uploads\/2024\/02\/telisko2-150x150.png\" class=\"attachment-thumbnail size-thumbnail\" alt=\"\" srcset=\"https:\/\/genetika-plzen.nullable.group\/wp-content\/uploads\/2024\/02\/telisko2-150x150.png 150w, https:\/\/genetika-plzen.nullable.group\/wp-content\/uploads\/2024\/02\/telisko2-300x300.png 300w, https:\/\/genetika-plzen.nullable.group\/wp-content\/uploads\/2024\/02\/telisko2-12x12.png 12w, https:\/\/genetika-plzen.nullable.group\/wp-content\/uploads\/2024\/02\/telisko2.png 389w\" sizes=\"(max-width: 150px) 100vw, 150px\" \/><\/a>\n\t\t\t<\/div><\/figure><figure class='gallery-item'>\n\t\t\t<div class='gallery-icon landscape'>\n\t\t\t\t<a data-elementor-open-lightbox=\"yes\" data-elementor-lightbox-slideshow=\"c75515b\" data-elementor-lightbox-title=\"telisko_1\" data-e-action-hash=\"#elementor-action%3Aaction%3Dlightbox%26settings%3DeyJpZCI6Nzc2NiwidXJsIjoiaHR0cHM6XC9cL2dlbmV0aWthLXBsemVuLm51bGxhYmxlLmdyb3VwXC93cC1jb250ZW50XC91cGxvYWRzXC8yMDI0XC8wMlwvdGVsaXNrb18xLnBuZyIsInNsaWRlc2hvdyI6ImM3NTUxNWIifQ%3D%3D\" href='https:\/\/genetika-plzen.nullable.group\/wp-content\/uploads\/2024\/02\/telisko_1.png'><img decoding=\"async\" width=\"150\" height=\"150\" src=\"https:\/\/genetika-plzen.nullable.group\/wp-content\/uploads\/2024\/02\/telisko_1-150x150.png\" class=\"attachment-thumbnail size-thumbnail\" alt=\"\" srcset=\"https:\/\/genetika-plzen.nullable.group\/wp-content\/uploads\/2024\/02\/telisko_1-150x150.png 150w, https:\/\/genetika-plzen.nullable.group\/wp-content\/uploads\/2024\/02\/telisko_1-300x300.png 300w, https:\/\/genetika-plzen.nullable.group\/wp-content\/uploads\/2024\/02\/telisko_1-12x12.png 12w, https:\/\/genetika-plzen.nullable.group\/wp-content\/uploads\/2024\/02\/telisko_1.png 364w\" sizes=\"(max-width: 150px) 100vw, 150px\" \/><\/a>\n\t\t\t<\/div><\/figure>\n\t\t<\/div>\n\t\t<\/div>\n\t\t\t\t\t\t<\/div>\n\t\t\t\t<\/div>\n\t\t\t\t\t<\/div>\n\t\t\t\t<\/div>\n\t\t<div class=\"elementor-element elementor-element-d306454 e-flex e-con-boxed e-con e-parent\" data-id=\"d306454\" data-element_type=\"container\" data-e-type=\"container\">\n\t\t\t\t\t<div class=\"e-con-inner\">\n\t\t\t\t<div class=\"elementor-element elementor-element-5f71d85 elementor-widget elementor-widget-text-editor\" data-id=\"5f71d85\" data-element_type=\"widget\" data-e-type=\"widget\" data-widget_type=\"text-editor.default\">\n\t\t\t\t<div class=\"elementor-widget-container\">\n\t\t\t\t\t\t\t\t\t<h2><a href=\"https:\/\/genetika-plzen.nullable.group\/de\/vysetreni-reprodukcni-genetiky\/blastomera\/\">Blastomer<\/a><\/h2>\n<h2><a href=\"https:\/\/genetika-plzen.nullable.group\/de\/vysetreni-reprodukcni-genetiky\/trofoektoderm\/\">Trophoektoderm<\/a><\/h2>\t\t\t\t\t\t\t\t<\/div>\n\t\t\t\t<\/div>\n\t\t\t\t<div class=\"elementor-element elementor-element-ae2d6c0 elementor-widget elementor-widget-spacer\" data-id=\"ae2d6c0\" data-element_type=\"widget\" data-e-type=\"widget\" data-widget_type=\"spacer.default\">\n\t\t\t\t<div class=\"elementor-widget-container\">\n\t\t\t\t\t\t\t<div class=\"elementor-spacer\">\n\t\t\t<div class=\"elementor-spacer-inner\"><\/div>\n\t\t<\/div>\n\t\t\t\t\t\t<\/div>\n\t\t\t\t<\/div>\n\t\t\t\t\t<\/div>\n\t\t\t\t<\/div>\n\t\t\t\t<\/div>","protected":false},"excerpt":{"rendered":"<p>Pol\u00e1rn\u00ed t\u011bl\u00edska jsou produktem meiotick\u00e9ho d\u011blen\u00ed \u017eensk\u00fdch pohlavn\u00edch bun\u011bk a&nbsp;obsahuj\u00ed 23&nbsp;mate\u0159sk\u00fdch chromosom\u016f (1.&nbsp;pol\u00e1rn\u00ed t\u011bl\u00edsko) \u010di&nbsp;23&nbsp;mate\u0159sk\u00fdch chromatid (2.&nbsp;pol\u00e1rn\u00ed t\u011bl\u00edsko). P\u0159i&nbsp;vy\u0161et\u0159en\u00ed pol\u00e1rn\u00edch t\u011bl\u00edsek je tedy testov\u00e1na pouze mate\u0159sk\u00e1 chromosomov\u00e1 v\u00fdbava budouc\u00edho embrya. 1.&nbsp;pol\u00e1rn\u00ed t\u011bl\u00edsko je mo\u017eno odebrat ze&nbsp;zral\u00e9ho vaj\u00ed\u010dka (v den 0&nbsp;z\u00e1rode\u010dn\u00e9ho v\u00fdvoje) a&nbsp;2.&nbsp;pol\u00e1rn\u00ed t\u011bl\u00edsko z&nbsp;\u00fasp\u011b\u0161n\u011b oplozen\u00e9ho vaj\u00ed\u010dka\/ zygoty (v den 1&nbsp;z\u00e1rode\u010dn\u00e9ho v\u00fdvoje). P\u0159i&nbsp;PGT mus\u00ed b\u00fdt vy\u0161et\u0159ena [&hellip;]<\/p>","protected":false},"author":9,"featured_media":0,"parent":7368,"menu_order":0,"comment_status":"closed","ping_status":"closed","template":"","meta":{"footnotes":""},"service-area":[32],"class_list":["post-7763","page","type-page","status-publish","hentry","service-area-vysetreni-reprodukcni-genetiky"],"yoast_head":"<!-- This site is optimized with the Yoast SEO plugin v20.2 - https:\/\/yoast.com\/wordpress\/plugins\/seo\/ -->\n<title>Pol\u00e1rn\u00ed t\u011bl\u00edsko \/ t\u011bl\u00edska | Genetika Plze\u0148<\/title>\n<meta name=\"robots\" content=\"index, follow, max-snippet:-1, max-image-preview:large, max-video-preview:-1\" \/>\n<link rel=\"canonical\" href=\"https:\/\/genetika-plzen.nullable.group\/de\/vysetreni-reprodukcni-genetiky\/polarni-telisko-teliska\/\" \/>\n<meta property=\"og:locale\" content=\"de_DE\" \/>\n<meta property=\"og:type\" content=\"article\" \/>\n<meta property=\"og:title\" content=\"Pol\u00e1rn\u00ed t\u011bl\u00edsko \/ t\u011bl\u00edska | Genetika Plze\u0148\" \/>\n<meta property=\"og:description\" content=\"Pol\u00e1rn\u00ed t\u011bl\u00edska jsou produktem meiotick\u00e9ho d\u011blen\u00ed \u017eensk\u00fdch pohlavn\u00edch bun\u011bk a&nbsp;obsahuj\u00ed 23&nbsp;mate\u0159sk\u00fdch chromosom\u016f (1.&nbsp;pol\u00e1rn\u00ed t\u011bl\u00edsko) \u010di&nbsp;23&nbsp;mate\u0159sk\u00fdch chromatid (2.&nbsp;pol\u00e1rn\u00ed t\u011bl\u00edsko). P\u0159i&nbsp;vy\u0161et\u0159en\u00ed pol\u00e1rn\u00edch t\u011bl\u00edsek je tedy testov\u00e1na pouze mate\u0159sk\u00e1 chromosomov\u00e1 v\u00fdbava budouc\u00edho embrya. 1.&nbsp;pol\u00e1rn\u00ed t\u011bl\u00edsko je mo\u017eno odebrat ze&nbsp;zral\u00e9ho vaj\u00ed\u010dka (v den 0&nbsp;z\u00e1rode\u010dn\u00e9ho v\u00fdvoje) a&nbsp;2.&nbsp;pol\u00e1rn\u00ed t\u011bl\u00edsko z&nbsp;\u00fasp\u011b\u0161n\u011b oplozen\u00e9ho vaj\u00ed\u010dka\/ zygoty (v den 1&nbsp;z\u00e1rode\u010dn\u00e9ho v\u00fdvoje). P\u0159i&nbsp;PGT mus\u00ed b\u00fdt vy\u0161et\u0159ena [&hellip;]\" \/>\n<meta property=\"og:url\" content=\"https:\/\/genetika-plzen.nullable.group\/de\/vysetreni-reprodukcni-genetiky\/polarni-telisko-teliska\/\" \/>\n<meta property=\"og:site_name\" content=\"Genetika Plze\u0148\" \/>\n<meta property=\"article:modified_time\" content=\"2024-02-15T23:05:07+00:00\" \/>\n<meta property=\"og:image\" content=\"https:\/\/genetika-plzen.nullable.group\/wp-content\/uploads\/2024\/02\/telisko2-150x150.png\" \/>\n<meta name=\"twitter:card\" content=\"summary_large_image\" \/>\n<meta name=\"twitter:label1\" content=\"Est. reading time\" \/>\n\t<meta name=\"twitter:data1\" content=\"1 minute\" \/>\n<script type=\"application\/ld+json\" class=\"yoast-schema-graph\">{\"@context\":\"https:\/\/schema.org\",\"@graph\":[{\"@type\":\"WebPage\",\"@id\":\"https:\/\/genetika-plzen.nullable.group\/vysetreni-reprodukcni-genetiky\/polarni-telisko-teliska\/\",\"url\":\"https:\/\/genetika-plzen.nullable.group\/vysetreni-reprodukcni-genetiky\/polarni-telisko-teliska\/\",\"name\":\"Pol\u00e1rn\u00ed t\u011bl\u00edsko \/ t\u011bl\u00edska | Genetika Plze\u0148\",\"isPartOf\":{\"@id\":\"https:\/\/genetika-plzen.nullable.group\/#website\"},\"datePublished\":\"2024-02-15T17:30:00+00:00\",\"dateModified\":\"2024-02-15T23:05:07+00:00\",\"breadcrumb\":{\"@id\":\"https:\/\/genetika-plzen.nullable.group\/vysetreni-reprodukcni-genetiky\/polarni-telisko-teliska\/#breadcrumb\"},\"inLanguage\":\"de-DE-formal\",\"potentialAction\":[{\"@type\":\"ReadAction\",\"target\":[\"https:\/\/genetika-plzen.nullable.group\/vysetreni-reprodukcni-genetiky\/polarni-telisko-teliska\/\"]}]},{\"@type\":\"BreadcrumbList\",\"@id\":\"https:\/\/genetika-plzen.nullable.group\/vysetreni-reprodukcni-genetiky\/polarni-telisko-teliska\/#breadcrumb\",\"itemListElement\":[{\"@type\":\"ListItem\",\"position\":1,\"name\":\"Home\",\"item\":\"https:\/\/genetika-plzen.nullable.group\/\"},{\"@type\":\"ListItem\",\"position\":2,\"name\":\"Vy\u0161et\u0159en\u00ed reproduk\u010dn\u00ed genetiky\",\"item\":\"https:\/\/genetika-plzen.nullable.group\/vysetreni-reprodukcni-genetiky\/\"},{\"@type\":\"ListItem\",\"position\":3,\"name\":\"Pol\u00e1rn\u00ed t\u011bl\u00edsko \/ t\u011bl\u00edska\"}]},{\"@type\":\"WebSite\",\"@id\":\"https:\/\/genetika-plzen.nullable.group\/#website\",\"url\":\"https:\/\/genetika-plzen.nullable.group\/\",\"name\":\"Genetika Plze\u0148\",\"description\":\"Genetika Plze\u0148\",\"publisher\":{\"@id\":\"https:\/\/genetika-plzen.nullable.group\/#organization\"},\"potentialAction\":[{\"@type\":\"SearchAction\",\"target\":{\"@type\":\"EntryPoint\",\"urlTemplate\":\"https:\/\/genetika-plzen.nullable.group\/?s={search_term_string}\"},\"query-input\":\"required name=search_term_string\"}],\"inLanguage\":\"de-DE-formal\"},{\"@type\":\"Organization\",\"@id\":\"https:\/\/genetika-plzen.nullable.group\/#organization\",\"name\":\"Genetika Plze\u0148\",\"url\":\"https:\/\/genetika-plzen.nullable.group\/\",\"logo\":{\"@type\":\"ImageObject\",\"inLanguage\":\"de-DE-formal\",\"@id\":\"https:\/\/genetika-plzen.nullable.group\/#\/schema\/logo\/image\/\",\"url\":\"https:\/\/genetika-plzen.nullable.group\/wp-content\/uploads\/2022\/07\/logo2.svg\",\"contentUrl\":\"https:\/\/genetika-plzen.nullable.group\/wp-content\/uploads\/2022\/07\/logo2.svg\",\"width\":286,\"height\":95,\"caption\":\"Genetika Plze\u0148\"},\"image\":{\"@id\":\"https:\/\/genetika-plzen.nullable.group\/#\/schema\/logo\/image\/\"}}]}<\/script>\n<!-- \/ Yoast SEO plugin. -->","yoast_head_json":{"title":"Pol\u00e1rn\u00ed t\u011bl\u00edsko \/ t\u011bl\u00edska | Genetika Plze\u0148","robots":{"index":"index","follow":"follow","max-snippet":"max-snippet:-1","max-image-preview":"max-image-preview:large","max-video-preview":"max-video-preview:-1"},"canonical":"https:\/\/genetika-plzen.nullable.group\/de\/vysetreni-reprodukcni-genetiky\/polarni-telisko-teliska\/","og_locale":"de_DE","og_type":"article","og_title":"Pol\u00e1rn\u00ed t\u011bl\u00edsko \/ t\u011bl\u00edska | Genetika Plze\u0148","og_description":"Pol\u00e1rn\u00ed t\u011bl\u00edska jsou produktem meiotick\u00e9ho d\u011blen\u00ed \u017eensk\u00fdch pohlavn\u00edch bun\u011bk a&nbsp;obsahuj\u00ed 23&nbsp;mate\u0159sk\u00fdch chromosom\u016f (1.&nbsp;pol\u00e1rn\u00ed t\u011bl\u00edsko) \u010di&nbsp;23&nbsp;mate\u0159sk\u00fdch chromatid (2.&nbsp;pol\u00e1rn\u00ed t\u011bl\u00edsko). P\u0159i&nbsp;vy\u0161et\u0159en\u00ed pol\u00e1rn\u00edch t\u011bl\u00edsek je tedy testov\u00e1na pouze mate\u0159sk\u00e1 chromosomov\u00e1 v\u00fdbava budouc\u00edho embrya. 1.&nbsp;pol\u00e1rn\u00ed t\u011bl\u00edsko je mo\u017eno odebrat ze&nbsp;zral\u00e9ho vaj\u00ed\u010dka (v den 0&nbsp;z\u00e1rode\u010dn\u00e9ho v\u00fdvoje) a&nbsp;2.&nbsp;pol\u00e1rn\u00ed t\u011bl\u00edsko z&nbsp;\u00fasp\u011b\u0161n\u011b oplozen\u00e9ho vaj\u00ed\u010dka\/ zygoty (v den 1&nbsp;z\u00e1rode\u010dn\u00e9ho v\u00fdvoje). P\u0159i&nbsp;PGT mus\u00ed b\u00fdt vy\u0161et\u0159ena [&hellip;]","og_url":"https:\/\/genetika-plzen.nullable.group\/de\/vysetreni-reprodukcni-genetiky\/polarni-telisko-teliska\/","og_site_name":"Genetika Plze\u0148","article_modified_time":"2024-02-15T23:05:07+00:00","og_image":[{"url":"https:\/\/genetika-plzen.nullable.group\/wp-content\/uploads\/2024\/02\/telisko2-150x150.png"}],"twitter_card":"summary_large_image","twitter_misc":{"Est. reading time":"1 minute"},"schema":{"@context":"https:\/\/schema.org","@graph":[{"@type":"WebPage","@id":"https:\/\/genetika-plzen.nullable.group\/vysetreni-reprodukcni-genetiky\/polarni-telisko-teliska\/","url":"https:\/\/genetika-plzen.nullable.group\/vysetreni-reprodukcni-genetiky\/polarni-telisko-teliska\/","name":"Pol\u00e1rn\u00ed t\u011bl\u00edsko \/ t\u011bl\u00edska | Genetika Plze\u0148","isPartOf":{"@id":"https:\/\/genetika-plzen.nullable.group\/#website"},"datePublished":"2024-02-15T17:30:00+00:00","dateModified":"2024-02-15T23:05:07+00:00","breadcrumb":{"@id":"https:\/\/genetika-plzen.nullable.group\/vysetreni-reprodukcni-genetiky\/polarni-telisko-teliska\/#breadcrumb"},"inLanguage":"de-DE-formal","potentialAction":[{"@type":"ReadAction","target":["https:\/\/genetika-plzen.nullable.group\/vysetreni-reprodukcni-genetiky\/polarni-telisko-teliska\/"]}]},{"@type":"BreadcrumbList","@id":"https:\/\/genetika-plzen.nullable.group\/vysetreni-reprodukcni-genetiky\/polarni-telisko-teliska\/#breadcrumb","itemListElement":[{"@type":"ListItem","position":1,"name":"Home","item":"https:\/\/genetika-plzen.nullable.group\/"},{"@type":"ListItem","position":2,"name":"Vy\u0161et\u0159en\u00ed reproduk\u010dn\u00ed genetiky","item":"https:\/\/genetika-plzen.nullable.group\/vysetreni-reprodukcni-genetiky\/"},{"@type":"ListItem","position":3,"name":"Pol\u00e1rn\u00ed t\u011bl\u00edsko \/ t\u011bl\u00edska"}]},{"@type":"WebSite","@id":"https:\/\/genetika-plzen.nullable.group\/#website","url":"https:\/\/genetika-plzen.nullable.group\/","name":"Genetika Plze\u0148","description":"Genetika Plze\u0148","publisher":{"@id":"https:\/\/genetika-plzen.nullable.group\/#organization"},"potentialAction":[{"@type":"SearchAction","target":{"@type":"EntryPoint","urlTemplate":"https:\/\/genetika-plzen.nullable.group\/?s={search_term_string}"},"query-input":"required name=search_term_string"}],"inLanguage":"de-DE-formal"},{"@type":"Organization","@id":"https:\/\/genetika-plzen.nullable.group\/#organization","name":"Genetika Plze\u0148","url":"https:\/\/genetika-plzen.nullable.group\/","logo":{"@type":"ImageObject","inLanguage":"de-DE-formal","@id":"https:\/\/genetika-plzen.nullable.group\/#\/schema\/logo\/image\/","url":"https:\/\/genetika-plzen.nullable.group\/wp-content\/uploads\/2022\/07\/logo2.svg","contentUrl":"https:\/\/genetika-plzen.nullable.group\/wp-content\/uploads\/2022\/07\/logo2.svg","width":286,"height":95,"caption":"Genetika Plze\u0148"},"image":{"@id":"https:\/\/genetika-plzen.nullable.group\/#\/schema\/logo\/image\/"}}]}},"_links":{"self":[{"href":"https:\/\/genetika-plzen.nullable.group\/de\/wp-json\/wp\/v2\/pages\/7763","targetHints":{"allow":["GET"]}}],"collection":[{"href":"https:\/\/genetika-plzen.nullable.group\/de\/wp-json\/wp\/v2\/pages"}],"about":[{"href":"https:\/\/genetika-plzen.nullable.group\/de\/wp-json\/wp\/v2\/types\/page"}],"author":[{"embeddable":true,"href":"https:\/\/genetika-plzen.nullable.group\/de\/wp-json\/wp\/v2\/users\/9"}],"replies":[{"embeddable":true,"href":"https:\/\/genetika-plzen.nullable.group\/de\/wp-json\/wp\/v2\/comments?post=7763"}],"version-history":[{"count":7,"href":"https:\/\/genetika-plzen.nullable.group\/de\/wp-json\/wp\/v2\/pages\/7763\/revisions"}],"predecessor-version":[{"id":7985,"href":"https:\/\/genetika-plzen.nullable.group\/de\/wp-json\/wp\/v2\/pages\/7763\/revisions\/7985"}],"up":[{"embeddable":true,"href":"https:\/\/genetika-plzen.nullable.group\/de\/wp-json\/wp\/v2\/pages\/7368"}],"wp:attachment":[{"href":"https:\/\/genetika-plzen.nullable.group\/de\/wp-json\/wp\/v2\/media?parent=7763"}],"wp:term":[{"taxonomy":"service-area","embeddable":true,"href":"https:\/\/genetika-plzen.nullable.group\/de\/wp-json\/wp\/v2\/service-area?post=7763"}],"curies":[{"name":"wp","href":"https:\/\/api.w.org\/{rel}","templated":true}]}}