{"id":7771,"date":"2024-02-15T18:31:56","date_gmt":"2024-02-15T17:31:56","guid":{"rendered":"https:\/\/genetika-plzen.nullable.group\/?page_id=7771"},"modified":"2024-02-16T00:06:12","modified_gmt":"2024-02-15T23:06:12","slug":"blastomera","status":"publish","type":"page","link":"https:\/\/genetika-plzen.nullable.group\/de\/vysetreni-reprodukcni-genetiky\/blastomera\/","title":{"rendered":"Blastomer"},"content":{"rendered":"<div data-elementor-type=\"wp-page\" data-elementor-id=\"7771\" class=\"elementor elementor-7771\">\n\t\t\t\t<div class=\"elementor-element elementor-element-2c703a0 e-flex e-con-boxed e-con e-parent\" data-id=\"2c703a0\" data-element_type=\"container\" data-e-type=\"container\">\n\t\t\t\t\t<div class=\"e-con-inner\">\n\t\t\t\t<div class=\"elementor-element elementor-element-d0ab2ce elementor-widget elementor-widget-spacer\" data-id=\"d0ab2ce\" data-element_type=\"widget\" data-e-type=\"widget\" data-widget_type=\"spacer.default\">\n\t\t\t\t<div class=\"elementor-widget-container\">\n\t\t\t\t\t\t\t<div class=\"elementor-spacer\">\n\t\t\t<div class=\"elementor-spacer-inner\"><\/div>\n\t\t<\/div>\n\t\t\t\t\t\t<\/div>\n\t\t\t\t<\/div>\n\t\t\t\t\t<\/div>\n\t\t\t\t<\/div>\n\t\t<div class=\"elementor-element elementor-element-5b45629 e-flex e-con-boxed e-con e-parent\" data-id=\"5b45629\" data-element_type=\"container\" data-e-type=\"container\">\n\t\t\t\t\t<div class=\"e-con-inner\">\n\t\t\t\t<div class=\"elementor-element elementor-element-63d2315 elementor-widget elementor-widget-text-editor\" data-id=\"63d2315\" data-element_type=\"widget\" data-e-type=\"widget\" data-widget_type=\"text-editor.default\">\n\t\t\t\t<div class=\"elementor-widget-container\">\n\t\t\t\t\t\t\t\t\tBlastomeren sind Zellen, die durch die ersten Teilungen des Embryos bzw. der Zygote entstehen. Am 3. Tag der Entwicklung, im Stadium des 6-10-zelligen Embryos, k\u00f6nnen schonend 1-2 Zellen (Blastomeren) zur genetischen Untersuchung entnommen werden.\t\t\t\t\t\t\t\t<\/div>\n\t\t\t\t<\/div>\n\t\t\t\t\t<\/div>\n\t\t\t\t<\/div>\n\t\t<div class=\"elementor-element elementor-element-685939e e-flex e-con-boxed e-con e-parent\" data-id=\"685939e\" data-element_type=\"container\" data-e-type=\"container\">\n\t\t\t\t\t<div class=\"e-con-inner\">\n\t\t\t\t<div class=\"elementor-element elementor-element-9e92d43 elementor-widget elementor-widget-image-gallery\" data-id=\"9e92d43\" data-element_type=\"widget\" data-e-type=\"widget\" data-widget_type=\"image-gallery.default\">\n\t\t\t\t<div class=\"elementor-widget-container\">\n\t\t\t\t\t\t\t<div class=\"elementor-image-gallery\">\n\t\t\t<div id='gallery-1' class='gallery galleryid-7771 gallery-columns-4 gallery-size-thumbnail'><figure class='gallery-item'>\n\t\t\t<div class='gallery-icon portrait'>\n\t\t\t\t<a data-elementor-open-lightbox=\"yes\" data-elementor-lightbox-slideshow=\"9e92d43\" data-elementor-lightbox-title=\"blastomera_2\" data-e-action-hash=\"#elementor-action%3Aaction%3Dlightbox%26settings%3DeyJpZCI6Nzc3NCwidXJsIjoiaHR0cHM6XC9cL2dlbmV0aWthLXBsemVuLm51bGxhYmxlLmdyb3VwXC93cC1jb250ZW50XC91cGxvYWRzXC8yMDI0XC8wMlwvYmxhc3RvbWVyYV8yLnBuZyIsInNsaWRlc2hvdyI6IjllOTJkNDMifQ%3D%3D\" href='https:\/\/genetika-plzen.nullable.group\/wp-content\/uploads\/2024\/02\/blastomera_2.png'><img decoding=\"async\" width=\"150\" height=\"150\" src=\"https:\/\/genetika-plzen.nullable.group\/wp-content\/uploads\/2024\/02\/blastomera_2-150x150.png\" class=\"attachment-thumbnail size-thumbnail\" alt=\"\" srcset=\"https:\/\/genetika-plzen.nullable.group\/wp-content\/uploads\/2024\/02\/blastomera_2-150x150.png 150w, https:\/\/genetika-plzen.nullable.group\/wp-content\/uploads\/2024\/02\/blastomera_2-298x300.png 298w, https:\/\/genetika-plzen.nullable.group\/wp-content\/uploads\/2024\/02\/blastomera_2-12x12.png 12w, https:\/\/genetika-plzen.nullable.group\/wp-content\/uploads\/2024\/02\/blastomera_2.png 385w\" sizes=\"(max-width: 150px) 100vw, 150px\" \/><\/a>\n\t\t\t<\/div><\/figure><figure class='gallery-item'>\n\t\t\t<div class='gallery-icon landscape'>\n\t\t\t\t<a data-elementor-open-lightbox=\"yes\" data-elementor-lightbox-slideshow=\"9e92d43\" data-elementor-lightbox-title=\"blastomera\" data-e-action-hash=\"#elementor-action%3Aaction%3Dlightbox%26settings%3DeyJpZCI6Nzc3NSwidXJsIjoiaHR0cHM6XC9cL2dlbmV0aWthLXBsemVuLm51bGxhYmxlLmdyb3VwXC93cC1jb250ZW50XC91cGxvYWRzXC8yMDI0XC8wMlwvYmxhc3RvbWVyYS5wbmciLCJzbGlkZXNob3ciOiI5ZTkyZDQzIn0%3D\" href='https:\/\/genetika-plzen.nullable.group\/wp-content\/uploads\/2024\/02\/blastomera.png'><img decoding=\"async\" width=\"150\" height=\"150\" src=\"https:\/\/genetika-plzen.nullable.group\/wp-content\/uploads\/2024\/02\/blastomera-150x150.png\" class=\"attachment-thumbnail size-thumbnail\" alt=\"\" srcset=\"https:\/\/genetika-plzen.nullable.group\/wp-content\/uploads\/2024\/02\/blastomera-150x150.png 150w, https:\/\/genetika-plzen.nullable.group\/wp-content\/uploads\/2024\/02\/blastomera-300x300.png 300w, https:\/\/genetika-plzen.nullable.group\/wp-content\/uploads\/2024\/02\/blastomera-12x12.png 12w, https:\/\/genetika-plzen.nullable.group\/wp-content\/uploads\/2024\/02\/blastomera.png 364w\" sizes=\"(max-width: 150px) 100vw, 150px\" \/><\/a>\n\t\t\t<\/div><\/figure>\n\t\t<\/div>\n\t\t<\/div>\n\t\t\t\t\t\t<\/div>\n\t\t\t\t<\/div>\n\t\t\t\t\t<\/div>\n\t\t\t\t<\/div>\n\t\t<div class=\"elementor-element elementor-element-638de76 e-flex e-con-boxed e-con e-parent\" data-id=\"638de76\" data-element_type=\"container\" data-e-type=\"container\">\n\t\t\t\t\t<div class=\"e-con-inner\">\n\t\t\t\t<div class=\"elementor-element elementor-element-483ec49 elementor-widget elementor-widget-text-editor\" data-id=\"483ec49\" data-element_type=\"widget\" data-e-type=\"widget\" data-widget_type=\"text-editor.default\">\n\t\t\t\t<div class=\"elementor-widget-container\">\n\t\t\t\t\t\t\t\t\t<h2><a href=\"https:\/\/genetika-plzen.nullable.group\/de\/vysetreni-reprodukcni-genetiky\/polarni-telisko-teliska\/\">Polk\u00f6rper<\/a><\/h2>\n<h2><a href=\"https:\/\/genetika-plzen.nullable.group\/de\/vysetreni-reprodukcni-genetiky\/trofoektoderm\/\">Trophoektoderm<\/a><\/h2>\t\t\t\t\t\t\t\t<\/div>\n\t\t\t\t<\/div>\n\t\t\t\t<div class=\"elementor-element elementor-element-60fd821 elementor-widget elementor-widget-spacer\" data-id=\"60fd821\" data-element_type=\"widget\" data-e-type=\"widget\" data-widget_type=\"spacer.default\">\n\t\t\t\t<div class=\"elementor-widget-container\">\n\t\t\t\t\t\t\t<div class=\"elementor-spacer\">\n\t\t\t<div class=\"elementor-spacer-inner\"><\/div>\n\t\t<\/div>\n\t\t\t\t\t\t<\/div>\n\t\t\t\t<\/div>\n\t\t\t\t\t<\/div>\n\t\t\t\t<\/div>\n\t\t\t\t<\/div>","protected":false},"excerpt":{"rendered":"<p>Blastomery jsou bu\u0148ky vznikaj\u00edc\u00ed prvn\u00edmi d\u011blen\u00edmi embrya, resp. zygoty. Ve&nbsp;3.&nbsp;den v\u00fdvoje, ve&nbsp;st\u00e1diu 6-10&nbsp;bun\u011b\u010dn\u00e9ho embrya, mohou b\u00fdt \u0161etrn\u011b odebr\u00e1ny 1-2&nbsp;bu\u0148ky (blastomery) ke genetick\u00e9mu vy\u0161et\u0159en\u00ed. Pol\u00e1rn\u00ed t\u011bl\u00edsko Trofoektoderm<\/p>","protected":false},"author":9,"featured_media":0,"parent":7368,"menu_order":0,"comment_status":"closed","ping_status":"closed","template":"","meta":{"footnotes":""},"service-area":[32],"class_list":["post-7771","page","type-page","status-publish","hentry","service-area-vysetreni-reprodukcni-genetiky"],"yoast_head":"<!-- This site is optimized with the Yoast SEO plugin v20.2 - https:\/\/yoast.com\/wordpress\/plugins\/seo\/ -->\n<title>Blastomera | Genetika Plze\u0148<\/title>\n<meta name=\"robots\" content=\"index, follow, max-snippet:-1, max-image-preview:large, max-video-preview:-1\" \/>\n<link rel=\"canonical\" href=\"https:\/\/genetika-plzen.nullable.group\/de\/vysetreni-reprodukcni-genetiky\/blastomera\/\" \/>\n<meta property=\"og:locale\" content=\"de_DE\" \/>\n<meta property=\"og:type\" content=\"article\" \/>\n<meta property=\"og:title\" content=\"Blastomera | Genetika Plze\u0148\" \/>\n<meta property=\"og:description\" content=\"Blastomery jsou bu\u0148ky vznikaj\u00edc\u00ed prvn\u00edmi d\u011blen\u00edmi embrya, resp. zygoty. Ve&nbsp;3.&nbsp;den v\u00fdvoje, ve&nbsp;st\u00e1diu 6-10&nbsp;bun\u011b\u010dn\u00e9ho embrya, mohou b\u00fdt \u0161etrn\u011b odebr\u00e1ny 1-2&nbsp;bu\u0148ky (blastomery) ke genetick\u00e9mu vy\u0161et\u0159en\u00ed. Pol\u00e1rn\u00ed t\u011bl\u00edsko Trofoektoderm\" \/>\n<meta property=\"og:url\" content=\"https:\/\/genetika-plzen.nullable.group\/de\/vysetreni-reprodukcni-genetiky\/blastomera\/\" \/>\n<meta property=\"og:site_name\" content=\"Genetika Plze\u0148\" \/>\n<meta property=\"article:modified_time\" content=\"2024-02-15T23:06:12+00:00\" \/>\n<meta property=\"og:image\" content=\"https:\/\/genetika-plzen.nullable.group\/wp-content\/uploads\/2024\/02\/blastomera_2-150x150.png\" \/>\n<meta name=\"twitter:card\" content=\"summary_large_image\" \/>\n<meta name=\"twitter:label1\" content=\"Est. reading time\" \/>\n\t<meta name=\"twitter:data1\" content=\"1 minute\" \/>\n<script type=\"application\/ld+json\" class=\"yoast-schema-graph\">{\"@context\":\"https:\/\/schema.org\",\"@graph\":[{\"@type\":\"WebPage\",\"@id\":\"https:\/\/genetika-plzen.nullable.group\/vysetreni-reprodukcni-genetiky\/blastomera\/\",\"url\":\"https:\/\/genetika-plzen.nullable.group\/vysetreni-reprodukcni-genetiky\/blastomera\/\",\"name\":\"Blastomera | Genetika Plze\u0148\",\"isPartOf\":{\"@id\":\"https:\/\/genetika-plzen.nullable.group\/#website\"},\"datePublished\":\"2024-02-15T17:31:56+00:00\",\"dateModified\":\"2024-02-15T23:06:12+00:00\",\"breadcrumb\":{\"@id\":\"https:\/\/genetika-plzen.nullable.group\/vysetreni-reprodukcni-genetiky\/blastomera\/#breadcrumb\"},\"inLanguage\":\"de-DE-formal\",\"potentialAction\":[{\"@type\":\"ReadAction\",\"target\":[\"https:\/\/genetika-plzen.nullable.group\/vysetreni-reprodukcni-genetiky\/blastomera\/\"]}]},{\"@type\":\"BreadcrumbList\",\"@id\":\"https:\/\/genetika-plzen.nullable.group\/vysetreni-reprodukcni-genetiky\/blastomera\/#breadcrumb\",\"itemListElement\":[{\"@type\":\"ListItem\",\"position\":1,\"name\":\"Home\",\"item\":\"https:\/\/genetika-plzen.nullable.group\/\"},{\"@type\":\"ListItem\",\"position\":2,\"name\":\"Vy\u0161et\u0159en\u00ed reproduk\u010dn\u00ed genetiky\",\"item\":\"https:\/\/genetika-plzen.nullable.group\/vysetreni-reprodukcni-genetiky\/\"},{\"@type\":\"ListItem\",\"position\":3,\"name\":\"Blastomera\"}]},{\"@type\":\"WebSite\",\"@id\":\"https:\/\/genetika-plzen.nullable.group\/#website\",\"url\":\"https:\/\/genetika-plzen.nullable.group\/\",\"name\":\"Genetika Plze\u0148\",\"description\":\"Genetika Plze\u0148\",\"publisher\":{\"@id\":\"https:\/\/genetika-plzen.nullable.group\/#organization\"},\"potentialAction\":[{\"@type\":\"SearchAction\",\"target\":{\"@type\":\"EntryPoint\",\"urlTemplate\":\"https:\/\/genetika-plzen.nullable.group\/?s={search_term_string}\"},\"query-input\":\"required name=search_term_string\"}],\"inLanguage\":\"de-DE-formal\"},{\"@type\":\"Organization\",\"@id\":\"https:\/\/genetika-plzen.nullable.group\/#organization\",\"name\":\"Genetika Plze\u0148\",\"url\":\"https:\/\/genetika-plzen.nullable.group\/\",\"logo\":{\"@type\":\"ImageObject\",\"inLanguage\":\"de-DE-formal\",\"@id\":\"https:\/\/genetika-plzen.nullable.group\/#\/schema\/logo\/image\/\",\"url\":\"https:\/\/genetika-plzen.nullable.group\/wp-content\/uploads\/2022\/07\/logo2.svg\",\"contentUrl\":\"https:\/\/genetika-plzen.nullable.group\/wp-content\/uploads\/2022\/07\/logo2.svg\",\"width\":286,\"height\":95,\"caption\":\"Genetika Plze\u0148\"},\"image\":{\"@id\":\"https:\/\/genetika-plzen.nullable.group\/#\/schema\/logo\/image\/\"}}]}<\/script>\n<!-- \/ Yoast SEO plugin. -->","yoast_head_json":{"title":"Blastomera | Genetika Plze\u0148","robots":{"index":"index","follow":"follow","max-snippet":"max-snippet:-1","max-image-preview":"max-image-preview:large","max-video-preview":"max-video-preview:-1"},"canonical":"https:\/\/genetika-plzen.nullable.group\/de\/vysetreni-reprodukcni-genetiky\/blastomera\/","og_locale":"de_DE","og_type":"article","og_title":"Blastomera | Genetika Plze\u0148","og_description":"Blastomery jsou bu\u0148ky vznikaj\u00edc\u00ed prvn\u00edmi d\u011blen\u00edmi embrya, resp. zygoty. Ve&nbsp;3.&nbsp;den v\u00fdvoje, ve&nbsp;st\u00e1diu 6-10&nbsp;bun\u011b\u010dn\u00e9ho embrya, mohou b\u00fdt \u0161etrn\u011b odebr\u00e1ny 1-2&nbsp;bu\u0148ky (blastomery) ke genetick\u00e9mu vy\u0161et\u0159en\u00ed. Pol\u00e1rn\u00ed t\u011bl\u00edsko Trofoektoderm","og_url":"https:\/\/genetika-plzen.nullable.group\/de\/vysetreni-reprodukcni-genetiky\/blastomera\/","og_site_name":"Genetika Plze\u0148","article_modified_time":"2024-02-15T23:06:12+00:00","og_image":[{"url":"https:\/\/genetika-plzen.nullable.group\/wp-content\/uploads\/2024\/02\/blastomera_2-150x150.png"}],"twitter_card":"summary_large_image","twitter_misc":{"Est. reading time":"1 minute"},"schema":{"@context":"https:\/\/schema.org","@graph":[{"@type":"WebPage","@id":"https:\/\/genetika-plzen.nullable.group\/vysetreni-reprodukcni-genetiky\/blastomera\/","url":"https:\/\/genetika-plzen.nullable.group\/vysetreni-reprodukcni-genetiky\/blastomera\/","name":"Blastomera | Genetika Plze\u0148","isPartOf":{"@id":"https:\/\/genetika-plzen.nullable.group\/#website"},"datePublished":"2024-02-15T17:31:56+00:00","dateModified":"2024-02-15T23:06:12+00:00","breadcrumb":{"@id":"https:\/\/genetika-plzen.nullable.group\/vysetreni-reprodukcni-genetiky\/blastomera\/#breadcrumb"},"inLanguage":"de-DE-formal","potentialAction":[{"@type":"ReadAction","target":["https:\/\/genetika-plzen.nullable.group\/vysetreni-reprodukcni-genetiky\/blastomera\/"]}]},{"@type":"BreadcrumbList","@id":"https:\/\/genetika-plzen.nullable.group\/vysetreni-reprodukcni-genetiky\/blastomera\/#breadcrumb","itemListElement":[{"@type":"ListItem","position":1,"name":"Home","item":"https:\/\/genetika-plzen.nullable.group\/"},{"@type":"ListItem","position":2,"name":"Vy\u0161et\u0159en\u00ed reproduk\u010dn\u00ed genetiky","item":"https:\/\/genetika-plzen.nullable.group\/vysetreni-reprodukcni-genetiky\/"},{"@type":"ListItem","position":3,"name":"Blastomera"}]},{"@type":"WebSite","@id":"https:\/\/genetika-plzen.nullable.group\/#website","url":"https:\/\/genetika-plzen.nullable.group\/","name":"Genetika Plze\u0148","description":"Genetika Plze\u0148","publisher":{"@id":"https:\/\/genetika-plzen.nullable.group\/#organization"},"potentialAction":[{"@type":"SearchAction","target":{"@type":"EntryPoint","urlTemplate":"https:\/\/genetika-plzen.nullable.group\/?s={search_term_string}"},"query-input":"required name=search_term_string"}],"inLanguage":"de-DE-formal"},{"@type":"Organization","@id":"https:\/\/genetika-plzen.nullable.group\/#organization","name":"Genetika Plze\u0148","url":"https:\/\/genetika-plzen.nullable.group\/","logo":{"@type":"ImageObject","inLanguage":"de-DE-formal","@id":"https:\/\/genetika-plzen.nullable.group\/#\/schema\/logo\/image\/","url":"https:\/\/genetika-plzen.nullable.group\/wp-content\/uploads\/2022\/07\/logo2.svg","contentUrl":"https:\/\/genetika-plzen.nullable.group\/wp-content\/uploads\/2022\/07\/logo2.svg","width":286,"height":95,"caption":"Genetika Plze\u0148"},"image":{"@id":"https:\/\/genetika-plzen.nullable.group\/#\/schema\/logo\/image\/"}}]}},"_links":{"self":[{"href":"https:\/\/genetika-plzen.nullable.group\/de\/wp-json\/wp\/v2\/pages\/7771","targetHints":{"allow":["GET"]}}],"collection":[{"href":"https:\/\/genetika-plzen.nullable.group\/de\/wp-json\/wp\/v2\/pages"}],"about":[{"href":"https:\/\/genetika-plzen.nullable.group\/de\/wp-json\/wp\/v2\/types\/page"}],"author":[{"embeddable":true,"href":"https:\/\/genetika-plzen.nullable.group\/de\/wp-json\/wp\/v2\/users\/9"}],"replies":[{"embeddable":true,"href":"https:\/\/genetika-plzen.nullable.group\/de\/wp-json\/wp\/v2\/comments?post=7771"}],"version-history":[{"count":7,"href":"https:\/\/genetika-plzen.nullable.group\/de\/wp-json\/wp\/v2\/pages\/7771\/revisions"}],"predecessor-version":[{"id":7988,"href":"https:\/\/genetika-plzen.nullable.group\/de\/wp-json\/wp\/v2\/pages\/7771\/revisions\/7988"}],"up":[{"embeddable":true,"href":"https:\/\/genetika-plzen.nullable.group\/de\/wp-json\/wp\/v2\/pages\/7368"}],"wp:attachment":[{"href":"https:\/\/genetika-plzen.nullable.group\/de\/wp-json\/wp\/v2\/media?parent=7771"}],"wp:term":[{"taxonomy":"service-area","embeddable":true,"href":"https:\/\/genetika-plzen.nullable.group\/de\/wp-json\/wp\/v2\/service-area?post=7771"}],"curies":[{"name":"wp","href":"https:\/\/api.w.org\/{rel}","templated":true}]}}