{"id":7797,"date":"2024-02-15T18:36:45","date_gmt":"2024-02-15T17:36:45","guid":{"rendered":"https:\/\/genetika-plzen.nullable.group\/?page_id=7797"},"modified":"2025-09-16T04:09:06","modified_gmt":"2025-09-16T02:09:06","slug":"prubeh-terapie-s-preimplantacnim-genetickym-vysetrenim","status":"publish","type":"page","link":"https:\/\/genetika-plzen.nullable.group\/de\/vysetreni-reprodukcni-genetiky\/prubeh-terapie-s-preimplantacnim-genetickym-vysetrenim\/","title":{"rendered":"Verlauf der Therapie mit pr\u00e4implantationsgenetischer Untersuchung"},"content":{"rendered":"<div data-elementor-type=\"wp-page\" data-elementor-id=\"7797\" class=\"elementor elementor-7797\">\n\t\t\t\t<div class=\"elementor-element elementor-element-b2d01ab e-flex e-con-boxed e-con e-parent\" data-id=\"b2d01ab\" data-element_type=\"container\" data-e-type=\"container\">\n\t\t\t\t\t<div class=\"e-con-inner\">\n\t\t\t\t<div class=\"elementor-element elementor-element-c4b80bb elementor-widget elementor-widget-spacer\" data-id=\"c4b80bb\" data-element_type=\"widget\" data-e-type=\"widget\" data-widget_type=\"spacer.default\">\n\t\t\t\t<div class=\"elementor-widget-container\">\n\t\t\t\t\t\t\t<div class=\"elementor-spacer\">\n\t\t\t<div class=\"elementor-spacer-inner\"><\/div>\n\t\t<\/div>\n\t\t\t\t\t\t<\/div>\n\t\t\t\t<\/div>\n\t\t\t\t\t<\/div>\n\t\t\t\t<\/div>\n\t\t<div class=\"elementor-element elementor-element-85560a5 e-flex e-con-boxed e-con e-parent\" data-id=\"85560a5\" data-element_type=\"container\" data-e-type=\"container\">\n\t\t\t\t\t<div class=\"e-con-inner\">\n\t\t\t\t<div class=\"elementor-element elementor-element-2da3f74 elementor-widget elementor-widget-text-editor\" data-id=\"2da3f74\" data-element_type=\"widget\" data-e-type=\"widget\" data-widget_type=\"text-editor.default\">\n\t\t\t\t<div class=\"elementor-widget-container\">\n\t\t\t\t\t\t\t\t\t<h2>Erster Kontakt mit unserem IVF-Zentrum\u00a0<\/h2><p>Zun\u00e4chst vereinbaren Sie einen Termin f\u00fcr das erste Gespr\u00e4ch im\u00a0<a href=\"https:\/\/www.next-fertilitypilsen.cz\/\">Next Fertility IVF Prof. Zech Pilsen, s.r.o.<\/a>.<\/p><h2>Konsultation im IVF-Zentrum\u00a0<\/h2><p>Zum Einf\u00fchrungsgespr\u00e4ch im IVF-Zentrum kommen Sie mit Ihrem Partner und besprechen gemeinsam mit dem Arzt alle Behandlungsm\u00f6glichkeiten. W\u00e4hrend des ersten Besuchs werden in der Regel eine Blutabnahme, ein Spermiogramm des Partners und eine gyn\u00e4kologische Untersuchung einschlie\u00dflich Ultraschall durchgef\u00fchrt. Das Paar wird ausf\u00fchrlich \u00fcber den Ablauf, die Kosten und die Risiken der IVF-Therapie mit genetischer Untersuchung informiert. Je nach individueller Situation des Paares kann der Arzt eine Konsultation mit einem klinischen Genetiker empfehlen, die entweder im IVF-Zentrum oder in der Ambulanz Genetik Pilsen vereinbart und absolviert werden kann: <a href=\"https:\/\/www.next-fertilitypilsen.cz\/de\/\" target=\"_blank\" rel=\"noopener\">IVF-Zentrum\u00a0<\/a>\u00a0oder Ambulanz <a href=\"https:\/\/genetika-plzen.nullable.group\/de\/genetika-plzen\/\" target=\"_blank\" rel=\"noopener\">Genetik Pilsen<\/a><\/p><h2>Auswahl des geeignetsten Verfahrens\u00a0<\/h2><p>Der behandelnde Arzt empfiehlt zusammen mit dem Genetiker das geeignetste Untersuchungsverfahren und erl\u00e4utert Ihnen den gesamten Ablauf. Bei einigen Arten von PGT (z.B. f\u00fcr monogene Erkrankungen) ist es notwendig, eine Blutprobe beider Partner bzw. weiterer bestimmter Familienmitglieder zu entnehmen, um die genetische Untersuchung der Embryonen vorzubereiten (sog. \u201eSet-up\u201c).<\/p><h2>IVF-Zyklus\u00a0<\/h2><p>Zu Beginn der Therapie wird Ihnen ein Plan ausgestellt und erkl\u00e4rt, nach dem Sie Medikamente zur Stimulation der Eierst\u00f6cke einnehmen, damit mehr Follikel reifen als im nat\u00fcrlichen Zyklus. Auf Grundlage der Ultraschallkontrollen wird der Termin f\u00fcr die Punktion, also die Entnahme der Eizellen, festgelegt, die dann im IVF-Labor mit den ausgew\u00e4hlten Spermien des Partners befruchtet werden. Die befruchteten Eizellen werden in einen Inkubator gelegt, wo sie bis zum Blastozystenstadium kultiviert werden.<\/p><h2>Entnahme der Probe f\u00fcr die genetische Untersuchung\u00a0<\/h2><p>W\u00e4hrend der Kultivierung werden aus dem Embryo bzw. aus der Eizelle Zellen entnommen, die f\u00fcr die genetische Untersuchung ben\u00f6tigt werden (standardm\u00e4\u00dfig wird eine Biopsie des <a href=\"https:\/\/www.genetika-plzen.cz\/vysetreni\/vysetrovane-tkane\" target=\"_blank\" rel=\"noopener\">Trophoektoderms<\/a>, durchgef\u00fchrt). Im Blastozystenstadium werden die Embryonen eingefroren, bis die Ergebnisse der pr\u00e4implantationsgenetischen Untersuchung vorliegen.<\/p><h2>Analyse der Probe im genetischen Labor\u00a0<\/h2><p>Im genetischen Labor wird die Probe mit entsprechenden Untersuchungsmethoden von qualifiziertem Personal analysiert, das auch f\u00fcr die Interpretation der Ergebnisse und die Ausstellung des Abschlussberichts verantwortlich ist, den es Ihrem behandelnden Arzt \u00fcbermittelt.<\/p><h2>Transfer des gesunden Embryos in die Geb\u00e4rmutter der Mutter\u00a0<\/h2><p>Auf Grundlage des Abschlussberichts informiert Sie der behandelnde Arzt \u00fcber die Ergebnisse der genetischen Untersuchung. Er bespricht erneut mit Ihnen alle M\u00f6glichkeiten und Risiken der Therapie, und Sie haben die M\u00f6glichkeit zu entscheiden, ob der Transfer des Embryos, der auf Basis der genetischen Analyse ausgew\u00e4hlt wurde, durchgef\u00fchrt wird. Je nach individueller Situation des Paares kann der Arzt erneut eine Konsultation mit einem klinischen Genetiker empfehlen, die entweder direkt im Next Fertility IVF Prof. Zech Pilsen, s.r.o. oder in Genetik Pilsen vereinbart und absolviert werden kann: <a href=\"https:\/\/www.next-fertilitypilsen.cz\/\">Next Fertility IVF Prof.\u00a0Zech Pilsen, s.r.o.<\/a>\u00a0oder\u00a0<a href=\"\/de\/\" target=\"_blank\" rel=\"noopener\">Genetik Pilsen<\/a>.<\/p>\t\t\t\t\t\t\t\t<\/div>\n\t\t\t\t<\/div>\n\t\t\t\t\t<\/div>\n\t\t\t\t<\/div>\n\t\t<div class=\"elementor-element elementor-element-c71eaf2 e-flex e-con-boxed e-con e-parent\" data-id=\"c71eaf2\" data-element_type=\"container\" data-e-type=\"container\">\n\t\t\t\t\t<div class=\"e-con-inner\">\n\t\t\t\t<div class=\"elementor-element elementor-element-5285917 elementor-widget elementor-widget-spacer\" data-id=\"5285917\" data-element_type=\"widget\" data-e-type=\"widget\" data-widget_type=\"spacer.default\">\n\t\t\t\t<div class=\"elementor-widget-container\">\n\t\t\t\t\t\t\t<div class=\"elementor-spacer\">\n\t\t\t<div class=\"elementor-spacer-inner\"><\/div>\n\t\t<\/div>\n\t\t\t\t\t\t<\/div>\n\t\t\t\t<\/div>\n\t\t\t\t\t<\/div>\n\t\t\t\t<\/div>\n\t\t\t\t<\/div>","protected":false},"excerpt":{"rendered":"<p>Prvn\u00ed kontakt s\u00a0na\u0161\u00edm IVF centrem\u00a0 Nejprve si domluv\u00edte term\u00edn prvn\u00edho pohovoru v\u00a0Next Fertility IVF Prof. Zech Pilsen, s.r.o.. Konzultace v\u00a0IVF centru\u00a0 Na \u00favodn\u00ed pohovor do IVF centra se dostav\u00edte s partnerem a spole\u010dn\u011b s l\u00e9ka\u0159em proberete v\u0161echny mo\u017enosti l\u00e9\u010dby. B\u011bhem prvn\u00ed n\u00e1v\u0161t\u011bvy se obvykle prov\u00e1d\u00ed odb\u011br krve, spermiogram partnera a gynekologick\u00e9 vy\u0161et\u0159en\u00ed v\u010detn\u011b ultrazvuku. P\u00e1r [&hellip;]<\/p>","protected":false},"author":9,"featured_media":0,"parent":7368,"menu_order":0,"comment_status":"closed","ping_status":"closed","template":"","meta":{"footnotes":""},"service-area":[32],"class_list":["post-7797","page","type-page","status-publish","hentry","service-area-vysetreni-reprodukcni-genetiky"],"yoast_head":"<!-- This site is optimized with the Yoast SEO plugin v20.2 - https:\/\/yoast.com\/wordpress\/plugins\/seo\/ -->\n<title>Pr\u016fb\u011bh terapie s preimplanta\u010dn\u00edm genetick\u00fdm vy\u0161et\u0159en\u00edm | Genetika Plze\u0148<\/title>\n<meta name=\"robots\" content=\"index, follow, max-snippet:-1, max-image-preview:large, max-video-preview:-1\" \/>\n<link rel=\"canonical\" href=\"https:\/\/genetika-plzen.nullable.group\/de\/vysetreni-reprodukcni-genetiky\/prubeh-terapie-s-preimplantacnim-genetickym-vysetrenim\/\" \/>\n<meta property=\"og:locale\" content=\"de_DE\" \/>\n<meta property=\"og:type\" content=\"article\" \/>\n<meta property=\"og:title\" content=\"Pr\u016fb\u011bh terapie s preimplanta\u010dn\u00edm genetick\u00fdm vy\u0161et\u0159en\u00edm | Genetika Plze\u0148\" \/>\n<meta property=\"og:description\" content=\"Prvn\u00ed kontakt s\u00a0na\u0161\u00edm IVF centrem\u00a0 Nejprve si domluv\u00edte term\u00edn prvn\u00edho pohovoru v\u00a0Next Fertility IVF Prof. Zech Pilsen, s.r.o.. Konzultace v\u00a0IVF centru\u00a0 Na \u00favodn\u00ed pohovor do IVF centra se dostav\u00edte s partnerem a spole\u010dn\u011b s l\u00e9ka\u0159em proberete v\u0161echny mo\u017enosti l\u00e9\u010dby. B\u011bhem prvn\u00ed n\u00e1v\u0161t\u011bvy se obvykle prov\u00e1d\u00ed odb\u011br krve, spermiogram partnera a gynekologick\u00e9 vy\u0161et\u0159en\u00ed v\u010detn\u011b ultrazvuku. P\u00e1r [&hellip;]\" \/>\n<meta property=\"og:url\" content=\"https:\/\/genetika-plzen.nullable.group\/de\/vysetreni-reprodukcni-genetiky\/prubeh-terapie-s-preimplantacnim-genetickym-vysetrenim\/\" \/>\n<meta property=\"og:site_name\" content=\"Genetika Plze\u0148\" \/>\n<meta property=\"article:modified_time\" content=\"2025-09-16T02:09:06+00:00\" \/>\n<meta name=\"twitter:card\" content=\"summary_large_image\" \/>\n<meta name=\"twitter:label1\" content=\"Est. reading time\" \/>\n\t<meta name=\"twitter:data1\" content=\"2 minutes\" \/>\n<script type=\"application\/ld+json\" class=\"yoast-schema-graph\">{\"@context\":\"https:\/\/schema.org\",\"@graph\":[{\"@type\":\"WebPage\",\"@id\":\"https:\/\/genetika-plzen.nullable.group\/en\/vysetreni-reprodukcni-genetiky\/prubeh-terapie-s-preimplantacnim-genetickym-vysetrenim\/\",\"url\":\"https:\/\/genetika-plzen.nullable.group\/en\/vysetreni-reprodukcni-genetiky\/prubeh-terapie-s-preimplantacnim-genetickym-vysetrenim\/\",\"name\":\"Pr\u016fb\u011bh terapie s preimplanta\u010dn\u00edm genetick\u00fdm vy\u0161et\u0159en\u00edm | Genetika Plze\u0148\",\"isPartOf\":{\"@id\":\"https:\/\/genetika-plzen.nullable.group\/#website\"},\"datePublished\":\"2024-02-15T17:36:45+00:00\",\"dateModified\":\"2025-09-16T02:09:06+00:00\",\"breadcrumb\":{\"@id\":\"https:\/\/genetika-plzen.nullable.group\/en\/vysetreni-reprodukcni-genetiky\/prubeh-terapie-s-preimplantacnim-genetickym-vysetrenim\/#breadcrumb\"},\"inLanguage\":\"de-DE-formal\",\"potentialAction\":[{\"@type\":\"ReadAction\",\"target\":[\"https:\/\/genetika-plzen.nullable.group\/en\/vysetreni-reprodukcni-genetiky\/prubeh-terapie-s-preimplantacnim-genetickym-vysetrenim\/\"]}]},{\"@type\":\"BreadcrumbList\",\"@id\":\"https:\/\/genetika-plzen.nullable.group\/en\/vysetreni-reprodukcni-genetiky\/prubeh-terapie-s-preimplantacnim-genetickym-vysetrenim\/#breadcrumb\",\"itemListElement\":[{\"@type\":\"ListItem\",\"position\":1,\"name\":\"Home\",\"item\":\"https:\/\/genetika-plzen.nullable.group\/\"},{\"@type\":\"ListItem\",\"position\":2,\"name\":\"Vy\u0161et\u0159en\u00ed reproduk\u010dn\u00ed genetiky\",\"item\":\"https:\/\/genetika-plzen.nullable.group\/vysetreni-reprodukcni-genetiky\/\"},{\"@type\":\"ListItem\",\"position\":3,\"name\":\"Pr\u016fb\u011bh terapie s preimplanta\u010dn\u00edm genetick\u00fdm vy\u0161et\u0159en\u00edm\"}]},{\"@type\":\"WebSite\",\"@id\":\"https:\/\/genetika-plzen.nullable.group\/#website\",\"url\":\"https:\/\/genetika-plzen.nullable.group\/\",\"name\":\"Genetika Plze\u0148\",\"description\":\"Genetika Plze\u0148\",\"publisher\":{\"@id\":\"https:\/\/genetika-plzen.nullable.group\/#organization\"},\"potentialAction\":[{\"@type\":\"SearchAction\",\"target\":{\"@type\":\"EntryPoint\",\"urlTemplate\":\"https:\/\/genetika-plzen.nullable.group\/?s={search_term_string}\"},\"query-input\":\"required name=search_term_string\"}],\"inLanguage\":\"de-DE-formal\"},{\"@type\":\"Organization\",\"@id\":\"https:\/\/genetika-plzen.nullable.group\/#organization\",\"name\":\"Genetika Plze\u0148\",\"url\":\"https:\/\/genetika-plzen.nullable.group\/\",\"logo\":{\"@type\":\"ImageObject\",\"inLanguage\":\"de-DE-formal\",\"@id\":\"https:\/\/genetika-plzen.nullable.group\/#\/schema\/logo\/image\/\",\"url\":\"https:\/\/genetika-plzen.nullable.group\/wp-content\/uploads\/2022\/07\/logo2.svg\",\"contentUrl\":\"https:\/\/genetika-plzen.nullable.group\/wp-content\/uploads\/2022\/07\/logo2.svg\",\"width\":286,\"height\":95,\"caption\":\"Genetika Plze\u0148\"},\"image\":{\"@id\":\"https:\/\/genetika-plzen.nullable.group\/#\/schema\/logo\/image\/\"}}]}<\/script>\n<!-- \/ Yoast SEO plugin. -->","yoast_head_json":{"title":"Pr\u016fb\u011bh terapie s preimplanta\u010dn\u00edm genetick\u00fdm vy\u0161et\u0159en\u00edm | Genetika Plze\u0148","robots":{"index":"index","follow":"follow","max-snippet":"max-snippet:-1","max-image-preview":"max-image-preview:large","max-video-preview":"max-video-preview:-1"},"canonical":"https:\/\/genetika-plzen.nullable.group\/de\/vysetreni-reprodukcni-genetiky\/prubeh-terapie-s-preimplantacnim-genetickym-vysetrenim\/","og_locale":"de_DE","og_type":"article","og_title":"Pr\u016fb\u011bh terapie s preimplanta\u010dn\u00edm genetick\u00fdm vy\u0161et\u0159en\u00edm | Genetika Plze\u0148","og_description":"Prvn\u00ed kontakt s\u00a0na\u0161\u00edm IVF centrem\u00a0 Nejprve si domluv\u00edte term\u00edn prvn\u00edho pohovoru v\u00a0Next Fertility IVF Prof. Zech Pilsen, s.r.o.. Konzultace v\u00a0IVF centru\u00a0 Na \u00favodn\u00ed pohovor do IVF centra se dostav\u00edte s partnerem a spole\u010dn\u011b s l\u00e9ka\u0159em proberete v\u0161echny mo\u017enosti l\u00e9\u010dby. B\u011bhem prvn\u00ed n\u00e1v\u0161t\u011bvy se obvykle prov\u00e1d\u00ed odb\u011br krve, spermiogram partnera a gynekologick\u00e9 vy\u0161et\u0159en\u00ed v\u010detn\u011b ultrazvuku. P\u00e1r [&hellip;]","og_url":"https:\/\/genetika-plzen.nullable.group\/de\/vysetreni-reprodukcni-genetiky\/prubeh-terapie-s-preimplantacnim-genetickym-vysetrenim\/","og_site_name":"Genetika Plze\u0148","article_modified_time":"2025-09-16T02:09:06+00:00","twitter_card":"summary_large_image","twitter_misc":{"Est. reading time":"2 minutes"},"schema":{"@context":"https:\/\/schema.org","@graph":[{"@type":"WebPage","@id":"https:\/\/genetika-plzen.nullable.group\/en\/vysetreni-reprodukcni-genetiky\/prubeh-terapie-s-preimplantacnim-genetickym-vysetrenim\/","url":"https:\/\/genetika-plzen.nullable.group\/en\/vysetreni-reprodukcni-genetiky\/prubeh-terapie-s-preimplantacnim-genetickym-vysetrenim\/","name":"Pr\u016fb\u011bh terapie s preimplanta\u010dn\u00edm genetick\u00fdm vy\u0161et\u0159en\u00edm | Genetika Plze\u0148","isPartOf":{"@id":"https:\/\/genetika-plzen.nullable.group\/#website"},"datePublished":"2024-02-15T17:36:45+00:00","dateModified":"2025-09-16T02:09:06+00:00","breadcrumb":{"@id":"https:\/\/genetika-plzen.nullable.group\/en\/vysetreni-reprodukcni-genetiky\/prubeh-terapie-s-preimplantacnim-genetickym-vysetrenim\/#breadcrumb"},"inLanguage":"de-DE-formal","potentialAction":[{"@type":"ReadAction","target":["https:\/\/genetika-plzen.nullable.group\/en\/vysetreni-reprodukcni-genetiky\/prubeh-terapie-s-preimplantacnim-genetickym-vysetrenim\/"]}]},{"@type":"BreadcrumbList","@id":"https:\/\/genetika-plzen.nullable.group\/en\/vysetreni-reprodukcni-genetiky\/prubeh-terapie-s-preimplantacnim-genetickym-vysetrenim\/#breadcrumb","itemListElement":[{"@type":"ListItem","position":1,"name":"Home","item":"https:\/\/genetika-plzen.nullable.group\/"},{"@type":"ListItem","position":2,"name":"Vy\u0161et\u0159en\u00ed reproduk\u010dn\u00ed genetiky","item":"https:\/\/genetika-plzen.nullable.group\/vysetreni-reprodukcni-genetiky\/"},{"@type":"ListItem","position":3,"name":"Pr\u016fb\u011bh terapie s preimplanta\u010dn\u00edm genetick\u00fdm vy\u0161et\u0159en\u00edm"}]},{"@type":"WebSite","@id":"https:\/\/genetika-plzen.nullable.group\/#website","url":"https:\/\/genetika-plzen.nullable.group\/","name":"Genetika Plze\u0148","description":"Genetika Plze\u0148","publisher":{"@id":"https:\/\/genetika-plzen.nullable.group\/#organization"},"potentialAction":[{"@type":"SearchAction","target":{"@type":"EntryPoint","urlTemplate":"https:\/\/genetika-plzen.nullable.group\/?s={search_term_string}"},"query-input":"required name=search_term_string"}],"inLanguage":"de-DE-formal"},{"@type":"Organization","@id":"https:\/\/genetika-plzen.nullable.group\/#organization","name":"Genetika Plze\u0148","url":"https:\/\/genetika-plzen.nullable.group\/","logo":{"@type":"ImageObject","inLanguage":"de-DE-formal","@id":"https:\/\/genetika-plzen.nullable.group\/#\/schema\/logo\/image\/","url":"https:\/\/genetika-plzen.nullable.group\/wp-content\/uploads\/2022\/07\/logo2.svg","contentUrl":"https:\/\/genetika-plzen.nullable.group\/wp-content\/uploads\/2022\/07\/logo2.svg","width":286,"height":95,"caption":"Genetika Plze\u0148"},"image":{"@id":"https:\/\/genetika-plzen.nullable.group\/#\/schema\/logo\/image\/"}}]}},"_links":{"self":[{"href":"https:\/\/genetika-plzen.nullable.group\/de\/wp-json\/wp\/v2\/pages\/7797","targetHints":{"allow":["GET"]}}],"collection":[{"href":"https:\/\/genetika-plzen.nullable.group\/de\/wp-json\/wp\/v2\/pages"}],"about":[{"href":"https:\/\/genetika-plzen.nullable.group\/de\/wp-json\/wp\/v2\/types\/page"}],"author":[{"embeddable":true,"href":"https:\/\/genetika-plzen.nullable.group\/de\/wp-json\/wp\/v2\/users\/9"}],"replies":[{"embeddable":true,"href":"https:\/\/genetika-plzen.nullable.group\/de\/wp-json\/wp\/v2\/comments?post=7797"}],"version-history":[{"count":25,"href":"https:\/\/genetika-plzen.nullable.group\/de\/wp-json\/wp\/v2\/pages\/7797\/revisions"}],"predecessor-version":[{"id":9451,"href":"https:\/\/genetika-plzen.nullable.group\/de\/wp-json\/wp\/v2\/pages\/7797\/revisions\/9451"}],"up":[{"embeddable":true,"href":"https:\/\/genetika-plzen.nullable.group\/de\/wp-json\/wp\/v2\/pages\/7368"}],"wp:attachment":[{"href":"https:\/\/genetika-plzen.nullable.group\/de\/wp-json\/wp\/v2\/media?parent=7797"}],"wp:term":[{"taxonomy":"service-area","embeddable":true,"href":"https:\/\/genetika-plzen.nullable.group\/de\/wp-json\/wp\/v2\/service-area?post=7797"}],"curies":[{"name":"wp","href":"https:\/\/api.w.org\/{rel}","templated":true}]}}