{"id":8028,"date":"2024-02-16T00:27:42","date_gmt":"2024-02-15T23:27:42","guid":{"rendered":"https:\/\/genetika-plzen.nullable.group\/?page_id=8028"},"modified":"2024-02-19T20:54:20","modified_gmt":"2024-02-19T19:54:20","slug":"genetika-west","status":"publish","type":"page","link":"https:\/\/genetika-plzen.nullable.group\/de\/genetika-west\/","title":{"rendered":"Genetik West"},"content":{"rendered":"<div data-elementor-type=\"wp-page\" data-elementor-id=\"8028\" class=\"elementor elementor-8028\">\n\t\t\t\t<div class=\"elementor-element elementor-element-cf2b8ce e-flex e-con-boxed e-con e-parent\" data-id=\"cf2b8ce\" data-element_type=\"container\" data-e-type=\"container\">\n\t\t\t\t\t<div class=\"e-con-inner\">\n\t\t\t\t<div class=\"elementor-element elementor-element-632545a elementor-widget elementor-widget-spacer\" data-id=\"632545a\" data-element_type=\"widget\" data-e-type=\"widget\" data-widget_type=\"spacer.default\">\n\t\t\t\t<div class=\"elementor-widget-container\">\n\t\t\t\t\t\t\t<div class=\"elementor-spacer\">\n\t\t\t<div class=\"elementor-spacer-inner\"><\/div>\n\t\t<\/div>\n\t\t\t\t\t\t<\/div>\n\t\t\t\t<\/div>\n\t\t\t\t\t<\/div>\n\t\t\t\t<\/div>\n\t\t<div class=\"elementor-element elementor-element-c273d4f e-flex e-con-boxed e-con e-parent\" data-id=\"c273d4f\" data-element_type=\"container\" data-e-type=\"container\">\n\t\t\t\t\t<div class=\"e-con-inner\">\n\t\t<div class=\"elementor-element elementor-element-2c73f15 e-flex e-con-boxed e-con e-parent\" data-id=\"2c73f15\" data-element_type=\"container\" data-e-type=\"container\">\n\t\t\t\t\t<div class=\"e-con-inner\">\n\t\t<div class=\"elementor-element elementor-element-819058c e-flex e-con-boxed e-con e-parent\" data-id=\"819058c\" data-element_type=\"container\" data-e-type=\"container\">\n\t\t\t\t\t<div class=\"e-con-inner\">\n\t\t\t\t<div class=\"elementor-element elementor-element-b0dcc02 elementor-widget elementor-widget-text-editor\" data-id=\"b0dcc02\" data-element_type=\"widget\" data-e-type=\"widget\" data-widget_type=\"text-editor.default\">\n\t\t\t\t<div class=\"elementor-widget-container\">\n\t\t\t\t\t\t\t\t\t<p>In der hiesigen Genetik-Ambulanz wird eine komplette <a href=\"https:\/\/genetika-plzen.nullable.group\/de\/geneticka-ambulance\/lekarska-genetika-geneticke-vysetreni\/\">genetische Beratung<\/a> einschlie\u00dflich der anschlie\u00dfenden <a href=\"\/de\/\">Laboruntersuchungen<\/a>, mit Ausnahme der USG-Untersuchungen und invasiven pr\u00e4natalen Untersuchungen von Schwangeren. Diese Untersuchungen werden in den Ambulanzen in Pilsen angeboten. Im \u00dcbrigen entspricht das Leistungsangebot den in Pilsen angebotenen Leistungen.<\/p>\n\n<p class=\" translation-block\"><br><\/p>\n\n<p>&nbsp;<\/p>\n\n<p><a href=\"https:\/\/genetika-plzen.nullable.group\/de\/genetika-west\/postup-pro-vyrizovani-stiznosti-genetika-west\/\">Postup pro&nbsp;vy\u0159izov\u00e1n\u00ed st\u00ed\u017enost\u00ed<\/a><\/p>\t\t\t\t\t\t\t\t<\/div>\n\t\t\t\t<\/div>\n\t\t\t\t\t<\/div>\n\t\t\t\t<\/div>\n\t\t<div class=\"elementor-element elementor-element-ee4f5a0 e-flex e-con-boxed e-con e-parent\" data-id=\"ee4f5a0\" data-element_type=\"container\" data-e-type=\"container\">\n\t\t\t\t\t<div class=\"e-con-inner\">\n\t\t\t\t<div class=\"elementor-element elementor-element-65c95dc elementor-widget elementor-widget-google_maps\" data-id=\"65c95dc\" data-element_type=\"widget\" data-e-type=\"widget\" data-widget_type=\"google_maps.default\">\n\t\t\t\t<div class=\"elementor-widget-container\">\n\t\t\t\t\t\t\t<div class=\"elementor-custom-embed\">\n\t\t\t<iframe loading=\"lazy\"\n\t\t\t\t\tsrc=\"https:\/\/maps.google.com\/maps?q=B%C4%9Blehradsk%C3%A1%201042%2F14%2C%20360%2001%20Karlovy%20Vary%201&#038;t=m&#038;z=10&#038;output=embed&#038;iwloc=near\"\n\t\t\t\t\ttitle=\"B\u011blehradsk\u00e1 1042\/14, 360 01 Karlovy Vary 1\"\n\t\t\t\t\taria-label=\"B\u011blehradsk\u00e1 1042\/14, 360 01 Karlovy Vary 1\"\n\t\t\t><\/iframe>\n\t\t<\/div>\n\t\t\t\t\t\t<\/div>\n\t\t\t\t<\/div>\n\t\t\t\t\t<\/div>\n\t\t\t\t<\/div>\n\t\t\t\t\t<\/div>\n\t\t\t\t<\/div>\n\t\t<div class=\"elementor-element elementor-element-945c580 e-flex e-con-boxed e-con e-parent\" data-id=\"945c580\" data-element_type=\"container\" data-e-type=\"container\">\n\t\t\t\t\t<div class=\"e-con-inner\">\n\t\t<div class=\"elementor-element elementor-element-9bea67c e-flex e-con-boxed e-con e-parent\" data-id=\"9bea67c\" data-element_type=\"container\" data-e-type=\"container\">\n\t\t\t\t\t<div class=\"e-con-inner\">\n\t\t\t\t<div class=\"elementor-element elementor-element-e2a56a4 elementor-widget elementor-widget-text-editor\" data-id=\"e2a56a4\" data-element_type=\"widget\" data-e-type=\"widget\" data-widget_type=\"text-editor.default\">\n\t\t\t\t<div class=\"elementor-widget-container\">\n\t\t\t\t\t\t\t\t\t<p><strong>Genetika West, s.r.o.<\/strong><br>\n\t\t\tB\u011blehradsk\u00e1 1042\/14,<br>\n\t\t\t360&nbsp;01&nbsp;Karlovy Vary<\/p>\n\n\t\t\t<p><strong>Identifikationsnummer:<\/strong> 29106567<br>\n\t\t\t<strong>Steueridentifikationsnummer:<\/strong> CZ699004286<br>\n\t\t\t<strong>Aktenzeichen:&nbsp;<\/strong><br>\n\t\t\tEingetragen beim Landgericht in Pilsen,\nAktenzeichen C 25151<\/p>\t\t\t\t\t\t\t\t<\/div>\n\t\t\t\t<\/div>\n\t\t\t\t\t<\/div>\n\t\t\t\t<\/div>\n\t\t<div class=\"elementor-element elementor-element-07b38a6 e-flex e-con-boxed e-con e-parent\" data-id=\"07b38a6\" data-element_type=\"container\" data-e-type=\"container\">\n\t\t\t\t\t<div class=\"e-con-inner\">\n\t\t\t\t<div class=\"elementor-element elementor-element-a55abc9 elementor-widget elementor-widget-text-editor\" data-id=\"a55abc9\" data-element_type=\"widget\" data-e-type=\"widget\" data-widget_type=\"text-editor.default\">\n\t\t\t\t<div class=\"elementor-widget-container\">\n\t\t\t\t\t\t\t\t\t<p><strong>Terminvereinbarung<\/strong><\/p>\n\n\t\t\t<table>\n\t\t\t\t<tbody>\n\t\t\t\t\t<tr>\n\t\t\t\t\t\t<td colspan=\"2\"><img decoding=\"async\" alt=\"\" src=\"https:\/\/www.genetika-plzen.cz\/media\/editor\/icon_phone.svg\" style=\"height:20px; width:20px\"><\/td>\n\t\t\t\t\t\t<td><a href=\"tel: 420353433958\">+420&nbsp;353&nbsp;433&nbsp;958<\/a><\/td>\n\t\t\t\t\t<\/tr>\n\t\t\t\t\t<tr>\n\t\t\t\t\t\t<td colspan=\"2\"><img decoding=\"async\" alt=\"\" src=\"https:\/\/www.genetika-plzen.cz\/media\/editor\/icon_phone.svg\" style=\"height:20px; width:20px\"><\/td>\n\t\t\t\t\t\t<td><strong><a href=\"https:\/\/www.genetika-plzen.cz\/+420&nbsp;702&nbsp;007&nbsp;312\">+420&nbsp;702&nbsp;<\/a><a href=\"https:\/\/www.genetika-plzen.cz\/+420&nbsp;702&nbsp;270&nbsp;911\">270&nbsp;911<\/a>&nbsp;<\/strong><\/td>\n\t\t\t\t\t<\/tr>\n\t\t\t\t\t<tr>\n\t\t\t\t\t\t<td colspan=\"2\"><img decoding=\"async\" alt=\"\" src=\"https:\/\/www.genetika-plzen.cz\/media\/editor\/icon_email.svg\" style=\"height:20px; width:20px\"><\/td>\n\t\t\t\t\t\t<td><a href=\"mailto:recepce@genetika-plzen.cz\">recepce@genetika-plzen.cz<\/a><br>\n\t\t\t\t\t\t<br><\/td>\n\t\t\t\t\t<\/tr>\n\t\t\t\t<\/tbody>\n\t\t\t<\/table>\n\n\t\t\t<p>&nbsp;<strong>Gesch\u00e4ftszeiten der Ambulanz<\/strong><\/p>\n\n\t\t\t\n\t\t\t\t\n\t\t\t\t\t<table class=\"doba\"><tbody><tr>\n\t\t\t\t\t\t<td>Montag:<\/td>\n\t\t\t\t\t\t<td><strong>8:00&nbsp;&#8211; 15:00<\/strong><\/td>\n\t\t\t\t\t<\/tr>\n\t\t\t\t\t<tr>\n\t\t\t\t\t\t<td>Dienstag:<\/td>\n\t\t\t\t\t\t<td><strong>8:00&nbsp;&#8211; 15:00<\/strong><\/td>\n\t\t\t\t\t<\/tr>\n\t\t\t\t\t<tr>\n\t\t\t\t\t\t<td>Mittwoch:<\/td>\n\t\t\t\t\t\t<td><strong>8:00&nbsp;&#8211; 15:00<\/strong><\/td>\n\t\t\t\t\t<\/tr>\n\t\t\t\t\t<tr>\n\t\t\t\t\t\t<td>Donnerstag:<\/td>\n\t\t\t\t\t\t<td><strong>8:00&nbsp;&#8211; 15:00<\/strong><\/td>\n\t\t\t\t\t<\/tr>\n\t\t\t\t\t<tr>\n\t\t\t\t\t\t<td>Freitag:<\/td>\n\t\t\t\t\t\t<td><strong>8:00&nbsp;&#8211; 15:00<\/strong><\/td>\n\t\t\t\t\t<\/tr>\n\t\t\t\t\t<tr>\n\t\t\t\t\t\t<td>Samstag:<\/td>\n\t\t\t\t\t\t<td>geschlossen<\/td>\n\t\t\t\t\t<\/tr>\n\t\t\t\t\t<tr>\n\t\t\t\t\t\t<td>Sonntag:<\/td>\n\t\t\t\t\t\t<td>geschlossen<\/td><\/tr><\/tbody><\/table>\t\t\t\t\t\t\t\t<\/div>\n\t\t\t\t<\/div>\n\t\t\t\t\t<\/div>\n\t\t\t\t<\/div>\n\t\t\t\t\t<\/div>\n\t\t\t\t<\/div>\n\t\t\t\t\t<\/div>\n\t\t\t\t<\/div>\n\t\t\t\t<\/div>","protected":false},"excerpt":{"rendered":"<p>Na&nbsp;zdej\u0161\u00ed genetick\u00e9 ambulanci prov\u00e1d\u00edme kompletn\u00ed genetick\u00e9 poradenstv\u00ed v\u010detn\u011b navazuj\u00edc\u00edch laboratorn\u00edch vy\u0161et\u0159en\u00ed, krom\u011b USG vy\u0161et\u0159en\u00ed t\u011bhotn\u00fdch \u017een a&nbsp;krom\u011b invazivn\u00edch prenat\u00e1ln\u00edch vy\u0161et\u0159en\u00ed t\u011bhotn\u00fdch. Tato vy\u0161et\u0159en\u00ed je mo\u017en\u00e9 zajistit na&nbsp;na\u0161\u00ed ambulanci v&nbsp;Plzni. Spole\u010dnost Genetika West, s.r.o. se&nbsp;s\u00eddlem B\u011blehradsk\u00e1 1042\/14, 360&nbsp;01&nbsp;Karlovy Vary veden\u00e1 u&nbsp;Krajsk\u00e9ho soudu v&nbsp;Plzni sp. zn. C 25151, I\u010cO&nbsp;29106567&nbsp;je \u010dlenem koncernu Skupina NEXTCLINICS. &nbsp; Postup pro&nbsp;vy\u0159izov\u00e1n\u00ed st\u00ed\u017enost\u00ed [&hellip;]<\/p>","protected":false},"author":9,"featured_media":0,"parent":0,"menu_order":0,"comment_status":"closed","ping_status":"closed","template":"","meta":{"footnotes":""},"service-area":[39],"class_list":["post-8028","page","type-page","status-publish","hentry","service-area-genetika-west"],"yoast_head":"<!-- This site is optimized with the Yoast SEO plugin v20.2 - https:\/\/yoast.com\/wordpress\/plugins\/seo\/ -->\n<title>Genetika West | Genetika Plze\u0148<\/title>\n<meta name=\"robots\" content=\"index, follow, max-snippet:-1, max-image-preview:large, max-video-preview:-1\" \/>\n<link rel=\"canonical\" href=\"https:\/\/genetika-plzen.nullable.group\/de\/genetika-west\/\" \/>\n<meta property=\"og:locale\" content=\"de_DE\" \/>\n<meta property=\"og:type\" content=\"article\" \/>\n<meta property=\"og:title\" content=\"Genetika West | Genetika Plze\u0148\" \/>\n<meta property=\"og:description\" content=\"Na&nbsp;zdej\u0161\u00ed genetick\u00e9 ambulanci prov\u00e1d\u00edme kompletn\u00ed genetick\u00e9 poradenstv\u00ed v\u010detn\u011b navazuj\u00edc\u00edch laboratorn\u00edch vy\u0161et\u0159en\u00ed, krom\u011b USG vy\u0161et\u0159en\u00ed t\u011bhotn\u00fdch \u017een a&nbsp;krom\u011b invazivn\u00edch prenat\u00e1ln\u00edch vy\u0161et\u0159en\u00ed t\u011bhotn\u00fdch. Tato vy\u0161et\u0159en\u00ed je mo\u017en\u00e9 zajistit na&nbsp;na\u0161\u00ed ambulanci v&nbsp;Plzni. Spole\u010dnost Genetika West, s.r.o. se&nbsp;s\u00eddlem B\u011blehradsk\u00e1 1042\/14, 360&nbsp;01&nbsp;Karlovy Vary veden\u00e1 u&nbsp;Krajsk\u00e9ho soudu v&nbsp;Plzni sp. zn. C 25151, I\u010cO&nbsp;29106567&nbsp;je \u010dlenem koncernu Skupina NEXTCLINICS. &nbsp; Postup pro&nbsp;vy\u0159izov\u00e1n\u00ed st\u00ed\u017enost\u00ed [&hellip;]\" \/>\n<meta property=\"og:url\" content=\"https:\/\/genetika-plzen.nullable.group\/de\/genetika-west\/\" \/>\n<meta property=\"og:site_name\" content=\"Genetika Plze\u0148\" \/>\n<meta property=\"article:modified_time\" content=\"2024-02-19T19:54:20+00:00\" \/>\n<meta property=\"og:image\" content=\"https:\/\/www.genetika-plzen.cz\/media\/editor\/icon_phone.svg\" \/>\n<meta name=\"twitter:card\" content=\"summary_large_image\" \/>\n<meta name=\"twitter:label1\" content=\"Est. reading time\" \/>\n\t<meta name=\"twitter:data1\" content=\"2 minutes\" \/>\n<script type=\"application\/ld+json\" class=\"yoast-schema-graph\">{\"@context\":\"https:\/\/schema.org\",\"@graph\":[{\"@type\":\"WebPage\",\"@id\":\"https:\/\/genetika-plzen.nullable.group\/genetika-west\/\",\"url\":\"https:\/\/genetika-plzen.nullable.group\/genetika-west\/\",\"name\":\"Genetika West | Genetika Plze\u0148\",\"isPartOf\":{\"@id\":\"https:\/\/genetika-plzen.nullable.group\/#website\"},\"datePublished\":\"2024-02-15T23:27:42+00:00\",\"dateModified\":\"2024-02-19T19:54:20+00:00\",\"breadcrumb\":{\"@id\":\"https:\/\/genetika-plzen.nullable.group\/genetika-west\/#breadcrumb\"},\"inLanguage\":\"de-DE-formal\",\"potentialAction\":[{\"@type\":\"ReadAction\",\"target\":[\"https:\/\/genetika-plzen.nullable.group\/genetika-west\/\"]}]},{\"@type\":\"BreadcrumbList\",\"@id\":\"https:\/\/genetika-plzen.nullable.group\/genetika-west\/#breadcrumb\",\"itemListElement\":[{\"@type\":\"ListItem\",\"position\":1,\"name\":\"Home\",\"item\":\"https:\/\/genetika-plzen.nullable.group\/\"},{\"@type\":\"ListItem\",\"position\":2,\"name\":\"Genetika West\"}]},{\"@type\":\"WebSite\",\"@id\":\"https:\/\/genetika-plzen.nullable.group\/#website\",\"url\":\"https:\/\/genetika-plzen.nullable.group\/\",\"name\":\"Genetika Plze\u0148\",\"description\":\"Genetika Plze\u0148\",\"publisher\":{\"@id\":\"https:\/\/genetika-plzen.nullable.group\/#organization\"},\"potentialAction\":[{\"@type\":\"SearchAction\",\"target\":{\"@type\":\"EntryPoint\",\"urlTemplate\":\"https:\/\/genetika-plzen.nullable.group\/?s={search_term_string}\"},\"query-input\":\"required name=search_term_string\"}],\"inLanguage\":\"de-DE-formal\"},{\"@type\":\"Organization\",\"@id\":\"https:\/\/genetika-plzen.nullable.group\/#organization\",\"name\":\"Genetika Plze\u0148\",\"url\":\"https:\/\/genetika-plzen.nullable.group\/\",\"logo\":{\"@type\":\"ImageObject\",\"inLanguage\":\"de-DE-formal\",\"@id\":\"https:\/\/genetika-plzen.nullable.group\/#\/schema\/logo\/image\/\",\"url\":\"https:\/\/genetika-plzen.nullable.group\/wp-content\/uploads\/2022\/07\/logo2.svg\",\"contentUrl\":\"https:\/\/genetika-plzen.nullable.group\/wp-content\/uploads\/2022\/07\/logo2.svg\",\"width\":286,\"height\":95,\"caption\":\"Genetika Plze\u0148\"},\"image\":{\"@id\":\"https:\/\/genetika-plzen.nullable.group\/#\/schema\/logo\/image\/\"}}]}<\/script>\n<!-- \/ Yoast SEO plugin. -->","yoast_head_json":{"title":"Genetika West | Genetika Plze\u0148","robots":{"index":"index","follow":"follow","max-snippet":"max-snippet:-1","max-image-preview":"max-image-preview:large","max-video-preview":"max-video-preview:-1"},"canonical":"https:\/\/genetika-plzen.nullable.group\/de\/genetika-west\/","og_locale":"de_DE","og_type":"article","og_title":"Genetika West | Genetika Plze\u0148","og_description":"Na&nbsp;zdej\u0161\u00ed genetick\u00e9 ambulanci prov\u00e1d\u00edme kompletn\u00ed genetick\u00e9 poradenstv\u00ed v\u010detn\u011b navazuj\u00edc\u00edch laboratorn\u00edch vy\u0161et\u0159en\u00ed, krom\u011b USG vy\u0161et\u0159en\u00ed t\u011bhotn\u00fdch \u017een a&nbsp;krom\u011b invazivn\u00edch prenat\u00e1ln\u00edch vy\u0161et\u0159en\u00ed t\u011bhotn\u00fdch. Tato vy\u0161et\u0159en\u00ed je mo\u017en\u00e9 zajistit na&nbsp;na\u0161\u00ed ambulanci v&nbsp;Plzni. Spole\u010dnost Genetika West, s.r.o. se&nbsp;s\u00eddlem B\u011blehradsk\u00e1 1042\/14, 360&nbsp;01&nbsp;Karlovy Vary veden\u00e1 u&nbsp;Krajsk\u00e9ho soudu v&nbsp;Plzni sp. zn. C 25151, I\u010cO&nbsp;29106567&nbsp;je \u010dlenem koncernu Skupina NEXTCLINICS. &nbsp; Postup pro&nbsp;vy\u0159izov\u00e1n\u00ed st\u00ed\u017enost\u00ed [&hellip;]","og_url":"https:\/\/genetika-plzen.nullable.group\/de\/genetika-west\/","og_site_name":"Genetika Plze\u0148","article_modified_time":"2024-02-19T19:54:20+00:00","og_image":[{"url":"https:\/\/www.genetika-plzen.cz\/media\/editor\/icon_phone.svg"}],"twitter_card":"summary_large_image","twitter_misc":{"Est. reading time":"2 minutes"},"schema":{"@context":"https:\/\/schema.org","@graph":[{"@type":"WebPage","@id":"https:\/\/genetika-plzen.nullable.group\/genetika-west\/","url":"https:\/\/genetika-plzen.nullable.group\/genetika-west\/","name":"Genetika West | Genetika Plze\u0148","isPartOf":{"@id":"https:\/\/genetika-plzen.nullable.group\/#website"},"datePublished":"2024-02-15T23:27:42+00:00","dateModified":"2024-02-19T19:54:20+00:00","breadcrumb":{"@id":"https:\/\/genetika-plzen.nullable.group\/genetika-west\/#breadcrumb"},"inLanguage":"de-DE-formal","potentialAction":[{"@type":"ReadAction","target":["https:\/\/genetika-plzen.nullable.group\/genetika-west\/"]}]},{"@type":"BreadcrumbList","@id":"https:\/\/genetika-plzen.nullable.group\/genetika-west\/#breadcrumb","itemListElement":[{"@type":"ListItem","position":1,"name":"Home","item":"https:\/\/genetika-plzen.nullable.group\/"},{"@type":"ListItem","position":2,"name":"Genetika West"}]},{"@type":"WebSite","@id":"https:\/\/genetika-plzen.nullable.group\/#website","url":"https:\/\/genetika-plzen.nullable.group\/","name":"Genetika Plze\u0148","description":"Genetika Plze\u0148","publisher":{"@id":"https:\/\/genetika-plzen.nullable.group\/#organization"},"potentialAction":[{"@type":"SearchAction","target":{"@type":"EntryPoint","urlTemplate":"https:\/\/genetika-plzen.nullable.group\/?s={search_term_string}"},"query-input":"required name=search_term_string"}],"inLanguage":"de-DE-formal"},{"@type":"Organization","@id":"https:\/\/genetika-plzen.nullable.group\/#organization","name":"Genetika Plze\u0148","url":"https:\/\/genetika-plzen.nullable.group\/","logo":{"@type":"ImageObject","inLanguage":"de-DE-formal","@id":"https:\/\/genetika-plzen.nullable.group\/#\/schema\/logo\/image\/","url":"https:\/\/genetika-plzen.nullable.group\/wp-content\/uploads\/2022\/07\/logo2.svg","contentUrl":"https:\/\/genetika-plzen.nullable.group\/wp-content\/uploads\/2022\/07\/logo2.svg","width":286,"height":95,"caption":"Genetika Plze\u0148"},"image":{"@id":"https:\/\/genetika-plzen.nullable.group\/#\/schema\/logo\/image\/"}}]}},"_links":{"self":[{"href":"https:\/\/genetika-plzen.nullable.group\/de\/wp-json\/wp\/v2\/pages\/8028","targetHints":{"allow":["GET"]}}],"collection":[{"href":"https:\/\/genetika-plzen.nullable.group\/de\/wp-json\/wp\/v2\/pages"}],"about":[{"href":"https:\/\/genetika-plzen.nullable.group\/de\/wp-json\/wp\/v2\/types\/page"}],"author":[{"embeddable":true,"href":"https:\/\/genetika-plzen.nullable.group\/de\/wp-json\/wp\/v2\/users\/9"}],"replies":[{"embeddable":true,"href":"https:\/\/genetika-plzen.nullable.group\/de\/wp-json\/wp\/v2\/comments?post=8028"}],"version-history":[{"count":7,"href":"https:\/\/genetika-plzen.nullable.group\/de\/wp-json\/wp\/v2\/pages\/8028\/revisions"}],"predecessor-version":[{"id":8176,"href":"https:\/\/genetika-plzen.nullable.group\/de\/wp-json\/wp\/v2\/pages\/8028\/revisions\/8176"}],"wp:attachment":[{"href":"https:\/\/genetika-plzen.nullable.group\/de\/wp-json\/wp\/v2\/media?parent=8028"}],"wp:term":[{"taxonomy":"service-area","embeddable":true,"href":"https:\/\/genetika-plzen.nullable.group\/de\/wp-json\/wp\/v2\/service-area?post=8028"}],"curies":[{"name":"wp","href":"https:\/\/api.w.org\/{rel}","templated":true}]}}