{"id":8041,"date":"2024-02-16T00:34:13","date_gmt":"2024-02-15T23:34:13","guid":{"rendered":"https:\/\/genetika-plzen.nullable.group\/?page_id=8041"},"modified":"2024-02-16T00:35:52","modified_gmt":"2024-02-15T23:35:52","slug":"postup-pro-vyrizovani-stiznosti-genetika-plzen","status":"publish","type":"page","link":"https:\/\/genetika-plzen.nullable.group\/de\/postup-pro-vyrizovani-stiznosti-genetika-plzen\/","title":{"rendered":"Beschwerdeverfahren - Genetika Plze\u0148"},"content":{"rendered":"<div data-elementor-type=\"wp-page\" data-elementor-id=\"8041\" class=\"elementor elementor-8041\">\n\t\t\t\t<div class=\"elementor-element elementor-element-3f95c5d e-flex e-con-boxed e-con e-parent\" data-id=\"3f95c5d\" data-element_type=\"container\" data-e-type=\"container\">\n\t\t\t\t\t<div class=\"e-con-inner\">\n\t\t\t\t<div class=\"elementor-element elementor-element-47e747f elementor-widget elementor-widget-spacer\" data-id=\"47e747f\" data-element_type=\"widget\" data-e-type=\"widget\" data-widget_type=\"spacer.default\">\n\t\t\t\t<div class=\"elementor-widget-container\">\n\t\t\t\t\t\t\t<div class=\"elementor-spacer\">\n\t\t\t<div class=\"elementor-spacer-inner\"><\/div>\n\t\t<\/div>\n\t\t\t\t\t\t<\/div>\n\t\t\t\t<\/div>\n\t\t\t\t\t<\/div>\n\t\t\t\t<\/div>\n\t\t<div class=\"elementor-element elementor-element-44ca1a8 e-flex e-con-boxed e-con e-parent\" data-id=\"44ca1a8\" data-element_type=\"container\" data-e-type=\"container\">\n\t\t\t\t\t<div class=\"e-con-inner\">\n\t\t\t\t<div class=\"elementor-element elementor-element-7e1fcba elementor-widget elementor-widget-text-editor\" data-id=\"7e1fcba\" data-element_type=\"widget\" data-e-type=\"widget\" data-widget_type=\"text-editor.default\">\n\t\t\t\t<div class=\"elementor-widget-container\">\n\t\t\t\t\t\t\t\t\t<p>V&nbsp;souladu se&nbsp;z\u00e1konem \u010d.&nbsp;372\/2011&nbsp;Sb., z\u00e1kon o&nbsp;zdravotn\u00edch slu\u017eb\u00e1ch \na&nbsp;podm\u00ednk\u00e1ch jejich poskytov\u00e1n\u00ed (z\u00e1kon o&nbsp;zdravotn\u00edch slu\u017eb\u00e1ch), ve&nbsp;zn\u011bn\u00ed\n pozd\u011bj\u0161\u00edch p\u0159edpis\u016f (d\u00e1le jen \u201ez\u00e1kon o&nbsp;zdravotn\u00edch slu\u017eb\u00e1ch\u201c) je \nzpracov\u00e1n tento postup pro&nbsp;vy\u0159izov\u00e1n\u00ed st\u00ed\u017enost\u00ed.<br>\nProti postupu poskytovatele zdravotn\u00edch slu\u017eeb p\u0159i&nbsp;poskytov\u00e1n\u00ed \nzdravotn\u00edch slu\u017eeb nebo&nbsp;proti \u010dinnostem souvisej\u00edc\u00edm se&nbsp;zdravotn\u00edmi \nslu\u017ebami m\u016f\u017ee podat st\u00ed\u017enost:<\/p>\n\n<ol start=\"1\" style=\"list-style-type:lower-alpha\"><li>pacient (rozum\u00ed fyzick\u00e1 osoba, kter\u00e9 jsou poskytov\u00e1ny zdravotn\u00ed slu\u017eby)<\/li><li>z\u00e1konn\u00fd z\u00e1stupce nebo&nbsp;opatrovn\u00edk pacienta<\/li><li>osoba bl\u00edzk\u00e1 v&nbsp;p\u0159\u00edpad\u011b, \u017ee pacient tak nem\u016f\u017ee u\u010dinit s&nbsp;ohledem na&nbsp;sv\u016fj zdravotn\u00ed stav nebo&nbsp;pokud zem\u0159el, nebo<\/li><li>osoba zmocn\u011bn\u00e1 pacientem \u2013 v&nbsp;tomto p\u0159\u00edpad\u011b je zmocn\u011bnec povinen \ndolo\u017eit ke sv\u00e9 st\u00ed\u017enosti plnou moc osv\u011bd\u010duj\u00edc\u00ed zmocn\u011bn\u00ed ze&nbsp;strany \npacienta (zmocnitele) a&nbsp;jej\u00ed p\u0159\u00edpadn\u00fd rozsah<\/li><\/ol>\n\n<p>&nbsp;(d\u00e1le jen \u201est\u011b\u017eovatel\u201c).<\/p>\n\n<p>St\u00ed\u017enost se&nbsp;pod\u00e1v\u00e1 poskytovateli, proti kter\u00e9mu sm\u011b\u0159uje; t\u00edm nen\u00ed \ndot\u010dena mo\u017enost podat st\u00ed\u017enost podle jin\u00fdch pr\u00e1vn\u00edch p\u0159edpis\u016f. \nPoskytovatelem zdravotn\u00edch slu\u017eeb se&nbsp;rozum\u00ed fyzick\u00e1 nebo&nbsp;pr\u00e1vnick\u00e1 \nosoba, kter\u00e1 m\u00e1 opr\u00e1vn\u011bn\u00ed k&nbsp;poskytov\u00e1n\u00ed zdravotn\u00edch slu\u017eeb podle z\u00e1kona \no&nbsp;zdravotn\u00edch slu\u017eb\u00e1ch:<\/p>\n\n<table>\n\t<tbody>\n\t\t<tr>\n\t\t\t<th scope=\"row\" style=\"text-align:left\">poskytovatel zdravotn\u00ed p\u00e9\u010de<\/th>\n\t\t\t<td><strong>Genetika Plze\u0148, s.r.o.<\/strong><\/td>\n\t\t<\/tr>\n\t\t<tr>\n\t\t\t<th scope=\"row\" style=\"text-align:left\">adresa s\u00eddla<\/th>\n\t\t\t<td>Parkov\u00e1 1254\/11a, \u010cernice, 326&nbsp;00&nbsp;Plze\u0148<\/td>\n\t\t<\/tr>\n\t\t<tr>\n\t\t\t<th scope=\"row\" style=\"text-align:left\">m\u00edsta pracovi\u0161t\u011b poskytovatele zdravotn\u00ed p\u00e9\u010de<\/th>\n\t\t\t<td>Parkov\u00e1 1254\/11a, \u010cernice, 326&nbsp;00&nbsp;Plze\u0148<\/td>\n\t\t<\/tr>\n\t\t<tr>\n\t\t\t<th scope=\"row\" style=\"text-align:left\">ID datov\u00e9 schr\u00e1nky<\/th>\n\t\t\t<td>jsd72fy<\/td>\n\t\t<\/tr>\n\t\t<tr>\n\t\t\t<th scope=\"row\" style=\"text-align:left\">webov\u00e9 str\u00e1nky<\/th>\n\t\t\t<td>www.genetika-plzen.cz<\/td>\n\t\t<\/tr>\n\t\t<tr>\n\t\t\t<th scope=\"row\" style=\"text-align:left\">e-mail<\/th>\n\t\t\t<td><a href=\"mailto:podatelna@next-clinics.com\">podatelna@next-clinics.com<\/a><\/td>\n\t\t<\/tr>\n\t<\/tbody>\n<\/table>\n\n<p>St\u00ed\u017enosti jsou poskytovatelem zdravotn\u00edch slu\u017eeb p\u0159ij\u00edm\u00e1ny:<\/p>\n\n<ol start=\"1\" style=\"list-style-type:lower-alpha\"><li>telefonicky\n\t<ol start=\"1\" style=\"list-style-type:lower-alpha\"><li>prost\u0159ednictv\u00edm call centra na&nbsp;telefonn\u00edm \u010d\u00edsle 800&nbsp;44&nbsp;22&nbsp;11<\/li><li>pracovn\u00edkovi spole\u010dnosti<\/li><\/ol>\n\t<\/li><li>e-mailem\n\t<ol start=\"1\" style=\"list-style-type:lower-alpha\"><li>prost\u0159ednictv\u00edm centr\u00e1ln\u00edch e-mail\u016f p\u0159ij\u00edman\u00fdch call centrem, \njednotliv\u00e9 e-maily jsou uvedeny na&nbsp;webov\u00fdch str\u00e1nk\u00e1ch poskytovatele \nzdravotn\u00edch slu\u017eeb<\/li><li>na e-mail konkr\u00e9tn\u00edho pracovn\u00edka spole\u010dnosti<br>\n\t\tSt\u00ed\u017enost podanou elektronickou po\u0161tou potvr\u010fte zaru\u010den\u00fdm elektronick\u00fdm podpisem.<\/li><\/ol>\n\t<\/li><li>p\u00edsemn\u011b\n\t<ol start=\"1\" style=\"list-style-type:lower-alpha\"><li>datovou schr\u00e1nkou na&nbsp;ID datov\u00e9 schr\u00e1nky poskytovatele zdravotn\u00edch slu\u017eeb<\/li><li>po\u0161tou na&nbsp;adresu s\u00eddla poskytovatele zdravotn\u00edch slu\u017eeb \u010di&nbsp;na&nbsp;adresu m\u00edsta pracovi\u0161t\u011b poskytovatele zdravotn\u00edch slu\u017eeb<\/li><\/ol>\n\t<\/li><li>osobn\u011b na&nbsp;adrese s\u00eddla poskytovatele zdravotn\u00edch slu\u017eeb \n\u010di&nbsp;na&nbsp;adrese m\u00edsta pracovi\u0161t\u011b poskytovatele zdravotn\u00edch slu\u017eeb, p\u0159i\u010dem\u017e \no&nbsp;\u00fastn\u00edm pod\u00e1n\u00ed st\u00ed\u017enosti bude seps\u00e1n z\u00e1znam, kter\u00fd st\u011b\u017eovatel podep\u00ed\u0161e.<br>\n\tPokud bude st\u00ed\u017enost pod\u00e1na osobn\u011b bez&nbsp;p\u00edsemn\u00e9ho dolo\u017een\u00ed, bude \nse&nbsp;st\u011b\u017eovatelem seps\u00e1na st\u00ed\u017enost na&nbsp;m\u00edst\u011b, kterou n\u00e1sledn\u011b st\u011b\u017eovatel \npotvrd\u00ed sv\u00fdm podpisem.<\/li><\/ol>\n\n<p>N\u00e1le\u017eitosti st\u00ed\u017enosti:<\/p>\n\n<ol><li>jm\u00e9no, p\u0159\u00edjmen\u00ed a&nbsp;adresa st\u011b\u017eovatele (p\u0159\u00edpadn\u011b telefonn\u00ed kontakt a&nbsp;e-mail)<\/li><li>ozna\u010den\u00ed poskytovatele zdravotn\u00edch slu\u017eeb \u2013 n\u00e1zev zdravotnick\u00e9ho \nza\u0159\u00edzen\u00ed nebo&nbsp;jm\u00e9no a&nbsp;p\u0159\u00edjmen\u00ed l\u00e9ka\u0159e, proti kter\u00e9mu st\u00ed\u017enost sm\u011b\u0159uje<\/li><li>od\u016fvodn\u011bn\u00ed st\u00ed\u017enosti a&nbsp;stru\u010dn\u00fd popis ud\u00e1losti (uveden\u00ed konkr\u00e9tn\u00edch \nkomplikac\u00ed \u010di&nbsp;konkr\u00e9tn\u00ed chov\u00e1n\u00ed \u010di&nbsp;postup a&nbsp;p\u0159\u00edpadn\u00e9 uveden\u00ed dopadu \na&nbsp;n\u00e1sledk\u016f tohoto postupu\u2026)<\/li><li>datum a&nbsp;podpis st\u011b\u017eovatele<\/li><\/ol>\n\n<p>Pokud st\u00ed\u017enost nebude obsahovat ve\u0161ker\u00e9 pot\u0159ebn\u00e9 \u00fadaje, bude \nst\u011b\u017eovatel vyzv\u00e1n, aby tyto doplnil, nebo\u0165 v&nbsp;opa\u010dn\u00e9m p\u0159\u00edpad\u011b hroz\u00ed, \u017ee \nst\u00ed\u017enost nebude moci b\u00fdt projedn\u00e1na.<br>\nPod\u00e1n\u00ed st\u00ed\u017enosti nesm\u00ed b\u00fdt osob\u011b, kter\u00e1 ji podala, nebo&nbsp;pacientovi, jeho\u017e se&nbsp;st\u00ed\u017enost t\u00fdk\u00e1, na&nbsp;\u00fajmu.<\/p>\n\n<p>Veden\u00ed poskytovatele zdravotn\u00edch slu\u017eeb zaeviduje a&nbsp;pokud je \nk&nbsp;projedn\u00e1n\u00ed st\u00ed\u017enosti p\u0159\u00edslu\u0161n\u00fd, tak pro\u0161et\u0159\u00ed ka\u017edou p\u0159ijatou st\u00ed\u017enost.\n Pokud by se&nbsp;jednalo o&nbsp;st\u00ed\u017enost, k&nbsp;jej\u00edmu\u017e vy\u0159\u00edzen\u00ed je poskytovatel \nzdravotn\u00edch slu\u017eeb nep\u0159\u00edslu\u0161n\u00fd, je povinen tuto st\u00ed\u017enost do&nbsp;5&nbsp;dn\u016f ode \ndne jej\u00edho obdr\u017een\u00ed prokazateln\u011b postoupit v\u011bcn\u011b p\u0159\u00edslu\u0161n\u00e9mu subjektu, \no&nbsp;\u010dem\u017e bude st\u011b\u017eovatele informovat.<br>\nPoskytovatel zdravotn\u00edch slu\u017eeb navrhne st\u011b\u017eovateli \u00fastn\u00ed projedn\u00e1n\u00ed \nst\u00ed\u017enosti, pokud je to s&nbsp;ohledem na&nbsp;charakter st\u00ed\u017enosti vhodn\u00e9. P\u0159ijat\u00e9 \nst\u00ed\u017enosti mus\u00ed b\u00fdt vy\u0159\u00edzeny do&nbsp;30&nbsp;dn\u016f od&nbsp;data doru\u010den\u00ed. Nen\u00ed-li mo\u017en\u00e9 \ndodr\u017eet term\u00edn pro&nbsp;vy\u0159\u00edzen\u00ed st\u00ed\u017enosti informuje o&nbsp;t\u00e9to skute\u010dnosti \nposkytovatel zdravotn\u00edch slu\u017eeb st\u011b\u017eovatele s&nbsp;uveden\u00edm d\u016fvodu a&nbsp;nov\u00e9ho \nterm\u00ednu, do&nbsp;kdy bude st\u00ed\u017enost vy\u0159e\u0161ena, p\u0159i\u010dem\u017e lh\u016fta pro&nbsp;vy\u0159\u00edzen\u00ed \nst\u00ed\u017enosti m\u016f\u017ee b\u00fdt prodlou\u017eena v&nbsp;od\u016fvodn\u011bn\u00fdch p\u0159\u00edpadech o&nbsp;30&nbsp;dn\u016f.<br>\nV&nbsp;pr\u016fb\u011bhu \u0159e\u0161en\u00ed st\u00ed\u017enosti m\u00e1 st\u011b\u017eovatel pr\u00e1vo nahl\u00ed\u017eet do&nbsp;konkr\u00e9tn\u00edho st\u00ed\u017enostn\u00edho spisu a&nbsp;po\u0159izovat z&nbsp;n\u011bj kopie.<\/p>\n\n<p>Pokud st\u011b\u017eovatel s&nbsp;vy\u0159\u00edzen\u00edm st\u00ed\u017enosti nesouhlas\u00ed, m\u016f\u017ee podat \nst\u00ed\u017enost p\u0159\u00edslu\u0161n\u00e9mu spr\u00e1vn\u00edmu org\u00e1nu, kter\u00fd tomuto poskytovateli \nzdravotn\u00edch slu\u017eeb ud\u011blil opr\u00e1vn\u011bn\u00ed k&nbsp;poskytov\u00e1n\u00ed zdravotn\u00edch slu\u017eeb. \nZ\u00e1rove\u0148 uvede d\u016fvody nesouhlasu s&nbsp;vy\u0159\u00edzen\u00edm st\u00ed\u017enosti poskytovatelem \nzdravotn\u00edch slu\u017eeb.&nbsp;<br>\nPoskytovatel zdravotnick\u00fdch slu\u017eeb je povinen poskytnout p\u0159\u00edslu\u0161n\u00e9mu \nspr\u00e1vn\u00edmu org\u00e1nu na&nbsp;jeho vy\u017e\u00e1d\u00e1n\u00ed v\u010dasnou a&nbsp;nutnou sou\u010dinnost; to plat\u00ed \ni&nbsp;pro&nbsp;poskytovatele zdravotn\u00edch slu\u017eeb, kter\u00fd poskytl souvisej\u00edc\u00ed \nzdravotn\u00ed slu\u017eby.<br>\n\u0158e\u0161en\u00ed st\u00ed\u017enosti spr\u00e1vn\u00edm org\u00e1nem podl\u00e9h\u00e1 \u00a7 94&nbsp;z\u00e1kona o&nbsp;zdravotn\u00edch slu\u017eb\u00e1ch.<\/p>\t\t\t\t\t\t\t\t<\/div>\n\t\t\t\t<\/div>\n\t\t\t\t\t<\/div>\n\t\t\t\t<\/div>\n\t\t<div class=\"elementor-element elementor-element-4c9bb9c e-flex e-con-boxed e-con e-parent\" data-id=\"4c9bb9c\" data-element_type=\"container\" data-e-type=\"container\">\n\t\t\t\t\t<div class=\"e-con-inner\">\n\t\t\t\t<div class=\"elementor-element elementor-element-266c536 elementor-button-info elementor-widget elementor-widget-button\" data-id=\"266c536\" data-element_type=\"widget\" data-e-type=\"widget\" data-widget_type=\"button.default\">\n\t\t\t\t<div class=\"elementor-widget-container\">\n\t\t\t\t\t\t\t\t\t<div class=\"elementor-button-wrapper\">\n\t\t\t\t\t<a class=\"elementor-button elementor-button-link elementor-size-sm\" href=\"https:\/\/genetika-plzen.nullable.group\/de\/genetika-west\/postup-pro-vyrizovani-stiznosti-genetika-west\/\">\n\t\t\t\t\t\t<span class=\"elementor-button-content-wrapper\">\n\t\t\t\t\t\t\t\t\t<span class=\"elementor-button-text\">Postup pro Genetiku West<\/span>\n\t\t\t\t\t<\/span>\n\t\t\t\t\t<\/a>\n\t\t\t\t<\/div>\n\t\t\t\t\t\t\t\t<\/div>\n\t\t\t\t<\/div>\n\t\t\t\t\t<\/div>\n\t\t\t\t<\/div>\n\t\t<div class=\"elementor-element elementor-element-f9f01f3 e-flex e-con-boxed e-con e-parent\" data-id=\"f9f01f3\" data-element_type=\"container\" data-e-type=\"container\">\n\t\t\t\t\t<div class=\"e-con-inner\">\n\t\t\t\t<div class=\"elementor-element elementor-element-bae89fb elementor-widget elementor-widget-spacer\" data-id=\"bae89fb\" data-element_type=\"widget\" data-e-type=\"widget\" data-widget_type=\"spacer.default\">\n\t\t\t\t<div class=\"elementor-widget-container\">\n\t\t\t\t\t\t\t<div class=\"elementor-spacer\">\n\t\t\t<div class=\"elementor-spacer-inner\"><\/div>\n\t\t<\/div>\n\t\t\t\t\t\t<\/div>\n\t\t\t\t<\/div>\n\t\t\t\t\t<\/div>\n\t\t\t\t<\/div>\n\t\t\t\t<\/div>","protected":false},"excerpt":{"rendered":"<p>V&nbsp;souladu se&nbsp;z\u00e1konem \u010d.&nbsp;372\/2011&nbsp;Sb., z\u00e1kon o&nbsp;zdravotn\u00edch slu\u017eb\u00e1ch a&nbsp;podm\u00ednk\u00e1ch jejich poskytov\u00e1n\u00ed (z\u00e1kon o&nbsp;zdravotn\u00edch slu\u017eb\u00e1ch), ve&nbsp;zn\u011bn\u00ed pozd\u011bj\u0161\u00edch p\u0159edpis\u016f (d\u00e1le jen \u201ez\u00e1kon o&nbsp;zdravotn\u00edch slu\u017eb\u00e1ch\u201c) je zpracov\u00e1n tento postup pro&nbsp;vy\u0159izov\u00e1n\u00ed st\u00ed\u017enost\u00ed. Proti postupu poskytovatele zdravotn\u00edch slu\u017eeb p\u0159i&nbsp;poskytov\u00e1n\u00ed zdravotn\u00edch slu\u017eeb nebo&nbsp;proti \u010dinnostem souvisej\u00edc\u00edm se&nbsp;zdravotn\u00edmi slu\u017ebami m\u016f\u017ee podat st\u00ed\u017enost: pacient (rozum\u00ed fyzick\u00e1 osoba, kter\u00e9 jsou poskytov\u00e1ny zdravotn\u00ed slu\u017eby) z\u00e1konn\u00fd z\u00e1stupce nebo&nbsp;opatrovn\u00edk pacienta [&hellip;]<\/p>","protected":false},"author":9,"featured_media":0,"parent":0,"menu_order":0,"comment_status":"closed","ping_status":"closed","template":"","meta":{"footnotes":""},"service-area":[40],"class_list":["post-8041","page","type-page","status-publish","hentry","service-area-genetika-plzen"],"yoast_head":"<!-- This site is optimized with the Yoast SEO plugin v20.2 - https:\/\/yoast.com\/wordpress\/plugins\/seo\/ -->\n<title>Postup pro vy\u0159izov\u00e1n\u00ed st\u00ed\u017enost\u00ed - Genetika Plze\u0148 | Genetika Plze\u0148<\/title>\n<meta name=\"robots\" content=\"index, follow, max-snippet:-1, max-image-preview:large, max-video-preview:-1\" \/>\n<link rel=\"canonical\" href=\"https:\/\/genetika-plzen.nullable.group\/de\/postup-pro-vyrizovani-stiznosti-genetika-plzen\/\" \/>\n<meta property=\"og:locale\" content=\"de_DE\" \/>\n<meta property=\"og:type\" content=\"article\" \/>\n<meta property=\"og:title\" content=\"Postup pro vy\u0159izov\u00e1n\u00ed st\u00ed\u017enost\u00ed - Genetika Plze\u0148 | Genetika Plze\u0148\" \/>\n<meta property=\"og:description\" content=\"V&nbsp;souladu se&nbsp;z\u00e1konem \u010d.&nbsp;372\/2011&nbsp;Sb., z\u00e1kon o&nbsp;zdravotn\u00edch slu\u017eb\u00e1ch a&nbsp;podm\u00ednk\u00e1ch jejich poskytov\u00e1n\u00ed (z\u00e1kon o&nbsp;zdravotn\u00edch slu\u017eb\u00e1ch), ve&nbsp;zn\u011bn\u00ed pozd\u011bj\u0161\u00edch p\u0159edpis\u016f (d\u00e1le jen \u201ez\u00e1kon o&nbsp;zdravotn\u00edch slu\u017eb\u00e1ch\u201c) je zpracov\u00e1n tento postup pro&nbsp;vy\u0159izov\u00e1n\u00ed st\u00ed\u017enost\u00ed. Proti postupu poskytovatele zdravotn\u00edch slu\u017eeb p\u0159i&nbsp;poskytov\u00e1n\u00ed zdravotn\u00edch slu\u017eeb nebo&nbsp;proti \u010dinnostem souvisej\u00edc\u00edm se&nbsp;zdravotn\u00edmi slu\u017ebami m\u016f\u017ee podat st\u00ed\u017enost: pacient (rozum\u00ed fyzick\u00e1 osoba, kter\u00e9 jsou poskytov\u00e1ny zdravotn\u00ed slu\u017eby) z\u00e1konn\u00fd z\u00e1stupce nebo&nbsp;opatrovn\u00edk pacienta [&hellip;]\" \/>\n<meta property=\"og:url\" content=\"https:\/\/genetika-plzen.nullable.group\/de\/postup-pro-vyrizovani-stiznosti-genetika-plzen\/\" \/>\n<meta property=\"og:site_name\" content=\"Genetika Plze\u0148\" \/>\n<meta property=\"article:modified_time\" content=\"2024-02-15T23:35:52+00:00\" \/>\n<meta name=\"twitter:card\" content=\"summary_large_image\" \/>\n<meta name=\"twitter:label1\" content=\"Est. reading time\" \/>\n\t<meta name=\"twitter:data1\" content=\"3 minutes\" \/>\n<script type=\"application\/ld+json\" class=\"yoast-schema-graph\">{\"@context\":\"https:\/\/schema.org\",\"@graph\":[{\"@type\":\"WebPage\",\"@id\":\"https:\/\/genetika-plzen.nullable.group\/postup-pro-vyrizovani-stiznosti-genetika-plzen\/\",\"url\":\"https:\/\/genetika-plzen.nullable.group\/postup-pro-vyrizovani-stiznosti-genetika-plzen\/\",\"name\":\"Postup pro vy\u0159izov\u00e1n\u00ed st\u00ed\u017enost\u00ed - Genetika Plze\u0148 | Genetika Plze\u0148\",\"isPartOf\":{\"@id\":\"https:\/\/genetika-plzen.nullable.group\/#website\"},\"datePublished\":\"2024-02-15T23:34:13+00:00\",\"dateModified\":\"2024-02-15T23:35:52+00:00\",\"breadcrumb\":{\"@id\":\"https:\/\/genetika-plzen.nullable.group\/postup-pro-vyrizovani-stiznosti-genetika-plzen\/#breadcrumb\"},\"inLanguage\":\"de-DE-formal\",\"potentialAction\":[{\"@type\":\"ReadAction\",\"target\":[\"https:\/\/genetika-plzen.nullable.group\/postup-pro-vyrizovani-stiznosti-genetika-plzen\/\"]}]},{\"@type\":\"BreadcrumbList\",\"@id\":\"https:\/\/genetika-plzen.nullable.group\/postup-pro-vyrizovani-stiznosti-genetika-plzen\/#breadcrumb\",\"itemListElement\":[{\"@type\":\"ListItem\",\"position\":1,\"name\":\"Home\",\"item\":\"https:\/\/genetika-plzen.nullable.group\/\"},{\"@type\":\"ListItem\",\"position\":2,\"name\":\"Postup pro vy\u0159izov\u00e1n\u00ed st\u00ed\u017enost\u00ed &#8211; Genetika Plze\u0148\"}]},{\"@type\":\"WebSite\",\"@id\":\"https:\/\/genetika-plzen.nullable.group\/#website\",\"url\":\"https:\/\/genetika-plzen.nullable.group\/\",\"name\":\"Genetika Plze\u0148\",\"description\":\"Genetika Plze\u0148\",\"publisher\":{\"@id\":\"https:\/\/genetika-plzen.nullable.group\/#organization\"},\"potentialAction\":[{\"@type\":\"SearchAction\",\"target\":{\"@type\":\"EntryPoint\",\"urlTemplate\":\"https:\/\/genetika-plzen.nullable.group\/?s={search_term_string}\"},\"query-input\":\"required name=search_term_string\"}],\"inLanguage\":\"de-DE-formal\"},{\"@type\":\"Organization\",\"@id\":\"https:\/\/genetika-plzen.nullable.group\/#organization\",\"name\":\"Genetika Plze\u0148\",\"url\":\"https:\/\/genetika-plzen.nullable.group\/\",\"logo\":{\"@type\":\"ImageObject\",\"inLanguage\":\"de-DE-formal\",\"@id\":\"https:\/\/genetika-plzen.nullable.group\/#\/schema\/logo\/image\/\",\"url\":\"https:\/\/genetika-plzen.nullable.group\/wp-content\/uploads\/2022\/07\/logo2.svg\",\"contentUrl\":\"https:\/\/genetika-plzen.nullable.group\/wp-content\/uploads\/2022\/07\/logo2.svg\",\"width\":286,\"height\":95,\"caption\":\"Genetika Plze\u0148\"},\"image\":{\"@id\":\"https:\/\/genetika-plzen.nullable.group\/#\/schema\/logo\/image\/\"}}]}<\/script>\n<!-- \/ Yoast SEO plugin. -->","yoast_head_json":{"title":"Postup pro vy\u0159izov\u00e1n\u00ed st\u00ed\u017enost\u00ed - Genetika Plze\u0148 | Genetika Plze\u0148","robots":{"index":"index","follow":"follow","max-snippet":"max-snippet:-1","max-image-preview":"max-image-preview:large","max-video-preview":"max-video-preview:-1"},"canonical":"https:\/\/genetika-plzen.nullable.group\/de\/postup-pro-vyrizovani-stiznosti-genetika-plzen\/","og_locale":"de_DE","og_type":"article","og_title":"Postup pro vy\u0159izov\u00e1n\u00ed st\u00ed\u017enost\u00ed - Genetika Plze\u0148 | Genetika Plze\u0148","og_description":"V&nbsp;souladu se&nbsp;z\u00e1konem \u010d.&nbsp;372\/2011&nbsp;Sb., z\u00e1kon o&nbsp;zdravotn\u00edch slu\u017eb\u00e1ch a&nbsp;podm\u00ednk\u00e1ch jejich poskytov\u00e1n\u00ed (z\u00e1kon o&nbsp;zdravotn\u00edch slu\u017eb\u00e1ch), ve&nbsp;zn\u011bn\u00ed pozd\u011bj\u0161\u00edch p\u0159edpis\u016f (d\u00e1le jen \u201ez\u00e1kon o&nbsp;zdravotn\u00edch slu\u017eb\u00e1ch\u201c) je zpracov\u00e1n tento postup pro&nbsp;vy\u0159izov\u00e1n\u00ed st\u00ed\u017enost\u00ed. Proti postupu poskytovatele zdravotn\u00edch slu\u017eeb p\u0159i&nbsp;poskytov\u00e1n\u00ed zdravotn\u00edch slu\u017eeb nebo&nbsp;proti \u010dinnostem souvisej\u00edc\u00edm se&nbsp;zdravotn\u00edmi slu\u017ebami m\u016f\u017ee podat st\u00ed\u017enost: pacient (rozum\u00ed fyzick\u00e1 osoba, kter\u00e9 jsou poskytov\u00e1ny zdravotn\u00ed slu\u017eby) z\u00e1konn\u00fd z\u00e1stupce nebo&nbsp;opatrovn\u00edk pacienta [&hellip;]","og_url":"https:\/\/genetika-plzen.nullable.group\/de\/postup-pro-vyrizovani-stiznosti-genetika-plzen\/","og_site_name":"Genetika Plze\u0148","article_modified_time":"2024-02-15T23:35:52+00:00","twitter_card":"summary_large_image","twitter_misc":{"Est. reading time":"3 minutes"},"schema":{"@context":"https:\/\/schema.org","@graph":[{"@type":"WebPage","@id":"https:\/\/genetika-plzen.nullable.group\/postup-pro-vyrizovani-stiznosti-genetika-plzen\/","url":"https:\/\/genetika-plzen.nullable.group\/postup-pro-vyrizovani-stiznosti-genetika-plzen\/","name":"Postup pro vy\u0159izov\u00e1n\u00ed st\u00ed\u017enost\u00ed - Genetika Plze\u0148 | Genetika Plze\u0148","isPartOf":{"@id":"https:\/\/genetika-plzen.nullable.group\/#website"},"datePublished":"2024-02-15T23:34:13+00:00","dateModified":"2024-02-15T23:35:52+00:00","breadcrumb":{"@id":"https:\/\/genetika-plzen.nullable.group\/postup-pro-vyrizovani-stiznosti-genetika-plzen\/#breadcrumb"},"inLanguage":"de-DE-formal","potentialAction":[{"@type":"ReadAction","target":["https:\/\/genetika-plzen.nullable.group\/postup-pro-vyrizovani-stiznosti-genetika-plzen\/"]}]},{"@type":"BreadcrumbList","@id":"https:\/\/genetika-plzen.nullable.group\/postup-pro-vyrizovani-stiznosti-genetika-plzen\/#breadcrumb","itemListElement":[{"@type":"ListItem","position":1,"name":"Home","item":"https:\/\/genetika-plzen.nullable.group\/"},{"@type":"ListItem","position":2,"name":"Postup pro vy\u0159izov\u00e1n\u00ed st\u00ed\u017enost\u00ed &#8211; Genetika Plze\u0148"}]},{"@type":"WebSite","@id":"https:\/\/genetika-plzen.nullable.group\/#website","url":"https:\/\/genetika-plzen.nullable.group\/","name":"Genetika Plze\u0148","description":"Genetika Plze\u0148","publisher":{"@id":"https:\/\/genetika-plzen.nullable.group\/#organization"},"potentialAction":[{"@type":"SearchAction","target":{"@type":"EntryPoint","urlTemplate":"https:\/\/genetika-plzen.nullable.group\/?s={search_term_string}"},"query-input":"required name=search_term_string"}],"inLanguage":"de-DE-formal"},{"@type":"Organization","@id":"https:\/\/genetika-plzen.nullable.group\/#organization","name":"Genetika Plze\u0148","url":"https:\/\/genetika-plzen.nullable.group\/","logo":{"@type":"ImageObject","inLanguage":"de-DE-formal","@id":"https:\/\/genetika-plzen.nullable.group\/#\/schema\/logo\/image\/","url":"https:\/\/genetika-plzen.nullable.group\/wp-content\/uploads\/2022\/07\/logo2.svg","contentUrl":"https:\/\/genetika-plzen.nullable.group\/wp-content\/uploads\/2022\/07\/logo2.svg","width":286,"height":95,"caption":"Genetika Plze\u0148"},"image":{"@id":"https:\/\/genetika-plzen.nullable.group\/#\/schema\/logo\/image\/"}}]}},"_links":{"self":[{"href":"https:\/\/genetika-plzen.nullable.group\/de\/wp-json\/wp\/v2\/pages\/8041","targetHints":{"allow":["GET"]}}],"collection":[{"href":"https:\/\/genetika-plzen.nullable.group\/de\/wp-json\/wp\/v2\/pages"}],"about":[{"href":"https:\/\/genetika-plzen.nullable.group\/de\/wp-json\/wp\/v2\/types\/page"}],"author":[{"embeddable":true,"href":"https:\/\/genetika-plzen.nullable.group\/de\/wp-json\/wp\/v2\/users\/9"}],"replies":[{"embeddable":true,"href":"https:\/\/genetika-plzen.nullable.group\/de\/wp-json\/wp\/v2\/comments?post=8041"}],"version-history":[{"count":8,"href":"https:\/\/genetika-plzen.nullable.group\/de\/wp-json\/wp\/v2\/pages\/8041\/revisions"}],"predecessor-version":[{"id":8050,"href":"https:\/\/genetika-plzen.nullable.group\/de\/wp-json\/wp\/v2\/pages\/8041\/revisions\/8050"}],"wp:attachment":[{"href":"https:\/\/genetika-plzen.nullable.group\/de\/wp-json\/wp\/v2\/media?parent=8041"}],"wp:term":[{"taxonomy":"service-area","embeddable":true,"href":"https:\/\/genetika-plzen.nullable.group\/de\/wp-json\/wp\/v2\/service-area?post=8041"}],"curies":[{"name":"wp","href":"https:\/\/api.w.org\/{rel}","templated":true}]}}