{"id":8087,"date":"2024-02-16T00:49:09","date_gmt":"2024-02-15T23:49:09","guid":{"rendered":"https:\/\/genetika-plzen.nullable.group\/?page_id=8087"},"modified":"2024-02-16T00:49:50","modified_gmt":"2024-02-15T23:49:50","slug":"spolupracujeme","status":"publish","type":"page","link":"https:\/\/genetika-plzen.nullable.group\/de\/spolupracujeme\/","title":{"rendered":"Zusammenarbeit"},"content":{"rendered":"<div data-elementor-type=\"wp-page\" data-elementor-id=\"8087\" class=\"elementor elementor-8087\">\n\t\t\t\t<div class=\"elementor-element elementor-element-ff8c744 e-flex e-con-boxed e-con e-parent\" data-id=\"ff8c744\" data-element_type=\"container\" data-e-type=\"container\">\n\t\t\t\t\t<div class=\"e-con-inner\">\n\t\t\t\t<div class=\"elementor-element elementor-element-056109a elementor-widget elementor-widget-spacer\" data-id=\"056109a\" data-element_type=\"widget\" data-e-type=\"widget\" data-widget_type=\"spacer.default\">\n\t\t\t\t<div class=\"elementor-widget-container\">\n\t\t\t\t\t\t\t<div class=\"elementor-spacer\">\n\t\t\t<div class=\"elementor-spacer-inner\"><\/div>\n\t\t<\/div>\n\t\t\t\t\t\t<\/div>\n\t\t\t\t<\/div>\n\t\t\t\t\t<\/div>\n\t\t\t\t<\/div>\n\t\t<div class=\"elementor-element elementor-element-4bb202a e-flex e-con-boxed e-con e-parent\" data-id=\"4bb202a\" data-element_type=\"container\" data-e-type=\"container\">\n\t\t\t\t\t<div class=\"e-con-inner\">\n\t\t\t\t<div class=\"elementor-element elementor-element-e27d93e elementor-widget elementor-widget-text-editor\" data-id=\"e27d93e\" data-element_type=\"widget\" data-e-type=\"widget\" data-widget_type=\"text-editor.default\">\n\t\t\t\t<div class=\"elementor-widget-container\">\n\t\t\t\t\t\t\t\t\t<h2>Kollaborierendes Krankenhaus in Pilsen<\/h2>\n\n<ul><li><a href=\"http:\/\/gpk.fnplzen.cz\/\" target=\"_blank\">Gynekologicko-porodnick\u00e1 klinika Fakultn\u00ed nemocnice Plze\u0148<\/a><\/li><li><a href=\"http:\/\/www.mulacovanemocnice.cz\/oddeleni\/gynekologicko-porodnicke\/\" target=\"_blank\">Gynekologicko-porodnick\u00e9 odd\u011blen\u00ed Mula\u010dova nemocnice<\/a>&nbsp;<\/li><\/ul>\n\n<h2>Kollaborierendes Krankenhaus in der Karlsbader Region<\/h2>\n\n<ul><li><a href=\"https:\/\/nemkv.cz\/gynekologicko-porodnick%C3%A9-odd%C4%9Blen%C3%AD.html#!\/home-tab\" target=\"_blank\">Gynekologicko-porodnick\u00e9 odd\u011blen\u00ed Karlovarsk\u00e1 nemocnice<\/a><\/li><\/ul>\n\n<h2>Kooperationszentren<\/h2>\n\n<ul><li><a href=\"https:\/\/www.gest.cz\/\" target=\"_blank\">N<\/a><a href=\"http:\/\/www.next-fertilityprague.cz\" target=\"_blank\">EXT FERTILITY PRAGUE<\/a><\/li><li><a href=\"http:\/\/www.ivf-institut.cz\">NEXT FERTILITY PILSEN<\/a><\/li><li><a href=\"https:\/\/www.ivf-cube.eu\/\" target=\"_blank\">CUBE<\/a><\/li><li><a href=\"http:\/\/www.natalart.cz\/\" target=\"_blank\">NATALART<\/a><\/li><li><a href=\"http:\/\/www.ivf-kv.cz\/\" target=\"_blank\">REPRODUK\u010cN\u00cd CENTRUM KARLOVY VARY<\/a><\/li><\/ul>\t\t\t\t\t\t\t\t<\/div>\n\t\t\t\t<\/div>\n\t\t\t\t\t<\/div>\n\t\t\t\t<\/div>\n\t\t<div class=\"elementor-element elementor-element-54c08ba e-flex e-con-boxed e-con e-parent\" data-id=\"54c08ba\" data-element_type=\"container\" data-e-type=\"container\">\n\t\t\t\t\t<div class=\"e-con-inner\">\n\t\t\t\t<div class=\"elementor-element elementor-element-29ce8ba elementor-widget elementor-widget-spacer\" data-id=\"29ce8ba\" data-element_type=\"widget\" data-e-type=\"widget\" data-widget_type=\"spacer.default\">\n\t\t\t\t<div class=\"elementor-widget-container\">\n\t\t\t\t\t\t\t<div class=\"elementor-spacer\">\n\t\t\t<div class=\"elementor-spacer-inner\"><\/div>\n\t\t<\/div>\n\t\t\t\t\t\t<\/div>\n\t\t\t\t<\/div>\n\t\t\t\t\t<\/div>\n\t\t\t\t<\/div>\n\t\t\t\t<\/div>","protected":false},"excerpt":{"rendered":"<p>Spolupracuj\u00edc\u00ed nemocnice v&nbsp;Plzni Gynekologicko-porodnick\u00e1 klinika Fakultn\u00ed nemocnice Plze\u0148 Gynekologicko-porodnick\u00e9 odd\u011blen\u00ed Mula\u010dova nemocnice&nbsp; Spolupracuj\u00edc\u00ed nemocnice v&nbsp;Karlov\u00fdch Varech a&nbsp;okol\u00ed Gynekologicko-porodnick\u00e9 odd\u011blen\u00ed Karlovarsk\u00e1 nemocnice Spolupracuj\u00edc\u00ed centra NEXT FERTILITY PRAGUE NEXT FERTILITY PILSEN CUBE NATALART REPRODUK\u010cN\u00cd CENTRUM KARLOVY VARY<\/p>","protected":false},"author":9,"featured_media":0,"parent":0,"menu_order":0,"comment_status":"closed","ping_status":"closed","template":"","meta":{"footnotes":""},"service-area":[40],"class_list":["post-8087","page","type-page","status-publish","hentry","service-area-genetika-plzen"],"yoast_head":"<!-- This site is optimized with the Yoast SEO plugin v20.2 - https:\/\/yoast.com\/wordpress\/plugins\/seo\/ -->\n<title>Spolupracujeme | Genetika Plze\u0148<\/title>\n<meta name=\"robots\" content=\"index, follow, max-snippet:-1, max-image-preview:large, max-video-preview:-1\" \/>\n<link rel=\"canonical\" href=\"https:\/\/genetika-plzen.nullable.group\/de\/spolupracujeme\/\" \/>\n<meta property=\"og:locale\" content=\"de_DE\" \/>\n<meta property=\"og:type\" content=\"article\" \/>\n<meta property=\"og:title\" content=\"Spolupracujeme | Genetika Plze\u0148\" \/>\n<meta property=\"og:description\" content=\"Spolupracuj\u00edc\u00ed nemocnice v&nbsp;Plzni Gynekologicko-porodnick\u00e1 klinika Fakultn\u00ed nemocnice Plze\u0148 Gynekologicko-porodnick\u00e9 odd\u011blen\u00ed Mula\u010dova nemocnice&nbsp; Spolupracuj\u00edc\u00ed nemocnice v&nbsp;Karlov\u00fdch Varech a&nbsp;okol\u00ed Gynekologicko-porodnick\u00e9 odd\u011blen\u00ed Karlovarsk\u00e1 nemocnice Spolupracuj\u00edc\u00ed centra NEXT FERTILITY PRAGUE NEXT FERTILITY PILSEN CUBE NATALART REPRODUK\u010cN\u00cd CENTRUM KARLOVY VARY\" \/>\n<meta property=\"og:url\" content=\"https:\/\/genetika-plzen.nullable.group\/de\/spolupracujeme\/\" \/>\n<meta property=\"og:site_name\" content=\"Genetika Plze\u0148\" \/>\n<meta property=\"article:modified_time\" content=\"2024-02-15T23:49:50+00:00\" \/>\n<meta name=\"twitter:card\" content=\"summary_large_image\" \/>\n<meta name=\"twitter:label1\" content=\"Est. reading time\" \/>\n\t<meta name=\"twitter:data1\" content=\"1 minute\" \/>\n<script type=\"application\/ld+json\" class=\"yoast-schema-graph\">{\"@context\":\"https:\/\/schema.org\",\"@graph\":[{\"@type\":\"WebPage\",\"@id\":\"https:\/\/genetika-plzen.nullable.group\/spolupracujeme\/\",\"url\":\"https:\/\/genetika-plzen.nullable.group\/spolupracujeme\/\",\"name\":\"Spolupracujeme | Genetika Plze\u0148\",\"isPartOf\":{\"@id\":\"https:\/\/genetika-plzen.nullable.group\/#website\"},\"datePublished\":\"2024-02-15T23:49:09+00:00\",\"dateModified\":\"2024-02-15T23:49:50+00:00\",\"breadcrumb\":{\"@id\":\"https:\/\/genetika-plzen.nullable.group\/spolupracujeme\/#breadcrumb\"},\"inLanguage\":\"de-DE-formal\",\"potentialAction\":[{\"@type\":\"ReadAction\",\"target\":[\"https:\/\/genetika-plzen.nullable.group\/spolupracujeme\/\"]}]},{\"@type\":\"BreadcrumbList\",\"@id\":\"https:\/\/genetika-plzen.nullable.group\/spolupracujeme\/#breadcrumb\",\"itemListElement\":[{\"@type\":\"ListItem\",\"position\":1,\"name\":\"Home\",\"item\":\"https:\/\/genetika-plzen.nullable.group\/\"},{\"@type\":\"ListItem\",\"position\":2,\"name\":\"Spolupracujeme\"}]},{\"@type\":\"WebSite\",\"@id\":\"https:\/\/genetika-plzen.nullable.group\/#website\",\"url\":\"https:\/\/genetika-plzen.nullable.group\/\",\"name\":\"Genetika Plze\u0148\",\"description\":\"Genetika Plze\u0148\",\"publisher\":{\"@id\":\"https:\/\/genetika-plzen.nullable.group\/#organization\"},\"potentialAction\":[{\"@type\":\"SearchAction\",\"target\":{\"@type\":\"EntryPoint\",\"urlTemplate\":\"https:\/\/genetika-plzen.nullable.group\/?s={search_term_string}\"},\"query-input\":\"required name=search_term_string\"}],\"inLanguage\":\"de-DE-formal\"},{\"@type\":\"Organization\",\"@id\":\"https:\/\/genetika-plzen.nullable.group\/#organization\",\"name\":\"Genetika Plze\u0148\",\"url\":\"https:\/\/genetika-plzen.nullable.group\/\",\"logo\":{\"@type\":\"ImageObject\",\"inLanguage\":\"de-DE-formal\",\"@id\":\"https:\/\/genetika-plzen.nullable.group\/#\/schema\/logo\/image\/\",\"url\":\"https:\/\/genetika-plzen.nullable.group\/wp-content\/uploads\/2022\/07\/logo2.svg\",\"contentUrl\":\"https:\/\/genetika-plzen.nullable.group\/wp-content\/uploads\/2022\/07\/logo2.svg\",\"width\":286,\"height\":95,\"caption\":\"Genetika Plze\u0148\"},\"image\":{\"@id\":\"https:\/\/genetika-plzen.nullable.group\/#\/schema\/logo\/image\/\"}}]}<\/script>\n<!-- \/ Yoast SEO plugin. -->","yoast_head_json":{"title":"Spolupracujeme | Genetika Plze\u0148","robots":{"index":"index","follow":"follow","max-snippet":"max-snippet:-1","max-image-preview":"max-image-preview:large","max-video-preview":"max-video-preview:-1"},"canonical":"https:\/\/genetika-plzen.nullable.group\/de\/spolupracujeme\/","og_locale":"de_DE","og_type":"article","og_title":"Spolupracujeme | Genetika Plze\u0148","og_description":"Spolupracuj\u00edc\u00ed nemocnice v&nbsp;Plzni Gynekologicko-porodnick\u00e1 klinika Fakultn\u00ed nemocnice Plze\u0148 Gynekologicko-porodnick\u00e9 odd\u011blen\u00ed Mula\u010dova nemocnice&nbsp; Spolupracuj\u00edc\u00ed nemocnice v&nbsp;Karlov\u00fdch Varech a&nbsp;okol\u00ed Gynekologicko-porodnick\u00e9 odd\u011blen\u00ed Karlovarsk\u00e1 nemocnice Spolupracuj\u00edc\u00ed centra NEXT FERTILITY PRAGUE NEXT FERTILITY PILSEN CUBE NATALART REPRODUK\u010cN\u00cd CENTRUM KARLOVY VARY","og_url":"https:\/\/genetika-plzen.nullable.group\/de\/spolupracujeme\/","og_site_name":"Genetika Plze\u0148","article_modified_time":"2024-02-15T23:49:50+00:00","twitter_card":"summary_large_image","twitter_misc":{"Est. reading time":"1 minute"},"schema":{"@context":"https:\/\/schema.org","@graph":[{"@type":"WebPage","@id":"https:\/\/genetika-plzen.nullable.group\/spolupracujeme\/","url":"https:\/\/genetika-plzen.nullable.group\/spolupracujeme\/","name":"Spolupracujeme | Genetika Plze\u0148","isPartOf":{"@id":"https:\/\/genetika-plzen.nullable.group\/#website"},"datePublished":"2024-02-15T23:49:09+00:00","dateModified":"2024-02-15T23:49:50+00:00","breadcrumb":{"@id":"https:\/\/genetika-plzen.nullable.group\/spolupracujeme\/#breadcrumb"},"inLanguage":"de-DE-formal","potentialAction":[{"@type":"ReadAction","target":["https:\/\/genetika-plzen.nullable.group\/spolupracujeme\/"]}]},{"@type":"BreadcrumbList","@id":"https:\/\/genetika-plzen.nullable.group\/spolupracujeme\/#breadcrumb","itemListElement":[{"@type":"ListItem","position":1,"name":"Home","item":"https:\/\/genetika-plzen.nullable.group\/"},{"@type":"ListItem","position":2,"name":"Spolupracujeme"}]},{"@type":"WebSite","@id":"https:\/\/genetika-plzen.nullable.group\/#website","url":"https:\/\/genetika-plzen.nullable.group\/","name":"Genetika Plze\u0148","description":"Genetika Plze\u0148","publisher":{"@id":"https:\/\/genetika-plzen.nullable.group\/#organization"},"potentialAction":[{"@type":"SearchAction","target":{"@type":"EntryPoint","urlTemplate":"https:\/\/genetika-plzen.nullable.group\/?s={search_term_string}"},"query-input":"required name=search_term_string"}],"inLanguage":"de-DE-formal"},{"@type":"Organization","@id":"https:\/\/genetika-plzen.nullable.group\/#organization","name":"Genetika Plze\u0148","url":"https:\/\/genetika-plzen.nullable.group\/","logo":{"@type":"ImageObject","inLanguage":"de-DE-formal","@id":"https:\/\/genetika-plzen.nullable.group\/#\/schema\/logo\/image\/","url":"https:\/\/genetika-plzen.nullable.group\/wp-content\/uploads\/2022\/07\/logo2.svg","contentUrl":"https:\/\/genetika-plzen.nullable.group\/wp-content\/uploads\/2022\/07\/logo2.svg","width":286,"height":95,"caption":"Genetika Plze\u0148"},"image":{"@id":"https:\/\/genetika-plzen.nullable.group\/#\/schema\/logo\/image\/"}}]}},"_links":{"self":[{"href":"https:\/\/genetika-plzen.nullable.group\/de\/wp-json\/wp\/v2\/pages\/8087","targetHints":{"allow":["GET"]}}],"collection":[{"href":"https:\/\/genetika-plzen.nullable.group\/de\/wp-json\/wp\/v2\/pages"}],"about":[{"href":"https:\/\/genetika-plzen.nullable.group\/de\/wp-json\/wp\/v2\/types\/page"}],"author":[{"embeddable":true,"href":"https:\/\/genetika-plzen.nullable.group\/de\/wp-json\/wp\/v2\/users\/9"}],"replies":[{"embeddable":true,"href":"https:\/\/genetika-plzen.nullable.group\/de\/wp-json\/wp\/v2\/comments?post=8087"}],"version-history":[{"count":4,"href":"https:\/\/genetika-plzen.nullable.group\/de\/wp-json\/wp\/v2\/pages\/8087\/revisions"}],"predecessor-version":[{"id":8094,"href":"https:\/\/genetika-plzen.nullable.group\/de\/wp-json\/wp\/v2\/pages\/8087\/revisions\/8094"}],"wp:attachment":[{"href":"https:\/\/genetika-plzen.nullable.group\/de\/wp-json\/wp\/v2\/media?parent=8087"}],"wp:term":[{"taxonomy":"service-area","embeddable":true,"href":"https:\/\/genetika-plzen.nullable.group\/de\/wp-json\/wp\/v2\/service-area?post=8087"}],"curies":[{"name":"wp","href":"https:\/\/api.w.org\/{rel}","templated":true}]}}