{"id":8158,"date":"2024-02-17T16:02:51","date_gmt":"2024-02-17T15:02:51","guid":{"rendered":"https:\/\/genetika-plzen.nullable.group\/?page_id=8158"},"modified":"2025-09-24T06:01:54","modified_gmt":"2025-09-24T04:01:54","slug":"genetika-plzen","status":"publish","type":"page","link":"https:\/\/genetika-plzen.nullable.group\/de\/genetika-plzen\/","title":{"rendered":"Genetik Pilsen"},"content":{"rendered":"<div data-elementor-type=\"wp-page\" data-elementor-id=\"8158\" class=\"elementor elementor-8158\">\n\t\t\t\t<div class=\"elementor-element elementor-element-aeb9293 e-flex e-con-boxed e-con e-parent\" data-id=\"aeb9293\" data-element_type=\"container\" data-e-type=\"container\">\n\t\t\t\t\t<div class=\"e-con-inner\">\n\t\t\t\t<div class=\"elementor-element elementor-element-20ed48f elementor-widget elementor-widget-spacer\" data-id=\"20ed48f\" data-element_type=\"widget\" data-e-type=\"widget\" data-widget_type=\"spacer.default\">\n\t\t\t\t<div class=\"elementor-widget-container\">\n\t\t\t\t\t\t\t<div class=\"elementor-spacer\">\n\t\t\t<div class=\"elementor-spacer-inner\"><\/div>\n\t\t<\/div>\n\t\t\t\t\t\t<\/div>\n\t\t\t\t<\/div>\n\t\t\t\t\t<\/div>\n\t\t\t\t<\/div>\n\t\t<div class=\"elementor-element elementor-element-8a8972e e-flex e-con-boxed e-con e-parent\" data-id=\"8a8972e\" data-element_type=\"container\" data-e-type=\"container\">\n\t\t\t\t\t<div class=\"e-con-inner\">\n\t\t\t\t<div class=\"elementor-element elementor-element-5987bb6 elementor-widget elementor-widget-text-editor\" data-id=\"5987bb6\" data-element_type=\"widget\" data-e-type=\"widget\" data-widget_type=\"text-editor.default\">\n\t\t\t\t<div class=\"elementor-widget-container\">\n\t\t\t\t\t\t\t\t\t<p>Die Gesellschaft\u00a0<strong>Genetik Pilsen wurde 2002<\/strong>\u00a0von dem f\u00fchrenden tschechischen Genetiker <strong>Dozent Franti\u0161ek Lo\u0161an<\/strong>gegr\u00fcndet. Aus urspr\u00fcnlich einer Ambulanz mit Labor hatte er zusammen mit seinem Sohn Petr innerhalb von zehn Jahren ein\u00a0<strong>modernes Zentrum f\u00fcr klinische Genetik aufgebaut<\/strong>das unter anderem auf die Ultraschall-Detektion von angeborenen Fehlbildungen spezialisiert ist. Dank der Ausstattung mit Ger\u00e4ten, die landesweit zu den modernsten geh\u00f6ren, wird das Pilsner Zentrum auch von ausl\u00e4ndischer Klientel gerne aufgesucht.<\/p><p>Die Gesellschaft <strong>Genetika Plze\u0148, s.r.o.<\/strong> mit Sitz in Parkov\u00e1 1254\/11a, \u010cernice, 326 00 Plze\u0148, eingetragen beim Bezirksgericht in Plze\u0148 unter dem Aktenzeichen C 15141, ID-Nr. 26357623, ist Mitglied des Konzerns <strong><a href=\"https:\/\/next-clinics.com\">NEXTCLINICS-Gruppe<\/a><\/strong>.<\/p><p>Das Hauptportfolio des Unternehmens besteht aus auf die <strong><a href=\"https:\/\/genetika-plzen.nullable.group\/de\/laborator-reprodukcni-imunologie\/\">Reproduktion bezogener genetischer Beratung<\/a><\/strong>. Die Beratung erfolgt auf zwei Grundebenen. Die erste Ebene ist f\u00fcr alle <strong>Schwangeren<\/strong>&nbsp;bestimmt. Dabei handelt es sich um die Planung von Untersuchungen zur m\u00f6glichst sicheren Fr\u00fchentdeckung von <strong><a href=\"https:\/\/genetika-plzen.nullable.group\/de\/geneticka-ambulance\/neinvazivni-vykony\/\">eventuellen angeborenen Fehlbildungen<\/a><\/strong>. Die zweite Ebene ist f\u00fcr <strong>Eltern gedacht<\/strong>, bei denen das Risiko f\u00fcr Fehlbildungen des Kindes erh\u00f6ht ist.<\/p><p><strong>Genetik Pilsen<\/strong> untersucht zum Beispiel auch <strong>p\u00e1ry s\u00a0poruchami plodnosti<\/strong>\u00a0oderoder der\u00a0<strong>Familien<\/strong>, bei denen \u00fcber mehrere Generationen Tumorerkrankungen, Herzinfarkte, Schlaganf\u00e4lle und andere<strong> ernsthafte Erkrankungen<\/strong>&nbsp;aufgetreten sind. Ferner bietet das Unternehmen\u00a0<strong><a href=\"https:\/\/genetika-plzen.nullable.group\/de\/urceni-otcovstvi\/\">Vaterschaftsgutachtenan<\/a><\/strong>.<\/p><p>Der Gro\u00dfteil aller Untersuchungen wird von\u00a0<strong>der Krankenkasse \u00fcbernommen<\/strong>, sofern eine entsprechende medizinische Indikation vorliegt.<\/p>\t\t\t\t\t\t\t\t<\/div>\n\t\t\t\t<\/div>\n\t\t\t\t\t<\/div>\n\t\t\t\t<\/div>\n\t\t<div class=\"elementor-element elementor-element-a13efa4 e-flex e-con-boxed e-con e-parent\" data-id=\"a13efa4\" data-element_type=\"container\" data-e-type=\"container\">\n\t\t\t\t\t<div class=\"e-con-inner\">\n\t\t\t\t<div class=\"elementor-element elementor-element-e3f88ae elementor-widget elementor-widget-image\" data-id=\"e3f88ae\" data-element_type=\"widget\" data-e-type=\"widget\" data-widget_type=\"image.default\">\n\t\t\t\t<div class=\"elementor-widget-container\">\n\t\t\t\t\t\t\t\t\t\t\t\t\t\t\t<img fetchpriority=\"high\" decoding=\"async\" width=\"250\" height=\"330\" src=\"https:\/\/genetika-plzen.nullable.group\/wp-content\/uploads\/2024\/02\/foto_kontakt.jpg\" class=\"attachment-large size-large wp-image-8160\" alt=\"\" srcset=\"https:\/\/genetika-plzen.nullable.group\/wp-content\/uploads\/2024\/02\/foto_kontakt.jpg 250w, https:\/\/genetika-plzen.nullable.group\/wp-content\/uploads\/2024\/02\/foto_kontakt-227x300.jpg 227w, https:\/\/genetika-plzen.nullable.group\/wp-content\/uploads\/2024\/02\/foto_kontakt-9x12.jpg 9w\" sizes=\"(max-width: 250px) 100vw, 250px\" \/>\t\t\t\t\t\t\t\t\t\t\t\t\t\t\t<\/div>\n\t\t\t\t<\/div>\n\t\t\t\t<div class=\"elementor-element elementor-element-e39acf5 elementor-widget elementor-widget-spacer\" data-id=\"e39acf5\" data-element_type=\"widget\" data-e-type=\"widget\" data-widget_type=\"spacer.default\">\n\t\t\t\t<div class=\"elementor-widget-container\">\n\t\t\t\t\t\t\t<div class=\"elementor-spacer\">\n\t\t\t<div class=\"elementor-spacer-inner\"><\/div>\n\t\t<\/div>\n\t\t\t\t\t\t<\/div>\n\t\t\t\t<\/div>\n\t\t\t\t\t<\/div>\n\t\t\t\t<\/div>\n\t\t\t\t<\/div>","protected":false},"excerpt":{"rendered":"<p>Spole\u010dnost\u00a0Genetika Plze\u0148 byla zalo\u017eena v\u00a0roce 2002\u00a0p\u0159edn\u00edm \u010desk\u00fdm genetikem Doc. Franti\u0161ek Lo\u0161anem. P\u016fvodn\u011b z\u00a0jedn\u00e9 ambulance s\u00a0laborato\u0159\u00ed vybudoval se\u00a0sv\u00fdm synem Petrem za\u00a0deset let\u00a0modern\u00ed pracovi\u0161t\u011b klinick\u00e9 genetiky, kter\u00e9 se specializuje mimo jin\u00e9 na ultrazvukovou detekci vrozen\u00fdch vad. D\u00edky p\u0159\u00edstroj\u016fm, kter\u00e9 pat\u0159\u00ed k nejlep\u0161\u00edm v zemi, se do Plzn\u011b sj\u00ed\u017ed\u00ed i\u00a0zahrani\u010dn\u00ed klientela. Spole\u010dnost Genetika Plze\u0148, s.r.o. se s\u00eddlem Parkov\u00e1 [&hellip;]<\/p>","protected":false},"author":9,"featured_media":0,"parent":0,"menu_order":0,"comment_status":"closed","ping_status":"closed","template":"","meta":{"footnotes":""},"service-area":[40],"class_list":["post-8158","page","type-page","status-publish","hentry","service-area-genetika-plzen"],"yoast_head":"<!-- This site is optimized with the Yoast SEO plugin v20.2 - https:\/\/yoast.com\/wordpress\/plugins\/seo\/ -->\n<title>Genetika Plze\u0148 | Genetika Plze\u0148<\/title>\n<meta name=\"robots\" content=\"index, follow, max-snippet:-1, max-image-preview:large, max-video-preview:-1\" \/>\n<link rel=\"canonical\" href=\"https:\/\/genetika-plzen.nullable.group\/de\/genetika-plzen\/\" \/>\n<meta property=\"og:locale\" content=\"de_DE\" \/>\n<meta property=\"og:type\" content=\"article\" \/>\n<meta property=\"og:title\" content=\"Genetika Plze\u0148 | Genetika Plze\u0148\" \/>\n<meta property=\"og:description\" content=\"Spole\u010dnost\u00a0Genetika Plze\u0148 byla zalo\u017eena v\u00a0roce 2002\u00a0p\u0159edn\u00edm \u010desk\u00fdm genetikem Doc. Franti\u0161ek Lo\u0161anem. P\u016fvodn\u011b z\u00a0jedn\u00e9 ambulance s\u00a0laborato\u0159\u00ed vybudoval se\u00a0sv\u00fdm synem Petrem za\u00a0deset let\u00a0modern\u00ed pracovi\u0161t\u011b klinick\u00e9 genetiky, kter\u00e9 se specializuje mimo jin\u00e9 na ultrazvukovou detekci vrozen\u00fdch vad. D\u00edky p\u0159\u00edstroj\u016fm, kter\u00e9 pat\u0159\u00ed k nejlep\u0161\u00edm v zemi, se do Plzn\u011b sj\u00ed\u017ed\u00ed i\u00a0zahrani\u010dn\u00ed klientela. Spole\u010dnost Genetika Plze\u0148, s.r.o. se s\u00eddlem Parkov\u00e1 [&hellip;]\" \/>\n<meta property=\"og:url\" content=\"https:\/\/genetika-plzen.nullable.group\/de\/genetika-plzen\/\" \/>\n<meta property=\"og:site_name\" content=\"Genetika Plze\u0148\" \/>\n<meta property=\"article:modified_time\" content=\"2025-09-24T04:01:54+00:00\" \/>\n<meta property=\"og:image\" content=\"https:\/\/www.genetika-plzen.cz\/wp-content\/uploads\/2024\/02\/foto_kontakt.jpg\" \/>\n<meta name=\"twitter:card\" content=\"summary_large_image\" \/>\n<meta name=\"twitter:label1\" content=\"Est. reading time\" \/>\n\t<meta name=\"twitter:data1\" content=\"2 minutes\" \/>\n<script type=\"application\/ld+json\" class=\"yoast-schema-graph\">{\"@context\":\"https:\/\/schema.org\",\"@graph\":[{\"@type\":\"WebPage\",\"@id\":\"https:\/\/genetika-plzen.nullable.group\/genetika-plzen\/\",\"url\":\"https:\/\/genetika-plzen.nullable.group\/genetika-plzen\/\",\"name\":\"Genetika Plze\u0148 | Genetika Plze\u0148\",\"isPartOf\":{\"@id\":\"https:\/\/genetika-plzen.nullable.group\/#website\"},\"datePublished\":\"2024-02-17T15:02:51+00:00\",\"dateModified\":\"2025-09-24T04:01:54+00:00\",\"breadcrumb\":{\"@id\":\"https:\/\/genetika-plzen.nullable.group\/genetika-plzen\/#breadcrumb\"},\"inLanguage\":\"de-DE-formal\",\"potentialAction\":[{\"@type\":\"ReadAction\",\"target\":[\"https:\/\/genetika-plzen.nullable.group\/genetika-plzen\/\"]}]},{\"@type\":\"BreadcrumbList\",\"@id\":\"https:\/\/genetika-plzen.nullable.group\/genetika-plzen\/#breadcrumb\",\"itemListElement\":[{\"@type\":\"ListItem\",\"position\":1,\"name\":\"Home\",\"item\":\"https:\/\/genetika-plzen.nullable.group\/\"},{\"@type\":\"ListItem\",\"position\":2,\"name\":\"Genetika Plze\u0148\"}]},{\"@type\":\"WebSite\",\"@id\":\"https:\/\/genetika-plzen.nullable.group\/#website\",\"url\":\"https:\/\/genetika-plzen.nullable.group\/\",\"name\":\"Genetika Plze\u0148\",\"description\":\"Genetika Plze\u0148\",\"publisher\":{\"@id\":\"https:\/\/genetika-plzen.nullable.group\/#organization\"},\"potentialAction\":[{\"@type\":\"SearchAction\",\"target\":{\"@type\":\"EntryPoint\",\"urlTemplate\":\"https:\/\/genetika-plzen.nullable.group\/?s={search_term_string}\"},\"query-input\":\"required name=search_term_string\"}],\"inLanguage\":\"de-DE-formal\"},{\"@type\":\"Organization\",\"@id\":\"https:\/\/genetika-plzen.nullable.group\/#organization\",\"name\":\"Genetika Plze\u0148\",\"url\":\"https:\/\/genetika-plzen.nullable.group\/\",\"logo\":{\"@type\":\"ImageObject\",\"inLanguage\":\"de-DE-formal\",\"@id\":\"https:\/\/genetika-plzen.nullable.group\/#\/schema\/logo\/image\/\",\"url\":\"https:\/\/genetika-plzen.nullable.group\/wp-content\/uploads\/2022\/07\/logo2.svg\",\"contentUrl\":\"https:\/\/genetika-plzen.nullable.group\/wp-content\/uploads\/2022\/07\/logo2.svg\",\"width\":286,\"height\":95,\"caption\":\"Genetika Plze\u0148\"},\"image\":{\"@id\":\"https:\/\/genetika-plzen.nullable.group\/#\/schema\/logo\/image\/\"}}]}<\/script>\n<!-- \/ Yoast SEO plugin. -->","yoast_head_json":{"title":"Genetika Plze\u0148 | Genetika Plze\u0148","robots":{"index":"index","follow":"follow","max-snippet":"max-snippet:-1","max-image-preview":"max-image-preview:large","max-video-preview":"max-video-preview:-1"},"canonical":"https:\/\/genetika-plzen.nullable.group\/de\/genetika-plzen\/","og_locale":"de_DE","og_type":"article","og_title":"Genetika Plze\u0148 | Genetika Plze\u0148","og_description":"Spole\u010dnost\u00a0Genetika Plze\u0148 byla zalo\u017eena v\u00a0roce 2002\u00a0p\u0159edn\u00edm \u010desk\u00fdm genetikem Doc. Franti\u0161ek Lo\u0161anem. P\u016fvodn\u011b z\u00a0jedn\u00e9 ambulance s\u00a0laborato\u0159\u00ed vybudoval se\u00a0sv\u00fdm synem Petrem za\u00a0deset let\u00a0modern\u00ed pracovi\u0161t\u011b klinick\u00e9 genetiky, kter\u00e9 se specializuje mimo jin\u00e9 na ultrazvukovou detekci vrozen\u00fdch vad. D\u00edky p\u0159\u00edstroj\u016fm, kter\u00e9 pat\u0159\u00ed k nejlep\u0161\u00edm v zemi, se do Plzn\u011b sj\u00ed\u017ed\u00ed i\u00a0zahrani\u010dn\u00ed klientela. Spole\u010dnost Genetika Plze\u0148, s.r.o. se s\u00eddlem Parkov\u00e1 [&hellip;]","og_url":"https:\/\/genetika-plzen.nullable.group\/de\/genetika-plzen\/","og_site_name":"Genetika Plze\u0148","article_modified_time":"2025-09-24T04:01:54+00:00","og_image":[{"url":"https:\/\/www.genetika-plzen.cz\/wp-content\/uploads\/2024\/02\/foto_kontakt.jpg"}],"twitter_card":"summary_large_image","twitter_misc":{"Est. reading time":"2 minutes"},"schema":{"@context":"https:\/\/schema.org","@graph":[{"@type":"WebPage","@id":"https:\/\/genetika-plzen.nullable.group\/genetika-plzen\/","url":"https:\/\/genetika-plzen.nullable.group\/genetika-plzen\/","name":"Genetika Plze\u0148 | Genetika Plze\u0148","isPartOf":{"@id":"https:\/\/genetika-plzen.nullable.group\/#website"},"datePublished":"2024-02-17T15:02:51+00:00","dateModified":"2025-09-24T04:01:54+00:00","breadcrumb":{"@id":"https:\/\/genetika-plzen.nullable.group\/genetika-plzen\/#breadcrumb"},"inLanguage":"de-DE-formal","potentialAction":[{"@type":"ReadAction","target":["https:\/\/genetika-plzen.nullable.group\/genetika-plzen\/"]}]},{"@type":"BreadcrumbList","@id":"https:\/\/genetika-plzen.nullable.group\/genetika-plzen\/#breadcrumb","itemListElement":[{"@type":"ListItem","position":1,"name":"Home","item":"https:\/\/genetika-plzen.nullable.group\/"},{"@type":"ListItem","position":2,"name":"Genetika Plze\u0148"}]},{"@type":"WebSite","@id":"https:\/\/genetika-plzen.nullable.group\/#website","url":"https:\/\/genetika-plzen.nullable.group\/","name":"Genetika Plze\u0148","description":"Genetika Plze\u0148","publisher":{"@id":"https:\/\/genetika-plzen.nullable.group\/#organization"},"potentialAction":[{"@type":"SearchAction","target":{"@type":"EntryPoint","urlTemplate":"https:\/\/genetika-plzen.nullable.group\/?s={search_term_string}"},"query-input":"required name=search_term_string"}],"inLanguage":"de-DE-formal"},{"@type":"Organization","@id":"https:\/\/genetika-plzen.nullable.group\/#organization","name":"Genetika Plze\u0148","url":"https:\/\/genetika-plzen.nullable.group\/","logo":{"@type":"ImageObject","inLanguage":"de-DE-formal","@id":"https:\/\/genetika-plzen.nullable.group\/#\/schema\/logo\/image\/","url":"https:\/\/genetika-plzen.nullable.group\/wp-content\/uploads\/2022\/07\/logo2.svg","contentUrl":"https:\/\/genetika-plzen.nullable.group\/wp-content\/uploads\/2022\/07\/logo2.svg","width":286,"height":95,"caption":"Genetika Plze\u0148"},"image":{"@id":"https:\/\/genetika-plzen.nullable.group\/#\/schema\/logo\/image\/"}}]}},"_links":{"self":[{"href":"https:\/\/genetika-plzen.nullable.group\/de\/wp-json\/wp\/v2\/pages\/8158","targetHints":{"allow":["GET"]}}],"collection":[{"href":"https:\/\/genetika-plzen.nullable.group\/de\/wp-json\/wp\/v2\/pages"}],"about":[{"href":"https:\/\/genetika-plzen.nullable.group\/de\/wp-json\/wp\/v2\/types\/page"}],"author":[{"embeddable":true,"href":"https:\/\/genetika-plzen.nullable.group\/de\/wp-json\/wp\/v2\/users\/9"}],"replies":[{"embeddable":true,"href":"https:\/\/genetika-plzen.nullable.group\/de\/wp-json\/wp\/v2\/comments?post=8158"}],"version-history":[{"count":13,"href":"https:\/\/genetika-plzen.nullable.group\/de\/wp-json\/wp\/v2\/pages\/8158\/revisions"}],"predecessor-version":[{"id":9509,"href":"https:\/\/genetika-plzen.nullable.group\/de\/wp-json\/wp\/v2\/pages\/8158\/revisions\/9509"}],"wp:attachment":[{"href":"https:\/\/genetika-plzen.nullable.group\/de\/wp-json\/wp\/v2\/media?parent=8158"}],"wp:term":[{"taxonomy":"service-area","embeddable":true,"href":"https:\/\/genetika-plzen.nullable.group\/de\/wp-json\/wp\/v2\/service-area?post=8158"}],"curies":[{"name":"wp","href":"https:\/\/api.w.org\/{rel}","templated":true}]}}