{"id":8216,"date":"2024-02-22T23:26:19","date_gmt":"2024-02-22T22:26:19","guid":{"rendered":"https:\/\/genetika-plzen.nullable.group\/?page_id=8216"},"modified":"2024-04-24T19:58:07","modified_gmt":"2024-04-24T17:58:07","slug":"mudr-lenka-paymova","status":"publish","type":"page","link":"https:\/\/genetika-plzen.nullable.group\/de\/nas-tym\/mudr-lenka-paymova\/","title":{"rendered":"MUDr. Lenka Paymov\u00e1"},"content":{"rendered":"<div data-elementor-type=\"wp-page\" data-elementor-id=\"8216\" class=\"elementor elementor-8216\">\n\t\t\t\t<div class=\"elementor-element elementor-element-e1525ff e-flex e-con-boxed e-con e-parent\" data-id=\"e1525ff\" data-element_type=\"container\" data-e-type=\"container\">\n\t\t\t\t\t<div class=\"e-con-inner\">\n\t\t\t\t<div class=\"elementor-element elementor-element-a53a02a elementor-widget elementor-widget-spacer\" data-id=\"a53a02a\" data-element_type=\"widget\" data-e-type=\"widget\" data-widget_type=\"spacer.default\">\n\t\t\t\t<div class=\"elementor-widget-container\">\n\t\t\t\t\t\t\t<div class=\"elementor-spacer\">\n\t\t\t<div class=\"elementor-spacer-inner\"><\/div>\n\t\t<\/div>\n\t\t\t\t\t\t<\/div>\n\t\t\t\t<\/div>\n\t\t\t\t\t<\/div>\n\t\t\t\t<\/div>\n\t\t<div class=\"elementor-element elementor-element-b29764c e-flex e-con-boxed e-con e-parent\" data-id=\"b29764c\" data-element_type=\"container\" data-e-type=\"container\">\n\t\t\t\t\t<div class=\"e-con-inner\">\n\t\t<div class=\"elementor-element elementor-element-c4eef4f e-con-full e-flex e-con e-parent\" data-id=\"c4eef4f\" data-element_type=\"container\" data-e-type=\"container\">\n\t\t\t\t<div class=\"elementor-element elementor-element-441040d elementor-widget__width-initial elementor-widget elementor-widget-text-editor\" data-id=\"441040d\" data-element_type=\"widget\" data-e-type=\"widget\" data-widget_type=\"text-editor.default\">\n\t\t\t\t<div class=\"elementor-widget-container\">\n\t\t\t\t\t\t\t\t\tPo absolvov\u00e1n\u00ed L\u00e9ka\u0159sk\u00e9 fakulty University Karlovy p\u016fsobila na Gynekologicko-porodnick\u00e9 klinice Fakultn\u00ed nemocnice v Plzni. Po \u00fasp\u011b\u0161n\u00e9m slo\u017een\u00ed atesta\u010dn\u00ed zkou\u0161ky v oboru Gynekologie a porodnictv\u00ed nav\u00e1zala absolvov\u00e1n\u00edm doktorsk\u00e9ho studia v t\u00e9m\u017ee oboru. Specializuje se na prenat\u00e1ln\u00ed ultrazvukovou diagnostiku.\nV sou\u010dasn\u00e9 dob\u011b p\u016fsob\u00ed tak\u00e9 v Nemocnici Ho\u0159ovice, kde j\u00ed m\u016f\u017eete potkat v gynekologick\u00e9 ambulanci i na porodn\u00edm s\u00e1le.\t\t\t\t\t\t\t\t<\/div>\n\t\t\t\t<\/div>\n\t\t\t\t<div class=\"elementor-element elementor-element-230c1ed elementor-widget__width-initial elementor-widget elementor-widget-image\" data-id=\"230c1ed\" data-element_type=\"widget\" data-e-type=\"widget\" data-widget_type=\"image.default\">\n\t\t\t\t<div class=\"elementor-widget-container\">\n\t\t\t\t\t\t\t\t\t\t\t\t\t\t\t<img decoding=\"async\" src=\"https:\/\/genetika-plzen.nullable.group\/wp-content\/uploads\/elementor\/thumbs\/IMG_0065-rkjhlsd3siag79dx453q3txfg6w33kbl6sxp2wo8eg.jpg\" title=\"Paymov\u00e1\" alt=\"Paymov\u00e1\" loading=\"lazy\" \/>\t\t\t\t\t\t\t\t\t\t\t\t\t\t\t<\/div>\n\t\t\t\t<\/div>\n\t\t\t\t<\/div>\n\t\t\t\t\t<\/div>\n\t\t\t\t<\/div>\n\t\t<div class=\"elementor-element elementor-element-ef5a3c0 e-flex e-con-boxed e-con e-parent\" data-id=\"ef5a3c0\" data-element_type=\"container\" data-e-type=\"container\">\n\t\t\t\t\t<div class=\"e-con-inner\">\n\t\t\t\t<div class=\"elementor-element elementor-element-8a29445 elementor-widget elementor-widget-spacer\" data-id=\"8a29445\" data-element_type=\"widget\" data-e-type=\"widget\" data-widget_type=\"spacer.default\">\n\t\t\t\t<div class=\"elementor-widget-container\">\n\t\t\t\t\t\t\t<div class=\"elementor-spacer\">\n\t\t\t<div class=\"elementor-spacer-inner\"><\/div>\n\t\t<\/div>\n\t\t\t\t\t\t<\/div>\n\t\t\t\t<\/div>\n\t\t\t\t\t<\/div>\n\t\t\t\t<\/div>\n\t\t\t\t<\/div>","protected":false},"excerpt":{"rendered":"<p>Po absolvov\u00e1n\u00ed L\u00e9ka\u0159sk\u00e9 fakulty University Karlovy p\u016fsobila na Gynekologicko-porodnick\u00e9 klinice Fakultn\u00ed nemocnice v Plzni. Po \u00fasp\u011b\u0161n\u00e9m slo\u017een\u00ed atesta\u010dn\u00ed zkou\u0161ky v oboru Gynekologie a porodnictv\u00ed nav\u00e1zala absolvov\u00e1n\u00edm doktorsk\u00e9ho studia v t\u00e9m\u017ee oboru. Specializuje se na prenat\u00e1ln\u00ed ultrazvukovou diagnostiku. V sou\u010dasn\u00e9 dob\u011b p\u016fsob\u00ed tak\u00e9 v Nemocnici Ho\u0159ovice, kde j\u00ed m\u016f\u017eete potkat v gynekologick\u00e9 ambulanci i na porodn\u00edm [&hellip;]<\/p>","protected":false},"author":9,"featured_media":0,"parent":7225,"menu_order":0,"comment_status":"closed","ping_status":"closed","template":"","meta":{"footnotes":""},"service-area":[29],"class_list":["post-8216","page","type-page","status-publish","hentry","service-area-nas-tym"],"yoast_head":"<!-- This site is optimized with the Yoast SEO plugin v20.2 - https:\/\/yoast.com\/wordpress\/plugins\/seo\/ -->\n<title>MUDr. Lenka Paymov\u00e1 | Genetika Plze\u0148<\/title>\n<meta name=\"robots\" content=\"index, follow, max-snippet:-1, max-image-preview:large, max-video-preview:-1\" \/>\n<link rel=\"canonical\" href=\"https:\/\/genetika-plzen.nullable.group\/de\/nas-tym\/mudr-lenka-paymova\/\" \/>\n<meta property=\"og:locale\" content=\"de_DE\" \/>\n<meta property=\"og:type\" content=\"article\" \/>\n<meta property=\"og:title\" content=\"MUDr. Lenka Paymov\u00e1 | Genetika Plze\u0148\" \/>\n<meta property=\"og:description\" content=\"Po absolvov\u00e1n\u00ed L\u00e9ka\u0159sk\u00e9 fakulty University Karlovy p\u016fsobila na Gynekologicko-porodnick\u00e9 klinice Fakultn\u00ed nemocnice v Plzni. Po \u00fasp\u011b\u0161n\u00e9m slo\u017een\u00ed atesta\u010dn\u00ed zkou\u0161ky v oboru Gynekologie a porodnictv\u00ed nav\u00e1zala absolvov\u00e1n\u00edm doktorsk\u00e9ho studia v t\u00e9m\u017ee oboru. Specializuje se na prenat\u00e1ln\u00ed ultrazvukovou diagnostiku. V sou\u010dasn\u00e9 dob\u011b p\u016fsob\u00ed tak\u00e9 v Nemocnici Ho\u0159ovice, kde j\u00ed m\u016f\u017eete potkat v gynekologick\u00e9 ambulanci i na porodn\u00edm [&hellip;]\" \/>\n<meta property=\"og:url\" content=\"https:\/\/genetika-plzen.nullable.group\/de\/nas-tym\/mudr-lenka-paymova\/\" \/>\n<meta property=\"og:site_name\" content=\"Genetika Plze\u0148\" \/>\n<meta property=\"article:modified_time\" content=\"2024-04-24T17:58:07+00:00\" \/>\n<meta property=\"og:image\" content=\"https:\/\/genetika-plzen.nullable.group\/wp-content\/uploads\/elementor\/thumbs\/IMG_0065-qkj821hb4q1muunf3sr3hbl08gne9fksi2llxbqh6w.jpg\" \/>\n<meta name=\"twitter:card\" content=\"summary_large_image\" \/>\n<meta name=\"twitter:label1\" content=\"Est. reading time\" \/>\n\t<meta name=\"twitter:data1\" content=\"1 minute\" \/>\n<script type=\"application\/ld+json\" class=\"yoast-schema-graph\">{\"@context\":\"https:\/\/schema.org\",\"@graph\":[{\"@type\":\"WebPage\",\"@id\":\"https:\/\/genetika-plzen.nullable.group\/en\/nas-tym\/mudr-lenka-paymova\/\",\"url\":\"https:\/\/genetika-plzen.nullable.group\/en\/nas-tym\/mudr-lenka-paymova\/\",\"name\":\"MUDr. Lenka Paymov\u00e1 | Genetika Plze\u0148\",\"isPartOf\":{\"@id\":\"https:\/\/genetika-plzen.nullable.group\/#website\"},\"datePublished\":\"2024-02-22T22:26:19+00:00\",\"dateModified\":\"2024-04-24T17:58:07+00:00\",\"breadcrumb\":{\"@id\":\"https:\/\/genetika-plzen.nullable.group\/en\/nas-tym\/mudr-lenka-paymova\/#breadcrumb\"},\"inLanguage\":\"de-DE-formal\",\"potentialAction\":[{\"@type\":\"ReadAction\",\"target\":[\"https:\/\/genetika-plzen.nullable.group\/en\/nas-tym\/mudr-lenka-paymova\/\"]}]},{\"@type\":\"BreadcrumbList\",\"@id\":\"https:\/\/genetika-plzen.nullable.group\/en\/nas-tym\/mudr-lenka-paymova\/#breadcrumb\",\"itemListElement\":[{\"@type\":\"ListItem\",\"position\":1,\"name\":\"Home\",\"item\":\"https:\/\/genetika-plzen.nullable.group\/\"},{\"@type\":\"ListItem\",\"position\":2,\"name\":\"N\u00e1\u0161 t\u00fdm\",\"item\":\"https:\/\/genetika-plzen.nullable.group\/de\/nas-tym\/\"},{\"@type\":\"ListItem\",\"position\":3,\"name\":\"MUDr. Lenka Paymov\u00e1\"}]},{\"@type\":\"WebSite\",\"@id\":\"https:\/\/genetika-plzen.nullable.group\/#website\",\"url\":\"https:\/\/genetika-plzen.nullable.group\/\",\"name\":\"Genetika Plze\u0148\",\"description\":\"Genetika Plze\u0148\",\"publisher\":{\"@id\":\"https:\/\/genetika-plzen.nullable.group\/#organization\"},\"potentialAction\":[{\"@type\":\"SearchAction\",\"target\":{\"@type\":\"EntryPoint\",\"urlTemplate\":\"https:\/\/genetika-plzen.nullable.group\/?s={search_term_string}\"},\"query-input\":\"required name=search_term_string\"}],\"inLanguage\":\"de-DE-formal\"},{\"@type\":\"Organization\",\"@id\":\"https:\/\/genetika-plzen.nullable.group\/#organization\",\"name\":\"Genetika Plze\u0148\",\"url\":\"https:\/\/genetika-plzen.nullable.group\/\",\"logo\":{\"@type\":\"ImageObject\",\"inLanguage\":\"de-DE-formal\",\"@id\":\"https:\/\/genetika-plzen.nullable.group\/#\/schema\/logo\/image\/\",\"url\":\"https:\/\/genetika-plzen.nullable.group\/wp-content\/uploads\/2022\/07\/logo2.svg\",\"contentUrl\":\"https:\/\/genetika-plzen.nullable.group\/wp-content\/uploads\/2022\/07\/logo2.svg\",\"width\":286,\"height\":95,\"caption\":\"Genetika Plze\u0148\"},\"image\":{\"@id\":\"https:\/\/genetika-plzen.nullable.group\/#\/schema\/logo\/image\/\"}}]}<\/script>\n<!-- \/ Yoast SEO plugin. -->","yoast_head_json":{"title":"MUDr. Lenka Paymov\u00e1 | Genetika Plze\u0148","robots":{"index":"index","follow":"follow","max-snippet":"max-snippet:-1","max-image-preview":"max-image-preview:large","max-video-preview":"max-video-preview:-1"},"canonical":"https:\/\/genetika-plzen.nullable.group\/de\/nas-tym\/mudr-lenka-paymova\/","og_locale":"de_DE","og_type":"article","og_title":"MUDr. Lenka Paymov\u00e1 | Genetika Plze\u0148","og_description":"Po absolvov\u00e1n\u00ed L\u00e9ka\u0159sk\u00e9 fakulty University Karlovy p\u016fsobila na Gynekologicko-porodnick\u00e9 klinice Fakultn\u00ed nemocnice v Plzni. Po \u00fasp\u011b\u0161n\u00e9m slo\u017een\u00ed atesta\u010dn\u00ed zkou\u0161ky v oboru Gynekologie a porodnictv\u00ed nav\u00e1zala absolvov\u00e1n\u00edm doktorsk\u00e9ho studia v t\u00e9m\u017ee oboru. Specializuje se na prenat\u00e1ln\u00ed ultrazvukovou diagnostiku. V sou\u010dasn\u00e9 dob\u011b p\u016fsob\u00ed tak\u00e9 v Nemocnici Ho\u0159ovice, kde j\u00ed m\u016f\u017eete potkat v gynekologick\u00e9 ambulanci i na porodn\u00edm [&hellip;]","og_url":"https:\/\/genetika-plzen.nullable.group\/de\/nas-tym\/mudr-lenka-paymova\/","og_site_name":"Genetika Plze\u0148","article_modified_time":"2024-04-24T17:58:07+00:00","og_image":[{"url":"https:\/\/genetika-plzen.nullable.group\/wp-content\/uploads\/elementor\/thumbs\/IMG_0065-qkj821hb4q1muunf3sr3hbl08gne9fksi2llxbqh6w.jpg"}],"twitter_card":"summary_large_image","twitter_misc":{"Est. reading time":"1 minute"},"schema":{"@context":"https:\/\/schema.org","@graph":[{"@type":"WebPage","@id":"https:\/\/genetika-plzen.nullable.group\/en\/nas-tym\/mudr-lenka-paymova\/","url":"https:\/\/genetika-plzen.nullable.group\/en\/nas-tym\/mudr-lenka-paymova\/","name":"MUDr. Lenka Paymov\u00e1 | Genetika Plze\u0148","isPartOf":{"@id":"https:\/\/genetika-plzen.nullable.group\/#website"},"datePublished":"2024-02-22T22:26:19+00:00","dateModified":"2024-04-24T17:58:07+00:00","breadcrumb":{"@id":"https:\/\/genetika-plzen.nullable.group\/en\/nas-tym\/mudr-lenka-paymova\/#breadcrumb"},"inLanguage":"de-DE-formal","potentialAction":[{"@type":"ReadAction","target":["https:\/\/genetika-plzen.nullable.group\/en\/nas-tym\/mudr-lenka-paymova\/"]}]},{"@type":"BreadcrumbList","@id":"https:\/\/genetika-plzen.nullable.group\/en\/nas-tym\/mudr-lenka-paymova\/#breadcrumb","itemListElement":[{"@type":"ListItem","position":1,"name":"Home","item":"https:\/\/genetika-plzen.nullable.group\/"},{"@type":"ListItem","position":2,"name":"N\u00e1\u0161 t\u00fdm","item":"https:\/\/genetika-plzen.nullable.group\/de\/nas-tym\/"},{"@type":"ListItem","position":3,"name":"MUDr. Lenka Paymov\u00e1"}]},{"@type":"WebSite","@id":"https:\/\/genetika-plzen.nullable.group\/#website","url":"https:\/\/genetika-plzen.nullable.group\/","name":"Genetika Plze\u0148","description":"Genetika Plze\u0148","publisher":{"@id":"https:\/\/genetika-plzen.nullable.group\/#organization"},"potentialAction":[{"@type":"SearchAction","target":{"@type":"EntryPoint","urlTemplate":"https:\/\/genetika-plzen.nullable.group\/?s={search_term_string}"},"query-input":"required name=search_term_string"}],"inLanguage":"de-DE-formal"},{"@type":"Organization","@id":"https:\/\/genetika-plzen.nullable.group\/#organization","name":"Genetika Plze\u0148","url":"https:\/\/genetika-plzen.nullable.group\/","logo":{"@type":"ImageObject","inLanguage":"de-DE-formal","@id":"https:\/\/genetika-plzen.nullable.group\/#\/schema\/logo\/image\/","url":"https:\/\/genetika-plzen.nullable.group\/wp-content\/uploads\/2022\/07\/logo2.svg","contentUrl":"https:\/\/genetika-plzen.nullable.group\/wp-content\/uploads\/2022\/07\/logo2.svg","width":286,"height":95,"caption":"Genetika Plze\u0148"},"image":{"@id":"https:\/\/genetika-plzen.nullable.group\/#\/schema\/logo\/image\/"}}]}},"_links":{"self":[{"href":"https:\/\/genetika-plzen.nullable.group\/de\/wp-json\/wp\/v2\/pages\/8216","targetHints":{"allow":["GET"]}}],"collection":[{"href":"https:\/\/genetika-plzen.nullable.group\/de\/wp-json\/wp\/v2\/pages"}],"about":[{"href":"https:\/\/genetika-plzen.nullable.group\/de\/wp-json\/wp\/v2\/types\/page"}],"author":[{"embeddable":true,"href":"https:\/\/genetika-plzen.nullable.group\/de\/wp-json\/wp\/v2\/users\/9"}],"replies":[{"embeddable":true,"href":"https:\/\/genetika-plzen.nullable.group\/de\/wp-json\/wp\/v2\/comments?post=8216"}],"version-history":[{"count":12,"href":"https:\/\/genetika-plzen.nullable.group\/de\/wp-json\/wp\/v2\/pages\/8216\/revisions"}],"predecessor-version":[{"id":8625,"href":"https:\/\/genetika-plzen.nullable.group\/de\/wp-json\/wp\/v2\/pages\/8216\/revisions\/8625"}],"up":[{"embeddable":true,"href":"https:\/\/genetika-plzen.nullable.group\/de\/wp-json\/wp\/v2\/pages\/7225"}],"wp:attachment":[{"href":"https:\/\/genetika-plzen.nullable.group\/de\/wp-json\/wp\/v2\/media?parent=8216"}],"wp:term":[{"taxonomy":"service-area","embeddable":true,"href":"https:\/\/genetika-plzen.nullable.group\/de\/wp-json\/wp\/v2\/service-area?post=8216"}],"curies":[{"name":"wp","href":"https:\/\/api.w.org\/{rel}","templated":true}]}}