{"id":7138,"date":"2024-02-03T23:57:20","date_gmt":"2024-02-03T22:57:20","guid":{"rendered":"https:\/\/genetika-plzen.nullable.group\/?page_id=7138"},"modified":"2024-03-06T20:49:50","modified_gmt":"2024-03-06T19:49:50","slug":"3d-4d-ultrazvukova-vysetreni","status":"publish","type":"page","link":"https:\/\/genetika-plzen.nullable.group\/en\/geneticka-ambulance\/3d-4d-ultrazvukova-vysetreni\/","title":{"rendered":"3D, 4D Ultrasound examination"},"content":{"rendered":"<div data-elementor-type=\"wp-page\" data-elementor-id=\"7138\" class=\"elementor elementor-7138\">\n\t\t\t\t<div class=\"elementor-element elementor-element-2d5cc32 e-flex e-con-boxed e-con e-parent\" data-id=\"2d5cc32\" data-element_type=\"container\" data-e-type=\"container\">\n\t\t\t\t\t<div class=\"e-con-inner\">\n\t\t\t\t<div class=\"elementor-element elementor-element-994ea3f elementor-widget elementor-widget-spacer\" data-id=\"994ea3f\" data-element_type=\"widget\" data-e-type=\"widget\" data-widget_type=\"spacer.default\">\n\t\t\t\t<div class=\"elementor-widget-container\">\n\t\t\t\t\t\t\t<div class=\"elementor-spacer\">\n\t\t\t<div class=\"elementor-spacer-inner\"><\/div>\n\t\t<\/div>\n\t\t\t\t\t\t<\/div>\n\t\t\t\t<\/div>\n\t\t<div class=\"elementor-element elementor-element-b798062 e-flex e-con-boxed e-con e-parent\" data-id=\"b798062\" data-element_type=\"container\" data-e-type=\"container\">\n\t\t\t\t\t<div class=\"e-con-inner\">\n\t\t<div class=\"elementor-element elementor-element-8ca2bde e-flex e-con-boxed e-con e-parent\" data-id=\"8ca2bde\" data-element_type=\"container\" data-e-type=\"container\">\n\t\t\t\t\t<div class=\"e-con-inner\">\n\t\t\t\t<div class=\"elementor-element elementor-element-9ad0977 elementor-widget elementor-widget-text-editor\" data-id=\"9ad0977\" data-element_type=\"widget\" data-e-type=\"widget\" data-widget_type=\"text-editor.default\">\n\t\t\t\t<div class=\"elementor-widget-container\">\n\t\t\t\t\t\t\t\t\t<p>A suitable time for 4D ultrasound is between week 21 and 28 of a woman's pregnancy.<\/p>\n\n<p><strong>P\u0159\u00ednos 3D<\/strong>:&nbsp;zobrazen\u00ed plodu v&nbsp;trojrozm\u011brn\u00e9m obraze, p\u0159i&nbsp;4D zobrazen\u00ed je trojrozm\u011brn\u00fd obraz dopln\u011bn o&nbsp;pohyb v&nbsp;re\u00e1ln\u00e9m \u010dase.&nbsp;<\/p>\n\n<p>P\u0159\u00ednos pro&nbsp;t\u011bhotnou \u017eenu a&nbsp;partnera je v&nbsp;tom, \u017ee srozumiteln\u011bji vid\u00ed sv\u016fj plod ji\u017e v&nbsp;pr\u016fb\u011bhu t\u011bhotenstv\u00ed.&nbsp;<\/p>\n\n<p>Vy\u0161et\u0159en\u00ed je mo\u017en\u00e9 nahr\u00e1t na<strong> USB flash DISK <\/strong> (cca 5-8&nbsp;min z\u00e1znam). Tato vy\u0161et\u0159en\u00ed nejsou hrazena ze zdravotn\u00edho poji\u0161t\u011bn\u00ed. <br><\/p>\n<style>\n  table {\n    width: 100%;\nborder: 10px solid transparent\n  }\n  th, td {\n    padding: 8px;\nborder: 10px solid transparent\n    text-align: left;\n  }\n  th {\n    text-align: left;\nborder: 10px solid transparent\n  }\n<\/style>\n<table>\n  <thead>\n    <tr>\n      <th colspan=\"2\">Price list<\/th>\n    <\/tr>\n  <\/thead>\n  <tbody>\n    <tr>\n      <td>3D\/4D USB nahr\u00e1vka (v\u010detn\u011b \u010dernob\u00edl\u00fdch fotografi\u00ed)<\/td>\n      <td style=\"text-align: right;\">1.000,- K\u010d<\/td>\n    <\/tr>\n    <tr>\n      <td>3D\/4D \u010dernob\u00edl\u00e9 fotografie<\/td>\n      <td style=\"text-align: right;\">550,- K\u010d<\/td>\n    <\/tr>\n    <tr>\n      <td>3D\/4D barevn\u00e1 fotografie A5<\/td>\n      <td style=\"text-align: right;\">100,- K\u010d\/ks<\/td>\n    <\/tr>\n  <\/tbody>\n<\/table>\t\t\t\t\t\t\t\t<\/div>\n\t\t\t\t<\/div>\n\t\t\t\t\t<\/div>\n\t\t\t\t<\/div>\n\t\t\t\t<div class=\"elementor-element elementor-element-b66bb18 elementor-widget elementor-widget-image\" data-id=\"b66bb18\" data-element_type=\"widget\" data-e-type=\"widget\" data-widget_type=\"image.default\">\n\t\t\t\t<div class=\"elementor-widget-container\">\n\t\t\t\t\t\t\t\t\t\t\t\t\t\t\t<img fetchpriority=\"high\" decoding=\"async\" width=\"500\" height=\"500\" src=\"https:\/\/genetika-plzen.nullable.group\/wp-content\/uploads\/2024\/02\/thumb_3000x3000_3d-4d-ultrazvukova-vysetreni.jpg\" class=\"attachment-large size-large wp-image-7153\" alt=\"\" srcset=\"https:\/\/genetika-plzen.nullable.group\/wp-content\/uploads\/2024\/02\/thumb_3000x3000_3d-4d-ultrazvukova-vysetreni.jpg 500w, https:\/\/genetika-plzen.nullable.group\/wp-content\/uploads\/2024\/02\/thumb_3000x3000_3d-4d-ultrazvukova-vysetreni-300x300.jpg 300w, https:\/\/genetika-plzen.nullable.group\/wp-content\/uploads\/2024\/02\/thumb_3000x3000_3d-4d-ultrazvukova-vysetreni-150x150.jpg 150w\" sizes=\"(max-width: 500px) 100vw, 500px\" \/>\t\t\t\t\t\t\t\t\t\t\t\t\t\t\t<\/div>\n\t\t\t\t<\/div>\n\t\t\t\t\t<\/div>\n\t\t\t\t<\/div>\n\t\t\t\t\t<\/div>\n\t\t\t\t<\/div>\n\t\t<div class=\"elementor-element elementor-element-1cf211e e-flex e-con-boxed e-con e-parent\" data-id=\"1cf211e\" data-element_type=\"container\" data-e-type=\"container\">\n\t\t\t\t\t<div class=\"e-con-inner\">\n\t\t\t\t<div class=\"elementor-element elementor-element-c5cf008 elementor-widget elementor-widget-image-gallery\" data-id=\"c5cf008\" data-element_type=\"widget\" data-e-type=\"widget\" data-widget_type=\"image-gallery.default\">\n\t\t\t\t<div class=\"elementor-widget-container\">\n\t\t\t\t\t\t\t<div class=\"elementor-image-gallery\">\n\t\t\t<div id='gallery-1' class='gallery galleryid-7138 gallery-columns-4 gallery-size-thumbnail'><figure class='gallery-item'>\n\t\t\t<div class='gallery-icon landscape'>\n\t\t\t\t<a data-elementor-open-lightbox=\"yes\" data-elementor-lightbox-slideshow=\"c5cf008\" data-elementor-lightbox-title=\"thumb_3000x3000_514c252a6738e\" data-e-action-hash=\"#elementor-action%3Aaction%3Dlightbox%26settings%3DeyJpZCI6NzE0NywidXJsIjoiaHR0cHM6XC9cL2dlbmV0aWthLXBsemVuLm51bGxhYmxlLmdyb3VwXC93cC1jb250ZW50XC91cGxvYWRzXC8yMDI0XC8wMlwvdGh1bWJfMzAwMHgzMDAwXzUxNGMyNTJhNjczOGUuanBnIiwic2xpZGVzaG93IjoiYzVjZjAwOCJ9\" href='https:\/\/genetika-plzen.nullable.group\/wp-content\/uploads\/2024\/02\/thumb_3000x3000_514c252a6738e.jpg'><img decoding=\"async\" width=\"150\" height=\"150\" src=\"https:\/\/genetika-plzen.nullable.group\/wp-content\/uploads\/2024\/02\/thumb_3000x3000_514c252a6738e-150x150.jpg\" class=\"attachment-thumbnail size-thumbnail\" alt=\"\" \/><\/a>\n\t\t\t<\/div><\/figure><figure class='gallery-item'>\n\t\t\t<div class='gallery-icon landscape'>\n\t\t\t\t<a data-elementor-open-lightbox=\"yes\" data-elementor-lightbox-slideshow=\"c5cf008\" data-elementor-lightbox-title=\"thumb_3000x3000_514c252436648\" data-e-action-hash=\"#elementor-action%3Aaction%3Dlightbox%26settings%3DeyJpZCI6NzE0OCwidXJsIjoiaHR0cHM6XC9cL2dlbmV0aWthLXBsemVuLm51bGxhYmxlLmdyb3VwXC93cC1jb250ZW50XC91cGxvYWRzXC8yMDI0XC8wMlwvdGh1bWJfMzAwMHgzMDAwXzUxNGMyNTI0MzY2NDguanBnIiwic2xpZGVzaG93IjoiYzVjZjAwOCJ9\" href='https:\/\/genetika-plzen.nullable.group\/wp-content\/uploads\/2024\/02\/thumb_3000x3000_514c252436648.jpg'><img decoding=\"async\" width=\"150\" height=\"150\" src=\"https:\/\/genetika-plzen.nullable.group\/wp-content\/uploads\/2024\/02\/thumb_3000x3000_514c252436648-150x150.jpg\" class=\"attachment-thumbnail size-thumbnail\" alt=\"\" \/><\/a>\n\t\t\t<\/div><\/figure><figure class='gallery-item'>\n\t\t\t<div class='gallery-icon landscape'>\n\t\t\t\t<a data-elementor-open-lightbox=\"yes\" data-elementor-lightbox-slideshow=\"c5cf008\" data-elementor-lightbox-title=\"3\" data-e-action-hash=\"#elementor-action%3Aaction%3Dlightbox%26settings%3DeyJpZCI6NzE0OSwidXJsIjoiaHR0cHM6XC9cL2dlbmV0aWthLXBsemVuLm51bGxhYmxlLmdyb3VwXC93cC1jb250ZW50XC91cGxvYWRzXC8yMDI0XC8wMlwvMy5qcGciLCJzbGlkZXNob3ciOiJjNWNmMDA4In0%3D\" href='https:\/\/genetika-plzen.nullable.group\/wp-content\/uploads\/2024\/02\/3.jpg'><img loading=\"lazy\" decoding=\"async\" width=\"150\" height=\"150\" src=\"https:\/\/genetika-plzen.nullable.group\/wp-content\/uploads\/2024\/02\/3-150x150.jpg\" class=\"attachment-thumbnail size-thumbnail\" alt=\"\" \/><\/a>\n\t\t\t<\/div><\/figure><figure class='gallery-item'>\n\t\t\t<div class='gallery-icon landscape'>\n\t\t\t\t<a data-elementor-open-lightbox=\"yes\" data-elementor-lightbox-slideshow=\"c5cf008\" data-elementor-lightbox-title=\"thumb_3000x3000_514c25147c3b0\" data-e-action-hash=\"#elementor-action%3Aaction%3Dlightbox%26settings%3DeyJpZCI6NzE1MCwidXJsIjoiaHR0cHM6XC9cL2dlbmV0aWthLXBsemVuLm51bGxhYmxlLmdyb3VwXC93cC1jb250ZW50XC91cGxvYWRzXC8yMDI0XC8wMlwvdGh1bWJfMzAwMHgzMDAwXzUxNGMyNTE0N2MzYjAuanBnIiwic2xpZGVzaG93IjoiYzVjZjAwOCJ9\" href='https:\/\/genetika-plzen.nullable.group\/wp-content\/uploads\/2024\/02\/thumb_3000x3000_514c25147c3b0.jpg'><img loading=\"lazy\" decoding=\"async\" width=\"150\" height=\"150\" src=\"https:\/\/genetika-plzen.nullable.group\/wp-content\/uploads\/2024\/02\/thumb_3000x3000_514c25147c3b0-150x150.jpg\" class=\"attachment-thumbnail size-thumbnail\" alt=\"\" \/><\/a>\n\t\t\t<\/div><\/figure><figure class='gallery-item'>\n\t\t\t<div class='gallery-icon landscape'>\n\t\t\t\t<a data-elementor-open-lightbox=\"yes\" data-elementor-lightbox-slideshow=\"c5cf008\" data-elementor-lightbox-title=\"thumb_3000x3000_52765e1df12b5\" data-e-action-hash=\"#elementor-action%3Aaction%3Dlightbox%26settings%3DeyJpZCI6NzE0MywidXJsIjoiaHR0cHM6XC9cL2dlbmV0aWthLXBsemVuLm51bGxhYmxlLmdyb3VwXC93cC1jb250ZW50XC91cGxvYWRzXC8yMDI0XC8wMlwvdGh1bWJfMzAwMHgzMDAwXzUyNzY1ZTFkZjEyYjUuanBnIiwic2xpZGVzaG93IjoiYzVjZjAwOCJ9\" href='https:\/\/genetika-plzen.nullable.group\/wp-content\/uploads\/2024\/02\/thumb_3000x3000_52765e1df12b5.jpg'><img loading=\"lazy\" decoding=\"async\" width=\"150\" height=\"150\" src=\"https:\/\/genetika-plzen.nullable.group\/wp-content\/uploads\/2024\/02\/thumb_3000x3000_52765e1df12b5-150x150.jpg\" class=\"attachment-thumbnail size-thumbnail\" alt=\"\" \/><\/a>\n\t\t\t<\/div><\/figure><figure class='gallery-item'>\n\t\t\t<div class='gallery-icon landscape'>\n\t\t\t\t<a data-elementor-open-lightbox=\"yes\" data-elementor-lightbox-slideshow=\"c5cf008\" data-elementor-lightbox-title=\"thumb_3000x3000_52765e2c7d9f8\" data-e-action-hash=\"#elementor-action%3Aaction%3Dlightbox%26settings%3DeyJpZCI6NzE0NCwidXJsIjoiaHR0cHM6XC9cL2dlbmV0aWthLXBsemVuLm51bGxhYmxlLmdyb3VwXC93cC1jb250ZW50XC91cGxvYWRzXC8yMDI0XC8wMlwvdGh1bWJfMzAwMHgzMDAwXzUyNzY1ZTJjN2Q5ZjguanBnIiwic2xpZGVzaG93IjoiYzVjZjAwOCJ9\" href='https:\/\/genetika-plzen.nullable.group\/wp-content\/uploads\/2024\/02\/thumb_3000x3000_52765e2c7d9f8.jpg'><img loading=\"lazy\" decoding=\"async\" width=\"150\" height=\"150\" src=\"https:\/\/genetika-plzen.nullable.group\/wp-content\/uploads\/2024\/02\/thumb_3000x3000_52765e2c7d9f8-150x150.jpg\" class=\"attachment-thumbnail size-thumbnail\" alt=\"\" \/><\/a>\n\t\t\t<\/div><\/figure><figure class='gallery-item'>\n\t\t\t<div class='gallery-icon landscape'>\n\t\t\t\t<a data-elementor-open-lightbox=\"yes\" data-elementor-lightbox-slideshow=\"c5cf008\" data-elementor-lightbox-title=\"thumb_3000x3000_52765e6519369\" data-e-action-hash=\"#elementor-action%3Aaction%3Dlightbox%26settings%3DeyJpZCI6NzE0NSwidXJsIjoiaHR0cHM6XC9cL2dlbmV0aWthLXBsemVuLm51bGxhYmxlLmdyb3VwXC93cC1jb250ZW50XC91cGxvYWRzXC8yMDI0XC8wMlwvdGh1bWJfMzAwMHgzMDAwXzUyNzY1ZTY1MTkzNjkuanBnIiwic2xpZGVzaG93IjoiYzVjZjAwOCJ9\" href='https:\/\/genetika-plzen.nullable.group\/wp-content\/uploads\/2024\/02\/thumb_3000x3000_52765e6519369.jpg'><img loading=\"lazy\" decoding=\"async\" width=\"150\" height=\"150\" src=\"https:\/\/genetika-plzen.nullable.group\/wp-content\/uploads\/2024\/02\/thumb_3000x3000_52765e6519369-150x150.jpg\" class=\"attachment-thumbnail size-thumbnail\" alt=\"\" \/><\/a>\n\t\t\t<\/div><\/figure><figure class='gallery-item'>\n\t\t\t<div class='gallery-icon landscape'>\n\t\t\t\t<a data-elementor-open-lightbox=\"yes\" data-elementor-lightbox-slideshow=\"c5cf008\" data-elementor-lightbox-title=\"thumb_3000x3000_52765f0d2d0a5\" data-e-action-hash=\"#elementor-action%3Aaction%3Dlightbox%26settings%3DeyJpZCI6NzE0NiwidXJsIjoiaHR0cHM6XC9cL2dlbmV0aWthLXBsemVuLm51bGxhYmxlLmdyb3VwXC93cC1jb250ZW50XC91cGxvYWRzXC8yMDI0XC8wMlwvdGh1bWJfMzAwMHgzMDAwXzUyNzY1ZjBkMmQwYTUuanBnIiwic2xpZGVzaG93IjoiYzVjZjAwOCJ9\" href='https:\/\/genetika-plzen.nullable.group\/wp-content\/uploads\/2024\/02\/thumb_3000x3000_52765f0d2d0a5.jpg'><img loading=\"lazy\" decoding=\"async\" width=\"150\" height=\"150\" src=\"https:\/\/genetika-plzen.nullable.group\/wp-content\/uploads\/2024\/02\/thumb_3000x3000_52765f0d2d0a5-150x150.jpg\" class=\"attachment-thumbnail size-thumbnail\" alt=\"\" \/><\/a>\n\t\t\t<\/div><\/figure><figure class='gallery-item'>\n\t\t\t<div class='gallery-icon landscape'>\n\t\t\t\t<a data-elementor-open-lightbox=\"yes\" data-elementor-lightbox-slideshow=\"c5cf008\" data-elementor-lightbox-title=\"thumb_3000x3000_52765f579018e\" data-e-action-hash=\"#elementor-action%3Aaction%3Dlightbox%26settings%3DeyJpZCI6NzE1MiwidXJsIjoiaHR0cHM6XC9cL2dlbmV0aWthLXBsemVuLm51bGxhYmxlLmdyb3VwXC93cC1jb250ZW50XC91cGxvYWRzXC8yMDI0XC8wMlwvdGh1bWJfMzAwMHgzMDAwXzUyNzY1ZjU3OTAxOGUuanBnIiwic2xpZGVzaG93IjoiYzVjZjAwOCJ9\" href='https:\/\/genetika-plzen.nullable.group\/wp-content\/uploads\/2024\/02\/thumb_3000x3000_52765f579018e.jpg'><img loading=\"lazy\" decoding=\"async\" width=\"150\" height=\"150\" src=\"https:\/\/genetika-plzen.nullable.group\/wp-content\/uploads\/2024\/02\/thumb_3000x3000_52765f579018e-150x150.jpg\" class=\"attachment-thumbnail size-thumbnail\" alt=\"\" \/><\/a>\n\t\t\t<\/div><\/figure>\n\t\t<\/div>\n\t\t<\/div>\n\t\t\t\t\t\t<\/div>\n\t\t\t\t<\/div>\n\t\t\t\t\t<\/div>\n\t\t\t\t<\/div>\n\t\t\t\t<\/div>","protected":false},"excerpt":{"rendered":"<p>Vhodn\u00e1 doba na&nbsp;4D ultrazvuk je mezi 21.&nbsp;a&nbsp;28.&nbsp;t\u00fddnem t\u011bhotenstv\u00ed P\u0159\u00ednos 3D:&nbsp;zobrazen\u00ed plodu v&nbsp;trojrozm\u011brn\u00e9m obraze, p\u0159i&nbsp;4D zobrazen\u00ed je trojrozm\u011brn\u00fd obraz dopln\u011bn o&nbsp;pohyb v&nbsp;re\u00e1ln\u00e9m \u010dase.&nbsp; P\u0159\u00ednos pro&nbsp;t\u011bhotnou \u017eenu a&nbsp;partnera je v&nbsp;tom, \u017ee srozumiteln\u011bji vid\u00ed sv\u016fj plod ji\u017e v&nbsp;pr\u016fb\u011bhu t\u011bhotenstv\u00ed.&nbsp; Vy\u0161et\u0159en\u00ed je mo\u017en\u00e9 nahr\u00e1t na USB flash DISK (cca 5-8&nbsp;min z\u00e1znam). Tato vy\u0161et\u0159en\u00ed nejsou hrazena ze zdravotn\u00edho poji\u0161t\u011bn\u00ed. Cen\u00edk [&hellip;]<\/p>","protected":false},"author":9,"featured_media":0,"parent":7072,"menu_order":0,"comment_status":"closed","ping_status":"closed","template":"","meta":{"footnotes":""},"service-area":[27],"class_list":["post-7138","page","type-page","status-publish","hentry","service-area-geneticka-ambulance"],"yoast_head":"<!-- This site is optimized with the Yoast SEO plugin v20.2 - https:\/\/yoast.com\/wordpress\/plugins\/seo\/ -->\n<title>3D\/4D ultrazvukov\u00e1 vy\u0161et\u0159en\u00ed | Genetika Plze\u0148<\/title>\n<meta name=\"robots\" content=\"index, follow, max-snippet:-1, max-image-preview:large, max-video-preview:-1\" \/>\n<link rel=\"canonical\" href=\"https:\/\/genetika-plzen.nullable.group\/en\/geneticka-ambulance\/3d-4d-ultrazvukova-vysetreni\/\" \/>\n<meta property=\"og:locale\" content=\"en_GB\" \/>\n<meta property=\"og:type\" content=\"article\" \/>\n<meta property=\"og:title\" content=\"3D\/4D ultrazvukov\u00e1 vy\u0161et\u0159en\u00ed | Genetika Plze\u0148\" \/>\n<meta property=\"og:description\" content=\"Vhodn\u00e1 doba na&nbsp;4D ultrazvuk je mezi 21.&nbsp;a&nbsp;28.&nbsp;t\u00fddnem t\u011bhotenstv\u00ed P\u0159\u00ednos 3D:&nbsp;zobrazen\u00ed plodu v&nbsp;trojrozm\u011brn\u00e9m obraze, p\u0159i&nbsp;4D zobrazen\u00ed je trojrozm\u011brn\u00fd obraz dopln\u011bn o&nbsp;pohyb v&nbsp;re\u00e1ln\u00e9m \u010dase.&nbsp; P\u0159\u00ednos pro&nbsp;t\u011bhotnou \u017eenu a&nbsp;partnera je v&nbsp;tom, \u017ee srozumiteln\u011bji vid\u00ed sv\u016fj plod ji\u017e v&nbsp;pr\u016fb\u011bhu t\u011bhotenstv\u00ed.&nbsp; Vy\u0161et\u0159en\u00ed je mo\u017en\u00e9 nahr\u00e1t na USB flash DISK (cca 5-8&nbsp;min z\u00e1znam). Tato vy\u0161et\u0159en\u00ed nejsou hrazena ze zdravotn\u00edho poji\u0161t\u011bn\u00ed. Cen\u00edk [&hellip;]\" \/>\n<meta property=\"og:url\" content=\"https:\/\/genetika-plzen.nullable.group\/en\/geneticka-ambulance\/3d-4d-ultrazvukova-vysetreni\/\" \/>\n<meta property=\"og:site_name\" content=\"Genetika Plze\u0148\" \/>\n<meta property=\"article:modified_time\" content=\"2024-03-06T19:49:50+00:00\" \/>\n<meta property=\"og:image\" content=\"https:\/\/genetika-plzen.nullable.group\/wp-content\/uploads\/2024\/02\/thumb_3000x3000_3d-4d-ultrazvukova-vysetreni.jpg\" \/>\n<meta name=\"twitter:card\" content=\"summary_large_image\" \/>\n<meta name=\"twitter:label1\" content=\"Estimated reading time\" \/>\n\t<meta name=\"twitter:data1\" content=\"3 minutes\" \/>\n<script type=\"application\/ld+json\" class=\"yoast-schema-graph\">{\"@context\":\"https:\/\/schema.org\",\"@graph\":[{\"@type\":\"WebPage\",\"@id\":\"https:\/\/genetika-plzen.nullable.group\/geneticka-ambulance\/3d-4d-ultrazvukova-vysetreni\/\",\"url\":\"https:\/\/genetika-plzen.nullable.group\/geneticka-ambulance\/3d-4d-ultrazvukova-vysetreni\/\",\"name\":\"3D\/4D ultrazvukov\u00e1 vy\u0161et\u0159en\u00ed | Genetika Plze\u0148\",\"isPartOf\":{\"@id\":\"https:\/\/genetika-plzen.nullable.group\/#website\"},\"datePublished\":\"2024-02-03T22:57:20+00:00\",\"dateModified\":\"2024-03-06T19:49:50+00:00\",\"breadcrumb\":{\"@id\":\"https:\/\/genetika-plzen.nullable.group\/geneticka-ambulance\/3d-4d-ultrazvukova-vysetreni\/#breadcrumb\"},\"inLanguage\":\"en-GB\",\"potentialAction\":[{\"@type\":\"ReadAction\",\"target\":[\"https:\/\/genetika-plzen.nullable.group\/geneticka-ambulance\/3d-4d-ultrazvukova-vysetreni\/\"]}]},{\"@type\":\"BreadcrumbList\",\"@id\":\"https:\/\/genetika-plzen.nullable.group\/geneticka-ambulance\/3d-4d-ultrazvukova-vysetreni\/#breadcrumb\",\"itemListElement\":[{\"@type\":\"ListItem\",\"position\":1,\"name\":\"Home\",\"item\":\"https:\/\/genetika-plzen.nullable.group\/\"},{\"@type\":\"ListItem\",\"position\":2,\"name\":\"Genetick\u00e1 ambulance\",\"item\":\"https:\/\/genetika-plzen.nullable.group\/de\/geneticka-ambulance\/\"},{\"@type\":\"ListItem\",\"position\":3,\"name\":\"3D\/4D ultrazvukov\u00e1 vy\u0161et\u0159en\u00ed\"}]},{\"@type\":\"WebSite\",\"@id\":\"https:\/\/genetika-plzen.nullable.group\/#website\",\"url\":\"https:\/\/genetika-plzen.nullable.group\/\",\"name\":\"Genetika Plze\u0148\",\"description\":\"Genetika Plze\u0148\",\"publisher\":{\"@id\":\"https:\/\/genetika-plzen.nullable.group\/#organization\"},\"potentialAction\":[{\"@type\":\"SearchAction\",\"target\":{\"@type\":\"EntryPoint\",\"urlTemplate\":\"https:\/\/genetika-plzen.nullable.group\/?s={search_term_string}\"},\"query-input\":\"required name=search_term_string\"}],\"inLanguage\":\"en-GB\"},{\"@type\":\"Organization\",\"@id\":\"https:\/\/genetika-plzen.nullable.group\/#organization\",\"name\":\"Genetika Plze\u0148\",\"url\":\"https:\/\/genetika-plzen.nullable.group\/\",\"logo\":{\"@type\":\"ImageObject\",\"inLanguage\":\"en-GB\",\"@id\":\"https:\/\/genetika-plzen.nullable.group\/#\/schema\/logo\/image\/\",\"url\":\"https:\/\/genetika-plzen.nullable.group\/wp-content\/uploads\/2022\/07\/logo2.svg\",\"contentUrl\":\"https:\/\/genetika-plzen.nullable.group\/wp-content\/uploads\/2022\/07\/logo2.svg\",\"width\":286,\"height\":95,\"caption\":\"Genetika Plze\u0148\"},\"image\":{\"@id\":\"https:\/\/genetika-plzen.nullable.group\/#\/schema\/logo\/image\/\"}}]}<\/script>\n<!-- \/ Yoast SEO plugin. -->","yoast_head_json":{"title":"3D\/4D ultrazvukov\u00e1 vy\u0161et\u0159en\u00ed | Genetika Plze\u0148","robots":{"index":"index","follow":"follow","max-snippet":"max-snippet:-1","max-image-preview":"max-image-preview:large","max-video-preview":"max-video-preview:-1"},"canonical":"https:\/\/genetika-plzen.nullable.group\/en\/geneticka-ambulance\/3d-4d-ultrazvukova-vysetreni\/","og_locale":"en_GB","og_type":"article","og_title":"3D\/4D ultrazvukov\u00e1 vy\u0161et\u0159en\u00ed | Genetika Plze\u0148","og_description":"Vhodn\u00e1 doba na&nbsp;4D ultrazvuk je mezi 21.&nbsp;a&nbsp;28.&nbsp;t\u00fddnem t\u011bhotenstv\u00ed P\u0159\u00ednos 3D:&nbsp;zobrazen\u00ed plodu v&nbsp;trojrozm\u011brn\u00e9m obraze, p\u0159i&nbsp;4D zobrazen\u00ed je trojrozm\u011brn\u00fd obraz dopln\u011bn o&nbsp;pohyb v&nbsp;re\u00e1ln\u00e9m \u010dase.&nbsp; P\u0159\u00ednos pro&nbsp;t\u011bhotnou \u017eenu a&nbsp;partnera je v&nbsp;tom, \u017ee srozumiteln\u011bji vid\u00ed sv\u016fj plod ji\u017e v&nbsp;pr\u016fb\u011bhu t\u011bhotenstv\u00ed.&nbsp; Vy\u0161et\u0159en\u00ed je mo\u017en\u00e9 nahr\u00e1t na USB flash DISK (cca 5-8&nbsp;min z\u00e1znam). Tato vy\u0161et\u0159en\u00ed nejsou hrazena ze zdravotn\u00edho poji\u0161t\u011bn\u00ed. Cen\u00edk [&hellip;]","og_url":"https:\/\/genetika-plzen.nullable.group\/en\/geneticka-ambulance\/3d-4d-ultrazvukova-vysetreni\/","og_site_name":"Genetika Plze\u0148","article_modified_time":"2024-03-06T19:49:50+00:00","og_image":[{"url":"https:\/\/genetika-plzen.nullable.group\/wp-content\/uploads\/2024\/02\/thumb_3000x3000_3d-4d-ultrazvukova-vysetreni.jpg"}],"twitter_card":"summary_large_image","twitter_misc":{"Estimated reading time":"3 minutes"},"schema":{"@context":"https:\/\/schema.org","@graph":[{"@type":"WebPage","@id":"https:\/\/genetika-plzen.nullable.group\/geneticka-ambulance\/3d-4d-ultrazvukova-vysetreni\/","url":"https:\/\/genetika-plzen.nullable.group\/geneticka-ambulance\/3d-4d-ultrazvukova-vysetreni\/","name":"3D\/4D ultrazvukov\u00e1 vy\u0161et\u0159en\u00ed | Genetika Plze\u0148","isPartOf":{"@id":"https:\/\/genetika-plzen.nullable.group\/#website"},"datePublished":"2024-02-03T22:57:20+00:00","dateModified":"2024-03-06T19:49:50+00:00","breadcrumb":{"@id":"https:\/\/genetika-plzen.nullable.group\/geneticka-ambulance\/3d-4d-ultrazvukova-vysetreni\/#breadcrumb"},"inLanguage":"en-GB","potentialAction":[{"@type":"ReadAction","target":["https:\/\/genetika-plzen.nullable.group\/geneticka-ambulance\/3d-4d-ultrazvukova-vysetreni\/"]}]},{"@type":"BreadcrumbList","@id":"https:\/\/genetika-plzen.nullable.group\/geneticka-ambulance\/3d-4d-ultrazvukova-vysetreni\/#breadcrumb","itemListElement":[{"@type":"ListItem","position":1,"name":"Home","item":"https:\/\/genetika-plzen.nullable.group\/"},{"@type":"ListItem","position":2,"name":"Genetick\u00e1 ambulance","item":"https:\/\/genetika-plzen.nullable.group\/de\/geneticka-ambulance\/"},{"@type":"ListItem","position":3,"name":"3D\/4D ultrazvukov\u00e1 vy\u0161et\u0159en\u00ed"}]},{"@type":"WebSite","@id":"https:\/\/genetika-plzen.nullable.group\/#website","url":"https:\/\/genetika-plzen.nullable.group\/","name":"Genetika Plze\u0148","description":"Genetika Plze\u0148","publisher":{"@id":"https:\/\/genetika-plzen.nullable.group\/#organization"},"potentialAction":[{"@type":"SearchAction","target":{"@type":"EntryPoint","urlTemplate":"https:\/\/genetika-plzen.nullable.group\/?s={search_term_string}"},"query-input":"required name=search_term_string"}],"inLanguage":"en-GB"},{"@type":"Organization","@id":"https:\/\/genetika-plzen.nullable.group\/#organization","name":"Genetika Plze\u0148","url":"https:\/\/genetika-plzen.nullable.group\/","logo":{"@type":"ImageObject","inLanguage":"en-GB","@id":"https:\/\/genetika-plzen.nullable.group\/#\/schema\/logo\/image\/","url":"https:\/\/genetika-plzen.nullable.group\/wp-content\/uploads\/2022\/07\/logo2.svg","contentUrl":"https:\/\/genetika-plzen.nullable.group\/wp-content\/uploads\/2022\/07\/logo2.svg","width":286,"height":95,"caption":"Genetika Plze\u0148"},"image":{"@id":"https:\/\/genetika-plzen.nullable.group\/#\/schema\/logo\/image\/"}}]}},"_links":{"self":[{"href":"https:\/\/genetika-plzen.nullable.group\/en\/wp-json\/wp\/v2\/pages\/7138","targetHints":{"allow":["GET"]}}],"collection":[{"href":"https:\/\/genetika-plzen.nullable.group\/en\/wp-json\/wp\/v2\/pages"}],"about":[{"href":"https:\/\/genetika-plzen.nullable.group\/en\/wp-json\/wp\/v2\/types\/page"}],"author":[{"embeddable":true,"href":"https:\/\/genetika-plzen.nullable.group\/en\/wp-json\/wp\/v2\/users\/9"}],"replies":[{"embeddable":true,"href":"https:\/\/genetika-plzen.nullable.group\/en\/wp-json\/wp\/v2\/comments?post=7138"}],"version-history":[{"count":28,"href":"https:\/\/genetika-plzen.nullable.group\/en\/wp-json\/wp\/v2\/pages\/7138\/revisions"}],"predecessor-version":[{"id":8449,"href":"https:\/\/genetika-plzen.nullable.group\/en\/wp-json\/wp\/v2\/pages\/7138\/revisions\/8449"}],"up":[{"embeddable":true,"href":"https:\/\/genetika-plzen.nullable.group\/en\/wp-json\/wp\/v2\/pages\/7072"}],"wp:attachment":[{"href":"https:\/\/genetika-plzen.nullable.group\/en\/wp-json\/wp\/v2\/media?parent=7138"}],"wp:term":[{"taxonomy":"service-area","embeddable":true,"href":"https:\/\/genetika-plzen.nullable.group\/en\/wp-json\/wp\/v2\/service-area?post=7138"}],"curies":[{"name":"wp","href":"https:\/\/api.w.org\/{rel}","templated":true}]}}