{"id":7181,"date":"2024-02-04T00:21:43","date_gmt":"2024-02-03T23:21:43","guid":{"rendered":"https:\/\/genetika-plzen.nullable.group\/?page_id=7181"},"modified":"2025-09-16T03:41:40","modified_gmt":"2025-09-16T01:41:40","slug":"laborator-reprodukcni-imunologie","status":"publish","type":"page","link":"https:\/\/genetika-plzen.nullable.group\/en\/laborator-reprodukcni-imunologie\/","title":{"rendered":"Reproductive Immunology Laboratory"},"content":{"rendered":"<div data-elementor-type=\"wp-page\" data-elementor-id=\"7181\" class=\"elementor elementor-7181\">\n\t\t\t\t<div class=\"elementor-element elementor-element-2a2b335 e-flex e-con-boxed e-con e-parent\" data-id=\"2a2b335\" data-element_type=\"container\" data-e-type=\"container\">\n\t\t\t\t\t<div class=\"e-con-inner\">\n\t\t\t\t<div class=\"elementor-element elementor-element-b0d5dc4 elementor-widget elementor-widget-spacer\" data-id=\"b0d5dc4\" data-element_type=\"widget\" data-e-type=\"widget\" data-widget_type=\"spacer.default\">\n\t\t\t\t<div class=\"elementor-widget-container\">\n\t\t\t\t\t\t\t<div class=\"elementor-spacer\">\n\t\t\t<div class=\"elementor-spacer-inner\"><\/div>\n\t\t<\/div>\n\t\t\t\t\t\t<\/div>\n\t\t\t\t<\/div>\n\t\t\t\t\t<\/div>\n\t\t\t\t<\/div>\n\t\t<div class=\"elementor-element elementor-element-cdcc1a7 e-flex e-con-boxed e-con e-parent\" data-id=\"cdcc1a7\" data-element_type=\"container\" data-e-type=\"container\">\n\t\t\t\t\t<div class=\"e-con-inner\">\n\t\t\t\t<div class=\"elementor-element elementor-element-03a4109 elementor-widget elementor-widget-text-editor\" data-id=\"03a4109\" data-element_type=\"widget\" data-e-type=\"widget\" data-widget_type=\"text-editor.default\">\n\t\t\t\t<div class=\"elementor-widget-container\">\n\t\t\t\t\t\t\t\t\t<p>The Reproductive Immunology Clinic was founded by Prof.\u00a0<a href=\"http:\/\/www.ulcovagallova.cz\/\" target=\"_blank\" rel=\"noopener\">Ul\u010dov\u00e1-Gallov\u00e1<\/a>\u00a0in 1985. Together with\u00a0<a href=\"\/en\/geneticka-ambulance\/reprodukcni-imunologie\/laborator-reprodukcni-imunologie\/\">laboratories for reproductive immunology<\/a>\u00a0, she works full-time at\u00a0<strong>Genetics Pilsen<\/strong>\u00a0since November 2012. Gynecology and obstetrics with immunology fully respects the complex neuroendocrine-immune relationships in couples with reduced fertility and provides greater opportunities for a comprehensive view of the diagnosis and, above all, the adjustment and method of existing treatment.<\/p><p><a href=\"http:\/\/www.ulcovagallova.cz\/\" target=\"_blank\" rel=\"noopener\">www.ulcovagallova.cz<\/a><\/p><h2>We monitor<\/h2><ul><li>Couples who did not conceive after 1\u20132 or more IVF cycles<\/li><li>Patients after two or more miscarriages<\/li><li>Couples with autoimmune diseases or underlying diagnoses (e.g., diabetes mellitus, etc.)\u00a0<\/li><li>Couples undergoing cryopreservation of sperm or eggs due to a serious cancer diagnosis and prior to medical procedures (surgery, chemotherapy)<\/li><li>Couples aged 30 and above who have not conceived after a year of regular unprotected sexual intercourse\u00a0<\/li><\/ul><h2>Conditions for examination<\/h2><p>The partner also undergoes examination in reproductive immunology. We examine serum (blood collection with the condition of excluding excessive fat intake for 24 hours), ovulatory mucus (timed, painless collection of cervical secretion with the condition: intercourse with a condom from the end of menstruation until the collection of biological material), and ejaculate (after four days of sexual abstinence). We do not recommend smoking, excessive alcohol consumption, or drug use before the examination, and we require at least a two-month interval from the last miscarriage or hormonal stimulation. We also examine follicular and peritoneal fluid. It is advisable to have a recommendation from a gynecologist or another specialist with a brief summary of events.<\/p><h2>We examine<\/h2><ul><li>primarily isoimmune and autoimmune relationships of reproductive cells (eggs, sperm) and early embryos, focusing on the enzymatic equipment of sperm heads<\/li><li>sperm agglutination antibodies, antibodies against zona pellucida (egg)<\/li><li>antibodies against ovarian tissue (ovary)<\/li><li>a panel of various antiphospholipid antibodies<\/li><li>other examinations of autoimmune parameters are indicated according to the actual results\u00a0<\/li><li>antibodies in the ovarian cervix secretion<\/li><li>cellular immunity (NK cells) in the uterine mucosa<\/li><li><a href=\"\/wp-content\/uploads\/2024\/04\/genetika_2024_letak_neplodnost_A4_en_05_nahled.pdf\">oxidative stress of sperm<\/a><\/li><\/ul><h2>Methods<\/h2><ul><li>Agglutination<\/li><li>ELISA<\/li><li>Immunofluorescence<\/li><li>Immunohistology<\/li><\/ul><h2>Examination of the couple<\/h2><p>Timing of examinations (according to the menstrual cycle) of the couple and samples taken during one consultation according to the above conditions. The second consultation involves a detailed analysis of the results and a decision on the method of further therapy.<\/p>\t\t\t\t\t\t\t\t<\/div>\n\t\t\t\t<\/div>\n\t\t\t\t<div class=\"elementor-element elementor-element-c2e6448 elementor-widget elementor-widget-text-editor\" data-id=\"c2e6448\" data-element_type=\"widget\" data-e-type=\"widget\" data-widget_type=\"text-editor.default\">\n\t\t\t\t<div class=\"elementor-widget-container\">\n\t\t\t\t\t\t\t\t\t<h2>Examination of the couple<\/h2>\t\t\t\t\t\t\t\t<\/div>\n\t\t\t\t<\/div>\n\t\t\t\t<div class=\"elementor-element elementor-element-386fb07 elementor-button-info elementor-widget elementor-widget-button\" data-id=\"386fb07\" data-element_type=\"widget\" data-e-type=\"widget\" data-widget_type=\"button.default\">\n\t\t\t\t<div class=\"elementor-widget-container\">\n\t\t\t\t\t\t\t\t\t<div class=\"elementor-button-wrapper\">\n\t\t\t\t\t<a class=\"elementor-button elementor-button-link elementor-size-sm\" href=\"\/wp-content\/uploads\/2024\/04\/genetika_2024_letak_neplodnost_A4_en_05_nahled.pdf\">\n\t\t\t\t\t\t<span class=\"elementor-button-content-wrapper\">\n\t\t\t\t\t\t\t\t\t<span class=\"elementor-button-text\">Leaflet<\/span>\n\t\t\t\t\t<\/span>\n\t\t\t\t\t<\/a>\n\t\t\t\t<\/div>\n\t\t\t\t\t\t\t\t<\/div>\n\t\t\t\t<\/div>\n\t\t\t\t<div class=\"elementor-element elementor-element-0e99ed4 elementor-button-info elementor-widget elementor-widget-button\" data-id=\"0e99ed4\" data-element_type=\"widget\" data-e-type=\"widget\" data-widget_type=\"button.default\">\n\t\t\t\t<div class=\"elementor-widget-container\">\n\t\t\t\t\t\t\t\t\t<div class=\"elementor-button-wrapper\">\n\t\t\t\t\t<a class=\"elementor-button elementor-button-link elementor-size-sm\" href=\"\/wp-content\/uploads\/2024\/05\/F.GP-912-v004-EN-Requisition-for-immunogy-test_WEB.pdf\">\n\t\t\t\t\t\t<span class=\"elementor-button-content-wrapper\">\n\t\t\t\t\t\t\t\t\t<span class=\"elementor-button-text\">Requisition form<\/span>\n\t\t\t\t\t<\/span>\n\t\t\t\t\t<\/a>\n\t\t\t\t<\/div>\n\t\t\t\t\t\t\t\t<\/div>\n\t\t\t\t<\/div>\n\t\t\t\t<div class=\"elementor-element elementor-element-f4bd398 elementor-button-info elementor-widget elementor-widget-button\" data-id=\"f4bd398\" data-element_type=\"widget\" data-e-type=\"widget\" data-widget_type=\"button.default\">\n\t\t\t\t<div class=\"elementor-widget-container\">\n\t\t\t\t\t\t\t\t\t<div class=\"elementor-button-wrapper\">\n\t\t\t\t\t<a class=\"elementor-button elementor-button-link elementor-size-sm\" href=\"\/wp-content\/uploads\/2024\/06\/F.GP-901-v002-EN-Consent-with-genetic-laboratory__-examination_interactive.pdf\">\n\t\t\t\t\t\t<span class=\"elementor-button-content-wrapper\">\n\t\t\t\t\t\t\t\t\t<span class=\"elementor-button-text\">Consent<\/span>\n\t\t\t\t\t<\/span>\n\t\t\t\t\t<\/a>\n\t\t\t\t<\/div>\n\t\t\t\t\t\t\t\t<\/div>\n\t\t\t\t<\/div>\n\t\t\t\t\t<\/div>\n\t\t\t\t<\/div>\n\t\t<div class=\"elementor-element elementor-element-801c5e9 e-flex e-con-boxed e-con e-parent\" data-id=\"801c5e9\" data-element_type=\"container\" data-e-type=\"container\">\n\t\t\t\t\t<div class=\"e-con-inner\">\n\t\t\t\t<div class=\"elementor-element elementor-element-a1cf7f6 elementor-widget elementor-widget-button\" data-id=\"a1cf7f6\" data-element_type=\"widget\" data-e-type=\"widget\" data-widget_type=\"button.default\">\n\t\t\t\t<div class=\"elementor-widget-container\">\n\t\t\t\t\t\t\t\t\t<div class=\"elementor-button-wrapper\">\n\t\t\t\t\t<a class=\"elementor-button elementor-button-link elementor-size-sm\" href=\"https:\/\/www.genetika-plzen.cz\/wp-content\/uploads\/2025\/08\/imunologie_Genetika_2024_cenik_samoplatce_cz.pdf\">\n\t\t\t\t\t\t<span class=\"elementor-button-content-wrapper\">\n\t\t\t\t\t\t\t\t\t<span class=\"elementor-button-text\">Price list<\/span>\n\t\t\t\t\t<\/span>\n\t\t\t\t\t<\/a>\n\t\t\t\t<\/div>\n\t\t\t\t\t\t\t\t<\/div>\n\t\t\t\t<\/div>\n\t\t\t\t\t<\/div>\n\t\t\t\t<\/div>\n\t\t<div class=\"elementor-element elementor-element-69bd1c0 e-flex e-con-boxed e-con e-parent\" data-id=\"69bd1c0\" data-element_type=\"container\" data-e-type=\"container\">\n\t\t\t\t\t<div class=\"e-con-inner\">\n\t\t\t\t<div class=\"elementor-element elementor-element-40b6686 elementor-widget elementor-widget-image\" data-id=\"40b6686\" data-element_type=\"widget\" data-e-type=\"widget\" data-widget_type=\"image.default\">\n\t\t\t\t<div class=\"elementor-widget-container\">\n\t\t\t\t\t\t\t\t\t\t\t\t\t\t\t<img fetchpriority=\"high\" decoding=\"async\" width=\"500\" height=\"500\" src=\"https:\/\/genetika-plzen.nullable.group\/wp-content\/uploads\/2024\/02\/thumb_3000x3000_reprodukcni-imunologie.jpg\" class=\"attachment-large size-large wp-image-7185\" alt=\"\" srcset=\"https:\/\/genetika-plzen.nullable.group\/wp-content\/uploads\/2024\/02\/thumb_3000x3000_reprodukcni-imunologie.jpg 500w, https:\/\/genetika-plzen.nullable.group\/wp-content\/uploads\/2024\/02\/thumb_3000x3000_reprodukcni-imunologie-300x300.jpg 300w, https:\/\/genetika-plzen.nullable.group\/wp-content\/uploads\/2024\/02\/thumb_3000x3000_reprodukcni-imunologie-150x150.jpg 150w\" sizes=\"(max-width: 500px) 100vw, 500px\" \/>\t\t\t\t\t\t\t\t\t\t\t\t\t\t\t<\/div>\n\t\t\t\t<\/div>\n\t\t\t\t\t<\/div>\n\t\t\t\t<\/div>\n\t\t<div class=\"elementor-element elementor-element-08f8a83 e-flex e-con-boxed e-con e-parent\" data-id=\"08f8a83\" data-element_type=\"container\" data-e-type=\"container\">\n\t\t\t\t\t<div class=\"e-con-inner\">\n\t\t\t\t<div class=\"elementor-element elementor-element-063a469 elementor-widget elementor-widget-spacer\" data-id=\"063a469\" data-element_type=\"widget\" data-e-type=\"widget\" data-widget_type=\"spacer.default\">\n\t\t\t\t<div class=\"elementor-widget-container\">\n\t\t\t\t\t\t\t<div class=\"elementor-spacer\">\n\t\t\t<div class=\"elementor-spacer-inner\"><\/div>\n\t\t<\/div>\n\t\t\t\t\t\t<\/div>\n\t\t\t\t<\/div>\n\t\t\t\t\t<\/div>\n\t\t\t\t<\/div>\n\t\t\t\t<\/div>","protected":false},"excerpt":{"rendered":"<p>Poradna\u00a0pro\u00a0imunologii reprodukce byla\u00a0zalo\u017eena prof.\u00a0Ul\u010dovou-Gallovou\u00a0v\u00a0roce 1985.\u00a0Spolu s\u00a0laborato\u0159emi pro\u00a0reproduk\u010dn\u00ed imunologii\u00a0pracuje pln\u011b\u00a0na\u00a0nov\u00e9m pracovi\u0161ti\u00a0Genetika-Plze\u0148 s.r.o.\u00a0od\u00a0listopadu 2012.\u00a0Erudice gynekologie a\u00a0porodnictv\u00ed s\u00a0imunologi\u00ed pln\u011b respektuje slo\u017eit\u00e9 neuroendokrinn\u011b imunitn\u00ed vztahy u\u00a0p\u00e1r\u016f se\u00a0sn\u00ed\u017eenou plodnost\u00ed a\u00a0 poskytuje v\u011bt\u0161\u00ed mo\u017enosti komplexn\u00edho pohledu na\u00a0diagn\u00f3zu a\u00a0p\u0159edev\u0161\u00edm na\u00a0\u00fapravu a\u00a0na\u00a0zp\u016fsob st\u00e1vaj\u00edc\u00ed\u00a0 l\u00e9\u010dby. www.ulcovagallova.cz Sledujeme P\u00e1ry, kter\u00e9 neot\u011bhotn\u011bly po\u00a0 1\u00a0\u2013 2,\u00a0 a\u00a0v\u00edce IVF Pacientky po\u00a0dvou a\u00a0v\u00edce potratech P\u00e1ry s autoimunitn\u00edm onemocn\u011bn\u00edm nebo [&hellip;]<\/p>","protected":false},"author":9,"featured_media":0,"parent":0,"menu_order":0,"comment_status":"closed","ping_status":"closed","template":"","meta":{"footnotes":""},"service-area":[33],"class_list":["post-7181","page","type-page","status-publish","hentry","service-area-reprodukcni-imunologie"],"yoast_head":"<!-- This site is optimized with the Yoast SEO plugin v20.2 - https:\/\/yoast.com\/wordpress\/plugins\/seo\/ -->\n<title>Laborato\u0159 reproduk\u010dn\u00ed imunologie | Genetika Plze\u0148<\/title>\n<meta name=\"robots\" content=\"index, follow, max-snippet:-1, max-image-preview:large, max-video-preview:-1\" \/>\n<link rel=\"canonical\" href=\"https:\/\/genetika-plzen.nullable.group\/en\/laborator-reprodukcni-imunologie\/\" \/>\n<meta property=\"og:locale\" content=\"en_GB\" \/>\n<meta property=\"og:type\" content=\"article\" \/>\n<meta property=\"og:title\" content=\"Laborato\u0159 reproduk\u010dn\u00ed imunologie | Genetika Plze\u0148\" \/>\n<meta property=\"og:description\" content=\"Poradna\u00a0pro\u00a0imunologii reprodukce byla\u00a0zalo\u017eena prof.\u00a0Ul\u010dovou-Gallovou\u00a0v\u00a0roce 1985.\u00a0Spolu s\u00a0laborato\u0159emi pro\u00a0reproduk\u010dn\u00ed imunologii\u00a0pracuje pln\u011b\u00a0na\u00a0nov\u00e9m pracovi\u0161ti\u00a0Genetika-Plze\u0148 s.r.o.\u00a0od\u00a0listopadu 2012.\u00a0Erudice gynekologie a\u00a0porodnictv\u00ed s\u00a0imunologi\u00ed pln\u011b respektuje slo\u017eit\u00e9 neuroendokrinn\u011b imunitn\u00ed vztahy u\u00a0p\u00e1r\u016f se\u00a0sn\u00ed\u017eenou plodnost\u00ed a\u00a0 poskytuje v\u011bt\u0161\u00ed mo\u017enosti komplexn\u00edho pohledu na\u00a0diagn\u00f3zu a\u00a0p\u0159edev\u0161\u00edm na\u00a0\u00fapravu a\u00a0na\u00a0zp\u016fsob st\u00e1vaj\u00edc\u00ed\u00a0 l\u00e9\u010dby. www.ulcovagallova.cz Sledujeme P\u00e1ry, kter\u00e9 neot\u011bhotn\u011bly po\u00a0 1\u00a0\u2013 2,\u00a0 a\u00a0v\u00edce IVF Pacientky po\u00a0dvou a\u00a0v\u00edce potratech P\u00e1ry s autoimunitn\u00edm onemocn\u011bn\u00edm nebo [&hellip;]\" \/>\n<meta property=\"og:url\" content=\"https:\/\/genetika-plzen.nullable.group\/en\/laborator-reprodukcni-imunologie\/\" \/>\n<meta property=\"og:site_name\" content=\"Genetika Plze\u0148\" \/>\n<meta property=\"article:modified_time\" content=\"2025-09-16T01:41:40+00:00\" \/>\n<meta property=\"og:image\" content=\"https:\/\/www.genetika-plzen.cz\/wp-content\/uploads\/2024\/02\/thumb_3000x3000_reprodukcni-imunologie.jpg\" \/>\n<meta name=\"twitter:card\" content=\"summary_large_image\" \/>\n<meta name=\"twitter:label1\" content=\"Estimated reading time\" \/>\n\t<meta name=\"twitter:data1\" content=\"2 minutes\" \/>\n<script type=\"application\/ld+json\" class=\"yoast-schema-graph\">{\"@context\":\"https:\/\/schema.org\",\"@graph\":[{\"@type\":\"WebPage\",\"@id\":\"https:\/\/genetika-plzen.nullable.group\/laborator-reprodukcni-imunologie\/\",\"url\":\"https:\/\/genetika-plzen.nullable.group\/laborator-reprodukcni-imunologie\/\",\"name\":\"Laborato\u0159 reproduk\u010dn\u00ed imunologie | Genetika Plze\u0148\",\"isPartOf\":{\"@id\":\"https:\/\/genetika-plzen.nullable.group\/#website\"},\"datePublished\":\"2024-02-03T23:21:43+00:00\",\"dateModified\":\"2025-09-16T01:41:40+00:00\",\"breadcrumb\":{\"@id\":\"https:\/\/genetika-plzen.nullable.group\/laborator-reprodukcni-imunologie\/#breadcrumb\"},\"inLanguage\":\"en-GB\",\"potentialAction\":[{\"@type\":\"ReadAction\",\"target\":[\"https:\/\/genetika-plzen.nullable.group\/laborator-reprodukcni-imunologie\/\"]}]},{\"@type\":\"BreadcrumbList\",\"@id\":\"https:\/\/genetika-plzen.nullable.group\/laborator-reprodukcni-imunologie\/#breadcrumb\",\"itemListElement\":[{\"@type\":\"ListItem\",\"position\":1,\"name\":\"Home\",\"item\":\"https:\/\/genetika-plzen.nullable.group\/\"},{\"@type\":\"ListItem\",\"position\":2,\"name\":\"Laborato\u0159 reproduk\u010dn\u00ed imunologie\"}]},{\"@type\":\"WebSite\",\"@id\":\"https:\/\/genetika-plzen.nullable.group\/#website\",\"url\":\"https:\/\/genetika-plzen.nullable.group\/\",\"name\":\"Genetika Plze\u0148\",\"description\":\"Genetika Plze\u0148\",\"publisher\":{\"@id\":\"https:\/\/genetika-plzen.nullable.group\/#organization\"},\"potentialAction\":[{\"@type\":\"SearchAction\",\"target\":{\"@type\":\"EntryPoint\",\"urlTemplate\":\"https:\/\/genetika-plzen.nullable.group\/?s={search_term_string}\"},\"query-input\":\"required name=search_term_string\"}],\"inLanguage\":\"en-GB\"},{\"@type\":\"Organization\",\"@id\":\"https:\/\/genetika-plzen.nullable.group\/#organization\",\"name\":\"Genetika Plze\u0148\",\"url\":\"https:\/\/genetika-plzen.nullable.group\/\",\"logo\":{\"@type\":\"ImageObject\",\"inLanguage\":\"en-GB\",\"@id\":\"https:\/\/genetika-plzen.nullable.group\/#\/schema\/logo\/image\/\",\"url\":\"https:\/\/genetika-plzen.nullable.group\/wp-content\/uploads\/2022\/07\/logo2.svg\",\"contentUrl\":\"https:\/\/genetika-plzen.nullable.group\/wp-content\/uploads\/2022\/07\/logo2.svg\",\"width\":286,\"height\":95,\"caption\":\"Genetika Plze\u0148\"},\"image\":{\"@id\":\"https:\/\/genetika-plzen.nullable.group\/#\/schema\/logo\/image\/\"}}]}<\/script>\n<!-- \/ Yoast SEO plugin. -->","yoast_head_json":{"title":"Laborato\u0159 reproduk\u010dn\u00ed imunologie | Genetika Plze\u0148","robots":{"index":"index","follow":"follow","max-snippet":"max-snippet:-1","max-image-preview":"max-image-preview:large","max-video-preview":"max-video-preview:-1"},"canonical":"https:\/\/genetika-plzen.nullable.group\/en\/laborator-reprodukcni-imunologie\/","og_locale":"en_GB","og_type":"article","og_title":"Laborato\u0159 reproduk\u010dn\u00ed imunologie | Genetika Plze\u0148","og_description":"Poradna\u00a0pro\u00a0imunologii reprodukce byla\u00a0zalo\u017eena prof.\u00a0Ul\u010dovou-Gallovou\u00a0v\u00a0roce 1985.\u00a0Spolu s\u00a0laborato\u0159emi pro\u00a0reproduk\u010dn\u00ed imunologii\u00a0pracuje pln\u011b\u00a0na\u00a0nov\u00e9m pracovi\u0161ti\u00a0Genetika-Plze\u0148 s.r.o.\u00a0od\u00a0listopadu 2012.\u00a0Erudice gynekologie a\u00a0porodnictv\u00ed s\u00a0imunologi\u00ed pln\u011b respektuje slo\u017eit\u00e9 neuroendokrinn\u011b imunitn\u00ed vztahy u\u00a0p\u00e1r\u016f se\u00a0sn\u00ed\u017eenou plodnost\u00ed a\u00a0 poskytuje v\u011bt\u0161\u00ed mo\u017enosti komplexn\u00edho pohledu na\u00a0diagn\u00f3zu a\u00a0p\u0159edev\u0161\u00edm na\u00a0\u00fapravu a\u00a0na\u00a0zp\u016fsob st\u00e1vaj\u00edc\u00ed\u00a0 l\u00e9\u010dby. www.ulcovagallova.cz Sledujeme P\u00e1ry, kter\u00e9 neot\u011bhotn\u011bly po\u00a0 1\u00a0\u2013 2,\u00a0 a\u00a0v\u00edce IVF Pacientky po\u00a0dvou a\u00a0v\u00edce potratech P\u00e1ry s autoimunitn\u00edm onemocn\u011bn\u00edm nebo [&hellip;]","og_url":"https:\/\/genetika-plzen.nullable.group\/en\/laborator-reprodukcni-imunologie\/","og_site_name":"Genetika Plze\u0148","article_modified_time":"2025-09-16T01:41:40+00:00","og_image":[{"url":"https:\/\/www.genetika-plzen.cz\/wp-content\/uploads\/2024\/02\/thumb_3000x3000_reprodukcni-imunologie.jpg"}],"twitter_card":"summary_large_image","twitter_misc":{"Estimated reading time":"2 minutes"},"schema":{"@context":"https:\/\/schema.org","@graph":[{"@type":"WebPage","@id":"https:\/\/genetika-plzen.nullable.group\/laborator-reprodukcni-imunologie\/","url":"https:\/\/genetika-plzen.nullable.group\/laborator-reprodukcni-imunologie\/","name":"Laborato\u0159 reproduk\u010dn\u00ed imunologie | Genetika Plze\u0148","isPartOf":{"@id":"https:\/\/genetika-plzen.nullable.group\/#website"},"datePublished":"2024-02-03T23:21:43+00:00","dateModified":"2025-09-16T01:41:40+00:00","breadcrumb":{"@id":"https:\/\/genetika-plzen.nullable.group\/laborator-reprodukcni-imunologie\/#breadcrumb"},"inLanguage":"en-GB","potentialAction":[{"@type":"ReadAction","target":["https:\/\/genetika-plzen.nullable.group\/laborator-reprodukcni-imunologie\/"]}]},{"@type":"BreadcrumbList","@id":"https:\/\/genetika-plzen.nullable.group\/laborator-reprodukcni-imunologie\/#breadcrumb","itemListElement":[{"@type":"ListItem","position":1,"name":"Home","item":"https:\/\/genetika-plzen.nullable.group\/"},{"@type":"ListItem","position":2,"name":"Laborato\u0159 reproduk\u010dn\u00ed imunologie"}]},{"@type":"WebSite","@id":"https:\/\/genetika-plzen.nullable.group\/#website","url":"https:\/\/genetika-plzen.nullable.group\/","name":"Genetika Plze\u0148","description":"Genetika Plze\u0148","publisher":{"@id":"https:\/\/genetika-plzen.nullable.group\/#organization"},"potentialAction":[{"@type":"SearchAction","target":{"@type":"EntryPoint","urlTemplate":"https:\/\/genetika-plzen.nullable.group\/?s={search_term_string}"},"query-input":"required name=search_term_string"}],"inLanguage":"en-GB"},{"@type":"Organization","@id":"https:\/\/genetika-plzen.nullable.group\/#organization","name":"Genetika Plze\u0148","url":"https:\/\/genetika-plzen.nullable.group\/","logo":{"@type":"ImageObject","inLanguage":"en-GB","@id":"https:\/\/genetika-plzen.nullable.group\/#\/schema\/logo\/image\/","url":"https:\/\/genetika-plzen.nullable.group\/wp-content\/uploads\/2022\/07\/logo2.svg","contentUrl":"https:\/\/genetika-plzen.nullable.group\/wp-content\/uploads\/2022\/07\/logo2.svg","width":286,"height":95,"caption":"Genetika Plze\u0148"},"image":{"@id":"https:\/\/genetika-plzen.nullable.group\/#\/schema\/logo\/image\/"}}]}},"_links":{"self":[{"href":"https:\/\/genetika-plzen.nullable.group\/en\/wp-json\/wp\/v2\/pages\/7181","targetHints":{"allow":["GET"]}}],"collection":[{"href":"https:\/\/genetika-plzen.nullable.group\/en\/wp-json\/wp\/v2\/pages"}],"about":[{"href":"https:\/\/genetika-plzen.nullable.group\/en\/wp-json\/wp\/v2\/types\/page"}],"author":[{"embeddable":true,"href":"https:\/\/genetika-plzen.nullable.group\/en\/wp-json\/wp\/v2\/users\/9"}],"replies":[{"embeddable":true,"href":"https:\/\/genetika-plzen.nullable.group\/en\/wp-json\/wp\/v2\/comments?post=7181"}],"version-history":[{"count":52,"href":"https:\/\/genetika-plzen.nullable.group\/en\/wp-json\/wp\/v2\/pages\/7181\/revisions"}],"predecessor-version":[{"id":9442,"href":"https:\/\/genetika-plzen.nullable.group\/en\/wp-json\/wp\/v2\/pages\/7181\/revisions\/9442"}],"wp:attachment":[{"href":"https:\/\/genetika-plzen.nullable.group\/en\/wp-json\/wp\/v2\/media?parent=7181"}],"wp:term":[{"taxonomy":"service-area","embeddable":true,"href":"https:\/\/genetika-plzen.nullable.group\/en\/wp-json\/wp\/v2\/service-area?post=7181"}],"curies":[{"name":"wp","href":"https:\/\/api.w.org\/{rel}","templated":true}]}}