{"id":7368,"date":"2024-02-05T20:21:50","date_gmt":"2024-02-05T19:21:50","guid":{"rendered":"https:\/\/genetika-plzen.nullable.group\/?page_id=7368"},"modified":"2024-02-23T01:42:41","modified_gmt":"2024-02-23T00:42:41","slug":"vysetreni-reprodukcni-genetiky","status":"publish","type":"page","link":"https:\/\/genetika-plzen.nullable.group\/en\/vysetreni-reprodukcni-genetiky\/","title":{"rendered":"Reproductive Genetics Laboratory"},"content":{"rendered":"<div data-elementor-type=\"wp-page\" data-elementor-id=\"7368\" class=\"elementor elementor-7368\">\n\t\t\t\t<div class=\"elementor-element elementor-element-9eac584 e-flex e-con-boxed e-con e-parent\" data-id=\"9eac584\" data-element_type=\"container\" data-e-type=\"container\">\n\t\t\t\t\t<div class=\"e-con-inner\">\n\t\t\t\t<div class=\"elementor-element elementor-element-1efe23f elementor-widget elementor-widget-spacer\" data-id=\"1efe23f\" data-element_type=\"widget\" data-e-type=\"widget\" data-widget_type=\"spacer.default\">\n\t\t\t\t<div class=\"elementor-widget-container\">\n\t\t\t\t\t\t\t<div class=\"elementor-spacer\">\n\t\t\t<div class=\"elementor-spacer-inner\"><\/div>\n\t\t<\/div>\n\t\t\t\t\t\t<\/div>\n\t\t\t\t<\/div>\n\t\t\t\t\t<\/div>\n\t\t\t\t<\/div>\n\t\t<div class=\"elementor-element elementor-element-7a16eb6 e-flex e-con-boxed e-con e-parent\" data-id=\"7a16eb6\" data-element_type=\"container\" data-e-type=\"container\">\n\t\t\t\t\t<div class=\"e-con-inner\">\n\t\t\t\t<div class=\"elementor-element elementor-element-74befbb elementor-widget elementor-widget-text-editor\" data-id=\"74befbb\" data-element_type=\"widget\" data-e-type=\"widget\" data-widget_type=\"text-editor.default\">\n\t\t\t\t<div class=\"elementor-widget-container\">\n\t\t\t\t\t\t\t\t\t<p>Laboratory of reproductive genetics is a facility specialized in genetic examinations related to human reproduction issues.\nUsing the most advanced examination techniques, we conduct detailed genetic testing of future parents (Carrier screening), which significantly reduces the risk of having a child with a genetic disorder.<\/p>\n<p>Dal\u0161\u00ed oblast\u00ed, kterou se s dlouhou tradic\u00ed zab\u00fdv\u00e1me, je vy\u0161et\u0159en\u00ed embry\u00ed u p\u00e1r\u016f, kter\u00e9 podstupuj\u00ed um\u011bl\u00e9 oplodn\u011bn\u00ed (Preimplanta\u010dn\u00ed genetick\u00e9 testov\u00e1n\u00ed, PGT). Indikace k PGT mohou b\u00fdt r\u016fzn\u00e9 (viz specializovan\u00fd text n\u00ed\u017ee) a jednou z nich je pr\u00e1v\u011b i zv\u00fd\u0161en\u00e9 genetick\u00e9 riziko rozpoznan\u00e9 Carrier screeningem.<\/p>\n<p>Laborato\u0159 reproduk\u010dn\u00ed genetiky navazuje na \u010dinnost Genetick\u00e9 laborato\u0159e IVF Zentren Prof. \u2013 Zech a st\u00e1le \u00fazce spolupracuje s centrem asistovan\u00e9 reprodukce <a href=\"https:\/\/www.next-fertilitypilsen.cz\/\">Next Fertility IVF Prof. Zech Pilsen, s.r.o.<\/a>.<\/p>\n<ul>\n<li><a href=\"https:\/\/genetika-plzen.nullable.group\/en\/geneticka-ambulance\/prekoncepcni-geneticke-vysetreni-carrier-screening\/\">Carrier screening&nbsp;<\/a><\/li>\n<li><a href=\"https:\/\/genetika-plzen.nullable.group\/en\/vysetreni-reprodukcni-genetiky\/preimplantacni-geneticke-testovani\/\">Preimplantation genetic testing (PGT)<\/a><\/li>\n<\/ul>\n<div><br><\/div>\t\t\t\t\t\t\t\t<\/div>\n\t\t\t\t<\/div>\n\t\t\t\t\t<\/div>\n\t\t\t\t<\/div>\n\t\t\t\t<\/div>","protected":false},"excerpt":{"rendered":"<p>Laborato\u0159 reproduk\u010dn\u00ed genetiky je pracovi\u0161t\u011b specializovan\u00e9 na genetick\u00e1 vy\u0161et\u0159en\u00ed spojen\u00e1 s probl\u00e9my lidsk\u00e9 reprodukce. Za pou\u017eit\u00ed nejmodern\u011bj\u0161\u00edch vy\u0161et\u0159ovac\u00edch technik prov\u00e1d\u00edme podrobn\u00e9 genetick\u00e9 vy\u0161et\u0159en\u00ed budouc\u00edch rodi\u010d\u016f (Carrier screening), d\u00edky kter\u00e9mu m\u016f\u017eeme v\u00fdznamn\u011b sn\u00ed\u017eit riziko narozen\u00ed d\u00edt\u011bte s genetick\u00fdm onemocn\u011bn\u00edm. Dal\u0161\u00ed oblast\u00ed, kterou se s dlouhou tradic\u00ed zab\u00fdv\u00e1me, je vy\u0161et\u0159en\u00ed embry\u00ed u p\u00e1r\u016f, kter\u00e9 podstupuj\u00ed um\u011bl\u00e9 oplodn\u011bn\u00ed [&hellip;]<\/p>","protected":false},"author":9,"featured_media":0,"parent":0,"menu_order":0,"comment_status":"closed","ping_status":"closed","template":"","meta":{"footnotes":""},"service-area":[32],"class_list":["post-7368","page","type-page","status-publish","hentry","service-area-vysetreni-reprodukcni-genetiky"],"yoast_head":"<!-- This site is optimized with the Yoast SEO plugin v20.2 - https:\/\/yoast.com\/wordpress\/plugins\/seo\/ -->\n<title>Vy\u0161et\u0159en\u00ed reproduk\u010dn\u00ed genetiky | Genetika Plze\u0148<\/title>\n<meta name=\"robots\" content=\"index, follow, max-snippet:-1, max-image-preview:large, max-video-preview:-1\" \/>\n<link rel=\"canonical\" href=\"https:\/\/genetika-plzen.nullable.group\/en\/vysetreni-reprodukcni-genetiky\/\" \/>\n<meta property=\"og:locale\" content=\"en_GB\" \/>\n<meta property=\"og:type\" content=\"article\" \/>\n<meta property=\"og:title\" content=\"Vy\u0161et\u0159en\u00ed reproduk\u010dn\u00ed genetiky | Genetika Plze\u0148\" \/>\n<meta property=\"og:description\" content=\"Laborato\u0159 reproduk\u010dn\u00ed genetiky je pracovi\u0161t\u011b specializovan\u00e9 na genetick\u00e1 vy\u0161et\u0159en\u00ed spojen\u00e1 s probl\u00e9my lidsk\u00e9 reprodukce. Za pou\u017eit\u00ed nejmodern\u011bj\u0161\u00edch vy\u0161et\u0159ovac\u00edch technik prov\u00e1d\u00edme podrobn\u00e9 genetick\u00e9 vy\u0161et\u0159en\u00ed budouc\u00edch rodi\u010d\u016f (Carrier screening), d\u00edky kter\u00e9mu m\u016f\u017eeme v\u00fdznamn\u011b sn\u00ed\u017eit riziko narozen\u00ed d\u00edt\u011bte s genetick\u00fdm onemocn\u011bn\u00edm. Dal\u0161\u00ed oblast\u00ed, kterou se s dlouhou tradic\u00ed zab\u00fdv\u00e1me, je vy\u0161et\u0159en\u00ed embry\u00ed u p\u00e1r\u016f, kter\u00e9 podstupuj\u00ed um\u011bl\u00e9 oplodn\u011bn\u00ed [&hellip;]\" \/>\n<meta property=\"og:url\" content=\"https:\/\/genetika-plzen.nullable.group\/en\/vysetreni-reprodukcni-genetiky\/\" \/>\n<meta property=\"og:site_name\" content=\"Genetika Plze\u0148\" \/>\n<meta property=\"article:modified_time\" content=\"2024-02-23T00:42:41+00:00\" \/>\n<meta name=\"twitter:card\" content=\"summary_large_image\" \/>\n<meta name=\"twitter:label1\" content=\"Estimated reading time\" \/>\n\t<meta name=\"twitter:data1\" content=\"1 minute\" \/>\n<script type=\"application\/ld+json\" class=\"yoast-schema-graph\">{\"@context\":\"https:\/\/schema.org\",\"@graph\":[{\"@type\":\"WebPage\",\"@id\":\"https:\/\/genetika-plzen.nullable.group\/vysetreni-reprodukcni-genetiky\/\",\"url\":\"https:\/\/genetika-plzen.nullable.group\/vysetreni-reprodukcni-genetiky\/\",\"name\":\"Vy\u0161et\u0159en\u00ed reproduk\u010dn\u00ed genetiky | Genetika Plze\u0148\",\"isPartOf\":{\"@id\":\"https:\/\/genetika-plzen.nullable.group\/#website\"},\"datePublished\":\"2024-02-05T19:21:50+00:00\",\"dateModified\":\"2024-02-23T00:42:41+00:00\",\"breadcrumb\":{\"@id\":\"https:\/\/genetika-plzen.nullable.group\/vysetreni-reprodukcni-genetiky\/#breadcrumb\"},\"inLanguage\":\"en-GB\",\"potentialAction\":[{\"@type\":\"ReadAction\",\"target\":[\"https:\/\/genetika-plzen.nullable.group\/vysetreni-reprodukcni-genetiky\/\"]}]},{\"@type\":\"BreadcrumbList\",\"@id\":\"https:\/\/genetika-plzen.nullable.group\/vysetreni-reprodukcni-genetiky\/#breadcrumb\",\"itemListElement\":[{\"@type\":\"ListItem\",\"position\":1,\"name\":\"Home\",\"item\":\"https:\/\/genetika-plzen.nullable.group\/\"},{\"@type\":\"ListItem\",\"position\":2,\"name\":\"Vy\u0161et\u0159en\u00ed reproduk\u010dn\u00ed genetiky\"}]},{\"@type\":\"WebSite\",\"@id\":\"https:\/\/genetika-plzen.nullable.group\/#website\",\"url\":\"https:\/\/genetika-plzen.nullable.group\/\",\"name\":\"Genetika Plze\u0148\",\"description\":\"Genetika Plze\u0148\",\"publisher\":{\"@id\":\"https:\/\/genetika-plzen.nullable.group\/#organization\"},\"potentialAction\":[{\"@type\":\"SearchAction\",\"target\":{\"@type\":\"EntryPoint\",\"urlTemplate\":\"https:\/\/genetika-plzen.nullable.group\/?s={search_term_string}\"},\"query-input\":\"required name=search_term_string\"}],\"inLanguage\":\"en-GB\"},{\"@type\":\"Organization\",\"@id\":\"https:\/\/genetika-plzen.nullable.group\/#organization\",\"name\":\"Genetika Plze\u0148\",\"url\":\"https:\/\/genetika-plzen.nullable.group\/\",\"logo\":{\"@type\":\"ImageObject\",\"inLanguage\":\"en-GB\",\"@id\":\"https:\/\/genetika-plzen.nullable.group\/#\/schema\/logo\/image\/\",\"url\":\"https:\/\/genetika-plzen.nullable.group\/wp-content\/uploads\/2022\/07\/logo2.svg\",\"contentUrl\":\"https:\/\/genetika-plzen.nullable.group\/wp-content\/uploads\/2022\/07\/logo2.svg\",\"width\":286,\"height\":95,\"caption\":\"Genetika Plze\u0148\"},\"image\":{\"@id\":\"https:\/\/genetika-plzen.nullable.group\/#\/schema\/logo\/image\/\"}}]}<\/script>\n<!-- \/ Yoast SEO plugin. -->","yoast_head_json":{"title":"Vy\u0161et\u0159en\u00ed reproduk\u010dn\u00ed genetiky | Genetika Plze\u0148","robots":{"index":"index","follow":"follow","max-snippet":"max-snippet:-1","max-image-preview":"max-image-preview:large","max-video-preview":"max-video-preview:-1"},"canonical":"https:\/\/genetika-plzen.nullable.group\/en\/vysetreni-reprodukcni-genetiky\/","og_locale":"en_GB","og_type":"article","og_title":"Vy\u0161et\u0159en\u00ed reproduk\u010dn\u00ed genetiky | Genetika Plze\u0148","og_description":"Laborato\u0159 reproduk\u010dn\u00ed genetiky je pracovi\u0161t\u011b specializovan\u00e9 na genetick\u00e1 vy\u0161et\u0159en\u00ed spojen\u00e1 s probl\u00e9my lidsk\u00e9 reprodukce. Za pou\u017eit\u00ed nejmodern\u011bj\u0161\u00edch vy\u0161et\u0159ovac\u00edch technik prov\u00e1d\u00edme podrobn\u00e9 genetick\u00e9 vy\u0161et\u0159en\u00ed budouc\u00edch rodi\u010d\u016f (Carrier screening), d\u00edky kter\u00e9mu m\u016f\u017eeme v\u00fdznamn\u011b sn\u00ed\u017eit riziko narozen\u00ed d\u00edt\u011bte s genetick\u00fdm onemocn\u011bn\u00edm. Dal\u0161\u00ed oblast\u00ed, kterou se s dlouhou tradic\u00ed zab\u00fdv\u00e1me, je vy\u0161et\u0159en\u00ed embry\u00ed u p\u00e1r\u016f, kter\u00e9 podstupuj\u00ed um\u011bl\u00e9 oplodn\u011bn\u00ed [&hellip;]","og_url":"https:\/\/genetika-plzen.nullable.group\/en\/vysetreni-reprodukcni-genetiky\/","og_site_name":"Genetika Plze\u0148","article_modified_time":"2024-02-23T00:42:41+00:00","twitter_card":"summary_large_image","twitter_misc":{"Estimated reading time":"1 minute"},"schema":{"@context":"https:\/\/schema.org","@graph":[{"@type":"WebPage","@id":"https:\/\/genetika-plzen.nullable.group\/vysetreni-reprodukcni-genetiky\/","url":"https:\/\/genetika-plzen.nullable.group\/vysetreni-reprodukcni-genetiky\/","name":"Vy\u0161et\u0159en\u00ed reproduk\u010dn\u00ed genetiky | Genetika Plze\u0148","isPartOf":{"@id":"https:\/\/genetika-plzen.nullable.group\/#website"},"datePublished":"2024-02-05T19:21:50+00:00","dateModified":"2024-02-23T00:42:41+00:00","breadcrumb":{"@id":"https:\/\/genetika-plzen.nullable.group\/vysetreni-reprodukcni-genetiky\/#breadcrumb"},"inLanguage":"en-GB","potentialAction":[{"@type":"ReadAction","target":["https:\/\/genetika-plzen.nullable.group\/vysetreni-reprodukcni-genetiky\/"]}]},{"@type":"BreadcrumbList","@id":"https:\/\/genetika-plzen.nullable.group\/vysetreni-reprodukcni-genetiky\/#breadcrumb","itemListElement":[{"@type":"ListItem","position":1,"name":"Home","item":"https:\/\/genetika-plzen.nullable.group\/"},{"@type":"ListItem","position":2,"name":"Vy\u0161et\u0159en\u00ed reproduk\u010dn\u00ed genetiky"}]},{"@type":"WebSite","@id":"https:\/\/genetika-plzen.nullable.group\/#website","url":"https:\/\/genetika-plzen.nullable.group\/","name":"Genetika Plze\u0148","description":"Genetika Plze\u0148","publisher":{"@id":"https:\/\/genetika-plzen.nullable.group\/#organization"},"potentialAction":[{"@type":"SearchAction","target":{"@type":"EntryPoint","urlTemplate":"https:\/\/genetika-plzen.nullable.group\/?s={search_term_string}"},"query-input":"required name=search_term_string"}],"inLanguage":"en-GB"},{"@type":"Organization","@id":"https:\/\/genetika-plzen.nullable.group\/#organization","name":"Genetika Plze\u0148","url":"https:\/\/genetika-plzen.nullable.group\/","logo":{"@type":"ImageObject","inLanguage":"en-GB","@id":"https:\/\/genetika-plzen.nullable.group\/#\/schema\/logo\/image\/","url":"https:\/\/genetika-plzen.nullable.group\/wp-content\/uploads\/2022\/07\/logo2.svg","contentUrl":"https:\/\/genetika-plzen.nullable.group\/wp-content\/uploads\/2022\/07\/logo2.svg","width":286,"height":95,"caption":"Genetika Plze\u0148"},"image":{"@id":"https:\/\/genetika-plzen.nullable.group\/#\/schema\/logo\/image\/"}}]}},"_links":{"self":[{"href":"https:\/\/genetika-plzen.nullable.group\/en\/wp-json\/wp\/v2\/pages\/7368","targetHints":{"allow":["GET"]}}],"collection":[{"href":"https:\/\/genetika-plzen.nullable.group\/en\/wp-json\/wp\/v2\/pages"}],"about":[{"href":"https:\/\/genetika-plzen.nullable.group\/en\/wp-json\/wp\/v2\/types\/page"}],"author":[{"embeddable":true,"href":"https:\/\/genetika-plzen.nullable.group\/en\/wp-json\/wp\/v2\/users\/9"}],"replies":[{"embeddable":true,"href":"https:\/\/genetika-plzen.nullable.group\/en\/wp-json\/wp\/v2\/comments?post=7368"}],"version-history":[{"count":17,"href":"https:\/\/genetika-plzen.nullable.group\/en\/wp-json\/wp\/v2\/pages\/7368\/revisions"}],"predecessor-version":[{"id":8350,"href":"https:\/\/genetika-plzen.nullable.group\/en\/wp-json\/wp\/v2\/pages\/7368\/revisions\/8350"}],"wp:attachment":[{"href":"https:\/\/genetika-plzen.nullable.group\/en\/wp-json\/wp\/v2\/media?parent=7368"}],"wp:term":[{"taxonomy":"service-area","embeddable":true,"href":"https:\/\/genetika-plzen.nullable.group\/en\/wp-json\/wp\/v2\/service-area?post=7368"}],"curies":[{"name":"wp","href":"https:\/\/api.w.org\/{rel}","templated":true}]}}