{"id":7373,"date":"2024-02-05T20:24:55","date_gmt":"2024-02-05T19:24:55","guid":{"rendered":"https:\/\/genetika-plzen.nullable.group\/?page_id=7373"},"modified":"2024-03-18T22:25:28","modified_gmt":"2024-03-18T21:25:28","slug":"prekoncepcni-geneticke-vysetreni-carrier-screening","status":"publish","type":"page","link":"https:\/\/genetika-plzen.nullable.group\/en\/geneticka-ambulance\/prekoncepcni-geneticke-vysetreni-carrier-screening\/","title":{"rendered":"Preconception Genetic Examination\/Carrier screening"},"content":{"rendered":"<div data-elementor-type=\"wp-page\" data-elementor-id=\"7373\" class=\"elementor elementor-7373\">\n\t\t\t\t<div class=\"elementor-element elementor-element-bac0736 e-flex e-con-boxed e-con e-parent\" data-id=\"bac0736\" data-element_type=\"container\" data-e-type=\"container\">\n\t\t\t\t\t<div class=\"e-con-inner\">\n\t\t\t\t<div class=\"elementor-element elementor-element-5c62441 elementor-widget elementor-widget-spacer\" data-id=\"5c62441\" data-element_type=\"widget\" data-e-type=\"widget\" data-widget_type=\"spacer.default\">\n\t\t\t\t<div class=\"elementor-widget-container\">\n\t\t\t\t\t\t\t<div class=\"elementor-spacer\">\n\t\t\t<div class=\"elementor-spacer-inner\"><\/div>\n\t\t<\/div>\n\t\t\t\t\t\t<\/div>\n\t\t\t\t<\/div>\n\t\t\t\t\t<\/div>\n\t\t\t\t<\/div>\n\t\t<div class=\"elementor-element elementor-element-48cc8e8 e-flex e-con-boxed e-con e-parent\" data-id=\"48cc8e8\" data-element_type=\"container\" data-e-type=\"container\">\n\t\t\t\t\t<div class=\"e-con-inner\">\n\t\t\t\t<div class=\"elementor-element elementor-element-17b4ead elementor-widget elementor-widget-text-editor\" data-id=\"17b4ead\" data-element_type=\"widget\" data-e-type=\"widget\" data-widget_type=\"text-editor.default\">\n\t\t\t\t<div class=\"elementor-widget-container\">\n\t\t\t\t\t\t\t\t\t<h2><strong>Modern and responsible approach to planned parenthood<\/strong><\/h2>\n\n<h3>What is Preconception Genetic Examination?<\/h3>\n\n<p>The preconception examination is a set of genetic tests that are suitable for couples at the time of planning a pregnancy, i.e. before conceiving a child (conception). The aim of these tests is to reduce the risk of giving birth to a child with a severe genetic disease.<\/p>\n\n<h3>Is Preconception Genetic Examination suitable for a couple who has no relatives with a genetic disease?<\/h3>\n\n<p>Yes, this type of examination is especially designed for couples without known genetic burden in the family. The analyses aim to disclose those genetic predispositions that cause no symptoms in their carriers. A child, who inherits these \u201chidden\u201d predispositions from both parents (or a son who inherits the mutation from mother in case of X-linked disease), will be severely affected.<\/p>\n\n<h3>Is Preconception Genetic Examination also advisable in couples whose families suffers a genetic disorder?<\/h3>\n\n<p>Prime genetic examination for couples, who have a genetic disease with known molecular cause in the family, is a test that targets this disease. However, to disclose predispositions to other genetic disorders the carrier screening can also be performed and is fully recommended.<\/p>\n\n<h3>What kind of genetic tests does Preconception Genetic Examination include?<\/h3>\n\n<p class=\" translation-block\">Main part of the preconception genetic examination is the \u201cCarrier screening\u201d test. The test examines whether an individual carries genetic predispositions (mutations) to the most common <strong>monogenic diseases<\/strong>, i.e. diseases caused by a mutation in a single gene. Examined genetic diseases include 1) autosomal recessive (AR) disorders, where the child\u2018s disability is caused by mutations in the same gene inherited from both parents (healthy carriers) and 2) X-linked diseases, where the affected son inherits from mother (a healthy carrier) the mutated gene on the X sex chromosome.<\/p>\n\n<p class=\" translation-block\">To complete preconception examination, the chromosome complement (karyotype) may also be analyzed.<\/p>\n\n<h3>What specific hereditary diseases are included in the preconception test?<\/h3>\n\n<p class=\" translation-block\">Genetika Plze\u0148 offers preconception testing in two variants. Both include karyotype examination (<a href=\"\/en\/cytogeneticka-laborator\" target=\"_self\">Cytogenetic Laboratory | Genetika Plze\u0148 (genetika-plzen.cz)<\/a>) and differ in the number of monogenic diseases tested:<\/p>\n\n<p class=\" translation-block\"><u>Basic Preconception Test<\/u>: Detection of carrier status for mutations of the three most common autosomal recessive monogenic diseases in the Czech population, or in Central Europe: cystic fibrosis, spinal muscular atrophy, and non-syndromic deafness (due to mutation of the GJB2 gene). The examination is fully covered by health insurance. <a href=\"\/en\/molekularni-laborator\" target=\"_self\">Molecular Laboratory | Genetika Plze\u0148 (genetika-plzen.cz)<\/a><\/p>\n\n<p class=\" translation-block\"><u>Expanded Preconception Test \u2013 \"Carrier Screening\"<\/u>: Screening for carrier status of 128 autosomal recessively inherited and 23 X-linked monogenic diseases. The examination targets the most commonly occurring recessive diseases across all world ethnicities, such as: cystic fibrosis, spinal muscular atrophy, non-syndromic deafness (with GJB2 gene mutation), \u03b1 and \u03b2 thalassemia, sickle cell anemia, phenylketonuria, albinism type 1, and others.<\/p>\t\t\t\t\t\t\t\t<\/div>\n\t\t\t\t<\/div>\n\t\t\t\t\t<\/div>\n\t\t\t\t<\/div>\n\t\t<div class=\"elementor-element elementor-element-f414f87 e-flex e-con-boxed e-con e-parent\" data-id=\"f414f87\" data-element_type=\"container\" data-e-type=\"container\">\n\t\t\t\t\t<div class=\"e-con-inner\">\n\t\t\t\t<div class=\"elementor-element elementor-element-ec52930 elementor-widget elementor-widget-button\" data-id=\"ec52930\" data-element_type=\"widget\" data-e-type=\"widget\" data-widget_type=\"button.default\">\n\t\t\t\t<div class=\"elementor-widget-container\">\n\t\t\t\t\t\t\t\t\t<div class=\"elementor-button-wrapper\">\n\t\t\t\t\t<a class=\"elementor-button elementor-button-link elementor-size-sm\" href=\"https:\/\/genetika-plzen.nullable.group\/en\/geneticka-ambulance\/carrier-screening\/\">\n\t\t\t\t\t\t<span class=\"elementor-button-content-wrapper\">\n\t\t\t\t\t\t\t\t\t<span class=\"elementor-button-text\">More detailed information<\/span>\n\t\t\t\t\t<\/span>\n\t\t\t\t\t<\/a>\n\t\t\t\t<\/div>\n\t\t\t\t\t\t\t\t<\/div>\n\t\t\t\t<\/div>\n\t\t\t\t\t<\/div>\n\t\t\t\t<\/div>\n\t\t<div class=\"elementor-element elementor-element-ae489b0 e-flex e-con-boxed e-con e-parent\" data-id=\"ae489b0\" data-element_type=\"container\" data-e-type=\"container\">\n\t\t\t\t\t<div class=\"e-con-inner\">\n\t\t\t\t<div class=\"elementor-element elementor-element-de57c12 elementor-widget elementor-widget-text-editor\" data-id=\"de57c12\" data-element_type=\"widget\" data-e-type=\"widget\" data-widget_type=\"text-editor.default\">\n\t\t\t\t<div class=\"elementor-widget-container\">\n\t\t\t\t\t\t\t\t\t<p>The examination is partially covered by the health insurance with a supplement of CZK 3 500,-\/person.<\/p>\n\n<p><strong>Preconception test = modern and responsible approach to parenthood<\/strong><\/p>\t\t\t\t\t\t\t\t<\/div>\n\t\t\t\t<\/div>\n\t\t\t\t\t<\/div>\n\t\t\t\t<\/div>\n\t\t<div class=\"elementor-element elementor-element-d088d5c e-flex e-con-boxed e-con e-parent\" data-id=\"d088d5c\" data-element_type=\"container\" data-e-type=\"container\">\n\t\t\t\t\t<div class=\"e-con-inner\">\n\t\t\t\t<div class=\"elementor-element elementor-element-f4f1d9a elementor-widget elementor-widget-image\" data-id=\"f4f1d9a\" data-element_type=\"widget\" data-e-type=\"widget\" data-widget_type=\"image.default\">\n\t\t\t\t<div class=\"elementor-widget-container\">\n\t\t\t\t\t\t\t\t\t\t\t\t\t\t\t<img fetchpriority=\"high\" decoding=\"async\" width=\"300\" height=\"300\" src=\"https:\/\/genetika-plzen.nullable.group\/wp-content\/uploads\/2024\/02\/thumb_3000x3000_prekoncepcni-geneticke-vysetreni-carrier-screening-300x300.jpg\" class=\"attachment-medium size-medium wp-image-7375\" alt=\"\" srcset=\"https:\/\/genetika-plzen.nullable.group\/wp-content\/uploads\/2024\/02\/thumb_3000x3000_prekoncepcni-geneticke-vysetreni-carrier-screening-300x300.jpg 300w, https:\/\/genetika-plzen.nullable.group\/wp-content\/uploads\/2024\/02\/thumb_3000x3000_prekoncepcni-geneticke-vysetreni-carrier-screening-1024x1024.jpg 1024w, https:\/\/genetika-plzen.nullable.group\/wp-content\/uploads\/2024\/02\/thumb_3000x3000_prekoncepcni-geneticke-vysetreni-carrier-screening-150x150.jpg 150w, https:\/\/genetika-plzen.nullable.group\/wp-content\/uploads\/2024\/02\/thumb_3000x3000_prekoncepcni-geneticke-vysetreni-carrier-screening-768x768.jpg 768w, https:\/\/genetika-plzen.nullable.group\/wp-content\/uploads\/2024\/02\/thumb_3000x3000_prekoncepcni-geneticke-vysetreni-carrier-screening-1536x1536.jpg 1536w, https:\/\/genetika-plzen.nullable.group\/wp-content\/uploads\/2024\/02\/thumb_3000x3000_prekoncepcni-geneticke-vysetreni-carrier-screening-12x12.jpg 12w, https:\/\/genetika-plzen.nullable.group\/wp-content\/uploads\/2024\/02\/thumb_3000x3000_prekoncepcni-geneticke-vysetreni-carrier-screening.jpg 1920w\" sizes=\"(max-width: 300px) 100vw, 300px\" \/>\t\t\t\t\t\t\t\t\t\t\t\t\t\t\t<\/div>\n\t\t\t\t<\/div>\n\t\t\t\t\t<\/div>\n\t\t\t\t<\/div>\n\t\t<div class=\"elementor-element elementor-element-b74c383 e-flex e-con-boxed e-con e-parent\" data-id=\"b74c383\" data-element_type=\"container\" data-e-type=\"container\">\n\t\t\t\t\t<div class=\"e-con-inner\">\n\t\t\t\t<div class=\"elementor-element elementor-element-52e7157 elementor-widget elementor-widget-spacer\" data-id=\"52e7157\" data-element_type=\"widget\" data-e-type=\"widget\" data-widget_type=\"spacer.default\">\n\t\t\t\t<div class=\"elementor-widget-container\">\n\t\t\t\t\t\t\t<div class=\"elementor-spacer\">\n\t\t\t<div class=\"elementor-spacer-inner\"><\/div>\n\t\t<\/div>\n\t\t\t\t\t\t<\/div>\n\t\t\t\t<\/div>\n\t\t\t\t\t<\/div>\n\t\t\t\t<\/div>\n\t\t\t\t<\/div>","protected":false},"excerpt":{"rendered":"<p>Modern\u00ed a&nbsp;zodpov\u011bdn\u00fd p\u0159\u00edstup k&nbsp;pl\u00e1novan\u00e9mu rodi\u010dovstv\u00ed Co je prekoncep\u010dn\u00ed genetick\u00e9 vy\u0161et\u0159en\u00ed? Prekoncep\u010dn\u00ed vy\u0161et\u0159en\u00ed je soubor genetick\u00fdch test\u016f, kter\u00e9 jsou provedeny u&nbsp;budouc\u00edch rodi\u010d\u016f v&nbsp;dob\u011b pl\u00e1nov\u00e1n\u00ed gravidity, tedy p\u0159ed po\u010det\u00edm d\u00edt\u011bte (koncepc\u00ed). C\u00edlem t\u011bchto vy\u0161et\u0159en\u00ed je sn\u00ed\u017eit riziko narozen\u00ed d\u00edt\u011bte posti\u017een\u00e9ho v\u00e1\u017enou genetickou chorobou. Je prekoncep\u010dn\u00ed vy\u0161et\u0159en\u00ed vhodn\u00e9 pro&nbsp;p\u00e1r, kter\u00fd nem\u00e1 \u017e\u00e1dn\u00e9ho p\u0159\u00edbuzn\u00e9ho s&nbsp;genetick\u00fdm onemocn\u011bn\u00edm? Ano, tento typ [&hellip;]<\/p>","protected":false},"author":9,"featured_media":0,"parent":7072,"menu_order":0,"comment_status":"closed","ping_status":"closed","template":"","meta":{"footnotes":""},"service-area":[27],"class_list":["post-7373","page","type-page","status-publish","hentry","service-area-geneticka-ambulance"],"yoast_head":"<!-- This site is optimized with the Yoast SEO plugin v20.2 - https:\/\/yoast.com\/wordpress\/plugins\/seo\/ -->\n<title>Prekoncep\u010dn\u00ed genetick\u00e9 vy\u0161et\u0159en\u00ed\/Carrier screening | Genetika Plze\u0148<\/title>\n<meta name=\"robots\" content=\"index, follow, max-snippet:-1, max-image-preview:large, max-video-preview:-1\" \/>\n<link rel=\"canonical\" href=\"https:\/\/genetika-plzen.nullable.group\/en\/geneticka-ambulance\/prekoncepcni-geneticke-vysetreni-carrier-screening\/\" \/>\n<meta property=\"og:locale\" content=\"en_GB\" \/>\n<meta property=\"og:type\" content=\"article\" \/>\n<meta property=\"og:title\" content=\"Prekoncep\u010dn\u00ed genetick\u00e9 vy\u0161et\u0159en\u00ed\/Carrier screening | Genetika Plze\u0148\" \/>\n<meta property=\"og:description\" content=\"Modern\u00ed a&nbsp;zodpov\u011bdn\u00fd p\u0159\u00edstup k&nbsp;pl\u00e1novan\u00e9mu rodi\u010dovstv\u00ed Co je prekoncep\u010dn\u00ed genetick\u00e9 vy\u0161et\u0159en\u00ed? Prekoncep\u010dn\u00ed vy\u0161et\u0159en\u00ed je soubor genetick\u00fdch test\u016f, kter\u00e9 jsou provedeny u&nbsp;budouc\u00edch rodi\u010d\u016f v&nbsp;dob\u011b pl\u00e1nov\u00e1n\u00ed gravidity, tedy p\u0159ed po\u010det\u00edm d\u00edt\u011bte (koncepc\u00ed). C\u00edlem t\u011bchto vy\u0161et\u0159en\u00ed je sn\u00ed\u017eit riziko narozen\u00ed d\u00edt\u011bte posti\u017een\u00e9ho v\u00e1\u017enou genetickou chorobou. Je prekoncep\u010dn\u00ed vy\u0161et\u0159en\u00ed vhodn\u00e9 pro&nbsp;p\u00e1r, kter\u00fd nem\u00e1 \u017e\u00e1dn\u00e9ho p\u0159\u00edbuzn\u00e9ho s&nbsp;genetick\u00fdm onemocn\u011bn\u00edm? Ano, tento typ [&hellip;]\" \/>\n<meta property=\"og:url\" content=\"https:\/\/genetika-plzen.nullable.group\/en\/geneticka-ambulance\/prekoncepcni-geneticke-vysetreni-carrier-screening\/\" \/>\n<meta property=\"og:site_name\" content=\"Genetika Plze\u0148\" \/>\n<meta property=\"article:modified_time\" content=\"2024-03-18T21:25:28+00:00\" \/>\n<meta property=\"og:image\" content=\"https:\/\/genetika-plzen.nullable.group\/wp-content\/uploads\/2024\/02\/thumb_3000x3000_prekoncepcni-geneticke-vysetreni-carrier-screening-300x300.jpg\" \/>\n<meta name=\"twitter:card\" content=\"summary_large_image\" \/>\n<meta name=\"twitter:label1\" content=\"Estimated reading time\" \/>\n\t<meta name=\"twitter:data1\" content=\"3 minutes\" \/>\n<script type=\"application\/ld+json\" class=\"yoast-schema-graph\">{\"@context\":\"https:\/\/schema.org\",\"@graph\":[{\"@type\":\"WebPage\",\"@id\":\"https:\/\/genetika-plzen.nullable.group\/geneticka-ambulance\/prekoncepcni-geneticke-vysetreni-carrier-screening\/\",\"url\":\"https:\/\/genetika-plzen.nullable.group\/geneticka-ambulance\/prekoncepcni-geneticke-vysetreni-carrier-screening\/\",\"name\":\"Prekoncep\u010dn\u00ed genetick\u00e9 vy\u0161et\u0159en\u00ed\/Carrier screening | Genetika Plze\u0148\",\"isPartOf\":{\"@id\":\"https:\/\/genetika-plzen.nullable.group\/#website\"},\"datePublished\":\"2024-02-05T19:24:55+00:00\",\"dateModified\":\"2024-03-18T21:25:28+00:00\",\"breadcrumb\":{\"@id\":\"https:\/\/genetika-plzen.nullable.group\/geneticka-ambulance\/prekoncepcni-geneticke-vysetreni-carrier-screening\/#breadcrumb\"},\"inLanguage\":\"en-GB\",\"potentialAction\":[{\"@type\":\"ReadAction\",\"target\":[\"https:\/\/genetika-plzen.nullable.group\/geneticka-ambulance\/prekoncepcni-geneticke-vysetreni-carrier-screening\/\"]}]},{\"@type\":\"BreadcrumbList\",\"@id\":\"https:\/\/genetika-plzen.nullable.group\/geneticka-ambulance\/prekoncepcni-geneticke-vysetreni-carrier-screening\/#breadcrumb\",\"itemListElement\":[{\"@type\":\"ListItem\",\"position\":1,\"name\":\"Home\",\"item\":\"https:\/\/genetika-plzen.nullable.group\/\"},{\"@type\":\"ListItem\",\"position\":2,\"name\":\"Genetick\u00e1 ambulance\",\"item\":\"https:\/\/genetika-plzen.nullable.group\/de\/geneticka-ambulance\/\"},{\"@type\":\"ListItem\",\"position\":3,\"name\":\"Prekoncep\u010dn\u00ed genetick\u00e9 vy\u0161et\u0159en\u00ed\/Carrier screening\"}]},{\"@type\":\"WebSite\",\"@id\":\"https:\/\/genetika-plzen.nullable.group\/#website\",\"url\":\"https:\/\/genetika-plzen.nullable.group\/\",\"name\":\"Genetika Plze\u0148\",\"description\":\"Genetika Plze\u0148\",\"publisher\":{\"@id\":\"https:\/\/genetika-plzen.nullable.group\/#organization\"},\"potentialAction\":[{\"@type\":\"SearchAction\",\"target\":{\"@type\":\"EntryPoint\",\"urlTemplate\":\"https:\/\/genetika-plzen.nullable.group\/?s={search_term_string}\"},\"query-input\":\"required name=search_term_string\"}],\"inLanguage\":\"en-GB\"},{\"@type\":\"Organization\",\"@id\":\"https:\/\/genetika-plzen.nullable.group\/#organization\",\"name\":\"Genetika Plze\u0148\",\"url\":\"https:\/\/genetika-plzen.nullable.group\/\",\"logo\":{\"@type\":\"ImageObject\",\"inLanguage\":\"en-GB\",\"@id\":\"https:\/\/genetika-plzen.nullable.group\/#\/schema\/logo\/image\/\",\"url\":\"https:\/\/genetika-plzen.nullable.group\/wp-content\/uploads\/2022\/07\/logo2.svg\",\"contentUrl\":\"https:\/\/genetika-plzen.nullable.group\/wp-content\/uploads\/2022\/07\/logo2.svg\",\"width\":286,\"height\":95,\"caption\":\"Genetika Plze\u0148\"},\"image\":{\"@id\":\"https:\/\/genetika-plzen.nullable.group\/#\/schema\/logo\/image\/\"}}]}<\/script>\n<!-- \/ Yoast SEO plugin. -->","yoast_head_json":{"title":"Prekoncep\u010dn\u00ed genetick\u00e9 vy\u0161et\u0159en\u00ed\/Carrier screening | Genetika Plze\u0148","robots":{"index":"index","follow":"follow","max-snippet":"max-snippet:-1","max-image-preview":"max-image-preview:large","max-video-preview":"max-video-preview:-1"},"canonical":"https:\/\/genetika-plzen.nullable.group\/en\/geneticka-ambulance\/prekoncepcni-geneticke-vysetreni-carrier-screening\/","og_locale":"en_GB","og_type":"article","og_title":"Prekoncep\u010dn\u00ed genetick\u00e9 vy\u0161et\u0159en\u00ed\/Carrier screening | Genetika Plze\u0148","og_description":"Modern\u00ed a&nbsp;zodpov\u011bdn\u00fd p\u0159\u00edstup k&nbsp;pl\u00e1novan\u00e9mu rodi\u010dovstv\u00ed Co je prekoncep\u010dn\u00ed genetick\u00e9 vy\u0161et\u0159en\u00ed? Prekoncep\u010dn\u00ed vy\u0161et\u0159en\u00ed je soubor genetick\u00fdch test\u016f, kter\u00e9 jsou provedeny u&nbsp;budouc\u00edch rodi\u010d\u016f v&nbsp;dob\u011b pl\u00e1nov\u00e1n\u00ed gravidity, tedy p\u0159ed po\u010det\u00edm d\u00edt\u011bte (koncepc\u00ed). C\u00edlem t\u011bchto vy\u0161et\u0159en\u00ed je sn\u00ed\u017eit riziko narozen\u00ed d\u00edt\u011bte posti\u017een\u00e9ho v\u00e1\u017enou genetickou chorobou. Je prekoncep\u010dn\u00ed vy\u0161et\u0159en\u00ed vhodn\u00e9 pro&nbsp;p\u00e1r, kter\u00fd nem\u00e1 \u017e\u00e1dn\u00e9ho p\u0159\u00edbuzn\u00e9ho s&nbsp;genetick\u00fdm onemocn\u011bn\u00edm? Ano, tento typ [&hellip;]","og_url":"https:\/\/genetika-plzen.nullable.group\/en\/geneticka-ambulance\/prekoncepcni-geneticke-vysetreni-carrier-screening\/","og_site_name":"Genetika Plze\u0148","article_modified_time":"2024-03-18T21:25:28+00:00","og_image":[{"url":"https:\/\/genetika-plzen.nullable.group\/wp-content\/uploads\/2024\/02\/thumb_3000x3000_prekoncepcni-geneticke-vysetreni-carrier-screening-300x300.jpg"}],"twitter_card":"summary_large_image","twitter_misc":{"Estimated reading time":"3 minutes"},"schema":{"@context":"https:\/\/schema.org","@graph":[{"@type":"WebPage","@id":"https:\/\/genetika-plzen.nullable.group\/geneticka-ambulance\/prekoncepcni-geneticke-vysetreni-carrier-screening\/","url":"https:\/\/genetika-plzen.nullable.group\/geneticka-ambulance\/prekoncepcni-geneticke-vysetreni-carrier-screening\/","name":"Prekoncep\u010dn\u00ed genetick\u00e9 vy\u0161et\u0159en\u00ed\/Carrier screening | Genetika Plze\u0148","isPartOf":{"@id":"https:\/\/genetika-plzen.nullable.group\/#website"},"datePublished":"2024-02-05T19:24:55+00:00","dateModified":"2024-03-18T21:25:28+00:00","breadcrumb":{"@id":"https:\/\/genetika-plzen.nullable.group\/geneticka-ambulance\/prekoncepcni-geneticke-vysetreni-carrier-screening\/#breadcrumb"},"inLanguage":"en-GB","potentialAction":[{"@type":"ReadAction","target":["https:\/\/genetika-plzen.nullable.group\/geneticka-ambulance\/prekoncepcni-geneticke-vysetreni-carrier-screening\/"]}]},{"@type":"BreadcrumbList","@id":"https:\/\/genetika-plzen.nullable.group\/geneticka-ambulance\/prekoncepcni-geneticke-vysetreni-carrier-screening\/#breadcrumb","itemListElement":[{"@type":"ListItem","position":1,"name":"Home","item":"https:\/\/genetika-plzen.nullable.group\/"},{"@type":"ListItem","position":2,"name":"Genetick\u00e1 ambulance","item":"https:\/\/genetika-plzen.nullable.group\/de\/geneticka-ambulance\/"},{"@type":"ListItem","position":3,"name":"Prekoncep\u010dn\u00ed genetick\u00e9 vy\u0161et\u0159en\u00ed\/Carrier screening"}]},{"@type":"WebSite","@id":"https:\/\/genetika-plzen.nullable.group\/#website","url":"https:\/\/genetika-plzen.nullable.group\/","name":"Genetika Plze\u0148","description":"Genetika Plze\u0148","publisher":{"@id":"https:\/\/genetika-plzen.nullable.group\/#organization"},"potentialAction":[{"@type":"SearchAction","target":{"@type":"EntryPoint","urlTemplate":"https:\/\/genetika-plzen.nullable.group\/?s={search_term_string}"},"query-input":"required name=search_term_string"}],"inLanguage":"en-GB"},{"@type":"Organization","@id":"https:\/\/genetika-plzen.nullable.group\/#organization","name":"Genetika Plze\u0148","url":"https:\/\/genetika-plzen.nullable.group\/","logo":{"@type":"ImageObject","inLanguage":"en-GB","@id":"https:\/\/genetika-plzen.nullable.group\/#\/schema\/logo\/image\/","url":"https:\/\/genetika-plzen.nullable.group\/wp-content\/uploads\/2022\/07\/logo2.svg","contentUrl":"https:\/\/genetika-plzen.nullable.group\/wp-content\/uploads\/2022\/07\/logo2.svg","width":286,"height":95,"caption":"Genetika Plze\u0148"},"image":{"@id":"https:\/\/genetika-plzen.nullable.group\/#\/schema\/logo\/image\/"}}]}},"_links":{"self":[{"href":"https:\/\/genetika-plzen.nullable.group\/en\/wp-json\/wp\/v2\/pages\/7373","targetHints":{"allow":["GET"]}}],"collection":[{"href":"https:\/\/genetika-plzen.nullable.group\/en\/wp-json\/wp\/v2\/pages"}],"about":[{"href":"https:\/\/genetika-plzen.nullable.group\/en\/wp-json\/wp\/v2\/types\/page"}],"author":[{"embeddable":true,"href":"https:\/\/genetika-plzen.nullable.group\/en\/wp-json\/wp\/v2\/users\/9"}],"replies":[{"embeddable":true,"href":"https:\/\/genetika-plzen.nullable.group\/en\/wp-json\/wp\/v2\/comments?post=7373"}],"version-history":[{"count":21,"href":"https:\/\/genetika-plzen.nullable.group\/en\/wp-json\/wp\/v2\/pages\/7373\/revisions"}],"predecessor-version":[{"id":8507,"href":"https:\/\/genetika-plzen.nullable.group\/en\/wp-json\/wp\/v2\/pages\/7373\/revisions\/8507"}],"up":[{"embeddable":true,"href":"https:\/\/genetika-plzen.nullable.group\/en\/wp-json\/wp\/v2\/pages\/7072"}],"wp:attachment":[{"href":"https:\/\/genetika-plzen.nullable.group\/en\/wp-json\/wp\/v2\/media?parent=7373"}],"wp:term":[{"taxonomy":"service-area","embeddable":true,"href":"https:\/\/genetika-plzen.nullable.group\/en\/wp-json\/wp\/v2\/service-area?post=7373"}],"curies":[{"name":"wp","href":"https:\/\/api.w.org\/{rel}","templated":true}]}}