{"id":7427,"date":"2024-02-05T20:49:15","date_gmt":"2024-02-05T19:49:15","guid":{"rendered":"https:\/\/genetika-plzen.nullable.group\/?page_id=7427"},"modified":"2024-04-24T19:45:06","modified_gmt":"2024-04-24T17:45:06","slug":"urceni-otcovstvi","status":"publish","type":"page","link":"https:\/\/genetika-plzen.nullable.group\/en\/urceni-otcovstvi\/","title":{"rendered":"Determination of paternity"},"content":{"rendered":"<div data-elementor-type=\"wp-page\" data-elementor-id=\"7427\" class=\"elementor elementor-7427\">\n\t\t\t\t<div class=\"elementor-element elementor-element-f1f64a3 e-flex e-con-boxed e-con e-parent\" data-id=\"f1f64a3\" data-element_type=\"container\" data-e-type=\"container\">\n\t\t\t\t\t<div class=\"e-con-inner\">\n\t\t\t\t<div class=\"elementor-element elementor-element-bbe1bb9 elementor-widget elementor-widget-spacer\" data-id=\"bbe1bb9\" data-element_type=\"widget\" data-e-type=\"widget\" data-widget_type=\"spacer.default\">\n\t\t\t\t<div class=\"elementor-widget-container\">\n\t\t\t\t\t\t\t<div class=\"elementor-spacer\">\n\t\t\t<div class=\"elementor-spacer-inner\"><\/div>\n\t\t<\/div>\n\t\t\t\t\t\t<\/div>\n\t\t\t\t<\/div>\n\t\t\t\t\t<\/div>\n\t\t\t\t<\/div>\n\t\t<div class=\"elementor-element elementor-element-90c1d79 e-flex e-con-boxed e-con e-parent\" data-id=\"90c1d79\" data-element_type=\"container\" data-e-type=\"container\">\n\t\t\t\t\t<div class=\"e-con-inner\">\n\t\t<div class=\"elementor-element elementor-element-ca9bed3 e-flex e-con-boxed e-con e-parent\" data-id=\"ca9bed3\" data-element_type=\"container\" data-e-type=\"container\">\n\t\t\t\t\t<div class=\"e-con-inner\">\n\t\t\t\t<div class=\"elementor-element elementor-element-2eac3e5 elementor-widget elementor-widget-text-editor\" data-id=\"2eac3e5\" data-element_type=\"widget\" data-e-type=\"widget\" data-widget_type=\"text-editor.default\">\n\t\t\t\t<div class=\"elementor-widget-container\">\n\t\t\t\t\t\t\t\t\t<p>We have performed paternity tests including expert determination of paternity since 2006<\/p>\n\n<p>A smear from the oral cavity is collected - a non-invasive, painless collection.<\/p>\n\n<p>These tests are carried out only upon agreement of all parties involved, i.e. the examined persons should sign an informed consent form in which they acknowledge that their DNA will be handled for the purpose of this examination. Parents - the mother or the father stated in the birth certificate of a child - should sign it on behalf of minors.<\/p>\n\n<p>Our laboratory successfully takes part in an annual external quality audit focusing on methodology of determination of paternity. The audit includes interpretation of the results, including statistical calculations.<\/p>\t\t\t\t\t\t\t\t<\/div>\n\t\t\t\t<\/div>\n\t\t\t\t<div class=\"elementor-element elementor-element-57ed3d6 elementor-widget elementor-widget-image\" data-id=\"57ed3d6\" data-element_type=\"widget\" data-e-type=\"widget\" data-widget_type=\"image.default\">\n\t\t\t\t<div class=\"elementor-widget-container\">\n\t\t\t\t\t\t\t\t\t\t\t\t\t\t\t<img fetchpriority=\"high\" decoding=\"async\" width=\"500\" height=\"500\" src=\"https:\/\/genetika-plzen.nullable.group\/wp-content\/uploads\/2024\/02\/thumb_3000x3000_urceni-otcovstvi.jpg\" class=\"attachment-large size-large wp-image-7429\" alt=\"\" srcset=\"https:\/\/genetika-plzen.nullable.group\/wp-content\/uploads\/2024\/02\/thumb_3000x3000_urceni-otcovstvi.jpg 500w, https:\/\/genetika-plzen.nullable.group\/wp-content\/uploads\/2024\/02\/thumb_3000x3000_urceni-otcovstvi-300x300.jpg 300w, https:\/\/genetika-plzen.nullable.group\/wp-content\/uploads\/2024\/02\/thumb_3000x3000_urceni-otcovstvi-150x150.jpg 150w, https:\/\/genetika-plzen.nullable.group\/wp-content\/uploads\/2024\/02\/thumb_3000x3000_urceni-otcovstvi-12x12.jpg 12w\" sizes=\"(max-width: 500px) 100vw, 500px\" \/>\t\t\t\t\t\t\t\t\t\t\t\t\t\t\t<\/div>\n\t\t\t\t<\/div>\n\t\t\t\t\t<\/div>\n\t\t\t\t<\/div>\n\t\t\t\t\t<\/div>\n\t\t\t\t<\/div>\n\t\t<div class=\"elementor-element elementor-element-334e583 e-flex e-con-boxed e-con e-parent\" data-id=\"334e583\" data-element_type=\"container\" data-e-type=\"container\">\n\t\t\t\t\t<div class=\"e-con-inner\">\n\t\t\t\t<div class=\"elementor-element elementor-element-1e76567 elementor-widget elementor-widget-text-editor\" data-id=\"1e76567\" data-element_type=\"widget\" data-e-type=\"widget\" data-widget_type=\"text-editor.default\">\n\t\t\t\t<div class=\"elementor-widget-container\">\n\t\t\t\t\t\t\t\t\t<h2>Expert paternity determination<\/h2>\n\n<p>The result is provided in the form of an expert opinion. The price includes three copies of the opinion. More copies can be ordered for an extra fee.<\/p>\n\n<p>All examined persons must undergo sample collection according to protocol, i.e. they must come personally and identify themselves by their proof of identification (birth certificate in children).  A report that is part of the expert opinion is prepared on the collection and images of the examination are performed during the collection.<\/p>\n\n<p><strong>The expert opinion can be used as documentary evidence in court.<\/strong><\/p>\n\n<h2>Expert determination of paternity is suitable especially in the following cases<\/h2>\n\n<ul><li>If legal proceedings are ongoing, i.e. in all cases regarding determination or denial of paternity<\/li><li>If you are considering filing a suit to deny paternity<\/li><li>If you are going to request changes in the birth certificate in terms of cancelling of paternity or cancelling of paternity and creation of new paternity at the same time<\/li><\/ul>\n\n<h2>Determination of paternity without expert opinion<\/h2>\n\n<p>The advantage of this test is its lower price. The result cannot be used as documentary evidence in a court of law. The method of examination is the same as in expert determination of paternity, but is not subject to officially documented collection and verification of identity. The laboratory is not liable for the identity of the examined persons.<\/p>\n\n<p>The result is provided including the genetic profile of the examined persons. In case of proof of paternity, a calculation of the paternity index and probability of paternity is also provided.<\/p>\n\n<h2>This examination is suitable<\/h2>\n\n<ul><li>for those who want to know the result only for their personal needs<\/li><li>when the child's birth certificate does not mention a father and you are considering establishing paternity based on an affirmed statement<\/li><\/ul>\t\t\t\t\t\t\t\t<\/div>\n\t\t\t\t<\/div>\n\t\t\t\t\t<\/div>\n\t\t\t\t<\/div>\n\t\t<div class=\"elementor-element elementor-element-281a343 e-flex e-con-boxed e-con e-parent\" data-id=\"281a343\" data-element_type=\"container\" data-e-type=\"container\">\n\t\t\t\t\t<div class=\"e-con-inner\">\n\t\t\t\t<div class=\"elementor-element elementor-element-55a7f04 elementor-button-info elementor-widget elementor-widget-button\" data-id=\"55a7f04\" data-element_type=\"widget\" data-e-type=\"widget\" data-widget_type=\"button.default\">\n\t\t\t\t<div class=\"elementor-widget-container\">\n\t\t\t\t\t\t\t\t\t<div class=\"elementor-button-wrapper\">\n\t\t\t\t\t<a class=\"elementor-button elementor-button-link elementor-size-sm\" href=\"\/wp-content\/uploads\/2024\/04\/nextlab_2024_pruvodka_imuno_04_interaktivni_en.pdf\" target=\"_blank\">\n\t\t\t\t\t\t<span class=\"elementor-button-content-wrapper\">\n\t\t\t\t\t\t\t\t\t<span class=\"elementor-button-text\">Pr\u016fvodka<\/span>\n\t\t\t\t\t<\/span>\n\t\t\t\t\t<\/a>\n\t\t\t\t<\/div>\n\t\t\t\t\t\t\t\t<\/div>\n\t\t\t\t<\/div>\n\t\t\t\t<div class=\"elementor-element elementor-element-50ad6ff elementor-button-info elementor-widget elementor-widget-button\" data-id=\"50ad6ff\" data-element_type=\"widget\" data-e-type=\"widget\" data-widget_type=\"button.default\">\n\t\t\t\t<div class=\"elementor-widget-container\">\n\t\t\t\t\t\t\t\t\t<div class=\"elementor-button-wrapper\">\n\t\t\t\t\t<a class=\"elementor-button elementor-button-link elementor-size-sm\" href=\"https:\/\/genetika-plzen.nullable.group\/en\/cenik\/#otcovstvi\">\n\t\t\t\t\t\t<span class=\"elementor-button-content-wrapper\">\n\t\t\t\t\t\t\t\t\t<span class=\"elementor-button-text\">Price list<\/span>\n\t\t\t\t\t<\/span>\n\t\t\t\t\t<\/a>\n\t\t\t\t<\/div>\n\t\t\t\t\t\t\t\t<\/div>\n\t\t\t\t<\/div>\n\t\t\t\t<div class=\"elementor-element elementor-element-116a193 elementor-button-info elementor-widget elementor-widget-button\" data-id=\"116a193\" data-element_type=\"widget\" data-e-type=\"widget\" data-widget_type=\"button.default\">\n\t\t\t\t<div class=\"elementor-widget-container\">\n\t\t\t\t\t\t\t\t\t<div class=\"elementor-button-wrapper\">\n\t\t\t\t\t<a class=\"elementor-button elementor-button-link elementor-size-sm\" href=\"\/wp-content\/uploads\/2024\/04\/TESTY-PATERNITY-cenik.pdf\">\n\t\t\t\t\t\t<span class=\"elementor-button-content-wrapper\">\n\t\t\t\t\t\t\t\t\t<span class=\"elementor-button-text\">Kompletn\u00ed cen\u00edk v PDF<\/span>\n\t\t\t\t\t<\/span>\n\t\t\t\t\t<\/a>\n\t\t\t\t<\/div>\n\t\t\t\t\t\t\t\t<\/div>\n\t\t\t\t<\/div>\n\t\t\t\t<div class=\"elementor-element elementor-element-7504e97 elementor-widget elementor-widget-spacer\" data-id=\"7504e97\" data-element_type=\"widget\" data-e-type=\"widget\" data-widget_type=\"spacer.default\">\n\t\t\t\t<div class=\"elementor-widget-container\">\n\t\t\t\t\t\t\t<div class=\"elementor-spacer\">\n\t\t\t<div class=\"elementor-spacer-inner\"><\/div>\n\t\t<\/div>\n\t\t\t\t\t\t<\/div>\n\t\t\t\t<\/div>\n\t\t\t\t\t<\/div>\n\t\t\t\t<\/div>\n\t\t\t\t<\/div>","protected":false},"excerpt":{"rendered":"<p>Testy otcovstv\u00ed v\u010detn\u011b znaleck\u00e9ho ur\u010dov\u00e1n\u00ed otcovstv\u00ed prov\u00e1d\u00edme od&nbsp;r. 2006 Odeb\u00edr\u00e1 se&nbsp;st\u011br z&nbsp;dutiny \u00fastn\u00ed \u2013neinvazivn\u00ed, bezbolestn\u00fd odb\u011br. Tyto testy prov\u00e1d\u00edme pouze za&nbsp;souhlasu v\u0161ech z\u00fa\u010dastn\u011bn\u00fdch stran \u2013tj. vy\u0161et\u0159ovan\u00ed podepisuj\u00ed informovan\u00fd souhlas s&nbsp;t\u00edm, \u017ee se&nbsp;bude manipulovat s&nbsp;jejich DNA&nbsp;za&nbsp;\u00fa\u010delem tohoto vy\u0161et\u0159en\u00ed. Za&nbsp;neplnolet\u00e9 d\u011bti podepisuj\u00ed souhlas rodi\u010de &#8211; matka nebo&nbsp;otec uveden\u00fd v&nbsp;rodn\u00e9m listu d\u00edt\u011bte. Na\u0161e laborato\u0159 se&nbsp;ka\u017edoro\u010dn\u011b \u00fasp\u011b\u0161n\u011b z\u00fa\u010dast\u0148uje&nbsp; extern\u00ed [&hellip;]<\/p>","protected":false},"author":9,"featured_media":0,"parent":0,"menu_order":0,"comment_status":"closed","ping_status":"closed","template":"","meta":{"footnotes":""},"service-area":[35],"class_list":["post-7427","page","type-page","status-publish","hentry","service-area-urceni-otcovstvi"],"yoast_head":"<!-- This site is optimized with the Yoast SEO plugin v20.2 - https:\/\/yoast.com\/wordpress\/plugins\/seo\/ -->\n<title>Ur\u010den\u00ed otcovstv\u00ed | Genetika Plze\u0148<\/title>\n<meta name=\"robots\" content=\"index, follow, max-snippet:-1, max-image-preview:large, max-video-preview:-1\" \/>\n<link rel=\"canonical\" href=\"https:\/\/genetika-plzen.nullable.group\/en\/urceni-otcovstvi\/\" \/>\n<meta property=\"og:locale\" content=\"en_GB\" \/>\n<meta property=\"og:type\" content=\"article\" \/>\n<meta property=\"og:title\" content=\"Ur\u010den\u00ed otcovstv\u00ed | Genetika Plze\u0148\" \/>\n<meta property=\"og:description\" content=\"Testy otcovstv\u00ed v\u010detn\u011b znaleck\u00e9ho ur\u010dov\u00e1n\u00ed otcovstv\u00ed prov\u00e1d\u00edme od&nbsp;r. 2006 Odeb\u00edr\u00e1 se&nbsp;st\u011br z&nbsp;dutiny \u00fastn\u00ed \u2013neinvazivn\u00ed, bezbolestn\u00fd odb\u011br. Tyto testy prov\u00e1d\u00edme pouze za&nbsp;souhlasu v\u0161ech z\u00fa\u010dastn\u011bn\u00fdch stran \u2013tj. vy\u0161et\u0159ovan\u00ed podepisuj\u00ed informovan\u00fd souhlas s&nbsp;t\u00edm, \u017ee se&nbsp;bude manipulovat s&nbsp;jejich DNA&nbsp;za&nbsp;\u00fa\u010delem tohoto vy\u0161et\u0159en\u00ed. Za&nbsp;neplnolet\u00e9 d\u011bti podepisuj\u00ed souhlas rodi\u010de &#8211; matka nebo&nbsp;otec uveden\u00fd v&nbsp;rodn\u00e9m listu d\u00edt\u011bte. Na\u0161e laborato\u0159 se&nbsp;ka\u017edoro\u010dn\u011b \u00fasp\u011b\u0161n\u011b z\u00fa\u010dast\u0148uje&nbsp; extern\u00ed [&hellip;]\" \/>\n<meta property=\"og:url\" content=\"https:\/\/genetika-plzen.nullable.group\/en\/urceni-otcovstvi\/\" \/>\n<meta property=\"og:site_name\" content=\"Genetika Plze\u0148\" \/>\n<meta property=\"article:modified_time\" content=\"2024-04-24T17:45:06+00:00\" \/>\n<meta property=\"og:image\" content=\"https:\/\/genetika-plzen.nullable.group\/wp-content\/uploads\/2024\/02\/thumb_3000x3000_urceni-otcovstvi.jpg\" \/>\n<meta name=\"twitter:card\" content=\"summary_large_image\" \/>\n<meta name=\"twitter:label1\" content=\"Estimated reading time\" \/>\n\t<meta name=\"twitter:data1\" content=\"2 minutes\" \/>\n<script type=\"application\/ld+json\" class=\"yoast-schema-graph\">{\"@context\":\"https:\/\/schema.org\",\"@graph\":[{\"@type\":\"WebPage\",\"@id\":\"https:\/\/genetika-plzen.nullable.group\/urceni-otcovstvi\/\",\"url\":\"https:\/\/genetika-plzen.nullable.group\/urceni-otcovstvi\/\",\"name\":\"Ur\u010den\u00ed otcovstv\u00ed | Genetika Plze\u0148\",\"isPartOf\":{\"@id\":\"https:\/\/genetika-plzen.nullable.group\/#website\"},\"datePublished\":\"2024-02-05T19:49:15+00:00\",\"dateModified\":\"2024-04-24T17:45:06+00:00\",\"breadcrumb\":{\"@id\":\"https:\/\/genetika-plzen.nullable.group\/urceni-otcovstvi\/#breadcrumb\"},\"inLanguage\":\"en-GB\",\"potentialAction\":[{\"@type\":\"ReadAction\",\"target\":[\"https:\/\/genetika-plzen.nullable.group\/urceni-otcovstvi\/\"]}]},{\"@type\":\"BreadcrumbList\",\"@id\":\"https:\/\/genetika-plzen.nullable.group\/urceni-otcovstvi\/#breadcrumb\",\"itemListElement\":[{\"@type\":\"ListItem\",\"position\":1,\"name\":\"Home\",\"item\":\"https:\/\/genetika-plzen.nullable.group\/\"},{\"@type\":\"ListItem\",\"position\":2,\"name\":\"Ur\u010den\u00ed otcovstv\u00ed\"}]},{\"@type\":\"WebSite\",\"@id\":\"https:\/\/genetika-plzen.nullable.group\/#website\",\"url\":\"https:\/\/genetika-plzen.nullable.group\/\",\"name\":\"Genetika Plze\u0148\",\"description\":\"Genetika Plze\u0148\",\"publisher\":{\"@id\":\"https:\/\/genetika-plzen.nullable.group\/#organization\"},\"potentialAction\":[{\"@type\":\"SearchAction\",\"target\":{\"@type\":\"EntryPoint\",\"urlTemplate\":\"https:\/\/genetika-plzen.nullable.group\/?s={search_term_string}\"},\"query-input\":\"required name=search_term_string\"}],\"inLanguage\":\"en-GB\"},{\"@type\":\"Organization\",\"@id\":\"https:\/\/genetika-plzen.nullable.group\/#organization\",\"name\":\"Genetika Plze\u0148\",\"url\":\"https:\/\/genetika-plzen.nullable.group\/\",\"logo\":{\"@type\":\"ImageObject\",\"inLanguage\":\"en-GB\",\"@id\":\"https:\/\/genetika-plzen.nullable.group\/#\/schema\/logo\/image\/\",\"url\":\"https:\/\/genetika-plzen.nullable.group\/wp-content\/uploads\/2022\/07\/logo2.svg\",\"contentUrl\":\"https:\/\/genetika-plzen.nullable.group\/wp-content\/uploads\/2022\/07\/logo2.svg\",\"width\":286,\"height\":95,\"caption\":\"Genetika Plze\u0148\"},\"image\":{\"@id\":\"https:\/\/genetika-plzen.nullable.group\/#\/schema\/logo\/image\/\"}}]}<\/script>\n<!-- \/ Yoast SEO plugin. -->","yoast_head_json":{"title":"Ur\u010den\u00ed otcovstv\u00ed | Genetika Plze\u0148","robots":{"index":"index","follow":"follow","max-snippet":"max-snippet:-1","max-image-preview":"max-image-preview:large","max-video-preview":"max-video-preview:-1"},"canonical":"https:\/\/genetika-plzen.nullable.group\/en\/urceni-otcovstvi\/","og_locale":"en_GB","og_type":"article","og_title":"Ur\u010den\u00ed otcovstv\u00ed | Genetika Plze\u0148","og_description":"Testy otcovstv\u00ed v\u010detn\u011b znaleck\u00e9ho ur\u010dov\u00e1n\u00ed otcovstv\u00ed prov\u00e1d\u00edme od&nbsp;r. 2006 Odeb\u00edr\u00e1 se&nbsp;st\u011br z&nbsp;dutiny \u00fastn\u00ed \u2013neinvazivn\u00ed, bezbolestn\u00fd odb\u011br. Tyto testy prov\u00e1d\u00edme pouze za&nbsp;souhlasu v\u0161ech z\u00fa\u010dastn\u011bn\u00fdch stran \u2013tj. vy\u0161et\u0159ovan\u00ed podepisuj\u00ed informovan\u00fd souhlas s&nbsp;t\u00edm, \u017ee se&nbsp;bude manipulovat s&nbsp;jejich DNA&nbsp;za&nbsp;\u00fa\u010delem tohoto vy\u0161et\u0159en\u00ed. Za&nbsp;neplnolet\u00e9 d\u011bti podepisuj\u00ed souhlas rodi\u010de &#8211; matka nebo&nbsp;otec uveden\u00fd v&nbsp;rodn\u00e9m listu d\u00edt\u011bte. Na\u0161e laborato\u0159 se&nbsp;ka\u017edoro\u010dn\u011b \u00fasp\u011b\u0161n\u011b z\u00fa\u010dast\u0148uje&nbsp; extern\u00ed [&hellip;]","og_url":"https:\/\/genetika-plzen.nullable.group\/en\/urceni-otcovstvi\/","og_site_name":"Genetika Plze\u0148","article_modified_time":"2024-04-24T17:45:06+00:00","og_image":[{"url":"https:\/\/genetika-plzen.nullable.group\/wp-content\/uploads\/2024\/02\/thumb_3000x3000_urceni-otcovstvi.jpg"}],"twitter_card":"summary_large_image","twitter_misc":{"Estimated reading time":"2 minutes"},"schema":{"@context":"https:\/\/schema.org","@graph":[{"@type":"WebPage","@id":"https:\/\/genetika-plzen.nullable.group\/urceni-otcovstvi\/","url":"https:\/\/genetika-plzen.nullable.group\/urceni-otcovstvi\/","name":"Ur\u010den\u00ed otcovstv\u00ed | Genetika Plze\u0148","isPartOf":{"@id":"https:\/\/genetika-plzen.nullable.group\/#website"},"datePublished":"2024-02-05T19:49:15+00:00","dateModified":"2024-04-24T17:45:06+00:00","breadcrumb":{"@id":"https:\/\/genetika-plzen.nullable.group\/urceni-otcovstvi\/#breadcrumb"},"inLanguage":"en-GB","potentialAction":[{"@type":"ReadAction","target":["https:\/\/genetika-plzen.nullable.group\/urceni-otcovstvi\/"]}]},{"@type":"BreadcrumbList","@id":"https:\/\/genetika-plzen.nullable.group\/urceni-otcovstvi\/#breadcrumb","itemListElement":[{"@type":"ListItem","position":1,"name":"Home","item":"https:\/\/genetika-plzen.nullable.group\/"},{"@type":"ListItem","position":2,"name":"Ur\u010den\u00ed otcovstv\u00ed"}]},{"@type":"WebSite","@id":"https:\/\/genetika-plzen.nullable.group\/#website","url":"https:\/\/genetika-plzen.nullable.group\/","name":"Genetika Plze\u0148","description":"Genetika Plze\u0148","publisher":{"@id":"https:\/\/genetika-plzen.nullable.group\/#organization"},"potentialAction":[{"@type":"SearchAction","target":{"@type":"EntryPoint","urlTemplate":"https:\/\/genetika-plzen.nullable.group\/?s={search_term_string}"},"query-input":"required name=search_term_string"}],"inLanguage":"en-GB"},{"@type":"Organization","@id":"https:\/\/genetika-plzen.nullable.group\/#organization","name":"Genetika Plze\u0148","url":"https:\/\/genetika-plzen.nullable.group\/","logo":{"@type":"ImageObject","inLanguage":"en-GB","@id":"https:\/\/genetika-plzen.nullable.group\/#\/schema\/logo\/image\/","url":"https:\/\/genetika-plzen.nullable.group\/wp-content\/uploads\/2022\/07\/logo2.svg","contentUrl":"https:\/\/genetika-plzen.nullable.group\/wp-content\/uploads\/2022\/07\/logo2.svg","width":286,"height":95,"caption":"Genetika Plze\u0148"},"image":{"@id":"https:\/\/genetika-plzen.nullable.group\/#\/schema\/logo\/image\/"}}]}},"_links":{"self":[{"href":"https:\/\/genetika-plzen.nullable.group\/en\/wp-json\/wp\/v2\/pages\/7427","targetHints":{"allow":["GET"]}}],"collection":[{"href":"https:\/\/genetika-plzen.nullable.group\/en\/wp-json\/wp\/v2\/pages"}],"about":[{"href":"https:\/\/genetika-plzen.nullable.group\/en\/wp-json\/wp\/v2\/types\/page"}],"author":[{"embeddable":true,"href":"https:\/\/genetika-plzen.nullable.group\/en\/wp-json\/wp\/v2\/users\/9"}],"replies":[{"embeddable":true,"href":"https:\/\/genetika-plzen.nullable.group\/en\/wp-json\/wp\/v2\/comments?post=7427"}],"version-history":[{"count":22,"href":"https:\/\/genetika-plzen.nullable.group\/en\/wp-json\/wp\/v2\/pages\/7427\/revisions"}],"predecessor-version":[{"id":8589,"href":"https:\/\/genetika-plzen.nullable.group\/en\/wp-json\/wp\/v2\/pages\/7427\/revisions\/8589"}],"wp:attachment":[{"href":"https:\/\/genetika-plzen.nullable.group\/en\/wp-json\/wp\/v2\/media?parent=7427"}],"wp:term":[{"taxonomy":"service-area","embeddable":true,"href":"https:\/\/genetika-plzen.nullable.group\/en\/wp-json\/wp\/v2\/service-area?post=7427"}],"curies":[{"name":"wp","href":"https:\/\/api.w.org\/{rel}","templated":true}]}}