{"id":7467,"date":"2024-02-05T21:33:47","date_gmt":"2024-02-05T20:33:47","guid":{"rendered":"https:\/\/genetika-plzen.nullable.group\/?page_id=7467"},"modified":"2025-09-09T16:23:19","modified_gmt":"2025-09-09T14:23:19","slug":"doc-mudr-frantisek-losan","status":"publish","type":"page","link":"https:\/\/genetika-plzen.nullable.group\/en\/nas-tym\/doc-mudr-frantisek-losan\/","title":{"rendered":"Doc. MUDr. Franti\u0161ek Lo\u0161an, CSc."},"content":{"rendered":"<div data-elementor-type=\"wp-page\" data-elementor-id=\"7467\" class=\"elementor elementor-7467\">\n\t\t\t\t<div class=\"elementor-element elementor-element-e1525ff e-flex e-con-boxed e-con e-parent\" data-id=\"e1525ff\" data-element_type=\"container\" data-e-type=\"container\">\n\t\t\t\t\t<div class=\"e-con-inner\">\n\t\t\t\t<div class=\"elementor-element elementor-element-a53a02a elementor-widget elementor-widget-spacer\" data-id=\"a53a02a\" data-element_type=\"widget\" data-e-type=\"widget\" data-widget_type=\"spacer.default\">\n\t\t\t\t<div class=\"elementor-widget-container\">\n\t\t\t\t\t\t\t<div class=\"elementor-spacer\">\n\t\t\t<div class=\"elementor-spacer-inner\"><\/div>\n\t\t<\/div>\n\t\t\t\t\t\t<\/div>\n\t\t\t\t<\/div>\n\t\t\t\t\t<\/div>\n\t\t\t\t<\/div>\n\t\t<div class=\"elementor-element elementor-element-b29764c e-flex e-con-boxed e-con e-parent\" data-id=\"b29764c\" data-element_type=\"container\" data-e-type=\"container\">\n\t\t\t\t\t<div class=\"e-con-inner\">\n\t\t<div class=\"elementor-element elementor-element-c4eef4f e-con-full e-flex e-con e-parent\" data-id=\"c4eef4f\" data-element_type=\"container\" data-e-type=\"container\">\n\t\t\t\t<div class=\"elementor-element elementor-element-441040d elementor-widget__width-initial elementor-widget elementor-widget-text-editor\" data-id=\"441040d\" data-element_type=\"widget\" data-e-type=\"widget\" data-widget_type=\"text-editor.default\">\n\t\t\t\t<div class=\"elementor-widget-container\">\n\t\t\t\t\t\t\t\t\t<p>Mezin\u00e1rodn\u011b uzn\u00e1van\u00fd odborn\u00edk a\u00a0pr\u016fkopn\u00edk v\u00a0oblasti l\u00e9ka\u0159sk\u00e9 genetiky,<br \/>jeho\u017e mnohalet\u00e1 praxe v\u00a0oboru se\u00a0z\u00faro\u010dila v\u00a0zalo\u017een\u00ed spole\u010dnosti<br \/>Genetika Plze\u0148 s.r.o., kde se\u00a0na\u00a0vysok\u00e9 \u00farovni v\u011bnuje diagnostice,<br \/>l\u00e9\u010den\u00ed i\u00a0v\u00fdzkumu. L\u00e9ka\u0159 atestovan\u00fd v\u00a0oboru pediatrie a\u00a0l\u00e9ka\u0159sk\u00e9<br \/>genetiky, v\u00fdzkumn\u00edk a\u00a0pedagog, kter\u00fd se\u00a0cel\u00fd sv\u016fj profesn\u00ed \u017eivot v\u011bnuje<br \/>pomoci klient\u016fm s\u00a0genetick\u00fdmi obt\u00ed\u017eemi. P\u0159es jeho vysokou odbornost<br \/>oce\u0148ovanou na\u00a0mnoha kongresech a\u00a0sympozi\u00edch u\u00a0n\u00e1s i\u00a0v\u00a0zahrani\u010d\u00ed si<br \/>zachoval velmi p\u0159\u00e1telsk\u00fd a\u00a0vl\u00eddn\u00fd p\u0159\u00edstup ke klient\u016fm i\u00a0empatick\u00e9<br \/>ch\u00e1p\u00e1n\u00ed jejich probl\u00e9m\u016f.<\/p><p>Contact: <a href=\"mailto:frantisek.losan@next-clinics.com\">frantisek.losan@next-clinics.com<\/a><\/p>\t\t\t\t\t\t\t\t<\/div>\n\t\t\t\t<\/div>\n\t\t\t\t<div class=\"elementor-element elementor-element-230c1ed elementor-widget__width-initial elementor-widget elementor-widget-image\" data-id=\"230c1ed\" data-element_type=\"widget\" data-e-type=\"widget\" data-widget_type=\"image.default\">\n\t\t\t\t<div class=\"elementor-widget-container\">\n\t\t\t\t\t\t\t\t\t\t\t\t\t\t\t<img fetchpriority=\"high\" decoding=\"async\" width=\"1536\" height=\"1063\" src=\"https:\/\/genetika-plzen.nullable.group\/wp-content\/uploads\/2025\/08\/Losan-F-1536x1063.jpg\" class=\"attachment-1536x1536 size-1536x1536 wp-image-9147\" alt=\"\" srcset=\"https:\/\/genetika-plzen.nullable.group\/wp-content\/uploads\/2025\/08\/Losan-F-1536x1063.jpg 1536w, https:\/\/genetika-plzen.nullable.group\/wp-content\/uploads\/2025\/08\/Losan-F-300x208.jpg 300w, https:\/\/genetika-plzen.nullable.group\/wp-content\/uploads\/2025\/08\/Losan-F-1024x709.jpg 1024w, https:\/\/genetika-plzen.nullable.group\/wp-content\/uploads\/2025\/08\/Losan-F-768x532.jpg 768w, https:\/\/genetika-plzen.nullable.group\/wp-content\/uploads\/2025\/08\/Losan-F-18x12.jpg 18w, https:\/\/genetika-plzen.nullable.group\/wp-content\/uploads\/2025\/08\/Losan-F.jpg 1920w\" sizes=\"(max-width: 1536px) 100vw, 1536px\" \/>\t\t\t\t\t\t\t\t\t\t\t\t\t\t\t<\/div>\n\t\t\t\t<\/div>\n\t\t\t\t<\/div>\n\t\t\t\t\t<\/div>\n\t\t\t\t<\/div>\n\t\t<div class=\"elementor-element elementor-element-ef5a3c0 e-flex e-con-boxed e-con e-parent\" data-id=\"ef5a3c0\" data-element_type=\"container\" data-e-type=\"container\">\n\t\t\t\t\t<div class=\"e-con-inner\">\n\t\t\t\t<div class=\"elementor-element elementor-element-8a29445 elementor-widget elementor-widget-spacer\" data-id=\"8a29445\" data-element_type=\"widget\" data-e-type=\"widget\" data-widget_type=\"spacer.default\">\n\t\t\t\t<div class=\"elementor-widget-container\">\n\t\t\t\t\t\t\t<div class=\"elementor-spacer\">\n\t\t\t<div class=\"elementor-spacer-inner\"><\/div>\n\t\t<\/div>\n\t\t\t\t\t\t<\/div>\n\t\t\t\t<\/div>\n\t\t\t\t\t<\/div>\n\t\t\t\t<\/div>\n\t\t\t\t<\/div>","protected":false},"excerpt":{"rendered":"<p>Mezin\u00e1rodn\u011b uzn\u00e1van\u00fd odborn\u00edk a\u00a0pr\u016fkopn\u00edk v\u00a0oblasti l\u00e9ka\u0159sk\u00e9 genetiky,jeho\u017e mnohalet\u00e1 praxe v\u00a0oboru se\u00a0z\u00faro\u010dila v\u00a0zalo\u017een\u00ed spole\u010dnostiGenetika Plze\u0148 s.r.o., kde se\u00a0na\u00a0vysok\u00e9 \u00farovni v\u011bnuje diagnostice,l\u00e9\u010den\u00ed i\u00a0v\u00fdzkumu. L\u00e9ka\u0159 atestovan\u00fd v\u00a0oboru pediatrie a\u00a0l\u00e9ka\u0159sk\u00e9genetiky, v\u00fdzkumn\u00edk a\u00a0pedagog, kter\u00fd se\u00a0cel\u00fd sv\u016fj profesn\u00ed \u017eivot v\u011bnujepomoci klient\u016fm s\u00a0genetick\u00fdmi obt\u00ed\u017eemi. P\u0159es jeho vysokou odbornostoce\u0148ovanou na\u00a0mnoha kongresech a\u00a0sympozi\u00edch u\u00a0n\u00e1s i\u00a0v\u00a0zahrani\u010d\u00ed sizachoval velmi p\u0159\u00e1telsk\u00fd a\u00a0vl\u00eddn\u00fd p\u0159\u00edstup ke klient\u016fm i\u00a0empatick\u00e9ch\u00e1p\u00e1n\u00ed jejich [&hellip;]<\/p>","protected":false},"author":9,"featured_media":0,"parent":7225,"menu_order":0,"comment_status":"closed","ping_status":"closed","template":"","meta":{"footnotes":""},"service-area":[29],"class_list":["post-7467","page","type-page","status-publish","hentry","service-area-nas-tym"],"yoast_head":"<!-- This site is optimized with the Yoast SEO plugin v20.2 - https:\/\/yoast.com\/wordpress\/plugins\/seo\/ -->\n<title>Doc. MUDr. Franti\u0161ek Lo\u0161an, CSc. | Genetika Plze\u0148<\/title>\n<meta name=\"robots\" content=\"index, follow, max-snippet:-1, max-image-preview:large, max-video-preview:-1\" \/>\n<link rel=\"canonical\" href=\"https:\/\/genetika-plzen.nullable.group\/en\/nas-tym\/doc-mudr-frantisek-losan\/\" \/>\n<meta property=\"og:locale\" content=\"en_GB\" \/>\n<meta property=\"og:type\" content=\"article\" \/>\n<meta property=\"og:title\" content=\"Doc. MUDr. Franti\u0161ek Lo\u0161an, CSc. | Genetika Plze\u0148\" \/>\n<meta property=\"og:description\" content=\"Mezin\u00e1rodn\u011b uzn\u00e1van\u00fd odborn\u00edk a\u00a0pr\u016fkopn\u00edk v\u00a0oblasti l\u00e9ka\u0159sk\u00e9 genetiky,jeho\u017e mnohalet\u00e1 praxe v\u00a0oboru se\u00a0z\u00faro\u010dila v\u00a0zalo\u017een\u00ed spole\u010dnostiGenetika Plze\u0148 s.r.o., kde se\u00a0na\u00a0vysok\u00e9 \u00farovni v\u011bnuje diagnostice,l\u00e9\u010den\u00ed i\u00a0v\u00fdzkumu. L\u00e9ka\u0159 atestovan\u00fd v\u00a0oboru pediatrie a\u00a0l\u00e9ka\u0159sk\u00e9genetiky, v\u00fdzkumn\u00edk a\u00a0pedagog, kter\u00fd se\u00a0cel\u00fd sv\u016fj profesn\u00ed \u017eivot v\u011bnujepomoci klient\u016fm s\u00a0genetick\u00fdmi obt\u00ed\u017eemi. P\u0159es jeho vysokou odbornostoce\u0148ovanou na\u00a0mnoha kongresech a\u00a0sympozi\u00edch u\u00a0n\u00e1s i\u00a0v\u00a0zahrani\u010d\u00ed sizachoval velmi p\u0159\u00e1telsk\u00fd a\u00a0vl\u00eddn\u00fd p\u0159\u00edstup ke klient\u016fm i\u00a0empatick\u00e9ch\u00e1p\u00e1n\u00ed jejich [&hellip;]\" \/>\n<meta property=\"og:url\" content=\"https:\/\/genetika-plzen.nullable.group\/en\/nas-tym\/doc-mudr-frantisek-losan\/\" \/>\n<meta property=\"og:site_name\" content=\"Genetika Plze\u0148\" \/>\n<meta property=\"article:modified_time\" content=\"2025-09-09T14:23:19+00:00\" \/>\n<meta property=\"og:image\" content=\"https:\/\/www.genetika-plzen.cz\/wp-content\/uploads\/2025\/08\/Losan-F-1536x1063.jpg\" \/>\n<meta name=\"twitter:card\" content=\"summary_large_image\" \/>\n<meta name=\"twitter:label1\" content=\"Estimated reading time\" \/>\n\t<meta name=\"twitter:data1\" content=\"1 minute\" \/>\n<script type=\"application\/ld+json\" class=\"yoast-schema-graph\">{\"@context\":\"https:\/\/schema.org\",\"@graph\":[{\"@type\":\"WebPage\",\"@id\":\"https:\/\/genetika-plzen.nullable.group\/nas-tym\/doc-mudr-frantisek-losan\/\",\"url\":\"https:\/\/genetika-plzen.nullable.group\/nas-tym\/doc-mudr-frantisek-losan\/\",\"name\":\"Doc. MUDr. Franti\u0161ek Lo\u0161an, CSc. | Genetika Plze\u0148\",\"isPartOf\":{\"@id\":\"https:\/\/genetika-plzen.nullable.group\/#website\"},\"datePublished\":\"2024-02-05T20:33:47+00:00\",\"dateModified\":\"2025-09-09T14:23:19+00:00\",\"breadcrumb\":{\"@id\":\"https:\/\/genetika-plzen.nullable.group\/nas-tym\/doc-mudr-frantisek-losan\/#breadcrumb\"},\"inLanguage\":\"en-GB\",\"potentialAction\":[{\"@type\":\"ReadAction\",\"target\":[\"https:\/\/genetika-plzen.nullable.group\/nas-tym\/doc-mudr-frantisek-losan\/\"]}]},{\"@type\":\"BreadcrumbList\",\"@id\":\"https:\/\/genetika-plzen.nullable.group\/nas-tym\/doc-mudr-frantisek-losan\/#breadcrumb\",\"itemListElement\":[{\"@type\":\"ListItem\",\"position\":1,\"name\":\"Home\",\"item\":\"https:\/\/genetika-plzen.nullable.group\/\"},{\"@type\":\"ListItem\",\"position\":2,\"name\":\"N\u00e1\u0161 t\u00fdm\",\"item\":\"https:\/\/genetika-plzen.nullable.group\/de\/nas-tym\/\"},{\"@type\":\"ListItem\",\"position\":3,\"name\":\"Doc. MUDr. Franti\u0161ek Lo\u0161an, CSc.\"}]},{\"@type\":\"WebSite\",\"@id\":\"https:\/\/genetika-plzen.nullable.group\/#website\",\"url\":\"https:\/\/genetika-plzen.nullable.group\/\",\"name\":\"Genetika Plze\u0148\",\"description\":\"Genetika Plze\u0148\",\"publisher\":{\"@id\":\"https:\/\/genetika-plzen.nullable.group\/#organization\"},\"potentialAction\":[{\"@type\":\"SearchAction\",\"target\":{\"@type\":\"EntryPoint\",\"urlTemplate\":\"https:\/\/genetika-plzen.nullable.group\/?s={search_term_string}\"},\"query-input\":\"required name=search_term_string\"}],\"inLanguage\":\"en-GB\"},{\"@type\":\"Organization\",\"@id\":\"https:\/\/genetika-plzen.nullable.group\/#organization\",\"name\":\"Genetika Plze\u0148\",\"url\":\"https:\/\/genetika-plzen.nullable.group\/\",\"logo\":{\"@type\":\"ImageObject\",\"inLanguage\":\"en-GB\",\"@id\":\"https:\/\/genetika-plzen.nullable.group\/#\/schema\/logo\/image\/\",\"url\":\"https:\/\/genetika-plzen.nullable.group\/wp-content\/uploads\/2022\/07\/logo2.svg\",\"contentUrl\":\"https:\/\/genetika-plzen.nullable.group\/wp-content\/uploads\/2022\/07\/logo2.svg\",\"width\":286,\"height\":95,\"caption\":\"Genetika Plze\u0148\"},\"image\":{\"@id\":\"https:\/\/genetika-plzen.nullable.group\/#\/schema\/logo\/image\/\"}}]}<\/script>\n<!-- \/ Yoast SEO plugin. -->","yoast_head_json":{"title":"Doc. MUDr. Franti\u0161ek Lo\u0161an, CSc. | Genetika Plze\u0148","robots":{"index":"index","follow":"follow","max-snippet":"max-snippet:-1","max-image-preview":"max-image-preview:large","max-video-preview":"max-video-preview:-1"},"canonical":"https:\/\/genetika-plzen.nullable.group\/en\/nas-tym\/doc-mudr-frantisek-losan\/","og_locale":"en_GB","og_type":"article","og_title":"Doc. MUDr. Franti\u0161ek Lo\u0161an, CSc. | Genetika Plze\u0148","og_description":"Mezin\u00e1rodn\u011b uzn\u00e1van\u00fd odborn\u00edk a\u00a0pr\u016fkopn\u00edk v\u00a0oblasti l\u00e9ka\u0159sk\u00e9 genetiky,jeho\u017e mnohalet\u00e1 praxe v\u00a0oboru se\u00a0z\u00faro\u010dila v\u00a0zalo\u017een\u00ed spole\u010dnostiGenetika Plze\u0148 s.r.o., kde se\u00a0na\u00a0vysok\u00e9 \u00farovni v\u011bnuje diagnostice,l\u00e9\u010den\u00ed i\u00a0v\u00fdzkumu. L\u00e9ka\u0159 atestovan\u00fd v\u00a0oboru pediatrie a\u00a0l\u00e9ka\u0159sk\u00e9genetiky, v\u00fdzkumn\u00edk a\u00a0pedagog, kter\u00fd se\u00a0cel\u00fd sv\u016fj profesn\u00ed \u017eivot v\u011bnujepomoci klient\u016fm s\u00a0genetick\u00fdmi obt\u00ed\u017eemi. P\u0159es jeho vysokou odbornostoce\u0148ovanou na\u00a0mnoha kongresech a\u00a0sympozi\u00edch u\u00a0n\u00e1s i\u00a0v\u00a0zahrani\u010d\u00ed sizachoval velmi p\u0159\u00e1telsk\u00fd a\u00a0vl\u00eddn\u00fd p\u0159\u00edstup ke klient\u016fm i\u00a0empatick\u00e9ch\u00e1p\u00e1n\u00ed jejich [&hellip;]","og_url":"https:\/\/genetika-plzen.nullable.group\/en\/nas-tym\/doc-mudr-frantisek-losan\/","og_site_name":"Genetika Plze\u0148","article_modified_time":"2025-09-09T14:23:19+00:00","og_image":[{"url":"https:\/\/www.genetika-plzen.cz\/wp-content\/uploads\/2025\/08\/Losan-F-1536x1063.jpg"}],"twitter_card":"summary_large_image","twitter_misc":{"Estimated reading time":"1 minute"},"schema":{"@context":"https:\/\/schema.org","@graph":[{"@type":"WebPage","@id":"https:\/\/genetika-plzen.nullable.group\/nas-tym\/doc-mudr-frantisek-losan\/","url":"https:\/\/genetika-plzen.nullable.group\/nas-tym\/doc-mudr-frantisek-losan\/","name":"Doc. MUDr. Franti\u0161ek Lo\u0161an, CSc. | Genetika Plze\u0148","isPartOf":{"@id":"https:\/\/genetika-plzen.nullable.group\/#website"},"datePublished":"2024-02-05T20:33:47+00:00","dateModified":"2025-09-09T14:23:19+00:00","breadcrumb":{"@id":"https:\/\/genetika-plzen.nullable.group\/nas-tym\/doc-mudr-frantisek-losan\/#breadcrumb"},"inLanguage":"en-GB","potentialAction":[{"@type":"ReadAction","target":["https:\/\/genetika-plzen.nullable.group\/nas-tym\/doc-mudr-frantisek-losan\/"]}]},{"@type":"BreadcrumbList","@id":"https:\/\/genetika-plzen.nullable.group\/nas-tym\/doc-mudr-frantisek-losan\/#breadcrumb","itemListElement":[{"@type":"ListItem","position":1,"name":"Home","item":"https:\/\/genetika-plzen.nullable.group\/"},{"@type":"ListItem","position":2,"name":"N\u00e1\u0161 t\u00fdm","item":"https:\/\/genetika-plzen.nullable.group\/de\/nas-tym\/"},{"@type":"ListItem","position":3,"name":"Doc. MUDr. Franti\u0161ek Lo\u0161an, CSc."}]},{"@type":"WebSite","@id":"https:\/\/genetika-plzen.nullable.group\/#website","url":"https:\/\/genetika-plzen.nullable.group\/","name":"Genetika Plze\u0148","description":"Genetika Plze\u0148","publisher":{"@id":"https:\/\/genetika-plzen.nullable.group\/#organization"},"potentialAction":[{"@type":"SearchAction","target":{"@type":"EntryPoint","urlTemplate":"https:\/\/genetika-plzen.nullable.group\/?s={search_term_string}"},"query-input":"required name=search_term_string"}],"inLanguage":"en-GB"},{"@type":"Organization","@id":"https:\/\/genetika-plzen.nullable.group\/#organization","name":"Genetika Plze\u0148","url":"https:\/\/genetika-plzen.nullable.group\/","logo":{"@type":"ImageObject","inLanguage":"en-GB","@id":"https:\/\/genetika-plzen.nullable.group\/#\/schema\/logo\/image\/","url":"https:\/\/genetika-plzen.nullable.group\/wp-content\/uploads\/2022\/07\/logo2.svg","contentUrl":"https:\/\/genetika-plzen.nullable.group\/wp-content\/uploads\/2022\/07\/logo2.svg","width":286,"height":95,"caption":"Genetika Plze\u0148"},"image":{"@id":"https:\/\/genetika-plzen.nullable.group\/#\/schema\/logo\/image\/"}}]}},"_links":{"self":[{"href":"https:\/\/genetika-plzen.nullable.group\/en\/wp-json\/wp\/v2\/pages\/7467","targetHints":{"allow":["GET"]}}],"collection":[{"href":"https:\/\/genetika-plzen.nullable.group\/en\/wp-json\/wp\/v2\/pages"}],"about":[{"href":"https:\/\/genetika-plzen.nullable.group\/en\/wp-json\/wp\/v2\/types\/page"}],"author":[{"embeddable":true,"href":"https:\/\/genetika-plzen.nullable.group\/en\/wp-json\/wp\/v2\/users\/9"}],"replies":[{"embeddable":true,"href":"https:\/\/genetika-plzen.nullable.group\/en\/wp-json\/wp\/v2\/comments?post=7467"}],"version-history":[{"count":13,"href":"https:\/\/genetika-plzen.nullable.group\/en\/wp-json\/wp\/v2\/pages\/7467\/revisions"}],"predecessor-version":[{"id":9354,"href":"https:\/\/genetika-plzen.nullable.group\/en\/wp-json\/wp\/v2\/pages\/7467\/revisions\/9354"}],"up":[{"embeddable":true,"href":"https:\/\/genetika-plzen.nullable.group\/en\/wp-json\/wp\/v2\/pages\/7225"}],"wp:attachment":[{"href":"https:\/\/genetika-plzen.nullable.group\/en\/wp-json\/wp\/v2\/media?parent=7467"}],"wp:term":[{"taxonomy":"service-area","embeddable":true,"href":"https:\/\/genetika-plzen.nullable.group\/en\/wp-json\/wp\/v2\/service-area?post=7467"}],"curies":[{"name":"wp","href":"https:\/\/api.w.org\/{rel}","templated":true}]}}