{"id":7482,"date":"2024-02-05T21:11:15","date_gmt":"2024-02-05T20:11:15","guid":{"rendered":"https:\/\/genetika-plzen.nullable.group\/?page_id=7482"},"modified":"2025-09-09T16:24:25","modified_gmt":"2025-09-09T14:24:25","slug":"mudr-adam-hudec","status":"publish","type":"page","link":"https:\/\/genetika-plzen.nullable.group\/en\/nas-tym\/mudr-adam-hudec\/","title":{"rendered":"M.D. Adam Hudec"},"content":{"rendered":"<div data-elementor-type=\"wp-page\" data-elementor-id=\"7482\" class=\"elementor elementor-7482\">\n\t\t\t\t<div class=\"elementor-element elementor-element-e1525ff e-flex e-con-boxed e-con e-parent\" data-id=\"e1525ff\" data-element_type=\"container\" data-e-type=\"container\">\n\t\t\t\t\t<div class=\"e-con-inner\">\n\t\t\t\t<div class=\"elementor-element elementor-element-a53a02a elementor-widget elementor-widget-spacer\" data-id=\"a53a02a\" data-element_type=\"widget\" data-e-type=\"widget\" data-widget_type=\"spacer.default\">\n\t\t\t\t<div class=\"elementor-widget-container\">\n\t\t\t\t\t\t\t<div class=\"elementor-spacer\">\n\t\t\t<div class=\"elementor-spacer-inner\"><\/div>\n\t\t<\/div>\n\t\t\t\t\t\t<\/div>\n\t\t\t\t<\/div>\n\t\t\t\t\t<\/div>\n\t\t\t\t<\/div>\n\t\t<div class=\"elementor-element elementor-element-b29764c e-flex e-con-boxed e-con e-parent\" data-id=\"b29764c\" data-element_type=\"container\" data-e-type=\"container\">\n\t\t\t\t\t<div class=\"e-con-inner\">\n\t\t<div class=\"elementor-element elementor-element-c4eef4f e-con-full e-flex e-con e-parent\" data-id=\"c4eef4f\" data-element_type=\"container\" data-e-type=\"container\">\n\t\t\t\t<div class=\"elementor-element elementor-element-441040d elementor-widget__width-initial elementor-widget elementor-widget-text-editor\" data-id=\"441040d\" data-element_type=\"widget\" data-e-type=\"widget\" data-widget_type=\"text-editor.default\">\n\t\t\t\t<div class=\"elementor-widget-container\">\n\t\t\t\t\t\t\t\t\t<p>Vyhled\u00e1van\u00fd odborn\u00edk v\u00a0oboru gynekologie- porodnictv\u00ed s\u00a0dlouholetou prax\u00ed v\u00a0porodnic\u00edch v\u00a0Doma\u017elic\u00edch a\u00a0v\u00a0Plzni je od\u00a0roku 2013\u00a0sou\u010d\u00e1st\u00ed t\u00fdmu spole\u010dnosti Genetika Plze\u0148 s.r.o. Jeho ambici\u00f3zn\u00ed a\u00a0p\u0159esto velmi p\u0159\u00e1telsk\u00fd p\u0159\u00edstup zaru\u010duje klient\u016fm p\u00e9\u010di na\u00a0vysok\u00e9 \u00farovni. Jeho z\u00e1jem o\u00a0obor a\u00a0vysok\u00e1 kvalifikace je dolo\u017eena \u0159adou certifik\u00e1t\u016f a\u00a0odborn\u00fdch licenc\u00ed \u2013 nap\u0159.\u00a0v\u00a0oboru perinatologie a\u00a0fetomatern\u00e1ln\u00ed medic\u00edny a\u00a0dal\u0161\u00ed. Nyn\u00ed se v\u011bnuje i gynekologii ve sv\u00e9 soukrom\u00e9 ambulanci.<\/p><p>Contact: <a href=\"mailto:adam.hudec@next-clinics.com\">adam.hudec@next-clinics.com<\/a><\/p>\t\t\t\t\t\t\t\t<\/div>\n\t\t\t\t<\/div>\n\t\t\t\t<div class=\"elementor-element elementor-element-230c1ed elementor-widget__width-initial elementor-widget elementor-widget-image\" data-id=\"230c1ed\" data-element_type=\"widget\" data-e-type=\"widget\" data-widget_type=\"image.default\">\n\t\t\t\t<div class=\"elementor-widget-container\">\n\t\t\t\t\t\t\t\t\t\t\t\t\t\t\t<img fetchpriority=\"high\" decoding=\"async\" width=\"1920\" height=\"1329\" src=\"https:\/\/genetika-plzen.nullable.group\/wp-content\/uploads\/2025\/08\/Hudec.jpg\" class=\"attachment-2048x2048 size-2048x2048 wp-image-9136\" alt=\"\" srcset=\"https:\/\/genetika-plzen.nullable.group\/wp-content\/uploads\/2025\/08\/Hudec.jpg 1920w, https:\/\/genetika-plzen.nullable.group\/wp-content\/uploads\/2025\/08\/Hudec-300x208.jpg 300w, https:\/\/genetika-plzen.nullable.group\/wp-content\/uploads\/2025\/08\/Hudec-1024x709.jpg 1024w, https:\/\/genetika-plzen.nullable.group\/wp-content\/uploads\/2025\/08\/Hudec-768x532.jpg 768w, https:\/\/genetika-plzen.nullable.group\/wp-content\/uploads\/2025\/08\/Hudec-1536x1063.jpg 1536w, https:\/\/genetika-plzen.nullable.group\/wp-content\/uploads\/2025\/08\/Hudec-18x12.jpg 18w\" sizes=\"(max-width: 1920px) 100vw, 1920px\" \/>\t\t\t\t\t\t\t\t\t\t\t\t\t\t\t<\/div>\n\t\t\t\t<\/div>\n\t\t\t\t<\/div>\n\t\t\t\t\t<\/div>\n\t\t\t\t<\/div>\n\t\t<div class=\"elementor-element elementor-element-ef5a3c0 e-flex e-con-boxed e-con e-parent\" data-id=\"ef5a3c0\" data-element_type=\"container\" data-e-type=\"container\">\n\t\t\t\t\t<div class=\"e-con-inner\">\n\t\t\t\t<div class=\"elementor-element elementor-element-8a29445 elementor-widget elementor-widget-spacer\" data-id=\"8a29445\" data-element_type=\"widget\" data-e-type=\"widget\" data-widget_type=\"spacer.default\">\n\t\t\t\t<div class=\"elementor-widget-container\">\n\t\t\t\t\t\t\t<div class=\"elementor-spacer\">\n\t\t\t<div class=\"elementor-spacer-inner\"><\/div>\n\t\t<\/div>\n\t\t\t\t\t\t<\/div>\n\t\t\t\t<\/div>\n\t\t\t\t\t<\/div>\n\t\t\t\t<\/div>\n\t\t\t\t<\/div>","protected":false},"excerpt":{"rendered":"<p>Vyhled\u00e1van\u00fd odborn\u00edk v\u00a0oboru gynekologie- porodnictv\u00ed s\u00a0dlouholetou prax\u00ed v\u00a0porodnic\u00edch v\u00a0Doma\u017elic\u00edch a\u00a0v\u00a0Plzni je od\u00a0roku 2013\u00a0sou\u010d\u00e1st\u00ed t\u00fdmu spole\u010dnosti Genetika Plze\u0148 s.r.o. Jeho ambici\u00f3zn\u00ed a\u00a0p\u0159esto velmi p\u0159\u00e1telsk\u00fd p\u0159\u00edstup zaru\u010duje klient\u016fm p\u00e9\u010di na\u00a0vysok\u00e9 \u00farovni. Jeho z\u00e1jem o\u00a0obor a\u00a0vysok\u00e1 kvalifikace je dolo\u017eena \u0159adou certifik\u00e1t\u016f a\u00a0odborn\u00fdch licenc\u00ed \u2013 nap\u0159.\u00a0v\u00a0oboru perinatologie a\u00a0fetomatern\u00e1ln\u00ed medic\u00edny a\u00a0dal\u0161\u00ed. Nyn\u00ed se v\u011bnuje i gynekologii ve sv\u00e9 soukrom\u00e9 ambulanci. [&hellip;]<\/p>","protected":false},"author":9,"featured_media":0,"parent":7225,"menu_order":0,"comment_status":"closed","ping_status":"closed","template":"","meta":{"footnotes":""},"service-area":[29],"class_list":["post-7482","page","type-page","status-publish","hentry","service-area-nas-tym"],"yoast_head":"<!-- This site is optimized with the Yoast SEO plugin v20.2 - https:\/\/yoast.com\/wordpress\/plugins\/seo\/ -->\n<title>MUDr. Adam Hudec | Genetika Plze\u0148<\/title>\n<meta name=\"robots\" content=\"index, follow, max-snippet:-1, max-image-preview:large, max-video-preview:-1\" \/>\n<link rel=\"canonical\" href=\"https:\/\/genetika-plzen.nullable.group\/en\/nas-tym\/mudr-adam-hudec\/\" \/>\n<meta property=\"og:locale\" content=\"en_GB\" \/>\n<meta property=\"og:type\" content=\"article\" \/>\n<meta property=\"og:title\" content=\"MUDr. Adam Hudec | Genetika Plze\u0148\" \/>\n<meta property=\"og:description\" content=\"Vyhled\u00e1van\u00fd odborn\u00edk v\u00a0oboru gynekologie- porodnictv\u00ed s\u00a0dlouholetou prax\u00ed v\u00a0porodnic\u00edch v\u00a0Doma\u017elic\u00edch a\u00a0v\u00a0Plzni je od\u00a0roku 2013\u00a0sou\u010d\u00e1st\u00ed t\u00fdmu spole\u010dnosti Genetika Plze\u0148 s.r.o. Jeho ambici\u00f3zn\u00ed a\u00a0p\u0159esto velmi p\u0159\u00e1telsk\u00fd p\u0159\u00edstup zaru\u010duje klient\u016fm p\u00e9\u010di na\u00a0vysok\u00e9 \u00farovni. Jeho z\u00e1jem o\u00a0obor a\u00a0vysok\u00e1 kvalifikace je dolo\u017eena \u0159adou certifik\u00e1t\u016f a\u00a0odborn\u00fdch licenc\u00ed \u2013 nap\u0159.\u00a0v\u00a0oboru perinatologie a\u00a0fetomatern\u00e1ln\u00ed medic\u00edny a\u00a0dal\u0161\u00ed. Nyn\u00ed se v\u011bnuje i gynekologii ve sv\u00e9 soukrom\u00e9 ambulanci. [&hellip;]\" \/>\n<meta property=\"og:url\" content=\"https:\/\/genetika-plzen.nullable.group\/en\/nas-tym\/mudr-adam-hudec\/\" \/>\n<meta property=\"og:site_name\" content=\"Genetika Plze\u0148\" \/>\n<meta property=\"article:modified_time\" content=\"2025-09-09T14:24:25+00:00\" \/>\n<meta property=\"og:image\" content=\"https:\/\/www.genetika-plzen.cz\/wp-content\/uploads\/2025\/08\/Hudec.jpg\" \/>\n<meta name=\"twitter:card\" content=\"summary_large_image\" \/>\n<meta name=\"twitter:label1\" content=\"Estimated reading time\" \/>\n\t<meta name=\"twitter:data1\" content=\"1 minute\" \/>\n<script type=\"application\/ld+json\" class=\"yoast-schema-graph\">{\"@context\":\"https:\/\/schema.org\",\"@graph\":[{\"@type\":\"WebPage\",\"@id\":\"https:\/\/genetika-plzen.nullable.group\/nas-tym\/mudr-adam-hudec\/\",\"url\":\"https:\/\/genetika-plzen.nullable.group\/nas-tym\/mudr-adam-hudec\/\",\"name\":\"MUDr. Adam Hudec | Genetika Plze\u0148\",\"isPartOf\":{\"@id\":\"https:\/\/genetika-plzen.nullable.group\/#website\"},\"datePublished\":\"2024-02-05T20:11:15+00:00\",\"dateModified\":\"2025-09-09T14:24:25+00:00\",\"breadcrumb\":{\"@id\":\"https:\/\/genetika-plzen.nullable.group\/nas-tym\/mudr-adam-hudec\/#breadcrumb\"},\"inLanguage\":\"en-GB\",\"potentialAction\":[{\"@type\":\"ReadAction\",\"target\":[\"https:\/\/genetika-plzen.nullable.group\/nas-tym\/mudr-adam-hudec\/\"]}]},{\"@type\":\"BreadcrumbList\",\"@id\":\"https:\/\/genetika-plzen.nullable.group\/nas-tym\/mudr-adam-hudec\/#breadcrumb\",\"itemListElement\":[{\"@type\":\"ListItem\",\"position\":1,\"name\":\"Home\",\"item\":\"https:\/\/genetika-plzen.nullable.group\/\"},{\"@type\":\"ListItem\",\"position\":2,\"name\":\"N\u00e1\u0161 t\u00fdm\",\"item\":\"https:\/\/genetika-plzen.nullable.group\/de\/nas-tym\/\"},{\"@type\":\"ListItem\",\"position\":3,\"name\":\"MUDr. Adam Hudec\"}]},{\"@type\":\"WebSite\",\"@id\":\"https:\/\/genetika-plzen.nullable.group\/#website\",\"url\":\"https:\/\/genetika-plzen.nullable.group\/\",\"name\":\"Genetika Plze\u0148\",\"description\":\"Genetika Plze\u0148\",\"publisher\":{\"@id\":\"https:\/\/genetika-plzen.nullable.group\/#organization\"},\"potentialAction\":[{\"@type\":\"SearchAction\",\"target\":{\"@type\":\"EntryPoint\",\"urlTemplate\":\"https:\/\/genetika-plzen.nullable.group\/?s={search_term_string}\"},\"query-input\":\"required name=search_term_string\"}],\"inLanguage\":\"en-GB\"},{\"@type\":\"Organization\",\"@id\":\"https:\/\/genetika-plzen.nullable.group\/#organization\",\"name\":\"Genetika Plze\u0148\",\"url\":\"https:\/\/genetika-plzen.nullable.group\/\",\"logo\":{\"@type\":\"ImageObject\",\"inLanguage\":\"en-GB\",\"@id\":\"https:\/\/genetika-plzen.nullable.group\/#\/schema\/logo\/image\/\",\"url\":\"https:\/\/genetika-plzen.nullable.group\/wp-content\/uploads\/2022\/07\/logo2.svg\",\"contentUrl\":\"https:\/\/genetika-plzen.nullable.group\/wp-content\/uploads\/2022\/07\/logo2.svg\",\"width\":286,\"height\":95,\"caption\":\"Genetika Plze\u0148\"},\"image\":{\"@id\":\"https:\/\/genetika-plzen.nullable.group\/#\/schema\/logo\/image\/\"}}]}<\/script>\n<!-- \/ Yoast SEO plugin. -->","yoast_head_json":{"title":"MUDr. Adam Hudec | Genetika Plze\u0148","robots":{"index":"index","follow":"follow","max-snippet":"max-snippet:-1","max-image-preview":"max-image-preview:large","max-video-preview":"max-video-preview:-1"},"canonical":"https:\/\/genetika-plzen.nullable.group\/en\/nas-tym\/mudr-adam-hudec\/","og_locale":"en_GB","og_type":"article","og_title":"MUDr. Adam Hudec | Genetika Plze\u0148","og_description":"Vyhled\u00e1van\u00fd odborn\u00edk v\u00a0oboru gynekologie- porodnictv\u00ed s\u00a0dlouholetou prax\u00ed v\u00a0porodnic\u00edch v\u00a0Doma\u017elic\u00edch a\u00a0v\u00a0Plzni je od\u00a0roku 2013\u00a0sou\u010d\u00e1st\u00ed t\u00fdmu spole\u010dnosti Genetika Plze\u0148 s.r.o. Jeho ambici\u00f3zn\u00ed a\u00a0p\u0159esto velmi p\u0159\u00e1telsk\u00fd p\u0159\u00edstup zaru\u010duje klient\u016fm p\u00e9\u010di na\u00a0vysok\u00e9 \u00farovni. Jeho z\u00e1jem o\u00a0obor a\u00a0vysok\u00e1 kvalifikace je dolo\u017eena \u0159adou certifik\u00e1t\u016f a\u00a0odborn\u00fdch licenc\u00ed \u2013 nap\u0159.\u00a0v\u00a0oboru perinatologie a\u00a0fetomatern\u00e1ln\u00ed medic\u00edny a\u00a0dal\u0161\u00ed. Nyn\u00ed se v\u011bnuje i gynekologii ve sv\u00e9 soukrom\u00e9 ambulanci. [&hellip;]","og_url":"https:\/\/genetika-plzen.nullable.group\/en\/nas-tym\/mudr-adam-hudec\/","og_site_name":"Genetika Plze\u0148","article_modified_time":"2025-09-09T14:24:25+00:00","og_image":[{"url":"https:\/\/www.genetika-plzen.cz\/wp-content\/uploads\/2025\/08\/Hudec.jpg"}],"twitter_card":"summary_large_image","twitter_misc":{"Estimated reading time":"1 minute"},"schema":{"@context":"https:\/\/schema.org","@graph":[{"@type":"WebPage","@id":"https:\/\/genetika-plzen.nullable.group\/nas-tym\/mudr-adam-hudec\/","url":"https:\/\/genetika-plzen.nullable.group\/nas-tym\/mudr-adam-hudec\/","name":"MUDr. Adam Hudec | Genetika Plze\u0148","isPartOf":{"@id":"https:\/\/genetika-plzen.nullable.group\/#website"},"datePublished":"2024-02-05T20:11:15+00:00","dateModified":"2025-09-09T14:24:25+00:00","breadcrumb":{"@id":"https:\/\/genetika-plzen.nullable.group\/nas-tym\/mudr-adam-hudec\/#breadcrumb"},"inLanguage":"en-GB","potentialAction":[{"@type":"ReadAction","target":["https:\/\/genetika-plzen.nullable.group\/nas-tym\/mudr-adam-hudec\/"]}]},{"@type":"BreadcrumbList","@id":"https:\/\/genetika-plzen.nullable.group\/nas-tym\/mudr-adam-hudec\/#breadcrumb","itemListElement":[{"@type":"ListItem","position":1,"name":"Home","item":"https:\/\/genetika-plzen.nullable.group\/"},{"@type":"ListItem","position":2,"name":"N\u00e1\u0161 t\u00fdm","item":"https:\/\/genetika-plzen.nullable.group\/de\/nas-tym\/"},{"@type":"ListItem","position":3,"name":"MUDr. Adam Hudec"}]},{"@type":"WebSite","@id":"https:\/\/genetika-plzen.nullable.group\/#website","url":"https:\/\/genetika-plzen.nullable.group\/","name":"Genetika Plze\u0148","description":"Genetika Plze\u0148","publisher":{"@id":"https:\/\/genetika-plzen.nullable.group\/#organization"},"potentialAction":[{"@type":"SearchAction","target":{"@type":"EntryPoint","urlTemplate":"https:\/\/genetika-plzen.nullable.group\/?s={search_term_string}"},"query-input":"required name=search_term_string"}],"inLanguage":"en-GB"},{"@type":"Organization","@id":"https:\/\/genetika-plzen.nullable.group\/#organization","name":"Genetika Plze\u0148","url":"https:\/\/genetika-plzen.nullable.group\/","logo":{"@type":"ImageObject","inLanguage":"en-GB","@id":"https:\/\/genetika-plzen.nullable.group\/#\/schema\/logo\/image\/","url":"https:\/\/genetika-plzen.nullable.group\/wp-content\/uploads\/2022\/07\/logo2.svg","contentUrl":"https:\/\/genetika-plzen.nullable.group\/wp-content\/uploads\/2022\/07\/logo2.svg","width":286,"height":95,"caption":"Genetika Plze\u0148"},"image":{"@id":"https:\/\/genetika-plzen.nullable.group\/#\/schema\/logo\/image\/"}}]}},"_links":{"self":[{"href":"https:\/\/genetika-plzen.nullable.group\/en\/wp-json\/wp\/v2\/pages\/7482","targetHints":{"allow":["GET"]}}],"collection":[{"href":"https:\/\/genetika-plzen.nullable.group\/en\/wp-json\/wp\/v2\/pages"}],"about":[{"href":"https:\/\/genetika-plzen.nullable.group\/en\/wp-json\/wp\/v2\/types\/page"}],"author":[{"embeddable":true,"href":"https:\/\/genetika-plzen.nullable.group\/en\/wp-json\/wp\/v2\/users\/9"}],"replies":[{"embeddable":true,"href":"https:\/\/genetika-plzen.nullable.group\/en\/wp-json\/wp\/v2\/comments?post=7482"}],"version-history":[{"count":13,"href":"https:\/\/genetika-plzen.nullable.group\/en\/wp-json\/wp\/v2\/pages\/7482\/revisions"}],"predecessor-version":[{"id":9363,"href":"https:\/\/genetika-plzen.nullable.group\/en\/wp-json\/wp\/v2\/pages\/7482\/revisions\/9363"}],"up":[{"embeddable":true,"href":"https:\/\/genetika-plzen.nullable.group\/en\/wp-json\/wp\/v2\/pages\/7225"}],"wp:attachment":[{"href":"https:\/\/genetika-plzen.nullable.group\/en\/wp-json\/wp\/v2\/media?parent=7482"}],"wp:term":[{"taxonomy":"service-area","embeddable":true,"href":"https:\/\/genetika-plzen.nullable.group\/en\/wp-json\/wp\/v2\/service-area?post=7482"}],"curies":[{"name":"wp","href":"https:\/\/api.w.org\/{rel}","templated":true}]}}