{"id":7533,"date":"2024-02-05T21:21:53","date_gmt":"2024-02-05T20:21:53","guid":{"rendered":"https:\/\/genetika-plzen.nullable.group\/?page_id=7533"},"modified":"2024-02-05T21:22:16","modified_gmt":"2024-02-05T20:22:16","slug":"ing-radim-cibulka","status":"publish","type":"page","link":"https:\/\/genetika-plzen.nullable.group\/en\/nas-tym\/ing-radim-cibulka\/","title":{"rendered":"Ing. Radim Cibulka"},"content":{"rendered":"<div data-elementor-type=\"wp-page\" data-elementor-id=\"7533\" class=\"elementor elementor-7533\">\n\t\t\t\t<div class=\"elementor-element elementor-element-e1525ff e-flex e-con-boxed e-con e-parent\" data-id=\"e1525ff\" data-element_type=\"container\" data-e-type=\"container\">\n\t\t\t\t\t<div class=\"e-con-inner\">\n\t\t\t\t<div class=\"elementor-element elementor-element-a53a02a elementor-widget elementor-widget-spacer\" data-id=\"a53a02a\" data-element_type=\"widget\" data-e-type=\"widget\" data-widget_type=\"spacer.default\">\n\t\t\t\t<div class=\"elementor-widget-container\">\n\t\t\t\t\t\t\t<div class=\"elementor-spacer\">\n\t\t\t<div class=\"elementor-spacer-inner\"><\/div>\n\t\t<\/div>\n\t\t\t\t\t\t<\/div>\n\t\t\t\t<\/div>\n\t\t\t\t\t<\/div>\n\t\t\t\t<\/div>\n\t\t<div class=\"elementor-element elementor-element-b29764c e-flex e-con-boxed e-con e-parent\" data-id=\"b29764c\" data-element_type=\"container\" data-e-type=\"container\">\n\t\t\t\t\t<div class=\"e-con-inner\">\n\t\t<div class=\"elementor-element elementor-element-c4eef4f e-con-full e-flex e-con e-parent\" data-id=\"c4eef4f\" data-element_type=\"container\" data-e-type=\"container\">\n\t\t\t\t<div class=\"elementor-element elementor-element-441040d elementor-widget__width-initial elementor-widget elementor-widget-text-editor\" data-id=\"441040d\" data-element_type=\"widget\" data-e-type=\"widget\" data-widget_type=\"text-editor.default\">\n\t\t\t\t<div class=\"elementor-widget-container\">\n\t\t\t\t\t\t\t\t\tExperienced geneticist with 12 years of experience in the field worked in the Medical Genetics Laboratory of the First Faculty of Medicine of Charles University and in the Department of Medical Genetics of Thomayer Hospital. In 2007, he acquired post-graduate certification in clinical genetics. He joined the team in 2016. In the Molecular Genetics Laboratory he specializes in non-invasive prenatal tests and SMA diagnostics by the MLPA method.\t\t\t\t\t\t\t\t<\/div>\n\t\t\t\t<\/div>\n\t\t\t\t<div class=\"elementor-element elementor-element-230c1ed elementor-widget__width-initial elementor-widget elementor-widget-image\" data-id=\"230c1ed\" data-element_type=\"widget\" data-e-type=\"widget\" data-widget_type=\"image.default\">\n\t\t\t\t<div class=\"elementor-widget-container\">\n\t\t\t\t\t\t\t\t\t\t\t\t\t\t\t<img fetchpriority=\"high\" decoding=\"async\" width=\"270\" height=\"250\" src=\"https:\/\/genetika-plzen.nullable.group\/wp-content\/uploads\/2024\/02\/thumb_350x250_ing-radim-cibulka.jpg\" class=\"attachment-2048x2048 size-2048x2048 wp-image-7280\" alt=\"\" \/>\t\t\t\t\t\t\t\t\t\t\t\t\t\t\t<\/div>\n\t\t\t\t<\/div>\n\t\t\t\t<\/div>\n\t\t\t\t\t<\/div>\n\t\t\t\t<\/div>\n\t\t<div class=\"elementor-element elementor-element-ef5a3c0 e-flex e-con-boxed e-con e-parent\" data-id=\"ef5a3c0\" data-element_type=\"container\" data-e-type=\"container\">\n\t\t\t\t\t<div class=\"e-con-inner\">\n\t\t\t\t<div class=\"elementor-element elementor-element-8a29445 elementor-widget elementor-widget-spacer\" data-id=\"8a29445\" data-element_type=\"widget\" data-e-type=\"widget\" data-widget_type=\"spacer.default\">\n\t\t\t\t<div class=\"elementor-widget-container\">\n\t\t\t\t\t\t\t<div class=\"elementor-spacer\">\n\t\t\t<div class=\"elementor-spacer-inner\"><\/div>\n\t\t<\/div>\n\t\t\t\t\t\t<\/div>\n\t\t\t\t<\/div>\n\t\t\t\t\t<\/div>\n\t\t\t\t<\/div>\n\t\t\t\t<\/div>","protected":false},"excerpt":{"rendered":"<p>Zku\u0161en\u00fd genetik s&nbsp;dvan\u00e1ctiletou prax\u00ed v&nbsp;oboru p\u016fsobil v&nbsp;laborato\u0159i l\u00e9ka\u0159sk\u00e9 genetiky 1.&nbsp;l\u00e9ka\u0159sk\u00e9 fakulty Univerzity Karlovy a&nbsp;na&nbsp;odd\u011blen\u00ed l\u00e9ka\u0159sk\u00e9 genetiky Thomayerovy nemocnice. V&nbsp;r. 2007&nbsp;slo\u017eil atestaci v&nbsp;oboru klinick\u00e1 genetika. K&nbsp;t\u00fdmu na\u0161\u00ed spole\u010dnosti se&nbsp;p\u0159ipojil v&nbsp;r. 2016.&nbsp;V&nbsp;laborato\u0159i molekul\u00e1rn\u00ed genetiky se&nbsp;specializuje na&nbsp;neinvazivn\u00ed prenat\u00e1ln\u00ed testy a&nbsp;diagnostiku SMA&nbsp;metodou MLPA.<\/p>","protected":false},"author":9,"featured_media":0,"parent":7225,"menu_order":0,"comment_status":"closed","ping_status":"closed","template":"","meta":{"footnotes":""},"service-area":[29],"class_list":["post-7533","page","type-page","status-publish","hentry","service-area-nas-tym"],"yoast_head":"<!-- This site is optimized with the Yoast SEO plugin v20.2 - https:\/\/yoast.com\/wordpress\/plugins\/seo\/ -->\n<title>Ing. Radim Cibulka | Genetika Plze\u0148<\/title>\n<meta name=\"robots\" content=\"index, follow, max-snippet:-1, max-image-preview:large, max-video-preview:-1\" \/>\n<link rel=\"canonical\" href=\"https:\/\/genetika-plzen.nullable.group\/en\/nas-tym\/ing-radim-cibulka\/\" \/>\n<meta property=\"og:locale\" content=\"en_GB\" \/>\n<meta property=\"og:type\" content=\"article\" \/>\n<meta property=\"og:title\" content=\"Ing. Radim Cibulka | Genetika Plze\u0148\" \/>\n<meta property=\"og:description\" content=\"Zku\u0161en\u00fd genetik s&nbsp;dvan\u00e1ctiletou prax\u00ed v&nbsp;oboru p\u016fsobil v&nbsp;laborato\u0159i l\u00e9ka\u0159sk\u00e9 genetiky 1.&nbsp;l\u00e9ka\u0159sk\u00e9 fakulty Univerzity Karlovy a&nbsp;na&nbsp;odd\u011blen\u00ed l\u00e9ka\u0159sk\u00e9 genetiky Thomayerovy nemocnice. V&nbsp;r. 2007&nbsp;slo\u017eil atestaci v&nbsp;oboru klinick\u00e1 genetika. K&nbsp;t\u00fdmu na\u0161\u00ed spole\u010dnosti se&nbsp;p\u0159ipojil v&nbsp;r. 2016.&nbsp;V&nbsp;laborato\u0159i molekul\u00e1rn\u00ed genetiky se&nbsp;specializuje na&nbsp;neinvazivn\u00ed prenat\u00e1ln\u00ed testy a&nbsp;diagnostiku SMA&nbsp;metodou MLPA.\" \/>\n<meta property=\"og:url\" content=\"https:\/\/genetika-plzen.nullable.group\/en\/nas-tym\/ing-radim-cibulka\/\" \/>\n<meta property=\"og:site_name\" content=\"Genetika Plze\u0148\" \/>\n<meta property=\"article:modified_time\" content=\"2024-02-05T20:22:16+00:00\" \/>\n<meta property=\"og:image\" content=\"https:\/\/genetika-plzen.nullable.group\/wp-content\/uploads\/2024\/02\/thumb_350x250_ing-radim-cibulka.jpg\" \/>\n<meta name=\"twitter:card\" content=\"summary_large_image\" \/>\n<meta name=\"twitter:label1\" content=\"Estimated reading time\" \/>\n\t<meta name=\"twitter:data1\" content=\"1 minute\" \/>\n<script type=\"application\/ld+json\" class=\"yoast-schema-graph\">{\"@context\":\"https:\/\/schema.org\",\"@graph\":[{\"@type\":\"WebPage\",\"@id\":\"https:\/\/genetika-plzen.nullable.group\/nas-tym\/ing-radim-cibulka\/\",\"url\":\"https:\/\/genetika-plzen.nullable.group\/nas-tym\/ing-radim-cibulka\/\",\"name\":\"Ing. Radim Cibulka | Genetika Plze\u0148\",\"isPartOf\":{\"@id\":\"https:\/\/genetika-plzen.nullable.group\/#website\"},\"datePublished\":\"2024-02-05T20:21:53+00:00\",\"dateModified\":\"2024-02-05T20:22:16+00:00\",\"breadcrumb\":{\"@id\":\"https:\/\/genetika-plzen.nullable.group\/nas-tym\/ing-radim-cibulka\/#breadcrumb\"},\"inLanguage\":\"en-GB\",\"potentialAction\":[{\"@type\":\"ReadAction\",\"target\":[\"https:\/\/genetika-plzen.nullable.group\/nas-tym\/ing-radim-cibulka\/\"]}]},{\"@type\":\"BreadcrumbList\",\"@id\":\"https:\/\/genetika-plzen.nullable.group\/nas-tym\/ing-radim-cibulka\/#breadcrumb\",\"itemListElement\":[{\"@type\":\"ListItem\",\"position\":1,\"name\":\"Home\",\"item\":\"https:\/\/genetika-plzen.nullable.group\/\"},{\"@type\":\"ListItem\",\"position\":2,\"name\":\"N\u00e1\u0161 t\u00fdm\",\"item\":\"https:\/\/genetika-plzen.nullable.group\/de\/nas-tym\/\"},{\"@type\":\"ListItem\",\"position\":3,\"name\":\"Ing. Radim Cibulka\"}]},{\"@type\":\"WebSite\",\"@id\":\"https:\/\/genetika-plzen.nullable.group\/#website\",\"url\":\"https:\/\/genetika-plzen.nullable.group\/\",\"name\":\"Genetika Plze\u0148\",\"description\":\"Genetika Plze\u0148\",\"publisher\":{\"@id\":\"https:\/\/genetika-plzen.nullable.group\/#organization\"},\"potentialAction\":[{\"@type\":\"SearchAction\",\"target\":{\"@type\":\"EntryPoint\",\"urlTemplate\":\"https:\/\/genetika-plzen.nullable.group\/?s={search_term_string}\"},\"query-input\":\"required name=search_term_string\"}],\"inLanguage\":\"en-GB\"},{\"@type\":\"Organization\",\"@id\":\"https:\/\/genetika-plzen.nullable.group\/#organization\",\"name\":\"Genetika Plze\u0148\",\"url\":\"https:\/\/genetika-plzen.nullable.group\/\",\"logo\":{\"@type\":\"ImageObject\",\"inLanguage\":\"en-GB\",\"@id\":\"https:\/\/genetika-plzen.nullable.group\/#\/schema\/logo\/image\/\",\"url\":\"https:\/\/genetika-plzen.nullable.group\/wp-content\/uploads\/2022\/07\/logo2.svg\",\"contentUrl\":\"https:\/\/genetika-plzen.nullable.group\/wp-content\/uploads\/2022\/07\/logo2.svg\",\"width\":286,\"height\":95,\"caption\":\"Genetika Plze\u0148\"},\"image\":{\"@id\":\"https:\/\/genetika-plzen.nullable.group\/#\/schema\/logo\/image\/\"}}]}<\/script>\n<!-- \/ Yoast SEO plugin. -->","yoast_head_json":{"title":"Ing. Radim Cibulka | Genetika Plze\u0148","robots":{"index":"index","follow":"follow","max-snippet":"max-snippet:-1","max-image-preview":"max-image-preview:large","max-video-preview":"max-video-preview:-1"},"canonical":"https:\/\/genetika-plzen.nullable.group\/en\/nas-tym\/ing-radim-cibulka\/","og_locale":"en_GB","og_type":"article","og_title":"Ing. Radim Cibulka | Genetika Plze\u0148","og_description":"Zku\u0161en\u00fd genetik s&nbsp;dvan\u00e1ctiletou prax\u00ed v&nbsp;oboru p\u016fsobil v&nbsp;laborato\u0159i l\u00e9ka\u0159sk\u00e9 genetiky 1.&nbsp;l\u00e9ka\u0159sk\u00e9 fakulty Univerzity Karlovy a&nbsp;na&nbsp;odd\u011blen\u00ed l\u00e9ka\u0159sk\u00e9 genetiky Thomayerovy nemocnice. V&nbsp;r. 2007&nbsp;slo\u017eil atestaci v&nbsp;oboru klinick\u00e1 genetika. K&nbsp;t\u00fdmu na\u0161\u00ed spole\u010dnosti se&nbsp;p\u0159ipojil v&nbsp;r. 2016.&nbsp;V&nbsp;laborato\u0159i molekul\u00e1rn\u00ed genetiky se&nbsp;specializuje na&nbsp;neinvazivn\u00ed prenat\u00e1ln\u00ed testy a&nbsp;diagnostiku SMA&nbsp;metodou MLPA.","og_url":"https:\/\/genetika-plzen.nullable.group\/en\/nas-tym\/ing-radim-cibulka\/","og_site_name":"Genetika Plze\u0148","article_modified_time":"2024-02-05T20:22:16+00:00","og_image":[{"url":"https:\/\/genetika-plzen.nullable.group\/wp-content\/uploads\/2024\/02\/thumb_350x250_ing-radim-cibulka.jpg"}],"twitter_card":"summary_large_image","twitter_misc":{"Estimated reading time":"1 minute"},"schema":{"@context":"https:\/\/schema.org","@graph":[{"@type":"WebPage","@id":"https:\/\/genetika-plzen.nullable.group\/nas-tym\/ing-radim-cibulka\/","url":"https:\/\/genetika-plzen.nullable.group\/nas-tym\/ing-radim-cibulka\/","name":"Ing. Radim Cibulka | Genetika Plze\u0148","isPartOf":{"@id":"https:\/\/genetika-plzen.nullable.group\/#website"},"datePublished":"2024-02-05T20:21:53+00:00","dateModified":"2024-02-05T20:22:16+00:00","breadcrumb":{"@id":"https:\/\/genetika-plzen.nullable.group\/nas-tym\/ing-radim-cibulka\/#breadcrumb"},"inLanguage":"en-GB","potentialAction":[{"@type":"ReadAction","target":["https:\/\/genetika-plzen.nullable.group\/nas-tym\/ing-radim-cibulka\/"]}]},{"@type":"BreadcrumbList","@id":"https:\/\/genetika-plzen.nullable.group\/nas-tym\/ing-radim-cibulka\/#breadcrumb","itemListElement":[{"@type":"ListItem","position":1,"name":"Home","item":"https:\/\/genetika-plzen.nullable.group\/"},{"@type":"ListItem","position":2,"name":"N\u00e1\u0161 t\u00fdm","item":"https:\/\/genetika-plzen.nullable.group\/de\/nas-tym\/"},{"@type":"ListItem","position":3,"name":"Ing. Radim Cibulka"}]},{"@type":"WebSite","@id":"https:\/\/genetika-plzen.nullable.group\/#website","url":"https:\/\/genetika-plzen.nullable.group\/","name":"Genetika Plze\u0148","description":"Genetika Plze\u0148","publisher":{"@id":"https:\/\/genetika-plzen.nullable.group\/#organization"},"potentialAction":[{"@type":"SearchAction","target":{"@type":"EntryPoint","urlTemplate":"https:\/\/genetika-plzen.nullable.group\/?s={search_term_string}"},"query-input":"required name=search_term_string"}],"inLanguage":"en-GB"},{"@type":"Organization","@id":"https:\/\/genetika-plzen.nullable.group\/#organization","name":"Genetika Plze\u0148","url":"https:\/\/genetika-plzen.nullable.group\/","logo":{"@type":"ImageObject","inLanguage":"en-GB","@id":"https:\/\/genetika-plzen.nullable.group\/#\/schema\/logo\/image\/","url":"https:\/\/genetika-plzen.nullable.group\/wp-content\/uploads\/2022\/07\/logo2.svg","contentUrl":"https:\/\/genetika-plzen.nullable.group\/wp-content\/uploads\/2022\/07\/logo2.svg","width":286,"height":95,"caption":"Genetika Plze\u0148"},"image":{"@id":"https:\/\/genetika-plzen.nullable.group\/#\/schema\/logo\/image\/"}}]}},"_links":{"self":[{"href":"https:\/\/genetika-plzen.nullable.group\/en\/wp-json\/wp\/v2\/pages\/7533","targetHints":{"allow":["GET"]}}],"collection":[{"href":"https:\/\/genetika-plzen.nullable.group\/en\/wp-json\/wp\/v2\/pages"}],"about":[{"href":"https:\/\/genetika-plzen.nullable.group\/en\/wp-json\/wp\/v2\/types\/page"}],"author":[{"embeddable":true,"href":"https:\/\/genetika-plzen.nullable.group\/en\/wp-json\/wp\/v2\/users\/9"}],"replies":[{"embeddable":true,"href":"https:\/\/genetika-plzen.nullable.group\/en\/wp-json\/wp\/v2\/comments?post=7533"}],"version-history":[{"count":4,"href":"https:\/\/genetika-plzen.nullable.group\/en\/wp-json\/wp\/v2\/pages\/7533\/revisions"}],"predecessor-version":[{"id":7537,"href":"https:\/\/genetika-plzen.nullable.group\/en\/wp-json\/wp\/v2\/pages\/7533\/revisions\/7537"}],"up":[{"embeddable":true,"href":"https:\/\/genetika-plzen.nullable.group\/en\/wp-json\/wp\/v2\/pages\/7225"}],"wp:attachment":[{"href":"https:\/\/genetika-plzen.nullable.group\/en\/wp-json\/wp\/v2\/media?parent=7533"}],"wp:term":[{"taxonomy":"service-area","embeddable":true,"href":"https:\/\/genetika-plzen.nullable.group\/en\/wp-json\/wp\/v2\/service-area?post=7533"}],"curies":[{"name":"wp","href":"https:\/\/api.w.org\/{rel}","templated":true}]}}