{"id":7538,"date":"2024-02-05T21:22:44","date_gmt":"2024-02-05T20:22:44","guid":{"rendered":"https:\/\/genetika-plzen.nullable.group\/?page_id=7538"},"modified":"2025-08-18T09:04:29","modified_gmt":"2025-08-18T07:04:29","slug":"prof-mudr-zdenka-ulcova-gallova-drsc","status":"publish","type":"page","link":"https:\/\/genetika-plzen.nullable.group\/en\/nas-tym\/prof-mudr-zdenka-ulcova-gallova-drsc\/","title":{"rendered":"Prof. M.D. Zdenka Ul\u010dov\u00e1-Gallov\u00e1, DrSc."},"content":{"rendered":"<div data-elementor-type=\"wp-page\" data-elementor-id=\"7538\" class=\"elementor elementor-7538\">\n\t\t\t\t<div class=\"elementor-element elementor-element-e1525ff e-flex e-con-boxed e-con e-parent\" data-id=\"e1525ff\" data-element_type=\"container\" data-e-type=\"container\">\n\t\t\t\t\t<div class=\"e-con-inner\">\n\t\t\t\t<div class=\"elementor-element elementor-element-a53a02a elementor-widget elementor-widget-spacer\" data-id=\"a53a02a\" data-element_type=\"widget\" data-e-type=\"widget\" data-widget_type=\"spacer.default\">\n\t\t\t\t<div class=\"elementor-widget-container\">\n\t\t\t\t\t\t\t<div class=\"elementor-spacer\">\n\t\t\t<div class=\"elementor-spacer-inner\"><\/div>\n\t\t<\/div>\n\t\t\t\t\t\t<\/div>\n\t\t\t\t<\/div>\n\t\t\t\t\t<\/div>\n\t\t\t\t<\/div>\n\t\t<div class=\"elementor-element elementor-element-b29764c e-flex e-con-boxed e-con e-parent\" data-id=\"b29764c\" data-element_type=\"container\" data-e-type=\"container\">\n\t\t\t\t\t<div class=\"e-con-inner\">\n\t\t<div class=\"elementor-element elementor-element-c4eef4f e-con-full e-flex e-con e-parent\" data-id=\"c4eef4f\" data-element_type=\"container\" data-e-type=\"container\">\n\t\t\t\t<div class=\"elementor-element elementor-element-441040d elementor-widget__width-initial elementor-widget elementor-widget-text-editor\" data-id=\"441040d\" data-element_type=\"widget\" data-e-type=\"widget\" data-widget_type=\"text-editor.default\">\n\t\t\t\t<div class=\"elementor-widget-container\">\n\t\t\t\t\t\t\t\t\tAn internationally respected researcher and doctor. In terms of reduced couple fertility, she is the only specialist in the Czech Republic who applies BOTH gynaecology-obstetrics and clinical immunology points of view. In praise of her work results, she has gained lot of international acknowledgement. She has acquired her experience not only in her home country, but also on internships abroad \u2013 in Italy, Bulgaria, Japan, the USA, Denmark and other countries. M.D. Ul\u010dov\u00e1 is a member of many expert associations both in the Czech Republic and abroad and has often been lecturing at universities both at home and abroad.<br>\nMore at&nbsp;<a href=\"https:\/\/www.ulcovagallova.cz\/indexe.html\" target=\"_blank\">https:\/\/www.ulcovagallova.cz\/indexe.html<\/a>\t\t\t\t\t\t\t\t<\/div>\n\t\t\t\t<\/div>\n\t\t\t\t<div class=\"elementor-element elementor-element-230c1ed elementor-widget__width-initial elementor-widget elementor-widget-image\" data-id=\"230c1ed\" data-element_type=\"widget\" data-e-type=\"widget\" data-widget_type=\"image.default\">\n\t\t\t\t<div class=\"elementor-widget-container\">\n\t\t\t\t\t\t\t\t\t\t\t\t\t\t\t<img fetchpriority=\"high\" decoding=\"async\" width=\"1920\" height=\"1329\" src=\"https:\/\/genetika-plzen.nullable.group\/wp-content\/uploads\/2025\/08\/Ulcova.jpg\" class=\"attachment-2048x2048 size-2048x2048 wp-image-9169\" alt=\"\" srcset=\"https:\/\/genetika-plzen.nullable.group\/wp-content\/uploads\/2025\/08\/Ulcova.jpg 1920w, https:\/\/genetika-plzen.nullable.group\/wp-content\/uploads\/2025\/08\/Ulcova-300x208.jpg 300w, https:\/\/genetika-plzen.nullable.group\/wp-content\/uploads\/2025\/08\/Ulcova-1024x709.jpg 1024w, https:\/\/genetika-plzen.nullable.group\/wp-content\/uploads\/2025\/08\/Ulcova-768x532.jpg 768w, https:\/\/genetika-plzen.nullable.group\/wp-content\/uploads\/2025\/08\/Ulcova-1536x1063.jpg 1536w, https:\/\/genetika-plzen.nullable.group\/wp-content\/uploads\/2025\/08\/Ulcova-18x12.jpg 18w\" sizes=\"(max-width: 1920px) 100vw, 1920px\" \/>\t\t\t\t\t\t\t\t\t\t\t\t\t\t\t<\/div>\n\t\t\t\t<\/div>\n\t\t\t\t<\/div>\n\t\t\t\t\t<\/div>\n\t\t\t\t<\/div>\n\t\t<div class=\"elementor-element elementor-element-ef5a3c0 e-flex e-con-boxed e-con e-parent\" data-id=\"ef5a3c0\" data-element_type=\"container\" data-e-type=\"container\">\n\t\t\t\t\t<div class=\"e-con-inner\">\n\t\t\t\t<div class=\"elementor-element elementor-element-8a29445 elementor-widget elementor-widget-spacer\" data-id=\"8a29445\" data-element_type=\"widget\" data-e-type=\"widget\" data-widget_type=\"spacer.default\">\n\t\t\t\t<div class=\"elementor-widget-container\">\n\t\t\t\t\t\t\t<div class=\"elementor-spacer\">\n\t\t\t<div class=\"elementor-spacer-inner\"><\/div>\n\t\t<\/div>\n\t\t\t\t\t\t<\/div>\n\t\t\t\t<\/div>\n\t\t\t\t\t<\/div>\n\t\t\t\t<\/div>\n\t\t\t\t<\/div>","protected":false},"excerpt":{"rendered":"<p>Mezin\u00e1rodn\u011b uzn\u00e1van\u00e1 v\u011bdeck\u00e1 pracovnice a&nbsp;l\u00e9ka\u0159ka. V&nbsp;oblasti sn\u00ed\u017een\u00e9 plodnosti p\u00e1ru je jedinou odbornic\u00ed v&nbsp;\u010cR, kter\u00e1 se&nbsp;t\u00e9matu v\u011bnuje z&nbsp;pohledu gynekologie-porodnictv\u00ed a&nbsp;klinick\u00e9 imunologie SOU\u010cASN\u011a. V\u00fdsledky jej\u00ed pr\u00e1ce byly ocen\u011bny \u0159adou mezin\u00e1rodn\u00edch uzn\u00e1n\u00ed. Sv\u00e9 zku\u0161enosti z\u00edskala prax\u00ed nejen u&nbsp;n\u00e1s, ale i&nbsp;v&nbsp;zahrani\u010d\u00ed \u2013 p\u016fsobila na&nbsp;st\u00e1\u017e\u00edch It\u00e1lii, Bulharsku, Japonsku, USA, D\u00e1nsku a&nbsp;v&nbsp;dal\u0161\u00edch zem\u00edch. Je \u010dlenkou \u0159ady odborn\u00fdch spole\u010dnost\u00ed u&nbsp;n\u00e1s i&nbsp;v&nbsp;zahrani\u010d\u00ed, \u010dasto [&hellip;]<\/p>","protected":false},"author":9,"featured_media":0,"parent":7225,"menu_order":0,"comment_status":"closed","ping_status":"closed","template":"","meta":{"footnotes":""},"service-area":[29],"class_list":["post-7538","page","type-page","status-publish","hentry","service-area-nas-tym"],"yoast_head":"<!-- This site is optimized with the Yoast SEO plugin v20.2 - https:\/\/yoast.com\/wordpress\/plugins\/seo\/ -->\n<title>Prof. MUDr. Zdenka Ul\u010dov\u00e1-Gallov\u00e1, DrSc. | Genetika Plze\u0148<\/title>\n<meta name=\"robots\" content=\"index, follow, max-snippet:-1, max-image-preview:large, max-video-preview:-1\" \/>\n<link rel=\"canonical\" href=\"https:\/\/genetika-plzen.nullable.group\/en\/nas-tym\/prof-mudr-zdenka-ulcova-gallova-drsc\/\" \/>\n<meta property=\"og:locale\" content=\"en_GB\" \/>\n<meta property=\"og:type\" content=\"article\" \/>\n<meta property=\"og:title\" content=\"Prof. MUDr. Zdenka Ul\u010dov\u00e1-Gallov\u00e1, DrSc. | Genetika Plze\u0148\" \/>\n<meta property=\"og:description\" content=\"Mezin\u00e1rodn\u011b uzn\u00e1van\u00e1 v\u011bdeck\u00e1 pracovnice a&nbsp;l\u00e9ka\u0159ka. V&nbsp;oblasti sn\u00ed\u017een\u00e9 plodnosti p\u00e1ru je jedinou odbornic\u00ed v&nbsp;\u010cR, kter\u00e1 se&nbsp;t\u00e9matu v\u011bnuje z&nbsp;pohledu gynekologie-porodnictv\u00ed a&nbsp;klinick\u00e9 imunologie SOU\u010cASN\u011a. V\u00fdsledky jej\u00ed pr\u00e1ce byly ocen\u011bny \u0159adou mezin\u00e1rodn\u00edch uzn\u00e1n\u00ed. Sv\u00e9 zku\u0161enosti z\u00edskala prax\u00ed nejen u&nbsp;n\u00e1s, ale i&nbsp;v&nbsp;zahrani\u010d\u00ed \u2013 p\u016fsobila na&nbsp;st\u00e1\u017e\u00edch It\u00e1lii, Bulharsku, Japonsku, USA, D\u00e1nsku a&nbsp;v&nbsp;dal\u0161\u00edch zem\u00edch. Je \u010dlenkou \u0159ady odborn\u00fdch spole\u010dnost\u00ed u&nbsp;n\u00e1s i&nbsp;v&nbsp;zahrani\u010d\u00ed, \u010dasto [&hellip;]\" \/>\n<meta property=\"og:url\" content=\"https:\/\/genetika-plzen.nullable.group\/en\/nas-tym\/prof-mudr-zdenka-ulcova-gallova-drsc\/\" \/>\n<meta property=\"og:site_name\" content=\"Genetika Plze\u0148\" \/>\n<meta property=\"article:modified_time\" content=\"2025-08-18T07:04:29+00:00\" \/>\n<meta property=\"og:image\" content=\"https:\/\/www.genetika-plzen.cz\/wp-content\/uploads\/2025\/08\/Ulcova.jpg\" \/>\n<meta name=\"twitter:card\" content=\"summary_large_image\" \/>\n<meta name=\"twitter:label1\" content=\"Estimated reading time\" \/>\n\t<meta name=\"twitter:data1\" content=\"1 minute\" \/>\n<script type=\"application\/ld+json\" class=\"yoast-schema-graph\">{\"@context\":\"https:\/\/schema.org\",\"@graph\":[{\"@type\":\"WebPage\",\"@id\":\"https:\/\/genetika-plzen.nullable.group\/en\/nas-tym\/prof-mudr-zdenka-ulcova-gallova-drsc\/\",\"url\":\"https:\/\/genetika-plzen.nullable.group\/en\/nas-tym\/prof-mudr-zdenka-ulcova-gallova-drsc\/\",\"name\":\"Prof. MUDr. Zdenka Ul\u010dov\u00e1-Gallov\u00e1, DrSc. | Genetika Plze\u0148\",\"isPartOf\":{\"@id\":\"https:\/\/genetika-plzen.nullable.group\/#website\"},\"datePublished\":\"2024-02-05T20:22:44+00:00\",\"dateModified\":\"2025-08-18T07:04:29+00:00\",\"breadcrumb\":{\"@id\":\"https:\/\/genetika-plzen.nullable.group\/en\/nas-tym\/prof-mudr-zdenka-ulcova-gallova-drsc\/#breadcrumb\"},\"inLanguage\":\"en-GB\",\"potentialAction\":[{\"@type\":\"ReadAction\",\"target\":[\"https:\/\/genetika-plzen.nullable.group\/en\/nas-tym\/prof-mudr-zdenka-ulcova-gallova-drsc\/\"]}]},{\"@type\":\"BreadcrumbList\",\"@id\":\"https:\/\/genetika-plzen.nullable.group\/en\/nas-tym\/prof-mudr-zdenka-ulcova-gallova-drsc\/#breadcrumb\",\"itemListElement\":[{\"@type\":\"ListItem\",\"position\":1,\"name\":\"Home\",\"item\":\"https:\/\/genetika-plzen.nullable.group\/\"},{\"@type\":\"ListItem\",\"position\":2,\"name\":\"N\u00e1\u0161 t\u00fdm\",\"item\":\"https:\/\/genetika-plzen.nullable.group\/de\/nas-tym\/\"},{\"@type\":\"ListItem\",\"position\":3,\"name\":\"Prof. MUDr. Zdenka Ul\u010dov\u00e1-Gallov\u00e1, DrSc.\"}]},{\"@type\":\"WebSite\",\"@id\":\"https:\/\/genetika-plzen.nullable.group\/#website\",\"url\":\"https:\/\/genetika-plzen.nullable.group\/\",\"name\":\"Genetika Plze\u0148\",\"description\":\"Genetika Plze\u0148\",\"publisher\":{\"@id\":\"https:\/\/genetika-plzen.nullable.group\/#organization\"},\"potentialAction\":[{\"@type\":\"SearchAction\",\"target\":{\"@type\":\"EntryPoint\",\"urlTemplate\":\"https:\/\/genetika-plzen.nullable.group\/?s={search_term_string}\"},\"query-input\":\"required name=search_term_string\"}],\"inLanguage\":\"en-GB\"},{\"@type\":\"Organization\",\"@id\":\"https:\/\/genetika-plzen.nullable.group\/#organization\",\"name\":\"Genetika Plze\u0148\",\"url\":\"https:\/\/genetika-plzen.nullable.group\/\",\"logo\":{\"@type\":\"ImageObject\",\"inLanguage\":\"en-GB\",\"@id\":\"https:\/\/genetika-plzen.nullable.group\/#\/schema\/logo\/image\/\",\"url\":\"https:\/\/genetika-plzen.nullable.group\/wp-content\/uploads\/2022\/07\/logo2.svg\",\"contentUrl\":\"https:\/\/genetika-plzen.nullable.group\/wp-content\/uploads\/2022\/07\/logo2.svg\",\"width\":286,\"height\":95,\"caption\":\"Genetika Plze\u0148\"},\"image\":{\"@id\":\"https:\/\/genetika-plzen.nullable.group\/#\/schema\/logo\/image\/\"}}]}<\/script>\n<!-- \/ Yoast SEO plugin. -->","yoast_head_json":{"title":"Prof. MUDr. Zdenka Ul\u010dov\u00e1-Gallov\u00e1, DrSc. | Genetika Plze\u0148","robots":{"index":"index","follow":"follow","max-snippet":"max-snippet:-1","max-image-preview":"max-image-preview:large","max-video-preview":"max-video-preview:-1"},"canonical":"https:\/\/genetika-plzen.nullable.group\/en\/nas-tym\/prof-mudr-zdenka-ulcova-gallova-drsc\/","og_locale":"en_GB","og_type":"article","og_title":"Prof. MUDr. Zdenka Ul\u010dov\u00e1-Gallov\u00e1, DrSc. | Genetika Plze\u0148","og_description":"Mezin\u00e1rodn\u011b uzn\u00e1van\u00e1 v\u011bdeck\u00e1 pracovnice a&nbsp;l\u00e9ka\u0159ka. V&nbsp;oblasti sn\u00ed\u017een\u00e9 plodnosti p\u00e1ru je jedinou odbornic\u00ed v&nbsp;\u010cR, kter\u00e1 se&nbsp;t\u00e9matu v\u011bnuje z&nbsp;pohledu gynekologie-porodnictv\u00ed a&nbsp;klinick\u00e9 imunologie SOU\u010cASN\u011a. V\u00fdsledky jej\u00ed pr\u00e1ce byly ocen\u011bny \u0159adou mezin\u00e1rodn\u00edch uzn\u00e1n\u00ed. Sv\u00e9 zku\u0161enosti z\u00edskala prax\u00ed nejen u&nbsp;n\u00e1s, ale i&nbsp;v&nbsp;zahrani\u010d\u00ed \u2013 p\u016fsobila na&nbsp;st\u00e1\u017e\u00edch It\u00e1lii, Bulharsku, Japonsku, USA, D\u00e1nsku a&nbsp;v&nbsp;dal\u0161\u00edch zem\u00edch. Je \u010dlenkou \u0159ady odborn\u00fdch spole\u010dnost\u00ed u&nbsp;n\u00e1s i&nbsp;v&nbsp;zahrani\u010d\u00ed, \u010dasto [&hellip;]","og_url":"https:\/\/genetika-plzen.nullable.group\/en\/nas-tym\/prof-mudr-zdenka-ulcova-gallova-drsc\/","og_site_name":"Genetika Plze\u0148","article_modified_time":"2025-08-18T07:04:29+00:00","og_image":[{"url":"https:\/\/www.genetika-plzen.cz\/wp-content\/uploads\/2025\/08\/Ulcova.jpg"}],"twitter_card":"summary_large_image","twitter_misc":{"Estimated reading time":"1 minute"},"schema":{"@context":"https:\/\/schema.org","@graph":[{"@type":"WebPage","@id":"https:\/\/genetika-plzen.nullable.group\/en\/nas-tym\/prof-mudr-zdenka-ulcova-gallova-drsc\/","url":"https:\/\/genetika-plzen.nullable.group\/en\/nas-tym\/prof-mudr-zdenka-ulcova-gallova-drsc\/","name":"Prof. MUDr. Zdenka Ul\u010dov\u00e1-Gallov\u00e1, DrSc. | Genetika Plze\u0148","isPartOf":{"@id":"https:\/\/genetika-plzen.nullable.group\/#website"},"datePublished":"2024-02-05T20:22:44+00:00","dateModified":"2025-08-18T07:04:29+00:00","breadcrumb":{"@id":"https:\/\/genetika-plzen.nullable.group\/en\/nas-tym\/prof-mudr-zdenka-ulcova-gallova-drsc\/#breadcrumb"},"inLanguage":"en-GB","potentialAction":[{"@type":"ReadAction","target":["https:\/\/genetika-plzen.nullable.group\/en\/nas-tym\/prof-mudr-zdenka-ulcova-gallova-drsc\/"]}]},{"@type":"BreadcrumbList","@id":"https:\/\/genetika-plzen.nullable.group\/en\/nas-tym\/prof-mudr-zdenka-ulcova-gallova-drsc\/#breadcrumb","itemListElement":[{"@type":"ListItem","position":1,"name":"Home","item":"https:\/\/genetika-plzen.nullable.group\/"},{"@type":"ListItem","position":2,"name":"N\u00e1\u0161 t\u00fdm","item":"https:\/\/genetika-plzen.nullable.group\/de\/nas-tym\/"},{"@type":"ListItem","position":3,"name":"Prof. MUDr. Zdenka Ul\u010dov\u00e1-Gallov\u00e1, DrSc."}]},{"@type":"WebSite","@id":"https:\/\/genetika-plzen.nullable.group\/#website","url":"https:\/\/genetika-plzen.nullable.group\/","name":"Genetika Plze\u0148","description":"Genetika Plze\u0148","publisher":{"@id":"https:\/\/genetika-plzen.nullable.group\/#organization"},"potentialAction":[{"@type":"SearchAction","target":{"@type":"EntryPoint","urlTemplate":"https:\/\/genetika-plzen.nullable.group\/?s={search_term_string}"},"query-input":"required name=search_term_string"}],"inLanguage":"en-GB"},{"@type":"Organization","@id":"https:\/\/genetika-plzen.nullable.group\/#organization","name":"Genetika Plze\u0148","url":"https:\/\/genetika-plzen.nullable.group\/","logo":{"@type":"ImageObject","inLanguage":"en-GB","@id":"https:\/\/genetika-plzen.nullable.group\/#\/schema\/logo\/image\/","url":"https:\/\/genetika-plzen.nullable.group\/wp-content\/uploads\/2022\/07\/logo2.svg","contentUrl":"https:\/\/genetika-plzen.nullable.group\/wp-content\/uploads\/2022\/07\/logo2.svg","width":286,"height":95,"caption":"Genetika Plze\u0148"},"image":{"@id":"https:\/\/genetika-plzen.nullable.group\/#\/schema\/logo\/image\/"}}]}},"_links":{"self":[{"href":"https:\/\/genetika-plzen.nullable.group\/en\/wp-json\/wp\/v2\/pages\/7538","targetHints":{"allow":["GET"]}}],"collection":[{"href":"https:\/\/genetika-plzen.nullable.group\/en\/wp-json\/wp\/v2\/pages"}],"about":[{"href":"https:\/\/genetika-plzen.nullable.group\/en\/wp-json\/wp\/v2\/types\/page"}],"author":[{"embeddable":true,"href":"https:\/\/genetika-plzen.nullable.group\/en\/wp-json\/wp\/v2\/users\/9"}],"replies":[{"embeddable":true,"href":"https:\/\/genetika-plzen.nullable.group\/en\/wp-json\/wp\/v2\/comments?post=7538"}],"version-history":[{"count":7,"href":"https:\/\/genetika-plzen.nullable.group\/en\/wp-json\/wp\/v2\/pages\/7538\/revisions"}],"predecessor-version":[{"id":9244,"href":"https:\/\/genetika-plzen.nullable.group\/en\/wp-json\/wp\/v2\/pages\/7538\/revisions\/9244"}],"up":[{"embeddable":true,"href":"https:\/\/genetika-plzen.nullable.group\/en\/wp-json\/wp\/v2\/pages\/7225"}],"wp:attachment":[{"href":"https:\/\/genetika-plzen.nullable.group\/en\/wp-json\/wp\/v2\/media?parent=7538"}],"wp:term":[{"taxonomy":"service-area","embeddable":true,"href":"https:\/\/genetika-plzen.nullable.group\/en\/wp-json\/wp\/v2\/service-area?post=7538"}],"curies":[{"name":"wp","href":"https:\/\/api.w.org\/{rel}","templated":true}]}}