{"id":7722,"date":"2024-02-15T18:18:28","date_gmt":"2024-02-15T17:18:28","guid":{"rendered":"https:\/\/genetika-plzen.nullable.group\/?page_id=7722"},"modified":"2024-02-15T18:37:31","modified_gmt":"2024-02-15T17:37:31","slug":"pgt-a-preimplantacni-geneticke-testovani-aneuploidii","status":"publish","type":"page","link":"https:\/\/genetika-plzen.nullable.group\/en\/vysetreni-reprodukcni-genetiky\/pgt-a-preimplantacni-geneticke-testovani-aneuploidii\/","title":{"rendered":"Preimplantation Genetic Testing for Aneuploidies"},"content":{"rendered":"<div data-elementor-type=\"wp-page\" data-elementor-id=\"7722\" class=\"elementor elementor-7722\">\n\t\t\t\t<div class=\"elementor-element elementor-element-67fed84 e-flex e-con-boxed e-con e-parent\" data-id=\"67fed84\" data-element_type=\"container\" data-e-type=\"container\">\n\t\t\t\t\t<div class=\"e-con-inner\">\n\t\t\t\t<div class=\"elementor-element elementor-element-8bea70a elementor-widget elementor-widget-spacer\" data-id=\"8bea70a\" data-element_type=\"widget\" data-e-type=\"widget\" data-widget_type=\"spacer.default\">\n\t\t\t\t<div class=\"elementor-widget-container\">\n\t\t\t\t\t\t\t<div class=\"elementor-spacer\">\n\t\t\t<div class=\"elementor-spacer-inner\"><\/div>\n\t\t<\/div>\n\t\t\t\t\t\t<\/div>\n\t\t\t\t<\/div>\n\t\t\t\t\t<\/div>\n\t\t\t\t<\/div>\n\t\t<div class=\"elementor-element elementor-element-2ed6f34 e-flex e-con-boxed e-con e-parent\" data-id=\"2ed6f34\" data-element_type=\"container\" data-e-type=\"container\">\n\t\t\t\t\t<div class=\"e-con-inner\">\n\t\t\t\t<div class=\"elementor-element elementor-element-9b9f515 elementor-widget elementor-widget-text-editor\" data-id=\"9b9f515\" data-element_type=\"widget\" data-e-type=\"widget\" data-widget_type=\"text-editor.default\">\n\t\t\t\t<div class=\"elementor-widget-container\">\n\t\t\t\t\t\t\t\t\t<h2>Former name PGS: Preimplantation Genetic Screening<\/h2>\n\n<p>Preimplantation genetic screening (PGS (PGT-A)) is a test focused on the chromosomal makeup of the embryo. It is known that one of the main causes of infertility in humans is the formation of embryos with an abnormal chromosomal set. Such embryos either do not lead to pregnancy at all (do not implant into the uterine lining) or lead to miscarriages or, in extreme cases, the birth of a child with disabilities.<\/p>\n\n<p>With PGS (PGT-A), it is possible to distinguish embryos with a normal chromosomal finding from embryos with sporadic (i.e., de novo, non-inherited) deviations in the number of whole chromosomes or their parts (with so-called aneuploidies). \"Chromosomally healthy\" embryos are then transferred into the mother's uterus, significantly increasing the chances of achieving pregnancy and giving birth to a healthy child.<\/p>\n\n<h3>INDICATIONS FOR TESTING:<\/h3>\n\n<p><br>\n\u2022 Repeated miscarriages (2 times or more).<br>\n\u2022 Birth or miscarriage of a fetus with chromosomal abnormality.<br>\n\u2022 Repeated implantation failure after previous IVF cycles\/embryo transfers (2 times or more).<br>\n\u2022 Significantly impaired sperm parameters in the partner.<br>\n\u2022 Use of sperm after TESE (sperm retrieval directly from the testicle) or MESA (sperm retrieval from the epididymis) for IVF.<br>\n\u2022 Condition after treatment of oncological disease with chemotherapy or radiation in one or both partners.<\/p>\n\n<p>In addition to the main indications mentioned above, PGT-A can be performed as part of any IVF-ICSI cycle to increase the chances of achieving pregnancy and giving birth to a healthy child (in a self-paying regime).<\/p>\n\n<h3>TESTING METHODS:<\/h3>\n\n<p>Currently, we perform PGS (PGT-A) <strong><a href=\"https:\/\/genetika-plzen.nullable.group\/en\/vysetreni-reprodukcni-genetiky\/ngs-sekvenovani-nove-generace\/\">using next-generation sequencing (NGS)<\/a><\/strong> or&nbsp;<strong><a href=\"https:\/\/genetika-plzen.nullable.group\/en\/vysetreni-reprodukcni-genetiky\/fish-fluorescencni-in-situ-hybridizace\/\">fluorescence in situ hybridization (FISH)<\/a><\/strong>.<\/p>\n\n<p>PGS (PGT-A) using next-generation sequencing (NGS) allows for the examination of more extensive quantitative changes (gains or losses) of genetic material across the entire genome, i.e., all 24 chromosomes.<\/p>\n\n<p>PGS (PGT-A) using fluorescence in situ hybridization (FISH) is usually performed for only 5 chromosomes and is used exceptionally, according to the indication of the attending physician.<\/p>\n\n<h3>TISSUES EXAMINED:<\/h3>\n\n<p>The examination is standardly performed <strong>on trophectoderm cells<\/strong> taken on the 5th-6th day of embryo development, but it can also be exceptionally performed on&nbsp;<strong>blastomeres<\/strong> or&nbsp;<strong>polar bodies <\/strong>(more detailed info under&nbsp;<a href=\"https:\/\/genetika-plzen.nullable.group\/en\/vysetreni-reprodukcni-genetiky\/vysetrovane-tkane\/\">this link<\/a>).<\/p>\n\n<h3>COURSE OF THERAPY:<\/h3>\n\n<p>If you decide to undergo therapy with preimplantation testing, its course will be similar to \"usual\" therapy with IVF-ICSI. The only difference will be that a biopsy will be performed on the embryo on the 5th-6th day of development \u2013 that is, the <strong><a href=\"https:\/\/genetika-plzen.nullable.group\/en\/vysetreni-reprodukcni-genetiky\/vysetrovane-tkane\/\">removal of several trophectoderm cells<\/a><\/strong>. This sample will then be tested in a genetic laboratory, and the biopsied embryos will be frozen. Once the test results are available, the IVF-ICSI cycle will continue with the transfer of a healthy embryo.<\/p>\n\n<p>see <strong><a href=\"https:\/\/genetika-plzen.nullable.group\/en\/vysetreni-reprodukcni-genetiky\/prubeh-terapie-s-preimplantacnim-genetickym-vysetrenim\/\">Course of therapy with preimplantation genetic testing<\/a><\/strong><\/p>\n\n<h3>Examples of PGT-A results using the NGS method<\/h3>\t\t\t\t\t\t\t\t<\/div>\n\t\t\t\t<\/div>\n\t\t\t\t\t<\/div>\n\t\t\t\t<\/div>\n\t\t<div class=\"elementor-element elementor-element-254c3f9 e-flex e-con-boxed e-con e-parent\" data-id=\"254c3f9\" data-element_type=\"container\" data-e-type=\"container\">\n\t\t\t\t\t<div class=\"e-con-inner\">\n\t\t\t\t<div class=\"elementor-element elementor-element-a1da037 elementor-widget elementor-widget-image\" data-id=\"a1da037\" data-element_type=\"widget\" data-e-type=\"widget\" data-widget_type=\"image.default\">\n\t\t\t\t<div class=\"elementor-widget-container\">\n\t\t\t\t\t\t\t\t\t\t\t\t\t\t\t<img fetchpriority=\"high\" decoding=\"async\" width=\"451\" height=\"426\" src=\"https:\/\/genetika-plzen.nullable.group\/wp-content\/uploads\/2024\/02\/priklad_vysledku_NGS.png\" class=\"attachment-large size-large wp-image-7727\" alt=\"\" srcset=\"https:\/\/genetika-plzen.nullable.group\/wp-content\/uploads\/2024\/02\/priklad_vysledku_NGS.png 451w, https:\/\/genetika-plzen.nullable.group\/wp-content\/uploads\/2024\/02\/priklad_vysledku_NGS-300x283.png 300w, https:\/\/genetika-plzen.nullable.group\/wp-content\/uploads\/2024\/02\/priklad_vysledku_NGS-13x12.png 13w\" sizes=\"(max-width: 451px) 100vw, 451px\" \/>\t\t\t\t\t\t\t\t\t\t\t\t\t\t\t<\/div>\n\t\t\t\t<\/div>\n\t\t\t\t<div class=\"elementor-element elementor-element-f886cac elementor-widget elementor-widget-spacer\" data-id=\"f886cac\" data-element_type=\"widget\" data-e-type=\"widget\" data-widget_type=\"spacer.default\">\n\t\t\t\t<div class=\"elementor-widget-container\">\n\t\t\t\t\t\t\t<div class=\"elementor-spacer\">\n\t\t\t<div class=\"elementor-spacer-inner\"><\/div>\n\t\t<\/div>\n\t\t\t\t\t\t<\/div>\n\t\t\t\t<\/div>\n\t\t\t\t\t<\/div>\n\t\t\t\t<\/div>\n\t\t\t\t<\/div>","protected":false},"excerpt":{"rendered":"<p>star\u0161\u00ed n\u00e1zev PGS:&nbsp;Preimplanta\u010dn\u00ed Genetick\u00fd Screening Preimplanta\u010dn\u00ed genetick\u00fd screening (PGS&nbsp;(PGT-A)) je vy\u0161et\u0159en\u00ed zam\u011b\u0159en\u00e9 na&nbsp;chromosomovou v\u00fdbavu embrya. Je toti\u017e zn\u00e1mo, \u017ee jednou z&nbsp;hlavn\u00edch p\u0159\u00ed\u010din poruch plodnosti u&nbsp;lid\u00ed je vznik embry\u00ed s&nbsp;abnorm\u00e1ln\u00ed chromosomovou sadou. Takov\u00e1 embrya bu\u010f v\u016fbec nevedou k&nbsp;t\u011bhotenstv\u00ed (neimplantuj\u00ed do&nbsp;d\u011blo\u017en\u00ed sliznice) nebo&nbsp;vedou k&nbsp;potrat\u016fm \u010di, v&nbsp;krajn\u00edm p\u0159\u00edpad\u011b, k&nbsp;narozen\u00ed posti\u017een\u00e9ho d\u00edt\u011bte. Pomoc\u00ed PGS&nbsp;(PGT-A) lze odli\u0161it embrya s&nbsp;norm\u00e1ln\u00edm chromosomov\u00fdm [&hellip;]<\/p>","protected":false},"author":9,"featured_media":0,"parent":7368,"menu_order":0,"comment_status":"closed","ping_status":"closed","template":"","meta":{"footnotes":""},"service-area":[32],"class_list":["post-7722","page","type-page","status-publish","hentry","service-area-vysetreni-reprodukcni-genetiky"],"yoast_head":"<!-- This site is optimized with the Yoast SEO plugin v20.2 - https:\/\/yoast.com\/wordpress\/plugins\/seo\/ -->\n<title>PGT-A: Preimplanta\u010dn\u00ed Genetick\u00e9 testov\u00e1n\u00ed Aneuploidi\u00ed | Genetika Plze\u0148<\/title>\n<meta name=\"robots\" content=\"index, follow, max-snippet:-1, max-image-preview:large, max-video-preview:-1\" \/>\n<link rel=\"canonical\" href=\"https:\/\/genetika-plzen.nullable.group\/en\/vysetreni-reprodukcni-genetiky\/pgt-a-preimplantacni-geneticke-testovani-aneuploidii\/\" \/>\n<meta property=\"og:locale\" content=\"en_GB\" \/>\n<meta property=\"og:type\" content=\"article\" \/>\n<meta property=\"og:title\" content=\"PGT-A: Preimplanta\u010dn\u00ed Genetick\u00e9 testov\u00e1n\u00ed Aneuploidi\u00ed | Genetika Plze\u0148\" \/>\n<meta property=\"og:description\" content=\"star\u0161\u00ed n\u00e1zev PGS:&nbsp;Preimplanta\u010dn\u00ed Genetick\u00fd Screening Preimplanta\u010dn\u00ed genetick\u00fd screening (PGS&nbsp;(PGT-A)) je vy\u0161et\u0159en\u00ed zam\u011b\u0159en\u00e9 na&nbsp;chromosomovou v\u00fdbavu embrya. Je toti\u017e zn\u00e1mo, \u017ee jednou z&nbsp;hlavn\u00edch p\u0159\u00ed\u010din poruch plodnosti u&nbsp;lid\u00ed je vznik embry\u00ed s&nbsp;abnorm\u00e1ln\u00ed chromosomovou sadou. Takov\u00e1 embrya bu\u010f v\u016fbec nevedou k&nbsp;t\u011bhotenstv\u00ed (neimplantuj\u00ed do&nbsp;d\u011blo\u017en\u00ed sliznice) nebo&nbsp;vedou k&nbsp;potrat\u016fm \u010di, v&nbsp;krajn\u00edm p\u0159\u00edpad\u011b, k&nbsp;narozen\u00ed posti\u017een\u00e9ho d\u00edt\u011bte. Pomoc\u00ed PGS&nbsp;(PGT-A) lze odli\u0161it embrya s&nbsp;norm\u00e1ln\u00edm chromosomov\u00fdm [&hellip;]\" \/>\n<meta property=\"og:url\" content=\"https:\/\/genetika-plzen.nullable.group\/en\/vysetreni-reprodukcni-genetiky\/pgt-a-preimplantacni-geneticke-testovani-aneuploidii\/\" \/>\n<meta property=\"og:site_name\" content=\"Genetika Plze\u0148\" \/>\n<meta property=\"article:modified_time\" content=\"2024-02-15T17:37:31+00:00\" \/>\n<meta property=\"og:image\" content=\"https:\/\/genetika-plzen.nullable.group\/wp-content\/uploads\/2024\/02\/priklad_vysledku_NGS.png\" \/>\n<meta name=\"twitter:card\" content=\"summary_large_image\" \/>\n<script type=\"application\/ld+json\" class=\"yoast-schema-graph\">{\"@context\":\"https:\/\/schema.org\",\"@graph\":[{\"@type\":\"WebPage\",\"@id\":\"https:\/\/genetika-plzen.nullable.group\/de\/vysetreni-reprodukcni-genetiky\/pgt-a-preimplantacni-geneticke-testovani-aneuploidii\/\",\"url\":\"https:\/\/genetika-plzen.nullable.group\/de\/vysetreni-reprodukcni-genetiky\/pgt-a-preimplantacni-geneticke-testovani-aneuploidii\/\",\"name\":\"PGT-A: Preimplanta\u010dn\u00ed Genetick\u00e9 testov\u00e1n\u00ed Aneuploidi\u00ed | Genetika Plze\u0148\",\"isPartOf\":{\"@id\":\"https:\/\/genetika-plzen.nullable.group\/#website\"},\"datePublished\":\"2024-02-15T17:18:28+00:00\",\"dateModified\":\"2024-02-15T17:37:31+00:00\",\"breadcrumb\":{\"@id\":\"https:\/\/genetika-plzen.nullable.group\/de\/vysetreni-reprodukcni-genetiky\/pgt-a-preimplantacni-geneticke-testovani-aneuploidii\/#breadcrumb\"},\"inLanguage\":\"en-GB\",\"potentialAction\":[{\"@type\":\"ReadAction\",\"target\":[\"https:\/\/genetika-plzen.nullable.group\/de\/vysetreni-reprodukcni-genetiky\/pgt-a-preimplantacni-geneticke-testovani-aneuploidii\/\"]}]},{\"@type\":\"BreadcrumbList\",\"@id\":\"https:\/\/genetika-plzen.nullable.group\/de\/vysetreni-reprodukcni-genetiky\/pgt-a-preimplantacni-geneticke-testovani-aneuploidii\/#breadcrumb\",\"itemListElement\":[{\"@type\":\"ListItem\",\"position\":1,\"name\":\"Home\",\"item\":\"https:\/\/genetika-plzen.nullable.group\/\"},{\"@type\":\"ListItem\",\"position\":2,\"name\":\"Vy\u0161et\u0159en\u00ed reproduk\u010dn\u00ed genetiky\",\"item\":\"https:\/\/genetika-plzen.nullable.group\/vysetreni-reprodukcni-genetiky\/\"},{\"@type\":\"ListItem\",\"position\":3,\"name\":\"PGT-A: Preimplanta\u010dn\u00ed Genetick\u00e9 testov\u00e1n\u00ed Aneuploidi\u00ed\"}]},{\"@type\":\"WebSite\",\"@id\":\"https:\/\/genetika-plzen.nullable.group\/#website\",\"url\":\"https:\/\/genetika-plzen.nullable.group\/\",\"name\":\"Genetika Plze\u0148\",\"description\":\"Genetika Plze\u0148\",\"publisher\":{\"@id\":\"https:\/\/genetika-plzen.nullable.group\/#organization\"},\"potentialAction\":[{\"@type\":\"SearchAction\",\"target\":{\"@type\":\"EntryPoint\",\"urlTemplate\":\"https:\/\/genetika-plzen.nullable.group\/?s={search_term_string}\"},\"query-input\":\"required name=search_term_string\"}],\"inLanguage\":\"en-GB\"},{\"@type\":\"Organization\",\"@id\":\"https:\/\/genetika-plzen.nullable.group\/#organization\",\"name\":\"Genetika Plze\u0148\",\"url\":\"https:\/\/genetika-plzen.nullable.group\/\",\"logo\":{\"@type\":\"ImageObject\",\"inLanguage\":\"en-GB\",\"@id\":\"https:\/\/genetika-plzen.nullable.group\/#\/schema\/logo\/image\/\",\"url\":\"https:\/\/genetika-plzen.nullable.group\/wp-content\/uploads\/2022\/07\/logo2.svg\",\"contentUrl\":\"https:\/\/genetika-plzen.nullable.group\/wp-content\/uploads\/2022\/07\/logo2.svg\",\"width\":286,\"height\":95,\"caption\":\"Genetika Plze\u0148\"},\"image\":{\"@id\":\"https:\/\/genetika-plzen.nullable.group\/#\/schema\/logo\/image\/\"}}]}<\/script>\n<!-- \/ Yoast SEO plugin. -->","yoast_head_json":{"title":"PGT-A: Preimplanta\u010dn\u00ed Genetick\u00e9 testov\u00e1n\u00ed Aneuploidi\u00ed | Genetika Plze\u0148","robots":{"index":"index","follow":"follow","max-snippet":"max-snippet:-1","max-image-preview":"max-image-preview:large","max-video-preview":"max-video-preview:-1"},"canonical":"https:\/\/genetika-plzen.nullable.group\/en\/vysetreni-reprodukcni-genetiky\/pgt-a-preimplantacni-geneticke-testovani-aneuploidii\/","og_locale":"en_GB","og_type":"article","og_title":"PGT-A: Preimplanta\u010dn\u00ed Genetick\u00e9 testov\u00e1n\u00ed Aneuploidi\u00ed | Genetika Plze\u0148","og_description":"star\u0161\u00ed n\u00e1zev PGS:&nbsp;Preimplanta\u010dn\u00ed Genetick\u00fd Screening Preimplanta\u010dn\u00ed genetick\u00fd screening (PGS&nbsp;(PGT-A)) je vy\u0161et\u0159en\u00ed zam\u011b\u0159en\u00e9 na&nbsp;chromosomovou v\u00fdbavu embrya. Je toti\u017e zn\u00e1mo, \u017ee jednou z&nbsp;hlavn\u00edch p\u0159\u00ed\u010din poruch plodnosti u&nbsp;lid\u00ed je vznik embry\u00ed s&nbsp;abnorm\u00e1ln\u00ed chromosomovou sadou. Takov\u00e1 embrya bu\u010f v\u016fbec nevedou k&nbsp;t\u011bhotenstv\u00ed (neimplantuj\u00ed do&nbsp;d\u011blo\u017en\u00ed sliznice) nebo&nbsp;vedou k&nbsp;potrat\u016fm \u010di, v&nbsp;krajn\u00edm p\u0159\u00edpad\u011b, k&nbsp;narozen\u00ed posti\u017een\u00e9ho d\u00edt\u011bte. Pomoc\u00ed PGS&nbsp;(PGT-A) lze odli\u0161it embrya s&nbsp;norm\u00e1ln\u00edm chromosomov\u00fdm [&hellip;]","og_url":"https:\/\/genetika-plzen.nullable.group\/en\/vysetreni-reprodukcni-genetiky\/pgt-a-preimplantacni-geneticke-testovani-aneuploidii\/","og_site_name":"Genetika Plze\u0148","article_modified_time":"2024-02-15T17:37:31+00:00","og_image":[{"url":"https:\/\/genetika-plzen.nullable.group\/wp-content\/uploads\/2024\/02\/priklad_vysledku_NGS.png"}],"twitter_card":"summary_large_image","schema":{"@context":"https:\/\/schema.org","@graph":[{"@type":"WebPage","@id":"https:\/\/genetika-plzen.nullable.group\/de\/vysetreni-reprodukcni-genetiky\/pgt-a-preimplantacni-geneticke-testovani-aneuploidii\/","url":"https:\/\/genetika-plzen.nullable.group\/de\/vysetreni-reprodukcni-genetiky\/pgt-a-preimplantacni-geneticke-testovani-aneuploidii\/","name":"PGT-A: Preimplanta\u010dn\u00ed Genetick\u00e9 testov\u00e1n\u00ed Aneuploidi\u00ed | Genetika Plze\u0148","isPartOf":{"@id":"https:\/\/genetika-plzen.nullable.group\/#website"},"datePublished":"2024-02-15T17:18:28+00:00","dateModified":"2024-02-15T17:37:31+00:00","breadcrumb":{"@id":"https:\/\/genetika-plzen.nullable.group\/de\/vysetreni-reprodukcni-genetiky\/pgt-a-preimplantacni-geneticke-testovani-aneuploidii\/#breadcrumb"},"inLanguage":"en-GB","potentialAction":[{"@type":"ReadAction","target":["https:\/\/genetika-plzen.nullable.group\/de\/vysetreni-reprodukcni-genetiky\/pgt-a-preimplantacni-geneticke-testovani-aneuploidii\/"]}]},{"@type":"BreadcrumbList","@id":"https:\/\/genetika-plzen.nullable.group\/de\/vysetreni-reprodukcni-genetiky\/pgt-a-preimplantacni-geneticke-testovani-aneuploidii\/#breadcrumb","itemListElement":[{"@type":"ListItem","position":1,"name":"Home","item":"https:\/\/genetika-plzen.nullable.group\/"},{"@type":"ListItem","position":2,"name":"Vy\u0161et\u0159en\u00ed reproduk\u010dn\u00ed genetiky","item":"https:\/\/genetika-plzen.nullable.group\/vysetreni-reprodukcni-genetiky\/"},{"@type":"ListItem","position":3,"name":"PGT-A: Preimplanta\u010dn\u00ed Genetick\u00e9 testov\u00e1n\u00ed Aneuploidi\u00ed"}]},{"@type":"WebSite","@id":"https:\/\/genetika-plzen.nullable.group\/#website","url":"https:\/\/genetika-plzen.nullable.group\/","name":"Genetika Plze\u0148","description":"Genetika Plze\u0148","publisher":{"@id":"https:\/\/genetika-plzen.nullable.group\/#organization"},"potentialAction":[{"@type":"SearchAction","target":{"@type":"EntryPoint","urlTemplate":"https:\/\/genetika-plzen.nullable.group\/?s={search_term_string}"},"query-input":"required name=search_term_string"}],"inLanguage":"en-GB"},{"@type":"Organization","@id":"https:\/\/genetika-plzen.nullable.group\/#organization","name":"Genetika Plze\u0148","url":"https:\/\/genetika-plzen.nullable.group\/","logo":{"@type":"ImageObject","inLanguage":"en-GB","@id":"https:\/\/genetika-plzen.nullable.group\/#\/schema\/logo\/image\/","url":"https:\/\/genetika-plzen.nullable.group\/wp-content\/uploads\/2022\/07\/logo2.svg","contentUrl":"https:\/\/genetika-plzen.nullable.group\/wp-content\/uploads\/2022\/07\/logo2.svg","width":286,"height":95,"caption":"Genetika Plze\u0148"},"image":{"@id":"https:\/\/genetika-plzen.nullable.group\/#\/schema\/logo\/image\/"}}]}},"_links":{"self":[{"href":"https:\/\/genetika-plzen.nullable.group\/en\/wp-json\/wp\/v2\/pages\/7722","targetHints":{"allow":["GET"]}}],"collection":[{"href":"https:\/\/genetika-plzen.nullable.group\/en\/wp-json\/wp\/v2\/pages"}],"about":[{"href":"https:\/\/genetika-plzen.nullable.group\/en\/wp-json\/wp\/v2\/types\/page"}],"author":[{"embeddable":true,"href":"https:\/\/genetika-plzen.nullable.group\/en\/wp-json\/wp\/v2\/users\/9"}],"replies":[{"embeddable":true,"href":"https:\/\/genetika-plzen.nullable.group\/en\/wp-json\/wp\/v2\/comments?post=7722"}],"version-history":[{"count":13,"href":"https:\/\/genetika-plzen.nullable.group\/en\/wp-json\/wp\/v2\/pages\/7722\/revisions"}],"predecessor-version":[{"id":7805,"href":"https:\/\/genetika-plzen.nullable.group\/en\/wp-json\/wp\/v2\/pages\/7722\/revisions\/7805"}],"up":[{"embeddable":true,"href":"https:\/\/genetika-plzen.nullable.group\/en\/wp-json\/wp\/v2\/pages\/7368"}],"wp:attachment":[{"href":"https:\/\/genetika-plzen.nullable.group\/en\/wp-json\/wp\/v2\/media?parent=7722"}],"wp:term":[{"taxonomy":"service-area","embeddable":true,"href":"https:\/\/genetika-plzen.nullable.group\/en\/wp-json\/wp\/v2\/service-area?post=7722"}],"curies":[{"name":"wp","href":"https:\/\/api.w.org\/{rel}","templated":true}]}}