{"id":7728,"date":"2024-02-15T18:20:38","date_gmt":"2024-02-15T17:20:38","guid":{"rendered":"https:\/\/genetika-plzen.nullable.group\/?page_id=7728"},"modified":"2024-02-15T22:32:31","modified_gmt":"2024-02-15T21:32:31","slug":"ngs-sekvenovani-nove-generace","status":"publish","type":"page","link":"https:\/\/genetika-plzen.nullable.group\/en\/vysetreni-reprodukcni-genetiky\/ngs-sekvenovani-nove-generace\/","title":{"rendered":"NGS: Next-Generation Sequencing"},"content":{"rendered":"<div data-elementor-type=\"wp-page\" data-elementor-id=\"7728\" class=\"elementor elementor-7728\">\n\t\t\t\t<div class=\"elementor-element elementor-element-d2c0bbd e-flex e-con-boxed e-con e-parent\" data-id=\"d2c0bbd\" data-element_type=\"container\" data-e-type=\"container\">\n\t\t\t\t\t<div class=\"e-con-inner\">\n\t\t\t\t<div class=\"elementor-element elementor-element-10f916f elementor-widget elementor-widget-spacer\" data-id=\"10f916f\" data-element_type=\"widget\" data-e-type=\"widget\" data-widget_type=\"spacer.default\">\n\t\t\t\t<div class=\"elementor-widget-container\">\n\t\t\t\t\t\t\t<div class=\"elementor-spacer\">\n\t\t\t<div class=\"elementor-spacer-inner\"><\/div>\n\t\t<\/div>\n\t\t\t\t\t\t<\/div>\n\t\t\t\t<\/div>\n\t\t\t\t\t<\/div>\n\t\t\t\t<\/div>\n\t\t<div class=\"elementor-element elementor-element-f934bc9 e-flex e-con-boxed e-con e-parent\" data-id=\"f934bc9\" data-element_type=\"container\" data-e-type=\"container\">\n\t\t\t\t\t<div class=\"e-con-inner\">\n\t\t\t\t<div class=\"elementor-element elementor-element-9b89d89 elementor-widget elementor-widget-text-editor\" data-id=\"9b89d89\" data-element_type=\"widget\" data-e-type=\"widget\" data-widget_type=\"text-editor.default\">\n\t\t\t\t<div class=\"elementor-widget-container\">\n\t\t\t\t\t\t\t\t\t<p>NGS is the latest molecular-genetic examination technique that allows efficient \"reading\" of a large number of genetic sequences (DNA segments) simultaneously. It is a method with great potential for further development and wide application in all types of genetic examinations (targeted sequences\/genes and the whole genome), including the possibility of combining them in one experiment. The NGS method (with so-called low coverage) can also be used for preimplantation genetic screening of chromosomal numerical changes (PGS (PGT-A)) or for preimplantation genetic testing of unbalanced forms of familial chromosomal rearrangements (PGT-SR) combined with screening for numerical changes of other chromosomes.<\/p>\n\n<p>When the analysis is performed on a trophectoderm sample, it is possible, due to higher sensitivity of quantification, improved dynamic range of changes, and better signal-to-background resolution, to more reliably assess the presence of mosaic changes (compared to previously performed examinations by array comparative genomic hybridization (aCGH)). The finding of a chromosomal aberration in a mosaic means that in the sample, or in the embryo from which the sample was taken, a normal (euploid) cell line and an aneuploid line are present. These changes are always associated with de novo chromosomal aberrations detected during PGS (PGT-A) testing. In a situation where there is no (remaining) embryo with a normal finding, the transfer of an embryo with a mosaic aberration may be considered after appropriate genetic consultation and signing of informed consent.<\/p>\n\n<p><strong>Principle of the NGS Method:<\/strong> DNA is extracted from the collected cells, and whole genome amplification (WGA) is then performed. Successfully amplified samples are enzymatically prepared into so-called \"libraries,\" suitable for simultaneous \"reading\" of many DNA sequences. Each sample\/library has its unique labeling, which allows the DNA of multiple individuals (embryos) to be analyzed in one experiment. The samples\/libraries are mixed in equal proportions, and the resulting library is then prepared for final sequencing. The sequencing itself involves the step-by-step synthesis of new complementary DNA strands to the read fragments. The read sequences are compared with the normal human genome using special software, and their genomic position is determined. After assigning sequences to individual samples, a quantitative evaluation of all chromosomes is performed.<\/p>\n\n<p><strong>Limitations of the NGS Method:<\/strong> The NGS method used with low coverage (low-pass whole genome sequencing) is limited by the size of chromosomal rearrangements. It cannot detect small losses or gains of chromosomes and cannot exclude any other diseases or developmental defects of the fetus that are not caused by changes in the number of examined chromosomes or their larger parts.<\/p>\n\n<h3>Schema of NGS Examination \u2013 PGT-A, PGT-SR<\/h3>\t\t\t\t\t\t\t\t<\/div>\n\t\t\t\t<\/div>\n\t\t\t\t\t<\/div>\n\t\t\t\t<\/div>\n\t\t<div class=\"elementor-element elementor-element-ad53c97 e-flex e-con-boxed e-con e-parent\" data-id=\"ad53c97\" data-element_type=\"container\" data-e-type=\"container\">\n\t\t\t\t\t<div class=\"e-con-inner\">\n\t\t\t\t<div class=\"elementor-element elementor-element-89c2fc1 elementor-widget elementor-widget-image\" data-id=\"89c2fc1\" data-element_type=\"widget\" data-e-type=\"widget\" data-widget_type=\"image.default\">\n\t\t\t\t<div class=\"elementor-widget-container\">\n\t\t\t\t\t\t\t\t\t\t\t\t\t\t\t<img fetchpriority=\"high\" decoding=\"async\" width=\"523\" height=\"178\" src=\"https:\/\/genetika-plzen.nullable.group\/wp-content\/uploads\/2024\/02\/schema_NGS.jpg\" class=\"attachment-large size-large wp-image-7734\" alt=\"\" srcset=\"https:\/\/genetika-plzen.nullable.group\/wp-content\/uploads\/2024\/02\/schema_NGS.jpg 523w, https:\/\/genetika-plzen.nullable.group\/wp-content\/uploads\/2024\/02\/schema_NGS-300x102.jpg 300w, https:\/\/genetika-plzen.nullable.group\/wp-content\/uploads\/2024\/02\/schema_NGS-18x6.jpg 18w\" sizes=\"(max-width: 523px) 100vw, 523px\" \/>\t\t\t\t\t\t\t\t\t\t\t\t\t\t\t<\/div>\n\t\t\t\t<\/div>\n\t\t\t\t\t<\/div>\n\t\t\t\t<\/div>\n\t\t<div class=\"elementor-element elementor-element-d584d25 e-flex e-con-boxed e-con e-parent\" data-id=\"d584d25\" data-element_type=\"container\" data-e-type=\"container\">\n\t\t\t\t\t<div class=\"e-con-inner\">\n\t\t\t\t<div class=\"elementor-element elementor-element-68fbeb1 elementor-widget elementor-widget-image-gallery\" data-id=\"68fbeb1\" data-element_type=\"widget\" data-e-type=\"widget\" data-widget_type=\"image-gallery.default\">\n\t\t\t\t<div class=\"elementor-widget-container\">\n\t\t\t\t\t\t\t<div class=\"elementor-image-gallery\">\n\t\t\t<div id='gallery-1' class='gallery galleryid-7728 gallery-columns-4 gallery-size-thumbnail'><figure class='gallery-item'>\n\t\t\t<div class='gallery-icon landscape'>\n\t\t\t\t<a data-elementor-open-lightbox=\"yes\" data-elementor-lightbox-slideshow=\"68fbeb1\" data-elementor-lightbox-title=\"ngs1\" data-e-action-hash=\"#elementor-action%3Aaction%3Dlightbox%26settings%3DeyJpZCI6NzczNSwidXJsIjoiaHR0cHM6XC9cL2dlbmV0aWthLXBsemVuLm51bGxhYmxlLmdyb3VwXC93cC1jb250ZW50XC91cGxvYWRzXC8yMDI0XC8wMlwvbmdzMS5wbmciLCJzbGlkZXNob3ciOiI2OGZiZWIxIn0%3D\" href='https:\/\/genetika-plzen.nullable.group\/wp-content\/uploads\/2024\/02\/ngs1.png'><img decoding=\"async\" width=\"150\" height=\"150\" src=\"https:\/\/genetika-plzen.nullable.group\/wp-content\/uploads\/2024\/02\/ngs1-150x150.png\" class=\"attachment-thumbnail size-thumbnail\" alt=\"\" srcset=\"https:\/\/genetika-plzen.nullable.group\/wp-content\/uploads\/2024\/02\/ngs1-150x150.png 150w, https:\/\/genetika-plzen.nullable.group\/wp-content\/uploads\/2024\/02\/ngs1-300x300.png 300w, https:\/\/genetika-plzen.nullable.group\/wp-content\/uploads\/2024\/02\/ngs1-12x12.png 12w, https:\/\/genetika-plzen.nullable.group\/wp-content\/uploads\/2024\/02\/ngs1.png 383w\" sizes=\"(max-width: 150px) 100vw, 150px\" \/><\/a>\n\t\t\t<\/div><\/figure><figure class='gallery-item'>\n\t\t\t<div class='gallery-icon landscape'>\n\t\t\t\t<a data-elementor-open-lightbox=\"yes\" data-elementor-lightbox-slideshow=\"68fbeb1\" data-elementor-lightbox-title=\"ngs2\" data-e-action-hash=\"#elementor-action%3Aaction%3Dlightbox%26settings%3DeyJpZCI6NzczNiwidXJsIjoiaHR0cHM6XC9cL2dlbmV0aWthLXBsemVuLm51bGxhYmxlLmdyb3VwXC93cC1jb250ZW50XC91cGxvYWRzXC8yMDI0XC8wMlwvbmdzMi5qcGciLCJzbGlkZXNob3ciOiI2OGZiZWIxIn0%3D\" href='https:\/\/genetika-plzen.nullable.group\/wp-content\/uploads\/2024\/02\/ngs2.jpg'><img decoding=\"async\" width=\"150\" height=\"150\" src=\"https:\/\/genetika-plzen.nullable.group\/wp-content\/uploads\/2024\/02\/ngs2-150x150.jpg\" class=\"attachment-thumbnail size-thumbnail\" alt=\"\" \/><\/a>\n\t\t\t<\/div><\/figure><figure class='gallery-item'>\n\t\t\t<div class='gallery-icon landscape'>\n\t\t\t\t<a data-elementor-open-lightbox=\"yes\" data-elementor-lightbox-slideshow=\"68fbeb1\" data-elementor-lightbox-title=\"ngs3\" data-e-action-hash=\"#elementor-action%3Aaction%3Dlightbox%26settings%3DeyJpZCI6NzczNywidXJsIjoiaHR0cHM6XC9cL2dlbmV0aWthLXBsemVuLm51bGxhYmxlLmdyb3VwXC93cC1jb250ZW50XC91cGxvYWRzXC8yMDI0XC8wMlwvbmdzMy5qcGciLCJzbGlkZXNob3ciOiI2OGZiZWIxIn0%3D\" href='https:\/\/genetika-plzen.nullable.group\/wp-content\/uploads\/2024\/02\/ngs3.jpg'><img loading=\"lazy\" decoding=\"async\" width=\"150\" height=\"150\" src=\"https:\/\/genetika-plzen.nullable.group\/wp-content\/uploads\/2024\/02\/ngs3-150x150.jpg\" class=\"attachment-thumbnail size-thumbnail\" alt=\"\" \/><\/a>\n\t\t\t<\/div><\/figure><figure class='gallery-item'>\n\t\t\t<div class='gallery-icon landscape'>\n\t\t\t\t<a data-elementor-open-lightbox=\"yes\" data-elementor-lightbox-slideshow=\"68fbeb1\" data-elementor-lightbox-title=\"ngs4\" data-e-action-hash=\"#elementor-action%3Aaction%3Dlightbox%26settings%3DeyJpZCI6NzczOCwidXJsIjoiaHR0cHM6XC9cL2dlbmV0aWthLXBsemVuLm51bGxhYmxlLmdyb3VwXC93cC1jb250ZW50XC91cGxvYWRzXC8yMDI0XC8wMlwvbmdzNC5qcGciLCJzbGlkZXNob3ciOiI2OGZiZWIxIn0%3D\" href='https:\/\/genetika-plzen.nullable.group\/wp-content\/uploads\/2024\/02\/ngs4.jpg'><img loading=\"lazy\" decoding=\"async\" width=\"150\" height=\"150\" src=\"https:\/\/genetika-plzen.nullable.group\/wp-content\/uploads\/2024\/02\/ngs4-150x150.jpg\" class=\"attachment-thumbnail size-thumbnail\" alt=\"\" \/><\/a>\n\t\t\t<\/div><\/figure>\n\t\t<\/div>\n\t\t<\/div>\n\t\t\t\t\t\t<\/div>\n\t\t\t\t<\/div>\n\t\t\t\t\t<\/div>\n\t\t\t\t<\/div>\n\t\t<div class=\"elementor-element elementor-element-2978153 e-flex e-con-boxed e-con e-parent\" data-id=\"2978153\" data-element_type=\"container\" data-e-type=\"container\">\n\t\t\t\t\t<div class=\"e-con-inner\">\n\t\t\t\t<div class=\"elementor-element elementor-element-af40f73 elementor-widget elementor-widget-spacer\" data-id=\"af40f73\" data-element_type=\"widget\" data-e-type=\"widget\" data-widget_type=\"spacer.default\">\n\t\t\t\t<div class=\"elementor-widget-container\">\n\t\t\t\t\t\t\t<div class=\"elementor-spacer\">\n\t\t\t<div class=\"elementor-spacer-inner\"><\/div>\n\t\t<\/div>\n\t\t\t\t\t\t<\/div>\n\t\t\t\t<\/div>\n\t\t\t\t\t<\/div>\n\t\t\t\t<\/div>\n\t\t\t\t<\/div>","protected":false},"excerpt":{"rendered":"<p>NGS&nbsp;je nejnov\u011bj\u0161\u00ed technika molekul\u00e1rn\u011b-genetick\u00e9ho vy\u0161et\u0159en\u00ed, kter\u00e1 umo\u017e\u0148uje efektivn\u00ed \u201e\u010dten\u00ed\u201c velk\u00e9ho mno\u017estv\u00ed genetick\u00fdch sekvenc\u00ed (\u00fasek\u016f DNA) najednou. Je to metoda s&nbsp;velk\u00fdm potenci\u00e1lem dal\u0161\u00edho rozvoje a&nbsp;\u0161irok\u00e9ho uplatn\u011bn\u00ed u&nbsp;v\u0161ech typ\u016f genetick\u00fdch vy\u0161et\u0159en\u00ed (c\u00edlen\u00fdch sekvenc\u00ed\/gen\u016f i&nbsp;cel\u00e9ho genomu), v\u010detn\u011b mo\u017enosti jejich kombinov\u00e1n\u00ed v&nbsp;jednom experimentu. Metodu NGS&nbsp;(s tzv. n\u00edzk\u00fdm pokryt\u00edm) lze pou\u017e\u00edt i&nbsp;pro&nbsp;preimplanta\u010dn\u00ed genetick\u00fd screening po\u010detn\u00edch zm\u011bn chromosom\u016f (PGS&nbsp;(PGT-A)) nebo&nbsp;pro&nbsp;preimplanta\u010dn\u00ed genetick\u00e9 [&hellip;]<\/p>","protected":false},"author":9,"featured_media":0,"parent":7368,"menu_order":0,"comment_status":"closed","ping_status":"closed","template":"","meta":{"footnotes":""},"service-area":[32],"class_list":["post-7728","page","type-page","status-publish","hentry","service-area-vysetreni-reprodukcni-genetiky"],"yoast_head":"<!-- This site is optimized with the Yoast SEO plugin v20.2 - https:\/\/yoast.com\/wordpress\/plugins\/seo\/ -->\n<title>NGS: Sekvenov\u00e1n\u00ed Nov\u00e9 Generace | Genetika Plze\u0148<\/title>\n<meta name=\"robots\" content=\"index, follow, max-snippet:-1, max-image-preview:large, max-video-preview:-1\" \/>\n<link rel=\"canonical\" href=\"https:\/\/genetika-plzen.nullable.group\/en\/vysetreni-reprodukcni-genetiky\/ngs-sekvenovani-nove-generace\/\" \/>\n<meta property=\"og:locale\" content=\"en_GB\" \/>\n<meta property=\"og:type\" content=\"article\" \/>\n<meta property=\"og:title\" content=\"NGS: Sekvenov\u00e1n\u00ed Nov\u00e9 Generace | Genetika Plze\u0148\" \/>\n<meta property=\"og:description\" content=\"NGS&nbsp;je nejnov\u011bj\u0161\u00ed technika molekul\u00e1rn\u011b-genetick\u00e9ho vy\u0161et\u0159en\u00ed, kter\u00e1 umo\u017e\u0148uje efektivn\u00ed \u201e\u010dten\u00ed\u201c velk\u00e9ho mno\u017estv\u00ed genetick\u00fdch sekvenc\u00ed (\u00fasek\u016f DNA) najednou. Je to metoda s&nbsp;velk\u00fdm potenci\u00e1lem dal\u0161\u00edho rozvoje a&nbsp;\u0161irok\u00e9ho uplatn\u011bn\u00ed u&nbsp;v\u0161ech typ\u016f genetick\u00fdch vy\u0161et\u0159en\u00ed (c\u00edlen\u00fdch sekvenc\u00ed\/gen\u016f i&nbsp;cel\u00e9ho genomu), v\u010detn\u011b mo\u017enosti jejich kombinov\u00e1n\u00ed v&nbsp;jednom experimentu. Metodu NGS&nbsp;(s tzv. n\u00edzk\u00fdm pokryt\u00edm) lze pou\u017e\u00edt i&nbsp;pro&nbsp;preimplanta\u010dn\u00ed genetick\u00fd screening po\u010detn\u00edch zm\u011bn chromosom\u016f (PGS&nbsp;(PGT-A)) nebo&nbsp;pro&nbsp;preimplanta\u010dn\u00ed genetick\u00e9 [&hellip;]\" \/>\n<meta property=\"og:url\" content=\"https:\/\/genetika-plzen.nullable.group\/en\/vysetreni-reprodukcni-genetiky\/ngs-sekvenovani-nove-generace\/\" \/>\n<meta property=\"og:site_name\" content=\"Genetika Plze\u0148\" \/>\n<meta property=\"article:modified_time\" content=\"2024-02-15T21:32:31+00:00\" \/>\n<meta property=\"og:image\" content=\"https:\/\/genetika-plzen.nullable.group\/wp-content\/uploads\/2024\/02\/schema_NGS.jpg\" \/>\n<meta name=\"twitter:card\" content=\"summary_large_image\" \/>\n<meta name=\"twitter:label1\" content=\"Estimated reading time\" \/>\n\t<meta name=\"twitter:data1\" content=\"3 minutes\" \/>\n<script type=\"application\/ld+json\" class=\"yoast-schema-graph\">{\"@context\":\"https:\/\/schema.org\",\"@graph\":[{\"@type\":\"WebPage\",\"@id\":\"https:\/\/genetika-plzen.nullable.group\/vysetreni-reprodukcni-genetiky\/ngs-sekvenovani-nove-generace\/\",\"url\":\"https:\/\/genetika-plzen.nullable.group\/vysetreni-reprodukcni-genetiky\/ngs-sekvenovani-nove-generace\/\",\"name\":\"NGS: Sekvenov\u00e1n\u00ed Nov\u00e9 Generace | Genetika Plze\u0148\",\"isPartOf\":{\"@id\":\"https:\/\/genetika-plzen.nullable.group\/#website\"},\"datePublished\":\"2024-02-15T17:20:38+00:00\",\"dateModified\":\"2024-02-15T21:32:31+00:00\",\"breadcrumb\":{\"@id\":\"https:\/\/genetika-plzen.nullable.group\/vysetreni-reprodukcni-genetiky\/ngs-sekvenovani-nove-generace\/#breadcrumb\"},\"inLanguage\":\"en-GB\",\"potentialAction\":[{\"@type\":\"ReadAction\",\"target\":[\"https:\/\/genetika-plzen.nullable.group\/vysetreni-reprodukcni-genetiky\/ngs-sekvenovani-nove-generace\/\"]}]},{\"@type\":\"BreadcrumbList\",\"@id\":\"https:\/\/genetika-plzen.nullable.group\/vysetreni-reprodukcni-genetiky\/ngs-sekvenovani-nove-generace\/#breadcrumb\",\"itemListElement\":[{\"@type\":\"ListItem\",\"position\":1,\"name\":\"Home\",\"item\":\"https:\/\/genetika-plzen.nullable.group\/\"},{\"@type\":\"ListItem\",\"position\":2,\"name\":\"Vy\u0161et\u0159en\u00ed reproduk\u010dn\u00ed genetiky\",\"item\":\"https:\/\/genetika-plzen.nullable.group\/vysetreni-reprodukcni-genetiky\/\"},{\"@type\":\"ListItem\",\"position\":3,\"name\":\"NGS: Sekvenov\u00e1n\u00ed Nov\u00e9 Generace\"}]},{\"@type\":\"WebSite\",\"@id\":\"https:\/\/genetika-plzen.nullable.group\/#website\",\"url\":\"https:\/\/genetika-plzen.nullable.group\/\",\"name\":\"Genetika Plze\u0148\",\"description\":\"Genetika Plze\u0148\",\"publisher\":{\"@id\":\"https:\/\/genetika-plzen.nullable.group\/#organization\"},\"potentialAction\":[{\"@type\":\"SearchAction\",\"target\":{\"@type\":\"EntryPoint\",\"urlTemplate\":\"https:\/\/genetika-plzen.nullable.group\/?s={search_term_string}\"},\"query-input\":\"required name=search_term_string\"}],\"inLanguage\":\"en-GB\"},{\"@type\":\"Organization\",\"@id\":\"https:\/\/genetika-plzen.nullable.group\/#organization\",\"name\":\"Genetika Plze\u0148\",\"url\":\"https:\/\/genetika-plzen.nullable.group\/\",\"logo\":{\"@type\":\"ImageObject\",\"inLanguage\":\"en-GB\",\"@id\":\"https:\/\/genetika-plzen.nullable.group\/#\/schema\/logo\/image\/\",\"url\":\"https:\/\/genetika-plzen.nullable.group\/wp-content\/uploads\/2022\/07\/logo2.svg\",\"contentUrl\":\"https:\/\/genetika-plzen.nullable.group\/wp-content\/uploads\/2022\/07\/logo2.svg\",\"width\":286,\"height\":95,\"caption\":\"Genetika Plze\u0148\"},\"image\":{\"@id\":\"https:\/\/genetika-plzen.nullable.group\/#\/schema\/logo\/image\/\"}}]}<\/script>\n<!-- \/ Yoast SEO plugin. -->","yoast_head_json":{"title":"NGS: Sekvenov\u00e1n\u00ed Nov\u00e9 Generace | Genetika Plze\u0148","robots":{"index":"index","follow":"follow","max-snippet":"max-snippet:-1","max-image-preview":"max-image-preview:large","max-video-preview":"max-video-preview:-1"},"canonical":"https:\/\/genetika-plzen.nullable.group\/en\/vysetreni-reprodukcni-genetiky\/ngs-sekvenovani-nove-generace\/","og_locale":"en_GB","og_type":"article","og_title":"NGS: Sekvenov\u00e1n\u00ed Nov\u00e9 Generace | Genetika Plze\u0148","og_description":"NGS&nbsp;je nejnov\u011bj\u0161\u00ed technika molekul\u00e1rn\u011b-genetick\u00e9ho vy\u0161et\u0159en\u00ed, kter\u00e1 umo\u017e\u0148uje efektivn\u00ed \u201e\u010dten\u00ed\u201c velk\u00e9ho mno\u017estv\u00ed genetick\u00fdch sekvenc\u00ed (\u00fasek\u016f DNA) najednou. Je to metoda s&nbsp;velk\u00fdm potenci\u00e1lem dal\u0161\u00edho rozvoje a&nbsp;\u0161irok\u00e9ho uplatn\u011bn\u00ed u&nbsp;v\u0161ech typ\u016f genetick\u00fdch vy\u0161et\u0159en\u00ed (c\u00edlen\u00fdch sekvenc\u00ed\/gen\u016f i&nbsp;cel\u00e9ho genomu), v\u010detn\u011b mo\u017enosti jejich kombinov\u00e1n\u00ed v&nbsp;jednom experimentu. Metodu NGS&nbsp;(s tzv. n\u00edzk\u00fdm pokryt\u00edm) lze pou\u017e\u00edt i&nbsp;pro&nbsp;preimplanta\u010dn\u00ed genetick\u00fd screening po\u010detn\u00edch zm\u011bn chromosom\u016f (PGS&nbsp;(PGT-A)) nebo&nbsp;pro&nbsp;preimplanta\u010dn\u00ed genetick\u00e9 [&hellip;]","og_url":"https:\/\/genetika-plzen.nullable.group\/en\/vysetreni-reprodukcni-genetiky\/ngs-sekvenovani-nove-generace\/","og_site_name":"Genetika Plze\u0148","article_modified_time":"2024-02-15T21:32:31+00:00","og_image":[{"url":"https:\/\/genetika-plzen.nullable.group\/wp-content\/uploads\/2024\/02\/schema_NGS.jpg"}],"twitter_card":"summary_large_image","twitter_misc":{"Estimated reading time":"3 minutes"},"schema":{"@context":"https:\/\/schema.org","@graph":[{"@type":"WebPage","@id":"https:\/\/genetika-plzen.nullable.group\/vysetreni-reprodukcni-genetiky\/ngs-sekvenovani-nove-generace\/","url":"https:\/\/genetika-plzen.nullable.group\/vysetreni-reprodukcni-genetiky\/ngs-sekvenovani-nove-generace\/","name":"NGS: Sekvenov\u00e1n\u00ed Nov\u00e9 Generace | Genetika Plze\u0148","isPartOf":{"@id":"https:\/\/genetika-plzen.nullable.group\/#website"},"datePublished":"2024-02-15T17:20:38+00:00","dateModified":"2024-02-15T21:32:31+00:00","breadcrumb":{"@id":"https:\/\/genetika-plzen.nullable.group\/vysetreni-reprodukcni-genetiky\/ngs-sekvenovani-nove-generace\/#breadcrumb"},"inLanguage":"en-GB","potentialAction":[{"@type":"ReadAction","target":["https:\/\/genetika-plzen.nullable.group\/vysetreni-reprodukcni-genetiky\/ngs-sekvenovani-nove-generace\/"]}]},{"@type":"BreadcrumbList","@id":"https:\/\/genetika-plzen.nullable.group\/vysetreni-reprodukcni-genetiky\/ngs-sekvenovani-nove-generace\/#breadcrumb","itemListElement":[{"@type":"ListItem","position":1,"name":"Home","item":"https:\/\/genetika-plzen.nullable.group\/"},{"@type":"ListItem","position":2,"name":"Vy\u0161et\u0159en\u00ed reproduk\u010dn\u00ed genetiky","item":"https:\/\/genetika-plzen.nullable.group\/vysetreni-reprodukcni-genetiky\/"},{"@type":"ListItem","position":3,"name":"NGS: Sekvenov\u00e1n\u00ed Nov\u00e9 Generace"}]},{"@type":"WebSite","@id":"https:\/\/genetika-plzen.nullable.group\/#website","url":"https:\/\/genetika-plzen.nullable.group\/","name":"Genetika Plze\u0148","description":"Genetika Plze\u0148","publisher":{"@id":"https:\/\/genetika-plzen.nullable.group\/#organization"},"potentialAction":[{"@type":"SearchAction","target":{"@type":"EntryPoint","urlTemplate":"https:\/\/genetika-plzen.nullable.group\/?s={search_term_string}"},"query-input":"required name=search_term_string"}],"inLanguage":"en-GB"},{"@type":"Organization","@id":"https:\/\/genetika-plzen.nullable.group\/#organization","name":"Genetika Plze\u0148","url":"https:\/\/genetika-plzen.nullable.group\/","logo":{"@type":"ImageObject","inLanguage":"en-GB","@id":"https:\/\/genetika-plzen.nullable.group\/#\/schema\/logo\/image\/","url":"https:\/\/genetika-plzen.nullable.group\/wp-content\/uploads\/2022\/07\/logo2.svg","contentUrl":"https:\/\/genetika-plzen.nullable.group\/wp-content\/uploads\/2022\/07\/logo2.svg","width":286,"height":95,"caption":"Genetika Plze\u0148"},"image":{"@id":"https:\/\/genetika-plzen.nullable.group\/#\/schema\/logo\/image\/"}}]}},"_links":{"self":[{"href":"https:\/\/genetika-plzen.nullable.group\/en\/wp-json\/wp\/v2\/pages\/7728","targetHints":{"allow":["GET"]}}],"collection":[{"href":"https:\/\/genetika-plzen.nullable.group\/en\/wp-json\/wp\/v2\/pages"}],"about":[{"href":"https:\/\/genetika-plzen.nullable.group\/en\/wp-json\/wp\/v2\/types\/page"}],"author":[{"embeddable":true,"href":"https:\/\/genetika-plzen.nullable.group\/en\/wp-json\/wp\/v2\/users\/9"}],"replies":[{"embeddable":true,"href":"https:\/\/genetika-plzen.nullable.group\/en\/wp-json\/wp\/v2\/comments?post=7728"}],"version-history":[{"count":10,"href":"https:\/\/genetika-plzen.nullable.group\/en\/wp-json\/wp\/v2\/pages\/7728\/revisions"}],"predecessor-version":[{"id":7868,"href":"https:\/\/genetika-plzen.nullable.group\/en\/wp-json\/wp\/v2\/pages\/7728\/revisions\/7868"}],"up":[{"embeddable":true,"href":"https:\/\/genetika-plzen.nullable.group\/en\/wp-json\/wp\/v2\/pages\/7368"}],"wp:attachment":[{"href":"https:\/\/genetika-plzen.nullable.group\/en\/wp-json\/wp\/v2\/media?parent=7728"}],"wp:term":[{"taxonomy":"service-area","embeddable":true,"href":"https:\/\/genetika-plzen.nullable.group\/en\/wp-json\/wp\/v2\/service-area?post=7728"}],"curies":[{"name":"wp","href":"https:\/\/api.w.org\/{rel}","templated":true}]}}