{"id":7797,"date":"2024-02-15T18:36:45","date_gmt":"2024-02-15T17:36:45","guid":{"rendered":"https:\/\/genetika-plzen.nullable.group\/?page_id=7797"},"modified":"2025-09-16T04:09:06","modified_gmt":"2025-09-16T02:09:06","slug":"prubeh-terapie-s-preimplantacnim-genetickym-vysetrenim","status":"publish","type":"page","link":"https:\/\/genetika-plzen.nullable.group\/en\/vysetreni-reprodukcni-genetiky\/prubeh-terapie-s-preimplantacnim-genetickym-vysetrenim\/","title":{"rendered":"Course of therapy with preimplantation genetic testing"},"content":{"rendered":"<div data-elementor-type=\"wp-page\" data-elementor-id=\"7797\" class=\"elementor elementor-7797\">\n\t\t\t\t<div class=\"elementor-element elementor-element-b2d01ab e-flex e-con-boxed e-con e-parent\" data-id=\"b2d01ab\" data-element_type=\"container\" data-e-type=\"container\">\n\t\t\t\t\t<div class=\"e-con-inner\">\n\t\t\t\t<div class=\"elementor-element elementor-element-c4b80bb elementor-widget elementor-widget-spacer\" data-id=\"c4b80bb\" data-element_type=\"widget\" data-e-type=\"widget\" data-widget_type=\"spacer.default\">\n\t\t\t\t<div class=\"elementor-widget-container\">\n\t\t\t\t\t\t\t<div class=\"elementor-spacer\">\n\t\t\t<div class=\"elementor-spacer-inner\"><\/div>\n\t\t<\/div>\n\t\t\t\t\t\t<\/div>\n\t\t\t\t<\/div>\n\t\t\t\t\t<\/div>\n\t\t\t\t<\/div>\n\t\t<div class=\"elementor-element elementor-element-85560a5 e-flex e-con-boxed e-con e-parent\" data-id=\"85560a5\" data-element_type=\"container\" data-e-type=\"container\">\n\t\t\t\t\t<div class=\"e-con-inner\">\n\t\t\t\t<div class=\"elementor-element elementor-element-2da3f74 elementor-widget elementor-widget-text-editor\" data-id=\"2da3f74\" data-element_type=\"widget\" data-e-type=\"widget\" data-widget_type=\"text-editor.default\">\n\t\t\t\t<div class=\"elementor-widget-container\">\n\t\t\t\t\t\t\t\t\t<h2>First contact with our IVF center\u00a0<\/h2><p>First, you will schedule an initial consultation at\u00a0<a href=\"https:\/\/www.next-fertilitypilsen.cz\/\">Next Fertility IVF Prof. Zech Pilsen, s.r.o.<\/a>.<\/p><h2>Consultation at the IVF center\u00a0<\/h2><p>You will attend the initial consultation at the IVF center with your partner and discuss all treatment options with the doctor. During the first visit, blood tests, a sperm analysis of the partner, and a gynecological examination including ultrasound are usually performed. The couple is thoroughly informed about the course, costs, and risks of IVF therapy with genetic testing. Depending on the couple's individual situation, a consultation with a clinical geneticist may also be recommended by the doctor, which can be arranged and conducted either at the IVF <a href=\"https:\/\/www.next-fertilitypilsen.cz\/de\/\" target=\"_blank\" rel=\"noopener\">centru\u00a0<\/a>\u00a0or at the outpatient clinic <a href=\"https:\/\/genetika-plzen.nullable.group\/en\/genetika-plzen\/\" target=\"_blank\" rel=\"noopener\">Genetics Pilsen<\/a><\/p><h2>Selection of the most suitable procedure\u00a0<\/h2><p>The attending physician, along with a geneticist, will recommend the most suitable examination procedure and explain the entire process in detail. For some types of PGT (e.g., for monogenic diseases), it is necessary to collect blood samples from both partners, and possibly other designated family members, for the preparation of genetic testing of embryos (so-called \"set-up\").<\/p><h2>IVF cycle\u00a0<\/h2><p>At the beginning of the therapy, a plan will be issued and explained to you, according to which you will take medication to stimulate the ovaries so that more follicles mature than in a natural cycle. Based on ultrasound checks, the date for the puncture, or egg retrieval, is set. The eggs are then fertilized in the IVF laboratory with selected sperm from the partner. The fertilized eggs are placed in an incubator where they are allowed to develop to the blastocyst stage.<\/p><h2>Sample collection for genetic testing\u00a0<\/h2><p>During cultivation, cells needed for genetic testing are taken from the embryo or, if necessary, from the egg (standardly, we perform a <a href=\"https:\/\/www.genetika-plzen.cz\/vysetreni\/vysetrovane-tkane\" target=\"_blank\" rel=\"noopener\">trophectoderm biopsy<\/a>). At the blastocyst stage, the embryos are frozen until the preimplantation testing results are available.<\/p><h2>Sample analysis in the genetic laboratory\u00a0<\/h2><p>In the genetic laboratory, the sample is analyzed using appropriate examination methods by qualified personnel, who are also responsible for interpreting the results and issuing the final report, which is then provided to your attending physician.<\/p><h2>Transfer of a healthy embryo into the mother's uterus\u00a0<\/h2><p>Based on the final report, your attending physician will inform you about the results of the genetic testing. They will review all the options and risks of the therapy with you again, and you will then have the opportunity to decide whether the transfer of the embryo selected based on genetic analysis will take place. Depending on the couple's individual situation, a consultation with a clinical geneticist may again be recommended by the doctor, which can be arranged and conducted either directly at <a href=\"https:\/\/www.next-fertilitypilsen.cz\/\">Next Fertility IVF Prof.\u00a0Zech Pilsen, s.r.o.<\/a>\u00a0or at\u00a0<a href=\"\/en\/\" target=\"_blank\" rel=\"noopener\">Genetics Pilsen<\/a>.<\/p>\t\t\t\t\t\t\t\t<\/div>\n\t\t\t\t<\/div>\n\t\t\t\t\t<\/div>\n\t\t\t\t<\/div>\n\t\t<div class=\"elementor-element elementor-element-c71eaf2 e-flex e-con-boxed e-con e-parent\" data-id=\"c71eaf2\" data-element_type=\"container\" data-e-type=\"container\">\n\t\t\t\t\t<div class=\"e-con-inner\">\n\t\t\t\t<div class=\"elementor-element elementor-element-5285917 elementor-widget elementor-widget-spacer\" data-id=\"5285917\" data-element_type=\"widget\" data-e-type=\"widget\" data-widget_type=\"spacer.default\">\n\t\t\t\t<div class=\"elementor-widget-container\">\n\t\t\t\t\t\t\t<div class=\"elementor-spacer\">\n\t\t\t<div class=\"elementor-spacer-inner\"><\/div>\n\t\t<\/div>\n\t\t\t\t\t\t<\/div>\n\t\t\t\t<\/div>\n\t\t\t\t\t<\/div>\n\t\t\t\t<\/div>\n\t\t\t\t<\/div>","protected":false},"excerpt":{"rendered":"<p>Prvn\u00ed kontakt s\u00a0na\u0161\u00edm IVF centrem\u00a0 Nejprve si domluv\u00edte term\u00edn prvn\u00edho pohovoru v\u00a0Next Fertility IVF Prof. Zech Pilsen, s.r.o.. Konzultace v\u00a0IVF centru\u00a0 Na \u00favodn\u00ed pohovor do IVF centra se dostav\u00edte s partnerem a spole\u010dn\u011b s l\u00e9ka\u0159em proberete v\u0161echny mo\u017enosti l\u00e9\u010dby. B\u011bhem prvn\u00ed n\u00e1v\u0161t\u011bvy se obvykle prov\u00e1d\u00ed odb\u011br krve, spermiogram partnera a gynekologick\u00e9 vy\u0161et\u0159en\u00ed v\u010detn\u011b ultrazvuku. P\u00e1r [&hellip;]<\/p>","protected":false},"author":9,"featured_media":0,"parent":7368,"menu_order":0,"comment_status":"closed","ping_status":"closed","template":"","meta":{"footnotes":""},"service-area":[32],"class_list":["post-7797","page","type-page","status-publish","hentry","service-area-vysetreni-reprodukcni-genetiky"],"yoast_head":"<!-- This site is optimized with the Yoast SEO plugin v20.2 - https:\/\/yoast.com\/wordpress\/plugins\/seo\/ -->\n<title>Pr\u016fb\u011bh terapie s preimplanta\u010dn\u00edm genetick\u00fdm vy\u0161et\u0159en\u00edm | Genetika Plze\u0148<\/title>\n<meta name=\"robots\" content=\"index, follow, max-snippet:-1, max-image-preview:large, max-video-preview:-1\" \/>\n<link rel=\"canonical\" href=\"https:\/\/genetika-plzen.nullable.group\/en\/vysetreni-reprodukcni-genetiky\/prubeh-terapie-s-preimplantacnim-genetickym-vysetrenim\/\" \/>\n<meta property=\"og:locale\" content=\"en_GB\" \/>\n<meta property=\"og:type\" content=\"article\" \/>\n<meta property=\"og:title\" content=\"Pr\u016fb\u011bh terapie s preimplanta\u010dn\u00edm genetick\u00fdm vy\u0161et\u0159en\u00edm | Genetika Plze\u0148\" \/>\n<meta property=\"og:description\" content=\"Prvn\u00ed kontakt s\u00a0na\u0161\u00edm IVF centrem\u00a0 Nejprve si domluv\u00edte term\u00edn prvn\u00edho pohovoru v\u00a0Next Fertility IVF Prof. Zech Pilsen, s.r.o.. Konzultace v\u00a0IVF centru\u00a0 Na \u00favodn\u00ed pohovor do IVF centra se dostav\u00edte s partnerem a spole\u010dn\u011b s l\u00e9ka\u0159em proberete v\u0161echny mo\u017enosti l\u00e9\u010dby. B\u011bhem prvn\u00ed n\u00e1v\u0161t\u011bvy se obvykle prov\u00e1d\u00ed odb\u011br krve, spermiogram partnera a gynekologick\u00e9 vy\u0161et\u0159en\u00ed v\u010detn\u011b ultrazvuku. P\u00e1r [&hellip;]\" \/>\n<meta property=\"og:url\" content=\"https:\/\/genetika-plzen.nullable.group\/en\/vysetreni-reprodukcni-genetiky\/prubeh-terapie-s-preimplantacnim-genetickym-vysetrenim\/\" \/>\n<meta property=\"og:site_name\" content=\"Genetika Plze\u0148\" \/>\n<meta property=\"article:modified_time\" content=\"2025-09-16T02:09:06+00:00\" \/>\n<meta name=\"twitter:card\" content=\"summary_large_image\" \/>\n<meta name=\"twitter:label1\" content=\"Estimated reading time\" \/>\n\t<meta name=\"twitter:data1\" content=\"2 minutes\" \/>\n<script type=\"application\/ld+json\" class=\"yoast-schema-graph\">{\"@context\":\"https:\/\/schema.org\",\"@graph\":[{\"@type\":\"WebPage\",\"@id\":\"https:\/\/genetika-plzen.nullable.group\/en\/vysetreni-reprodukcni-genetiky\/prubeh-terapie-s-preimplantacnim-genetickym-vysetrenim\/\",\"url\":\"https:\/\/genetika-plzen.nullable.group\/en\/vysetreni-reprodukcni-genetiky\/prubeh-terapie-s-preimplantacnim-genetickym-vysetrenim\/\",\"name\":\"Pr\u016fb\u011bh terapie s preimplanta\u010dn\u00edm genetick\u00fdm vy\u0161et\u0159en\u00edm | Genetika Plze\u0148\",\"isPartOf\":{\"@id\":\"https:\/\/genetika-plzen.nullable.group\/#website\"},\"datePublished\":\"2024-02-15T17:36:45+00:00\",\"dateModified\":\"2025-09-16T02:09:06+00:00\",\"breadcrumb\":{\"@id\":\"https:\/\/genetika-plzen.nullable.group\/en\/vysetreni-reprodukcni-genetiky\/prubeh-terapie-s-preimplantacnim-genetickym-vysetrenim\/#breadcrumb\"},\"inLanguage\":\"en-GB\",\"potentialAction\":[{\"@type\":\"ReadAction\",\"target\":[\"https:\/\/genetika-plzen.nullable.group\/en\/vysetreni-reprodukcni-genetiky\/prubeh-terapie-s-preimplantacnim-genetickym-vysetrenim\/\"]}]},{\"@type\":\"BreadcrumbList\",\"@id\":\"https:\/\/genetika-plzen.nullable.group\/en\/vysetreni-reprodukcni-genetiky\/prubeh-terapie-s-preimplantacnim-genetickym-vysetrenim\/#breadcrumb\",\"itemListElement\":[{\"@type\":\"ListItem\",\"position\":1,\"name\":\"Home\",\"item\":\"https:\/\/genetika-plzen.nullable.group\/\"},{\"@type\":\"ListItem\",\"position\":2,\"name\":\"Vy\u0161et\u0159en\u00ed reproduk\u010dn\u00ed genetiky\",\"item\":\"https:\/\/genetika-plzen.nullable.group\/vysetreni-reprodukcni-genetiky\/\"},{\"@type\":\"ListItem\",\"position\":3,\"name\":\"Pr\u016fb\u011bh terapie s preimplanta\u010dn\u00edm genetick\u00fdm vy\u0161et\u0159en\u00edm\"}]},{\"@type\":\"WebSite\",\"@id\":\"https:\/\/genetika-plzen.nullable.group\/#website\",\"url\":\"https:\/\/genetika-plzen.nullable.group\/\",\"name\":\"Genetika Plze\u0148\",\"description\":\"Genetika Plze\u0148\",\"publisher\":{\"@id\":\"https:\/\/genetika-plzen.nullable.group\/#organization\"},\"potentialAction\":[{\"@type\":\"SearchAction\",\"target\":{\"@type\":\"EntryPoint\",\"urlTemplate\":\"https:\/\/genetika-plzen.nullable.group\/?s={search_term_string}\"},\"query-input\":\"required name=search_term_string\"}],\"inLanguage\":\"en-GB\"},{\"@type\":\"Organization\",\"@id\":\"https:\/\/genetika-plzen.nullable.group\/#organization\",\"name\":\"Genetika Plze\u0148\",\"url\":\"https:\/\/genetika-plzen.nullable.group\/\",\"logo\":{\"@type\":\"ImageObject\",\"inLanguage\":\"en-GB\",\"@id\":\"https:\/\/genetika-plzen.nullable.group\/#\/schema\/logo\/image\/\",\"url\":\"https:\/\/genetika-plzen.nullable.group\/wp-content\/uploads\/2022\/07\/logo2.svg\",\"contentUrl\":\"https:\/\/genetika-plzen.nullable.group\/wp-content\/uploads\/2022\/07\/logo2.svg\",\"width\":286,\"height\":95,\"caption\":\"Genetika Plze\u0148\"},\"image\":{\"@id\":\"https:\/\/genetika-plzen.nullable.group\/#\/schema\/logo\/image\/\"}}]}<\/script>\n<!-- \/ Yoast SEO plugin. -->","yoast_head_json":{"title":"Pr\u016fb\u011bh terapie s preimplanta\u010dn\u00edm genetick\u00fdm vy\u0161et\u0159en\u00edm | Genetika Plze\u0148","robots":{"index":"index","follow":"follow","max-snippet":"max-snippet:-1","max-image-preview":"max-image-preview:large","max-video-preview":"max-video-preview:-1"},"canonical":"https:\/\/genetika-plzen.nullable.group\/en\/vysetreni-reprodukcni-genetiky\/prubeh-terapie-s-preimplantacnim-genetickym-vysetrenim\/","og_locale":"en_GB","og_type":"article","og_title":"Pr\u016fb\u011bh terapie s preimplanta\u010dn\u00edm genetick\u00fdm vy\u0161et\u0159en\u00edm | Genetika Plze\u0148","og_description":"Prvn\u00ed kontakt s\u00a0na\u0161\u00edm IVF centrem\u00a0 Nejprve si domluv\u00edte term\u00edn prvn\u00edho pohovoru v\u00a0Next Fertility IVF Prof. Zech Pilsen, s.r.o.. Konzultace v\u00a0IVF centru\u00a0 Na \u00favodn\u00ed pohovor do IVF centra se dostav\u00edte s partnerem a spole\u010dn\u011b s l\u00e9ka\u0159em proberete v\u0161echny mo\u017enosti l\u00e9\u010dby. B\u011bhem prvn\u00ed n\u00e1v\u0161t\u011bvy se obvykle prov\u00e1d\u00ed odb\u011br krve, spermiogram partnera a gynekologick\u00e9 vy\u0161et\u0159en\u00ed v\u010detn\u011b ultrazvuku. P\u00e1r [&hellip;]","og_url":"https:\/\/genetika-plzen.nullable.group\/en\/vysetreni-reprodukcni-genetiky\/prubeh-terapie-s-preimplantacnim-genetickym-vysetrenim\/","og_site_name":"Genetika Plze\u0148","article_modified_time":"2025-09-16T02:09:06+00:00","twitter_card":"summary_large_image","twitter_misc":{"Estimated reading time":"2 minutes"},"schema":{"@context":"https:\/\/schema.org","@graph":[{"@type":"WebPage","@id":"https:\/\/genetika-plzen.nullable.group\/en\/vysetreni-reprodukcni-genetiky\/prubeh-terapie-s-preimplantacnim-genetickym-vysetrenim\/","url":"https:\/\/genetika-plzen.nullable.group\/en\/vysetreni-reprodukcni-genetiky\/prubeh-terapie-s-preimplantacnim-genetickym-vysetrenim\/","name":"Pr\u016fb\u011bh terapie s preimplanta\u010dn\u00edm genetick\u00fdm vy\u0161et\u0159en\u00edm | Genetika Plze\u0148","isPartOf":{"@id":"https:\/\/genetika-plzen.nullable.group\/#website"},"datePublished":"2024-02-15T17:36:45+00:00","dateModified":"2025-09-16T02:09:06+00:00","breadcrumb":{"@id":"https:\/\/genetika-plzen.nullable.group\/en\/vysetreni-reprodukcni-genetiky\/prubeh-terapie-s-preimplantacnim-genetickym-vysetrenim\/#breadcrumb"},"inLanguage":"en-GB","potentialAction":[{"@type":"ReadAction","target":["https:\/\/genetika-plzen.nullable.group\/en\/vysetreni-reprodukcni-genetiky\/prubeh-terapie-s-preimplantacnim-genetickym-vysetrenim\/"]}]},{"@type":"BreadcrumbList","@id":"https:\/\/genetika-plzen.nullable.group\/en\/vysetreni-reprodukcni-genetiky\/prubeh-terapie-s-preimplantacnim-genetickym-vysetrenim\/#breadcrumb","itemListElement":[{"@type":"ListItem","position":1,"name":"Home","item":"https:\/\/genetika-plzen.nullable.group\/"},{"@type":"ListItem","position":2,"name":"Vy\u0161et\u0159en\u00ed reproduk\u010dn\u00ed genetiky","item":"https:\/\/genetika-plzen.nullable.group\/vysetreni-reprodukcni-genetiky\/"},{"@type":"ListItem","position":3,"name":"Pr\u016fb\u011bh terapie s preimplanta\u010dn\u00edm genetick\u00fdm vy\u0161et\u0159en\u00edm"}]},{"@type":"WebSite","@id":"https:\/\/genetika-plzen.nullable.group\/#website","url":"https:\/\/genetika-plzen.nullable.group\/","name":"Genetika Plze\u0148","description":"Genetika Plze\u0148","publisher":{"@id":"https:\/\/genetika-plzen.nullable.group\/#organization"},"potentialAction":[{"@type":"SearchAction","target":{"@type":"EntryPoint","urlTemplate":"https:\/\/genetika-plzen.nullable.group\/?s={search_term_string}"},"query-input":"required name=search_term_string"}],"inLanguage":"en-GB"},{"@type":"Organization","@id":"https:\/\/genetika-plzen.nullable.group\/#organization","name":"Genetika Plze\u0148","url":"https:\/\/genetika-plzen.nullable.group\/","logo":{"@type":"ImageObject","inLanguage":"en-GB","@id":"https:\/\/genetika-plzen.nullable.group\/#\/schema\/logo\/image\/","url":"https:\/\/genetika-plzen.nullable.group\/wp-content\/uploads\/2022\/07\/logo2.svg","contentUrl":"https:\/\/genetika-plzen.nullable.group\/wp-content\/uploads\/2022\/07\/logo2.svg","width":286,"height":95,"caption":"Genetika Plze\u0148"},"image":{"@id":"https:\/\/genetika-plzen.nullable.group\/#\/schema\/logo\/image\/"}}]}},"_links":{"self":[{"href":"https:\/\/genetika-plzen.nullable.group\/en\/wp-json\/wp\/v2\/pages\/7797","targetHints":{"allow":["GET"]}}],"collection":[{"href":"https:\/\/genetika-plzen.nullable.group\/en\/wp-json\/wp\/v2\/pages"}],"about":[{"href":"https:\/\/genetika-plzen.nullable.group\/en\/wp-json\/wp\/v2\/types\/page"}],"author":[{"embeddable":true,"href":"https:\/\/genetika-plzen.nullable.group\/en\/wp-json\/wp\/v2\/users\/9"}],"replies":[{"embeddable":true,"href":"https:\/\/genetika-plzen.nullable.group\/en\/wp-json\/wp\/v2\/comments?post=7797"}],"version-history":[{"count":25,"href":"https:\/\/genetika-plzen.nullable.group\/en\/wp-json\/wp\/v2\/pages\/7797\/revisions"}],"predecessor-version":[{"id":9451,"href":"https:\/\/genetika-plzen.nullable.group\/en\/wp-json\/wp\/v2\/pages\/7797\/revisions\/9451"}],"up":[{"embeddable":true,"href":"https:\/\/genetika-plzen.nullable.group\/en\/wp-json\/wp\/v2\/pages\/7368"}],"wp:attachment":[{"href":"https:\/\/genetika-plzen.nullable.group\/en\/wp-json\/wp\/v2\/media?parent=7797"}],"wp:term":[{"taxonomy":"service-area","embeddable":true,"href":"https:\/\/genetika-plzen.nullable.group\/en\/wp-json\/wp\/v2\/service-area?post=7797"}],"curies":[{"name":"wp","href":"https:\/\/api.w.org\/{rel}","templated":true}]}}