{"id":7841,"date":"2024-02-15T18:48:19","date_gmt":"2024-02-15T17:48:19","guid":{"rendered":"https:\/\/genetika-plzen.nullable.group\/?page_id=7841"},"modified":"2024-02-15T18:50:05","modified_gmt":"2024-02-15T17:50:05","slug":"indikace-k-preimplantacnimu-genetickemu-vysetreni","status":"publish","type":"page","link":"https:\/\/genetika-plzen.nullable.group\/en\/vysetreni-reprodukcni-genetiky\/indikace-k-preimplantacnimu-genetickemu-vysetreni\/","title":{"rendered":"Indikace k preimplanta\u010dn\u00edmu genetick\u00e9mu vy\u0161et\u0159en\u00ed"},"content":{"rendered":"<div data-elementor-type=\"wp-page\" data-elementor-id=\"7841\" class=\"elementor elementor-7841\">\n\t\t\t\t<div class=\"elementor-element elementor-element-35a7c86 e-flex e-con-boxed e-con e-parent\" data-id=\"35a7c86\" data-element_type=\"container\" data-e-type=\"container\">\n\t\t\t\t\t<div class=\"e-con-inner\">\n\t\t\t\t<div class=\"elementor-element elementor-element-8015d31 elementor-widget elementor-widget-spacer\" data-id=\"8015d31\" data-element_type=\"widget\" data-e-type=\"widget\" data-widget_type=\"spacer.default\">\n\t\t\t\t<div class=\"elementor-widget-container\">\n\t\t\t\t\t\t\t<div class=\"elementor-spacer\">\n\t\t\t<div class=\"elementor-spacer-inner\"><\/div>\n\t\t<\/div>\n\t\t\t\t\t\t<\/div>\n\t\t\t\t<\/div>\n\t\t\t\t\t<\/div>\n\t\t\t\t<\/div>\n\t\t<div class=\"elementor-element elementor-element-1e9a927 e-flex e-con-boxed e-con e-parent\" data-id=\"1e9a927\" data-element_type=\"container\" data-e-type=\"container\">\n\t\t\t\t\t<div class=\"e-con-inner\">\n\t\t\t\t<div class=\"elementor-element elementor-element-04dcab0 elementor-widget elementor-widget-text-editor\" data-id=\"04dcab0\" data-element_type=\"widget\" data-e-type=\"widget\" data-widget_type=\"text-editor.default\">\n\t\t\t\t<div class=\"elementor-widget-container\">\n\t\t\t\t\t\t\t\t\t<h2>PGT-A:<\/h2>\n\n<p><br>\n\u2022 Repeated miscarriages (2 times or more).<br>\n\u2022 Birth or miscarriage of a fetus with chromosomal abnormality.<br>\n\u2022 Repeated implantation failure after previous IVF cycles\/embryo transfers (2 times or more).<br>\n\u2022 Significantly impaired sperm parameters in the partner.<br>\n\u2022 Use of sperm after TESE (sperm retrieval directly from the testicle) or MESA (sperm retrieval from the epididymis) for IVF.<br>\n\u2022 Condition after treatment of oncological disease with chemotherapy or radiation in one or both partners.<\/p>\n\n<p>In addition to the main indications mentioned above, PGT-A can be performed as part of any IVF-ICSI cycle to increase the chances of achieving pregnancy and giving birth to a healthy child (in a self-paying regime).<\/p>\n\n<h2>PGT-SR:<\/h2>\n\n\u2022 Carrier of so-called balanced chromosomal rearrangement (usually translocation) in one or both partners.<br>\n\u2022 Presence of numerical changes in sex chromosomes (gonosomes), including mosaic forms, in one or both partners.\t\t\t\t\t\t\t\t<\/div>\n\t\t\t\t<\/div>\n\t\t\t\t\t<\/div>\n\t\t\t\t<\/div>\n\t\t<div class=\"elementor-element elementor-element-5ab0083 e-flex e-con-boxed e-con e-parent\" data-id=\"5ab0083\" data-element_type=\"container\" data-e-type=\"container\">\n\t\t\t\t\t<div class=\"e-con-inner\">\n\t\t\t\t<div class=\"elementor-element elementor-element-055ae0a elementor-widget elementor-widget-image\" data-id=\"055ae0a\" data-element_type=\"widget\" data-e-type=\"widget\" data-widget_type=\"image.default\">\n\t\t\t\t<div class=\"elementor-widget-container\">\n\t\t\t\t\t\t\t\t\t\t\t\t\t\t\t<img fetchpriority=\"high\" decoding=\"async\" width=\"800\" height=\"445\" src=\"https:\/\/genetika-plzen.nullable.group\/wp-content\/uploads\/2024\/02\/indikace_pgt_sr_web.png\" class=\"attachment-large size-large wp-image-7843\" alt=\"\" srcset=\"https:\/\/genetika-plzen.nullable.group\/wp-content\/uploads\/2024\/02\/indikace_pgt_sr_web.png 876w, https:\/\/genetika-plzen.nullable.group\/wp-content\/uploads\/2024\/02\/indikace_pgt_sr_web-300x167.png 300w, https:\/\/genetika-plzen.nullable.group\/wp-content\/uploads\/2024\/02\/indikace_pgt_sr_web-768x427.png 768w, https:\/\/genetika-plzen.nullable.group\/wp-content\/uploads\/2024\/02\/indikace_pgt_sr_web-18x10.png 18w\" sizes=\"(max-width: 800px) 100vw, 800px\" \/>\t\t\t\t\t\t\t\t\t\t\t\t\t\t\t<\/div>\n\t\t\t\t<\/div>\n\t\t\t\t\t<\/div>\n\t\t\t\t<\/div>\n\t\t<div class=\"elementor-element elementor-element-f2c9a87 e-flex e-con-boxed e-con e-parent\" data-id=\"f2c9a87\" data-element_type=\"container\" data-e-type=\"container\">\n\t\t\t\t\t<div class=\"e-con-inner\">\n\t\t\t\t<div class=\"elementor-element elementor-element-9a23dc5 elementor-widget elementor-widget-image\" data-id=\"9a23dc5\" data-element_type=\"widget\" data-e-type=\"widget\" data-widget_type=\"image.default\">\n\t\t\t\t<div class=\"elementor-widget-container\">\n\t\t\t\t\t\t\t\t\t\t\t\t\t\t\t<img decoding=\"async\" width=\"800\" height=\"721\" src=\"https:\/\/genetika-plzen.nullable.group\/wp-content\/uploads\/2024\/02\/indikace_pgt_sr_2.png\" class=\"attachment-large size-large wp-image-7844\" alt=\"\" srcset=\"https:\/\/genetika-plzen.nullable.group\/wp-content\/uploads\/2024\/02\/indikace_pgt_sr_2.png 906w, https:\/\/genetika-plzen.nullable.group\/wp-content\/uploads\/2024\/02\/indikace_pgt_sr_2-300x270.png 300w, https:\/\/genetika-plzen.nullable.group\/wp-content\/uploads\/2024\/02\/indikace_pgt_sr_2-768x692.png 768w, https:\/\/genetika-plzen.nullable.group\/wp-content\/uploads\/2024\/02\/indikace_pgt_sr_2-13x12.png 13w\" sizes=\"(max-width: 800px) 100vw, 800px\" \/>\t\t\t\t\t\t\t\t\t\t\t\t\t\t\t<\/div>\n\t\t\t\t<\/div>\n\t\t\t\t\t<\/div>\n\t\t\t\t<\/div>\n\t\t<div class=\"elementor-element elementor-element-e607d80 e-flex e-con-boxed e-con e-parent\" data-id=\"e607d80\" data-element_type=\"container\" data-e-type=\"container\">\n\t\t\t\t\t<div class=\"e-con-inner\">\n\t\t\t\t<div class=\"elementor-element elementor-element-8a22846 elementor-widget elementor-widget-text-editor\" data-id=\"8a22846\" data-element_type=\"widget\" data-e-type=\"widget\" data-widget_type=\"text-editor.default\">\n\t\t\t\t<div class=\"elementor-widget-container\">\n\t\t\t\t\t\t\t\t\t<h2>PGT-M:<\/h2>\n\n<p>\u2022 Carrier of a predisposition (mutation) for a severe genetic disease caused by a defect in a single gene in one or both partners, which is associated with a high risk of giving birth to a child affected by the disease.<\/p>\t\t\t\t\t\t\t\t<\/div>\n\t\t\t\t<\/div>\n\t\t\t\t\t<\/div>\n\t\t\t\t<\/div>\n\t\t<div class=\"elementor-element elementor-element-2d408f1 e-flex e-con-boxed e-con e-parent\" data-id=\"2d408f1\" data-element_type=\"container\" data-e-type=\"container\">\n\t\t\t\t\t<div class=\"e-con-inner\">\n\t\t\t\t<div class=\"elementor-element elementor-element-ba8a33f elementor-widget elementor-widget-image\" data-id=\"ba8a33f\" data-element_type=\"widget\" data-e-type=\"widget\" data-widget_type=\"image.default\">\n\t\t\t\t<div class=\"elementor-widget-container\">\n\t\t\t\t\t\t\t\t\t\t\t\t\t\t\t<img decoding=\"async\" width=\"796\" height=\"495\" src=\"https:\/\/genetika-plzen.nullable.group\/wp-content\/uploads\/2024\/02\/indikace_pgt-m_web.png\" class=\"attachment-large size-large wp-image-7845\" alt=\"\" srcset=\"https:\/\/genetika-plzen.nullable.group\/wp-content\/uploads\/2024\/02\/indikace_pgt-m_web.png 796w, https:\/\/genetika-plzen.nullable.group\/wp-content\/uploads\/2024\/02\/indikace_pgt-m_web-300x187.png 300w, https:\/\/genetika-plzen.nullable.group\/wp-content\/uploads\/2024\/02\/indikace_pgt-m_web-768x478.png 768w, https:\/\/genetika-plzen.nullable.group\/wp-content\/uploads\/2024\/02\/indikace_pgt-m_web-18x12.png 18w\" sizes=\"(max-width: 796px) 100vw, 796px\" \/>\t\t\t\t\t\t\t\t\t\t\t\t\t\t\t<\/div>\n\t\t\t\t<\/div>\n\t\t\t\t\t<\/div>\n\t\t\t\t<\/div>\n\t\t<div class=\"elementor-element elementor-element-6315090 e-flex e-con-boxed e-con e-parent\" data-id=\"6315090\" data-element_type=\"container\" data-e-type=\"container\">\n\t\t\t\t\t<div class=\"e-con-inner\">\n\t\t\t\t<div class=\"elementor-element elementor-element-adf519f elementor-widget elementor-widget-spacer\" data-id=\"adf519f\" data-element_type=\"widget\" data-e-type=\"widget\" data-widget_type=\"spacer.default\">\n\t\t\t\t<div class=\"elementor-widget-container\">\n\t\t\t\t\t\t\t<div class=\"elementor-spacer\">\n\t\t\t<div class=\"elementor-spacer-inner\"><\/div>\n\t\t<\/div>\n\t\t\t\t\t\t<\/div>\n\t\t\t\t<\/div>\n\t\t\t\t\t<\/div>\n\t\t\t\t<\/div>\n\t\t\t\t<\/div>","protected":false},"excerpt":{"rendered":"<p>PGT-A: \u2022 Opakovan\u00e9 potr\u00e1cen\u00ed (2x a&nbsp;v\u00edce). \u2022 Porod nebo&nbsp;potrat plodu s&nbsp;chromosomovou abnormalitou. \u2022 Opakovan\u00e9 selh\u00e1n\u00ed implantace po&nbsp;p\u0159edchoz\u00edch IVF cyklech\/embryotransferech (2x a&nbsp;v\u00edce). \u2022 V\u00fdrazn\u011b zhor\u0161en\u00e9 parametry spermiogramu u&nbsp;partnera. \u2022 Pou\u017eit\u00ed spermi\u00ed po&nbsp;TESE (odebr\u00e1n\u00ed spermi\u00ed p\u0159\u00edmo z&nbsp;varlete) \u010di&nbsp;MESA&nbsp;(odebr\u00e1n\u00ed spermi\u00ed z&nbsp;nadvarlete) pro&nbsp;IVF. \u2022 Stav po&nbsp;l\u00e9\u010db\u011b onkologick\u00e9ho onemocn\u011bn\u00ed pomoc\u00ed chemoterapie \u010di&nbsp;oza\u0159ov\u00e1n\u00ed u&nbsp;jednoho nebo&nbsp;obou partner\u016f. Krom\u011b v\u00fd\u0161e uveden\u00fdch hlavn\u00edch indikac\u00ed [&hellip;]<\/p>","protected":false},"author":9,"featured_media":0,"parent":7368,"menu_order":0,"comment_status":"closed","ping_status":"closed","template":"","meta":{"footnotes":""},"service-area":[32],"class_list":["post-7841","page","type-page","status-publish","hentry","service-area-vysetreni-reprodukcni-genetiky"],"yoast_head":"<!-- This site is optimized with the Yoast SEO plugin v20.2 - https:\/\/yoast.com\/wordpress\/plugins\/seo\/ -->\n<title>Indikace k preimplanta\u010dn\u00edmu genetick\u00e9mu vy\u0161et\u0159en\u00ed | Genetika Plze\u0148<\/title>\n<meta name=\"robots\" content=\"index, follow, max-snippet:-1, max-image-preview:large, max-video-preview:-1\" \/>\n<link rel=\"canonical\" href=\"https:\/\/genetika-plzen.nullable.group\/en\/vysetreni-reprodukcni-genetiky\/indikace-k-preimplantacnimu-genetickemu-vysetreni\/\" \/>\n<meta property=\"og:locale\" content=\"en_GB\" \/>\n<meta property=\"og:type\" content=\"article\" \/>\n<meta property=\"og:title\" content=\"Indikace k preimplanta\u010dn\u00edmu genetick\u00e9mu vy\u0161et\u0159en\u00ed | Genetika Plze\u0148\" \/>\n<meta property=\"og:description\" content=\"PGT-A: \u2022 Opakovan\u00e9 potr\u00e1cen\u00ed (2x a&nbsp;v\u00edce). \u2022 Porod nebo&nbsp;potrat plodu s&nbsp;chromosomovou abnormalitou. \u2022 Opakovan\u00e9 selh\u00e1n\u00ed implantace po&nbsp;p\u0159edchoz\u00edch IVF cyklech\/embryotransferech (2x a&nbsp;v\u00edce). \u2022 V\u00fdrazn\u011b zhor\u0161en\u00e9 parametry spermiogramu u&nbsp;partnera. \u2022 Pou\u017eit\u00ed spermi\u00ed po&nbsp;TESE (odebr\u00e1n\u00ed spermi\u00ed p\u0159\u00edmo z&nbsp;varlete) \u010di&nbsp;MESA&nbsp;(odebr\u00e1n\u00ed spermi\u00ed z&nbsp;nadvarlete) pro&nbsp;IVF. \u2022 Stav po&nbsp;l\u00e9\u010db\u011b onkologick\u00e9ho onemocn\u011bn\u00ed pomoc\u00ed chemoterapie \u010di&nbsp;oza\u0159ov\u00e1n\u00ed u&nbsp;jednoho nebo&nbsp;obou partner\u016f. Krom\u011b v\u00fd\u0161e uveden\u00fdch hlavn\u00edch indikac\u00ed [&hellip;]\" \/>\n<meta property=\"og:url\" content=\"https:\/\/genetika-plzen.nullable.group\/en\/vysetreni-reprodukcni-genetiky\/indikace-k-preimplantacnimu-genetickemu-vysetreni\/\" \/>\n<meta property=\"og:site_name\" content=\"Genetika Plze\u0148\" \/>\n<meta property=\"article:modified_time\" content=\"2024-02-15T17:50:05+00:00\" \/>\n<meta property=\"og:image\" content=\"https:\/\/genetika-plzen.nullable.group\/wp-content\/uploads\/2024\/02\/indikace_pgt_sr_web.png\" \/>\n<meta name=\"twitter:card\" content=\"summary_large_image\" \/>\n<meta name=\"twitter:label1\" content=\"Estimated reading time\" \/>\n\t<meta name=\"twitter:data1\" content=\"2 minutes\" \/>\n<script type=\"application\/ld+json\" class=\"yoast-schema-graph\">{\"@context\":\"https:\/\/schema.org\",\"@graph\":[{\"@type\":\"WebPage\",\"@id\":\"https:\/\/genetika-plzen.nullable.group\/vysetreni-reprodukcni-genetiky\/indikace-k-preimplantacnimu-genetickemu-vysetreni\/\",\"url\":\"https:\/\/genetika-plzen.nullable.group\/vysetreni-reprodukcni-genetiky\/indikace-k-preimplantacnimu-genetickemu-vysetreni\/\",\"name\":\"Indikace k preimplanta\u010dn\u00edmu genetick\u00e9mu vy\u0161et\u0159en\u00ed | Genetika Plze\u0148\",\"isPartOf\":{\"@id\":\"https:\/\/genetika-plzen.nullable.group\/#website\"},\"datePublished\":\"2024-02-15T17:48:19+00:00\",\"dateModified\":\"2024-02-15T17:50:05+00:00\",\"breadcrumb\":{\"@id\":\"https:\/\/genetika-plzen.nullable.group\/vysetreni-reprodukcni-genetiky\/indikace-k-preimplantacnimu-genetickemu-vysetreni\/#breadcrumb\"},\"inLanguage\":\"en-GB\",\"potentialAction\":[{\"@type\":\"ReadAction\",\"target\":[\"https:\/\/genetika-plzen.nullable.group\/vysetreni-reprodukcni-genetiky\/indikace-k-preimplantacnimu-genetickemu-vysetreni\/\"]}]},{\"@type\":\"BreadcrumbList\",\"@id\":\"https:\/\/genetika-plzen.nullable.group\/vysetreni-reprodukcni-genetiky\/indikace-k-preimplantacnimu-genetickemu-vysetreni\/#breadcrumb\",\"itemListElement\":[{\"@type\":\"ListItem\",\"position\":1,\"name\":\"Home\",\"item\":\"https:\/\/genetika-plzen.nullable.group\/\"},{\"@type\":\"ListItem\",\"position\":2,\"name\":\"Vy\u0161et\u0159en\u00ed reproduk\u010dn\u00ed genetiky\",\"item\":\"https:\/\/genetika-plzen.nullable.group\/vysetreni-reprodukcni-genetiky\/\"},{\"@type\":\"ListItem\",\"position\":3,\"name\":\"Indikace k preimplanta\u010dn\u00edmu genetick\u00e9mu vy\u0161et\u0159en\u00ed\"}]},{\"@type\":\"WebSite\",\"@id\":\"https:\/\/genetika-plzen.nullable.group\/#website\",\"url\":\"https:\/\/genetika-plzen.nullable.group\/\",\"name\":\"Genetika Plze\u0148\",\"description\":\"Genetika Plze\u0148\",\"publisher\":{\"@id\":\"https:\/\/genetika-plzen.nullable.group\/#organization\"},\"potentialAction\":[{\"@type\":\"SearchAction\",\"target\":{\"@type\":\"EntryPoint\",\"urlTemplate\":\"https:\/\/genetika-plzen.nullable.group\/?s={search_term_string}\"},\"query-input\":\"required name=search_term_string\"}],\"inLanguage\":\"en-GB\"},{\"@type\":\"Organization\",\"@id\":\"https:\/\/genetika-plzen.nullable.group\/#organization\",\"name\":\"Genetika Plze\u0148\",\"url\":\"https:\/\/genetika-plzen.nullable.group\/\",\"logo\":{\"@type\":\"ImageObject\",\"inLanguage\":\"en-GB\",\"@id\":\"https:\/\/genetika-plzen.nullable.group\/#\/schema\/logo\/image\/\",\"url\":\"https:\/\/genetika-plzen.nullable.group\/wp-content\/uploads\/2022\/07\/logo2.svg\",\"contentUrl\":\"https:\/\/genetika-plzen.nullable.group\/wp-content\/uploads\/2022\/07\/logo2.svg\",\"width\":286,\"height\":95,\"caption\":\"Genetika Plze\u0148\"},\"image\":{\"@id\":\"https:\/\/genetika-plzen.nullable.group\/#\/schema\/logo\/image\/\"}}]}<\/script>\n<!-- \/ Yoast SEO plugin. -->","yoast_head_json":{"title":"Indikace k preimplanta\u010dn\u00edmu genetick\u00e9mu vy\u0161et\u0159en\u00ed | Genetika Plze\u0148","robots":{"index":"index","follow":"follow","max-snippet":"max-snippet:-1","max-image-preview":"max-image-preview:large","max-video-preview":"max-video-preview:-1"},"canonical":"https:\/\/genetika-plzen.nullable.group\/en\/vysetreni-reprodukcni-genetiky\/indikace-k-preimplantacnimu-genetickemu-vysetreni\/","og_locale":"en_GB","og_type":"article","og_title":"Indikace k preimplanta\u010dn\u00edmu genetick\u00e9mu vy\u0161et\u0159en\u00ed | Genetika Plze\u0148","og_description":"PGT-A: \u2022 Opakovan\u00e9 potr\u00e1cen\u00ed (2x a&nbsp;v\u00edce). \u2022 Porod nebo&nbsp;potrat plodu s&nbsp;chromosomovou abnormalitou. \u2022 Opakovan\u00e9 selh\u00e1n\u00ed implantace po&nbsp;p\u0159edchoz\u00edch IVF cyklech\/embryotransferech (2x a&nbsp;v\u00edce). \u2022 V\u00fdrazn\u011b zhor\u0161en\u00e9 parametry spermiogramu u&nbsp;partnera. \u2022 Pou\u017eit\u00ed spermi\u00ed po&nbsp;TESE (odebr\u00e1n\u00ed spermi\u00ed p\u0159\u00edmo z&nbsp;varlete) \u010di&nbsp;MESA&nbsp;(odebr\u00e1n\u00ed spermi\u00ed z&nbsp;nadvarlete) pro&nbsp;IVF. \u2022 Stav po&nbsp;l\u00e9\u010db\u011b onkologick\u00e9ho onemocn\u011bn\u00ed pomoc\u00ed chemoterapie \u010di&nbsp;oza\u0159ov\u00e1n\u00ed u&nbsp;jednoho nebo&nbsp;obou partner\u016f. Krom\u011b v\u00fd\u0161e uveden\u00fdch hlavn\u00edch indikac\u00ed [&hellip;]","og_url":"https:\/\/genetika-plzen.nullable.group\/en\/vysetreni-reprodukcni-genetiky\/indikace-k-preimplantacnimu-genetickemu-vysetreni\/","og_site_name":"Genetika Plze\u0148","article_modified_time":"2024-02-15T17:50:05+00:00","og_image":[{"url":"https:\/\/genetika-plzen.nullable.group\/wp-content\/uploads\/2024\/02\/indikace_pgt_sr_web.png"}],"twitter_card":"summary_large_image","twitter_misc":{"Estimated reading time":"2 minutes"},"schema":{"@context":"https:\/\/schema.org","@graph":[{"@type":"WebPage","@id":"https:\/\/genetika-plzen.nullable.group\/vysetreni-reprodukcni-genetiky\/indikace-k-preimplantacnimu-genetickemu-vysetreni\/","url":"https:\/\/genetika-plzen.nullable.group\/vysetreni-reprodukcni-genetiky\/indikace-k-preimplantacnimu-genetickemu-vysetreni\/","name":"Indikace k preimplanta\u010dn\u00edmu genetick\u00e9mu vy\u0161et\u0159en\u00ed | Genetika Plze\u0148","isPartOf":{"@id":"https:\/\/genetika-plzen.nullable.group\/#website"},"datePublished":"2024-02-15T17:48:19+00:00","dateModified":"2024-02-15T17:50:05+00:00","breadcrumb":{"@id":"https:\/\/genetika-plzen.nullable.group\/vysetreni-reprodukcni-genetiky\/indikace-k-preimplantacnimu-genetickemu-vysetreni\/#breadcrumb"},"inLanguage":"en-GB","potentialAction":[{"@type":"ReadAction","target":["https:\/\/genetika-plzen.nullable.group\/vysetreni-reprodukcni-genetiky\/indikace-k-preimplantacnimu-genetickemu-vysetreni\/"]}]},{"@type":"BreadcrumbList","@id":"https:\/\/genetika-plzen.nullable.group\/vysetreni-reprodukcni-genetiky\/indikace-k-preimplantacnimu-genetickemu-vysetreni\/#breadcrumb","itemListElement":[{"@type":"ListItem","position":1,"name":"Home","item":"https:\/\/genetika-plzen.nullable.group\/"},{"@type":"ListItem","position":2,"name":"Vy\u0161et\u0159en\u00ed reproduk\u010dn\u00ed genetiky","item":"https:\/\/genetika-plzen.nullable.group\/vysetreni-reprodukcni-genetiky\/"},{"@type":"ListItem","position":3,"name":"Indikace k preimplanta\u010dn\u00edmu genetick\u00e9mu vy\u0161et\u0159en\u00ed"}]},{"@type":"WebSite","@id":"https:\/\/genetika-plzen.nullable.group\/#website","url":"https:\/\/genetika-plzen.nullable.group\/","name":"Genetika Plze\u0148","description":"Genetika Plze\u0148","publisher":{"@id":"https:\/\/genetika-plzen.nullable.group\/#organization"},"potentialAction":[{"@type":"SearchAction","target":{"@type":"EntryPoint","urlTemplate":"https:\/\/genetika-plzen.nullable.group\/?s={search_term_string}"},"query-input":"required name=search_term_string"}],"inLanguage":"en-GB"},{"@type":"Organization","@id":"https:\/\/genetika-plzen.nullable.group\/#organization","name":"Genetika Plze\u0148","url":"https:\/\/genetika-plzen.nullable.group\/","logo":{"@type":"ImageObject","inLanguage":"en-GB","@id":"https:\/\/genetika-plzen.nullable.group\/#\/schema\/logo\/image\/","url":"https:\/\/genetika-plzen.nullable.group\/wp-content\/uploads\/2022\/07\/logo2.svg","contentUrl":"https:\/\/genetika-plzen.nullable.group\/wp-content\/uploads\/2022\/07\/logo2.svg","width":286,"height":95,"caption":"Genetika Plze\u0148"},"image":{"@id":"https:\/\/genetika-plzen.nullable.group\/#\/schema\/logo\/image\/"}}]}},"_links":{"self":[{"href":"https:\/\/genetika-plzen.nullable.group\/en\/wp-json\/wp\/v2\/pages\/7841","targetHints":{"allow":["GET"]}}],"collection":[{"href":"https:\/\/genetika-plzen.nullable.group\/en\/wp-json\/wp\/v2\/pages"}],"about":[{"href":"https:\/\/genetika-plzen.nullable.group\/en\/wp-json\/wp\/v2\/types\/page"}],"author":[{"embeddable":true,"href":"https:\/\/genetika-plzen.nullable.group\/en\/wp-json\/wp\/v2\/users\/9"}],"replies":[{"embeddable":true,"href":"https:\/\/genetika-plzen.nullable.group\/en\/wp-json\/wp\/v2\/comments?post=7841"}],"version-history":[{"count":5,"href":"https:\/\/genetika-plzen.nullable.group\/en\/wp-json\/wp\/v2\/pages\/7841\/revisions"}],"predecessor-version":[{"id":7849,"href":"https:\/\/genetika-plzen.nullable.group\/en\/wp-json\/wp\/v2\/pages\/7841\/revisions\/7849"}],"up":[{"embeddable":true,"href":"https:\/\/genetika-plzen.nullable.group\/en\/wp-json\/wp\/v2\/pages\/7368"}],"wp:attachment":[{"href":"https:\/\/genetika-plzen.nullable.group\/en\/wp-json\/wp\/v2\/media?parent=7841"}],"wp:term":[{"taxonomy":"service-area","embeddable":true,"href":"https:\/\/genetika-plzen.nullable.group\/en\/wp-json\/wp\/v2\/service-area?post=7841"}],"curies":[{"name":"wp","href":"https:\/\/api.w.org\/{rel}","templated":true}]}}