{"id":7884,"date":"2024-02-15T22:48:16","date_gmt":"2024-02-15T21:48:16","guid":{"rendered":"https:\/\/genetika-plzen.nullable.group\/?page_id=7884"},"modified":"2024-02-23T01:38:26","modified_gmt":"2024-02-23T00:38:26","slug":"celogenomova-analyza-variant-cnv","status":"publish","type":"page","link":"https:\/\/genetika-plzen.nullable.group\/en\/cytogeneticka-laborator\/celogenomova-analyza-variant-cnv\/","title":{"rendered":"Whole-genome analysis of CNV"},"content":{"rendered":"<div data-elementor-type=\"wp-page\" data-elementor-id=\"7884\" class=\"elementor elementor-7884\">\n\t\t\t\t<div class=\"elementor-element elementor-element-98df6f3 e-flex e-con-boxed e-con e-parent\" data-id=\"98df6f3\" data-element_type=\"container\" data-e-type=\"container\">\n\t\t\t\t\t<div class=\"e-con-inner\">\n\t\t\t\t<div class=\"elementor-element elementor-element-cab1ab4 elementor-widget elementor-widget-spacer\" data-id=\"cab1ab4\" data-element_type=\"widget\" data-e-type=\"widget\" data-widget_type=\"spacer.default\">\n\t\t\t\t<div class=\"elementor-widget-container\">\n\t\t\t\t\t\t\t<div class=\"elementor-spacer\">\n\t\t\t<div class=\"elementor-spacer-inner\"><\/div>\n\t\t<\/div>\n\t\t\t\t\t\t<\/div>\n\t\t\t\t<\/div>\n\t\t\t\t\t<\/div>\n\t\t\t\t<\/div>\n\t\t<div class=\"elementor-element elementor-element-26cca32 e-flex e-con-boxed e-con e-parent\" data-id=\"26cca32\" data-element_type=\"container\" data-e-type=\"container\">\n\t\t\t\t\t<div class=\"e-con-inner\">\n\t\t\t\t<div class=\"elementor-element elementor-element-fdc5286 elementor-widget elementor-widget-text-editor\" data-id=\"fdc5286\" data-element_type=\"widget\" data-e-type=\"widget\" data-widget_type=\"text-editor.default\">\n\t\t\t\t<div class=\"elementor-widget-container\">\n\t\t\t\t\t\t\t\t\t<p>Array CGH (microarray-based comparative genomic hybridization) is a molecular-cytogenetic examination that analyses copy number variations (CNV) of the entire genome. It allows detection of unbalanced aberrations (sequence losses and gains), whose genomic locations are previously unknown.<\/p>\n<p>The principle of array CGH is a competition of reference and patient DNA, both fluorescently labeled, for binding to complementary sequences present on a microarray chip. The chip is a glass slide coated with oligonucleotides, BAC or SNP sequences that represent an entire human genome. Typically, 24-hour hybridization is followed by washing off unbound DNA. Subsequently, fluorescent signals of both the reference and the patient DNA are detected by a special scanner that can distinguish them. Dedicated software compares fluorochrome intensities and determines their ratio of each spot on the chip, thus analysing copy number of all sequences of the genome. Detected unbalanced aberrations are thus assessed on the gain-loss basis with a precise position in the genome. During data interpretation, the results are compared with gene databases available on the Internet.<\/p>\n<p>Method limitations: point mutations, balanced chromosomal aberrations, low-level mosaics, uniparental disomy, and triploidy\/polyploidy cannot be detected by array CGH.<\/p>\n<br \/>\n<p>The method is used in postnatal, prenatal, and preimplantation diagnostics. <\/p>\n<p>The array CGH examination is indicated in patients with a suspected congenital developmental defect associated with a genetic aberration that has been undetected using conventional cytogenetic and molecular-genetic methods.<\/p>\n<p>In prenatal cytogenetics, array CGH is the method of first choice, following a normal result of QF PCR.\n<a href=\"https:\/\/genetika-plzen.nullable.group\/en\/geneticka-ambulance\/lekarska-genetika-geneticke-vysetreni\/\">Medical Genetics - genetic examination<\/a> <\/p>\t\t\t\t\t\t\t\t<\/div>\n\t\t\t\t<\/div>\n\t\t\t\t\t<\/div>\n\t\t\t\t<\/div>\n\t\t<div class=\"elementor-element elementor-element-b8ece59 e-flex e-con-boxed e-con e-parent\" data-id=\"b8ece59\" data-element_type=\"container\" data-e-type=\"container\">\n\t\t\t\t\t<div class=\"e-con-inner\">\n\t\t\t\t<div class=\"elementor-element elementor-element-27e2716 elementor-widget elementor-widget-spacer\" data-id=\"27e2716\" data-element_type=\"widget\" data-e-type=\"widget\" data-widget_type=\"spacer.default\">\n\t\t\t\t<div class=\"elementor-widget-container\">\n\t\t\t\t\t\t\t<div class=\"elementor-spacer\">\n\t\t\t<div class=\"elementor-spacer-inner\"><\/div>\n\t\t<\/div>\n\t\t\t\t\t\t<\/div>\n\t\t\t\t<\/div>\n\t\t\t\t\t<\/div>\n\t\t\t\t<\/div>\n\t\t\t\t<\/div>","protected":false},"excerpt":{"rendered":"<p>Array CGH (komparativn\u00ed genomov\u00e1 hybridizace na \u010dipu) je molekul\u00e1rn\u011b cytogenetick\u00e9 vy\u0161et\u0159en\u00ed cel\u00e9ho genomu. Slou\u017e\u00ed k odhalen\u00ed nebalancovan\u00fdch aberac\u00ed (ztr\u00e1t a zisk\u016f sekvenc\u00ed), jejich\u017e um\u00edst\u011bn\u00ed v genomu nen\u00ed p\u0159edem zn\u00e1m\u00e9. Metoda je zalo\u017eena na kompetici, sout\u011b\u017een\u00ed, fluorescen\u010dn\u011b zna\u010den\u00e9 referen\u010dn\u00ed DNA se zna\u010denou DNA pacienta o komplement\u00e1rn\u00ed sekvence rozprost\u0159en\u00e9 na \u010dipu. Jako \u010dip je ozna\u010dov\u00e1no skl\u00ed\u010dko, na [&hellip;]<\/p>","protected":false},"author":9,"featured_media":0,"parent":7189,"menu_order":0,"comment_status":"closed","ping_status":"closed","template":"","meta":{"footnotes":""},"service-area":[28],"class_list":["post-7884","page","type-page","status-publish","hentry","service-area-cytogeneticka-laborator"],"yoast_head":"<!-- This site is optimized with the Yoast SEO plugin v20.2 - https:\/\/yoast.com\/wordpress\/plugins\/seo\/ -->\n<title>Celogenomov\u00e1 anal\u00fdza variant CNV | Genetika Plze\u0148<\/title>\n<meta name=\"robots\" content=\"index, follow, max-snippet:-1, max-image-preview:large, max-video-preview:-1\" \/>\n<link rel=\"canonical\" href=\"https:\/\/genetika-plzen.nullable.group\/en\/cytogeneticka-laborator\/celogenomova-analyza-variant-cnv\/\" \/>\n<meta property=\"og:locale\" content=\"en_GB\" \/>\n<meta property=\"og:type\" content=\"article\" \/>\n<meta property=\"og:title\" content=\"Celogenomov\u00e1 anal\u00fdza variant CNV | Genetika Plze\u0148\" \/>\n<meta property=\"og:description\" content=\"Array CGH (komparativn\u00ed genomov\u00e1 hybridizace na \u010dipu) je molekul\u00e1rn\u011b cytogenetick\u00e9 vy\u0161et\u0159en\u00ed cel\u00e9ho genomu. Slou\u017e\u00ed k odhalen\u00ed nebalancovan\u00fdch aberac\u00ed (ztr\u00e1t a zisk\u016f sekvenc\u00ed), jejich\u017e um\u00edst\u011bn\u00ed v genomu nen\u00ed p\u0159edem zn\u00e1m\u00e9. Metoda je zalo\u017eena na kompetici, sout\u011b\u017een\u00ed, fluorescen\u010dn\u011b zna\u010den\u00e9 referen\u010dn\u00ed DNA se zna\u010denou DNA pacienta o komplement\u00e1rn\u00ed sekvence rozprost\u0159en\u00e9 na \u010dipu. Jako \u010dip je ozna\u010dov\u00e1no skl\u00ed\u010dko, na [&hellip;]\" \/>\n<meta property=\"og:url\" content=\"https:\/\/genetika-plzen.nullable.group\/en\/cytogeneticka-laborator\/celogenomova-analyza-variant-cnv\/\" \/>\n<meta property=\"og:site_name\" content=\"Genetika Plze\u0148\" \/>\n<meta property=\"article:modified_time\" content=\"2024-02-23T00:38:26+00:00\" \/>\n<meta name=\"twitter:card\" content=\"summary_large_image\" \/>\n<meta name=\"twitter:label1\" content=\"Estimated reading time\" \/>\n\t<meta name=\"twitter:data1\" content=\"1 minute\" \/>\n<script type=\"application\/ld+json\" class=\"yoast-schema-graph\">{\"@context\":\"https:\/\/schema.org\",\"@graph\":[{\"@type\":\"WebPage\",\"@id\":\"https:\/\/genetika-plzen.nullable.group\/cytogeneticka-laborator\/celogenomova-analyza-variant-cnv\/\",\"url\":\"https:\/\/genetika-plzen.nullable.group\/cytogeneticka-laborator\/celogenomova-analyza-variant-cnv\/\",\"name\":\"Celogenomov\u00e1 anal\u00fdza variant CNV | Genetika Plze\u0148\",\"isPartOf\":{\"@id\":\"https:\/\/genetika-plzen.nullable.group\/#website\"},\"datePublished\":\"2024-02-15T21:48:16+00:00\",\"dateModified\":\"2024-02-23T00:38:26+00:00\",\"breadcrumb\":{\"@id\":\"https:\/\/genetika-plzen.nullable.group\/cytogeneticka-laborator\/celogenomova-analyza-variant-cnv\/#breadcrumb\"},\"inLanguage\":\"en-GB\",\"potentialAction\":[{\"@type\":\"ReadAction\",\"target\":[\"https:\/\/genetika-plzen.nullable.group\/cytogeneticka-laborator\/celogenomova-analyza-variant-cnv\/\"]}]},{\"@type\":\"BreadcrumbList\",\"@id\":\"https:\/\/genetika-plzen.nullable.group\/cytogeneticka-laborator\/celogenomova-analyza-variant-cnv\/#breadcrumb\",\"itemListElement\":[{\"@type\":\"ListItem\",\"position\":1,\"name\":\"Home\",\"item\":\"https:\/\/genetika-plzen.nullable.group\/\"},{\"@type\":\"ListItem\",\"position\":2,\"name\":\"Cytogenetick\u00e1 laborato\u0159\",\"item\":\"https:\/\/genetika-plzen.nullable.group\/cytogeneticka-laborator\/\"},{\"@type\":\"ListItem\",\"position\":3,\"name\":\"Celogenomov\u00e1 anal\u00fdza variant CNV\"}]},{\"@type\":\"WebSite\",\"@id\":\"https:\/\/genetika-plzen.nullable.group\/#website\",\"url\":\"https:\/\/genetika-plzen.nullable.group\/\",\"name\":\"Genetika Plze\u0148\",\"description\":\"Genetika Plze\u0148\",\"publisher\":{\"@id\":\"https:\/\/genetika-plzen.nullable.group\/#organization\"},\"potentialAction\":[{\"@type\":\"SearchAction\",\"target\":{\"@type\":\"EntryPoint\",\"urlTemplate\":\"https:\/\/genetika-plzen.nullable.group\/?s={search_term_string}\"},\"query-input\":\"required name=search_term_string\"}],\"inLanguage\":\"en-GB\"},{\"@type\":\"Organization\",\"@id\":\"https:\/\/genetika-plzen.nullable.group\/#organization\",\"name\":\"Genetika Plze\u0148\",\"url\":\"https:\/\/genetika-plzen.nullable.group\/\",\"logo\":{\"@type\":\"ImageObject\",\"inLanguage\":\"en-GB\",\"@id\":\"https:\/\/genetika-plzen.nullable.group\/#\/schema\/logo\/image\/\",\"url\":\"https:\/\/genetika-plzen.nullable.group\/wp-content\/uploads\/2022\/07\/logo2.svg\",\"contentUrl\":\"https:\/\/genetika-plzen.nullable.group\/wp-content\/uploads\/2022\/07\/logo2.svg\",\"width\":286,\"height\":95,\"caption\":\"Genetika Plze\u0148\"},\"image\":{\"@id\":\"https:\/\/genetika-plzen.nullable.group\/#\/schema\/logo\/image\/\"}}]}<\/script>\n<!-- \/ Yoast SEO plugin. -->","yoast_head_json":{"title":"Celogenomov\u00e1 anal\u00fdza variant CNV | Genetika Plze\u0148","robots":{"index":"index","follow":"follow","max-snippet":"max-snippet:-1","max-image-preview":"max-image-preview:large","max-video-preview":"max-video-preview:-1"},"canonical":"https:\/\/genetika-plzen.nullable.group\/en\/cytogeneticka-laborator\/celogenomova-analyza-variant-cnv\/","og_locale":"en_GB","og_type":"article","og_title":"Celogenomov\u00e1 anal\u00fdza variant CNV | Genetika Plze\u0148","og_description":"Array CGH (komparativn\u00ed genomov\u00e1 hybridizace na \u010dipu) je molekul\u00e1rn\u011b cytogenetick\u00e9 vy\u0161et\u0159en\u00ed cel\u00e9ho genomu. Slou\u017e\u00ed k odhalen\u00ed nebalancovan\u00fdch aberac\u00ed (ztr\u00e1t a zisk\u016f sekvenc\u00ed), jejich\u017e um\u00edst\u011bn\u00ed v genomu nen\u00ed p\u0159edem zn\u00e1m\u00e9. Metoda je zalo\u017eena na kompetici, sout\u011b\u017een\u00ed, fluorescen\u010dn\u011b zna\u010den\u00e9 referen\u010dn\u00ed DNA se zna\u010denou DNA pacienta o komplement\u00e1rn\u00ed sekvence rozprost\u0159en\u00e9 na \u010dipu. Jako \u010dip je ozna\u010dov\u00e1no skl\u00ed\u010dko, na [&hellip;]","og_url":"https:\/\/genetika-plzen.nullable.group\/en\/cytogeneticka-laborator\/celogenomova-analyza-variant-cnv\/","og_site_name":"Genetika Plze\u0148","article_modified_time":"2024-02-23T00:38:26+00:00","twitter_card":"summary_large_image","twitter_misc":{"Estimated reading time":"1 minute"},"schema":{"@context":"https:\/\/schema.org","@graph":[{"@type":"WebPage","@id":"https:\/\/genetika-plzen.nullable.group\/cytogeneticka-laborator\/celogenomova-analyza-variant-cnv\/","url":"https:\/\/genetika-plzen.nullable.group\/cytogeneticka-laborator\/celogenomova-analyza-variant-cnv\/","name":"Celogenomov\u00e1 anal\u00fdza variant CNV | Genetika Plze\u0148","isPartOf":{"@id":"https:\/\/genetika-plzen.nullable.group\/#website"},"datePublished":"2024-02-15T21:48:16+00:00","dateModified":"2024-02-23T00:38:26+00:00","breadcrumb":{"@id":"https:\/\/genetika-plzen.nullable.group\/cytogeneticka-laborator\/celogenomova-analyza-variant-cnv\/#breadcrumb"},"inLanguage":"en-GB","potentialAction":[{"@type":"ReadAction","target":["https:\/\/genetika-plzen.nullable.group\/cytogeneticka-laborator\/celogenomova-analyza-variant-cnv\/"]}]},{"@type":"BreadcrumbList","@id":"https:\/\/genetika-plzen.nullable.group\/cytogeneticka-laborator\/celogenomova-analyza-variant-cnv\/#breadcrumb","itemListElement":[{"@type":"ListItem","position":1,"name":"Home","item":"https:\/\/genetika-plzen.nullable.group\/"},{"@type":"ListItem","position":2,"name":"Cytogenetick\u00e1 laborato\u0159","item":"https:\/\/genetika-plzen.nullable.group\/cytogeneticka-laborator\/"},{"@type":"ListItem","position":3,"name":"Celogenomov\u00e1 anal\u00fdza variant CNV"}]},{"@type":"WebSite","@id":"https:\/\/genetika-plzen.nullable.group\/#website","url":"https:\/\/genetika-plzen.nullable.group\/","name":"Genetika Plze\u0148","description":"Genetika Plze\u0148","publisher":{"@id":"https:\/\/genetika-plzen.nullable.group\/#organization"},"potentialAction":[{"@type":"SearchAction","target":{"@type":"EntryPoint","urlTemplate":"https:\/\/genetika-plzen.nullable.group\/?s={search_term_string}"},"query-input":"required name=search_term_string"}],"inLanguage":"en-GB"},{"@type":"Organization","@id":"https:\/\/genetika-plzen.nullable.group\/#organization","name":"Genetika Plze\u0148","url":"https:\/\/genetika-plzen.nullable.group\/","logo":{"@type":"ImageObject","inLanguage":"en-GB","@id":"https:\/\/genetika-plzen.nullable.group\/#\/schema\/logo\/image\/","url":"https:\/\/genetika-plzen.nullable.group\/wp-content\/uploads\/2022\/07\/logo2.svg","contentUrl":"https:\/\/genetika-plzen.nullable.group\/wp-content\/uploads\/2022\/07\/logo2.svg","width":286,"height":95,"caption":"Genetika Plze\u0148"},"image":{"@id":"https:\/\/genetika-plzen.nullable.group\/#\/schema\/logo\/image\/"}}]}},"_links":{"self":[{"href":"https:\/\/genetika-plzen.nullable.group\/en\/wp-json\/wp\/v2\/pages\/7884","targetHints":{"allow":["GET"]}}],"collection":[{"href":"https:\/\/genetika-plzen.nullable.group\/en\/wp-json\/wp\/v2\/pages"}],"about":[{"href":"https:\/\/genetika-plzen.nullable.group\/en\/wp-json\/wp\/v2\/types\/page"}],"author":[{"embeddable":true,"href":"https:\/\/genetika-plzen.nullable.group\/en\/wp-json\/wp\/v2\/users\/9"}],"replies":[{"embeddable":true,"href":"https:\/\/genetika-plzen.nullable.group\/en\/wp-json\/wp\/v2\/comments?post=7884"}],"version-history":[{"count":10,"href":"https:\/\/genetika-plzen.nullable.group\/en\/wp-json\/wp\/v2\/pages\/7884\/revisions"}],"predecessor-version":[{"id":8335,"href":"https:\/\/genetika-plzen.nullable.group\/en\/wp-json\/wp\/v2\/pages\/7884\/revisions\/8335"}],"up":[{"embeddable":true,"href":"https:\/\/genetika-plzen.nullable.group\/en\/wp-json\/wp\/v2\/pages\/7189"}],"wp:attachment":[{"href":"https:\/\/genetika-plzen.nullable.group\/en\/wp-json\/wp\/v2\/media?parent=7884"}],"wp:term":[{"taxonomy":"service-area","embeddable":true,"href":"https:\/\/genetika-plzen.nullable.group\/en\/wp-json\/wp\/v2\/service-area?post=7884"}],"curies":[{"name":"wp","href":"https:\/\/api.w.org\/{rel}","templated":true}]}}