{"id":8068,"date":"2024-02-16T00:40:18","date_gmt":"2024-02-15T23:40:18","guid":{"rendered":"https:\/\/genetika-plzen.nullable.group\/?page_id=8068"},"modified":"2024-05-16T09:16:42","modified_gmt":"2024-05-16T07:16:42","slug":"prohlaseni-o-zpracovani-osobnich-udaju-a-informacni-sdeleni-gdpr","status":"publish","type":"page","link":"https:\/\/genetika-plzen.nullable.group\/en\/prohlaseni-o-zpracovani-osobnich-udaju-a-informacni-sdeleni-gdpr\/","title":{"rendered":"Statement on the processing of personal data and information communication (GDPR)"},"content":{"rendered":"<div data-elementor-type=\"wp-page\" data-elementor-id=\"8068\" class=\"elementor elementor-8068\">\n\t\t\t\t<div class=\"elementor-element elementor-element-8a33c64 e-flex e-con-boxed e-con e-parent\" data-id=\"8a33c64\" data-element_type=\"container\" data-e-type=\"container\">\n\t\t\t\t\t<div class=\"e-con-inner\">\n\t\t\t\t<div class=\"elementor-element elementor-element-197242b elementor-widget elementor-widget-spacer\" data-id=\"197242b\" data-element_type=\"widget\" data-e-type=\"widget\" data-widget_type=\"spacer.default\">\n\t\t\t\t<div class=\"elementor-widget-container\">\n\t\t\t\t\t\t\t<div class=\"elementor-spacer\">\n\t\t\t<div class=\"elementor-spacer-inner\"><\/div>\n\t\t<\/div>\n\t\t\t\t\t\t<\/div>\n\t\t\t\t<\/div>\n\t\t\t\t\t<\/div>\n\t\t\t\t<\/div>\n\t\t<div class=\"elementor-element elementor-element-ed916dd e-flex e-con-boxed e-con e-parent\" data-id=\"ed916dd\" data-element_type=\"container\" data-e-type=\"container\">\n\t\t\t\t\t<div class=\"e-con-inner\">\n\t\t\t\t<div class=\"elementor-element elementor-element-87f2e56 elementor-widget elementor-widget-text-editor\" data-id=\"87f2e56\" data-element_type=\"widget\" data-e-type=\"widget\" data-widget_type=\"text-editor.default\">\n\t\t\t\t<div class=\"elementor-widget-container\">\n\t\t\t\t\t\t\t\t\t<p>We would like to assure you that our company has been taking the protection of personal data very seriously for a long time, and preparing for GDPR was one of the priorities we focused on.<\/p>\n\n<p>Given that, in preparation for the GDPR, our company adapted its internal processes and systems to this new legal regulation to the maximum extent possible (including strengthening security), trained its employees and took a number of other measures (e.g. appointing a personal data protection officer ), we are still able to guarantee you that even with the advent of the GDPR, all personal data processed by us will be subject to a high standard of their protection. It is also a matter of course to ensure the proper fulfillment of the rights and obligations that the GDPR brings to us as the so-called administrators of personal data.<\/p>\n\n<p>In case of any questions regarding the protection of personal data and our mutual cooperation, do not hesitate to contact the e-mail contact gdpr-cz@next-clinics.com.<\/p>\n\n<p><br>\nData Protection Officer<br>\nJankovcova 1518\/2, Hole\u0161ovice, 170&nbsp;00&nbsp;Praha 7<br>\ne-mail:&nbsp;<a href=\"mailto:gdpr-cz@next-clinics.com\">gdpr-cz@next-clinics.com<\/a>.<\/p>\n\n<p>Genetika Plze\u0148, s.r.o. with registered office at Parkov\u00e1 1254\/11a, Plze\u0148 \u2013 \u010cernice, ID: 26357623 and Genetika West, s.r.o. with registered office B\u011blehradsk\u00e1 1042\/14, 360 01 Karlovy Vary, ID number: 29106567 belongs to the NEXTCLINICS Czech a.s. group, which issues this Statement on the processing of personal data and information communications, in accordance with Regulation 2016\/679 of the European Parliament and of the Council on the protection of physical persons in connection with the processing of personal data and instruction of data subjects, which takes effect on 05\/25\/2018.<\/p>\t\t\t\t\t\t\t\t<\/div>\n\t\t\t\t<\/div>\n\t\t\t\t\t<\/div>\n\t\t\t\t<\/div>\n\t\t<div class=\"elementor-element elementor-element-6fa2953 e-flex e-con-boxed e-con e-parent\" data-id=\"6fa2953\" data-element_type=\"container\" data-e-type=\"container\">\n\t\t\t\t\t<div class=\"e-con-inner\">\n\t\t<div class=\"elementor-element elementor-element-986b5e2 e-flex e-con-boxed e-con e-parent\" data-id=\"986b5e2\" data-element_type=\"container\" data-e-type=\"container\">\n\t\t\t\t\t<div class=\"e-con-inner\">\n\t\t<div class=\"elementor-element elementor-element-1e83bc3 e-flex e-con-boxed e-con e-parent\" data-id=\"1e83bc3\" data-element_type=\"container\" data-e-type=\"container\">\n\t\t\t\t\t<div class=\"e-con-inner\">\n\t\t\t\t<div class=\"elementor-element elementor-element-4b932a5 elementor-widget elementor-widget-image\" data-id=\"4b932a5\" data-element_type=\"widget\" data-e-type=\"widget\" data-widget_type=\"image.default\">\n\t\t\t\t<div class=\"elementor-widget-container\">\n\t\t\t\t\t\t\t\t\t\t\t\t\t\t\t<img decoding=\"async\" width=\"56\" height=\"56\" src=\"https:\/\/genetika-plzen.nullable.group\/wp-content\/uploads\/2024\/02\/pdf.svg\" class=\"attachment-thumbnail size-thumbnail wp-image-7337\" alt=\"\" \/>\t\t\t\t\t\t\t\t\t\t\t\t\t\t\t<\/div>\n\t\t\t\t<\/div>\n\t\t\t\t<div class=\"elementor-element elementor-element-0419e4f elementor-button-info elementor-widget elementor-widget-button\" data-id=\"0419e4f\" data-element_type=\"widget\" data-e-type=\"widget\" data-widget_type=\"button.default\">\n\t\t\t\t<div class=\"elementor-widget-container\">\n\t\t\t\t\t\t\t\t\t<div class=\"elementor-button-wrapper\">\n\t\t\t\t\t<a class=\"elementor-button elementor-button-link elementor-size-sm\" href=\"\/wp-content\/uploads\/2024\/02\/gdpr_eng.pdf\">\n\t\t\t\t\t\t<span class=\"elementor-button-content-wrapper\">\n\t\t\t\t\t\t\t\t\t<span class=\"elementor-button-text\">GDPR GENETIKA PLZE\u0147<\/span>\n\t\t\t\t\t<\/span>\n\t\t\t\t\t<\/a>\n\t\t\t\t<\/div>\n\t\t\t\t\t\t\t\t<\/div>\n\t\t\t\t<\/div>\n\t\t\t\t\t<\/div>\n\t\t\t\t<\/div>\n\t\t<div class=\"elementor-element elementor-element-9479140 e-flex e-con-boxed e-con e-parent\" data-id=\"9479140\" data-element_type=\"container\" data-e-type=\"container\">\n\t\t\t\t\t<div class=\"e-con-inner\">\n\t\t\t\t<div class=\"elementor-element elementor-element-0ef1a00 elementor-widget elementor-widget-image\" data-id=\"0ef1a00\" data-element_type=\"widget\" data-e-type=\"widget\" data-widget_type=\"image.default\">\n\t\t\t\t<div class=\"elementor-widget-container\">\n\t\t\t\t\t\t\t\t\t\t\t\t\t\t\t<img decoding=\"async\" width=\"56\" height=\"56\" src=\"https:\/\/genetika-plzen.nullable.group\/wp-content\/uploads\/2024\/02\/pdf.svg\" class=\"attachment-thumbnail size-thumbnail wp-image-7337\" alt=\"\" \/>\t\t\t\t\t\t\t\t\t\t\t\t\t\t\t<\/div>\n\t\t\t\t<\/div>\n\t\t\t\t<div class=\"elementor-element elementor-element-98ac735 elementor-button-info elementor-widget elementor-widget-button\" data-id=\"98ac735\" data-element_type=\"widget\" data-e-type=\"widget\" data-widget_type=\"button.default\">\n\t\t\t\t<div class=\"elementor-widget-container\">\n\t\t\t\t\t\t\t\t\t<div class=\"elementor-button-wrapper\">\n\t\t\t\t\t<a class=\"elementor-button elementor-button-link elementor-size-sm\" href=\"\/wp-content\/uploads\/2024\/02\/prohlaseni_gdpr_genetika_west_cz.pdf\">\n\t\t\t\t\t\t<span class=\"elementor-button-content-wrapper\">\n\t\t\t\t\t\t\t\t\t<span class=\"elementor-button-text\">GDPR STATEMENT GENETIKA WEST<\/span>\n\t\t\t\t\t<\/span>\n\t\t\t\t\t<\/a>\n\t\t\t\t<\/div>\n\t\t\t\t\t\t\t\t<\/div>\n\t\t\t\t<\/div>\n\t\t\t\t\t<\/div>\n\t\t\t\t<\/div>\n\t\t\t\t\t<\/div>\n\t\t\t\t<\/div>\n\t\t\t\t<div class=\"elementor-element elementor-element-d442b4a elementor-widget elementor-widget-spacer\" data-id=\"d442b4a\" data-element_type=\"widget\" data-e-type=\"widget\" data-widget_type=\"spacer.default\">\n\t\t\t\t<div class=\"elementor-widget-container\">\n\t\t\t\t\t\t\t<div class=\"elementor-spacer\">\n\t\t\t<div class=\"elementor-spacer-inner\"><\/div>\n\t\t<\/div>\n\t\t\t\t\t\t<\/div>\n\t\t\t\t<\/div>\n\t\t\t\t\t<\/div>\n\t\t\t\t<\/div>\n\t\t\t\t<\/div>","protected":false},"excerpt":{"rendered":"<p>Cht\u011bli bychom V\u00e1s t\u00edmto ujistit, \u017ee na\u0161e spole\u010dnost dlouhodob\u011b bere ochranu osobn\u00edch \u00fadaj\u016f velmi v\u00e1\u017en\u011b a&nbsp;p\u0159\u00edprava na&nbsp;GDPR byla jednou z&nbsp;priorit, kter\u00e9 jsme se&nbsp;v\u011bnovali. Vzhledem k&nbsp;tomu, \u017ee na\u0161e spole\u010dnost v&nbsp;r\u00e1mci p\u0159\u00edpravy na&nbsp;GDPR v&nbsp;maxim\u00e1ln\u00ed mo\u017en\u00e9 m\u00ed\u0159e t\u00e9to nov\u00e9 pr\u00e1vn\u00ed \u00faprav\u011b p\u0159izp\u016fsobila sv\u00e9 intern\u00ed procesy a&nbsp;syst\u00e9my (v\u010d.&nbsp;pos\u00edlen\u00ed zabezpe\u010den\u00ed), pro\u0161kolila sv\u00e9 zam\u011bstnance a&nbsp;u\u010dinila \u0159adu dal\u0161\u00edch opat\u0159en\u00ed (nap\u0159. jmenov\u00e1n\u00ed pov\u011b\u0159ence [&hellip;]<\/p>","protected":false},"author":9,"featured_media":0,"parent":0,"menu_order":0,"comment_status":"closed","ping_status":"closed","template":"","meta":{"footnotes":""},"service-area":[40],"class_list":["post-8068","page","type-page","status-publish","hentry","service-area-genetika-plzen"],"yoast_head":"<!-- This site is optimized with the Yoast SEO plugin v20.2 - https:\/\/yoast.com\/wordpress\/plugins\/seo\/ -->\n<title>Prohl\u00e1\u0161en\u00ed o zpracov\u00e1n\u00ed osobn\u00edch \u00fadaj\u016f a informa\u010dn\u00ed sd\u011blen\u00ed (GDPR) | Genetika Plze\u0148<\/title>\n<meta name=\"robots\" content=\"index, follow, max-snippet:-1, max-image-preview:large, max-video-preview:-1\" \/>\n<link rel=\"canonical\" href=\"https:\/\/genetika-plzen.nullable.group\/en\/prohlaseni-o-zpracovani-osobnich-udaju-a-informacni-sdeleni-gdpr\/\" \/>\n<meta property=\"og:locale\" content=\"en_GB\" \/>\n<meta property=\"og:type\" content=\"article\" \/>\n<meta property=\"og:title\" content=\"Prohl\u00e1\u0161en\u00ed o zpracov\u00e1n\u00ed osobn\u00edch \u00fadaj\u016f a informa\u010dn\u00ed sd\u011blen\u00ed (GDPR) | Genetika Plze\u0148\" \/>\n<meta property=\"og:description\" content=\"Cht\u011bli bychom V\u00e1s t\u00edmto ujistit, \u017ee na\u0161e spole\u010dnost dlouhodob\u011b bere ochranu osobn\u00edch \u00fadaj\u016f velmi v\u00e1\u017en\u011b a&nbsp;p\u0159\u00edprava na&nbsp;GDPR byla jednou z&nbsp;priorit, kter\u00e9 jsme se&nbsp;v\u011bnovali. Vzhledem k&nbsp;tomu, \u017ee na\u0161e spole\u010dnost v&nbsp;r\u00e1mci p\u0159\u00edpravy na&nbsp;GDPR v&nbsp;maxim\u00e1ln\u00ed mo\u017en\u00e9 m\u00ed\u0159e t\u00e9to nov\u00e9 pr\u00e1vn\u00ed \u00faprav\u011b p\u0159izp\u016fsobila sv\u00e9 intern\u00ed procesy a&nbsp;syst\u00e9my (v\u010d.&nbsp;pos\u00edlen\u00ed zabezpe\u010den\u00ed), pro\u0161kolila sv\u00e9 zam\u011bstnance a&nbsp;u\u010dinila \u0159adu dal\u0161\u00edch opat\u0159en\u00ed (nap\u0159. jmenov\u00e1n\u00ed pov\u011b\u0159ence [&hellip;]\" \/>\n<meta property=\"og:url\" content=\"https:\/\/genetika-plzen.nullable.group\/en\/prohlaseni-o-zpracovani-osobnich-udaju-a-informacni-sdeleni-gdpr\/\" \/>\n<meta property=\"og:site_name\" content=\"Genetika Plze\u0148\" \/>\n<meta property=\"article:modified_time\" content=\"2024-05-16T07:16:42+00:00\" \/>\n<meta property=\"og:image\" content=\"https:\/\/www.genetika-plzen.cz\/wp-content\/uploads\/2024\/02\/pdf.svg\" \/>\n<meta name=\"twitter:card\" content=\"summary_large_image\" \/>\n<meta name=\"twitter:label1\" content=\"Estimated reading time\" \/>\n\t<meta name=\"twitter:data1\" content=\"2 minutes\" \/>\n<script type=\"application\/ld+json\" class=\"yoast-schema-graph\">{\"@context\":\"https:\/\/schema.org\",\"@graph\":[{\"@type\":\"WebPage\",\"@id\":\"https:\/\/genetika-plzen.nullable.group\/prohlaseni-o-zpracovani-osobnich-udaju-a-informacni-sdeleni-gdpr\/\",\"url\":\"https:\/\/genetika-plzen.nullable.group\/prohlaseni-o-zpracovani-osobnich-udaju-a-informacni-sdeleni-gdpr\/\",\"name\":\"Prohl\u00e1\u0161en\u00ed o zpracov\u00e1n\u00ed osobn\u00edch \u00fadaj\u016f a informa\u010dn\u00ed sd\u011blen\u00ed (GDPR) | Genetika Plze\u0148\",\"isPartOf\":{\"@id\":\"https:\/\/genetika-plzen.nullable.group\/#website\"},\"datePublished\":\"2024-02-15T23:40:18+00:00\",\"dateModified\":\"2024-05-16T07:16:42+00:00\",\"breadcrumb\":{\"@id\":\"https:\/\/genetika-plzen.nullable.group\/prohlaseni-o-zpracovani-osobnich-udaju-a-informacni-sdeleni-gdpr\/#breadcrumb\"},\"inLanguage\":\"en-GB\",\"potentialAction\":[{\"@type\":\"ReadAction\",\"target\":[\"https:\/\/genetika-plzen.nullable.group\/prohlaseni-o-zpracovani-osobnich-udaju-a-informacni-sdeleni-gdpr\/\"]}]},{\"@type\":\"BreadcrumbList\",\"@id\":\"https:\/\/genetika-plzen.nullable.group\/prohlaseni-o-zpracovani-osobnich-udaju-a-informacni-sdeleni-gdpr\/#breadcrumb\",\"itemListElement\":[{\"@type\":\"ListItem\",\"position\":1,\"name\":\"Home\",\"item\":\"https:\/\/genetika-plzen.nullable.group\/\"},{\"@type\":\"ListItem\",\"position\":2,\"name\":\"Prohl\u00e1\u0161en\u00ed o zpracov\u00e1n\u00ed osobn\u00edch \u00fadaj\u016f a informa\u010dn\u00ed sd\u011blen\u00ed (GDPR)\"}]},{\"@type\":\"WebSite\",\"@id\":\"https:\/\/genetika-plzen.nullable.group\/#website\",\"url\":\"https:\/\/genetika-plzen.nullable.group\/\",\"name\":\"Genetika Plze\u0148\",\"description\":\"Genetika Plze\u0148\",\"publisher\":{\"@id\":\"https:\/\/genetika-plzen.nullable.group\/#organization\"},\"potentialAction\":[{\"@type\":\"SearchAction\",\"target\":{\"@type\":\"EntryPoint\",\"urlTemplate\":\"https:\/\/genetika-plzen.nullable.group\/?s={search_term_string}\"},\"query-input\":\"required name=search_term_string\"}],\"inLanguage\":\"en-GB\"},{\"@type\":\"Organization\",\"@id\":\"https:\/\/genetika-plzen.nullable.group\/#organization\",\"name\":\"Genetika Plze\u0148\",\"url\":\"https:\/\/genetika-plzen.nullable.group\/\",\"logo\":{\"@type\":\"ImageObject\",\"inLanguage\":\"en-GB\",\"@id\":\"https:\/\/genetika-plzen.nullable.group\/#\/schema\/logo\/image\/\",\"url\":\"https:\/\/genetika-plzen.nullable.group\/wp-content\/uploads\/2022\/07\/logo2.svg\",\"contentUrl\":\"https:\/\/genetika-plzen.nullable.group\/wp-content\/uploads\/2022\/07\/logo2.svg\",\"width\":286,\"height\":95,\"caption\":\"Genetika Plze\u0148\"},\"image\":{\"@id\":\"https:\/\/genetika-plzen.nullable.group\/#\/schema\/logo\/image\/\"}}]}<\/script>\n<!-- \/ Yoast SEO plugin. -->","yoast_head_json":{"title":"Prohl\u00e1\u0161en\u00ed o zpracov\u00e1n\u00ed osobn\u00edch \u00fadaj\u016f a informa\u010dn\u00ed sd\u011blen\u00ed (GDPR) | Genetika Plze\u0148","robots":{"index":"index","follow":"follow","max-snippet":"max-snippet:-1","max-image-preview":"max-image-preview:large","max-video-preview":"max-video-preview:-1"},"canonical":"https:\/\/genetika-plzen.nullable.group\/en\/prohlaseni-o-zpracovani-osobnich-udaju-a-informacni-sdeleni-gdpr\/","og_locale":"en_GB","og_type":"article","og_title":"Prohl\u00e1\u0161en\u00ed o zpracov\u00e1n\u00ed osobn\u00edch \u00fadaj\u016f a informa\u010dn\u00ed sd\u011blen\u00ed (GDPR) | Genetika Plze\u0148","og_description":"Cht\u011bli bychom V\u00e1s t\u00edmto ujistit, \u017ee na\u0161e spole\u010dnost dlouhodob\u011b bere ochranu osobn\u00edch \u00fadaj\u016f velmi v\u00e1\u017en\u011b a&nbsp;p\u0159\u00edprava na&nbsp;GDPR byla jednou z&nbsp;priorit, kter\u00e9 jsme se&nbsp;v\u011bnovali. Vzhledem k&nbsp;tomu, \u017ee na\u0161e spole\u010dnost v&nbsp;r\u00e1mci p\u0159\u00edpravy na&nbsp;GDPR v&nbsp;maxim\u00e1ln\u00ed mo\u017en\u00e9 m\u00ed\u0159e t\u00e9to nov\u00e9 pr\u00e1vn\u00ed \u00faprav\u011b p\u0159izp\u016fsobila sv\u00e9 intern\u00ed procesy a&nbsp;syst\u00e9my (v\u010d.&nbsp;pos\u00edlen\u00ed zabezpe\u010den\u00ed), pro\u0161kolila sv\u00e9 zam\u011bstnance a&nbsp;u\u010dinila \u0159adu dal\u0161\u00edch opat\u0159en\u00ed (nap\u0159. jmenov\u00e1n\u00ed pov\u011b\u0159ence [&hellip;]","og_url":"https:\/\/genetika-plzen.nullable.group\/en\/prohlaseni-o-zpracovani-osobnich-udaju-a-informacni-sdeleni-gdpr\/","og_site_name":"Genetika Plze\u0148","article_modified_time":"2024-05-16T07:16:42+00:00","og_image":[{"url":"https:\/\/www.genetika-plzen.cz\/wp-content\/uploads\/2024\/02\/pdf.svg"}],"twitter_card":"summary_large_image","twitter_misc":{"Estimated reading time":"2 minutes"},"schema":{"@context":"https:\/\/schema.org","@graph":[{"@type":"WebPage","@id":"https:\/\/genetika-plzen.nullable.group\/prohlaseni-o-zpracovani-osobnich-udaju-a-informacni-sdeleni-gdpr\/","url":"https:\/\/genetika-plzen.nullable.group\/prohlaseni-o-zpracovani-osobnich-udaju-a-informacni-sdeleni-gdpr\/","name":"Prohl\u00e1\u0161en\u00ed o zpracov\u00e1n\u00ed osobn\u00edch \u00fadaj\u016f a informa\u010dn\u00ed sd\u011blen\u00ed (GDPR) | Genetika Plze\u0148","isPartOf":{"@id":"https:\/\/genetika-plzen.nullable.group\/#website"},"datePublished":"2024-02-15T23:40:18+00:00","dateModified":"2024-05-16T07:16:42+00:00","breadcrumb":{"@id":"https:\/\/genetika-plzen.nullable.group\/prohlaseni-o-zpracovani-osobnich-udaju-a-informacni-sdeleni-gdpr\/#breadcrumb"},"inLanguage":"en-GB","potentialAction":[{"@type":"ReadAction","target":["https:\/\/genetika-plzen.nullable.group\/prohlaseni-o-zpracovani-osobnich-udaju-a-informacni-sdeleni-gdpr\/"]}]},{"@type":"BreadcrumbList","@id":"https:\/\/genetika-plzen.nullable.group\/prohlaseni-o-zpracovani-osobnich-udaju-a-informacni-sdeleni-gdpr\/#breadcrumb","itemListElement":[{"@type":"ListItem","position":1,"name":"Home","item":"https:\/\/genetika-plzen.nullable.group\/"},{"@type":"ListItem","position":2,"name":"Prohl\u00e1\u0161en\u00ed o zpracov\u00e1n\u00ed osobn\u00edch \u00fadaj\u016f a informa\u010dn\u00ed sd\u011blen\u00ed (GDPR)"}]},{"@type":"WebSite","@id":"https:\/\/genetika-plzen.nullable.group\/#website","url":"https:\/\/genetika-plzen.nullable.group\/","name":"Genetika Plze\u0148","description":"Genetika Plze\u0148","publisher":{"@id":"https:\/\/genetika-plzen.nullable.group\/#organization"},"potentialAction":[{"@type":"SearchAction","target":{"@type":"EntryPoint","urlTemplate":"https:\/\/genetika-plzen.nullable.group\/?s={search_term_string}"},"query-input":"required name=search_term_string"}],"inLanguage":"en-GB"},{"@type":"Organization","@id":"https:\/\/genetika-plzen.nullable.group\/#organization","name":"Genetika Plze\u0148","url":"https:\/\/genetika-plzen.nullable.group\/","logo":{"@type":"ImageObject","inLanguage":"en-GB","@id":"https:\/\/genetika-plzen.nullable.group\/#\/schema\/logo\/image\/","url":"https:\/\/genetika-plzen.nullable.group\/wp-content\/uploads\/2022\/07\/logo2.svg","contentUrl":"https:\/\/genetika-plzen.nullable.group\/wp-content\/uploads\/2022\/07\/logo2.svg","width":286,"height":95,"caption":"Genetika Plze\u0148"},"image":{"@id":"https:\/\/genetika-plzen.nullable.group\/#\/schema\/logo\/image\/"}}]}},"_links":{"self":[{"href":"https:\/\/genetika-plzen.nullable.group\/en\/wp-json\/wp\/v2\/pages\/8068","targetHints":{"allow":["GET"]}}],"collection":[{"href":"https:\/\/genetika-plzen.nullable.group\/en\/wp-json\/wp\/v2\/pages"}],"about":[{"href":"https:\/\/genetika-plzen.nullable.group\/en\/wp-json\/wp\/v2\/types\/page"}],"author":[{"embeddable":true,"href":"https:\/\/genetika-plzen.nullable.group\/en\/wp-json\/wp\/v2\/users\/9"}],"replies":[{"embeddable":true,"href":"https:\/\/genetika-plzen.nullable.group\/en\/wp-json\/wp\/v2\/comments?post=8068"}],"version-history":[{"count":10,"href":"https:\/\/genetika-plzen.nullable.group\/en\/wp-json\/wp\/v2\/pages\/8068\/revisions"}],"predecessor-version":[{"id":8701,"href":"https:\/\/genetika-plzen.nullable.group\/en\/wp-json\/wp\/v2\/pages\/8068\/revisions\/8701"}],"wp:attachment":[{"href":"https:\/\/genetika-plzen.nullable.group\/en\/wp-json\/wp\/v2\/media?parent=8068"}],"wp:term":[{"taxonomy":"service-area","embeddable":true,"href":"https:\/\/genetika-plzen.nullable.group\/en\/wp-json\/wp\/v2\/service-area?post=8068"}],"curies":[{"name":"wp","href":"https:\/\/api.w.org\/{rel}","templated":true}]}}