{"id":8081,"date":"2024-02-16T00:47:17","date_gmt":"2024-02-15T23:47:17","guid":{"rendered":"https:\/\/genetika-plzen.nullable.group\/?page_id=8081"},"modified":"2024-02-16T00:48:42","modified_gmt":"2024-02-15T23:48:42","slug":"zajisteni-kvality","status":"publish","type":"page","link":"https:\/\/genetika-plzen.nullable.group\/en\/zajisteni-kvality\/","title":{"rendered":"Quality assurance"},"content":{"rendered":"<div data-elementor-type=\"wp-page\" data-elementor-id=\"8081\" class=\"elementor elementor-8081\">\n\t\t\t\t<div class=\"elementor-element elementor-element-c1b44f1 e-flex e-con-boxed e-con e-parent\" data-id=\"c1b44f1\" data-element_type=\"container\" data-e-type=\"container\">\n\t\t\t\t\t<div class=\"e-con-inner\">\n\t\t\t\t<div class=\"elementor-element elementor-element-f01a033 elementor-widget elementor-widget-spacer\" data-id=\"f01a033\" data-element_type=\"widget\" data-e-type=\"widget\" data-widget_type=\"spacer.default\">\n\t\t\t\t<div class=\"elementor-widget-container\">\n\t\t\t\t\t\t\t<div class=\"elementor-spacer\">\n\t\t\t<div class=\"elementor-spacer-inner\"><\/div>\n\t\t<\/div>\n\t\t\t\t\t\t<\/div>\n\t\t\t\t<\/div>\n\t\t\t\t\t<\/div>\n\t\t\t\t<\/div>\n\t\t<div class=\"elementor-element elementor-element-9693f34 e-flex e-con-boxed e-con e-parent\" data-id=\"9693f34\" data-element_type=\"container\" data-e-type=\"container\">\n\t\t\t\t\t<div class=\"e-con-inner\">\n\t\t\t\t<div class=\"elementor-element elementor-element-ce9641e elementor-widget elementor-widget-text-editor\" data-id=\"ce9641e\" data-element_type=\"widget\" data-e-type=\"widget\" data-widget_type=\"text-editor.default\">\n\t\t\t\t<div class=\"elementor-widget-container\">\n\t\t\t\t\t\t\t\t\t<p>Our genetic laboratory is <strong>accredited by the Czech Accreditation Institute (\u010cesk\u00fd institut pro akreditaci, o. p. s.)<\/strong> on the basis of evaluation of compliance with the accreditation criteria <strong>pursuant ISO 15189<\/strong>. Further to this, we are authorised to perform activities of diagnostic laboratory by the State Institute for Drug Control (S\u00daKL).<\/p>\n\n<p><a href=\"https:\/\/genetika-plzen.nullable.group\/en\/postup-pro-vyrizovani-stiznosti-genetika-plzen\/\">Procedure for handling complaints<\/a><\/p>\t\t\t\t\t\t\t\t<\/div>\n\t\t\t\t<\/div>\n\t\t\t\t<div class=\"elementor-element elementor-element-b3de6cb elementor-widget elementor-widget-heading\" data-id=\"b3de6cb\" data-element_type=\"widget\" data-e-type=\"widget\" data-widget_type=\"heading.default\">\n\t\t\t\t<div class=\"elementor-widget-container\">\n\t\t\t\t\t<h2 class=\"elementor-heading-title elementor-size-default\">Accreditation \u010cSN EN ISO 15189<\/h2>\t\t\t\t<\/div>\n\t\t\t\t<\/div>\n\t\t<div class=\"elementor-element elementor-element-7e77c28 e-flex e-con-boxed e-con e-parent\" data-id=\"7e77c28\" data-element_type=\"container\" data-e-type=\"container\">\n\t\t\t\t\t<div class=\"e-con-inner\">\n\t\t<div class=\"elementor-element elementor-element-d5f43b5 e-flex e-con-boxed e-con e-parent\" data-id=\"d5f43b5\" data-element_type=\"container\" data-e-type=\"container\">\n\t\t\t\t\t<div class=\"e-con-inner\">\n\t\t\t\t<div class=\"elementor-element elementor-element-97731ec elementor-widget elementor-widget-image\" data-id=\"97731ec\" data-element_type=\"widget\" data-e-type=\"widget\" data-widget_type=\"image.default\">\n\t\t\t\t<div class=\"elementor-widget-container\">\n\t\t\t\t\t\t\t\t\t\t\t\t\t\t\t<img decoding=\"async\" width=\"56\" height=\"56\" src=\"https:\/\/genetika-plzen.nullable.group\/wp-content\/uploads\/2024\/02\/pdf.svg\" class=\"attachment-thumbnail size-thumbnail wp-image-7337\" alt=\"\" \/>\t\t\t\t\t\t\t\t\t\t\t\t\t\t\t<\/div>\n\t\t\t\t<\/div>\n\t\t\t\t<div class=\"elementor-element elementor-element-31b0a10 elementor-button-info elementor-widget elementor-widget-button\" data-id=\"31b0a10\" data-element_type=\"widget\" data-e-type=\"widget\" data-widget_type=\"button.default\">\n\t\t\t\t<div class=\"elementor-widget-container\">\n\t\t\t\t\t\t\t\t\t<div class=\"elementor-button-wrapper\">\n\t\t\t\t\t<a class=\"elementor-button elementor-button-link elementor-size-sm\" href=\"\/wp-content\/uploads\/2024\/02\/oa_genetika_plzen_134_2023_cz_1.pdf\">\n\t\t\t\t\t\t<span class=\"elementor-button-content-wrapper\">\n\t\t\t\t\t\t\t\t\t<span class=\"elementor-button-text\">CERTIFICATE OF ACCREDITAION<\/span>\n\t\t\t\t\t<\/span>\n\t\t\t\t\t<\/a>\n\t\t\t\t<\/div>\n\t\t\t\t\t\t\t\t<\/div>\n\t\t\t\t<\/div>\n\t\t\t\t\t<\/div>\n\t\t\t\t<\/div>\n\t\t<div class=\"elementor-element elementor-element-f467d57 e-flex e-con-boxed e-con e-parent\" data-id=\"f467d57\" data-element_type=\"container\" data-e-type=\"container\">\n\t\t\t\t\t<div class=\"e-con-inner\">\n\t\t\t\t\t<\/div>\n\t\t\t\t<\/div>\n\t\t<div class=\"elementor-element elementor-element-41edd06 e-flex e-con-boxed e-con e-parent\" data-id=\"41edd06\" data-element_type=\"container\" data-e-type=\"container\">\n\t\t\t\t\t<div class=\"e-con-inner\">\n\t\t\t\t\t<\/div>\n\t\t\t\t<\/div>\n\t\t<div class=\"elementor-element elementor-element-8a36831 e-flex e-con-boxed e-con e-parent\" data-id=\"8a36831\" data-element_type=\"container\" data-e-type=\"container\">\n\t\t\t\t\t<div class=\"e-con-inner\">\n\t\t\t\t\t<\/div>\n\t\t\t\t<\/div>\n\t\t\t\t\t<\/div>\n\t\t\t\t<\/div>\n\t\t\t\t\t<\/div>\n\t\t\t\t<\/div>\n\t\t<div class=\"elementor-element elementor-element-f43b594 e-flex e-con-boxed e-con e-parent\" data-id=\"f43b594\" data-element_type=\"container\" data-e-type=\"container\">\n\t\t\t\t\t<div class=\"e-con-inner\">\n\t\t\t\t<div class=\"elementor-element elementor-element-621312a elementor-widget elementor-widget-spacer\" data-id=\"621312a\" data-element_type=\"widget\" data-e-type=\"widget\" data-widget_type=\"spacer.default\">\n\t\t\t\t<div class=\"elementor-widget-container\">\n\t\t\t\t\t\t\t<div class=\"elementor-spacer\">\n\t\t\t<div class=\"elementor-spacer-inner\"><\/div>\n\t\t<\/div>\n\t\t\t\t\t\t<\/div>\n\t\t\t\t<\/div>\n\t\t\t\t\t<\/div>\n\t\t\t\t<\/div>\n\t\t\t\t<\/div>","protected":false},"excerpt":{"rendered":"<p>Genetick\u00e1 laborato\u0159 je akreditov\u00e1na \u010cesk\u00fdm institutem pro&nbsp;akreditaci, o.p.s. na&nbsp;z\u00e1klad\u011b posouzen\u00ed spln\u011bn\u00ed akredita\u010dn\u00edch krit\u00e9ri\u00ed podle ISO&nbsp;15189.&nbsp;D\u00e1le m\u00e1 povolen\u00ed \u010dinnosti diagnostick\u00e9 laborato\u0159e od&nbsp;St\u00e1tn\u00edho \u00fastavu pro&nbsp;kontrolu l\u00e9\u010div. Postup pro&nbsp;vy\u0159izov\u00e1n\u00ed st\u00ed\u017enost\u00ed Akreditace \u010cSN EN ISO 15189\u200b OSV\u011aD\u010cEN\u00cd O AKREDITACI<\/p>","protected":false},"author":9,"featured_media":0,"parent":0,"menu_order":0,"comment_status":"closed","ping_status":"closed","template":"","meta":{"footnotes":""},"service-area":[40],"class_list":["post-8081","page","type-page","status-publish","hentry","service-area-genetika-plzen"],"yoast_head":"<!-- This site is optimized with the Yoast SEO plugin v20.2 - https:\/\/yoast.com\/wordpress\/plugins\/seo\/ -->\n<title>Zaji\u0161t\u011bn\u00ed kvality | Genetika Plze\u0148<\/title>\n<meta name=\"robots\" content=\"index, follow, max-snippet:-1, max-image-preview:large, max-video-preview:-1\" \/>\n<link rel=\"canonical\" href=\"https:\/\/genetika-plzen.nullable.group\/en\/zajisteni-kvality\/\" \/>\n<meta property=\"og:locale\" content=\"en_GB\" \/>\n<meta property=\"og:type\" content=\"article\" \/>\n<meta property=\"og:title\" content=\"Zaji\u0161t\u011bn\u00ed kvality | Genetika Plze\u0148\" \/>\n<meta property=\"og:description\" content=\"Genetick\u00e1 laborato\u0159 je akreditov\u00e1na \u010cesk\u00fdm institutem pro&nbsp;akreditaci, o.p.s. na&nbsp;z\u00e1klad\u011b posouzen\u00ed spln\u011bn\u00ed akredita\u010dn\u00edch krit\u00e9ri\u00ed podle ISO&nbsp;15189.&nbsp;D\u00e1le m\u00e1 povolen\u00ed \u010dinnosti diagnostick\u00e9 laborato\u0159e od&nbsp;St\u00e1tn\u00edho \u00fastavu pro&nbsp;kontrolu l\u00e9\u010div. Postup pro&nbsp;vy\u0159izov\u00e1n\u00ed st\u00ed\u017enost\u00ed Akreditace \u010cSN EN ISO 15189\u200b OSV\u011aD\u010cEN\u00cd O AKREDITACI\" \/>\n<meta property=\"og:url\" content=\"https:\/\/genetika-plzen.nullable.group\/en\/zajisteni-kvality\/\" \/>\n<meta property=\"og:site_name\" content=\"Genetika Plze\u0148\" \/>\n<meta property=\"article:modified_time\" content=\"2024-02-15T23:48:42+00:00\" \/>\n<meta property=\"og:image\" content=\"https:\/\/genetika-plzen.nullable.group\/wp-content\/uploads\/2024\/02\/pdf.svg\" \/>\n<meta name=\"twitter:card\" content=\"summary_large_image\" \/>\n<meta name=\"twitter:label1\" content=\"Estimated reading time\" \/>\n\t<meta name=\"twitter:data1\" content=\"1 minute\" \/>\n<script type=\"application\/ld+json\" class=\"yoast-schema-graph\">{\"@context\":\"https:\/\/schema.org\",\"@graph\":[{\"@type\":\"WebPage\",\"@id\":\"https:\/\/genetika-plzen.nullable.group\/zajisteni-kvality\/\",\"url\":\"https:\/\/genetika-plzen.nullable.group\/zajisteni-kvality\/\",\"name\":\"Zaji\u0161t\u011bn\u00ed kvality | Genetika Plze\u0148\",\"isPartOf\":{\"@id\":\"https:\/\/genetika-plzen.nullable.group\/#website\"},\"datePublished\":\"2024-02-15T23:47:17+00:00\",\"dateModified\":\"2024-02-15T23:48:42+00:00\",\"breadcrumb\":{\"@id\":\"https:\/\/genetika-plzen.nullable.group\/zajisteni-kvality\/#breadcrumb\"},\"inLanguage\":\"en-GB\",\"potentialAction\":[{\"@type\":\"ReadAction\",\"target\":[\"https:\/\/genetika-plzen.nullable.group\/zajisteni-kvality\/\"]}]},{\"@type\":\"BreadcrumbList\",\"@id\":\"https:\/\/genetika-plzen.nullable.group\/zajisteni-kvality\/#breadcrumb\",\"itemListElement\":[{\"@type\":\"ListItem\",\"position\":1,\"name\":\"Home\",\"item\":\"https:\/\/genetika-plzen.nullable.group\/\"},{\"@type\":\"ListItem\",\"position\":2,\"name\":\"Zaji\u0161t\u011bn\u00ed kvality\"}]},{\"@type\":\"WebSite\",\"@id\":\"https:\/\/genetika-plzen.nullable.group\/#website\",\"url\":\"https:\/\/genetika-plzen.nullable.group\/\",\"name\":\"Genetika Plze\u0148\",\"description\":\"Genetika Plze\u0148\",\"publisher\":{\"@id\":\"https:\/\/genetika-plzen.nullable.group\/#organization\"},\"potentialAction\":[{\"@type\":\"SearchAction\",\"target\":{\"@type\":\"EntryPoint\",\"urlTemplate\":\"https:\/\/genetika-plzen.nullable.group\/?s={search_term_string}\"},\"query-input\":\"required name=search_term_string\"}],\"inLanguage\":\"en-GB\"},{\"@type\":\"Organization\",\"@id\":\"https:\/\/genetika-plzen.nullable.group\/#organization\",\"name\":\"Genetika Plze\u0148\",\"url\":\"https:\/\/genetika-plzen.nullable.group\/\",\"logo\":{\"@type\":\"ImageObject\",\"inLanguage\":\"en-GB\",\"@id\":\"https:\/\/genetika-plzen.nullable.group\/#\/schema\/logo\/image\/\",\"url\":\"https:\/\/genetika-plzen.nullable.group\/wp-content\/uploads\/2022\/07\/logo2.svg\",\"contentUrl\":\"https:\/\/genetika-plzen.nullable.group\/wp-content\/uploads\/2022\/07\/logo2.svg\",\"width\":286,\"height\":95,\"caption\":\"Genetika Plze\u0148\"},\"image\":{\"@id\":\"https:\/\/genetika-plzen.nullable.group\/#\/schema\/logo\/image\/\"}}]}<\/script>\n<!-- \/ Yoast SEO plugin. -->","yoast_head_json":{"title":"Zaji\u0161t\u011bn\u00ed kvality | Genetika Plze\u0148","robots":{"index":"index","follow":"follow","max-snippet":"max-snippet:-1","max-image-preview":"max-image-preview:large","max-video-preview":"max-video-preview:-1"},"canonical":"https:\/\/genetika-plzen.nullable.group\/en\/zajisteni-kvality\/","og_locale":"en_GB","og_type":"article","og_title":"Zaji\u0161t\u011bn\u00ed kvality | Genetika Plze\u0148","og_description":"Genetick\u00e1 laborato\u0159 je akreditov\u00e1na \u010cesk\u00fdm institutem pro&nbsp;akreditaci, o.p.s. na&nbsp;z\u00e1klad\u011b posouzen\u00ed spln\u011bn\u00ed akredita\u010dn\u00edch krit\u00e9ri\u00ed podle ISO&nbsp;15189.&nbsp;D\u00e1le m\u00e1 povolen\u00ed \u010dinnosti diagnostick\u00e9 laborato\u0159e od&nbsp;St\u00e1tn\u00edho \u00fastavu pro&nbsp;kontrolu l\u00e9\u010div. Postup pro&nbsp;vy\u0159izov\u00e1n\u00ed st\u00ed\u017enost\u00ed Akreditace \u010cSN EN ISO 15189\u200b OSV\u011aD\u010cEN\u00cd O AKREDITACI","og_url":"https:\/\/genetika-plzen.nullable.group\/en\/zajisteni-kvality\/","og_site_name":"Genetika Plze\u0148","article_modified_time":"2024-02-15T23:48:42+00:00","og_image":[{"url":"https:\/\/genetika-plzen.nullable.group\/wp-content\/uploads\/2024\/02\/pdf.svg"}],"twitter_card":"summary_large_image","twitter_misc":{"Estimated reading time":"1 minute"},"schema":{"@context":"https:\/\/schema.org","@graph":[{"@type":"WebPage","@id":"https:\/\/genetika-plzen.nullable.group\/zajisteni-kvality\/","url":"https:\/\/genetika-plzen.nullable.group\/zajisteni-kvality\/","name":"Zaji\u0161t\u011bn\u00ed kvality | Genetika Plze\u0148","isPartOf":{"@id":"https:\/\/genetika-plzen.nullable.group\/#website"},"datePublished":"2024-02-15T23:47:17+00:00","dateModified":"2024-02-15T23:48:42+00:00","breadcrumb":{"@id":"https:\/\/genetika-plzen.nullable.group\/zajisteni-kvality\/#breadcrumb"},"inLanguage":"en-GB","potentialAction":[{"@type":"ReadAction","target":["https:\/\/genetika-plzen.nullable.group\/zajisteni-kvality\/"]}]},{"@type":"BreadcrumbList","@id":"https:\/\/genetika-plzen.nullable.group\/zajisteni-kvality\/#breadcrumb","itemListElement":[{"@type":"ListItem","position":1,"name":"Home","item":"https:\/\/genetika-plzen.nullable.group\/"},{"@type":"ListItem","position":2,"name":"Zaji\u0161t\u011bn\u00ed kvality"}]},{"@type":"WebSite","@id":"https:\/\/genetika-plzen.nullable.group\/#website","url":"https:\/\/genetika-plzen.nullable.group\/","name":"Genetika Plze\u0148","description":"Genetika Plze\u0148","publisher":{"@id":"https:\/\/genetika-plzen.nullable.group\/#organization"},"potentialAction":[{"@type":"SearchAction","target":{"@type":"EntryPoint","urlTemplate":"https:\/\/genetika-plzen.nullable.group\/?s={search_term_string}"},"query-input":"required name=search_term_string"}],"inLanguage":"en-GB"},{"@type":"Organization","@id":"https:\/\/genetika-plzen.nullable.group\/#organization","name":"Genetika Plze\u0148","url":"https:\/\/genetika-plzen.nullable.group\/","logo":{"@type":"ImageObject","inLanguage":"en-GB","@id":"https:\/\/genetika-plzen.nullable.group\/#\/schema\/logo\/image\/","url":"https:\/\/genetika-plzen.nullable.group\/wp-content\/uploads\/2022\/07\/logo2.svg","contentUrl":"https:\/\/genetika-plzen.nullable.group\/wp-content\/uploads\/2022\/07\/logo2.svg","width":286,"height":95,"caption":"Genetika Plze\u0148"},"image":{"@id":"https:\/\/genetika-plzen.nullable.group\/#\/schema\/logo\/image\/"}}]}},"_links":{"self":[{"href":"https:\/\/genetika-plzen.nullable.group\/en\/wp-json\/wp\/v2\/pages\/8081","targetHints":{"allow":["GET"]}}],"collection":[{"href":"https:\/\/genetika-plzen.nullable.group\/en\/wp-json\/wp\/v2\/pages"}],"about":[{"href":"https:\/\/genetika-plzen.nullable.group\/en\/wp-json\/wp\/v2\/types\/page"}],"author":[{"embeddable":true,"href":"https:\/\/genetika-plzen.nullable.group\/en\/wp-json\/wp\/v2\/users\/9"}],"replies":[{"embeddable":true,"href":"https:\/\/genetika-plzen.nullable.group\/en\/wp-json\/wp\/v2\/comments?post=8081"}],"version-history":[{"count":4,"href":"https:\/\/genetika-plzen.nullable.group\/en\/wp-json\/wp\/v2\/pages\/8081\/revisions"}],"predecessor-version":[{"id":8086,"href":"https:\/\/genetika-plzen.nullable.group\/en\/wp-json\/wp\/v2\/pages\/8081\/revisions\/8086"}],"wp:attachment":[{"href":"https:\/\/genetika-plzen.nullable.group\/en\/wp-json\/wp\/v2\/media?parent=8081"}],"wp:term":[{"taxonomy":"service-area","embeddable":true,"href":"https:\/\/genetika-plzen.nullable.group\/en\/wp-json\/wp\/v2\/service-area?post=8081"}],"curies":[{"name":"wp","href":"https:\/\/api.w.org\/{rel}","templated":true}]}}