{"id":8158,"date":"2024-02-17T16:02:51","date_gmt":"2024-02-17T15:02:51","guid":{"rendered":"https:\/\/genetika-plzen.nullable.group\/?page_id=8158"},"modified":"2025-09-24T06:01:54","modified_gmt":"2025-09-24T04:01:54","slug":"genetika-plzen","status":"publish","type":"page","link":"https:\/\/genetika-plzen.nullable.group\/en\/genetika-plzen\/","title":{"rendered":"Genetics Pilsen"},"content":{"rendered":"<div data-elementor-type=\"wp-page\" data-elementor-id=\"8158\" class=\"elementor elementor-8158\">\n\t\t\t\t<div class=\"elementor-element elementor-element-aeb9293 e-flex e-con-boxed e-con e-parent\" data-id=\"aeb9293\" data-element_type=\"container\" data-e-type=\"container\">\n\t\t\t\t\t<div class=\"e-con-inner\">\n\t\t\t\t<div class=\"elementor-element elementor-element-20ed48f elementor-widget elementor-widget-spacer\" data-id=\"20ed48f\" data-element_type=\"widget\" data-e-type=\"widget\" data-widget_type=\"spacer.default\">\n\t\t\t\t<div class=\"elementor-widget-container\">\n\t\t\t\t\t\t\t<div class=\"elementor-spacer\">\n\t\t\t<div class=\"elementor-spacer-inner\"><\/div>\n\t\t<\/div>\n\t\t\t\t\t\t<\/div>\n\t\t\t\t<\/div>\n\t\t\t\t\t<\/div>\n\t\t\t\t<\/div>\n\t\t<div class=\"elementor-element elementor-element-8a8972e e-flex e-con-boxed e-con e-parent\" data-id=\"8a8972e\" data-element_type=\"container\" data-e-type=\"container\">\n\t\t\t\t\t<div class=\"e-con-inner\">\n\t\t\t\t<div class=\"elementor-element elementor-element-5987bb6 elementor-widget elementor-widget-text-editor\" data-id=\"5987bb6\" data-element_type=\"widget\" data-e-type=\"widget\" data-widget_type=\"text-editor.default\">\n\t\t\t\t<div class=\"elementor-widget-container\">\n\t\t\t\t\t\t\t\t\t<p>The company\u00a0<strong>Genetics Pilsen was founded in 2002<\/strong>\u00a0by leading Czech geneticist <strong>Franti\u0161ek Lo\u0161an, M.D., PhD<\/strong>. Originally based in one out-patient department with a laboratory, he together with his son Petr has built a\u00a0<strong>modern department of clinical genetics<\/strong>, that is specialized, among others, in ultrasound detection of congenital defects. Thanks to the equipment that belongs to the best in the country, clients from abroad are also coming to Pilsen.<\/p><p>The company <strong>Genetika Plze\u0148, s.r.o.<\/strong> with its registered office at Parkov\u00e1 1254\/11a, \u010cernice, 326 00 Plze\u0148, registered at the Regional Court in Plze\u0148 under file number C 15141, ID number 26357623, is a member of the group <strong><a href=\"https:\/\/next-clinics.com\">NEXTCLINICS<\/a><\/strong>.<\/p><p>The company's main portfolio is <strong><a href=\"https:\/\/genetika-plzen.nullable.group\/en\/laborator-reprodukcni-imunologie\/\">genetic consultation related to reproduction<\/a><\/strong>. The offered consultancy involves two main areas. The first is for all <strong>pregnant women<\/strong>. It involves planning of the examinations needed to <strong><a href=\"https:\/\/genetika-plzen.nullable.group\/en\/geneticka-ambulance\/neinvazivni-vykony\/\">detect any possible congenital defects<\/a><\/strong>&nbsp;with the highest probability and as soon as possible. The second platform is intended for <strong>parents<\/strong>&nbsp;who are more likely to have a child with defects.<\/p><p><strong>Genetics Pilsen<\/strong> also examines <strong>infertile couples<\/strong>\u00a0or\u00a0<strong>families<\/strong>with a history of repeated cancer diseases, myocardial infarctions, strokes and other<strong> serious diseases<\/strong>, across generations. Furthermore, the company offers\u00a0<strong><a href=\"https:\/\/genetika-plzen.nullable.group\/en\/urceni-otcovstvi\/\">expert paternity determination<\/a><\/strong>.<\/p><p>The vast majority of all examinations are\u00a0<strong>covered by health insurance<\/strong>&nbsp;provided that these examinations are medically indicated.<\/p>\t\t\t\t\t\t\t\t<\/div>\n\t\t\t\t<\/div>\n\t\t\t\t\t<\/div>\n\t\t\t\t<\/div>\n\t\t<div class=\"elementor-element elementor-element-a13efa4 e-flex e-con-boxed e-con e-parent\" data-id=\"a13efa4\" data-element_type=\"container\" data-e-type=\"container\">\n\t\t\t\t\t<div class=\"e-con-inner\">\n\t\t\t\t<div class=\"elementor-element elementor-element-e3f88ae elementor-widget elementor-widget-image\" data-id=\"e3f88ae\" data-element_type=\"widget\" data-e-type=\"widget\" data-widget_type=\"image.default\">\n\t\t\t\t<div class=\"elementor-widget-container\">\n\t\t\t\t\t\t\t\t\t\t\t\t\t\t\t<img fetchpriority=\"high\" decoding=\"async\" width=\"250\" height=\"330\" src=\"https:\/\/genetika-plzen.nullable.group\/wp-content\/uploads\/2024\/02\/foto_kontakt.jpg\" class=\"attachment-large size-large wp-image-8160\" alt=\"\" srcset=\"https:\/\/genetika-plzen.nullable.group\/wp-content\/uploads\/2024\/02\/foto_kontakt.jpg 250w, https:\/\/genetika-plzen.nullable.group\/wp-content\/uploads\/2024\/02\/foto_kontakt-227x300.jpg 227w, https:\/\/genetika-plzen.nullable.group\/wp-content\/uploads\/2024\/02\/foto_kontakt-9x12.jpg 9w\" sizes=\"(max-width: 250px) 100vw, 250px\" \/>\t\t\t\t\t\t\t\t\t\t\t\t\t\t\t<\/div>\n\t\t\t\t<\/div>\n\t\t\t\t<div class=\"elementor-element elementor-element-e39acf5 elementor-widget elementor-widget-spacer\" data-id=\"e39acf5\" data-element_type=\"widget\" data-e-type=\"widget\" data-widget_type=\"spacer.default\">\n\t\t\t\t<div class=\"elementor-widget-container\">\n\t\t\t\t\t\t\t<div class=\"elementor-spacer\">\n\t\t\t<div class=\"elementor-spacer-inner\"><\/div>\n\t\t<\/div>\n\t\t\t\t\t\t<\/div>\n\t\t\t\t<\/div>\n\t\t\t\t\t<\/div>\n\t\t\t\t<\/div>\n\t\t\t\t<\/div>","protected":false},"excerpt":{"rendered":"<p>Spole\u010dnost\u00a0Genetika Plze\u0148 byla zalo\u017eena v\u00a0roce 2002\u00a0p\u0159edn\u00edm \u010desk\u00fdm genetikem Doc. Franti\u0161ek Lo\u0161anem. P\u016fvodn\u011b z\u00a0jedn\u00e9 ambulance s\u00a0laborato\u0159\u00ed vybudoval se\u00a0sv\u00fdm synem Petrem za\u00a0deset let\u00a0modern\u00ed pracovi\u0161t\u011b klinick\u00e9 genetiky, kter\u00e9 se specializuje mimo jin\u00e9 na ultrazvukovou detekci vrozen\u00fdch vad. D\u00edky p\u0159\u00edstroj\u016fm, kter\u00e9 pat\u0159\u00ed k nejlep\u0161\u00edm v zemi, se do Plzn\u011b sj\u00ed\u017ed\u00ed i\u00a0zahrani\u010dn\u00ed klientela. Spole\u010dnost Genetika Plze\u0148, s.r.o. se s\u00eddlem Parkov\u00e1 [&hellip;]<\/p>","protected":false},"author":9,"featured_media":0,"parent":0,"menu_order":0,"comment_status":"closed","ping_status":"closed","template":"","meta":{"footnotes":""},"service-area":[40],"class_list":["post-8158","page","type-page","status-publish","hentry","service-area-genetika-plzen"],"yoast_head":"<!-- This site is optimized with the Yoast SEO plugin v20.2 - https:\/\/yoast.com\/wordpress\/plugins\/seo\/ -->\n<title>Genetika Plze\u0148 | Genetika Plze\u0148<\/title>\n<meta name=\"robots\" content=\"index, follow, max-snippet:-1, max-image-preview:large, max-video-preview:-1\" \/>\n<link rel=\"canonical\" href=\"https:\/\/genetika-plzen.nullable.group\/en\/genetika-plzen\/\" \/>\n<meta property=\"og:locale\" content=\"en_GB\" \/>\n<meta property=\"og:type\" content=\"article\" \/>\n<meta property=\"og:title\" content=\"Genetika Plze\u0148 | Genetika Plze\u0148\" \/>\n<meta property=\"og:description\" content=\"Spole\u010dnost\u00a0Genetika Plze\u0148 byla zalo\u017eena v\u00a0roce 2002\u00a0p\u0159edn\u00edm \u010desk\u00fdm genetikem Doc. Franti\u0161ek Lo\u0161anem. P\u016fvodn\u011b z\u00a0jedn\u00e9 ambulance s\u00a0laborato\u0159\u00ed vybudoval se\u00a0sv\u00fdm synem Petrem za\u00a0deset let\u00a0modern\u00ed pracovi\u0161t\u011b klinick\u00e9 genetiky, kter\u00e9 se specializuje mimo jin\u00e9 na ultrazvukovou detekci vrozen\u00fdch vad. D\u00edky p\u0159\u00edstroj\u016fm, kter\u00e9 pat\u0159\u00ed k nejlep\u0161\u00edm v zemi, se do Plzn\u011b sj\u00ed\u017ed\u00ed i\u00a0zahrani\u010dn\u00ed klientela. Spole\u010dnost Genetika Plze\u0148, s.r.o. se s\u00eddlem Parkov\u00e1 [&hellip;]\" \/>\n<meta property=\"og:url\" content=\"https:\/\/genetika-plzen.nullable.group\/en\/genetika-plzen\/\" \/>\n<meta property=\"og:site_name\" content=\"Genetika Plze\u0148\" \/>\n<meta property=\"article:modified_time\" content=\"2025-09-24T04:01:54+00:00\" \/>\n<meta property=\"og:image\" content=\"https:\/\/www.genetika-plzen.cz\/wp-content\/uploads\/2024\/02\/foto_kontakt.jpg\" \/>\n<meta name=\"twitter:card\" content=\"summary_large_image\" \/>\n<meta name=\"twitter:label1\" content=\"Estimated reading time\" \/>\n\t<meta name=\"twitter:data1\" content=\"2 minutes\" \/>\n<script type=\"application\/ld+json\" class=\"yoast-schema-graph\">{\"@context\":\"https:\/\/schema.org\",\"@graph\":[{\"@type\":\"WebPage\",\"@id\":\"https:\/\/genetika-plzen.nullable.group\/genetika-plzen\/\",\"url\":\"https:\/\/genetika-plzen.nullable.group\/genetika-plzen\/\",\"name\":\"Genetika Plze\u0148 | Genetika Plze\u0148\",\"isPartOf\":{\"@id\":\"https:\/\/genetika-plzen.nullable.group\/#website\"},\"datePublished\":\"2024-02-17T15:02:51+00:00\",\"dateModified\":\"2025-09-24T04:01:54+00:00\",\"breadcrumb\":{\"@id\":\"https:\/\/genetika-plzen.nullable.group\/genetika-plzen\/#breadcrumb\"},\"inLanguage\":\"en-GB\",\"potentialAction\":[{\"@type\":\"ReadAction\",\"target\":[\"https:\/\/genetika-plzen.nullable.group\/genetika-plzen\/\"]}]},{\"@type\":\"BreadcrumbList\",\"@id\":\"https:\/\/genetika-plzen.nullable.group\/genetika-plzen\/#breadcrumb\",\"itemListElement\":[{\"@type\":\"ListItem\",\"position\":1,\"name\":\"Home\",\"item\":\"https:\/\/genetika-plzen.nullable.group\/\"},{\"@type\":\"ListItem\",\"position\":2,\"name\":\"Genetika Plze\u0148\"}]},{\"@type\":\"WebSite\",\"@id\":\"https:\/\/genetika-plzen.nullable.group\/#website\",\"url\":\"https:\/\/genetika-plzen.nullable.group\/\",\"name\":\"Genetika Plze\u0148\",\"description\":\"Genetika Plze\u0148\",\"publisher\":{\"@id\":\"https:\/\/genetika-plzen.nullable.group\/#organization\"},\"potentialAction\":[{\"@type\":\"SearchAction\",\"target\":{\"@type\":\"EntryPoint\",\"urlTemplate\":\"https:\/\/genetika-plzen.nullable.group\/?s={search_term_string}\"},\"query-input\":\"required name=search_term_string\"}],\"inLanguage\":\"en-GB\"},{\"@type\":\"Organization\",\"@id\":\"https:\/\/genetika-plzen.nullable.group\/#organization\",\"name\":\"Genetika Plze\u0148\",\"url\":\"https:\/\/genetika-plzen.nullable.group\/\",\"logo\":{\"@type\":\"ImageObject\",\"inLanguage\":\"en-GB\",\"@id\":\"https:\/\/genetika-plzen.nullable.group\/#\/schema\/logo\/image\/\",\"url\":\"https:\/\/genetika-plzen.nullable.group\/wp-content\/uploads\/2022\/07\/logo2.svg\",\"contentUrl\":\"https:\/\/genetika-plzen.nullable.group\/wp-content\/uploads\/2022\/07\/logo2.svg\",\"width\":286,\"height\":95,\"caption\":\"Genetika Plze\u0148\"},\"image\":{\"@id\":\"https:\/\/genetika-plzen.nullable.group\/#\/schema\/logo\/image\/\"}}]}<\/script>\n<!-- \/ Yoast SEO plugin. -->","yoast_head_json":{"title":"Genetika Plze\u0148 | Genetika Plze\u0148","robots":{"index":"index","follow":"follow","max-snippet":"max-snippet:-1","max-image-preview":"max-image-preview:large","max-video-preview":"max-video-preview:-1"},"canonical":"https:\/\/genetika-plzen.nullable.group\/en\/genetika-plzen\/","og_locale":"en_GB","og_type":"article","og_title":"Genetika Plze\u0148 | Genetika Plze\u0148","og_description":"Spole\u010dnost\u00a0Genetika Plze\u0148 byla zalo\u017eena v\u00a0roce 2002\u00a0p\u0159edn\u00edm \u010desk\u00fdm genetikem Doc. Franti\u0161ek Lo\u0161anem. P\u016fvodn\u011b z\u00a0jedn\u00e9 ambulance s\u00a0laborato\u0159\u00ed vybudoval se\u00a0sv\u00fdm synem Petrem za\u00a0deset let\u00a0modern\u00ed pracovi\u0161t\u011b klinick\u00e9 genetiky, kter\u00e9 se specializuje mimo jin\u00e9 na ultrazvukovou detekci vrozen\u00fdch vad. D\u00edky p\u0159\u00edstroj\u016fm, kter\u00e9 pat\u0159\u00ed k nejlep\u0161\u00edm v zemi, se do Plzn\u011b sj\u00ed\u017ed\u00ed i\u00a0zahrani\u010dn\u00ed klientela. Spole\u010dnost Genetika Plze\u0148, s.r.o. se s\u00eddlem Parkov\u00e1 [&hellip;]","og_url":"https:\/\/genetika-plzen.nullable.group\/en\/genetika-plzen\/","og_site_name":"Genetika Plze\u0148","article_modified_time":"2025-09-24T04:01:54+00:00","og_image":[{"url":"https:\/\/www.genetika-plzen.cz\/wp-content\/uploads\/2024\/02\/foto_kontakt.jpg"}],"twitter_card":"summary_large_image","twitter_misc":{"Estimated reading time":"2 minutes"},"schema":{"@context":"https:\/\/schema.org","@graph":[{"@type":"WebPage","@id":"https:\/\/genetika-plzen.nullable.group\/genetika-plzen\/","url":"https:\/\/genetika-plzen.nullable.group\/genetika-plzen\/","name":"Genetika Plze\u0148 | Genetika Plze\u0148","isPartOf":{"@id":"https:\/\/genetika-plzen.nullable.group\/#website"},"datePublished":"2024-02-17T15:02:51+00:00","dateModified":"2025-09-24T04:01:54+00:00","breadcrumb":{"@id":"https:\/\/genetika-plzen.nullable.group\/genetika-plzen\/#breadcrumb"},"inLanguage":"en-GB","potentialAction":[{"@type":"ReadAction","target":["https:\/\/genetika-plzen.nullable.group\/genetika-plzen\/"]}]},{"@type":"BreadcrumbList","@id":"https:\/\/genetika-plzen.nullable.group\/genetika-plzen\/#breadcrumb","itemListElement":[{"@type":"ListItem","position":1,"name":"Home","item":"https:\/\/genetika-plzen.nullable.group\/"},{"@type":"ListItem","position":2,"name":"Genetika Plze\u0148"}]},{"@type":"WebSite","@id":"https:\/\/genetika-plzen.nullable.group\/#website","url":"https:\/\/genetika-plzen.nullable.group\/","name":"Genetika Plze\u0148","description":"Genetika Plze\u0148","publisher":{"@id":"https:\/\/genetika-plzen.nullable.group\/#organization"},"potentialAction":[{"@type":"SearchAction","target":{"@type":"EntryPoint","urlTemplate":"https:\/\/genetika-plzen.nullable.group\/?s={search_term_string}"},"query-input":"required name=search_term_string"}],"inLanguage":"en-GB"},{"@type":"Organization","@id":"https:\/\/genetika-plzen.nullable.group\/#organization","name":"Genetika Plze\u0148","url":"https:\/\/genetika-plzen.nullable.group\/","logo":{"@type":"ImageObject","inLanguage":"en-GB","@id":"https:\/\/genetika-plzen.nullable.group\/#\/schema\/logo\/image\/","url":"https:\/\/genetika-plzen.nullable.group\/wp-content\/uploads\/2022\/07\/logo2.svg","contentUrl":"https:\/\/genetika-plzen.nullable.group\/wp-content\/uploads\/2022\/07\/logo2.svg","width":286,"height":95,"caption":"Genetika Plze\u0148"},"image":{"@id":"https:\/\/genetika-plzen.nullable.group\/#\/schema\/logo\/image\/"}}]}},"_links":{"self":[{"href":"https:\/\/genetika-plzen.nullable.group\/en\/wp-json\/wp\/v2\/pages\/8158","targetHints":{"allow":["GET"]}}],"collection":[{"href":"https:\/\/genetika-plzen.nullable.group\/en\/wp-json\/wp\/v2\/pages"}],"about":[{"href":"https:\/\/genetika-plzen.nullable.group\/en\/wp-json\/wp\/v2\/types\/page"}],"author":[{"embeddable":true,"href":"https:\/\/genetika-plzen.nullable.group\/en\/wp-json\/wp\/v2\/users\/9"}],"replies":[{"embeddable":true,"href":"https:\/\/genetika-plzen.nullable.group\/en\/wp-json\/wp\/v2\/comments?post=8158"}],"version-history":[{"count":13,"href":"https:\/\/genetika-plzen.nullable.group\/en\/wp-json\/wp\/v2\/pages\/8158\/revisions"}],"predecessor-version":[{"id":9509,"href":"https:\/\/genetika-plzen.nullable.group\/en\/wp-json\/wp\/v2\/pages\/8158\/revisions\/9509"}],"wp:attachment":[{"href":"https:\/\/genetika-plzen.nullable.group\/en\/wp-json\/wp\/v2\/media?parent=8158"}],"wp:term":[{"taxonomy":"service-area","embeddable":true,"href":"https:\/\/genetika-plzen.nullable.group\/en\/wp-json\/wp\/v2\/service-area?post=8158"}],"curies":[{"name":"wp","href":"https:\/\/api.w.org\/{rel}","templated":true}]}}