{"id":8243,"date":"2024-02-22T23:49:40","date_gmt":"2024-02-22T22:49:40","guid":{"rendered":"https:\/\/genetika-plzen.nullable.group\/?page_id=8243"},"modified":"2024-05-27T12:27:48","modified_gmt":"2024-05-27T10:27:48","slug":"mgr-aneta-vlasakova","status":"publish","type":"page","link":"https:\/\/genetika-plzen.nullable.group\/en\/nas-tym\/mgr-aneta-vlasakova\/","title":{"rendered":"Mgr. Aneta Vlas\u00e1kov\u00e1"},"content":{"rendered":"<p>&nbsp;<\/p>\n<p>Aneta Vlas\u00e1kov\u00e1 pracuje na cytogenetice od roku 2015. Nejen jej\u00ed letit\u00e9 profesn\u00ed zku\u0161enosti, ale tak\u00e9 atestace v oboru v oboru Klinick\u00e1 genetika, kterou z\u00edskala v\u00a0roce 2021 a d\u00edky n\u00ed\u017e se stala \u201especialistou bioanalytikem pro klinickou genetiku\u201c, z\u00a0n\u00ed d\u011blaj\u00ed odbornic\u00ed, na jej\u00ed\u017e \u00fasudek i pr\u00e1ci je opravdu spolehnut\u00ed.<\/p>\n<p>Mail:\u00a0<a href=\"mailto:aneta.vlasakova@next-clinics.com\">aneta.vlasakova@next-clinics.com<\/a><\/p>\n<p>&nbsp;<\/p>\n<p><img decoding=\"async\" title=\"Vlasakova Aneta\" src=\"https:\/\/genetika-plzen.nullable.group\/wp-content\/uploads\/elementor\/thumbs\/Vlasakova-Aneta-qk7d0fbtqmq3lbon7yvnsasuy58r1ie1tqoidocj9k.jpeg\" alt=\"Vlasakova Aneta\" \/><\/p>","protected":false},"excerpt":{"rendered":"<p>&nbsp; Aneta Vlas\u00e1kov\u00e1 pracuje na cytogenetice od roku 2015. Nejen jej\u00ed letit\u00e9 profesn\u00ed zku\u0161enosti, ale tak\u00e9 atestace v oboru v oboru Klinick\u00e1 genetika, kterou z\u00edskala v\u00a0roce 2021 a d\u00edky n\u00ed\u017e se stala \u201especialistou bioanalytikem pro klinickou genetiku\u201c, z\u00a0n\u00ed d\u011blaj\u00ed odbornic\u00ed, na jej\u00ed\u017e \u00fasudek i pr\u00e1ci je opravdu spolehnut\u00ed. Mail:\u00a0aneta.vlasakova@next-clinics.com &nbsp;<\/p>","protected":false},"author":9,"featured_media":0,"parent":7225,"menu_order":0,"comment_status":"closed","ping_status":"closed","template":"","meta":{"footnotes":""},"service-area":[29],"class_list":["post-8243","page","type-page","status-publish","hentry","service-area-nas-tym"],"yoast_head":"<!-- This site is optimized with the Yoast SEO plugin v20.2 - https:\/\/yoast.com\/wordpress\/plugins\/seo\/ -->\n<title>Mgr. Aneta Vlas\u00e1kov\u00e1 | Genetika Plze\u0148<\/title>\n<meta name=\"robots\" content=\"index, follow, max-snippet:-1, max-image-preview:large, max-video-preview:-1\" \/>\n<link rel=\"canonical\" href=\"https:\/\/genetika-plzen.nullable.group\/en\/nas-tym\/mgr-aneta-vlasakova\/\" \/>\n<meta property=\"og:locale\" content=\"en_GB\" \/>\n<meta property=\"og:type\" content=\"article\" \/>\n<meta property=\"og:title\" content=\"Mgr. Aneta Vlas\u00e1kov\u00e1 | Genetika Plze\u0148\" \/>\n<meta property=\"og:description\" content=\"&nbsp; Aneta Vlas\u00e1kov\u00e1 pracuje na cytogenetice od roku 2015. Nejen jej\u00ed letit\u00e9 profesn\u00ed zku\u0161enosti, ale tak\u00e9 atestace v oboru v oboru Klinick\u00e1 genetika, kterou z\u00edskala v\u00a0roce 2021 a d\u00edky n\u00ed\u017e se stala \u201especialistou bioanalytikem pro klinickou genetiku\u201c, z\u00a0n\u00ed d\u011blaj\u00ed odbornic\u00ed, na jej\u00ed\u017e \u00fasudek i pr\u00e1ci je opravdu spolehnut\u00ed. Mail:\u00a0aneta.vlasakova@next-clinics.com &nbsp;\" \/>\n<meta property=\"og:url\" content=\"https:\/\/genetika-plzen.nullable.group\/en\/nas-tym\/mgr-aneta-vlasakova\/\" \/>\n<meta property=\"og:site_name\" content=\"Genetika Plze\u0148\" \/>\n<meta property=\"article:modified_time\" content=\"2024-05-27T10:27:48+00:00\" \/>\n<meta property=\"og:image\" content=\"https:\/\/genetika-plzen.nullable.group\/wp-content\/uploads\/elementor\/thumbs\/Vlasakova-Aneta-qk7d0fbtqmq3lbon7yvnsasuy58r1ie1tqoidocj9k.jpeg\" \/>\n<meta name=\"twitter:card\" content=\"summary_large_image\" \/>\n<meta name=\"twitter:label1\" content=\"Estimated reading time\" \/>\n\t<meta name=\"twitter:data1\" content=\"1 minute\" \/>\n<script type=\"application\/ld+json\" class=\"yoast-schema-graph\">{\"@context\":\"https:\/\/schema.org\",\"@graph\":[{\"@type\":\"WebPage\",\"@id\":\"https:\/\/genetika-plzen.nullable.group\/nas-tym\/mgr-aneta-vlasakova\/\",\"url\":\"https:\/\/genetika-plzen.nullable.group\/nas-tym\/mgr-aneta-vlasakova\/\",\"name\":\"Mgr. Aneta Vlas\u00e1kov\u00e1 | Genetika Plze\u0148\",\"isPartOf\":{\"@id\":\"https:\/\/genetika-plzen.nullable.group\/#website\"},\"datePublished\":\"2024-02-22T22:49:40+00:00\",\"dateModified\":\"2024-05-27T10:27:48+00:00\",\"breadcrumb\":{\"@id\":\"https:\/\/genetika-plzen.nullable.group\/nas-tym\/mgr-aneta-vlasakova\/#breadcrumb\"},\"inLanguage\":\"en-GB\",\"potentialAction\":[{\"@type\":\"ReadAction\",\"target\":[\"https:\/\/genetika-plzen.nullable.group\/nas-tym\/mgr-aneta-vlasakova\/\"]}]},{\"@type\":\"BreadcrumbList\",\"@id\":\"https:\/\/genetika-plzen.nullable.group\/nas-tym\/mgr-aneta-vlasakova\/#breadcrumb\",\"itemListElement\":[{\"@type\":\"ListItem\",\"position\":1,\"name\":\"Home\",\"item\":\"https:\/\/genetika-plzen.nullable.group\/\"},{\"@type\":\"ListItem\",\"position\":2,\"name\":\"N\u00e1\u0161 t\u00fdm\",\"item\":\"https:\/\/genetika-plzen.nullable.group\/de\/nas-tym\/\"},{\"@type\":\"ListItem\",\"position\":3,\"name\":\"Mgr. Aneta Vlas\u00e1kov\u00e1\"}]},{\"@type\":\"WebSite\",\"@id\":\"https:\/\/genetika-plzen.nullable.group\/#website\",\"url\":\"https:\/\/genetika-plzen.nullable.group\/\",\"name\":\"Genetika Plze\u0148\",\"description\":\"Genetika Plze\u0148\",\"publisher\":{\"@id\":\"https:\/\/genetika-plzen.nullable.group\/#organization\"},\"potentialAction\":[{\"@type\":\"SearchAction\",\"target\":{\"@type\":\"EntryPoint\",\"urlTemplate\":\"https:\/\/genetika-plzen.nullable.group\/?s={search_term_string}\"},\"query-input\":\"required name=search_term_string\"}],\"inLanguage\":\"en-GB\"},{\"@type\":\"Organization\",\"@id\":\"https:\/\/genetika-plzen.nullable.group\/#organization\",\"name\":\"Genetika Plze\u0148\",\"url\":\"https:\/\/genetika-plzen.nullable.group\/\",\"logo\":{\"@type\":\"ImageObject\",\"inLanguage\":\"en-GB\",\"@id\":\"https:\/\/genetika-plzen.nullable.group\/#\/schema\/logo\/image\/\",\"url\":\"https:\/\/genetika-plzen.nullable.group\/wp-content\/uploads\/2022\/07\/logo2.svg\",\"contentUrl\":\"https:\/\/genetika-plzen.nullable.group\/wp-content\/uploads\/2022\/07\/logo2.svg\",\"width\":286,\"height\":95,\"caption\":\"Genetika Plze\u0148\"},\"image\":{\"@id\":\"https:\/\/genetika-plzen.nullable.group\/#\/schema\/logo\/image\/\"}}]}<\/script>\n<!-- \/ Yoast SEO plugin. -->","yoast_head_json":{"title":"Mgr. Aneta Vlas\u00e1kov\u00e1 | Genetika Plze\u0148","robots":{"index":"index","follow":"follow","max-snippet":"max-snippet:-1","max-image-preview":"max-image-preview:large","max-video-preview":"max-video-preview:-1"},"canonical":"https:\/\/genetika-plzen.nullable.group\/en\/nas-tym\/mgr-aneta-vlasakova\/","og_locale":"en_GB","og_type":"article","og_title":"Mgr. Aneta Vlas\u00e1kov\u00e1 | Genetika Plze\u0148","og_description":"&nbsp; Aneta Vlas\u00e1kov\u00e1 pracuje na cytogenetice od roku 2015. Nejen jej\u00ed letit\u00e9 profesn\u00ed zku\u0161enosti, ale tak\u00e9 atestace v oboru v oboru Klinick\u00e1 genetika, kterou z\u00edskala v\u00a0roce 2021 a d\u00edky n\u00ed\u017e se stala \u201especialistou bioanalytikem pro klinickou genetiku\u201c, z\u00a0n\u00ed d\u011blaj\u00ed odbornic\u00ed, na jej\u00ed\u017e \u00fasudek i pr\u00e1ci je opravdu spolehnut\u00ed. Mail:\u00a0aneta.vlasakova@next-clinics.com &nbsp;","og_url":"https:\/\/genetika-plzen.nullable.group\/en\/nas-tym\/mgr-aneta-vlasakova\/","og_site_name":"Genetika Plze\u0148","article_modified_time":"2024-05-27T10:27:48+00:00","og_image":[{"url":"https:\/\/genetika-plzen.nullable.group\/wp-content\/uploads\/elementor\/thumbs\/Vlasakova-Aneta-qk7d0fbtqmq3lbon7yvnsasuy58r1ie1tqoidocj9k.jpeg"}],"twitter_card":"summary_large_image","twitter_misc":{"Estimated reading time":"1 minute"},"schema":{"@context":"https:\/\/schema.org","@graph":[{"@type":"WebPage","@id":"https:\/\/genetika-plzen.nullable.group\/nas-tym\/mgr-aneta-vlasakova\/","url":"https:\/\/genetika-plzen.nullable.group\/nas-tym\/mgr-aneta-vlasakova\/","name":"Mgr. Aneta Vlas\u00e1kov\u00e1 | Genetika Plze\u0148","isPartOf":{"@id":"https:\/\/genetika-plzen.nullable.group\/#website"},"datePublished":"2024-02-22T22:49:40+00:00","dateModified":"2024-05-27T10:27:48+00:00","breadcrumb":{"@id":"https:\/\/genetika-plzen.nullable.group\/nas-tym\/mgr-aneta-vlasakova\/#breadcrumb"},"inLanguage":"en-GB","potentialAction":[{"@type":"ReadAction","target":["https:\/\/genetika-plzen.nullable.group\/nas-tym\/mgr-aneta-vlasakova\/"]}]},{"@type":"BreadcrumbList","@id":"https:\/\/genetika-plzen.nullable.group\/nas-tym\/mgr-aneta-vlasakova\/#breadcrumb","itemListElement":[{"@type":"ListItem","position":1,"name":"Home","item":"https:\/\/genetika-plzen.nullable.group\/"},{"@type":"ListItem","position":2,"name":"N\u00e1\u0161 t\u00fdm","item":"https:\/\/genetika-plzen.nullable.group\/de\/nas-tym\/"},{"@type":"ListItem","position":3,"name":"Mgr. Aneta Vlas\u00e1kov\u00e1"}]},{"@type":"WebSite","@id":"https:\/\/genetika-plzen.nullable.group\/#website","url":"https:\/\/genetika-plzen.nullable.group\/","name":"Genetika Plze\u0148","description":"Genetika Plze\u0148","publisher":{"@id":"https:\/\/genetika-plzen.nullable.group\/#organization"},"potentialAction":[{"@type":"SearchAction","target":{"@type":"EntryPoint","urlTemplate":"https:\/\/genetika-plzen.nullable.group\/?s={search_term_string}"},"query-input":"required name=search_term_string"}],"inLanguage":"en-GB"},{"@type":"Organization","@id":"https:\/\/genetika-plzen.nullable.group\/#organization","name":"Genetika Plze\u0148","url":"https:\/\/genetika-plzen.nullable.group\/","logo":{"@type":"ImageObject","inLanguage":"en-GB","@id":"https:\/\/genetika-plzen.nullable.group\/#\/schema\/logo\/image\/","url":"https:\/\/genetika-plzen.nullable.group\/wp-content\/uploads\/2022\/07\/logo2.svg","contentUrl":"https:\/\/genetika-plzen.nullable.group\/wp-content\/uploads\/2022\/07\/logo2.svg","width":286,"height":95,"caption":"Genetika Plze\u0148"},"image":{"@id":"https:\/\/genetika-plzen.nullable.group\/#\/schema\/logo\/image\/"}}]}},"_links":{"self":[{"href":"https:\/\/genetika-plzen.nullable.group\/en\/wp-json\/wp\/v2\/pages\/8243","targetHints":{"allow":["GET"]}}],"collection":[{"href":"https:\/\/genetika-plzen.nullable.group\/en\/wp-json\/wp\/v2\/pages"}],"about":[{"href":"https:\/\/genetika-plzen.nullable.group\/en\/wp-json\/wp\/v2\/types\/page"}],"author":[{"embeddable":true,"href":"https:\/\/genetika-plzen.nullable.group\/en\/wp-json\/wp\/v2\/users\/9"}],"replies":[{"embeddable":true,"href":"https:\/\/genetika-plzen.nullable.group\/en\/wp-json\/wp\/v2\/comments?post=8243"}],"version-history":[{"count":13,"href":"https:\/\/genetika-plzen.nullable.group\/en\/wp-json\/wp\/v2\/pages\/8243\/revisions"}],"predecessor-version":[{"id":8718,"href":"https:\/\/genetika-plzen.nullable.group\/en\/wp-json\/wp\/v2\/pages\/8243\/revisions\/8718"}],"up":[{"embeddable":true,"href":"https:\/\/genetika-plzen.nullable.group\/en\/wp-json\/wp\/v2\/pages\/7225"}],"wp:attachment":[{"href":"https:\/\/genetika-plzen.nullable.group\/en\/wp-json\/wp\/v2\/media?parent=8243"}],"wp:term":[{"taxonomy":"service-area","embeddable":true,"href":"https:\/\/genetika-plzen.nullable.group\/en\/wp-json\/wp\/v2\/service-area?post=8243"}],"curies":[{"name":"wp","href":"https:\/\/api.w.org\/{rel}","templated":true}]}}