{"id":8666,"date":"2024-04-28T20:29:07","date_gmt":"2024-04-28T18:29:07","guid":{"rendered":"https:\/\/genetika-plzen.nullable.group\/?page_id=8666"},"modified":"2025-11-19T06:31:10","modified_gmt":"2025-11-19T05:31:10","slug":"seznam-cinnosti-v-ramci-flexibilniho-obsahu","status":"publish","type":"page","link":"https:\/\/genetika-plzen.nullable.group\/en\/seznam-cinnosti-v-ramci-flexibilniho-obsahu\/","title":{"rendered":"List of activities within the flexible scope of accreditation"},"content":{"rendered":"<div data-elementor-type=\"wp-page\" data-elementor-id=\"8666\" class=\"elementor elementor-8666\">\n\t\t\t\t<div class=\"elementor-element elementor-element-88afd25 e-flex e-con-boxed e-con e-parent\" data-id=\"88afd25\" data-element_type=\"container\" data-e-type=\"container\">\n\t\t\t\t\t<div class=\"e-con-inner\">\n\t\t\t\t<div class=\"elementor-element elementor-element-ee1fb4e elementor-widget elementor-widget-spacer\" data-id=\"ee1fb4e\" data-element_type=\"widget\" data-e-type=\"widget\" data-widget_type=\"spacer.default\">\n\t\t\t\t<div class=\"elementor-widget-container\">\n\t\t\t\t\t\t\t<div class=\"elementor-spacer\">\n\t\t\t<div class=\"elementor-spacer-inner\"><\/div>\n\t\t<\/div>\n\t\t\t\t\t\t<\/div>\n\t\t\t\t<\/div>\n\t\t\t\t\t<\/div>\n\t\t\t\t<\/div>\n\t\t<div class=\"elementor-element elementor-element-231efcc e-flex e-con-boxed e-con e-parent\" data-id=\"231efcc\" data-element_type=\"container\" data-e-type=\"container\">\n\t\t\t\t\t<div class=\"e-con-inner\">\n\t\t\t\t<div class=\"elementor-element elementor-element-f9b55a3 elementor-widget elementor-widget-text-editor\" data-id=\"f9b55a3\" data-element_type=\"widget\" data-e-type=\"widget\" data-widget_type=\"text-editor.default\">\n\t\t\t\t<div class=\"elementor-widget-container\">\n\t\t\t\t\t\t\t\t\t<h4><u>List of Activities within the Flexible Scope of Accreditation<\/u><\/h4><p>The genetic laboratory accredited by the Czech Institute for Accreditation, o.p.s., based on the assessment of compliance with accreditation criteria according to ISO 15189, applies a<strong> flexible scope of accreditation.<\/strong>.<\/p><p>V\u00a0p\u0159ilo\u017een\u00e9m souboru naleznete Seznam \u010dinnost\u00ed v\u00a0r\u00e1mci flexibiln\u00edho rozsahu akreditace.<\/p><p><a href=\"https:\/\/www.genetika-plzen.cz\/wp-content\/uploads\/2025\/11\/20251118_Seznam-cinnosti-v-ramci-FRA.pdf\">List of activities within the FSA<\/a><\/p><p><a href=\"https:\/\/www.genetika-plzen.cz\/wp-content\/uploads\/2025\/11\/20251118_List-of-activities-within-the-flexible-scope-of-accreditation.pdf\">List of activities within the flexible scope of accreditation<\/a><\/p>\t\t\t\t\t\t\t\t<\/div>\n\t\t\t\t<\/div>\n\t\t\t\t\t<\/div>\n\t\t\t\t<\/div>\n\t\t\t\t<\/div>","protected":false},"excerpt":{"rendered":"<p>Seznam \u010dinnost\u00ed v\u00a0r\u00e1mci flexibiln\u00edho rozsahu akreditace Genetick\u00e1 laborato\u0159 akreditov\u00e1na \u010cesk\u00fdm institutem pro akreditaci, o.p.s. na z\u00e1klad\u011b posouzen\u00ed spln\u011bn\u00ed akredita\u010dn\u00edch krit\u00e9ri\u00ed podle ISO 15189 uplat\u0148uje flexibiln\u00ed rozsah akreditace. V\u00a0p\u0159ilo\u017een\u00e9m souboru naleznete Seznam \u010dinnost\u00ed v\u00a0r\u00e1mci flexibiln\u00edho rozsahu akreditace. Seznam \u010dinnost\u00ed v\u00a0r\u00e1mci FRA List of activities within the flexible scope of accreditation<\/p>","protected":false},"author":9,"featured_media":0,"parent":0,"menu_order":0,"comment_status":"closed","ping_status":"closed","template":"","meta":{"footnotes":""},"service-area":[42],"class_list":["post-8666","page","type-page","status-publish","hentry","service-area-seznam-cinnosti-v-ramci-flexibilniho-obsahu"],"yoast_head":"<!-- This site is optimized with the Yoast SEO plugin v20.2 - https:\/\/yoast.com\/wordpress\/plugins\/seo\/ -->\n<title>Seznam \u010dinnost\u00ed v r\u00e1mci flexibiln\u00edho rozsahu | Genetika Plze\u0148<\/title>\n<meta name=\"robots\" content=\"index, follow, max-snippet:-1, max-image-preview:large, max-video-preview:-1\" \/>\n<link rel=\"canonical\" href=\"https:\/\/genetika-plzen.nullable.group\/en\/seznam-cinnosti-v-ramci-flexibilniho-obsahu\/\" \/>\n<meta property=\"og:locale\" content=\"en_GB\" \/>\n<meta property=\"og:type\" content=\"article\" \/>\n<meta property=\"og:title\" content=\"Seznam \u010dinnost\u00ed v r\u00e1mci flexibiln\u00edho rozsahu | Genetika Plze\u0148\" \/>\n<meta property=\"og:description\" content=\"Seznam \u010dinnost\u00ed v\u00a0r\u00e1mci flexibiln\u00edho rozsahu akreditace Genetick\u00e1 laborato\u0159 akreditov\u00e1na \u010cesk\u00fdm institutem pro akreditaci, o.p.s. na z\u00e1klad\u011b posouzen\u00ed spln\u011bn\u00ed akredita\u010dn\u00edch krit\u00e9ri\u00ed podle ISO 15189 uplat\u0148uje flexibiln\u00ed rozsah akreditace. V\u00a0p\u0159ilo\u017een\u00e9m souboru naleznete Seznam \u010dinnost\u00ed v\u00a0r\u00e1mci flexibiln\u00edho rozsahu akreditace. Seznam \u010dinnost\u00ed v\u00a0r\u00e1mci FRA List of activities within the flexible scope of accreditation\" \/>\n<meta property=\"og:url\" content=\"https:\/\/genetika-plzen.nullable.group\/en\/seznam-cinnosti-v-ramci-flexibilniho-obsahu\/\" \/>\n<meta property=\"og:site_name\" content=\"Genetika Plze\u0148\" \/>\n<meta property=\"article:modified_time\" content=\"2025-11-19T05:31:10+00:00\" \/>\n<meta name=\"twitter:card\" content=\"summary_large_image\" \/>\n<meta name=\"twitter:label1\" content=\"Estimated reading time\" \/>\n\t<meta name=\"twitter:data1\" content=\"1 minute\" \/>\n<script type=\"application\/ld+json\" class=\"yoast-schema-graph\">{\"@context\":\"https:\/\/schema.org\",\"@graph\":[{\"@type\":\"WebPage\",\"@id\":\"https:\/\/genetika-plzen.nullable.group\/seznam-cinnosti-v-ramci-flexibilniho-obsahu\/\",\"url\":\"https:\/\/genetika-plzen.nullable.group\/seznam-cinnosti-v-ramci-flexibilniho-obsahu\/\",\"name\":\"Seznam \u010dinnost\u00ed v r\u00e1mci flexibiln\u00edho rozsahu | Genetika Plze\u0148\",\"isPartOf\":{\"@id\":\"https:\/\/genetika-plzen.nullable.group\/#website\"},\"datePublished\":\"2024-04-28T18:29:07+00:00\",\"dateModified\":\"2025-11-19T05:31:10+00:00\",\"breadcrumb\":{\"@id\":\"https:\/\/genetika-plzen.nullable.group\/seznam-cinnosti-v-ramci-flexibilniho-obsahu\/#breadcrumb\"},\"inLanguage\":\"en-GB\",\"potentialAction\":[{\"@type\":\"ReadAction\",\"target\":[\"https:\/\/genetika-plzen.nullable.group\/seznam-cinnosti-v-ramci-flexibilniho-obsahu\/\"]}]},{\"@type\":\"BreadcrumbList\",\"@id\":\"https:\/\/genetika-plzen.nullable.group\/seznam-cinnosti-v-ramci-flexibilniho-obsahu\/#breadcrumb\",\"itemListElement\":[{\"@type\":\"ListItem\",\"position\":1,\"name\":\"Home\",\"item\":\"https:\/\/genetika-plzen.nullable.group\/\"},{\"@type\":\"ListItem\",\"position\":2,\"name\":\"Seznam \u010dinnost\u00ed v r\u00e1mci flexibiln\u00edho rozsahu\"}]},{\"@type\":\"WebSite\",\"@id\":\"https:\/\/genetika-plzen.nullable.group\/#website\",\"url\":\"https:\/\/genetika-plzen.nullable.group\/\",\"name\":\"Genetika Plze\u0148\",\"description\":\"Genetika Plze\u0148\",\"publisher\":{\"@id\":\"https:\/\/genetika-plzen.nullable.group\/#organization\"},\"potentialAction\":[{\"@type\":\"SearchAction\",\"target\":{\"@type\":\"EntryPoint\",\"urlTemplate\":\"https:\/\/genetika-plzen.nullable.group\/?s={search_term_string}\"},\"query-input\":\"required name=search_term_string\"}],\"inLanguage\":\"en-GB\"},{\"@type\":\"Organization\",\"@id\":\"https:\/\/genetika-plzen.nullable.group\/#organization\",\"name\":\"Genetika Plze\u0148\",\"url\":\"https:\/\/genetika-plzen.nullable.group\/\",\"logo\":{\"@type\":\"ImageObject\",\"inLanguage\":\"en-GB\",\"@id\":\"https:\/\/genetika-plzen.nullable.group\/#\/schema\/logo\/image\/\",\"url\":\"https:\/\/genetika-plzen.nullable.group\/wp-content\/uploads\/2022\/07\/logo2.svg\",\"contentUrl\":\"https:\/\/genetika-plzen.nullable.group\/wp-content\/uploads\/2022\/07\/logo2.svg\",\"width\":286,\"height\":95,\"caption\":\"Genetika Plze\u0148\"},\"image\":{\"@id\":\"https:\/\/genetika-plzen.nullable.group\/#\/schema\/logo\/image\/\"}}]}<\/script>\n<!-- \/ Yoast SEO plugin. -->","yoast_head_json":{"title":"Seznam \u010dinnost\u00ed v r\u00e1mci flexibiln\u00edho rozsahu | Genetika Plze\u0148","robots":{"index":"index","follow":"follow","max-snippet":"max-snippet:-1","max-image-preview":"max-image-preview:large","max-video-preview":"max-video-preview:-1"},"canonical":"https:\/\/genetika-plzen.nullable.group\/en\/seznam-cinnosti-v-ramci-flexibilniho-obsahu\/","og_locale":"en_GB","og_type":"article","og_title":"Seznam \u010dinnost\u00ed v r\u00e1mci flexibiln\u00edho rozsahu | Genetika Plze\u0148","og_description":"Seznam \u010dinnost\u00ed v\u00a0r\u00e1mci flexibiln\u00edho rozsahu akreditace Genetick\u00e1 laborato\u0159 akreditov\u00e1na \u010cesk\u00fdm institutem pro akreditaci, o.p.s. na z\u00e1klad\u011b posouzen\u00ed spln\u011bn\u00ed akredita\u010dn\u00edch krit\u00e9ri\u00ed podle ISO 15189 uplat\u0148uje flexibiln\u00ed rozsah akreditace. V\u00a0p\u0159ilo\u017een\u00e9m souboru naleznete Seznam \u010dinnost\u00ed v\u00a0r\u00e1mci flexibiln\u00edho rozsahu akreditace. Seznam \u010dinnost\u00ed v\u00a0r\u00e1mci FRA List of activities within the flexible scope of accreditation","og_url":"https:\/\/genetika-plzen.nullable.group\/en\/seznam-cinnosti-v-ramci-flexibilniho-obsahu\/","og_site_name":"Genetika Plze\u0148","article_modified_time":"2025-11-19T05:31:10+00:00","twitter_card":"summary_large_image","twitter_misc":{"Estimated reading time":"1 minute"},"schema":{"@context":"https:\/\/schema.org","@graph":[{"@type":"WebPage","@id":"https:\/\/genetika-plzen.nullable.group\/seznam-cinnosti-v-ramci-flexibilniho-obsahu\/","url":"https:\/\/genetika-plzen.nullable.group\/seznam-cinnosti-v-ramci-flexibilniho-obsahu\/","name":"Seznam \u010dinnost\u00ed v r\u00e1mci flexibiln\u00edho rozsahu | Genetika Plze\u0148","isPartOf":{"@id":"https:\/\/genetika-plzen.nullable.group\/#website"},"datePublished":"2024-04-28T18:29:07+00:00","dateModified":"2025-11-19T05:31:10+00:00","breadcrumb":{"@id":"https:\/\/genetika-plzen.nullable.group\/seznam-cinnosti-v-ramci-flexibilniho-obsahu\/#breadcrumb"},"inLanguage":"en-GB","potentialAction":[{"@type":"ReadAction","target":["https:\/\/genetika-plzen.nullable.group\/seznam-cinnosti-v-ramci-flexibilniho-obsahu\/"]}]},{"@type":"BreadcrumbList","@id":"https:\/\/genetika-plzen.nullable.group\/seznam-cinnosti-v-ramci-flexibilniho-obsahu\/#breadcrumb","itemListElement":[{"@type":"ListItem","position":1,"name":"Home","item":"https:\/\/genetika-plzen.nullable.group\/"},{"@type":"ListItem","position":2,"name":"Seznam \u010dinnost\u00ed v r\u00e1mci flexibiln\u00edho rozsahu"}]},{"@type":"WebSite","@id":"https:\/\/genetika-plzen.nullable.group\/#website","url":"https:\/\/genetika-plzen.nullable.group\/","name":"Genetika Plze\u0148","description":"Genetika Plze\u0148","publisher":{"@id":"https:\/\/genetika-plzen.nullable.group\/#organization"},"potentialAction":[{"@type":"SearchAction","target":{"@type":"EntryPoint","urlTemplate":"https:\/\/genetika-plzen.nullable.group\/?s={search_term_string}"},"query-input":"required name=search_term_string"}],"inLanguage":"en-GB"},{"@type":"Organization","@id":"https:\/\/genetika-plzen.nullable.group\/#organization","name":"Genetika Plze\u0148","url":"https:\/\/genetika-plzen.nullable.group\/","logo":{"@type":"ImageObject","inLanguage":"en-GB","@id":"https:\/\/genetika-plzen.nullable.group\/#\/schema\/logo\/image\/","url":"https:\/\/genetika-plzen.nullable.group\/wp-content\/uploads\/2022\/07\/logo2.svg","contentUrl":"https:\/\/genetika-plzen.nullable.group\/wp-content\/uploads\/2022\/07\/logo2.svg","width":286,"height":95,"caption":"Genetika Plze\u0148"},"image":{"@id":"https:\/\/genetika-plzen.nullable.group\/#\/schema\/logo\/image\/"}}]}},"_links":{"self":[{"href":"https:\/\/genetika-plzen.nullable.group\/en\/wp-json\/wp\/v2\/pages\/8666","targetHints":{"allow":["GET"]}}],"collection":[{"href":"https:\/\/genetika-plzen.nullable.group\/en\/wp-json\/wp\/v2\/pages"}],"about":[{"href":"https:\/\/genetika-plzen.nullable.group\/en\/wp-json\/wp\/v2\/types\/page"}],"author":[{"embeddable":true,"href":"https:\/\/genetika-plzen.nullable.group\/en\/wp-json\/wp\/v2\/users\/9"}],"replies":[{"embeddable":true,"href":"https:\/\/genetika-plzen.nullable.group\/en\/wp-json\/wp\/v2\/comments?post=8666"}],"version-history":[{"count":56,"href":"https:\/\/genetika-plzen.nullable.group\/en\/wp-json\/wp\/v2\/pages\/8666\/revisions"}],"predecessor-version":[{"id":9598,"href":"https:\/\/genetika-plzen.nullable.group\/en\/wp-json\/wp\/v2\/pages\/8666\/revisions\/9598"}],"wp:attachment":[{"href":"https:\/\/genetika-plzen.nullable.group\/en\/wp-json\/wp\/v2\/media?parent=8666"}],"wp:term":[{"taxonomy":"service-area","embeddable":true,"href":"https:\/\/genetika-plzen.nullable.group\/en\/wp-json\/wp\/v2\/service-area?post=8666"}],"curies":[{"name":"wp","href":"https:\/\/api.w.org\/{rel}","templated":true}]}}